{"id":13718,"date":"2024-03-03T19:52:03","date_gmt":"2024-03-03T19:52:03","guid":{"rendered":"https:\/\/shanabooks.de\/?post_type=product&#038;p=13718"},"modified":"2026-02-02T21:41:45","modified_gmt":"2026-02-02T21:41:45","slug":"se-rojen-me-nujin-qido","status":"publish","type":"product","link":"https:\/\/shanabooks.de\/de\/product\/se-rojen-me-nujin-qido\/","title":{"rendered":"S\u00ea roj\u00ean m\u00ea"},"content":{"rendered":"<p style=\"text-align: left\"><strong>S\u00ea Roj\u00ean M\u00ea &#8211; N\u00fbj\u00een Qido<\/strong><\/p>\n<p style=\"text-align: left\">&#8222;S\u00ea roj\u00ean m\u00ea&#8220; ji s\u00ea \u00e7\u00eerokan p\u00eak t\u00ea ku niv\u00eeskara wan N\u00fbj\u00een Qido \u00e7avd\u00ear \u00fb maxd\u00fbr\u00ee\u00a0 wan hers\u00ea rojan e. \u00c7avd\u00eariya di roj\u00ean dagirkirina Efr\u00een\u00ea de \u00ea\u015f \u00fb azara s\u00ea jinan e. Gava niv\u00eeskar ji n\u00fb de wan \u00ea\u015fan dij\u00ee; em j\u00ee p\u00ea re di\u00ea\u015fin \u00fb ji n\u00eaz de dagirker\u00ean cilre\u015f,r\u00fbdir\u00eaj,bi\u00e7ek,bixw\u00een dib\u00eenin. Bi van s\u00ea rojan re w\u00ea h\u00ears \u00fb k\u00eena we z\u00eade bibe. Xwezil,xwezil,xwezil&#8230;<\/p>\n<p style=\"text-align: left\">\u201cSedema bingeh\u00een a ku hi\u015ft ez berbivan \u00e7\u00eerokan ve bi\u00e7im jin e. Jina ku li welat dij\u00ee, jina ku di rew\u015f\u00ean \u015fer de t\u00eako\u015f\u00eena berdewamiy\u00ea dike, jina bindest. Bindest\u00ea civakeke bi pirsgir\u00eak\u00ean xwe, bi xelk\u00ea \u00fb dijmin \u00fb bi berxwedaniy\u00ea re mij\u00fbl e, da ku giha astek\u00ee ku jin ji s\u00eenor\u00ean hizirandin\u00ea bi d\u00fbr xist. Tev\u00ee ku weke li rojhilata nav\u00een t\u00ea naskirin ku jin n\u00eev\u00ea civak\u00ea ye, tev\u00ee ku di xizmeta civakek\u00ee tev de ye, l\u00ea mixabin ewa di jiyana rast\u00ee de ya her\u00ee qels e bi tevger, deng \u00fb hawar\u00ean xwe. Di \u201cS\u00ea roj\u00ean m\u00ea\u201d de, min weke li hurdek\u00ean jiyana jin\u00ea li wel\u00eat \u00fb di rew\u015f\u00ean her\u00ee dijwar de y\u00ean ku mirov t\u00eare derbas dibe, taqeke bi\u00e7\u00fbk vekir. Ew b\u00fbyeran di sala 2018\u2019ande \u00e7\u00eab\u00fbn, ango di roj\u00ean desp\u00eak\u00ea de dema ku Efr\u00een hat dagirkirin \u00fb leheng\u00ean \u00e7\u00eerokan hem\u00fb ji rastiy\u00ea ne, hem\u00fb ez bi xwe wan nas dikim \u00fb m\u00eena ku \u00e7\u00eerokek be \u00fb ez bi xwe di b\u00fbyer\u00ean wan re derbas b\u00fbm. Belk\u00ee ten\u00ea nav hatine guhartin, l\u00ea ew hem\u00fb tevl\u00ee me li ser erd\u00ea jiyan dikin, an jiyan dikirin. 10 Ew s\u00ea be\u015f in, b\u00fbyer\u00ean s\u00ea rojan e, s\u00ea ke\u00e7 in \u00fb her wiha rast\u00ee j\u00ee s\u00ea caran t\u00ea tekezkirin. Mabesta min ew b\u00fb, ku ez b\u00fbyer\u00ean wan tomar bikim, ku her xwendevanek nas bike jin b\u00eatir \u00e7awa h\u00ees dike \u00fb jiyana w\u00ea \u00e7awa tevl\u00ee civak\u00ea didome. Min xwest ew \u00e7\u00eerok\u00ean han bibin nim\u00fbne, da ku hin xal\u00ean pa\u015fket\u00ee werin \u00e7areserkirin \u00fb y\u00ean balk\u00ea\u015f bi k\u00eaman\u00ee werin naskirin.\u201d<\/p>\n","protected":false},"excerpt":{"rendered":"<p style=\"text-align: center\"><strong>Pirt\u00fbk: S\u00ea Roj\u00ean M\u00ea<br \/>\nNiv\u00eeskar: N\u00fbj\u00een Qido<br \/>\nCure: \u00c7\u00eerok<\/strong><\/p>\n","protected":false},"featured_media":6766,"template":"","meta":{"site-sidebar-layout":"default","site-content-layout":"","ast-site-content-layout":"default","site-content-style":"default","site-sidebar-style":"default","ast-global-header-display":"","ast-banner-title-visibility":"","ast-main-header-display":"","ast-hfb-above-header-display":"","ast-hfb-below-header-display":"","ast-hfb-mobile-header-display":"","site-post-title":"","ast-breadcrumbs-content":"","ast-featured-img":"","footer-sml-layout":"","ast-disable-related-posts":"","theme-transparent-header-meta":"default","adv-header-id-meta":"","stick-header-meta":"","header-above-stick-meta":"","header-main-stick-meta":"","header-below-stick-meta":"","astra-migrate-meta-layouts":"set","ast-page-background-enabled":"default","ast-page-background-meta":{"desktop":{"background-color":"","background-image":"","background-repeat":"repeat","background-position":"center center","background-size":"auto","background-attachment":"scroll","background-type":"","background-media":"","overlay-type":"","overlay-color":"","overlay-opacity":"","overlay-gradient":""},"tablet":{"background-color":"","background-image":"","background-repeat":"repeat","background-position":"center center","background-size":"auto","background-attachment":"scroll","background-type":"","background-media":"","overlay-type":"","overlay-color":"","overlay-opacity":"","overlay-gradient":""},"mobile":{"background-color":"","background-image":"","background-repeat":"repeat","background-position":"center center","background-size":"auto","background-attachment":"scroll","background-type":"","background-media":"","overlay-type":"","overlay-color":"","overlay-opacity":"","overlay-gradient":""}},"ast-content-background-meta":{"desktop":{"background-color":"var(--ast-global-color-5)","background-image":"","background-repeat":"repeat","background-position":"center center","background-size":"auto","background-attachment":"scroll","background-type":"","background-media":"","overlay-type":"","overlay-color":"","overlay-opacity":"","overlay-gradient":""},"tablet":{"background-color":"var(--ast-global-color-5)","background-image":"","background-repeat":"repeat","background-position":"center center","background-size":"auto","background-attachment":"scroll","background-type":"","background-media":"","overlay-type":"","overlay-color":"","overlay-opacity":"","overlay-gradient":""},"mobile":{"background-color":"var(--ast-global-color-5)","background-image":"","background-repeat":"repeat","background-position":"center center","background-size":"auto","background-attachment":"scroll","background-type":"","background-media":"","overlay-type":"","overlay-color":"","overlay-opacity":"","overlay-gradient":""}}},"product_brand":[],"product_cat":[183,193],"product_tag":[],"class_list":{"0":"post-13718","1":"product","2":"type-product","3":"status-publish","4":"has-post-thumbnail","6":"product_cat-_","7":"product_cat--_","8":"pa_-cirok","9":"pa_-nujin-qido","10":"pa_-kurmanci","11":"pa_--wesanen-na","12":"desktop-align-left","13":"tablet-align-left","14":"mobile-align-left","16":"first","17":"instock","18":"shipping-taxable","19":"purchasable","20":"product-type-simple"},"yoast_head":"<!-- This site is optimized with the Yoast SEO plugin v27.5 - https:\/\/yoast.com\/product\/yoast-seo-wordpress\/ -->\n<title>S\u00ea Roj\u00ean M\u00ea - N\u00fbj\u00een Qido - www.shanabooks.de<\/title>\n<meta name=\"description\" content=\"S\u00ea Roj\u00ean M\u00ea - N\u00fbj\u00een Qido &quot;S\u00ea roj\u00ean m\u00ea&quot; ji s\u00ea \u00e7\u00eerokan p\u00eak t\u00ea ku niv\u00eeskara wan N\u00fbj\u00een Qido \u00e7avd\u00ear \u00fb maxd\u00fbr\u00ee\u00a0 wan hers\u00ea rojan e. \u00c7avd\u00eariya di roj\u00ean dagirkirin...\" \/>\n<meta name=\"robots\" content=\"index, follow, max-snippet:-1, max-image-preview:large, max-video-preview:-1\" \/>\n<link rel=\"canonical\" href=\"https:\/\/shanabooks.de\/product\/se-rojen-me-nujin-qido\/\" \/>\n<meta property=\"og:locale\" content=\"de_DE\" \/>\n<meta property=\"og:type\" content=\"article\" \/>\n<meta property=\"og:title\" content=\"S\u00ea Roj\u00ean M\u00ea - N\u00fbj\u00een Qido - www.shanabooks.de\" \/>\n<meta property=\"og:description\" content=\"S\u00ea Roj\u00ean M\u00ea - N\u00fbj\u00een Qido &quot;S\u00ea roj\u00ean m\u00ea&quot; ji s\u00ea \u00e7\u00eerokan p\u00eak t\u00ea ku niv\u00eeskara wan N\u00fbj\u00een Qido \u00e7avd\u00ear \u00fb maxd\u00fbr\u00ee\u00a0 wan hers\u00ea rojan e. \u00c7avd\u00eariya di roj\u00ean dagirkirin...\" \/>\n<meta property=\"og:url\" content=\"https:\/\/shanabooks.de\/product\/se-rojen-me-nujin-qido\/\" \/>\n<meta property=\"og:site_name\" content=\"www.shanabooks.de\" \/>\n<meta property=\"article:modified_time\" content=\"2026-02-02T21:41:45+00:00\" \/>\n<meta property=\"og:image\" content=\"https:\/\/shanabooks.de\/wp-content\/uploads\/2024\/01\/se-rojen-me.webp\" \/>\n\t<meta property=\"og:image:width\" content=\"418\" \/>\n\t<meta property=\"og:image:height\" content=\"605\" \/>\n\t<meta property=\"og:image:type\" content=\"image\/webp\" \/>\n<meta name=\"twitter:card\" content=\"summary_large_image\" \/>\n<meta name=\"twitter:label1\" content=\"Gesch\u00e4tzte Lesezeit\" \/>\n\t<meta name=\"twitter:data1\" content=\"3\u00a0Minuten\" \/>\n<script type=\"application\/ld+json\" class=\"yoast-schema-graph\">{\"@context\":\"https:\\\/\\\/schema.org\",\"@graph\":[{\"@type\":\"WebPage\",\"@id\":\"https:\\\/\\\/shanabooks.de\\\/product\\\/se-rojen-me-nujin-qido\\\/\",\"url\":\"https:\\\/\\\/shanabooks.de\\\/product\\\/se-rojen-me-nujin-qido\\\/\",\"name\":\"S\u00ea Roj\u00ean M\u00ea - N\u00fbj\u00een Qido - www.shanabooks.de\",\"isPartOf\":{\"@id\":\"https:\\\/\\\/shanabooks.de\\\/#website\"},\"primaryImageOfPage\":{\"@id\":\"https:\\\/\\\/shanabooks.de\\\/product\\\/se-rojen-me-nujin-qido\\\/#primaryimage\"},\"image\":{\"@id\":\"https:\\\/\\\/shanabooks.de\\\/product\\\/se-rojen-me-nujin-qido\\\/#primaryimage\"},\"thumbnailUrl\":\"https:\\\/\\\/shanabooks.de\\\/wp-content\\\/uploads\\\/2024\\\/01\\\/se-rojen-me.webp\",\"datePublished\":\"2024-03-03T19:52:03+00:00\",\"dateModified\":\"2026-02-02T21:41:45+00:00\",\"description\":\"S\u00ea Roj\u00ean M\u00ea - N\u00fbj\u00een Qido \\\"S\u00ea roj\u00ean m\u00ea\\\" ji s\u00ea \u00e7\u00eerokan p\u00eak t\u00ea ku niv\u00eeskara wan N\u00fbj\u00een Qido \u00e7avd\u00ear \u00fb maxd\u00fbr\u00ee\u00a0 wan hers\u00ea rojan e. \u00c7avd\u00eariya di roj\u00ean dagirkirin...\",\"breadcrumb\":{\"@id\":\"https:\\\/\\\/shanabooks.de\\\/product\\\/se-rojen-me-nujin-qido\\\/#breadcrumb\"},\"inLanguage\":\"de\",\"potentialAction\":[{\"@type\":\"ReadAction\",\"target\":[\"https:\\\/\\\/shanabooks.de\\\/product\\\/se-rojen-me-nujin-qido\\\/\"]}]},{\"@type\":\"ImageObject\",\"inLanguage\":\"de\",\"@id\":\"https:\\\/\\\/shanabooks.de\\\/product\\\/se-rojen-me-nujin-qido\\\/#primaryimage\",\"url\":\"https:\\\/\\\/shanabooks.de\\\/wp-content\\\/uploads\\\/2024\\\/01\\\/se-rojen-me.webp\",\"contentUrl\":\"https:\\\/\\\/shanabooks.de\\\/wp-content\\\/uploads\\\/2024\\\/01\\\/se-rojen-me.webp\",\"width\":418,\"height\":605,\"caption\":\"S\u00ea Roj\u00ean M\u00ea - N\u00fbj\u00een Qido - pirt\u00fbk\u00ean Kurd\u00ee\"},{\"@type\":\"BreadcrumbList\",\"@id\":\"https:\\\/\\\/shanabooks.de\\\/product\\\/se-rojen-me-nujin-qido\\\/#breadcrumb\",\"itemListElement\":[{\"@type\":\"ListItem\",\"position\":1,\"name\":\"\u0627\u0644\u0631\u0626\u064a\u0633\u064a\u0629\",\"item\":\"https:\\\/\\\/shanabooks.de\\\/de\\\/\"},{\"@type\":\"ListItem\",\"position\":2,\"name\":\"\u0627\u0644\u0645\u0646\u062a\u062c\u0627\u062a\",\"item\":\"https:\\\/\\\/shanabooks.de\\\/shop\\\/\"},{\"@type\":\"ListItem\",\"position\":3,\"name\":\"S\u00ea roj\u00ean m\u00ea\"}]},{\"@type\":\"WebSite\",\"@id\":\"https:\\\/\\\/shanabooks.de\\\/#website\",\"url\":\"https:\\\/\\\/shanabooks.de\\\/\",\"name\":\"www.shanbooks.de\",\"description\":\"C\u00eehana Pirt\u00fbk\u00ean Kurd\u00ee \u0645\u0643\u062a\u0628\u0629 \u0634\u0627\u0646\u0627 \u0641\u064a \u0627\u0644\u0645\u0627\u0646\u064a\u0627 \u0648\u0623\u0648\u0631\u0628\u0627\",\"publisher\":{\"@id\":\"https:\\\/\\\/shanabooks.de\\\/#organization\"},\"potentialAction\":[{\"@type\":\"SearchAction\",\"target\":{\"@type\":\"EntryPoint\",\"urlTemplate\":\"https:\\\/\\\/shanabooks.de\\\/?s={search_term_string}\"},\"query-input\":{\"@type\":\"PropertyValueSpecification\",\"valueRequired\":true,\"valueName\":\"search_term_string\"}}],\"inLanguage\":\"de\"},{\"@type\":\"Organization\",\"@id\":\"https:\\\/\\\/shanabooks.de\\\/#organization\",\"name\":\"www.shanbooks.de\",\"url\":\"https:\\\/\\\/shanabooks.de\\\/\",\"logo\":{\"@type\":\"ImageObject\",\"inLanguage\":\"de\",\"@id\":\"https:\\\/\\\/shanabooks.de\\\/#\\\/schema\\\/logo\\\/image\\\/\",\"url\":\"https:\\\/\\\/shanabooks.de\\\/wp-content\\\/uploads\\\/2024\\\/03\\\/SHANABOOKS__2_-removebg-preview.png\",\"contentUrl\":\"https:\\\/\\\/shanabooks.de\\\/wp-content\\\/uploads\\\/2024\\\/03\\\/SHANABOOKS__2_-removebg-preview.png\",\"width\":700,\"height\":150,\"caption\":\"www.shanbooks.de\"},\"image\":{\"@id\":\"https:\\\/\\\/shanabooks.de\\\/#\\\/schema\\\/logo\\\/image\\\/\"}}]}<\/script>\n<!-- \/ Yoast SEO plugin. -->","yoast_head_json":{"title":"S\u00ea Roj\u00ean M\u00ea - N\u00fbj\u00een Qido - www.shanabooks.de","description":"S\u00ea Roj\u00ean M\u00ea - N\u00fbj\u00een Qido \"S\u00ea roj\u00ean m\u00ea\" ji s\u00ea \u00e7\u00eerokan p\u00eak t\u00ea ku niv\u00eeskara wan N\u00fbj\u00een Qido \u00e7avd\u00ear \u00fb maxd\u00fbr\u00ee\u00a0 wan hers\u00ea rojan e. \u00c7avd\u00eariya di roj\u00ean dagirkirin...","robots":{"index":"index","follow":"follow","max-snippet":"max-snippet:-1","max-image-preview":"max-image-preview:large","max-video-preview":"max-video-preview:-1"},"canonical":"https:\/\/shanabooks.de\/product\/se-rojen-me-nujin-qido\/","og_locale":"de_DE","og_type":"article","og_title":"S\u00ea Roj\u00ean M\u00ea - N\u00fbj\u00een Qido - www.shanabooks.de","og_description":"S\u00ea Roj\u00ean M\u00ea - N\u00fbj\u00een Qido \"S\u00ea roj\u00ean m\u00ea\" ji s\u00ea \u00e7\u00eerokan p\u00eak t\u00ea ku niv\u00eeskara wan N\u00fbj\u00een Qido \u00e7avd\u00ear \u00fb maxd\u00fbr\u00ee\u00a0 wan hers\u00ea rojan e. \u00c7avd\u00eariya di roj\u00ean dagirkirin...","og_url":"https:\/\/shanabooks.de\/product\/se-rojen-me-nujin-qido\/","og_site_name":"www.shanabooks.de","article_modified_time":"2026-02-02T21:41:45+00:00","og_image":[{"width":418,"height":605,"url":"https:\/\/shanabooks.de\/wp-content\/uploads\/2024\/01\/se-rojen-me.webp","type":"image\/webp"}],"twitter_card":"summary_large_image","twitter_misc":{"Gesch\u00e4tzte Lesezeit":"3\u00a0Minuten"},"schema":{"@context":"https:\/\/schema.org","@graph":[{"@type":"WebPage","@id":"https:\/\/shanabooks.de\/product\/se-rojen-me-nujin-qido\/","url":"https:\/\/shanabooks.de\/product\/se-rojen-me-nujin-qido\/","name":"S\u00ea Roj\u00ean M\u00ea - N\u00fbj\u00een Qido - www.shanabooks.de","isPartOf":{"@id":"https:\/\/shanabooks.de\/#website"},"primaryImageOfPage":{"@id":"https:\/\/shanabooks.de\/product\/se-rojen-me-nujin-qido\/#primaryimage"},"image":{"@id":"https:\/\/shanabooks.de\/product\/se-rojen-me-nujin-qido\/#primaryimage"},"thumbnailUrl":"https:\/\/shanabooks.de\/wp-content\/uploads\/2024\/01\/se-rojen-me.webp","datePublished":"2024-03-03T19:52:03+00:00","dateModified":"2026-02-02T21:41:45+00:00","description":"S\u00ea Roj\u00ean M\u00ea - N\u00fbj\u00een Qido \"S\u00ea roj\u00ean m\u00ea\" ji s\u00ea \u00e7\u00eerokan p\u00eak t\u00ea ku niv\u00eeskara wan N\u00fbj\u00een Qido \u00e7avd\u00ear \u00fb maxd\u00fbr\u00ee\u00a0 wan hers\u00ea rojan e. \u00c7avd\u00eariya di roj\u00ean dagirkirin...","breadcrumb":{"@id":"https:\/\/shanabooks.de\/product\/se-rojen-me-nujin-qido\/#breadcrumb"},"inLanguage":"de","potentialAction":[{"@type":"ReadAction","target":["https:\/\/shanabooks.de\/product\/se-rojen-me-nujin-qido\/"]}]},{"@type":"ImageObject","inLanguage":"de","@id":"https:\/\/shanabooks.de\/product\/se-rojen-me-nujin-qido\/#primaryimage","url":"https:\/\/shanabooks.de\/wp-content\/uploads\/2024\/01\/se-rojen-me.webp","contentUrl":"https:\/\/shanabooks.de\/wp-content\/uploads\/2024\/01\/se-rojen-me.webp","width":418,"height":605,"caption":"S\u00ea Roj\u00ean M\u00ea - N\u00fbj\u00een Qido - pirt\u00fbk\u00ean Kurd\u00ee"},{"@type":"BreadcrumbList","@id":"https:\/\/shanabooks.de\/product\/se-rojen-me-nujin-qido\/#breadcrumb","itemListElement":[{"@type":"ListItem","position":1,"name":"\u0627\u0644\u0631\u0626\u064a\u0633\u064a\u0629","item":"https:\/\/shanabooks.de\/de\/"},{"@type":"ListItem","position":2,"name":"\u0627\u0644\u0645\u0646\u062a\u062c\u0627\u062a","item":"https:\/\/shanabooks.de\/shop\/"},{"@type":"ListItem","position":3,"name":"S\u00ea roj\u00ean m\u00ea"}]},{"@type":"WebSite","@id":"https:\/\/shanabooks.de\/#website","url":"https:\/\/shanabooks.de\/","name":"www.shanbooks.de","description":"C\u00eehana Pirt\u00fbk\u00ean Kurd\u00ee \u0645\u0643\u062a\u0628\u0629 \u0634\u0627\u0646\u0627 \u0641\u064a \u0627\u0644\u0645\u0627\u0646\u064a\u0627 \u0648\u0623\u0648\u0631\u0628\u0627","publisher":{"@id":"https:\/\/shanabooks.de\/#organization"},"potentialAction":[{"@type":"SearchAction","target":{"@type":"EntryPoint","urlTemplate":"https:\/\/shanabooks.de\/?s={search_term_string}"},"query-input":{"@type":"PropertyValueSpecification","valueRequired":true,"valueName":"search_term_string"}}],"inLanguage":"de"},{"@type":"Organization","@id":"https:\/\/shanabooks.de\/#organization","name":"www.shanbooks.de","url":"https:\/\/shanabooks.de\/","logo":{"@type":"ImageObject","inLanguage":"de","@id":"https:\/\/shanabooks.de\/#\/schema\/logo\/image\/","url":"https:\/\/shanabooks.de\/wp-content\/uploads\/2024\/03\/SHANABOOKS__2_-removebg-preview.png","contentUrl":"https:\/\/shanabooks.de\/wp-content\/uploads\/2024\/03\/SHANABOOKS__2_-removebg-preview.png","width":700,"height":150,"caption":"www.shanbooks.de"},"image":{"@id":"https:\/\/shanabooks.de\/#\/schema\/logo\/image\/"}}]}},"jetpack_sharing_enabled":true,"_links":{"self":[{"href":"https:\/\/shanabooks.de\/de\/wp-json\/wp\/v2\/product\/13718","targetHints":{"allow":["GET"]}}],"collection":[{"href":"https:\/\/shanabooks.de\/de\/wp-json\/wp\/v2\/product"}],"about":[{"href":"https:\/\/shanabooks.de\/de\/wp-json\/wp\/v2\/types\/product"}],"version-history":[{"count":3,"href":"https:\/\/shanabooks.de\/de\/wp-json\/wp\/v2\/product\/13718\/revisions"}],"predecessor-version":[{"id":13904,"href":"https:\/\/shanabooks.de\/de\/wp-json\/wp\/v2\/product\/13718\/revisions\/13904"}],"wp:featuredmedia":[{"embeddable":true,"href":"https:\/\/shanabooks.de\/de\/wp-json\/wp\/v2\/media\/6766"}],"wp:attachment":[{"href":"https:\/\/shanabooks.de\/de\/wp-json\/wp\/v2\/media?parent=13718"}],"wp:term":[{"taxonomy":"product_brand","embeddable":true,"href":"https:\/\/shanabooks.de\/de\/wp-json\/wp\/v2\/product_brand?post=13718"},{"taxonomy":"product_cat","embeddable":true,"href":"https:\/\/shanabooks.de\/de\/wp-json\/wp\/v2\/product_cat?post=13718"},{"taxonomy":"product_tag","embeddable":true,"href":"https:\/\/shanabooks.de\/de\/wp-json\/wp\/v2\/product_tag?post=13718"}],"curies":[{"name":"wp","href":"https:\/\/api.w.org\/{rel}","templated":true}]}}