{"id":13723,"date":"2024-03-03T19:52:03","date_gmt":"2024-03-03T19:52:03","guid":{"rendered":"https:\/\/shanabooks.de\/?post_type=product&#038;p=13723"},"modified":"2026-01-02T21:03:55","modified_gmt":"2026-01-02T21:03:55","slug":"dimenen-derizi","status":"publish","type":"product","link":"https:\/\/shanabooks.de\/de\/product\/dimenen-derizi\/","title":{"rendered":"D\u00eemen\u00ean Deriz\u00ee"},"content":{"rendered":"<p style=\"text-align: left;\"><strong>D\u00eemen\u00ean Deriz\u00ee &#8211; \u00cerfan Am\u00eeda<\/strong><\/p>\n<p style=\"text-align: left;\">\u201cLi xwe digerim.<br \/>\nEZ di EM\u00ea de kit im.<br \/>\n\u00cad\u00ee gir\u00eey\u00ea min nay\u00ea li mir\u00eey\u00ean min.\u201d<\/p>\n<p style=\"text-align: left;\">Eger meriv bi s\u00ea h\u00eamayan hewil bide ku der\u00eeyek\u00ee di helbest\u00ean D\u00eemen\u00ean Deriz\u00ee de veke, b\u00eaguman div\u00ea meriv wek\u00ee st\u00eark\u00ean r\u00earon\u00ee xwe li van h\u00eamayan bigire: Bajar, Kolan \u00fb Ten\u00eat\u00ee. \u00cerfan Am\u00eeda di v\u00ea berhema xwe a yekem de n\u00ear\u00een \u00fb armanca xwe a der bar\u00ea helbest\u00ea de j\u00ee ji xwendevan\u00ean xwe re e\u015fkere dike. Guman n\u00een e ku h\u00eamaya bajarek\u00ee, kolanek\u00ea \u00fb ten\u00eat\u00eeyek\u00ea h\u00een j\u00ee di b\u00eerdanka v\u00ea civak\u00ea de zind\u00ee \u00fb deriz\u00ee ye. Helbest\u00ean di v\u00ea berhem\u00ea de, him xwendevanan dike \u015fahid\u00ea wan d\u00eemen\u00ean di b\u00eerdanka civak\u00ea de deriz\u00ee \u00fb him j\u00ee wan dike mexd\u00fbr\u00ea d\u00eemen\u00ean ku di b\u00eerdanka v\u00ea civak\u00ea de b\u00ea navber xw\u00een dibin.<br \/>\nWe\u015fanxaneya L\u00ees\u00ea, bi dilxwe\u015f\u00ee, berhem\u00ean \u00cerfan Am\u00eeda p\u00ea\u015fk\u00ea\u015f\u00ee xwendevanan dike.<\/p>\n<p style=\"text-align: left;\"><strong>D\u00eemen\u00ean Deriz\u00ee &#8211; \u00cerfan Am\u00eeda<\/strong><\/p>\n","protected":false},"excerpt":{"rendered":"<p style=\"text-align: center;\"><strong>P<\/strong><strong>irt\u00fbk: D\u00eemen\u00ean Deriz\u00ee\u00a0<\/strong><br \/>\n<strong>Niv\u00easkar: \u00cerfan Am\u00eeda<\/strong><br \/>\n<strong>Cure: Helbest<\/strong><\/p>\n","protected":false},"featured_media":6776,"template":"","meta":{"site-sidebar-layout":"default","site-content-layout":"","ast-site-content-layout":"default","site-content-style":"default","site-sidebar-style":"default","ast-global-header-display":"","ast-banner-title-visibility":"","ast-main-header-display":"","ast-hfb-above-header-display":"","ast-hfb-below-header-display":"","ast-hfb-mobile-header-display":"","site-post-title":"","ast-breadcrumbs-content":"","ast-featured-img":"","footer-sml-layout":"","ast-disable-related-posts":"","theme-transparent-header-meta":"default","adv-header-id-meta":"","stick-header-meta":"","header-above-stick-meta":"","header-main-stick-meta":"","header-below-stick-meta":"","astra-migrate-meta-layouts":"set","ast-page-background-enabled":"default","ast-page-background-meta":{"desktop":{"background-color":"","background-image":"","background-repeat":"repeat","background-position":"center center","background-size":"auto","background-attachment":"scroll","background-type":"","background-media":"","overlay-type":"","overlay-color":"","overlay-opacity":"","overlay-gradient":""},"tablet":{"background-color":"","background-image":"","background-repeat":"repeat","background-position":"center center","background-size":"auto","background-attachment":"scroll","background-type":"","background-media":"","overlay-type":"","overlay-color":"","overlay-opacity":"","overlay-gradient":""},"mobile":{"background-color":"","background-image":"","background-repeat":"repeat","background-position":"center center","background-size":"auto","background-attachment":"scroll","background-type":"","background-media":"","overlay-type":"","overlay-color":"","overlay-opacity":"","overlay-gradient":""}},"ast-content-background-meta":{"desktop":{"background-color":"var(--ast-global-color-5)","background-image":"","background-repeat":"repeat","background-position":"center center","background-size":"auto","background-attachment":"scroll","background-type":"","background-media":"","overlay-type":"","overlay-color":"","overlay-opacity":"","overlay-gradient":""},"tablet":{"background-color":"var(--ast-global-color-5)","background-image":"","background-repeat":"repeat","background-position":"center center","background-size":"auto","background-attachment":"scroll","background-type":"","background-media":"","overlay-type":"","overlay-color":"","overlay-opacity":"","overlay-gradient":""},"mobile":{"background-color":"var(--ast-global-color-5)","background-image":"","background-repeat":"repeat","background-position":"center center","background-size":"auto","background-attachment":"scroll","background-type":"","background-media":"","overlay-type":"","overlay-color":"","overlay-opacity":"","overlay-gradient":""}}},"product_brand":[],"product_cat":[184,193],"product_tag":[],"class_list":{"0":"post-13723","1":"product","2":"type-product","3":"status-publish","4":"has-post-thumbnail","6":"product_cat-_","7":"product_cat--_","8":"pa_-helbest","9":"pa_-irfan-amida","10":"pa_-kurmanci","11":"pa_--lis-yayinevi","12":"desktop-align-left","13":"tablet-align-left","14":"mobile-align-left","16":"first","17":"instock","18":"shipping-taxable","19":"purchasable","20":"product-type-simple"},"yoast_head":"<!-- This site is optimized with the Yoast SEO plugin v27.5 - https:\/\/yoast.com\/product\/yoast-seo-wordpress\/ -->\n<title>D\u00eemen\u00ean Deriz\u00ee - \u00cerfan Am\u00eeda - www.shanabooks.de<\/title>\n<meta name=\"description\" content=\"D\u00eemen\u00ean Deriz\u00ee - \u00cerfan Am\u00eeda \u201cLi xwe digerim.EZ di EM\u00ea de kit im.\u00cad\u00ee gir\u00eey\u00ea min nay\u00ea li mir\u00eey\u00ean min.\u201dEger meriv bi s\u00ea h\u00eamayan hewil bide ku der\u00eeyek\u00ee di he..\" \/>\n<meta name=\"robots\" content=\"index, follow, max-snippet:-1, max-image-preview:large, max-video-preview:-1\" \/>\n<link rel=\"canonical\" href=\"https:\/\/shanabooks.de\/product\/dimenen-derizi\/\" \/>\n<meta property=\"og:locale\" content=\"de_DE\" \/>\n<meta property=\"og:type\" content=\"article\" \/>\n<meta property=\"og:title\" content=\"D\u00eemen\u00ean Deriz\u00ee - \u00cerfan Am\u00eeda - www.shanabooks.de\" \/>\n<meta property=\"og:description\" content=\"D\u00eemen\u00ean Deriz\u00ee - \u00cerfan Am\u00eeda \u201cLi xwe digerim.EZ di EM\u00ea de kit im.\u00cad\u00ee gir\u00eey\u00ea min nay\u00ea li mir\u00eey\u00ean min.\u201dEger meriv bi s\u00ea h\u00eamayan hewil bide ku der\u00eeyek\u00ee di he..\" \/>\n<meta property=\"og:url\" content=\"https:\/\/shanabooks.de\/product\/dimenen-derizi\/\" \/>\n<meta property=\"og:site_name\" content=\"www.shanabooks.de\" \/>\n<meta property=\"article:modified_time\" content=\"2026-01-02T21:03:55+00:00\" \/>\n<meta property=\"og:image\" content=\"https:\/\/shanabooks.de\/wp-content\/uploads\/2024\/01\/Dimenen-derizi-Lis.jpg\" \/>\n\t<meta property=\"og:image:width\" content=\"314\" \/>\n\t<meta property=\"og:image:height\" content=\"479\" \/>\n\t<meta property=\"og:image:type\" content=\"image\/jpeg\" \/>\n<meta name=\"twitter:card\" content=\"summary_large_image\" \/>\n<meta name=\"twitter:label1\" content=\"Gesch\u00e4tzte Lesezeit\" \/>\n\t<meta name=\"twitter:data1\" content=\"2\u00a0Minuten\" \/>\n<script type=\"application\/ld+json\" class=\"yoast-schema-graph\">{\"@context\":\"https:\\\/\\\/schema.org\",\"@graph\":[{\"@type\":\"WebPage\",\"@id\":\"https:\\\/\\\/shanabooks.de\\\/product\\\/dimenen-derizi\\\/\",\"url\":\"https:\\\/\\\/shanabooks.de\\\/product\\\/dimenen-derizi\\\/\",\"name\":\"D\u00eemen\u00ean Deriz\u00ee - \u00cerfan Am\u00eeda - www.shanabooks.de\",\"isPartOf\":{\"@id\":\"https:\\\/\\\/shanabooks.de\\\/#website\"},\"primaryImageOfPage\":{\"@id\":\"https:\\\/\\\/shanabooks.de\\\/product\\\/dimenen-derizi\\\/#primaryimage\"},\"image\":{\"@id\":\"https:\\\/\\\/shanabooks.de\\\/product\\\/dimenen-derizi\\\/#primaryimage\"},\"thumbnailUrl\":\"https:\\\/\\\/shanabooks.de\\\/wp-content\\\/uploads\\\/2024\\\/01\\\/Dimenen-derizi-Lis.jpg\",\"datePublished\":\"2024-03-03T19:52:03+00:00\",\"dateModified\":\"2026-01-02T21:03:55+00:00\",\"description\":\"D\u00eemen\u00ean Deriz\u00ee - \u00cerfan Am\u00eeda \u201cLi xwe digerim.EZ di EM\u00ea de kit im.\u00cad\u00ee gir\u00eey\u00ea min nay\u00ea li mir\u00eey\u00ean min.\u201dEger meriv bi s\u00ea h\u00eamayan hewil bide ku der\u00eeyek\u00ee di he..\",\"breadcrumb\":{\"@id\":\"https:\\\/\\\/shanabooks.de\\\/product\\\/dimenen-derizi\\\/#breadcrumb\"},\"inLanguage\":\"de\",\"potentialAction\":[{\"@type\":\"ReadAction\",\"target\":[\"https:\\\/\\\/shanabooks.de\\\/product\\\/dimenen-derizi\\\/\"]}]},{\"@type\":\"ImageObject\",\"inLanguage\":\"de\",\"@id\":\"https:\\\/\\\/shanabooks.de\\\/product\\\/dimenen-derizi\\\/#primaryimage\",\"url\":\"https:\\\/\\\/shanabooks.de\\\/wp-content\\\/uploads\\\/2024\\\/01\\\/Dimenen-derizi-Lis.jpg\",\"contentUrl\":\"https:\\\/\\\/shanabooks.de\\\/wp-content\\\/uploads\\\/2024\\\/01\\\/Dimenen-derizi-Lis.jpg\",\"width\":314,\"height\":479,\"caption\":\"D\u00eemen\u00ean Deriz\u00ee - \u00cerfan Am\u00eeda Pirt\u00fbk\u00ean kurd\u00ee - Helbest\"},{\"@type\":\"BreadcrumbList\",\"@id\":\"https:\\\/\\\/shanabooks.de\\\/product\\\/dimenen-derizi\\\/#breadcrumb\",\"itemListElement\":[{\"@type\":\"ListItem\",\"position\":1,\"name\":\"\u0627\u0644\u0631\u0626\u064a\u0633\u064a\u0629\",\"item\":\"https:\\\/\\\/shanabooks.de\\\/de\\\/\"},{\"@type\":\"ListItem\",\"position\":2,\"name\":\"\u0627\u0644\u0645\u0646\u062a\u062c\u0627\u062a\",\"item\":\"https:\\\/\\\/shanabooks.de\\\/shop\\\/\"},{\"@type\":\"ListItem\",\"position\":3,\"name\":\"D\u00eemen\u00ean Deriz\u00ee\"}]},{\"@type\":\"WebSite\",\"@id\":\"https:\\\/\\\/shanabooks.de\\\/#website\",\"url\":\"https:\\\/\\\/shanabooks.de\\\/\",\"name\":\"www.shanbooks.de\",\"description\":\"C\u00eehana Pirt\u00fbk\u00ean Kurd\u00ee \u0645\u0643\u062a\u0628\u0629 \u0634\u0627\u0646\u0627 \u0641\u064a \u0627\u0644\u0645\u0627\u0646\u064a\u0627 \u0648\u0623\u0648\u0631\u0628\u0627\",\"publisher\":{\"@id\":\"https:\\\/\\\/shanabooks.de\\\/#organization\"},\"potentialAction\":[{\"@type\":\"SearchAction\",\"target\":{\"@type\":\"EntryPoint\",\"urlTemplate\":\"https:\\\/\\\/shanabooks.de\\\/?s={search_term_string}\"},\"query-input\":{\"@type\":\"PropertyValueSpecification\",\"valueRequired\":true,\"valueName\":\"search_term_string\"}}],\"inLanguage\":\"de\"},{\"@type\":\"Organization\",\"@id\":\"https:\\\/\\\/shanabooks.de\\\/#organization\",\"name\":\"www.shanbooks.de\",\"url\":\"https:\\\/\\\/shanabooks.de\\\/\",\"logo\":{\"@type\":\"ImageObject\",\"inLanguage\":\"de\",\"@id\":\"https:\\\/\\\/shanabooks.de\\\/#\\\/schema\\\/logo\\\/image\\\/\",\"url\":\"https:\\\/\\\/shanabooks.de\\\/wp-content\\\/uploads\\\/2024\\\/03\\\/SHANABOOKS__2_-removebg-preview.png\",\"contentUrl\":\"https:\\\/\\\/shanabooks.de\\\/wp-content\\\/uploads\\\/2024\\\/03\\\/SHANABOOKS__2_-removebg-preview.png\",\"width\":700,\"height\":150,\"caption\":\"www.shanbooks.de\"},\"image\":{\"@id\":\"https:\\\/\\\/shanabooks.de\\\/#\\\/schema\\\/logo\\\/image\\\/\"}}]}<\/script>\n<!-- \/ Yoast SEO plugin. -->","yoast_head_json":{"title":"D\u00eemen\u00ean Deriz\u00ee - \u00cerfan Am\u00eeda - www.shanabooks.de","description":"D\u00eemen\u00ean Deriz\u00ee - \u00cerfan Am\u00eeda \u201cLi xwe digerim.EZ di EM\u00ea de kit im.\u00cad\u00ee gir\u00eey\u00ea min nay\u00ea li mir\u00eey\u00ean min.\u201dEger meriv bi s\u00ea h\u00eamayan hewil bide ku der\u00eeyek\u00ee di he..","robots":{"index":"index","follow":"follow","max-snippet":"max-snippet:-1","max-image-preview":"max-image-preview:large","max-video-preview":"max-video-preview:-1"},"canonical":"https:\/\/shanabooks.de\/product\/dimenen-derizi\/","og_locale":"de_DE","og_type":"article","og_title":"D\u00eemen\u00ean Deriz\u00ee - \u00cerfan Am\u00eeda - www.shanabooks.de","og_description":"D\u00eemen\u00ean Deriz\u00ee - \u00cerfan Am\u00eeda \u201cLi xwe digerim.EZ di EM\u00ea de kit im.\u00cad\u00ee gir\u00eey\u00ea min nay\u00ea li mir\u00eey\u00ean min.\u201dEger meriv bi s\u00ea h\u00eamayan hewil bide ku der\u00eeyek\u00ee di he..","og_url":"https:\/\/shanabooks.de\/product\/dimenen-derizi\/","og_site_name":"www.shanabooks.de","article_modified_time":"2026-01-02T21:03:55+00:00","og_image":[{"width":314,"height":479,"url":"https:\/\/shanabooks.de\/wp-content\/uploads\/2024\/01\/Dimenen-derizi-Lis.jpg","type":"image\/jpeg"}],"twitter_card":"summary_large_image","twitter_misc":{"Gesch\u00e4tzte Lesezeit":"2\u00a0Minuten"},"schema":{"@context":"https:\/\/schema.org","@graph":[{"@type":"WebPage","@id":"https:\/\/shanabooks.de\/product\/dimenen-derizi\/","url":"https:\/\/shanabooks.de\/product\/dimenen-derizi\/","name":"D\u00eemen\u00ean Deriz\u00ee - \u00cerfan Am\u00eeda - www.shanabooks.de","isPartOf":{"@id":"https:\/\/shanabooks.de\/#website"},"primaryImageOfPage":{"@id":"https:\/\/shanabooks.de\/product\/dimenen-derizi\/#primaryimage"},"image":{"@id":"https:\/\/shanabooks.de\/product\/dimenen-derizi\/#primaryimage"},"thumbnailUrl":"https:\/\/shanabooks.de\/wp-content\/uploads\/2024\/01\/Dimenen-derizi-Lis.jpg","datePublished":"2024-03-03T19:52:03+00:00","dateModified":"2026-01-02T21:03:55+00:00","description":"D\u00eemen\u00ean Deriz\u00ee - \u00cerfan Am\u00eeda \u201cLi xwe digerim.EZ di EM\u00ea de kit im.\u00cad\u00ee gir\u00eey\u00ea min nay\u00ea li mir\u00eey\u00ean min.\u201dEger meriv bi s\u00ea h\u00eamayan hewil bide ku der\u00eeyek\u00ee di he..","breadcrumb":{"@id":"https:\/\/shanabooks.de\/product\/dimenen-derizi\/#breadcrumb"},"inLanguage":"de","potentialAction":[{"@type":"ReadAction","target":["https:\/\/shanabooks.de\/product\/dimenen-derizi\/"]}]},{"@type":"ImageObject","inLanguage":"de","@id":"https:\/\/shanabooks.de\/product\/dimenen-derizi\/#primaryimage","url":"https:\/\/shanabooks.de\/wp-content\/uploads\/2024\/01\/Dimenen-derizi-Lis.jpg","contentUrl":"https:\/\/shanabooks.de\/wp-content\/uploads\/2024\/01\/Dimenen-derizi-Lis.jpg","width":314,"height":479,"caption":"D\u00eemen\u00ean Deriz\u00ee - \u00cerfan Am\u00eeda Pirt\u00fbk\u00ean kurd\u00ee - Helbest"},{"@type":"BreadcrumbList","@id":"https:\/\/shanabooks.de\/product\/dimenen-derizi\/#breadcrumb","itemListElement":[{"@type":"ListItem","position":1,"name":"\u0627\u0644\u0631\u0626\u064a\u0633\u064a\u0629","item":"https:\/\/shanabooks.de\/de\/"},{"@type":"ListItem","position":2,"name":"\u0627\u0644\u0645\u0646\u062a\u062c\u0627\u062a","item":"https:\/\/shanabooks.de\/shop\/"},{"@type":"ListItem","position":3,"name":"D\u00eemen\u00ean Deriz\u00ee"}]},{"@type":"WebSite","@id":"https:\/\/shanabooks.de\/#website","url":"https:\/\/shanabooks.de\/","name":"www.shanbooks.de","description":"C\u00eehana Pirt\u00fbk\u00ean Kurd\u00ee \u0645\u0643\u062a\u0628\u0629 \u0634\u0627\u0646\u0627 \u0641\u064a \u0627\u0644\u0645\u0627\u0646\u064a\u0627 \u0648\u0623\u0648\u0631\u0628\u0627","publisher":{"@id":"https:\/\/shanabooks.de\/#organization"},"potentialAction":[{"@type":"SearchAction","target":{"@type":"EntryPoint","urlTemplate":"https:\/\/shanabooks.de\/?s={search_term_string}"},"query-input":{"@type":"PropertyValueSpecification","valueRequired":true,"valueName":"search_term_string"}}],"inLanguage":"de"},{"@type":"Organization","@id":"https:\/\/shanabooks.de\/#organization","name":"www.shanbooks.de","url":"https:\/\/shanabooks.de\/","logo":{"@type":"ImageObject","inLanguage":"de","@id":"https:\/\/shanabooks.de\/#\/schema\/logo\/image\/","url":"https:\/\/shanabooks.de\/wp-content\/uploads\/2024\/03\/SHANABOOKS__2_-removebg-preview.png","contentUrl":"https:\/\/shanabooks.de\/wp-content\/uploads\/2024\/03\/SHANABOOKS__2_-removebg-preview.png","width":700,"height":150,"caption":"www.shanbooks.de"},"image":{"@id":"https:\/\/shanabooks.de\/#\/schema\/logo\/image\/"}}]}},"jetpack_sharing_enabled":true,"_links":{"self":[{"href":"https:\/\/shanabooks.de\/de\/wp-json\/wp\/v2\/product\/13723","targetHints":{"allow":["GET"]}}],"collection":[{"href":"https:\/\/shanabooks.de\/de\/wp-json\/wp\/v2\/product"}],"about":[{"href":"https:\/\/shanabooks.de\/de\/wp-json\/wp\/v2\/types\/product"}],"version-history":[{"count":3,"href":"https:\/\/shanabooks.de\/de\/wp-json\/wp\/v2\/product\/13723\/revisions"}],"predecessor-version":[{"id":21294,"href":"https:\/\/shanabooks.de\/de\/wp-json\/wp\/v2\/product\/13723\/revisions\/21294"}],"wp:featuredmedia":[{"embeddable":true,"href":"https:\/\/shanabooks.de\/de\/wp-json\/wp\/v2\/media\/6776"}],"wp:attachment":[{"href":"https:\/\/shanabooks.de\/de\/wp-json\/wp\/v2\/media?parent=13723"}],"wp:term":[{"taxonomy":"product_brand","embeddable":true,"href":"https:\/\/shanabooks.de\/de\/wp-json\/wp\/v2\/product_brand?post=13723"},{"taxonomy":"product_cat","embeddable":true,"href":"https:\/\/shanabooks.de\/de\/wp-json\/wp\/v2\/product_cat?post=13723"},{"taxonomy":"product_tag","embeddable":true,"href":"https:\/\/shanabooks.de\/de\/wp-json\/wp\/v2\/product_tag?post=13723"}],"curies":[{"name":"wp","href":"https:\/\/api.w.org\/{rel}","templated":true}]}}