{"id":13724,"date":"2024-03-03T19:52:03","date_gmt":"2024-03-03T19:52:03","guid":{"rendered":"https:\/\/shanabooks.de\/?post_type=product&#038;p=13724"},"modified":"2024-03-29T17:38:51","modified_gmt":"2024-03-29T17:38:51","slug":"sopa-nesusti","status":"publish","type":"product","link":"https:\/\/shanabooks.de\/de\/product\/sopa-nesusti\/","title":{"rendered":"\u015eopa Ne\u015f\u00fb\u015ft\u00ee"},"content":{"rendered":"<p style=\"text-align: left;\"><strong>\u015eopa Ne\u015f\u00fb\u015ft\u00ee &#8211; \u00cerfan Am\u00eeda<br \/>\n<\/strong><\/p>\n<p style=\"text-align: left;\">\u015eopa Ne\u015f\u00fb\u015ft\u00ee<br \/>\n\u201cLi ser bendan.<br \/>\nW\u00ea her kes bi bir\u00eena xwe bi\u00ea\u015fe.<br \/>\nW\u00ea z\u00eel nedin meyt\u00ean ku li kolanan ve\u015fart\u00ee.\u201d<\/p>\n<p>Her \u00e7end\u00ee di \u015eopa Ne\u015f\u00fb\u015ft\u00ee de, xwendevan bi h\u00eamay\u00ean bergehfireh t\u00ea berhem\u00eazkirin \u00fb bi van h\u00eamayan ku her yek d\u00eemeneke gir\u00eeng a helbestv\u00ean e, t\u00ea dorp\u00ea\u00e7kirin j\u00ee ji h\u00ealeke din de \u00cerfan Am\u00eeda bi dil\u00ear\u00ee ji xwendevan\u00ean xwe re bergeheke din a ku him naskir\u00ee ye \u00fb him j\u00ee xer\u00eeb e dide ber projektora demek\u00ea. Lewre Am\u00eeda, di awirt\u00eadana yekem de tev\u00ee ku bi r\u00eaya h\u00eamayan trajed\u00ee, \u00ea\u015f, \u015fikestin \u00fb t\u00eak\u00e7\u00fbna kesek\u00ee vedib\u00eaje dixuye j\u00ee, di esasa xwe de ew trajed\u00ee, \u00ea\u015f, \u015fikestin \u00fb t\u00eak\u00e7\u00fbna meriv\u00ean civak\u00ea p\u00ea\u015fber\u00ee xwendevanan dike.<\/p>\n","protected":false},"excerpt":{"rendered":"<p style=\"text-align: left;\"><em><strong>Pirt\u00fbk: \u015eopa Ne\u015f\u00fb\u015ft\u00ee<br \/>\nNiv\u00eeskar: \u00cerfan AM\u00eeda<br \/>\nCure: Helbest<\/strong><\/em><\/p>\n","protected":false},"featured_media":13754,"template":"","meta":{"site-sidebar-layout":"default","site-content-layout":"","ast-site-content-layout":"default","site-content-style":"default","site-sidebar-style":"default","ast-global-header-display":"","ast-banner-title-visibility":"","ast-main-header-display":"","ast-hfb-above-header-display":"","ast-hfb-below-header-display":"","ast-hfb-mobile-header-display":"","site-post-title":"","ast-breadcrumbs-content":"","ast-featured-img":"","footer-sml-layout":"","ast-disable-related-posts":"","theme-transparent-header-meta":"default","adv-header-id-meta":"","stick-header-meta":"","header-above-stick-meta":"","header-main-stick-meta":"","header-below-stick-meta":"","astra-migrate-meta-layouts":"set","ast-page-background-enabled":"default","ast-page-background-meta":{"desktop":{"background-color":"","background-image":"","background-repeat":"repeat","background-position":"center center","background-size":"auto","background-attachment":"scroll","background-type":"","background-media":"","overlay-type":"","overlay-color":"","overlay-opacity":"","overlay-gradient":""},"tablet":{"background-color":"","background-image":"","background-repeat":"repeat","background-position":"center center","background-size":"auto","background-attachment":"scroll","background-type":"","background-media":"","overlay-type":"","overlay-color":"","overlay-opacity":"","overlay-gradient":""},"mobile":{"background-color":"","background-image":"","background-repeat":"repeat","background-position":"center center","background-size":"auto","background-attachment":"scroll","background-type":"","background-media":"","overlay-type":"","overlay-color":"","overlay-opacity":"","overlay-gradient":""}},"ast-content-background-meta":{"desktop":{"background-color":"var(--ast-global-color-5)","background-image":"","background-repeat":"repeat","background-position":"center center","background-size":"auto","background-attachment":"scroll","background-type":"","background-media":"","overlay-type":"","overlay-color":"","overlay-opacity":"","overlay-gradient":""},"tablet":{"background-color":"var(--ast-global-color-5)","background-image":"","background-repeat":"repeat","background-position":"center center","background-size":"auto","background-attachment":"scroll","background-type":"","background-media":"","overlay-type":"","overlay-color":"","overlay-opacity":"","overlay-gradient":""},"mobile":{"background-color":"var(--ast-global-color-5)","background-image":"","background-repeat":"repeat","background-position":"center center","background-size":"auto","background-attachment":"scroll","background-type":"","background-media":"","overlay-type":"","overlay-color":"","overlay-opacity":"","overlay-gradient":""}}},"product_brand":[],"product_cat":[184,193],"product_tag":[],"class_list":{"0":"post-13724","1":"product","2":"type-product","3":"status-publish","4":"has-post-thumbnail","6":"product_cat-_","7":"product_cat--_","8":"pa_-helbest","9":"pa_-irfan-amida","10":"pa_-kurmanci","11":"pa_--lis-yayinevi","12":"desktop-align-left","13":"tablet-align-left","14":"mobile-align-left","16":"first","17":"instock","18":"shipping-taxable","19":"purchasable","20":"product-type-simple"},"yoast_head":"<!-- This site is optimized with the Yoast SEO plugin v27.5 - https:\/\/yoast.com\/product\/yoast-seo-wordpress\/ -->\n<title>\u015eopa Ne\u015f\u00fb\u015ft\u00ee - \u00cerfan Am\u00eeda - www.shanabooks.de<\/title>\n<meta name=\"description\" content=\"\u015eopa Ne\u015f\u00fb\u015ft\u00ee - \u00cerfan Am\u00eeda. \u015eopa Ne\u015f\u00fb\u015ft\u00ee\u201cLi ser bendan.W\u00ea her kes bi bir\u00eena xwe bi\u00ea\u015fe.W\u00ea z\u00eel nedin meyt\u00ean ku li kolanan ve\u015fart\u00ee.\u201dHer \u00e7end\u00ee di \u015eopa Ne\u015f\u00fb\u015ft\u00ee..\" \/>\n<meta name=\"robots\" content=\"index, follow, max-snippet:-1, max-image-preview:large, max-video-preview:-1\" \/>\n<link rel=\"canonical\" href=\"https:\/\/shanabooks.de\/en\/product\/sopa-nesusti\/\" \/>\n<meta property=\"og:locale\" content=\"de_DE\" \/>\n<meta property=\"og:type\" content=\"article\" \/>\n<meta property=\"og:title\" content=\"\u015eopa Ne\u015f\u00fb\u015ft\u00ee - \u00cerfan Am\u00eeda - www.shanabooks.de\" \/>\n<meta property=\"og:description\" content=\"\u015eopa Ne\u015f\u00fb\u015ft\u00ee - \u00cerfan Am\u00eeda. \u015eopa Ne\u015f\u00fb\u015ft\u00ee\u201cLi ser bendan.W\u00ea her kes bi bir\u00eena xwe bi\u00ea\u015fe.W\u00ea z\u00eel nedin meyt\u00ean ku li kolanan ve\u015fart\u00ee.\u201dHer \u00e7end\u00ee di \u015eopa Ne\u015f\u00fb\u015ft\u00ee..\" \/>\n<meta property=\"og:url\" content=\"https:\/\/shanabooks.de\/en\/product\/sopa-nesusti\/\" \/>\n<meta property=\"og:site_name\" content=\"www.shanabooks.de\" \/>\n<meta property=\"article:modified_time\" content=\"2024-03-29T17:38:51+00:00\" \/>\n<meta property=\"og:image\" content=\"https:\/\/shanabooks.de\/wp-content\/uploads\/2024\/03\/sopa-nespsti-Lis.jpg\" \/>\n\t<meta property=\"og:image:width\" content=\"312\" \/>\n\t<meta property=\"og:image:height\" content=\"476\" \/>\n\t<meta property=\"og:image:type\" content=\"image\/jpeg\" \/>\n<meta name=\"twitter:card\" content=\"summary_large_image\" \/>\n<meta name=\"twitter:label1\" content=\"Gesch\u00e4tzte Lesezeit\" \/>\n\t<meta name=\"twitter:data1\" content=\"2\u00a0Minuten\" \/>\n<script type=\"application\/ld+json\" class=\"yoast-schema-graph\">{\"@context\":\"https:\\\/\\\/schema.org\",\"@graph\":[{\"@type\":\"WebPage\",\"@id\":\"https:\\\/\\\/shanabooks.de\\\/en\\\/product\\\/sopa-nesusti\\\/\",\"url\":\"https:\\\/\\\/shanabooks.de\\\/en\\\/product\\\/sopa-nesusti\\\/\",\"name\":\"\u015eopa Ne\u015f\u00fb\u015ft\u00ee - \u00cerfan Am\u00eeda - www.shanabooks.de\",\"isPartOf\":{\"@id\":\"https:\\\/\\\/shanabooks.de\\\/#website\"},\"primaryImageOfPage\":{\"@id\":\"https:\\\/\\\/shanabooks.de\\\/en\\\/product\\\/sopa-nesusti\\\/#primaryimage\"},\"image\":{\"@id\":\"https:\\\/\\\/shanabooks.de\\\/en\\\/product\\\/sopa-nesusti\\\/#primaryimage\"},\"thumbnailUrl\":\"https:\\\/\\\/shanabooks.de\\\/wp-content\\\/uploads\\\/2024\\\/03\\\/sopa-nespsti-Lis.jpg\",\"datePublished\":\"2024-03-03T19:52:03+00:00\",\"dateModified\":\"2024-03-29T17:38:51+00:00\",\"description\":\"\u015eopa Ne\u015f\u00fb\u015ft\u00ee - \u00cerfan Am\u00eeda. \u015eopa Ne\u015f\u00fb\u015ft\u00ee\u201cLi ser bendan.W\u00ea her kes bi bir\u00eena xwe bi\u00ea\u015fe.W\u00ea z\u00eel nedin meyt\u00ean ku li kolanan ve\u015fart\u00ee.\u201dHer \u00e7end\u00ee di \u015eopa Ne\u015f\u00fb\u015ft\u00ee..\",\"breadcrumb\":{\"@id\":\"https:\\\/\\\/shanabooks.de\\\/en\\\/product\\\/sopa-nesusti\\\/#breadcrumb\"},\"inLanguage\":\"de\",\"potentialAction\":[{\"@type\":\"ReadAction\",\"target\":[\"https:\\\/\\\/shanabooks.de\\\/en\\\/product\\\/sopa-nesusti\\\/\"]}]},{\"@type\":\"ImageObject\",\"inLanguage\":\"de\",\"@id\":\"https:\\\/\\\/shanabooks.de\\\/en\\\/product\\\/sopa-nesusti\\\/#primaryimage\",\"url\":\"https:\\\/\\\/shanabooks.de\\\/wp-content\\\/uploads\\\/2024\\\/03\\\/sopa-nespsti-Lis.jpg\",\"contentUrl\":\"https:\\\/\\\/shanabooks.de\\\/wp-content\\\/uploads\\\/2024\\\/03\\\/sopa-nespsti-Lis.jpg\",\"width\":312,\"height\":476,\"caption\":\"\u015eopa Ne\u015f\u00fb\u015ft\u00ee - \u00cerfan Am\u00eeda Pirt\u00fbk\u00ean kurd\u00ee helbest\"},{\"@type\":\"BreadcrumbList\",\"@id\":\"https:\\\/\\\/shanabooks.de\\\/en\\\/product\\\/sopa-nesusti\\\/#breadcrumb\",\"itemListElement\":[{\"@type\":\"ListItem\",\"position\":1,\"name\":\"\u0627\u0644\u0631\u0626\u064a\u0633\u064a\u0629\",\"item\":\"https:\\\/\\\/shanabooks.de\\\/de\\\/\"},{\"@type\":\"ListItem\",\"position\":2,\"name\":\"\u0627\u0644\u0645\u0646\u062a\u062c\u0627\u062a\",\"item\":\"https:\\\/\\\/shanabooks.de\\\/shop\\\/\"},{\"@type\":\"ListItem\",\"position\":3,\"name\":\"\u015eopa Ne\u015f\u00fb\u015ft\u00ee\"}]},{\"@type\":\"WebSite\",\"@id\":\"https:\\\/\\\/shanabooks.de\\\/#website\",\"url\":\"https:\\\/\\\/shanabooks.de\\\/\",\"name\":\"www.shanbooks.de\",\"description\":\"C\u00eehana Pirt\u00fbk\u00ean Kurd\u00ee \u0645\u0643\u062a\u0628\u0629 \u0634\u0627\u0646\u0627 \u0641\u064a \u0627\u0644\u0645\u0627\u0646\u064a\u0627 \u0648\u0623\u0648\u0631\u0628\u0627\",\"publisher\":{\"@id\":\"https:\\\/\\\/shanabooks.de\\\/#organization\"},\"potentialAction\":[{\"@type\":\"SearchAction\",\"target\":{\"@type\":\"EntryPoint\",\"urlTemplate\":\"https:\\\/\\\/shanabooks.de\\\/?s={search_term_string}\"},\"query-input\":{\"@type\":\"PropertyValueSpecification\",\"valueRequired\":true,\"valueName\":\"search_term_string\"}}],\"inLanguage\":\"de\"},{\"@type\":\"Organization\",\"@id\":\"https:\\\/\\\/shanabooks.de\\\/#organization\",\"name\":\"www.shanbooks.de\",\"url\":\"https:\\\/\\\/shanabooks.de\\\/\",\"logo\":{\"@type\":\"ImageObject\",\"inLanguage\":\"de\",\"@id\":\"https:\\\/\\\/shanabooks.de\\\/#\\\/schema\\\/logo\\\/image\\\/\",\"url\":\"https:\\\/\\\/shanabooks.de\\\/wp-content\\\/uploads\\\/2024\\\/03\\\/SHANABOOKS__2_-removebg-preview.png\",\"contentUrl\":\"https:\\\/\\\/shanabooks.de\\\/wp-content\\\/uploads\\\/2024\\\/03\\\/SHANABOOKS__2_-removebg-preview.png\",\"width\":700,\"height\":150,\"caption\":\"www.shanbooks.de\"},\"image\":{\"@id\":\"https:\\\/\\\/shanabooks.de\\\/#\\\/schema\\\/logo\\\/image\\\/\"}}]}<\/script>\n<!-- \/ Yoast SEO plugin. -->","yoast_head_json":{"title":"\u015eopa Ne\u015f\u00fb\u015ft\u00ee - \u00cerfan Am\u00eeda - www.shanabooks.de","description":"\u015eopa Ne\u015f\u00fb\u015ft\u00ee - \u00cerfan Am\u00eeda. \u015eopa Ne\u015f\u00fb\u015ft\u00ee\u201cLi ser bendan.W\u00ea her kes bi bir\u00eena xwe bi\u00ea\u015fe.W\u00ea z\u00eel nedin meyt\u00ean ku li kolanan ve\u015fart\u00ee.\u201dHer \u00e7end\u00ee di \u015eopa Ne\u015f\u00fb\u015ft\u00ee..","robots":{"index":"index","follow":"follow","max-snippet":"max-snippet:-1","max-image-preview":"max-image-preview:large","max-video-preview":"max-video-preview:-1"},"canonical":"https:\/\/shanabooks.de\/en\/product\/sopa-nesusti\/","og_locale":"de_DE","og_type":"article","og_title":"\u015eopa Ne\u015f\u00fb\u015ft\u00ee - \u00cerfan Am\u00eeda - www.shanabooks.de","og_description":"\u015eopa Ne\u015f\u00fb\u015ft\u00ee - \u00cerfan Am\u00eeda. \u015eopa Ne\u015f\u00fb\u015ft\u00ee\u201cLi ser bendan.W\u00ea her kes bi bir\u00eena xwe bi\u00ea\u015fe.W\u00ea z\u00eel nedin meyt\u00ean ku li kolanan ve\u015fart\u00ee.\u201dHer \u00e7end\u00ee di \u015eopa Ne\u015f\u00fb\u015ft\u00ee..","og_url":"https:\/\/shanabooks.de\/en\/product\/sopa-nesusti\/","og_site_name":"www.shanabooks.de","article_modified_time":"2024-03-29T17:38:51+00:00","og_image":[{"width":312,"height":476,"url":"https:\/\/shanabooks.de\/wp-content\/uploads\/2024\/03\/sopa-nespsti-Lis.jpg","type":"image\/jpeg"}],"twitter_card":"summary_large_image","twitter_misc":{"Gesch\u00e4tzte Lesezeit":"2\u00a0Minuten"},"schema":{"@context":"https:\/\/schema.org","@graph":[{"@type":"WebPage","@id":"https:\/\/shanabooks.de\/en\/product\/sopa-nesusti\/","url":"https:\/\/shanabooks.de\/en\/product\/sopa-nesusti\/","name":"\u015eopa Ne\u015f\u00fb\u015ft\u00ee - \u00cerfan Am\u00eeda - www.shanabooks.de","isPartOf":{"@id":"https:\/\/shanabooks.de\/#website"},"primaryImageOfPage":{"@id":"https:\/\/shanabooks.de\/en\/product\/sopa-nesusti\/#primaryimage"},"image":{"@id":"https:\/\/shanabooks.de\/en\/product\/sopa-nesusti\/#primaryimage"},"thumbnailUrl":"https:\/\/shanabooks.de\/wp-content\/uploads\/2024\/03\/sopa-nespsti-Lis.jpg","datePublished":"2024-03-03T19:52:03+00:00","dateModified":"2024-03-29T17:38:51+00:00","description":"\u015eopa Ne\u015f\u00fb\u015ft\u00ee - \u00cerfan Am\u00eeda. \u015eopa Ne\u015f\u00fb\u015ft\u00ee\u201cLi ser bendan.W\u00ea her kes bi bir\u00eena xwe bi\u00ea\u015fe.W\u00ea z\u00eel nedin meyt\u00ean ku li kolanan ve\u015fart\u00ee.\u201dHer \u00e7end\u00ee di \u015eopa Ne\u015f\u00fb\u015ft\u00ee..","breadcrumb":{"@id":"https:\/\/shanabooks.de\/en\/product\/sopa-nesusti\/#breadcrumb"},"inLanguage":"de","potentialAction":[{"@type":"ReadAction","target":["https:\/\/shanabooks.de\/en\/product\/sopa-nesusti\/"]}]},{"@type":"ImageObject","inLanguage":"de","@id":"https:\/\/shanabooks.de\/en\/product\/sopa-nesusti\/#primaryimage","url":"https:\/\/shanabooks.de\/wp-content\/uploads\/2024\/03\/sopa-nespsti-Lis.jpg","contentUrl":"https:\/\/shanabooks.de\/wp-content\/uploads\/2024\/03\/sopa-nespsti-Lis.jpg","width":312,"height":476,"caption":"\u015eopa Ne\u015f\u00fb\u015ft\u00ee - \u00cerfan Am\u00eeda Pirt\u00fbk\u00ean kurd\u00ee helbest"},{"@type":"BreadcrumbList","@id":"https:\/\/shanabooks.de\/en\/product\/sopa-nesusti\/#breadcrumb","itemListElement":[{"@type":"ListItem","position":1,"name":"\u0627\u0644\u0631\u0626\u064a\u0633\u064a\u0629","item":"https:\/\/shanabooks.de\/de\/"},{"@type":"ListItem","position":2,"name":"\u0627\u0644\u0645\u0646\u062a\u062c\u0627\u062a","item":"https:\/\/shanabooks.de\/shop\/"},{"@type":"ListItem","position":3,"name":"\u015eopa Ne\u015f\u00fb\u015ft\u00ee"}]},{"@type":"WebSite","@id":"https:\/\/shanabooks.de\/#website","url":"https:\/\/shanabooks.de\/","name":"www.shanbooks.de","description":"C\u00eehana Pirt\u00fbk\u00ean Kurd\u00ee \u0645\u0643\u062a\u0628\u0629 \u0634\u0627\u0646\u0627 \u0641\u064a \u0627\u0644\u0645\u0627\u0646\u064a\u0627 \u0648\u0623\u0648\u0631\u0628\u0627","publisher":{"@id":"https:\/\/shanabooks.de\/#organization"},"potentialAction":[{"@type":"SearchAction","target":{"@type":"EntryPoint","urlTemplate":"https:\/\/shanabooks.de\/?s={search_term_string}"},"query-input":{"@type":"PropertyValueSpecification","valueRequired":true,"valueName":"search_term_string"}}],"inLanguage":"de"},{"@type":"Organization","@id":"https:\/\/shanabooks.de\/#organization","name":"www.shanbooks.de","url":"https:\/\/shanabooks.de\/","logo":{"@type":"ImageObject","inLanguage":"de","@id":"https:\/\/shanabooks.de\/#\/schema\/logo\/image\/","url":"https:\/\/shanabooks.de\/wp-content\/uploads\/2024\/03\/SHANABOOKS__2_-removebg-preview.png","contentUrl":"https:\/\/shanabooks.de\/wp-content\/uploads\/2024\/03\/SHANABOOKS__2_-removebg-preview.png","width":700,"height":150,"caption":"www.shanbooks.de"},"image":{"@id":"https:\/\/shanabooks.de\/#\/schema\/logo\/image\/"}}]}},"jetpack_sharing_enabled":true,"_links":{"self":[{"href":"https:\/\/shanabooks.de\/de\/wp-json\/wp\/v2\/product\/13724","targetHints":{"allow":["GET"]}}],"collection":[{"href":"https:\/\/shanabooks.de\/de\/wp-json\/wp\/v2\/product"}],"about":[{"href":"https:\/\/shanabooks.de\/de\/wp-json\/wp\/v2\/types\/product"}],"version-history":[{"count":2,"href":"https:\/\/shanabooks.de\/de\/wp-json\/wp\/v2\/product\/13724\/revisions"}],"predecessor-version":[{"id":21296,"href":"https:\/\/shanabooks.de\/de\/wp-json\/wp\/v2\/product\/13724\/revisions\/21296"}],"wp:featuredmedia":[{"embeddable":true,"href":"https:\/\/shanabooks.de\/de\/wp-json\/wp\/v2\/media\/13754"}],"wp:attachment":[{"href":"https:\/\/shanabooks.de\/de\/wp-json\/wp\/v2\/media?parent=13724"}],"wp:term":[{"taxonomy":"product_brand","embeddable":true,"href":"https:\/\/shanabooks.de\/de\/wp-json\/wp\/v2\/product_brand?post=13724"},{"taxonomy":"product_cat","embeddable":true,"href":"https:\/\/shanabooks.de\/de\/wp-json\/wp\/v2\/product_cat?post=13724"},{"taxonomy":"product_tag","embeddable":true,"href":"https:\/\/shanabooks.de\/de\/wp-json\/wp\/v2\/product_tag?post=13724"}],"curies":[{"name":"wp","href":"https:\/\/api.w.org\/{rel}","templated":true}]}}