{"id":13725,"date":"2024-03-03T19:52:03","date_gmt":"2024-03-03T19:52:03","guid":{"rendered":"https:\/\/shanabooks.de\/?post_type=product&#038;p=13725"},"modified":"2024-03-20T14:30:34","modified_gmt":"2024-03-20T14:30:34","slug":"nameyen-nabersivin-irfan-amida","status":"publish","type":"product","link":"https:\/\/shanabooks.de\/de\/product\/nameyen-nabersivin-irfan-amida\/","title":{"rendered":"Namey\u00ean Nabersivin"},"content":{"rendered":"<p style=\"text-align: left;\"><strong>Namey\u00ean Nabersivin &#8211; \u00cerfan Am\u00eeda<\/strong><\/p>\n<p style=\"text-align: left;\">Namey\u00ean Nabersivin<br \/>\n\u201cJi w\u00ea roj\u00ea de her di w\u00ea k\u00ee\u015fwer\u00ea de ye bajar.<br \/>\nXwe li k\u00eejan \u00e7\u00eeyay\u00ee biqelib\u00eenim hewar\u2026<br \/>\nXwe li k\u00eejan \u00e7\u00eeyay\u00ee biqelib\u00eenim hewar\u2026\u201d<\/p>\n<p style=\"text-align: left;\">Namey\u00ean Nabersivin, ji nav\u00ea ku helbestvan ji bo v\u00ea berhem\u00ea hilbijart\u00ee ye j\u00ee d\u00eeyar e, di serp\u00eahat\u00eeya helbestvan\u00eeya \u00cerfan Am\u00eeda de domdar\u00eeya h\u00eamay\u00ean hevpar \u00fb \u00e7ir\u00fbs\u00eena seqay\u00ean n\u00eaz\u00ee hev xwendevan ber bi c\u00eehaneke naskir\u00ee ve didehf\u00eene. Namehelbest\u00ean di v\u00ea berhem\u00ea de, ar\u00ee\u015fey\u00ean dervey\u00ee \u00fb hundir\u00een \u00ean c\u00eehana kesek\u00ee bi piral\u00ee \u00fb bi \u00e7avek\u00ee d\u00eetir \u00fb cudatir berp\u00eay\u00ee xwendevan t\u00ean kirin. Am\u00eeda, bi v\u00ea berhem\u00ea, t\u00ee\u015feke berbi\u00e7av \u00fb c\u00eeyawaz li curey\u00ea namehelbestan dixe \u00fb bi v\u00ea yek\u00ea g\u00eeyan\u00ea xwendevanan xurt dike.<\/p>\n","protected":false},"excerpt":{"rendered":"<p style=\"text-align: center;\"><strong>Pirt\u00fbk:<\/strong><strong> Namey\u00ean Nabersivin<br \/>\nNiv\u00eeskar: \u00cerfan Am\u00eeda<br \/>\nCure: Helbest<\/strong><\/p>\n","protected":false},"featured_media":6780,"template":"","meta":{"site-sidebar-layout":"default","site-content-layout":"","ast-site-content-layout":"default","site-content-style":"default","site-sidebar-style":"default","ast-global-header-display":"","ast-banner-title-visibility":"","ast-main-header-display":"","ast-hfb-above-header-display":"","ast-hfb-below-header-display":"","ast-hfb-mobile-header-display":"","site-post-title":"","ast-breadcrumbs-content":"","ast-featured-img":"","footer-sml-layout":"","ast-disable-related-posts":"","theme-transparent-header-meta":"default","adv-header-id-meta":"","stick-header-meta":"","header-above-stick-meta":"","header-main-stick-meta":"","header-below-stick-meta":"","astra-migrate-meta-layouts":"set","ast-page-background-enabled":"default","ast-page-background-meta":{"desktop":{"background-color":"","background-image":"","background-repeat":"repeat","background-position":"center center","background-size":"auto","background-attachment":"scroll","background-type":"","background-media":"","overlay-type":"","overlay-color":"","overlay-opacity":"","overlay-gradient":""},"tablet":{"background-color":"","background-image":"","background-repeat":"repeat","background-position":"center center","background-size":"auto","background-attachment":"scroll","background-type":"","background-media":"","overlay-type":"","overlay-color":"","overlay-opacity":"","overlay-gradient":""},"mobile":{"background-color":"","background-image":"","background-repeat":"repeat","background-position":"center center","background-size":"auto","background-attachment":"scroll","background-type":"","background-media":"","overlay-type":"","overlay-color":"","overlay-opacity":"","overlay-gradient":""}},"ast-content-background-meta":{"desktop":{"background-color":"var(--ast-global-color-5)","background-image":"","background-repeat":"repeat","background-position":"center center","background-size":"auto","background-attachment":"scroll","background-type":"","background-media":"","overlay-type":"","overlay-color":"","overlay-opacity":"","overlay-gradient":""},"tablet":{"background-color":"var(--ast-global-color-5)","background-image":"","background-repeat":"repeat","background-position":"center center","background-size":"auto","background-attachment":"scroll","background-type":"","background-media":"","overlay-type":"","overlay-color":"","overlay-opacity":"","overlay-gradient":""},"mobile":{"background-color":"var(--ast-global-color-5)","background-image":"","background-repeat":"repeat","background-position":"center center","background-size":"auto","background-attachment":"scroll","background-type":"","background-media":"","overlay-type":"","overlay-color":"","overlay-opacity":"","overlay-gradient":""}}},"product_brand":[],"product_cat":[184,193],"product_tag":[],"class_list":{"0":"post-13725","1":"product","2":"type-product","3":"status-publish","4":"has-post-thumbnail","6":"product_cat-_","7":"product_cat--_","8":"pa_-helbest","9":"pa_-irfan-amida","10":"pa_-kurmanci","11":"pa_--lis-yayinevi","12":"desktop-align-left","13":"tablet-align-left","14":"mobile-align-left","16":"first","17":"instock","18":"shipping-taxable","19":"purchasable","20":"product-type-simple"},"yoast_head":"<!-- This site is optimized with the Yoast SEO plugin v27.4 - https:\/\/yoast.com\/product\/yoast-seo-wordpress\/ -->\n<title>Namey\u00ean Nabersivin - \u00cerfan Am\u00eeda - www.shanabooks.de<\/title>\n<meta name=\"description\" content=\"Namey\u00ean Nabersivin - \u00cerfan Am\u00eeda Namey\u00ean Nabersivin\u201cJi w\u00ea roj\u00ea de her di w\u00ea k\u00ee\u015fwer\u00ea de ye bajar.Xwe li k\u00eejan \u00e7\u00eeyay\u00ee biqelib\u00eenim hewar\u2026Xwe li k\u00eejan \u00e7\u00eeyay\u00ee...\" \/>\n<meta name=\"robots\" content=\"index, follow, max-snippet:-1, max-image-preview:large, max-video-preview:-1\" \/>\n<link rel=\"canonical\" href=\"https:\/\/shanabooks.de\/product\/nameyen-nabersivin-irfan-amida\/\" \/>\n<meta property=\"og:locale\" content=\"de_DE\" \/>\n<meta property=\"og:type\" content=\"article\" \/>\n<meta property=\"og:title\" content=\"Namey\u00ean Nabersivin - \u00cerfan Am\u00eeda - www.shanabooks.de\" \/>\n<meta property=\"og:description\" content=\"Namey\u00ean Nabersivin - \u00cerfan Am\u00eeda Namey\u00ean Nabersivin\u201cJi w\u00ea roj\u00ea de her di w\u00ea k\u00ee\u015fwer\u00ea de ye bajar.Xwe li k\u00eejan \u00e7\u00eeyay\u00ee biqelib\u00eenim hewar\u2026Xwe li k\u00eejan \u00e7\u00eeyay\u00ee...\" \/>\n<meta property=\"og:url\" content=\"https:\/\/shanabooks.de\/product\/nameyen-nabersivin-irfan-amida\/\" \/>\n<meta property=\"og:site_name\" content=\"www.shanabooks.de\" \/>\n<meta property=\"article:modified_time\" content=\"2024-03-20T14:30:34+00:00\" \/>\n<meta property=\"og:image\" content=\"https:\/\/shanabooks.de\/wp-content\/uploads\/2024\/01\/Nameyen-Nebersivin-Lis.jpg\" \/>\n\t<meta property=\"og:image:width\" content=\"315\" \/>\n\t<meta property=\"og:image:height\" content=\"478\" \/>\n\t<meta property=\"og:image:type\" content=\"image\/jpeg\" \/>\n<meta name=\"twitter:card\" content=\"summary_large_image\" \/>\n<meta name=\"twitter:label1\" content=\"Gesch\u00e4tzte Lesezeit\" \/>\n\t<meta name=\"twitter:data1\" content=\"1\u00a0Minute\" \/>\n<script type=\"application\/ld+json\" class=\"yoast-schema-graph\">{\"@context\":\"https:\\\/\\\/schema.org\",\"@graph\":[{\"@type\":\"WebPage\",\"@id\":\"https:\\\/\\\/shanabooks.de\\\/product\\\/nameyen-nabersivin-irfan-amida\\\/\",\"url\":\"https:\\\/\\\/shanabooks.de\\\/product\\\/nameyen-nabersivin-irfan-amida\\\/\",\"name\":\"Namey\u00ean Nabersivin - \u00cerfan Am\u00eeda - www.shanabooks.de\",\"isPartOf\":{\"@id\":\"https:\\\/\\\/shanabooks.de\\\/#website\"},\"primaryImageOfPage\":{\"@id\":\"https:\\\/\\\/shanabooks.de\\\/product\\\/nameyen-nabersivin-irfan-amida\\\/#primaryimage\"},\"image\":{\"@id\":\"https:\\\/\\\/shanabooks.de\\\/product\\\/nameyen-nabersivin-irfan-amida\\\/#primaryimage\"},\"thumbnailUrl\":\"https:\\\/\\\/shanabooks.de\\\/wp-content\\\/uploads\\\/2024\\\/01\\\/Nameyen-Nebersivin-Lis.jpg\",\"datePublished\":\"2024-03-03T19:52:03+00:00\",\"dateModified\":\"2024-03-20T14:30:34+00:00\",\"description\":\"Namey\u00ean Nabersivin - \u00cerfan Am\u00eeda Namey\u00ean Nabersivin\u201cJi w\u00ea roj\u00ea de her di w\u00ea k\u00ee\u015fwer\u00ea de ye bajar.Xwe li k\u00eejan \u00e7\u00eeyay\u00ee biqelib\u00eenim hewar\u2026Xwe li k\u00eejan \u00e7\u00eeyay\u00ee...\",\"breadcrumb\":{\"@id\":\"https:\\\/\\\/shanabooks.de\\\/product\\\/nameyen-nabersivin-irfan-amida\\\/#breadcrumb\"},\"inLanguage\":\"de\",\"potentialAction\":[{\"@type\":\"ReadAction\",\"target\":[\"https:\\\/\\\/shanabooks.de\\\/product\\\/nameyen-nabersivin-irfan-amida\\\/\"]}]},{\"@type\":\"ImageObject\",\"inLanguage\":\"de\",\"@id\":\"https:\\\/\\\/shanabooks.de\\\/product\\\/nameyen-nabersivin-irfan-amida\\\/#primaryimage\",\"url\":\"https:\\\/\\\/shanabooks.de\\\/wp-content\\\/uploads\\\/2024\\\/01\\\/Nameyen-Nebersivin-Lis.jpg\",\"contentUrl\":\"https:\\\/\\\/shanabooks.de\\\/wp-content\\\/uploads\\\/2024\\\/01\\\/Nameyen-Nebersivin-Lis.jpg\",\"width\":315,\"height\":478,\"caption\":\"Namey\u00ean Nabersivin - \u00cerfan Am\u00eeda pirt\u00fbk\u00ean kurd\u00ee helbest\"},{\"@type\":\"BreadcrumbList\",\"@id\":\"https:\\\/\\\/shanabooks.de\\\/product\\\/nameyen-nabersivin-irfan-amida\\\/#breadcrumb\",\"itemListElement\":[{\"@type\":\"ListItem\",\"position\":1,\"name\":\"\u0627\u0644\u0631\u0626\u064a\u0633\u064a\u0629\",\"item\":\"https:\\\/\\\/shanabooks.de\\\/de\\\/\"},{\"@type\":\"ListItem\",\"position\":2,\"name\":\"\u0627\u0644\u0645\u0646\u062a\u062c\u0627\u062a\",\"item\":\"https:\\\/\\\/shanabooks.de\\\/shop\\\/\"},{\"@type\":\"ListItem\",\"position\":3,\"name\":\"Namey\u00ean Nabersivin\"}]},{\"@type\":\"WebSite\",\"@id\":\"https:\\\/\\\/shanabooks.de\\\/#website\",\"url\":\"https:\\\/\\\/shanabooks.de\\\/\",\"name\":\"www.shanbooks.de\",\"description\":\"C\u00eehana Pirt\u00fbk\u00ean Kurd\u00ee \u0645\u0643\u062a\u0628\u0629 \u0634\u0627\u0646\u0627 \u0641\u064a \u0627\u0644\u0645\u0627\u0646\u064a\u0627 \u0648\u0623\u0648\u0631\u0628\u0627\",\"publisher\":{\"@id\":\"https:\\\/\\\/shanabooks.de\\\/#organization\"},\"potentialAction\":[{\"@type\":\"SearchAction\",\"target\":{\"@type\":\"EntryPoint\",\"urlTemplate\":\"https:\\\/\\\/shanabooks.de\\\/?s={search_term_string}\"},\"query-input\":{\"@type\":\"PropertyValueSpecification\",\"valueRequired\":true,\"valueName\":\"search_term_string\"}}],\"inLanguage\":\"de\"},{\"@type\":\"Organization\",\"@id\":\"https:\\\/\\\/shanabooks.de\\\/#organization\",\"name\":\"www.shanbooks.de\",\"url\":\"https:\\\/\\\/shanabooks.de\\\/\",\"logo\":{\"@type\":\"ImageObject\",\"inLanguage\":\"de\",\"@id\":\"https:\\\/\\\/shanabooks.de\\\/#\\\/schema\\\/logo\\\/image\\\/\",\"url\":\"https:\\\/\\\/shanabooks.de\\\/wp-content\\\/uploads\\\/2024\\\/03\\\/SHANABOOKS__2_-removebg-preview.png\",\"contentUrl\":\"https:\\\/\\\/shanabooks.de\\\/wp-content\\\/uploads\\\/2024\\\/03\\\/SHANABOOKS__2_-removebg-preview.png\",\"width\":700,\"height\":150,\"caption\":\"www.shanbooks.de\"},\"image\":{\"@id\":\"https:\\\/\\\/shanabooks.de\\\/#\\\/schema\\\/logo\\\/image\\\/\"}}]}<\/script>\n<!-- \/ Yoast SEO plugin. -->","yoast_head_json":{"title":"Namey\u00ean Nabersivin - \u00cerfan Am\u00eeda - www.shanabooks.de","description":"Namey\u00ean Nabersivin - \u00cerfan Am\u00eeda Namey\u00ean Nabersivin\u201cJi w\u00ea roj\u00ea de her di w\u00ea k\u00ee\u015fwer\u00ea de ye bajar.Xwe li k\u00eejan \u00e7\u00eeyay\u00ee biqelib\u00eenim hewar\u2026Xwe li k\u00eejan \u00e7\u00eeyay\u00ee...","robots":{"index":"index","follow":"follow","max-snippet":"max-snippet:-1","max-image-preview":"max-image-preview:large","max-video-preview":"max-video-preview:-1"},"canonical":"https:\/\/shanabooks.de\/product\/nameyen-nabersivin-irfan-amida\/","og_locale":"de_DE","og_type":"article","og_title":"Namey\u00ean Nabersivin - \u00cerfan Am\u00eeda - www.shanabooks.de","og_description":"Namey\u00ean Nabersivin - \u00cerfan Am\u00eeda Namey\u00ean Nabersivin\u201cJi w\u00ea roj\u00ea de her di w\u00ea k\u00ee\u015fwer\u00ea de ye bajar.Xwe li k\u00eejan \u00e7\u00eeyay\u00ee biqelib\u00eenim hewar\u2026Xwe li k\u00eejan \u00e7\u00eeyay\u00ee...","og_url":"https:\/\/shanabooks.de\/product\/nameyen-nabersivin-irfan-amida\/","og_site_name":"www.shanabooks.de","article_modified_time":"2024-03-20T14:30:34+00:00","og_image":[{"width":315,"height":478,"url":"https:\/\/shanabooks.de\/wp-content\/uploads\/2024\/01\/Nameyen-Nebersivin-Lis.jpg","type":"image\/jpeg"}],"twitter_card":"summary_large_image","twitter_misc":{"Gesch\u00e4tzte Lesezeit":"1\u00a0Minute"},"schema":{"@context":"https:\/\/schema.org","@graph":[{"@type":"WebPage","@id":"https:\/\/shanabooks.de\/product\/nameyen-nabersivin-irfan-amida\/","url":"https:\/\/shanabooks.de\/product\/nameyen-nabersivin-irfan-amida\/","name":"Namey\u00ean Nabersivin - \u00cerfan Am\u00eeda - www.shanabooks.de","isPartOf":{"@id":"https:\/\/shanabooks.de\/#website"},"primaryImageOfPage":{"@id":"https:\/\/shanabooks.de\/product\/nameyen-nabersivin-irfan-amida\/#primaryimage"},"image":{"@id":"https:\/\/shanabooks.de\/product\/nameyen-nabersivin-irfan-amida\/#primaryimage"},"thumbnailUrl":"https:\/\/shanabooks.de\/wp-content\/uploads\/2024\/01\/Nameyen-Nebersivin-Lis.jpg","datePublished":"2024-03-03T19:52:03+00:00","dateModified":"2024-03-20T14:30:34+00:00","description":"Namey\u00ean Nabersivin - \u00cerfan Am\u00eeda Namey\u00ean Nabersivin\u201cJi w\u00ea roj\u00ea de her di w\u00ea k\u00ee\u015fwer\u00ea de ye bajar.Xwe li k\u00eejan \u00e7\u00eeyay\u00ee biqelib\u00eenim hewar\u2026Xwe li k\u00eejan \u00e7\u00eeyay\u00ee...","breadcrumb":{"@id":"https:\/\/shanabooks.de\/product\/nameyen-nabersivin-irfan-amida\/#breadcrumb"},"inLanguage":"de","potentialAction":[{"@type":"ReadAction","target":["https:\/\/shanabooks.de\/product\/nameyen-nabersivin-irfan-amida\/"]}]},{"@type":"ImageObject","inLanguage":"de","@id":"https:\/\/shanabooks.de\/product\/nameyen-nabersivin-irfan-amida\/#primaryimage","url":"https:\/\/shanabooks.de\/wp-content\/uploads\/2024\/01\/Nameyen-Nebersivin-Lis.jpg","contentUrl":"https:\/\/shanabooks.de\/wp-content\/uploads\/2024\/01\/Nameyen-Nebersivin-Lis.jpg","width":315,"height":478,"caption":"Namey\u00ean Nabersivin - \u00cerfan Am\u00eeda pirt\u00fbk\u00ean kurd\u00ee helbest"},{"@type":"BreadcrumbList","@id":"https:\/\/shanabooks.de\/product\/nameyen-nabersivin-irfan-amida\/#breadcrumb","itemListElement":[{"@type":"ListItem","position":1,"name":"\u0627\u0644\u0631\u0626\u064a\u0633\u064a\u0629","item":"https:\/\/shanabooks.de\/de\/"},{"@type":"ListItem","position":2,"name":"\u0627\u0644\u0645\u0646\u062a\u062c\u0627\u062a","item":"https:\/\/shanabooks.de\/shop\/"},{"@type":"ListItem","position":3,"name":"Namey\u00ean Nabersivin"}]},{"@type":"WebSite","@id":"https:\/\/shanabooks.de\/#website","url":"https:\/\/shanabooks.de\/","name":"www.shanbooks.de","description":"C\u00eehana Pirt\u00fbk\u00ean Kurd\u00ee \u0645\u0643\u062a\u0628\u0629 \u0634\u0627\u0646\u0627 \u0641\u064a \u0627\u0644\u0645\u0627\u0646\u064a\u0627 \u0648\u0623\u0648\u0631\u0628\u0627","publisher":{"@id":"https:\/\/shanabooks.de\/#organization"},"potentialAction":[{"@type":"SearchAction","target":{"@type":"EntryPoint","urlTemplate":"https:\/\/shanabooks.de\/?s={search_term_string}"},"query-input":{"@type":"PropertyValueSpecification","valueRequired":true,"valueName":"search_term_string"}}],"inLanguage":"de"},{"@type":"Organization","@id":"https:\/\/shanabooks.de\/#organization","name":"www.shanbooks.de","url":"https:\/\/shanabooks.de\/","logo":{"@type":"ImageObject","inLanguage":"de","@id":"https:\/\/shanabooks.de\/#\/schema\/logo\/image\/","url":"https:\/\/shanabooks.de\/wp-content\/uploads\/2024\/03\/SHANABOOKS__2_-removebg-preview.png","contentUrl":"https:\/\/shanabooks.de\/wp-content\/uploads\/2024\/03\/SHANABOOKS__2_-removebg-preview.png","width":700,"height":150,"caption":"www.shanbooks.de"},"image":{"@id":"https:\/\/shanabooks.de\/#\/schema\/logo\/image\/"}}]}},"jetpack_sharing_enabled":true,"_links":{"self":[{"href":"https:\/\/shanabooks.de\/de\/wp-json\/wp\/v2\/product\/13725","targetHints":{"allow":["GET"]}}],"collection":[{"href":"https:\/\/shanabooks.de\/de\/wp-json\/wp\/v2\/product"}],"about":[{"href":"https:\/\/shanabooks.de\/de\/wp-json\/wp\/v2\/types\/product"}],"version-history":[{"count":3,"href":"https:\/\/shanabooks.de\/de\/wp-json\/wp\/v2\/product\/13725\/revisions"}],"predecessor-version":[{"id":21299,"href":"https:\/\/shanabooks.de\/de\/wp-json\/wp\/v2\/product\/13725\/revisions\/21299"}],"wp:featuredmedia":[{"embeddable":true,"href":"https:\/\/shanabooks.de\/de\/wp-json\/wp\/v2\/media\/6780"}],"wp:attachment":[{"href":"https:\/\/shanabooks.de\/de\/wp-json\/wp\/v2\/media?parent=13725"}],"wp:term":[{"taxonomy":"product_brand","embeddable":true,"href":"https:\/\/shanabooks.de\/de\/wp-json\/wp\/v2\/product_brand?post=13725"},{"taxonomy":"product_cat","embeddable":true,"href":"https:\/\/shanabooks.de\/de\/wp-json\/wp\/v2\/product_cat?post=13725"},{"taxonomy":"product_tag","embeddable":true,"href":"https:\/\/shanabooks.de\/de\/wp-json\/wp\/v2\/product_tag?post=13725"}],"curies":[{"name":"wp","href":"https:\/\/api.w.org\/{rel}","templated":true}]}}