{"id":13726,"date":"2024-03-03T19:52:03","date_gmt":"2024-03-03T19:52:03","guid":{"rendered":"https:\/\/shanabooks.de\/?post_type=product&#038;p=13726"},"modified":"2026-01-02T18:49:57","modified_gmt":"2026-01-02T18:49:57","slug":"stockholme-te-ci-ditiye-beje-bave-naze","status":"publish","type":"product","link":"https:\/\/shanabooks.de\/de\/product\/stockholme-te-ci-ditiye-beje-bave-naze\/","title":{"rendered":"Stockholm\u00ea te \u00e7i d\u00eetiye b\u00eaje"},"content":{"rendered":"<p style=\"text-align: left\"><strong>Stockholm\u00ea te \u00e7i d\u00eetiye b\u00eaje &#8211; Bav\u00ea Naz\u00ea<\/strong><\/p>\n<p style=\"text-align: left\">\u201cEw derket b\u00eay\u00ee ku zanibe di eyn\u00ee roj\u00ea de s\u00fbret\u00ea kes\u00ea bi nav ku\u015fdar\u00ea serokwez\u00eer, \u00ea ku rewi\u015ft\u00ean w\u00ee bi xwe t\u00ea de dihatin gewdekirin, di hem\u00fb rojnamey\u00ean Stokholm\u00ea de belav b\u00fbb\u00fb.\u201d<\/p>\n<p style=\"text-align: left\">Ev roman \u00e7\u00eeroka B\u00eakes\u00ea Kurd e ku dixwaze li Stocholm\u00ea bi c\u00ee bibe. B\u00eakes nuh hatiy\u00ea Ewropay\u00ea \u00fb bi b\u00easi\u00fbd\u00eeyeke ned\u00eet\u00ee bi ku\u015ftina serokwez\u00eer\u00ea Siw\u00ead\u00ea t\u00ea tawanbarkirin. Bav\u00ea Naz\u00ea bi romana\u00a0<em>Stokholm\u00ea Te \u00c7i D\u00eetiye B\u00eaje<\/em>, di ser serleheng\u00ea xwe \u00ea roman\u00ea B\u00eakes re ten\u00ea qala m\u00earek\u00ee Kurd nake, bi vegotineke ku carcaran vediguhere \u00e7\u00eerokb\u00eaj\u00eey\u00ea \u00fb bi fla\u015fbekan di heman kat\u00ea de qala belengaz\u00eey\u00ean malbata xwe \u00fb \u00ea\u015f \u00fb azar\u00ean Kurdan j\u00ee dike. Niv\u00eeskar k\u00fbray\u00eeya ruh\u00eeyeta serleheng\u00ea xwe, j\u00eeyana Kurd\u00ean penaber \u00ean Ewropay\u00ea bi sehne \u00fb rew\u015f\u00ean bi hostet\u00ee hatine h\u00fbnandin, radixe ber \u00e7avan.<\/p>\n<p style=\"text-align: left\">\n","protected":false},"excerpt":{"rendered":"<p style=\"text-align: center\"><strong>Pirt\u00fbk: Stockholm\u00ea te \u00e7i d\u00eetiye b\u00eaje<br \/>\nNiv\u00eeskar: Bav\u00ea Naz\u00ea<br \/>\nCure: Roman<\/strong><\/p>\n","protected":false},"featured_media":6782,"template":"","meta":{"site-sidebar-layout":"default","site-content-layout":"","ast-site-content-layout":"default","site-content-style":"default","site-sidebar-style":"default","ast-global-header-display":"","ast-banner-title-visibility":"","ast-main-header-display":"","ast-hfb-above-header-display":"","ast-hfb-below-header-display":"","ast-hfb-mobile-header-display":"","site-post-title":"","ast-breadcrumbs-content":"","ast-featured-img":"","footer-sml-layout":"","ast-disable-related-posts":"","theme-transparent-header-meta":"default","adv-header-id-meta":"","stick-header-meta":"","header-above-stick-meta":"","header-main-stick-meta":"","header-below-stick-meta":"","astra-migrate-meta-layouts":"set","ast-page-background-enabled":"default","ast-page-background-meta":{"desktop":{"background-color":"","background-image":"","background-repeat":"repeat","background-position":"center center","background-size":"auto","background-attachment":"scroll","background-type":"","background-media":"","overlay-type":"","overlay-color":"","overlay-opacity":"","overlay-gradient":""},"tablet":{"background-color":"","background-image":"","background-repeat":"repeat","background-position":"center center","background-size":"auto","background-attachment":"scroll","background-type":"","background-media":"","overlay-type":"","overlay-color":"","overlay-opacity":"","overlay-gradient":""},"mobile":{"background-color":"","background-image":"","background-repeat":"repeat","background-position":"center center","background-size":"auto","background-attachment":"scroll","background-type":"","background-media":"","overlay-type":"","overlay-color":"","overlay-opacity":"","overlay-gradient":""}},"ast-content-background-meta":{"desktop":{"background-color":"var(--ast-global-color-5)","background-image":"","background-repeat":"repeat","background-position":"center center","background-size":"auto","background-attachment":"scroll","background-type":"","background-media":"","overlay-type":"","overlay-color":"","overlay-opacity":"","overlay-gradient":""},"tablet":{"background-color":"var(--ast-global-color-5)","background-image":"","background-repeat":"repeat","background-position":"center center","background-size":"auto","background-attachment":"scroll","background-type":"","background-media":"","overlay-type":"","overlay-color":"","overlay-opacity":"","overlay-gradient":""},"mobile":{"background-color":"var(--ast-global-color-5)","background-image":"","background-repeat":"repeat","background-position":"center center","background-size":"auto","background-attachment":"scroll","background-type":"","background-media":"","overlay-type":"","overlay-color":"","overlay-opacity":"","overlay-gradient":""}}},"product_brand":[],"product_cat":[182,193],"product_tag":[],"class_list":{"0":"post-13726","1":"product","2":"type-product","3":"status-publish","4":"has-post-thumbnail","6":"product_cat-_","7":"product_cat--_","8":"pa_-roman","9":"pa_-bave-naze","10":"pa_-kurmanci","11":"pa_--lis-yayinevi","12":"desktop-align-left","13":"tablet-align-left","14":"mobile-align-left","16":"first","17":"instock","18":"shipping-taxable","19":"purchasable","20":"product-type-simple"},"yoast_head":"<!-- This site is optimized with the Yoast SEO plugin v27.4 - https:\/\/yoast.com\/product\/yoast-seo-wordpress\/ -->\n<title>Stockholm\u00ea te \u00e7i d\u00eetiye b\u00eaje - Bav\u00ea Naz\u00ea - www.shanabooks.de<\/title>\n<meta name=\"description\" content=\"Stockholm\u00ea te \u00e7i d\u00eetiye b\u00eaje - Bav\u00ea Naz\u00ea \u201cEw derket b\u00eay\u00ee ku zanibe di eyn\u00ee roj\u00ea de s\u00fbret\u00ea kes\u00ea bi nav ku\u015fdar\u00ea serokwez\u00eer, \u00ea ku rewi\u015ft\u00ean w\u00ee bi xwe t\u00ea de ...\" \/>\n<meta name=\"robots\" content=\"index, follow, max-snippet:-1, max-image-preview:large, max-video-preview:-1\" \/>\n<link rel=\"canonical\" href=\"https:\/\/shanabooks.de\/product\/stockholme-te-ci-ditiye-beje-bave-naze\/\" \/>\n<meta property=\"og:locale\" content=\"de_DE\" \/>\n<meta property=\"og:type\" content=\"article\" \/>\n<meta property=\"og:title\" content=\"Stockholm\u00ea te \u00e7i d\u00eetiye b\u00eaje - Bav\u00ea Naz\u00ea - www.shanabooks.de\" \/>\n<meta property=\"og:description\" content=\"Stockholm\u00ea te \u00e7i d\u00eetiye b\u00eaje - Bav\u00ea Naz\u00ea \u201cEw derket b\u00eay\u00ee ku zanibe di eyn\u00ee roj\u00ea de s\u00fbret\u00ea kes\u00ea bi nav ku\u015fdar\u00ea serokwez\u00eer, \u00ea ku rewi\u015ft\u00ean w\u00ee bi xwe t\u00ea de ...\" \/>\n<meta property=\"og:url\" content=\"https:\/\/shanabooks.de\/product\/stockholme-te-ci-ditiye-beje-bave-naze\/\" \/>\n<meta property=\"og:site_name\" content=\"www.shanabooks.de\" \/>\n<meta property=\"article:modified_time\" content=\"2026-01-02T18:49:57+00:00\" \/>\n<meta property=\"og:image\" content=\"https:\/\/shanabooks.de\/wp-content\/uploads\/2024\/01\/Stockholme-te-ci-ditiye-beje-Lis.jpg\" \/>\n\t<meta property=\"og:image:width\" content=\"290\" \/>\n\t<meta property=\"og:image:height\" content=\"473\" \/>\n\t<meta property=\"og:image:type\" content=\"image\/jpeg\" \/>\n<meta name=\"twitter:card\" content=\"summary_large_image\" \/>\n<meta name=\"twitter:label1\" content=\"Gesch\u00e4tzte Lesezeit\" \/>\n\t<meta name=\"twitter:data1\" content=\"2\u00a0Minuten\" \/>\n<script type=\"application\/ld+json\" class=\"yoast-schema-graph\">{\"@context\":\"https:\\\/\\\/schema.org\",\"@graph\":[{\"@type\":\"WebPage\",\"@id\":\"https:\\\/\\\/shanabooks.de\\\/product\\\/stockholme-te-ci-ditiye-beje-bave-naze\\\/\",\"url\":\"https:\\\/\\\/shanabooks.de\\\/product\\\/stockholme-te-ci-ditiye-beje-bave-naze\\\/\",\"name\":\"Stockholm\u00ea te \u00e7i d\u00eetiye b\u00eaje - Bav\u00ea Naz\u00ea - www.shanabooks.de\",\"isPartOf\":{\"@id\":\"https:\\\/\\\/shanabooks.de\\\/#website\"},\"primaryImageOfPage\":{\"@id\":\"https:\\\/\\\/shanabooks.de\\\/product\\\/stockholme-te-ci-ditiye-beje-bave-naze\\\/#primaryimage\"},\"image\":{\"@id\":\"https:\\\/\\\/shanabooks.de\\\/product\\\/stockholme-te-ci-ditiye-beje-bave-naze\\\/#primaryimage\"},\"thumbnailUrl\":\"https:\\\/\\\/shanabooks.de\\\/wp-content\\\/uploads\\\/2024\\\/01\\\/Stockholme-te-ci-ditiye-beje-Lis.jpg\",\"datePublished\":\"2024-03-03T19:52:03+00:00\",\"dateModified\":\"2026-01-02T18:49:57+00:00\",\"description\":\"Stockholm\u00ea te \u00e7i d\u00eetiye b\u00eaje - Bav\u00ea Naz\u00ea \u201cEw derket b\u00eay\u00ee ku zanibe di eyn\u00ee roj\u00ea de s\u00fbret\u00ea kes\u00ea bi nav ku\u015fdar\u00ea serokwez\u00eer, \u00ea ku rewi\u015ft\u00ean w\u00ee bi xwe t\u00ea de ...\",\"breadcrumb\":{\"@id\":\"https:\\\/\\\/shanabooks.de\\\/product\\\/stockholme-te-ci-ditiye-beje-bave-naze\\\/#breadcrumb\"},\"inLanguage\":\"de\",\"potentialAction\":[{\"@type\":\"ReadAction\",\"target\":[\"https:\\\/\\\/shanabooks.de\\\/product\\\/stockholme-te-ci-ditiye-beje-bave-naze\\\/\"]}]},{\"@type\":\"ImageObject\",\"inLanguage\":\"de\",\"@id\":\"https:\\\/\\\/shanabooks.de\\\/product\\\/stockholme-te-ci-ditiye-beje-bave-naze\\\/#primaryimage\",\"url\":\"https:\\\/\\\/shanabooks.de\\\/wp-content\\\/uploads\\\/2024\\\/01\\\/Stockholme-te-ci-ditiye-beje-Lis.jpg\",\"contentUrl\":\"https:\\\/\\\/shanabooks.de\\\/wp-content\\\/uploads\\\/2024\\\/01\\\/Stockholme-te-ci-ditiye-beje-Lis.jpg\",\"width\":290,\"height\":473,\"caption\":\"Stockholm\u00ea te \u00e7i d\u00eetiye b\u00eaje - Bav\u00ea Naz\u00ea - pirt\u00fbk\u00ean kurd\u00ee\"},{\"@type\":\"BreadcrumbList\",\"@id\":\"https:\\\/\\\/shanabooks.de\\\/product\\\/stockholme-te-ci-ditiye-beje-bave-naze\\\/#breadcrumb\",\"itemListElement\":[{\"@type\":\"ListItem\",\"position\":1,\"name\":\"\u0627\u0644\u0631\u0626\u064a\u0633\u064a\u0629\",\"item\":\"https:\\\/\\\/shanabooks.de\\\/de\\\/\"},{\"@type\":\"ListItem\",\"position\":2,\"name\":\"\u0627\u0644\u0645\u0646\u062a\u062c\u0627\u062a\",\"item\":\"https:\\\/\\\/shanabooks.de\\\/shop\\\/\"},{\"@type\":\"ListItem\",\"position\":3,\"name\":\"Stockholm\u00ea te \u00e7i d\u00eetiye b\u00eaje\"}]},{\"@type\":\"WebSite\",\"@id\":\"https:\\\/\\\/shanabooks.de\\\/#website\",\"url\":\"https:\\\/\\\/shanabooks.de\\\/\",\"name\":\"www.shanbooks.de\",\"description\":\"C\u00eehana Pirt\u00fbk\u00ean Kurd\u00ee \u0645\u0643\u062a\u0628\u0629 \u0634\u0627\u0646\u0627 \u0641\u064a \u0627\u0644\u0645\u0627\u0646\u064a\u0627 \u0648\u0623\u0648\u0631\u0628\u0627\",\"publisher\":{\"@id\":\"https:\\\/\\\/shanabooks.de\\\/#organization\"},\"potentialAction\":[{\"@type\":\"SearchAction\",\"target\":{\"@type\":\"EntryPoint\",\"urlTemplate\":\"https:\\\/\\\/shanabooks.de\\\/?s={search_term_string}\"},\"query-input\":{\"@type\":\"PropertyValueSpecification\",\"valueRequired\":true,\"valueName\":\"search_term_string\"}}],\"inLanguage\":\"de\"},{\"@type\":\"Organization\",\"@id\":\"https:\\\/\\\/shanabooks.de\\\/#organization\",\"name\":\"www.shanbooks.de\",\"url\":\"https:\\\/\\\/shanabooks.de\\\/\",\"logo\":{\"@type\":\"ImageObject\",\"inLanguage\":\"de\",\"@id\":\"https:\\\/\\\/shanabooks.de\\\/#\\\/schema\\\/logo\\\/image\\\/\",\"url\":\"https:\\\/\\\/shanabooks.de\\\/wp-content\\\/uploads\\\/2024\\\/03\\\/SHANABOOKS__2_-removebg-preview.png\",\"contentUrl\":\"https:\\\/\\\/shanabooks.de\\\/wp-content\\\/uploads\\\/2024\\\/03\\\/SHANABOOKS__2_-removebg-preview.png\",\"width\":700,\"height\":150,\"caption\":\"www.shanbooks.de\"},\"image\":{\"@id\":\"https:\\\/\\\/shanabooks.de\\\/#\\\/schema\\\/logo\\\/image\\\/\"}}]}<\/script>\n<!-- \/ Yoast SEO plugin. -->","yoast_head_json":{"title":"Stockholm\u00ea te \u00e7i d\u00eetiye b\u00eaje - Bav\u00ea Naz\u00ea - www.shanabooks.de","description":"Stockholm\u00ea te \u00e7i d\u00eetiye b\u00eaje - Bav\u00ea Naz\u00ea \u201cEw derket b\u00eay\u00ee ku zanibe di eyn\u00ee roj\u00ea de s\u00fbret\u00ea kes\u00ea bi nav ku\u015fdar\u00ea serokwez\u00eer, \u00ea ku rewi\u015ft\u00ean w\u00ee bi xwe t\u00ea de ...","robots":{"index":"index","follow":"follow","max-snippet":"max-snippet:-1","max-image-preview":"max-image-preview:large","max-video-preview":"max-video-preview:-1"},"canonical":"https:\/\/shanabooks.de\/product\/stockholme-te-ci-ditiye-beje-bave-naze\/","og_locale":"de_DE","og_type":"article","og_title":"Stockholm\u00ea te \u00e7i d\u00eetiye b\u00eaje - Bav\u00ea Naz\u00ea - www.shanabooks.de","og_description":"Stockholm\u00ea te \u00e7i d\u00eetiye b\u00eaje - Bav\u00ea Naz\u00ea \u201cEw derket b\u00eay\u00ee ku zanibe di eyn\u00ee roj\u00ea de s\u00fbret\u00ea kes\u00ea bi nav ku\u015fdar\u00ea serokwez\u00eer, \u00ea ku rewi\u015ft\u00ean w\u00ee bi xwe t\u00ea de ...","og_url":"https:\/\/shanabooks.de\/product\/stockholme-te-ci-ditiye-beje-bave-naze\/","og_site_name":"www.shanabooks.de","article_modified_time":"2026-01-02T18:49:57+00:00","og_image":[{"width":290,"height":473,"url":"https:\/\/shanabooks.de\/wp-content\/uploads\/2024\/01\/Stockholme-te-ci-ditiye-beje-Lis.jpg","type":"image\/jpeg"}],"twitter_card":"summary_large_image","twitter_misc":{"Gesch\u00e4tzte Lesezeit":"2\u00a0Minuten"},"schema":{"@context":"https:\/\/schema.org","@graph":[{"@type":"WebPage","@id":"https:\/\/shanabooks.de\/product\/stockholme-te-ci-ditiye-beje-bave-naze\/","url":"https:\/\/shanabooks.de\/product\/stockholme-te-ci-ditiye-beje-bave-naze\/","name":"Stockholm\u00ea te \u00e7i d\u00eetiye b\u00eaje - Bav\u00ea Naz\u00ea - www.shanabooks.de","isPartOf":{"@id":"https:\/\/shanabooks.de\/#website"},"primaryImageOfPage":{"@id":"https:\/\/shanabooks.de\/product\/stockholme-te-ci-ditiye-beje-bave-naze\/#primaryimage"},"image":{"@id":"https:\/\/shanabooks.de\/product\/stockholme-te-ci-ditiye-beje-bave-naze\/#primaryimage"},"thumbnailUrl":"https:\/\/shanabooks.de\/wp-content\/uploads\/2024\/01\/Stockholme-te-ci-ditiye-beje-Lis.jpg","datePublished":"2024-03-03T19:52:03+00:00","dateModified":"2026-01-02T18:49:57+00:00","description":"Stockholm\u00ea te \u00e7i d\u00eetiye b\u00eaje - Bav\u00ea Naz\u00ea \u201cEw derket b\u00eay\u00ee ku zanibe di eyn\u00ee roj\u00ea de s\u00fbret\u00ea kes\u00ea bi nav ku\u015fdar\u00ea serokwez\u00eer, \u00ea ku rewi\u015ft\u00ean w\u00ee bi xwe t\u00ea de ...","breadcrumb":{"@id":"https:\/\/shanabooks.de\/product\/stockholme-te-ci-ditiye-beje-bave-naze\/#breadcrumb"},"inLanguage":"de","potentialAction":[{"@type":"ReadAction","target":["https:\/\/shanabooks.de\/product\/stockholme-te-ci-ditiye-beje-bave-naze\/"]}]},{"@type":"ImageObject","inLanguage":"de","@id":"https:\/\/shanabooks.de\/product\/stockholme-te-ci-ditiye-beje-bave-naze\/#primaryimage","url":"https:\/\/shanabooks.de\/wp-content\/uploads\/2024\/01\/Stockholme-te-ci-ditiye-beje-Lis.jpg","contentUrl":"https:\/\/shanabooks.de\/wp-content\/uploads\/2024\/01\/Stockholme-te-ci-ditiye-beje-Lis.jpg","width":290,"height":473,"caption":"Stockholm\u00ea te \u00e7i d\u00eetiye b\u00eaje - Bav\u00ea Naz\u00ea - pirt\u00fbk\u00ean kurd\u00ee"},{"@type":"BreadcrumbList","@id":"https:\/\/shanabooks.de\/product\/stockholme-te-ci-ditiye-beje-bave-naze\/#breadcrumb","itemListElement":[{"@type":"ListItem","position":1,"name":"\u0627\u0644\u0631\u0626\u064a\u0633\u064a\u0629","item":"https:\/\/shanabooks.de\/de\/"},{"@type":"ListItem","position":2,"name":"\u0627\u0644\u0645\u0646\u062a\u062c\u0627\u062a","item":"https:\/\/shanabooks.de\/shop\/"},{"@type":"ListItem","position":3,"name":"Stockholm\u00ea te \u00e7i d\u00eetiye b\u00eaje"}]},{"@type":"WebSite","@id":"https:\/\/shanabooks.de\/#website","url":"https:\/\/shanabooks.de\/","name":"www.shanbooks.de","description":"C\u00eehana Pirt\u00fbk\u00ean Kurd\u00ee \u0645\u0643\u062a\u0628\u0629 \u0634\u0627\u0646\u0627 \u0641\u064a \u0627\u0644\u0645\u0627\u0646\u064a\u0627 \u0648\u0623\u0648\u0631\u0628\u0627","publisher":{"@id":"https:\/\/shanabooks.de\/#organization"},"potentialAction":[{"@type":"SearchAction","target":{"@type":"EntryPoint","urlTemplate":"https:\/\/shanabooks.de\/?s={search_term_string}"},"query-input":{"@type":"PropertyValueSpecification","valueRequired":true,"valueName":"search_term_string"}}],"inLanguage":"de"},{"@type":"Organization","@id":"https:\/\/shanabooks.de\/#organization","name":"www.shanbooks.de","url":"https:\/\/shanabooks.de\/","logo":{"@type":"ImageObject","inLanguage":"de","@id":"https:\/\/shanabooks.de\/#\/schema\/logo\/image\/","url":"https:\/\/shanabooks.de\/wp-content\/uploads\/2024\/03\/SHANABOOKS__2_-removebg-preview.png","contentUrl":"https:\/\/shanabooks.de\/wp-content\/uploads\/2024\/03\/SHANABOOKS__2_-removebg-preview.png","width":700,"height":150,"caption":"www.shanbooks.de"},"image":{"@id":"https:\/\/shanabooks.de\/#\/schema\/logo\/image\/"}}]}},"jetpack_sharing_enabled":true,"_links":{"self":[{"href":"https:\/\/shanabooks.de\/de\/wp-json\/wp\/v2\/product\/13726","targetHints":{"allow":["GET"]}}],"collection":[{"href":"https:\/\/shanabooks.de\/de\/wp-json\/wp\/v2\/product"}],"about":[{"href":"https:\/\/shanabooks.de\/de\/wp-json\/wp\/v2\/types\/product"}],"version-history":[{"count":4,"href":"https:\/\/shanabooks.de\/de\/wp-json\/wp\/v2\/product\/13726\/revisions"}],"predecessor-version":[{"id":13943,"href":"https:\/\/shanabooks.de\/de\/wp-json\/wp\/v2\/product\/13726\/revisions\/13943"}],"wp:featuredmedia":[{"embeddable":true,"href":"https:\/\/shanabooks.de\/de\/wp-json\/wp\/v2\/media\/6782"}],"wp:attachment":[{"href":"https:\/\/shanabooks.de\/de\/wp-json\/wp\/v2\/media?parent=13726"}],"wp:term":[{"taxonomy":"product_brand","embeddable":true,"href":"https:\/\/shanabooks.de\/de\/wp-json\/wp\/v2\/product_brand?post=13726"},{"taxonomy":"product_cat","embeddable":true,"href":"https:\/\/shanabooks.de\/de\/wp-json\/wp\/v2\/product_cat?post=13726"},{"taxonomy":"product_tag","embeddable":true,"href":"https:\/\/shanabooks.de\/de\/wp-json\/wp\/v2\/product_tag?post=13726"}],"curies":[{"name":"wp","href":"https:\/\/api.w.org\/{rel}","templated":true}]}}