{"id":13727,"date":"2024-03-03T19:52:03","date_gmt":"2024-03-03T19:52:03","guid":{"rendered":"https:\/\/shanabooks.de\/?post_type=product&#038;p=13727"},"modified":"2024-04-21T08:29:25","modified_gmt":"2024-04-21T08:29:25","slug":"kerwan-reside-kurd","status":"publish","type":"product","link":"https:\/\/shanabooks.de\/de\/product\/kerwan-reside-kurd\/","title":{"rendered":"Kerwan"},"content":{"rendered":"<p style=\"text-align: left;\"><strong>Kerwan &#8211; Re\u015f\u00eed\u00ea Kurd<\/strong><\/p>\n<p style=\"text-align: left;\">Re\u015f\u00eed\u00ea Kurd b\u00eatir bi r\u00eaziman\u00ea \u00fb pirt\u00fbka xwe a r\u00eaziman\u00ea t\u00ea naskirin. L\u00ea pi\u015ft\u00ee ew derbas\u00ee Binxet\u00ea dibe j\u00eeyana xwe bi hev\u00eer\u00ea s\u00eeyaset\u00ea straye. Kerwan, ji deh helbest \u00fb \u00e7\u00eerokeke kurt \u00fb du niv\u00ees\u00ean w\u00ee \u00ean di Hawar \u00fb Ronah\u00eey\u00ea de \u00e7ap b\u00fbne, p\u00eak hatiye. Re\u015f\u00eed\u00ea Kurd heft helbest ji van deh helbestan di girt\u00eegeh\u00ea de \u00fb her s\u00eay\u00ean din j\u00ee li derve niv\u00eesandine. Em bawer in ku \u00e7\u00eeroka kurt j\u00ee vers\u00eeyoneke destanek\u00ea ye ku li D\u00earika \u00c7\u00eeyay\u00ea Maz\u00ee ji ber\u00ea de dihat gotin e. Biw\u00eaja \u201cBeleka ji Belek\u00ea\u201d ku di v\u00ea \u00e7\u00eerok\u00ea de bi go\u015ft \u00fb hest\u00ee dibe li v\u00ea her\u00eam\u00ea berbelav e. Ev destan bi nav\u00ea \u201cK\u00f6ro\u011flu\u201d li nav Tirkan j\u00ee heye. Kan\u00eeya her du destanan heman b\u00fbyer e an ti\u015ftine din in em nizanin. Zelalkirina v\u00ea mijar\u00ea j\u00ee kar\u00ea l\u00eakol\u00eeneran e.<\/p>\n<p style=\"text-align: left;\">Pirt\u00fbka helbest \u00fb pex\u015fan\u00ea ya h\u00eaja Re\u015f\u00eed\u00ea Kurd ya bi nav\u00ea Kerwan ji we\u015fan\u00ean L\u00ees\u00ea derketiye.<\/p>\n","protected":false},"excerpt":{"rendered":"<p style=\"text-align: center;\"><strong>Pirt\u00fbk: Krewan<\/strong><br \/>\n<strong>Niv\u00eeskar: Re\u015f\u00eed\u00ea Kurd<\/strong><br \/>\n<strong>Cure: Helbest \u00fb Pex\u015fan<\/strong><\/p>\n","protected":false},"featured_media":6784,"template":"","meta":{"site-sidebar-layout":"default","site-content-layout":"","ast-site-content-layout":"default","site-content-style":"default","site-sidebar-style":"default","ast-global-header-display":"","ast-banner-title-visibility":"","ast-main-header-display":"","ast-hfb-above-header-display":"","ast-hfb-below-header-display":"","ast-hfb-mobile-header-display":"","site-post-title":"","ast-breadcrumbs-content":"","ast-featured-img":"","footer-sml-layout":"","ast-disable-related-posts":"","theme-transparent-header-meta":"default","adv-header-id-meta":"","stick-header-meta":"","header-above-stick-meta":"","header-main-stick-meta":"","header-below-stick-meta":"","astra-migrate-meta-layouts":"set","ast-page-background-enabled":"default","ast-page-background-meta":{"desktop":{"background-color":"","background-image":"","background-repeat":"repeat","background-position":"center center","background-size":"auto","background-attachment":"scroll","background-type":"","background-media":"","overlay-type":"","overlay-color":"","overlay-opacity":"","overlay-gradient":""},"tablet":{"background-color":"","background-image":"","background-repeat":"repeat","background-position":"center center","background-size":"auto","background-attachment":"scroll","background-type":"","background-media":"","overlay-type":"","overlay-color":"","overlay-opacity":"","overlay-gradient":""},"mobile":{"background-color":"","background-image":"","background-repeat":"repeat","background-position":"center center","background-size":"auto","background-attachment":"scroll","background-type":"","background-media":"","overlay-type":"","overlay-color":"","overlay-opacity":"","overlay-gradient":""}},"ast-content-background-meta":{"desktop":{"background-color":"var(--ast-global-color-5)","background-image":"","background-repeat":"repeat","background-position":"center center","background-size":"auto","background-attachment":"scroll","background-type":"","background-media":"","overlay-type":"","overlay-color":"","overlay-opacity":"","overlay-gradient":""},"tablet":{"background-color":"var(--ast-global-color-5)","background-image":"","background-repeat":"repeat","background-position":"center center","background-size":"auto","background-attachment":"scroll","background-type":"","background-media":"","overlay-type":"","overlay-color":"","overlay-opacity":"","overlay-gradient":""},"mobile":{"background-color":"var(--ast-global-color-5)","background-image":"","background-repeat":"repeat","background-position":"center center","background-size":"auto","background-attachment":"scroll","background-type":"","background-media":"","overlay-type":"","overlay-color":"","overlay-opacity":"","overlay-gradient":""}}},"product_brand":[],"product_cat":[184,193],"product_tag":[],"class_list":{"0":"post-13727","1":"product","2":"type-product","3":"status-publish","4":"has-post-thumbnail","6":"product_cat-_","7":"product_cat--_","8":"pa_-helbest","9":"pa_-pexsan","10":"pa_-reside-kurd","11":"pa_-kurmanci","12":"pa_--lis-yayinevi","13":"desktop-align-left","14":"tablet-align-left","15":"mobile-align-left","17":"first","18":"instock","19":"shipping-taxable","20":"purchasable","21":"product-type-simple"},"yoast_head":"<!-- This site is optimized with the Yoast SEO plugin v27.5 - https:\/\/yoast.com\/product\/yoast-seo-wordpress\/ -->\n<title>Kerwan - Re\u015f\u00eed\u00ea Kurd - www.shanabooks.de<\/title>\n<meta name=\"description\" content=\"Kerwan - Re\u015f\u00eed\u00ea Kurd Re\u015f\u00eed\u00ea Kurd b\u00eatir bi r\u00eaziman\u00ea \u00fb pirt\u00fbka xwe a r\u00eaziman\u00ea t\u00ea naskirin. L\u00ea pi\u015ft\u00ee ew derbas\u00ee Binxet\u00ea dibe j\u00eeyana xwe bi hev\u00eer\u00ea s\u00eeyaset\u00ea ...\" \/>\n<meta name=\"robots\" content=\"index, follow, max-snippet:-1, max-image-preview:large, max-video-preview:-1\" \/>\n<link rel=\"canonical\" href=\"https:\/\/shanabooks.de\/product\/kerwan-reside-kurd\/\" \/>\n<meta property=\"og:locale\" content=\"de_DE\" \/>\n<meta property=\"og:type\" content=\"article\" \/>\n<meta property=\"og:title\" content=\"Kerwan - Re\u015f\u00eed\u00ea Kurd - www.shanabooks.de\" \/>\n<meta property=\"og:description\" content=\"Kerwan - Re\u015f\u00eed\u00ea Kurd Re\u015f\u00eed\u00ea Kurd b\u00eatir bi r\u00eaziman\u00ea \u00fb pirt\u00fbka xwe a r\u00eaziman\u00ea t\u00ea naskirin. L\u00ea pi\u015ft\u00ee ew derbas\u00ee Binxet\u00ea dibe j\u00eeyana xwe bi hev\u00eer\u00ea s\u00eeyaset\u00ea ...\" \/>\n<meta property=\"og:url\" content=\"https:\/\/shanabooks.de\/product\/kerwan-reside-kurd\/\" \/>\n<meta property=\"og:site_name\" content=\"www.shanabooks.de\" \/>\n<meta property=\"article:modified_time\" content=\"2024-04-21T08:29:25+00:00\" \/>\n<meta property=\"og:image\" content=\"https:\/\/shanabooks.de\/wp-content\/uploads\/2024\/01\/Kerwan-Lis.jpg\" \/>\n\t<meta property=\"og:image:width\" content=\"293\" \/>\n\t<meta property=\"og:image:height\" content=\"481\" \/>\n\t<meta property=\"og:image:type\" content=\"image\/jpeg\" \/>\n<meta name=\"twitter:card\" content=\"summary_large_image\" \/>\n<meta name=\"twitter:label1\" content=\"Gesch\u00e4tzte Lesezeit\" \/>\n\t<meta name=\"twitter:data1\" content=\"2\u00a0Minuten\" \/>\n<script type=\"application\/ld+json\" class=\"yoast-schema-graph\">{\"@context\":\"https:\\\/\\\/schema.org\",\"@graph\":[{\"@type\":\"WebPage\",\"@id\":\"https:\\\/\\\/shanabooks.de\\\/product\\\/kerwan-reside-kurd\\\/\",\"url\":\"https:\\\/\\\/shanabooks.de\\\/product\\\/kerwan-reside-kurd\\\/\",\"name\":\"Kerwan - Re\u015f\u00eed\u00ea Kurd - www.shanabooks.de\",\"isPartOf\":{\"@id\":\"https:\\\/\\\/shanabooks.de\\\/#website\"},\"primaryImageOfPage\":{\"@id\":\"https:\\\/\\\/shanabooks.de\\\/product\\\/kerwan-reside-kurd\\\/#primaryimage\"},\"image\":{\"@id\":\"https:\\\/\\\/shanabooks.de\\\/product\\\/kerwan-reside-kurd\\\/#primaryimage\"},\"thumbnailUrl\":\"https:\\\/\\\/shanabooks.de\\\/wp-content\\\/uploads\\\/2024\\\/01\\\/Kerwan-Lis.jpg\",\"datePublished\":\"2024-03-03T19:52:03+00:00\",\"dateModified\":\"2024-04-21T08:29:25+00:00\",\"description\":\"Kerwan - Re\u015f\u00eed\u00ea Kurd Re\u015f\u00eed\u00ea Kurd b\u00eatir bi r\u00eaziman\u00ea \u00fb pirt\u00fbka xwe a r\u00eaziman\u00ea t\u00ea naskirin. L\u00ea pi\u015ft\u00ee ew derbas\u00ee Binxet\u00ea dibe j\u00eeyana xwe bi hev\u00eer\u00ea s\u00eeyaset\u00ea ...\",\"breadcrumb\":{\"@id\":\"https:\\\/\\\/shanabooks.de\\\/product\\\/kerwan-reside-kurd\\\/#breadcrumb\"},\"inLanguage\":\"de\",\"potentialAction\":[{\"@type\":\"ReadAction\",\"target\":[\"https:\\\/\\\/shanabooks.de\\\/product\\\/kerwan-reside-kurd\\\/\"]}]},{\"@type\":\"ImageObject\",\"inLanguage\":\"de\",\"@id\":\"https:\\\/\\\/shanabooks.de\\\/product\\\/kerwan-reside-kurd\\\/#primaryimage\",\"url\":\"https:\\\/\\\/shanabooks.de\\\/wp-content\\\/uploads\\\/2024\\\/01\\\/Kerwan-Lis.jpg\",\"contentUrl\":\"https:\\\/\\\/shanabooks.de\\\/wp-content\\\/uploads\\\/2024\\\/01\\\/Kerwan-Lis.jpg\",\"width\":293,\"height\":481,\"caption\":\"Kerwan - Re\u015f\u00eed\u00ea Kurd - pirt\u00fbk\u00ean kurd\u00ee - helbest\"},{\"@type\":\"BreadcrumbList\",\"@id\":\"https:\\\/\\\/shanabooks.de\\\/product\\\/kerwan-reside-kurd\\\/#breadcrumb\",\"itemListElement\":[{\"@type\":\"ListItem\",\"position\":1,\"name\":\"\u0627\u0644\u0631\u0626\u064a\u0633\u064a\u0629\",\"item\":\"https:\\\/\\\/shanabooks.de\\\/de\\\/\"},{\"@type\":\"ListItem\",\"position\":2,\"name\":\"\u0627\u0644\u0645\u0646\u062a\u062c\u0627\u062a\",\"item\":\"https:\\\/\\\/shanabooks.de\\\/shop\\\/\"},{\"@type\":\"ListItem\",\"position\":3,\"name\":\"Kerwan\"}]},{\"@type\":\"WebSite\",\"@id\":\"https:\\\/\\\/shanabooks.de\\\/#website\",\"url\":\"https:\\\/\\\/shanabooks.de\\\/\",\"name\":\"www.shanbooks.de\",\"description\":\"C\u00eehana Pirt\u00fbk\u00ean Kurd\u00ee \u0645\u0643\u062a\u0628\u0629 \u0634\u0627\u0646\u0627 \u0641\u064a \u0627\u0644\u0645\u0627\u0646\u064a\u0627 \u0648\u0623\u0648\u0631\u0628\u0627\",\"publisher\":{\"@id\":\"https:\\\/\\\/shanabooks.de\\\/#organization\"},\"potentialAction\":[{\"@type\":\"SearchAction\",\"target\":{\"@type\":\"EntryPoint\",\"urlTemplate\":\"https:\\\/\\\/shanabooks.de\\\/?s={search_term_string}\"},\"query-input\":{\"@type\":\"PropertyValueSpecification\",\"valueRequired\":true,\"valueName\":\"search_term_string\"}}],\"inLanguage\":\"de\"},{\"@type\":\"Organization\",\"@id\":\"https:\\\/\\\/shanabooks.de\\\/#organization\",\"name\":\"www.shanbooks.de\",\"url\":\"https:\\\/\\\/shanabooks.de\\\/\",\"logo\":{\"@type\":\"ImageObject\",\"inLanguage\":\"de\",\"@id\":\"https:\\\/\\\/shanabooks.de\\\/#\\\/schema\\\/logo\\\/image\\\/\",\"url\":\"https:\\\/\\\/shanabooks.de\\\/wp-content\\\/uploads\\\/2024\\\/03\\\/SHANABOOKS__2_-removebg-preview.png\",\"contentUrl\":\"https:\\\/\\\/shanabooks.de\\\/wp-content\\\/uploads\\\/2024\\\/03\\\/SHANABOOKS__2_-removebg-preview.png\",\"width\":700,\"height\":150,\"caption\":\"www.shanbooks.de\"},\"image\":{\"@id\":\"https:\\\/\\\/shanabooks.de\\\/#\\\/schema\\\/logo\\\/image\\\/\"}}]}<\/script>\n<!-- \/ Yoast SEO plugin. -->","yoast_head_json":{"title":"Kerwan - Re\u015f\u00eed\u00ea Kurd - www.shanabooks.de","description":"Kerwan - Re\u015f\u00eed\u00ea Kurd Re\u015f\u00eed\u00ea Kurd b\u00eatir bi r\u00eaziman\u00ea \u00fb pirt\u00fbka xwe a r\u00eaziman\u00ea t\u00ea naskirin. L\u00ea pi\u015ft\u00ee ew derbas\u00ee Binxet\u00ea dibe j\u00eeyana xwe bi hev\u00eer\u00ea s\u00eeyaset\u00ea ...","robots":{"index":"index","follow":"follow","max-snippet":"max-snippet:-1","max-image-preview":"max-image-preview:large","max-video-preview":"max-video-preview:-1"},"canonical":"https:\/\/shanabooks.de\/product\/kerwan-reside-kurd\/","og_locale":"de_DE","og_type":"article","og_title":"Kerwan - Re\u015f\u00eed\u00ea Kurd - www.shanabooks.de","og_description":"Kerwan - Re\u015f\u00eed\u00ea Kurd Re\u015f\u00eed\u00ea Kurd b\u00eatir bi r\u00eaziman\u00ea \u00fb pirt\u00fbka xwe a r\u00eaziman\u00ea t\u00ea naskirin. L\u00ea pi\u015ft\u00ee ew derbas\u00ee Binxet\u00ea dibe j\u00eeyana xwe bi hev\u00eer\u00ea s\u00eeyaset\u00ea ...","og_url":"https:\/\/shanabooks.de\/product\/kerwan-reside-kurd\/","og_site_name":"www.shanabooks.de","article_modified_time":"2024-04-21T08:29:25+00:00","og_image":[{"width":293,"height":481,"url":"https:\/\/shanabooks.de\/wp-content\/uploads\/2024\/01\/Kerwan-Lis.jpg","type":"image\/jpeg"}],"twitter_card":"summary_large_image","twitter_misc":{"Gesch\u00e4tzte Lesezeit":"2\u00a0Minuten"},"schema":{"@context":"https:\/\/schema.org","@graph":[{"@type":"WebPage","@id":"https:\/\/shanabooks.de\/product\/kerwan-reside-kurd\/","url":"https:\/\/shanabooks.de\/product\/kerwan-reside-kurd\/","name":"Kerwan - Re\u015f\u00eed\u00ea Kurd - www.shanabooks.de","isPartOf":{"@id":"https:\/\/shanabooks.de\/#website"},"primaryImageOfPage":{"@id":"https:\/\/shanabooks.de\/product\/kerwan-reside-kurd\/#primaryimage"},"image":{"@id":"https:\/\/shanabooks.de\/product\/kerwan-reside-kurd\/#primaryimage"},"thumbnailUrl":"https:\/\/shanabooks.de\/wp-content\/uploads\/2024\/01\/Kerwan-Lis.jpg","datePublished":"2024-03-03T19:52:03+00:00","dateModified":"2024-04-21T08:29:25+00:00","description":"Kerwan - Re\u015f\u00eed\u00ea Kurd Re\u015f\u00eed\u00ea Kurd b\u00eatir bi r\u00eaziman\u00ea \u00fb pirt\u00fbka xwe a r\u00eaziman\u00ea t\u00ea naskirin. L\u00ea pi\u015ft\u00ee ew derbas\u00ee Binxet\u00ea dibe j\u00eeyana xwe bi hev\u00eer\u00ea s\u00eeyaset\u00ea ...","breadcrumb":{"@id":"https:\/\/shanabooks.de\/product\/kerwan-reside-kurd\/#breadcrumb"},"inLanguage":"de","potentialAction":[{"@type":"ReadAction","target":["https:\/\/shanabooks.de\/product\/kerwan-reside-kurd\/"]}]},{"@type":"ImageObject","inLanguage":"de","@id":"https:\/\/shanabooks.de\/product\/kerwan-reside-kurd\/#primaryimage","url":"https:\/\/shanabooks.de\/wp-content\/uploads\/2024\/01\/Kerwan-Lis.jpg","contentUrl":"https:\/\/shanabooks.de\/wp-content\/uploads\/2024\/01\/Kerwan-Lis.jpg","width":293,"height":481,"caption":"Kerwan - Re\u015f\u00eed\u00ea Kurd - pirt\u00fbk\u00ean kurd\u00ee - helbest"},{"@type":"BreadcrumbList","@id":"https:\/\/shanabooks.de\/product\/kerwan-reside-kurd\/#breadcrumb","itemListElement":[{"@type":"ListItem","position":1,"name":"\u0627\u0644\u0631\u0626\u064a\u0633\u064a\u0629","item":"https:\/\/shanabooks.de\/de\/"},{"@type":"ListItem","position":2,"name":"\u0627\u0644\u0645\u0646\u062a\u062c\u0627\u062a","item":"https:\/\/shanabooks.de\/shop\/"},{"@type":"ListItem","position":3,"name":"Kerwan"}]},{"@type":"WebSite","@id":"https:\/\/shanabooks.de\/#website","url":"https:\/\/shanabooks.de\/","name":"www.shanbooks.de","description":"C\u00eehana Pirt\u00fbk\u00ean Kurd\u00ee \u0645\u0643\u062a\u0628\u0629 \u0634\u0627\u0646\u0627 \u0641\u064a \u0627\u0644\u0645\u0627\u0646\u064a\u0627 \u0648\u0623\u0648\u0631\u0628\u0627","publisher":{"@id":"https:\/\/shanabooks.de\/#organization"},"potentialAction":[{"@type":"SearchAction","target":{"@type":"EntryPoint","urlTemplate":"https:\/\/shanabooks.de\/?s={search_term_string}"},"query-input":{"@type":"PropertyValueSpecification","valueRequired":true,"valueName":"search_term_string"}}],"inLanguage":"de"},{"@type":"Organization","@id":"https:\/\/shanabooks.de\/#organization","name":"www.shanbooks.de","url":"https:\/\/shanabooks.de\/","logo":{"@type":"ImageObject","inLanguage":"de","@id":"https:\/\/shanabooks.de\/#\/schema\/logo\/image\/","url":"https:\/\/shanabooks.de\/wp-content\/uploads\/2024\/03\/SHANABOOKS__2_-removebg-preview.png","contentUrl":"https:\/\/shanabooks.de\/wp-content\/uploads\/2024\/03\/SHANABOOKS__2_-removebg-preview.png","width":700,"height":150,"caption":"www.shanbooks.de"},"image":{"@id":"https:\/\/shanabooks.de\/#\/schema\/logo\/image\/"}}]}},"jetpack_sharing_enabled":true,"_links":{"self":[{"href":"https:\/\/shanabooks.de\/de\/wp-json\/wp\/v2\/product\/13727","targetHints":{"allow":["GET"]}}],"collection":[{"href":"https:\/\/shanabooks.de\/de\/wp-json\/wp\/v2\/product"}],"about":[{"href":"https:\/\/shanabooks.de\/de\/wp-json\/wp\/v2\/types\/product"}],"version-history":[{"count":3,"href":"https:\/\/shanabooks.de\/de\/wp-json\/wp\/v2\/product\/13727\/revisions"}],"predecessor-version":[{"id":24598,"href":"https:\/\/shanabooks.de\/de\/wp-json\/wp\/v2\/product\/13727\/revisions\/24598"}],"wp:featuredmedia":[{"embeddable":true,"href":"https:\/\/shanabooks.de\/de\/wp-json\/wp\/v2\/media\/6784"}],"wp:attachment":[{"href":"https:\/\/shanabooks.de\/de\/wp-json\/wp\/v2\/media?parent=13727"}],"wp:term":[{"taxonomy":"product_brand","embeddable":true,"href":"https:\/\/shanabooks.de\/de\/wp-json\/wp\/v2\/product_brand?post=13727"},{"taxonomy":"product_cat","embeddable":true,"href":"https:\/\/shanabooks.de\/de\/wp-json\/wp\/v2\/product_cat?post=13727"},{"taxonomy":"product_tag","embeddable":true,"href":"https:\/\/shanabooks.de\/de\/wp-json\/wp\/v2\/product_tag?post=13727"}],"curies":[{"name":"wp","href":"https:\/\/api.w.org\/{rel}","templated":true}]}}