{"id":13760,"date":"2024-03-03T19:52:09","date_gmt":"2024-03-03T19:52:09","guid":{"rendered":"https:\/\/shanabooks.de\/?post_type=product&#038;p=13760"},"modified":"2026-01-01T16:35:53","modified_gmt":"2026-01-01T16:35:53","slug":"gulisinem-ali-aydin-cicek","status":"publish","type":"product","link":"https:\/\/shanabooks.de\/de\/product\/gulisinem-ali-aydin-cicek\/","title":{"rendered":"Gul\u00eesin\u00eam &#8211; Estanikan\u00ea Lic\u00ea ra"},"content":{"rendered":"<p style=\"text-align: left;\"><strong>Gul\u00eesin\u00eam &#8211; Al\u00ee Aydin \u00c7\u00ee\u00e7ek<\/strong><\/p>\n<p style=\"font-weight: 400; text-align: left;\">Estanik\u00ea \u015faran, \u00e7i bi fekk\u00ee \u00e7i bi nu\u015ftek\u00ee het\u00ea estanikvajan \u00fb estanikenu\u015ftoxan\u00ee ra v\u00eeren\u00ea nesilan\u00ea neweyan. N\u00ea berhem\u00ee de bi xemilnay\u00ee\u015f\u00eako we\u015f\u00ee rast\u00ea vati\u015f\u00ea meseleyan ben\u00ea. Ar\u00eakerdox Al\u00ee Aydin \u00c7\u00ee\u00e7ek\u00ee na reye z\u00ee mintiqaya Lic\u00ea ra beno ke se serr\u00ee yo estanik\u00ea ke bi fekk\u00ee yen\u00ea vatene, bi nu\u015ftek\u00ee xemilneno \u00fb ano ver\u00ea wendekaran.<\/p>\n<p style=\"text-align: left;\">\n","protected":false},"excerpt":{"rendered":"<p style=\"text-align: center;\"><strong>Pirt\u00fbk:<\/strong><strong> Gul\u00eesin\u00eam<br \/>\nNiv\u00eeskar: Al\u00ee Aydin \u00c7\u00ee\u00e7ek<br \/>\nCure: \u00c7\u00eerok\u00ean Zarokan<\/strong><\/p>\n","protected":false},"featured_media":13769,"template":"","meta":{"site-sidebar-layout":"default","site-content-layout":"","ast-site-content-layout":"default","site-content-style":"default","site-sidebar-style":"default","ast-global-header-display":"","ast-banner-title-visibility":"","ast-main-header-display":"","ast-hfb-above-header-display":"","ast-hfb-below-header-display":"","ast-hfb-mobile-header-display":"","site-post-title":"","ast-breadcrumbs-content":"","ast-featured-img":"","footer-sml-layout":"","ast-disable-related-posts":"","theme-transparent-header-meta":"default","adv-header-id-meta":"","stick-header-meta":"","header-above-stick-meta":"","header-main-stick-meta":"","header-below-stick-meta":"","astra-migrate-meta-layouts":"set","ast-page-background-enabled":"default","ast-page-background-meta":{"desktop":{"background-color":"","background-image":"","background-repeat":"repeat","background-position":"center center","background-size":"auto","background-attachment":"scroll","background-type":"","background-media":"","overlay-type":"","overlay-color":"","overlay-opacity":"","overlay-gradient":""},"tablet":{"background-color":"","background-image":"","background-repeat":"repeat","background-position":"center center","background-size":"auto","background-attachment":"scroll","background-type":"","background-media":"","overlay-type":"","overlay-color":"","overlay-opacity":"","overlay-gradient":""},"mobile":{"background-color":"","background-image":"","background-repeat":"repeat","background-position":"center center","background-size":"auto","background-attachment":"scroll","background-type":"","background-media":"","overlay-type":"","overlay-color":"","overlay-opacity":"","overlay-gradient":""}},"ast-content-background-meta":{"desktop":{"background-color":"var(--ast-global-color-5)","background-image":"","background-repeat":"repeat","background-position":"center center","background-size":"auto","background-attachment":"scroll","background-type":"","background-media":"","overlay-type":"","overlay-color":"","overlay-opacity":"","overlay-gradient":""},"tablet":{"background-color":"var(--ast-global-color-5)","background-image":"","background-repeat":"repeat","background-position":"center center","background-size":"auto","background-attachment":"scroll","background-type":"","background-media":"","overlay-type":"","overlay-color":"","overlay-opacity":"","overlay-gradient":""},"mobile":{"background-color":"var(--ast-global-color-5)","background-image":"","background-repeat":"repeat","background-position":"center center","background-size":"auto","background-attachment":"scroll","background-type":"","background-media":"","overlay-type":"","overlay-color":"","overlay-opacity":"","overlay-gradient":""}}},"product_brand":[],"product_cat":[334,183,193],"product_tag":[],"class_list":{"0":"post-13760","1":"product","2":"type-product","3":"status-publish","4":"has-post-thumbnail","6":"product_cat--_","7":"product_cat-_","9":"pa_-cirok","10":"pa_-estaniki","11":"pa_-ali-aydin-cicek","12":"pa_-kurmanci","13":"pa_--enstituya-kurdi-ya-stenbol","14":"desktop-align-left","15":"tablet-align-left","16":"mobile-align-left","18":"first","19":"instock","20":"shipping-taxable","21":"purchasable","22":"product-type-simple"},"yoast_head":"<!-- This site is optimized with the Yoast SEO plugin v27.4 - https:\/\/yoast.com\/product\/yoast-seo-wordpress\/ -->\n<title>Gul\u00eesin\u00eam - Al\u00ee Aydin \u00c7\u00ee\u00e7ek - www.shanabooks.de<\/title>\n<meta name=\"description\" content=\"Gul\u00eesin\u00eam - Al\u00ee Aydin \u00c7\u00ee\u00e7ek. Estanik\u00ea \u015faran, \u00e7i bi fekk\u00ee \u00e7i bi nu\u015ftek\u00ee het\u00ea estanikvajan \u00fb estanikenu\u015ftoxan\u00ee ra v\u00eeren\u00ea nesilan\u00ea neweyan. N\u00ea berhem\u00ee de bi...\" \/>\n<meta name=\"robots\" content=\"index, follow, max-snippet:-1, max-image-preview:large, max-video-preview:-1\" \/>\n<link rel=\"canonical\" href=\"https:\/\/shanabooks.de\/product\/gulisinem-ali-aydin-cicek\/\" \/>\n<meta property=\"og:locale\" content=\"de_DE\" \/>\n<meta property=\"og:type\" content=\"article\" \/>\n<meta property=\"og:title\" content=\"Gul\u00eesin\u00eam - Al\u00ee Aydin \u00c7\u00ee\u00e7ek - www.shanabooks.de\" \/>\n<meta property=\"og:description\" content=\"Gul\u00eesin\u00eam - Al\u00ee Aydin \u00c7\u00ee\u00e7ek. Estanik\u00ea \u015faran, \u00e7i bi fekk\u00ee \u00e7i bi nu\u015ftek\u00ee het\u00ea estanikvajan \u00fb estanikenu\u015ftoxan\u00ee ra v\u00eeren\u00ea nesilan\u00ea neweyan. N\u00ea berhem\u00ee de bi...\" \/>\n<meta property=\"og:url\" content=\"https:\/\/shanabooks.de\/product\/gulisinem-ali-aydin-cicek\/\" \/>\n<meta property=\"og:site_name\" content=\"www.shanabooks.de\" \/>\n<meta property=\"article:modified_time\" content=\"2026-01-01T16:35:53+00:00\" \/>\n<meta property=\"og:image\" content=\"https:\/\/shanabooks.de\/wp-content\/uploads\/2024\/03\/Gulisinem-Zazaki-Enstitut.jpg\" \/>\n\t<meta property=\"og:image:width\" content=\"301\" \/>\n\t<meta property=\"og:image:height\" content=\"480\" \/>\n\t<meta property=\"og:image:type\" content=\"image\/jpeg\" \/>\n<meta name=\"twitter:card\" content=\"summary_large_image\" \/>\n<meta name=\"twitter:label1\" content=\"Gesch\u00e4tzte Lesezeit\" \/>\n\t<meta name=\"twitter:data1\" content=\"1\u00a0Minute\" \/>\n<script type=\"application\/ld+json\" class=\"yoast-schema-graph\">{\"@context\":\"https:\\\/\\\/schema.org\",\"@graph\":[{\"@type\":\"WebPage\",\"@id\":\"https:\\\/\\\/shanabooks.de\\\/product\\\/gulisinem-ali-aydin-cicek\\\/\",\"url\":\"https:\\\/\\\/shanabooks.de\\\/product\\\/gulisinem-ali-aydin-cicek\\\/\",\"name\":\"Gul\u00eesin\u00eam - Al\u00ee Aydin \u00c7\u00ee\u00e7ek - www.shanabooks.de\",\"isPartOf\":{\"@id\":\"https:\\\/\\\/shanabooks.de\\\/#website\"},\"primaryImageOfPage\":{\"@id\":\"https:\\\/\\\/shanabooks.de\\\/product\\\/gulisinem-ali-aydin-cicek\\\/#primaryimage\"},\"image\":{\"@id\":\"https:\\\/\\\/shanabooks.de\\\/product\\\/gulisinem-ali-aydin-cicek\\\/#primaryimage\"},\"thumbnailUrl\":\"https:\\\/\\\/shanabooks.de\\\/wp-content\\\/uploads\\\/2024\\\/03\\\/Gulisinem-Zazaki-Enstitut.jpg\",\"datePublished\":\"2024-03-03T19:52:09+00:00\",\"dateModified\":\"2026-01-01T16:35:53+00:00\",\"description\":\"Gul\u00eesin\u00eam - Al\u00ee Aydin \u00c7\u00ee\u00e7ek. Estanik\u00ea \u015faran, \u00e7i bi fekk\u00ee \u00e7i bi nu\u015ftek\u00ee het\u00ea estanikvajan \u00fb estanikenu\u015ftoxan\u00ee ra v\u00eeren\u00ea nesilan\u00ea neweyan. N\u00ea berhem\u00ee de bi...\",\"breadcrumb\":{\"@id\":\"https:\\\/\\\/shanabooks.de\\\/product\\\/gulisinem-ali-aydin-cicek\\\/#breadcrumb\"},\"inLanguage\":\"de\",\"potentialAction\":[{\"@type\":\"ReadAction\",\"target\":[\"https:\\\/\\\/shanabooks.de\\\/product\\\/gulisinem-ali-aydin-cicek\\\/\"]}]},{\"@type\":\"ImageObject\",\"inLanguage\":\"de\",\"@id\":\"https:\\\/\\\/shanabooks.de\\\/product\\\/gulisinem-ali-aydin-cicek\\\/#primaryimage\",\"url\":\"https:\\\/\\\/shanabooks.de\\\/wp-content\\\/uploads\\\/2024\\\/03\\\/Gulisinem-Zazaki-Enstitut.jpg\",\"contentUrl\":\"https:\\\/\\\/shanabooks.de\\\/wp-content\\\/uploads\\\/2024\\\/03\\\/Gulisinem-Zazaki-Enstitut.jpg\",\"width\":301,\"height\":480,\"caption\":\"Gul\u00eesin\u00eam - Al\u00ee Aydin \u00c7\u00ee\u00e7ek pirt\u00fbk\u00ean kurd\u00ee helbest\"},{\"@type\":\"BreadcrumbList\",\"@id\":\"https:\\\/\\\/shanabooks.de\\\/product\\\/gulisinem-ali-aydin-cicek\\\/#breadcrumb\",\"itemListElement\":[{\"@type\":\"ListItem\",\"position\":1,\"name\":\"\u0627\u0644\u0631\u0626\u064a\u0633\u064a\u0629\",\"item\":\"https:\\\/\\\/shanabooks.de\\\/de\\\/\"},{\"@type\":\"ListItem\",\"position\":2,\"name\":\"\u0627\u0644\u0645\u0646\u062a\u062c\u0627\u062a\",\"item\":\"https:\\\/\\\/shanabooks.de\\\/shop\\\/\"},{\"@type\":\"ListItem\",\"position\":3,\"name\":\"Gul\u00eesin\u00eam &#8211; Estanikan\u00ea Lic\u00ea ra\"}]},{\"@type\":\"WebSite\",\"@id\":\"https:\\\/\\\/shanabooks.de\\\/#website\",\"url\":\"https:\\\/\\\/shanabooks.de\\\/\",\"name\":\"www.shanbooks.de\",\"description\":\"C\u00eehana Pirt\u00fbk\u00ean Kurd\u00ee \u0645\u0643\u062a\u0628\u0629 \u0634\u0627\u0646\u0627 \u0641\u064a \u0627\u0644\u0645\u0627\u0646\u064a\u0627 \u0648\u0623\u0648\u0631\u0628\u0627\",\"publisher\":{\"@id\":\"https:\\\/\\\/shanabooks.de\\\/#organization\"},\"potentialAction\":[{\"@type\":\"SearchAction\",\"target\":{\"@type\":\"EntryPoint\",\"urlTemplate\":\"https:\\\/\\\/shanabooks.de\\\/?s={search_term_string}\"},\"query-input\":{\"@type\":\"PropertyValueSpecification\",\"valueRequired\":true,\"valueName\":\"search_term_string\"}}],\"inLanguage\":\"de\"},{\"@type\":\"Organization\",\"@id\":\"https:\\\/\\\/shanabooks.de\\\/#organization\",\"name\":\"www.shanbooks.de\",\"url\":\"https:\\\/\\\/shanabooks.de\\\/\",\"logo\":{\"@type\":\"ImageObject\",\"inLanguage\":\"de\",\"@id\":\"https:\\\/\\\/shanabooks.de\\\/#\\\/schema\\\/logo\\\/image\\\/\",\"url\":\"https:\\\/\\\/shanabooks.de\\\/wp-content\\\/uploads\\\/2024\\\/03\\\/SHANABOOKS__2_-removebg-preview.png\",\"contentUrl\":\"https:\\\/\\\/shanabooks.de\\\/wp-content\\\/uploads\\\/2024\\\/03\\\/SHANABOOKS__2_-removebg-preview.png\",\"width\":700,\"height\":150,\"caption\":\"www.shanbooks.de\"},\"image\":{\"@id\":\"https:\\\/\\\/shanabooks.de\\\/#\\\/schema\\\/logo\\\/image\\\/\"}}]}<\/script>\n<!-- \/ Yoast SEO plugin. -->","yoast_head_json":{"title":"Gul\u00eesin\u00eam - Al\u00ee Aydin \u00c7\u00ee\u00e7ek - www.shanabooks.de","description":"Gul\u00eesin\u00eam - Al\u00ee Aydin \u00c7\u00ee\u00e7ek. Estanik\u00ea \u015faran, \u00e7i bi fekk\u00ee \u00e7i bi nu\u015ftek\u00ee het\u00ea estanikvajan \u00fb estanikenu\u015ftoxan\u00ee ra v\u00eeren\u00ea nesilan\u00ea neweyan. N\u00ea berhem\u00ee de bi...","robots":{"index":"index","follow":"follow","max-snippet":"max-snippet:-1","max-image-preview":"max-image-preview:large","max-video-preview":"max-video-preview:-1"},"canonical":"https:\/\/shanabooks.de\/product\/gulisinem-ali-aydin-cicek\/","og_locale":"de_DE","og_type":"article","og_title":"Gul\u00eesin\u00eam - Al\u00ee Aydin \u00c7\u00ee\u00e7ek - www.shanabooks.de","og_description":"Gul\u00eesin\u00eam - Al\u00ee Aydin \u00c7\u00ee\u00e7ek. Estanik\u00ea \u015faran, \u00e7i bi fekk\u00ee \u00e7i bi nu\u015ftek\u00ee het\u00ea estanikvajan \u00fb estanikenu\u015ftoxan\u00ee ra v\u00eeren\u00ea nesilan\u00ea neweyan. N\u00ea berhem\u00ee de bi...","og_url":"https:\/\/shanabooks.de\/product\/gulisinem-ali-aydin-cicek\/","og_site_name":"www.shanabooks.de","article_modified_time":"2026-01-01T16:35:53+00:00","og_image":[{"width":301,"height":480,"url":"https:\/\/shanabooks.de\/wp-content\/uploads\/2024\/03\/Gulisinem-Zazaki-Enstitut.jpg","type":"image\/jpeg"}],"twitter_card":"summary_large_image","twitter_misc":{"Gesch\u00e4tzte Lesezeit":"1\u00a0Minute"},"schema":{"@context":"https:\/\/schema.org","@graph":[{"@type":"WebPage","@id":"https:\/\/shanabooks.de\/product\/gulisinem-ali-aydin-cicek\/","url":"https:\/\/shanabooks.de\/product\/gulisinem-ali-aydin-cicek\/","name":"Gul\u00eesin\u00eam - Al\u00ee Aydin \u00c7\u00ee\u00e7ek - www.shanabooks.de","isPartOf":{"@id":"https:\/\/shanabooks.de\/#website"},"primaryImageOfPage":{"@id":"https:\/\/shanabooks.de\/product\/gulisinem-ali-aydin-cicek\/#primaryimage"},"image":{"@id":"https:\/\/shanabooks.de\/product\/gulisinem-ali-aydin-cicek\/#primaryimage"},"thumbnailUrl":"https:\/\/shanabooks.de\/wp-content\/uploads\/2024\/03\/Gulisinem-Zazaki-Enstitut.jpg","datePublished":"2024-03-03T19:52:09+00:00","dateModified":"2026-01-01T16:35:53+00:00","description":"Gul\u00eesin\u00eam - Al\u00ee Aydin \u00c7\u00ee\u00e7ek. Estanik\u00ea \u015faran, \u00e7i bi fekk\u00ee \u00e7i bi nu\u015ftek\u00ee het\u00ea estanikvajan \u00fb estanikenu\u015ftoxan\u00ee ra v\u00eeren\u00ea nesilan\u00ea neweyan. N\u00ea berhem\u00ee de bi...","breadcrumb":{"@id":"https:\/\/shanabooks.de\/product\/gulisinem-ali-aydin-cicek\/#breadcrumb"},"inLanguage":"de","potentialAction":[{"@type":"ReadAction","target":["https:\/\/shanabooks.de\/product\/gulisinem-ali-aydin-cicek\/"]}]},{"@type":"ImageObject","inLanguage":"de","@id":"https:\/\/shanabooks.de\/product\/gulisinem-ali-aydin-cicek\/#primaryimage","url":"https:\/\/shanabooks.de\/wp-content\/uploads\/2024\/03\/Gulisinem-Zazaki-Enstitut.jpg","contentUrl":"https:\/\/shanabooks.de\/wp-content\/uploads\/2024\/03\/Gulisinem-Zazaki-Enstitut.jpg","width":301,"height":480,"caption":"Gul\u00eesin\u00eam - Al\u00ee Aydin \u00c7\u00ee\u00e7ek pirt\u00fbk\u00ean kurd\u00ee helbest"},{"@type":"BreadcrumbList","@id":"https:\/\/shanabooks.de\/product\/gulisinem-ali-aydin-cicek\/#breadcrumb","itemListElement":[{"@type":"ListItem","position":1,"name":"\u0627\u0644\u0631\u0626\u064a\u0633\u064a\u0629","item":"https:\/\/shanabooks.de\/de\/"},{"@type":"ListItem","position":2,"name":"\u0627\u0644\u0645\u0646\u062a\u062c\u0627\u062a","item":"https:\/\/shanabooks.de\/shop\/"},{"@type":"ListItem","position":3,"name":"Gul\u00eesin\u00eam &#8211; Estanikan\u00ea Lic\u00ea ra"}]},{"@type":"WebSite","@id":"https:\/\/shanabooks.de\/#website","url":"https:\/\/shanabooks.de\/","name":"www.shanbooks.de","description":"C\u00eehana Pirt\u00fbk\u00ean Kurd\u00ee \u0645\u0643\u062a\u0628\u0629 \u0634\u0627\u0646\u0627 \u0641\u064a \u0627\u0644\u0645\u0627\u0646\u064a\u0627 \u0648\u0623\u0648\u0631\u0628\u0627","publisher":{"@id":"https:\/\/shanabooks.de\/#organization"},"potentialAction":[{"@type":"SearchAction","target":{"@type":"EntryPoint","urlTemplate":"https:\/\/shanabooks.de\/?s={search_term_string}"},"query-input":{"@type":"PropertyValueSpecification","valueRequired":true,"valueName":"search_term_string"}}],"inLanguage":"de"},{"@type":"Organization","@id":"https:\/\/shanabooks.de\/#organization","name":"www.shanbooks.de","url":"https:\/\/shanabooks.de\/","logo":{"@type":"ImageObject","inLanguage":"de","@id":"https:\/\/shanabooks.de\/#\/schema\/logo\/image\/","url":"https:\/\/shanabooks.de\/wp-content\/uploads\/2024\/03\/SHANABOOKS__2_-removebg-preview.png","contentUrl":"https:\/\/shanabooks.de\/wp-content\/uploads\/2024\/03\/SHANABOOKS__2_-removebg-preview.png","width":700,"height":150,"caption":"www.shanbooks.de"},"image":{"@id":"https:\/\/shanabooks.de\/#\/schema\/logo\/image\/"}}]}},"jetpack_sharing_enabled":true,"_links":{"self":[{"href":"https:\/\/shanabooks.de\/de\/wp-json\/wp\/v2\/product\/13760","targetHints":{"allow":["GET"]}}],"collection":[{"href":"https:\/\/shanabooks.de\/de\/wp-json\/wp\/v2\/product"}],"about":[{"href":"https:\/\/shanabooks.de\/de\/wp-json\/wp\/v2\/types\/product"}],"version-history":[{"count":3,"href":"https:\/\/shanabooks.de\/de\/wp-json\/wp\/v2\/product\/13760\/revisions"}],"predecessor-version":[{"id":21302,"href":"https:\/\/shanabooks.de\/de\/wp-json\/wp\/v2\/product\/13760\/revisions\/21302"}],"wp:featuredmedia":[{"embeddable":true,"href":"https:\/\/shanabooks.de\/de\/wp-json\/wp\/v2\/media\/13769"}],"wp:attachment":[{"href":"https:\/\/shanabooks.de\/de\/wp-json\/wp\/v2\/media?parent=13760"}],"wp:term":[{"taxonomy":"product_brand","embeddable":true,"href":"https:\/\/shanabooks.de\/de\/wp-json\/wp\/v2\/product_brand?post=13760"},{"taxonomy":"product_cat","embeddable":true,"href":"https:\/\/shanabooks.de\/de\/wp-json\/wp\/v2\/product_cat?post=13760"},{"taxonomy":"product_tag","embeddable":true,"href":"https:\/\/shanabooks.de\/de\/wp-json\/wp\/v2\/product_tag?post=13760"}],"curies":[{"name":"wp","href":"https:\/\/api.w.org\/{rel}","templated":true}]}}