{"id":13761,"date":"2024-03-03T19:52:09","date_gmt":"2024-03-03T19:52:09","guid":{"rendered":"https:\/\/shanabooks.de\/?post_type=product&#038;p=13761"},"modified":"2026-02-08T14:47:48","modified_gmt":"2026-02-08T14:47:48","slug":"cindi-ali-aydin-cicek","status":"publish","type":"product","link":"https:\/\/shanabooks.de\/de\/product\/cindi-ali-aydin-cicek\/","title":{"rendered":"Cind\u00ee &#8211; Estanikan\u00ea \u00c7ewl\u00eeg\u00ea ra"},"content":{"rendered":"<p style=\"text-align: left;\"><strong>Cind\u00ee &#8211; Al\u00ee Aydin \u00c7\u00ee\u00e7ek<\/strong><\/p>\n<p style=\"font-weight: 400; text-align: left;\">\u00c7imey\u00ea folklor\u00ee, rast\u00ee \u00fb heq\u00eeqatan\u00ea cuye ra yen\u00ea were. Coka bi folklor\u00ee ma n\u00ea heq\u00eeqatan ra haydar ben\u00ea.<\/p>\n<p style=\"font-weight: 400; text-align: left;\">N\u00ea berhem\u00ee de z\u00ee folklor\u00ea mintiqaya \u00c7ewlig\u00ee ra estanike \u00fb dey\u00eer\u00ee het\u00ea Al\u00ee Aydin \u00c7\u00ee\u00e7ek\u00ee ra amey\u00ea ar\u00eakerdene.<\/p>\n<p style=\"font-weight: 400; text-align: left;\">\u00a0N\u00ea estanikan \u00fb dey\u00eeran de ma derheq\u00ea cuya \u015far\u00ea na miktiqaye de way\u00eer\u00ea xeyl\u00ea zanay\u00ee\u015fan ben\u00ea.<\/p>\n","protected":false},"excerpt":{"rendered":"<p style=\"text-align: center;\"><strong>Pirt\u00fbk: Cind\u00ee<br \/>\nNiv\u00eeskar: Al\u00ee Aydin \u00c7\u00ee\u00e7ek<br \/>\nCure: \u00c7\u00eerok\u00ean Zarokan<\/strong><\/p>\n","protected":false},"featured_media":13771,"template":"","meta":{"site-sidebar-layout":"default","site-content-layout":"","ast-site-content-layout":"default","site-content-style":"default","site-sidebar-style":"default","ast-global-header-display":"","ast-banner-title-visibility":"","ast-main-header-display":"","ast-hfb-above-header-display":"","ast-hfb-below-header-display":"","ast-hfb-mobile-header-display":"","site-post-title":"","ast-breadcrumbs-content":"","ast-featured-img":"","footer-sml-layout":"","ast-disable-related-posts":"","theme-transparent-header-meta":"default","adv-header-id-meta":"","stick-header-meta":"","header-above-stick-meta":"","header-main-stick-meta":"","header-below-stick-meta":"","astra-migrate-meta-layouts":"set","ast-page-background-enabled":"default","ast-page-background-meta":{"desktop":{"background-color":"","background-image":"","background-repeat":"repeat","background-position":"center center","background-size":"auto","background-attachment":"scroll","background-type":"","background-media":"","overlay-type":"","overlay-color":"","overlay-opacity":"","overlay-gradient":""},"tablet":{"background-color":"","background-image":"","background-repeat":"repeat","background-position":"center center","background-size":"auto","background-attachment":"scroll","background-type":"","background-media":"","overlay-type":"","overlay-color":"","overlay-opacity":"","overlay-gradient":""},"mobile":{"background-color":"","background-image":"","background-repeat":"repeat","background-position":"center center","background-size":"auto","background-attachment":"scroll","background-type":"","background-media":"","overlay-type":"","overlay-color":"","overlay-opacity":"","overlay-gradient":""}},"ast-content-background-meta":{"desktop":{"background-color":"var(--ast-global-color-5)","background-image":"","background-repeat":"repeat","background-position":"center center","background-size":"auto","background-attachment":"scroll","background-type":"","background-media":"","overlay-type":"","overlay-color":"","overlay-opacity":"","overlay-gradient":""},"tablet":{"background-color":"var(--ast-global-color-5)","background-image":"","background-repeat":"repeat","background-position":"center center","background-size":"auto","background-attachment":"scroll","background-type":"","background-media":"","overlay-type":"","overlay-color":"","overlay-opacity":"","overlay-gradient":""},"mobile":{"background-color":"var(--ast-global-color-5)","background-image":"","background-repeat":"repeat","background-position":"center center","background-size":"auto","background-attachment":"scroll","background-type":"","background-media":"","overlay-type":"","overlay-color":"","overlay-opacity":"","overlay-gradient":""}}},"product_brand":[],"product_cat":[334,183,193],"product_tag":[],"class_list":{"0":"post-13761","1":"product","2":"type-product","3":"status-publish","4":"has-post-thumbnail","6":"product_cat--_","7":"product_cat-_","9":"pa_-cirok","10":"pa_-estaniki","11":"pa_-ali-aydin-cicek","12":"pa_-kurmanci","13":"pa_--enstituya-kurdi-ya-stenbol","14":"desktop-align-left","15":"tablet-align-left","16":"mobile-align-left","18":"first","19":"instock","20":"shipping-taxable","21":"purchasable","22":"product-type-simple"},"yoast_head":"<!-- This site is optimized with the Yoast SEO plugin v27.5 - https:\/\/yoast.com\/product\/yoast-seo-wordpress\/ -->\n<title>Cind\u00ee - Al\u00ee Aydin \u00c7\u00ee\u00e7ek - www.shanabooks.de<\/title>\n<meta name=\"description\" content=\"Cind\u00ee - Al\u00ee Aydin \u00c7\u00ee\u00e7ek. \u00c7imey\u00ea folklor\u00ee, rast\u00ee \u00fb heq\u00eeqatan\u00ea cuye ra yen\u00ea were. Coka bi folklor\u00ee ma n\u00ea heq\u00eeqatan ra haydar ben\u00ea.N\u00ea berhem\u00ee de z\u00ee folklor\u00ea...\" \/>\n<meta name=\"robots\" content=\"index, follow, max-snippet:-1, max-image-preview:large, max-video-preview:-1\" \/>\n<link rel=\"canonical\" href=\"https:\/\/shanabooks.de\/product\/cindi-ali-aydin-cicek\/\" \/>\n<meta property=\"og:locale\" content=\"de_DE\" \/>\n<meta property=\"og:type\" content=\"article\" \/>\n<meta property=\"og:title\" content=\"Cind\u00ee - Al\u00ee Aydin \u00c7\u00ee\u00e7ek - www.shanabooks.de\" \/>\n<meta property=\"og:description\" content=\"Cind\u00ee - Al\u00ee Aydin \u00c7\u00ee\u00e7ek. \u00c7imey\u00ea folklor\u00ee, rast\u00ee \u00fb heq\u00eeqatan\u00ea cuye ra yen\u00ea were. Coka bi folklor\u00ee ma n\u00ea heq\u00eeqatan ra haydar ben\u00ea.N\u00ea berhem\u00ee de z\u00ee folklor\u00ea...\" \/>\n<meta property=\"og:url\" content=\"https:\/\/shanabooks.de\/product\/cindi-ali-aydin-cicek\/\" \/>\n<meta property=\"og:site_name\" content=\"www.shanabooks.de\" \/>\n<meta property=\"article:modified_time\" content=\"2026-02-08T14:47:48+00:00\" \/>\n<meta property=\"og:image\" content=\"https:\/\/shanabooks.de\/wp-content\/uploads\/2024\/03\/Cindi-Zazaki-Enstitut.jpg\" \/>\n\t<meta property=\"og:image:width\" content=\"305\" \/>\n\t<meta property=\"og:image:height\" content=\"479\" \/>\n\t<meta property=\"og:image:type\" content=\"image\/jpeg\" \/>\n<meta name=\"twitter:card\" content=\"summary_large_image\" \/>\n<meta name=\"twitter:label1\" content=\"Gesch\u00e4tzte Lesezeit\" \/>\n\t<meta name=\"twitter:data1\" content=\"1\u00a0Minute\" \/>\n<script type=\"application\/ld+json\" class=\"yoast-schema-graph\">{\"@context\":\"https:\\\/\\\/schema.org\",\"@graph\":[{\"@type\":\"WebPage\",\"@id\":\"https:\\\/\\\/shanabooks.de\\\/product\\\/cindi-ali-aydin-cicek\\\/\",\"url\":\"https:\\\/\\\/shanabooks.de\\\/product\\\/cindi-ali-aydin-cicek\\\/\",\"name\":\"Cind\u00ee - Al\u00ee Aydin \u00c7\u00ee\u00e7ek - www.shanabooks.de\",\"isPartOf\":{\"@id\":\"https:\\\/\\\/shanabooks.de\\\/#website\"},\"primaryImageOfPage\":{\"@id\":\"https:\\\/\\\/shanabooks.de\\\/product\\\/cindi-ali-aydin-cicek\\\/#primaryimage\"},\"image\":{\"@id\":\"https:\\\/\\\/shanabooks.de\\\/product\\\/cindi-ali-aydin-cicek\\\/#primaryimage\"},\"thumbnailUrl\":\"https:\\\/\\\/shanabooks.de\\\/wp-content\\\/uploads\\\/2024\\\/03\\\/Cindi-Zazaki-Enstitut.jpg\",\"datePublished\":\"2024-03-03T19:52:09+00:00\",\"dateModified\":\"2026-02-08T14:47:48+00:00\",\"description\":\"Cind\u00ee - Al\u00ee Aydin \u00c7\u00ee\u00e7ek. \u00c7imey\u00ea folklor\u00ee, rast\u00ee \u00fb heq\u00eeqatan\u00ea cuye ra yen\u00ea were. Coka bi folklor\u00ee ma n\u00ea heq\u00eeqatan ra haydar ben\u00ea.N\u00ea berhem\u00ee de z\u00ee folklor\u00ea...\",\"breadcrumb\":{\"@id\":\"https:\\\/\\\/shanabooks.de\\\/product\\\/cindi-ali-aydin-cicek\\\/#breadcrumb\"},\"inLanguage\":\"de\",\"potentialAction\":[{\"@type\":\"ReadAction\",\"target\":[\"https:\\\/\\\/shanabooks.de\\\/product\\\/cindi-ali-aydin-cicek\\\/\"]}]},{\"@type\":\"ImageObject\",\"inLanguage\":\"de\",\"@id\":\"https:\\\/\\\/shanabooks.de\\\/product\\\/cindi-ali-aydin-cicek\\\/#primaryimage\",\"url\":\"https:\\\/\\\/shanabooks.de\\\/wp-content\\\/uploads\\\/2024\\\/03\\\/Cindi-Zazaki-Enstitut.jpg\",\"contentUrl\":\"https:\\\/\\\/shanabooks.de\\\/wp-content\\\/uploads\\\/2024\\\/03\\\/Cindi-Zazaki-Enstitut.jpg\",\"width\":305,\"height\":479,\"caption\":\"Cind\u00ee - Al\u00ee Aydin \u00c7\u00ee\u00e7ek \u00c7imey\u00ea folklor\u00ee, rast\u00ee \u00fb heq\u00eeqatan\u00ea cuye ra yen\u00ea were. Coka bi folklor\u00ee ma n\u00ea heq\u00eeqatan ra haydar ben\u00ea. N\u00ea berhem\u00ee de z\u00ee folklor\u00ea mintiqaya \u00c7ewlig\u00ee ra estanike \u00fb dey\u00eer\u00ee het\u00ea Al\u00ee Aydin \u00c7\u00ee\u00e7ek\u00ee ra amey\u00ea ar\u00eakerdene. \u00a0N\u00ea estanikan \u00fb dey\u00eeran d pirt\u00fbk\u00ean kurd\u00ee helbest \u00e7\u00eerok\"},{\"@type\":\"BreadcrumbList\",\"@id\":\"https:\\\/\\\/shanabooks.de\\\/product\\\/cindi-ali-aydin-cicek\\\/#breadcrumb\",\"itemListElement\":[{\"@type\":\"ListItem\",\"position\":1,\"name\":\"\u0627\u0644\u0631\u0626\u064a\u0633\u064a\u0629\",\"item\":\"https:\\\/\\\/shanabooks.de\\\/de\\\/\"},{\"@type\":\"ListItem\",\"position\":2,\"name\":\"\u0627\u0644\u0645\u0646\u062a\u062c\u0627\u062a\",\"item\":\"https:\\\/\\\/shanabooks.de\\\/shop\\\/\"},{\"@type\":\"ListItem\",\"position\":3,\"name\":\"Cind\u00ee &#8211; Estanikan\u00ea \u00c7ewl\u00eeg\u00ea ra\"}]},{\"@type\":\"WebSite\",\"@id\":\"https:\\\/\\\/shanabooks.de\\\/#website\",\"url\":\"https:\\\/\\\/shanabooks.de\\\/\",\"name\":\"www.shanbooks.de\",\"description\":\"C\u00eehana Pirt\u00fbk\u00ean Kurd\u00ee \u0645\u0643\u062a\u0628\u0629 \u0634\u0627\u0646\u0627 \u0641\u064a \u0627\u0644\u0645\u0627\u0646\u064a\u0627 \u0648\u0623\u0648\u0631\u0628\u0627\",\"publisher\":{\"@id\":\"https:\\\/\\\/shanabooks.de\\\/#organization\"},\"potentialAction\":[{\"@type\":\"SearchAction\",\"target\":{\"@type\":\"EntryPoint\",\"urlTemplate\":\"https:\\\/\\\/shanabooks.de\\\/?s={search_term_string}\"},\"query-input\":{\"@type\":\"PropertyValueSpecification\",\"valueRequired\":true,\"valueName\":\"search_term_string\"}}],\"inLanguage\":\"de\"},{\"@type\":\"Organization\",\"@id\":\"https:\\\/\\\/shanabooks.de\\\/#organization\",\"name\":\"www.shanbooks.de\",\"url\":\"https:\\\/\\\/shanabooks.de\\\/\",\"logo\":{\"@type\":\"ImageObject\",\"inLanguage\":\"de\",\"@id\":\"https:\\\/\\\/shanabooks.de\\\/#\\\/schema\\\/logo\\\/image\\\/\",\"url\":\"https:\\\/\\\/shanabooks.de\\\/wp-content\\\/uploads\\\/2024\\\/03\\\/SHANABOOKS__2_-removebg-preview.png\",\"contentUrl\":\"https:\\\/\\\/shanabooks.de\\\/wp-content\\\/uploads\\\/2024\\\/03\\\/SHANABOOKS__2_-removebg-preview.png\",\"width\":700,\"height\":150,\"caption\":\"www.shanbooks.de\"},\"image\":{\"@id\":\"https:\\\/\\\/shanabooks.de\\\/#\\\/schema\\\/logo\\\/image\\\/\"}}]}<\/script>\n<!-- \/ Yoast SEO plugin. -->","yoast_head_json":{"title":"Cind\u00ee - Al\u00ee Aydin \u00c7\u00ee\u00e7ek - www.shanabooks.de","description":"Cind\u00ee - Al\u00ee Aydin \u00c7\u00ee\u00e7ek. \u00c7imey\u00ea folklor\u00ee, rast\u00ee \u00fb heq\u00eeqatan\u00ea cuye ra yen\u00ea were. Coka bi folklor\u00ee ma n\u00ea heq\u00eeqatan ra haydar ben\u00ea.N\u00ea berhem\u00ee de z\u00ee folklor\u00ea...","robots":{"index":"index","follow":"follow","max-snippet":"max-snippet:-1","max-image-preview":"max-image-preview:large","max-video-preview":"max-video-preview:-1"},"canonical":"https:\/\/shanabooks.de\/product\/cindi-ali-aydin-cicek\/","og_locale":"de_DE","og_type":"article","og_title":"Cind\u00ee - Al\u00ee Aydin \u00c7\u00ee\u00e7ek - www.shanabooks.de","og_description":"Cind\u00ee - Al\u00ee Aydin \u00c7\u00ee\u00e7ek. \u00c7imey\u00ea folklor\u00ee, rast\u00ee \u00fb heq\u00eeqatan\u00ea cuye ra yen\u00ea were. Coka bi folklor\u00ee ma n\u00ea heq\u00eeqatan ra haydar ben\u00ea.N\u00ea berhem\u00ee de z\u00ee folklor\u00ea...","og_url":"https:\/\/shanabooks.de\/product\/cindi-ali-aydin-cicek\/","og_site_name":"www.shanabooks.de","article_modified_time":"2026-02-08T14:47:48+00:00","og_image":[{"width":305,"height":479,"url":"https:\/\/shanabooks.de\/wp-content\/uploads\/2024\/03\/Cindi-Zazaki-Enstitut.jpg","type":"image\/jpeg"}],"twitter_card":"summary_large_image","twitter_misc":{"Gesch\u00e4tzte Lesezeit":"1\u00a0Minute"},"schema":{"@context":"https:\/\/schema.org","@graph":[{"@type":"WebPage","@id":"https:\/\/shanabooks.de\/product\/cindi-ali-aydin-cicek\/","url":"https:\/\/shanabooks.de\/product\/cindi-ali-aydin-cicek\/","name":"Cind\u00ee - Al\u00ee Aydin \u00c7\u00ee\u00e7ek - www.shanabooks.de","isPartOf":{"@id":"https:\/\/shanabooks.de\/#website"},"primaryImageOfPage":{"@id":"https:\/\/shanabooks.de\/product\/cindi-ali-aydin-cicek\/#primaryimage"},"image":{"@id":"https:\/\/shanabooks.de\/product\/cindi-ali-aydin-cicek\/#primaryimage"},"thumbnailUrl":"https:\/\/shanabooks.de\/wp-content\/uploads\/2024\/03\/Cindi-Zazaki-Enstitut.jpg","datePublished":"2024-03-03T19:52:09+00:00","dateModified":"2026-02-08T14:47:48+00:00","description":"Cind\u00ee - Al\u00ee Aydin \u00c7\u00ee\u00e7ek. \u00c7imey\u00ea folklor\u00ee, rast\u00ee \u00fb heq\u00eeqatan\u00ea cuye ra yen\u00ea were. Coka bi folklor\u00ee ma n\u00ea heq\u00eeqatan ra haydar ben\u00ea.N\u00ea berhem\u00ee de z\u00ee folklor\u00ea...","breadcrumb":{"@id":"https:\/\/shanabooks.de\/product\/cindi-ali-aydin-cicek\/#breadcrumb"},"inLanguage":"de","potentialAction":[{"@type":"ReadAction","target":["https:\/\/shanabooks.de\/product\/cindi-ali-aydin-cicek\/"]}]},{"@type":"ImageObject","inLanguage":"de","@id":"https:\/\/shanabooks.de\/product\/cindi-ali-aydin-cicek\/#primaryimage","url":"https:\/\/shanabooks.de\/wp-content\/uploads\/2024\/03\/Cindi-Zazaki-Enstitut.jpg","contentUrl":"https:\/\/shanabooks.de\/wp-content\/uploads\/2024\/03\/Cindi-Zazaki-Enstitut.jpg","width":305,"height":479,"caption":"Cind\u00ee - Al\u00ee Aydin \u00c7\u00ee\u00e7ek \u00c7imey\u00ea folklor\u00ee, rast\u00ee \u00fb heq\u00eeqatan\u00ea cuye ra yen\u00ea were. Coka bi folklor\u00ee ma n\u00ea heq\u00eeqatan ra haydar ben\u00ea. N\u00ea berhem\u00ee de z\u00ee folklor\u00ea mintiqaya \u00c7ewlig\u00ee ra estanike \u00fb dey\u00eer\u00ee het\u00ea Al\u00ee Aydin \u00c7\u00ee\u00e7ek\u00ee ra amey\u00ea ar\u00eakerdene. \u00a0N\u00ea estanikan \u00fb dey\u00eeran d pirt\u00fbk\u00ean kurd\u00ee helbest \u00e7\u00eerok"},{"@type":"BreadcrumbList","@id":"https:\/\/shanabooks.de\/product\/cindi-ali-aydin-cicek\/#breadcrumb","itemListElement":[{"@type":"ListItem","position":1,"name":"\u0627\u0644\u0631\u0626\u064a\u0633\u064a\u0629","item":"https:\/\/shanabooks.de\/de\/"},{"@type":"ListItem","position":2,"name":"\u0627\u0644\u0645\u0646\u062a\u062c\u0627\u062a","item":"https:\/\/shanabooks.de\/shop\/"},{"@type":"ListItem","position":3,"name":"Cind\u00ee &#8211; Estanikan\u00ea \u00c7ewl\u00eeg\u00ea ra"}]},{"@type":"WebSite","@id":"https:\/\/shanabooks.de\/#website","url":"https:\/\/shanabooks.de\/","name":"www.shanbooks.de","description":"C\u00eehana Pirt\u00fbk\u00ean Kurd\u00ee \u0645\u0643\u062a\u0628\u0629 \u0634\u0627\u0646\u0627 \u0641\u064a \u0627\u0644\u0645\u0627\u0646\u064a\u0627 \u0648\u0623\u0648\u0631\u0628\u0627","publisher":{"@id":"https:\/\/shanabooks.de\/#organization"},"potentialAction":[{"@type":"SearchAction","target":{"@type":"EntryPoint","urlTemplate":"https:\/\/shanabooks.de\/?s={search_term_string}"},"query-input":{"@type":"PropertyValueSpecification","valueRequired":true,"valueName":"search_term_string"}}],"inLanguage":"de"},{"@type":"Organization","@id":"https:\/\/shanabooks.de\/#organization","name":"www.shanbooks.de","url":"https:\/\/shanabooks.de\/","logo":{"@type":"ImageObject","inLanguage":"de","@id":"https:\/\/shanabooks.de\/#\/schema\/logo\/image\/","url":"https:\/\/shanabooks.de\/wp-content\/uploads\/2024\/03\/SHANABOOKS__2_-removebg-preview.png","contentUrl":"https:\/\/shanabooks.de\/wp-content\/uploads\/2024\/03\/SHANABOOKS__2_-removebg-preview.png","width":700,"height":150,"caption":"www.shanbooks.de"},"image":{"@id":"https:\/\/shanabooks.de\/#\/schema\/logo\/image\/"}}]}},"jetpack_sharing_enabled":true,"_links":{"self":[{"href":"https:\/\/shanabooks.de\/de\/wp-json\/wp\/v2\/product\/13761","targetHints":{"allow":["GET"]}}],"collection":[{"href":"https:\/\/shanabooks.de\/de\/wp-json\/wp\/v2\/product"}],"about":[{"href":"https:\/\/shanabooks.de\/de\/wp-json\/wp\/v2\/types\/product"}],"version-history":[{"count":2,"href":"https:\/\/shanabooks.de\/de\/wp-json\/wp\/v2\/product\/13761\/revisions"}],"predecessor-version":[{"id":21304,"href":"https:\/\/shanabooks.de\/de\/wp-json\/wp\/v2\/product\/13761\/revisions\/21304"}],"wp:featuredmedia":[{"embeddable":true,"href":"https:\/\/shanabooks.de\/de\/wp-json\/wp\/v2\/media\/13771"}],"wp:attachment":[{"href":"https:\/\/shanabooks.de\/de\/wp-json\/wp\/v2\/media?parent=13761"}],"wp:term":[{"taxonomy":"product_brand","embeddable":true,"href":"https:\/\/shanabooks.de\/de\/wp-json\/wp\/v2\/product_brand?post=13761"},{"taxonomy":"product_cat","embeddable":true,"href":"https:\/\/shanabooks.de\/de\/wp-json\/wp\/v2\/product_cat?post=13761"},{"taxonomy":"product_tag","embeddable":true,"href":"https:\/\/shanabooks.de\/de\/wp-json\/wp\/v2\/product_tag?post=13761"}],"curies":[{"name":"wp","href":"https:\/\/api.w.org\/{rel}","templated":true}]}}