{"id":13762,"date":"2024-03-03T19:52:09","date_gmt":"2024-03-03T19:52:09","guid":{"rendered":"https:\/\/shanabooks.de\/?post_type=product&#038;p=13762"},"modified":"2026-02-24T22:43:24","modified_gmt":"2026-02-24T22:43:24","slug":"mihemed-sexo-qado-serin","status":"publish","type":"product","link":"https:\/\/shanabooks.de\/de\/product\/mihemed-sexo-qado-serin\/","title":{"rendered":"Mihemed \u015e\u00eaxo &#8211; Huner \u00fb J\u00eenen\u00eegar\u00ee"},"content":{"rendered":"<p style=\"text-align: left\"><strong>Mihemed \u015e\u00eaxo &#8211; Qado \u015e\u00ear\u00een<\/strong><\/p>\n<p style=\"text-align: left\">Mihemed \u015eexo mezin b\u00fb \u00fb mezin jiya, pi\u015ft\u00ee wefat kir, mezintir b\u00fb.<br \/>\nMihemed \u015e\u00eaxo 41 salan jiya, di dema w\u00ee de Internet, Facebook, Twitter, Instagram \u00fb Youtube tune b\u00fbn, &#8230;htd, wate, alav\u00ean al\u00eekariya hunermend bikin ji bo mezin \u00fb navdar bibe tune b\u00fbn, kas\u00eat \u00fb t\u00eep\u00ean ber\u00ea heb\u00fbn, ew j\u00ee li ba herkes\u00ee peyda nedib\u00fbn.<br \/>\nLi gel wiha Mihemed \u015e\u00eaxo mezin b\u00fb, navdar b\u00fb, li her \u00e7ar per\u00e7ey\u00ean Kurdistan\u00ea hat nas kirin, hez kirin \u00fb guhdar\u00ee kirin. Raz \u00e7i b\u00fb? Bersiv di pirt\u00fbk\u00ea de ye.<\/p>\n","protected":false},"excerpt":{"rendered":"<p style=\"text-align: center\"><strong>Pirt\u00fbk: Mihemed \u015e\u00eaxo<br \/>\nNiv\u00eeskar: Qado \u015e\u00ear\u00een<br \/>\nCure: Huner \u00fb J\u00eenen\u00eegar\u00ee<\/strong><\/p>\n","protected":false},"featured_media":13773,"template":"","meta":{"site-sidebar-layout":"default","site-content-layout":"","ast-site-content-layout":"default","site-content-style":"default","site-sidebar-style":"default","ast-global-header-display":"","ast-banner-title-visibility":"","ast-main-header-display":"","ast-hfb-above-header-display":"","ast-hfb-below-header-display":"","ast-hfb-mobile-header-display":"","site-post-title":"","ast-breadcrumbs-content":"","ast-featured-img":"","footer-sml-layout":"","ast-disable-related-posts":"","theme-transparent-header-meta":"default","adv-header-id-meta":"","stick-header-meta":"","header-above-stick-meta":"","header-main-stick-meta":"","header-below-stick-meta":"","astra-migrate-meta-layouts":"set","ast-page-background-enabled":"default","ast-page-background-meta":{"desktop":{"background-color":"","background-image":"","background-repeat":"repeat","background-position":"center center","background-size":"auto","background-attachment":"scroll","background-type":"","background-media":"","overlay-type":"","overlay-color":"","overlay-opacity":"","overlay-gradient":""},"tablet":{"background-color":"","background-image":"","background-repeat":"repeat","background-position":"center center","background-size":"auto","background-attachment":"scroll","background-type":"","background-media":"","overlay-type":"","overlay-color":"","overlay-opacity":"","overlay-gradient":""},"mobile":{"background-color":"","background-image":"","background-repeat":"repeat","background-position":"center center","background-size":"auto","background-attachment":"scroll","background-type":"","background-media":"","overlay-type":"","overlay-color":"","overlay-opacity":"","overlay-gradient":""}},"ast-content-background-meta":{"desktop":{"background-color":"var(--ast-global-color-5)","background-image":"","background-repeat":"repeat","background-position":"center center","background-size":"auto","background-attachment":"scroll","background-type":"","background-media":"","overlay-type":"","overlay-color":"","overlay-opacity":"","overlay-gradient":""},"tablet":{"background-color":"var(--ast-global-color-5)","background-image":"","background-repeat":"repeat","background-position":"center center","background-size":"auto","background-attachment":"scroll","background-type":"","background-media":"","overlay-type":"","overlay-color":"","overlay-opacity":"","overlay-gradient":""},"mobile":{"background-color":"var(--ast-global-color-5)","background-image":"","background-repeat":"repeat","background-position":"center center","background-size":"auto","background-attachment":"scroll","background-type":"","background-media":"","overlay-type":"","overlay-color":"","overlay-opacity":"","overlay-gradient":""}}},"product_brand":[],"product_cat":[334,179,193],"product_tag":[],"class_list":{"0":"post-13762","1":"product","2":"type-product","3":"status-publish","4":"has-post-thumbnail","6":"product_cat--_","7":"product_cat-_","9":"pa_-lekolin","10":"pa_-muzik","11":"pa_-qado-serin","12":"pa_-kurmanci","13":"pa_--dar-zeman","14":"desktop-align-left","15":"tablet-align-left","16":"mobile-align-left","18":"first","19":"instock","20":"shipping-taxable","21":"purchasable","22":"product-type-simple"},"yoast_head":"<!-- This site is optimized with the Yoast SEO plugin v27.4 - https:\/\/yoast.com\/product\/yoast-seo-wordpress\/ -->\n<title>Mihemed \u015e\u00eaxo - Qado \u015e\u00ear\u00een - www.shanabooks.de<\/title>\n<meta name=\"description\" content=\"Mihemed \u015e\u00eaxo - Qado \u015e\u00ear\u00een Mihemed \u015eexo mezin b\u00fb \u00fb mezin jiya, pi\u015ft\u00ee wefat kir, mezintir b\u00fb.Mihemed \u015e\u00eaxo 41 salan jiya, di dema w\u00ee de Internet, Facebook, ...\" \/>\n<meta name=\"robots\" content=\"index, follow, max-snippet:-1, max-image-preview:large, max-video-preview:-1\" \/>\n<link rel=\"canonical\" href=\"https:\/\/shanabooks.de\/product\/mihemed-sexo-qado-serin\/\" \/>\n<meta property=\"og:locale\" content=\"de_DE\" \/>\n<meta property=\"og:type\" content=\"article\" \/>\n<meta property=\"og:title\" content=\"Mihemed \u015e\u00eaxo - Qado \u015e\u00ear\u00een - www.shanabooks.de\" \/>\n<meta property=\"og:description\" content=\"Mihemed \u015e\u00eaxo - Qado \u015e\u00ear\u00een Mihemed \u015eexo mezin b\u00fb \u00fb mezin jiya, pi\u015ft\u00ee wefat kir, mezintir b\u00fb.Mihemed \u015e\u00eaxo 41 salan jiya, di dema w\u00ee de Internet, Facebook, ...\" \/>\n<meta property=\"og:url\" content=\"https:\/\/shanabooks.de\/product\/mihemed-sexo-qado-serin\/\" \/>\n<meta property=\"og:site_name\" content=\"www.shanabooks.de\" \/>\n<meta property=\"article:modified_time\" content=\"2026-02-24T22:43:24+00:00\" \/>\n<meta property=\"og:image\" content=\"https:\/\/shanabooks.de\/wp-content\/uploads\/2024\/03\/Mihemed-Sexo.png\" \/>\n\t<meta property=\"og:image:width\" content=\"161\" \/>\n\t<meta property=\"og:image:height\" content=\"238\" \/>\n\t<meta property=\"og:image:type\" content=\"image\/png\" \/>\n<meta name=\"twitter:card\" content=\"summary_large_image\" \/>\n<meta name=\"twitter:label1\" content=\"Gesch\u00e4tzte Lesezeit\" \/>\n\t<meta name=\"twitter:data1\" content=\"1\u00a0Minute\" \/>\n<script type=\"application\/ld+json\" class=\"yoast-schema-graph\">{\"@context\":\"https:\\\/\\\/schema.org\",\"@graph\":[{\"@type\":\"WebPage\",\"@id\":\"https:\\\/\\\/shanabooks.de\\\/product\\\/mihemed-sexo-qado-serin\\\/\",\"url\":\"https:\\\/\\\/shanabooks.de\\\/product\\\/mihemed-sexo-qado-serin\\\/\",\"name\":\"Mihemed \u015e\u00eaxo - Qado \u015e\u00ear\u00een - www.shanabooks.de\",\"isPartOf\":{\"@id\":\"https:\\\/\\\/shanabooks.de\\\/#website\"},\"primaryImageOfPage\":{\"@id\":\"https:\\\/\\\/shanabooks.de\\\/product\\\/mihemed-sexo-qado-serin\\\/#primaryimage\"},\"image\":{\"@id\":\"https:\\\/\\\/shanabooks.de\\\/product\\\/mihemed-sexo-qado-serin\\\/#primaryimage\"},\"thumbnailUrl\":\"https:\\\/\\\/shanabooks.de\\\/wp-content\\\/uploads\\\/2024\\\/03\\\/Mihemed-Sexo.png\",\"datePublished\":\"2024-03-03T19:52:09+00:00\",\"dateModified\":\"2026-02-24T22:43:24+00:00\",\"description\":\"Mihemed \u015e\u00eaxo - Qado \u015e\u00ear\u00een Mihemed \u015eexo mezin b\u00fb \u00fb mezin jiya, pi\u015ft\u00ee wefat kir, mezintir b\u00fb.Mihemed \u015e\u00eaxo 41 salan jiya, di dema w\u00ee de Internet, Facebook, ...\",\"breadcrumb\":{\"@id\":\"https:\\\/\\\/shanabooks.de\\\/product\\\/mihemed-sexo-qado-serin\\\/#breadcrumb\"},\"inLanguage\":\"de\",\"potentialAction\":[{\"@type\":\"ReadAction\",\"target\":[\"https:\\\/\\\/shanabooks.de\\\/product\\\/mihemed-sexo-qado-serin\\\/\"]}]},{\"@type\":\"ImageObject\",\"inLanguage\":\"de\",\"@id\":\"https:\\\/\\\/shanabooks.de\\\/product\\\/mihemed-sexo-qado-serin\\\/#primaryimage\",\"url\":\"https:\\\/\\\/shanabooks.de\\\/wp-content\\\/uploads\\\/2024\\\/03\\\/Mihemed-Sexo.png\",\"contentUrl\":\"https:\\\/\\\/shanabooks.de\\\/wp-content\\\/uploads\\\/2024\\\/03\\\/Mihemed-Sexo.png\",\"width\":161,\"height\":238,\"caption\":\"Mihemed \u015e\u00eaxo - Qado \u015e\u00ear\u00een- pirt\u00fbk\u00ean kurd\u00ee\"},{\"@type\":\"BreadcrumbList\",\"@id\":\"https:\\\/\\\/shanabooks.de\\\/product\\\/mihemed-sexo-qado-serin\\\/#breadcrumb\",\"itemListElement\":[{\"@type\":\"ListItem\",\"position\":1,\"name\":\"\u0627\u0644\u0631\u0626\u064a\u0633\u064a\u0629\",\"item\":\"https:\\\/\\\/shanabooks.de\\\/de\\\/\"},{\"@type\":\"ListItem\",\"position\":2,\"name\":\"\u0627\u0644\u0645\u0646\u062a\u062c\u0627\u062a\",\"item\":\"https:\\\/\\\/shanabooks.de\\\/shop\\\/\"},{\"@type\":\"ListItem\",\"position\":3,\"name\":\"Mihemed \u015e\u00eaxo &#8211; Huner \u00fb J\u00eenen\u00eegar\u00ee\"}]},{\"@type\":\"WebSite\",\"@id\":\"https:\\\/\\\/shanabooks.de\\\/#website\",\"url\":\"https:\\\/\\\/shanabooks.de\\\/\",\"name\":\"www.shanbooks.de\",\"description\":\"C\u00eehana Pirt\u00fbk\u00ean Kurd\u00ee \u0645\u0643\u062a\u0628\u0629 \u0634\u0627\u0646\u0627 \u0641\u064a \u0627\u0644\u0645\u0627\u0646\u064a\u0627 \u0648\u0623\u0648\u0631\u0628\u0627\",\"publisher\":{\"@id\":\"https:\\\/\\\/shanabooks.de\\\/#organization\"},\"potentialAction\":[{\"@type\":\"SearchAction\",\"target\":{\"@type\":\"EntryPoint\",\"urlTemplate\":\"https:\\\/\\\/shanabooks.de\\\/?s={search_term_string}\"},\"query-input\":{\"@type\":\"PropertyValueSpecification\",\"valueRequired\":true,\"valueName\":\"search_term_string\"}}],\"inLanguage\":\"de\"},{\"@type\":\"Organization\",\"@id\":\"https:\\\/\\\/shanabooks.de\\\/#organization\",\"name\":\"www.shanbooks.de\",\"url\":\"https:\\\/\\\/shanabooks.de\\\/\",\"logo\":{\"@type\":\"ImageObject\",\"inLanguage\":\"de\",\"@id\":\"https:\\\/\\\/shanabooks.de\\\/#\\\/schema\\\/logo\\\/image\\\/\",\"url\":\"https:\\\/\\\/shanabooks.de\\\/wp-content\\\/uploads\\\/2024\\\/03\\\/SHANABOOKS__2_-removebg-preview.png\",\"contentUrl\":\"https:\\\/\\\/shanabooks.de\\\/wp-content\\\/uploads\\\/2024\\\/03\\\/SHANABOOKS__2_-removebg-preview.png\",\"width\":700,\"height\":150,\"caption\":\"www.shanbooks.de\"},\"image\":{\"@id\":\"https:\\\/\\\/shanabooks.de\\\/#\\\/schema\\\/logo\\\/image\\\/\"}}]}<\/script>\n<!-- \/ Yoast SEO plugin. -->","yoast_head_json":{"title":"Mihemed \u015e\u00eaxo - Qado \u015e\u00ear\u00een - www.shanabooks.de","description":"Mihemed \u015e\u00eaxo - Qado \u015e\u00ear\u00een Mihemed \u015eexo mezin b\u00fb \u00fb mezin jiya, pi\u015ft\u00ee wefat kir, mezintir b\u00fb.Mihemed \u015e\u00eaxo 41 salan jiya, di dema w\u00ee de Internet, Facebook, ...","robots":{"index":"index","follow":"follow","max-snippet":"max-snippet:-1","max-image-preview":"max-image-preview:large","max-video-preview":"max-video-preview:-1"},"canonical":"https:\/\/shanabooks.de\/product\/mihemed-sexo-qado-serin\/","og_locale":"de_DE","og_type":"article","og_title":"Mihemed \u015e\u00eaxo - Qado \u015e\u00ear\u00een - www.shanabooks.de","og_description":"Mihemed \u015e\u00eaxo - Qado \u015e\u00ear\u00een Mihemed \u015eexo mezin b\u00fb \u00fb mezin jiya, pi\u015ft\u00ee wefat kir, mezintir b\u00fb.Mihemed \u015e\u00eaxo 41 salan jiya, di dema w\u00ee de Internet, Facebook, ...","og_url":"https:\/\/shanabooks.de\/product\/mihemed-sexo-qado-serin\/","og_site_name":"www.shanabooks.de","article_modified_time":"2026-02-24T22:43:24+00:00","og_image":[{"width":161,"height":238,"url":"https:\/\/shanabooks.de\/wp-content\/uploads\/2024\/03\/Mihemed-Sexo.png","type":"image\/png"}],"twitter_card":"summary_large_image","twitter_misc":{"Gesch\u00e4tzte Lesezeit":"1\u00a0Minute"},"schema":{"@context":"https:\/\/schema.org","@graph":[{"@type":"WebPage","@id":"https:\/\/shanabooks.de\/product\/mihemed-sexo-qado-serin\/","url":"https:\/\/shanabooks.de\/product\/mihemed-sexo-qado-serin\/","name":"Mihemed \u015e\u00eaxo - Qado \u015e\u00ear\u00een - www.shanabooks.de","isPartOf":{"@id":"https:\/\/shanabooks.de\/#website"},"primaryImageOfPage":{"@id":"https:\/\/shanabooks.de\/product\/mihemed-sexo-qado-serin\/#primaryimage"},"image":{"@id":"https:\/\/shanabooks.de\/product\/mihemed-sexo-qado-serin\/#primaryimage"},"thumbnailUrl":"https:\/\/shanabooks.de\/wp-content\/uploads\/2024\/03\/Mihemed-Sexo.png","datePublished":"2024-03-03T19:52:09+00:00","dateModified":"2026-02-24T22:43:24+00:00","description":"Mihemed \u015e\u00eaxo - Qado \u015e\u00ear\u00een Mihemed \u015eexo mezin b\u00fb \u00fb mezin jiya, pi\u015ft\u00ee wefat kir, mezintir b\u00fb.Mihemed \u015e\u00eaxo 41 salan jiya, di dema w\u00ee de Internet, Facebook, ...","breadcrumb":{"@id":"https:\/\/shanabooks.de\/product\/mihemed-sexo-qado-serin\/#breadcrumb"},"inLanguage":"de","potentialAction":[{"@type":"ReadAction","target":["https:\/\/shanabooks.de\/product\/mihemed-sexo-qado-serin\/"]}]},{"@type":"ImageObject","inLanguage":"de","@id":"https:\/\/shanabooks.de\/product\/mihemed-sexo-qado-serin\/#primaryimage","url":"https:\/\/shanabooks.de\/wp-content\/uploads\/2024\/03\/Mihemed-Sexo.png","contentUrl":"https:\/\/shanabooks.de\/wp-content\/uploads\/2024\/03\/Mihemed-Sexo.png","width":161,"height":238,"caption":"Mihemed \u015e\u00eaxo - Qado \u015e\u00ear\u00een- pirt\u00fbk\u00ean kurd\u00ee"},{"@type":"BreadcrumbList","@id":"https:\/\/shanabooks.de\/product\/mihemed-sexo-qado-serin\/#breadcrumb","itemListElement":[{"@type":"ListItem","position":1,"name":"\u0627\u0644\u0631\u0626\u064a\u0633\u064a\u0629","item":"https:\/\/shanabooks.de\/de\/"},{"@type":"ListItem","position":2,"name":"\u0627\u0644\u0645\u0646\u062a\u062c\u0627\u062a","item":"https:\/\/shanabooks.de\/shop\/"},{"@type":"ListItem","position":3,"name":"Mihemed \u015e\u00eaxo &#8211; Huner \u00fb J\u00eenen\u00eegar\u00ee"}]},{"@type":"WebSite","@id":"https:\/\/shanabooks.de\/#website","url":"https:\/\/shanabooks.de\/","name":"www.shanbooks.de","description":"C\u00eehana Pirt\u00fbk\u00ean Kurd\u00ee \u0645\u0643\u062a\u0628\u0629 \u0634\u0627\u0646\u0627 \u0641\u064a \u0627\u0644\u0645\u0627\u0646\u064a\u0627 \u0648\u0623\u0648\u0631\u0628\u0627","publisher":{"@id":"https:\/\/shanabooks.de\/#organization"},"potentialAction":[{"@type":"SearchAction","target":{"@type":"EntryPoint","urlTemplate":"https:\/\/shanabooks.de\/?s={search_term_string}"},"query-input":{"@type":"PropertyValueSpecification","valueRequired":true,"valueName":"search_term_string"}}],"inLanguage":"de"},{"@type":"Organization","@id":"https:\/\/shanabooks.de\/#organization","name":"www.shanbooks.de","url":"https:\/\/shanabooks.de\/","logo":{"@type":"ImageObject","inLanguage":"de","@id":"https:\/\/shanabooks.de\/#\/schema\/logo\/image\/","url":"https:\/\/shanabooks.de\/wp-content\/uploads\/2024\/03\/SHANABOOKS__2_-removebg-preview.png","contentUrl":"https:\/\/shanabooks.de\/wp-content\/uploads\/2024\/03\/SHANABOOKS__2_-removebg-preview.png","width":700,"height":150,"caption":"www.shanbooks.de"},"image":{"@id":"https:\/\/shanabooks.de\/#\/schema\/logo\/image\/"}}]}},"jetpack_sharing_enabled":true,"_links":{"self":[{"href":"https:\/\/shanabooks.de\/de\/wp-json\/wp\/v2\/product\/13762","targetHints":{"allow":["GET"]}}],"collection":[{"href":"https:\/\/shanabooks.de\/de\/wp-json\/wp\/v2\/product"}],"about":[{"href":"https:\/\/shanabooks.de\/de\/wp-json\/wp\/v2\/types\/product"}],"version-history":[{"count":2,"href":"https:\/\/shanabooks.de\/de\/wp-json\/wp\/v2\/product\/13762\/revisions"}],"predecessor-version":[{"id":13907,"href":"https:\/\/shanabooks.de\/de\/wp-json\/wp\/v2\/product\/13762\/revisions\/13907"}],"wp:featuredmedia":[{"embeddable":true,"href":"https:\/\/shanabooks.de\/de\/wp-json\/wp\/v2\/media\/13773"}],"wp:attachment":[{"href":"https:\/\/shanabooks.de\/de\/wp-json\/wp\/v2\/media?parent=13762"}],"wp:term":[{"taxonomy":"product_brand","embeddable":true,"href":"https:\/\/shanabooks.de\/de\/wp-json\/wp\/v2\/product_brand?post=13762"},{"taxonomy":"product_cat","embeddable":true,"href":"https:\/\/shanabooks.de\/de\/wp-json\/wp\/v2\/product_cat?post=13762"},{"taxonomy":"product_tag","embeddable":true,"href":"https:\/\/shanabooks.de\/de\/wp-json\/wp\/v2\/product_tag?post=13762"}],"curies":[{"name":"wp","href":"https:\/\/api.w.org\/{rel}","templated":true}]}}