{"id":25509,"date":"2024-05-25T09:09:10","date_gmt":"2024-05-25T09:09:10","guid":{"rendered":"https:\/\/shanabooks.de\/?post_type=product&#038;p=25509"},"modified":"2026-02-24T22:25:56","modified_gmt":"2026-02-24T22:25:56","slug":"ne-xema-zendiken-min-e-ciwan-qado","status":"publish","type":"product","link":"https:\/\/shanabooks.de\/de\/product\/ne-xema-zendiken-min-e-ciwan-qado\/","title":{"rendered":"Ne Xema Zendik\u00ean Min e"},"content":{"rendered":"<p style=\"text-align: left;\"><strong>Ne Xema Zendik\u00ean Min e &#8211; Ciwan Qado<\/strong><\/p>\n<p style=\"text-align: left;\">Eger te Xwest, ji r\u00fby\u00ea bal\u00eefa min bi\u00e7ine<br \/>\nkul\u00eelk\u00ean kov\u00ee,<br \/>\ny\u00ean bi dev\u00ean saw\u00earan dinorin.<br \/>\nYan bih\u00eale bal\u00eef saw\u00earan bistr\u00ea<br \/>\nKul\u00eelk bi kul\u00eelk.<br \/>\nNizanim, ev ser\u00ea min e y\u00ea ku guman\u00ean te<br \/>\ndih\u00earin?<br \/>\nYan guman\u00ean min difiridin<br \/>\nDend\u00ee bi dend\u00ee?<br \/>\nTe d\u00eet,<br \/>\nSihara sib\u00ea<br \/>\nQulingek di \u00e7av\u00ea te de diqunge<br \/>\nBi \u00e7av\u00ea w\u00ee tu h\u00eeza rariziyay\u00ee \u00fb rengqetran\u00eeya<br \/>\nqinyat\u00ea dib\u00een\u00ee.<br \/>\nTe b\u00eera v\u00ea yek\u00ea biriye?<br \/>\nBi kiras\u00ean maran r\u00fbber bibin niv\u00een,<br \/>\n\u00db tu rab\u00ee ser xwe \u00fb ji xew\u00ea bi sebirtir neb\u00een\u00ee.<br \/>\n&#8212;&#8212;&#8212;&#8212;&#8212;-<br \/>\nCiwan Qado di sala 1980yan de, li bajar\u00ea Aam\u00fbd\u00ea y\u00ea Rojavay\u00ea Kurdistan\u00ea \u00e7\u00eab\u00fbye. Li \u015eam\u00ea, li Zankoya, be\u015fa Zanyar\u00ean Der\u00fbn\u00ee xwendiye.<\/p>\n<hr \/>\n<p style=\"text-align: left;\">Pirt\u00fbka bi nav\u00ea &#8220; Ne Xema Zendik\u00ean Min e&#8220; ya helbestvan Ciwan Qado di sala 2024 cara yekem ji we\u015fan\u00ean Ram\u00eena hatiye \u00e7ap kirin.<\/p>\n","protected":false},"excerpt":{"rendered":"<p style=\"text-align: center;\"><strong>Pirt\u00fbk: Ne Xema Zendik\u00ean Min e<br \/>\nNiv\u00eeskar: Ciwan Qado<br \/>\nCure: Helbest<\/strong><\/p>\n","protected":false},"featured_media":25513,"template":"","meta":{"site-sidebar-layout":"default","site-content-layout":"","ast-site-content-layout":"default","site-content-style":"default","site-sidebar-style":"default","ast-global-header-display":"","ast-banner-title-visibility":"","ast-main-header-display":"","ast-hfb-above-header-display":"","ast-hfb-below-header-display":"","ast-hfb-mobile-header-display":"","site-post-title":"","ast-breadcrumbs-content":"","ast-featured-img":"","footer-sml-layout":"","ast-disable-related-posts":"","theme-transparent-header-meta":"default","adv-header-id-meta":"","stick-header-meta":"","header-above-stick-meta":"","header-main-stick-meta":"","header-below-stick-meta":"","astra-migrate-meta-layouts":"set","ast-page-background-enabled":"default","ast-page-background-meta":{"desktop":{"background-color":"","background-image":"","background-repeat":"repeat","background-position":"center center","background-size":"auto","background-attachment":"scroll","background-type":"","background-media":"","overlay-type":"","overlay-color":"","overlay-opacity":"","overlay-gradient":""},"tablet":{"background-color":"","background-image":"","background-repeat":"repeat","background-position":"center center","background-size":"auto","background-attachment":"scroll","background-type":"","background-media":"","overlay-type":"","overlay-color":"","overlay-opacity":"","overlay-gradient":""},"mobile":{"background-color":"","background-image":"","background-repeat":"repeat","background-position":"center center","background-size":"auto","background-attachment":"scroll","background-type":"","background-media":"","overlay-type":"","overlay-color":"","overlay-opacity":"","overlay-gradient":""}},"ast-content-background-meta":{"desktop":{"background-color":"var(--ast-global-color-5)","background-image":"","background-repeat":"repeat","background-position":"center center","background-size":"auto","background-attachment":"scroll","background-type":"","background-media":"","overlay-type":"","overlay-color":"","overlay-opacity":"","overlay-gradient":""},"tablet":{"background-color":"var(--ast-global-color-5)","background-image":"","background-repeat":"repeat","background-position":"center center","background-size":"auto","background-attachment":"scroll","background-type":"","background-media":"","overlay-type":"","overlay-color":"","overlay-opacity":"","overlay-gradient":""},"mobile":{"background-color":"var(--ast-global-color-5)","background-image":"","background-repeat":"repeat","background-position":"center center","background-size":"auto","background-attachment":"scroll","background-type":"","background-media":"","overlay-type":"","overlay-color":"","overlay-opacity":"","overlay-gradient":""}}},"product_brand":[],"product_cat":[184,193],"product_tag":[],"class_list":{"0":"post-25509","1":"product","2":"type-product","3":"status-publish","4":"has-post-thumbnail","6":"product_cat-_","7":"product_cat--_","8":"pa_-helbest","9":"pa_-ciwan-qado","10":"pa_-kurmanci","11":"pa_--ramina","12":"pa_--742","13":"desktop-align-left","14":"tablet-align-left","15":"mobile-align-left","17":"first","18":"instock","19":"shipping-taxable","20":"purchasable","21":"product-type-simple"},"yoast_head":"<!-- This site is optimized with the Yoast SEO plugin v27.5 - https:\/\/yoast.com\/product\/yoast-seo-wordpress\/ -->\n<title>Ne Xema Zendik\u00ean Min e - Ciwan Qado - www.shanabooks.de<\/title>\n<meta name=\"description\" content=\"Ne Xema Zendik\u00ean Min e - Ciwan Qado Eger te Xwest, ji r\u00fby\u00ea bal\u00eefa min bi\u00e7ine kul\u00eelk\u00ean kov\u00ee, y\u00ean bi dev\u00ean saw\u00earan dinorin. Yan bih\u00eale bal\u00eef saw\u00earan bistr\u00ea...\" \/>\n<meta name=\"robots\" content=\"index, follow, max-snippet:-1, max-image-preview:large, max-video-preview:-1\" \/>\n<link rel=\"canonical\" href=\"https:\/\/shanabooks.de\/product\/ne-xema-zendiken-min-e-ciwan-qado\/\" \/>\n<meta property=\"og:locale\" content=\"de_DE\" \/>\n<meta property=\"og:type\" content=\"article\" \/>\n<meta property=\"og:title\" content=\"Ne Xema Zendik\u00ean Min e - Ciwan Qado - www.shanabooks.de\" \/>\n<meta property=\"og:description\" content=\"Ne Xema Zendik\u00ean Min e - Ciwan Qado Eger te Xwest, ji r\u00fby\u00ea bal\u00eefa min bi\u00e7ine kul\u00eelk\u00ean kov\u00ee, y\u00ean bi dev\u00ean saw\u00earan dinorin. Yan bih\u00eale bal\u00eef saw\u00earan bistr\u00ea...\" \/>\n<meta property=\"og:url\" content=\"https:\/\/shanabooks.de\/product\/ne-xema-zendiken-min-e-ciwan-qado\/\" \/>\n<meta property=\"og:site_name\" content=\"www.shanabooks.de\" \/>\n<meta property=\"article:modified_time\" content=\"2026-02-24T22:25:56+00:00\" \/>\n<meta property=\"og:image\" content=\"https:\/\/shanabooks.de\/wp-content\/uploads\/2024\/05\/e-xema-zendiken-min-e.jpg\" \/>\n\t<meta property=\"og:image:width\" content=\"317\" \/>\n\t<meta property=\"og:image:height\" content=\"482\" \/>\n\t<meta property=\"og:image:type\" content=\"image\/jpeg\" \/>\n<meta name=\"twitter:card\" content=\"summary_large_image\" \/>\n<meta name=\"twitter:label1\" content=\"Gesch\u00e4tzte Lesezeit\" \/>\n\t<meta name=\"twitter:data1\" content=\"2\u00a0Minuten\" \/>\n<script type=\"application\/ld+json\" class=\"yoast-schema-graph\">{\"@context\":\"https:\\\/\\\/schema.org\",\"@graph\":[{\"@type\":\"WebPage\",\"@id\":\"https:\\\/\\\/shanabooks.de\\\/product\\\/ne-xema-zendiken-min-e-ciwan-qado\\\/\",\"url\":\"https:\\\/\\\/shanabooks.de\\\/product\\\/ne-xema-zendiken-min-e-ciwan-qado\\\/\",\"name\":\"Ne Xema Zendik\u00ean Min e - Ciwan Qado - www.shanabooks.de\",\"isPartOf\":{\"@id\":\"https:\\\/\\\/shanabooks.de\\\/#website\"},\"primaryImageOfPage\":{\"@id\":\"https:\\\/\\\/shanabooks.de\\\/product\\\/ne-xema-zendiken-min-e-ciwan-qado\\\/#primaryimage\"},\"image\":{\"@id\":\"https:\\\/\\\/shanabooks.de\\\/product\\\/ne-xema-zendiken-min-e-ciwan-qado\\\/#primaryimage\"},\"thumbnailUrl\":\"https:\\\/\\\/shanabooks.de\\\/wp-content\\\/uploads\\\/2024\\\/05\\\/e-xema-zendiken-min-e.jpg\",\"datePublished\":\"2024-05-25T09:09:10+00:00\",\"dateModified\":\"2026-02-24T22:25:56+00:00\",\"description\":\"Ne Xema Zendik\u00ean Min e - Ciwan Qado Eger te Xwest, ji r\u00fby\u00ea bal\u00eefa min bi\u00e7ine kul\u00eelk\u00ean kov\u00ee, y\u00ean bi dev\u00ean saw\u00earan dinorin. Yan bih\u00eale bal\u00eef saw\u00earan bistr\u00ea...\",\"breadcrumb\":{\"@id\":\"https:\\\/\\\/shanabooks.de\\\/product\\\/ne-xema-zendiken-min-e-ciwan-qado\\\/#breadcrumb\"},\"inLanguage\":\"de\",\"potentialAction\":[{\"@type\":\"ReadAction\",\"target\":[\"https:\\\/\\\/shanabooks.de\\\/product\\\/ne-xema-zendiken-min-e-ciwan-qado\\\/\"]}]},{\"@type\":\"ImageObject\",\"inLanguage\":\"de\",\"@id\":\"https:\\\/\\\/shanabooks.de\\\/product\\\/ne-xema-zendiken-min-e-ciwan-qado\\\/#primaryimage\",\"url\":\"https:\\\/\\\/shanabooks.de\\\/wp-content\\\/uploads\\\/2024\\\/05\\\/e-xema-zendiken-min-e.jpg\",\"contentUrl\":\"https:\\\/\\\/shanabooks.de\\\/wp-content\\\/uploads\\\/2024\\\/05\\\/e-xema-zendiken-min-e.jpg\",\"width\":317,\"height\":482,\"caption\":\"Ne Xema Zendik\u00ean min e - Ciwan Qado - Helbest - Pirt\u00fbk\u00ean Kurd\u00ee\"},{\"@type\":\"BreadcrumbList\",\"@id\":\"https:\\\/\\\/shanabooks.de\\\/product\\\/ne-xema-zendiken-min-e-ciwan-qado\\\/#breadcrumb\",\"itemListElement\":[{\"@type\":\"ListItem\",\"position\":1,\"name\":\"\u0627\u0644\u0631\u0626\u064a\u0633\u064a\u0629\",\"item\":\"https:\\\/\\\/shanabooks.de\\\/de\\\/\"},{\"@type\":\"ListItem\",\"position\":2,\"name\":\"\u0627\u0644\u0645\u0646\u062a\u062c\u0627\u062a\",\"item\":\"https:\\\/\\\/shanabooks.de\\\/shop\\\/\"},{\"@type\":\"ListItem\",\"position\":3,\"name\":\"Ne Xema Zendik\u00ean Min e\"}]},{\"@type\":\"WebSite\",\"@id\":\"https:\\\/\\\/shanabooks.de\\\/#website\",\"url\":\"https:\\\/\\\/shanabooks.de\\\/\",\"name\":\"www.shanbooks.de\",\"description\":\"C\u00eehana Pirt\u00fbk\u00ean Kurd\u00ee \u0645\u0643\u062a\u0628\u0629 \u0634\u0627\u0646\u0627 \u0641\u064a \u0627\u0644\u0645\u0627\u0646\u064a\u0627 \u0648\u0623\u0648\u0631\u0628\u0627\",\"publisher\":{\"@id\":\"https:\\\/\\\/shanabooks.de\\\/#organization\"},\"potentialAction\":[{\"@type\":\"SearchAction\",\"target\":{\"@type\":\"EntryPoint\",\"urlTemplate\":\"https:\\\/\\\/shanabooks.de\\\/?s={search_term_string}\"},\"query-input\":{\"@type\":\"PropertyValueSpecification\",\"valueRequired\":true,\"valueName\":\"search_term_string\"}}],\"inLanguage\":\"de\"},{\"@type\":\"Organization\",\"@id\":\"https:\\\/\\\/shanabooks.de\\\/#organization\",\"name\":\"www.shanbooks.de\",\"url\":\"https:\\\/\\\/shanabooks.de\\\/\",\"logo\":{\"@type\":\"ImageObject\",\"inLanguage\":\"de\",\"@id\":\"https:\\\/\\\/shanabooks.de\\\/#\\\/schema\\\/logo\\\/image\\\/\",\"url\":\"https:\\\/\\\/shanabooks.de\\\/wp-content\\\/uploads\\\/2024\\\/03\\\/SHANABOOKS__2_-removebg-preview.png\",\"contentUrl\":\"https:\\\/\\\/shanabooks.de\\\/wp-content\\\/uploads\\\/2024\\\/03\\\/SHANABOOKS__2_-removebg-preview.png\",\"width\":700,\"height\":150,\"caption\":\"www.shanbooks.de\"},\"image\":{\"@id\":\"https:\\\/\\\/shanabooks.de\\\/#\\\/schema\\\/logo\\\/image\\\/\"}}]}<\/script>\n<!-- \/ Yoast SEO plugin. -->","yoast_head_json":{"title":"Ne Xema Zendik\u00ean Min e - Ciwan Qado - www.shanabooks.de","description":"Ne Xema Zendik\u00ean Min e - Ciwan Qado Eger te Xwest, ji r\u00fby\u00ea bal\u00eefa min bi\u00e7ine kul\u00eelk\u00ean kov\u00ee, y\u00ean bi dev\u00ean saw\u00earan dinorin. Yan bih\u00eale bal\u00eef saw\u00earan bistr\u00ea...","robots":{"index":"index","follow":"follow","max-snippet":"max-snippet:-1","max-image-preview":"max-image-preview:large","max-video-preview":"max-video-preview:-1"},"canonical":"https:\/\/shanabooks.de\/product\/ne-xema-zendiken-min-e-ciwan-qado\/","og_locale":"de_DE","og_type":"article","og_title":"Ne Xema Zendik\u00ean Min e - Ciwan Qado - www.shanabooks.de","og_description":"Ne Xema Zendik\u00ean Min e - Ciwan Qado Eger te Xwest, ji r\u00fby\u00ea bal\u00eefa min bi\u00e7ine kul\u00eelk\u00ean kov\u00ee, y\u00ean bi dev\u00ean saw\u00earan dinorin. Yan bih\u00eale bal\u00eef saw\u00earan bistr\u00ea...","og_url":"https:\/\/shanabooks.de\/product\/ne-xema-zendiken-min-e-ciwan-qado\/","og_site_name":"www.shanabooks.de","article_modified_time":"2026-02-24T22:25:56+00:00","og_image":[{"width":317,"height":482,"url":"https:\/\/shanabooks.de\/wp-content\/uploads\/2024\/05\/e-xema-zendiken-min-e.jpg","type":"image\/jpeg"}],"twitter_card":"summary_large_image","twitter_misc":{"Gesch\u00e4tzte Lesezeit":"2\u00a0Minuten"},"schema":{"@context":"https:\/\/schema.org","@graph":[{"@type":"WebPage","@id":"https:\/\/shanabooks.de\/product\/ne-xema-zendiken-min-e-ciwan-qado\/","url":"https:\/\/shanabooks.de\/product\/ne-xema-zendiken-min-e-ciwan-qado\/","name":"Ne Xema Zendik\u00ean Min e - Ciwan Qado - www.shanabooks.de","isPartOf":{"@id":"https:\/\/shanabooks.de\/#website"},"primaryImageOfPage":{"@id":"https:\/\/shanabooks.de\/product\/ne-xema-zendiken-min-e-ciwan-qado\/#primaryimage"},"image":{"@id":"https:\/\/shanabooks.de\/product\/ne-xema-zendiken-min-e-ciwan-qado\/#primaryimage"},"thumbnailUrl":"https:\/\/shanabooks.de\/wp-content\/uploads\/2024\/05\/e-xema-zendiken-min-e.jpg","datePublished":"2024-05-25T09:09:10+00:00","dateModified":"2026-02-24T22:25:56+00:00","description":"Ne Xema Zendik\u00ean Min e - Ciwan Qado Eger te Xwest, ji r\u00fby\u00ea bal\u00eefa min bi\u00e7ine kul\u00eelk\u00ean kov\u00ee, y\u00ean bi dev\u00ean saw\u00earan dinorin. Yan bih\u00eale bal\u00eef saw\u00earan bistr\u00ea...","breadcrumb":{"@id":"https:\/\/shanabooks.de\/product\/ne-xema-zendiken-min-e-ciwan-qado\/#breadcrumb"},"inLanguage":"de","potentialAction":[{"@type":"ReadAction","target":["https:\/\/shanabooks.de\/product\/ne-xema-zendiken-min-e-ciwan-qado\/"]}]},{"@type":"ImageObject","inLanguage":"de","@id":"https:\/\/shanabooks.de\/product\/ne-xema-zendiken-min-e-ciwan-qado\/#primaryimage","url":"https:\/\/shanabooks.de\/wp-content\/uploads\/2024\/05\/e-xema-zendiken-min-e.jpg","contentUrl":"https:\/\/shanabooks.de\/wp-content\/uploads\/2024\/05\/e-xema-zendiken-min-e.jpg","width":317,"height":482,"caption":"Ne Xema Zendik\u00ean min e - Ciwan Qado - Helbest - Pirt\u00fbk\u00ean Kurd\u00ee"},{"@type":"BreadcrumbList","@id":"https:\/\/shanabooks.de\/product\/ne-xema-zendiken-min-e-ciwan-qado\/#breadcrumb","itemListElement":[{"@type":"ListItem","position":1,"name":"\u0627\u0644\u0631\u0626\u064a\u0633\u064a\u0629","item":"https:\/\/shanabooks.de\/de\/"},{"@type":"ListItem","position":2,"name":"\u0627\u0644\u0645\u0646\u062a\u062c\u0627\u062a","item":"https:\/\/shanabooks.de\/shop\/"},{"@type":"ListItem","position":3,"name":"Ne Xema Zendik\u00ean Min e"}]},{"@type":"WebSite","@id":"https:\/\/shanabooks.de\/#website","url":"https:\/\/shanabooks.de\/","name":"www.shanbooks.de","description":"C\u00eehana Pirt\u00fbk\u00ean Kurd\u00ee \u0645\u0643\u062a\u0628\u0629 \u0634\u0627\u0646\u0627 \u0641\u064a \u0627\u0644\u0645\u0627\u0646\u064a\u0627 \u0648\u0623\u0648\u0631\u0628\u0627","publisher":{"@id":"https:\/\/shanabooks.de\/#organization"},"potentialAction":[{"@type":"SearchAction","target":{"@type":"EntryPoint","urlTemplate":"https:\/\/shanabooks.de\/?s={search_term_string}"},"query-input":{"@type":"PropertyValueSpecification","valueRequired":true,"valueName":"search_term_string"}}],"inLanguage":"de"},{"@type":"Organization","@id":"https:\/\/shanabooks.de\/#organization","name":"www.shanbooks.de","url":"https:\/\/shanabooks.de\/","logo":{"@type":"ImageObject","inLanguage":"de","@id":"https:\/\/shanabooks.de\/#\/schema\/logo\/image\/","url":"https:\/\/shanabooks.de\/wp-content\/uploads\/2024\/03\/SHANABOOKS__2_-removebg-preview.png","contentUrl":"https:\/\/shanabooks.de\/wp-content\/uploads\/2024\/03\/SHANABOOKS__2_-removebg-preview.png","width":700,"height":150,"caption":"www.shanbooks.de"},"image":{"@id":"https:\/\/shanabooks.de\/#\/schema\/logo\/image\/"}}]}},"jetpack_sharing_enabled":true,"_links":{"self":[{"href":"https:\/\/shanabooks.de\/de\/wp-json\/wp\/v2\/product\/25509","targetHints":{"allow":["GET"]}}],"collection":[{"href":"https:\/\/shanabooks.de\/de\/wp-json\/wp\/v2\/product"}],"about":[{"href":"https:\/\/shanabooks.de\/de\/wp-json\/wp\/v2\/types\/product"}],"version-history":[{"count":1,"href":"https:\/\/shanabooks.de\/de\/wp-json\/wp\/v2\/product\/25509\/revisions"}],"predecessor-version":[{"id":25525,"href":"https:\/\/shanabooks.de\/de\/wp-json\/wp\/v2\/product\/25509\/revisions\/25525"}],"wp:featuredmedia":[{"embeddable":true,"href":"https:\/\/shanabooks.de\/de\/wp-json\/wp\/v2\/media\/25513"}],"wp:attachment":[{"href":"https:\/\/shanabooks.de\/de\/wp-json\/wp\/v2\/media?parent=25509"}],"wp:term":[{"taxonomy":"product_brand","embeddable":true,"href":"https:\/\/shanabooks.de\/de\/wp-json\/wp\/v2\/product_brand?post=25509"},{"taxonomy":"product_cat","embeddable":true,"href":"https:\/\/shanabooks.de\/de\/wp-json\/wp\/v2\/product_cat?post=25509"},{"taxonomy":"product_tag","embeddable":true,"href":"https:\/\/shanabooks.de\/de\/wp-json\/wp\/v2\/product_tag?post=25509"}],"curies":[{"name":"wp","href":"https:\/\/api.w.org\/{rel}","templated":true}]}}