{"id":25510,"date":"2024-05-25T09:19:23","date_gmt":"2024-05-25T09:19:23","guid":{"rendered":"https:\/\/shanabooks.de\/?post_type=product&#038;p=25510"},"modified":"2026-02-02T21:41:45","modified_gmt":"2026-02-02T21:41:45","slug":"cave-ji-xewe-dereng-mayi-ciwan-qado","status":"publish","type":"product","link":"https:\/\/shanabooks.de\/de\/product\/cave-ji-xewe-dereng-mayi-ciwan-qado\/","title":{"rendered":"\u00c7av\u00ea Ji Xew\u00ea Dereng May\u00ee"},"content":{"rendered":"<p style=\"text-align: left;\"><strong>\u00c7av\u00ea Ji Xew\u00ea Dereng May\u00ee <\/strong>&#8211; <strong>Ciwan Qado<\/strong><\/p>\n<p style=\"text-align: left;\">Wek kiras\u00ea feq\u00eerek\u00ee ku ji fed\u00eeya p\u00eeneyan<br \/>\nBermeql\u00fbb hatibe li xwe kirin<br \/>\nHatime li xwe kirin.<br \/>\nBer bi hundir ve kup\u00eeya ne xwestek<br \/>\nWek derz\u00eey\u00ean ku n\u00fb ji talana tezeb\u00fbna \u015fad\u00eey\u00ea<br \/>\n\u00db dir\u00fbna bir\u00eenan, veger\u00eeyabin,<br \/>\nXwe li haw\u00eerdora can\u00ea min di\u00e7ik\u00eenin.<br \/>\nEv can\u00ea ku derz\u00eedanka saw\u00ea ye<br \/>\nKizin\u00ea nehedan\u00ea ye<br \/>\nMotka S\u00eemirgan e<br \/>\nDi hundir\u00ea w\u00eade razay\u00ee me<br \/>\n\u00db r\u00fby\u00ea min bi d\u00eelok \u00fb w\u00earanan seyand\u00eeye.<br \/>\n&#8212;&#8212;&#8211;<br \/>\nCiwan Qado helbestkar \u00fb weg\u00ear e. Di sala 1980\u00ea de li bajar\u00ea Am\u00fbd\u00ea y\u00ea Rojavay\u00ea Kurdistan\u00ea ji dayik b\u00fbye.<\/p>\n","protected":false},"excerpt":{"rendered":"<p style=\"text-align: center;\"><strong>Pirt\u00fbk: \u00c7av\u00ea Ji Xew\u00ea Dereng May\u00ee<br \/>\nNiv\u00eeskar: Ciwan Qado<br \/>\nCure: Helbest<\/strong><\/p>\n","protected":false},"featured_media":25517,"template":"","meta":{"site-sidebar-layout":"default","site-content-layout":"","ast-site-content-layout":"default","site-content-style":"default","site-sidebar-style":"default","ast-global-header-display":"","ast-banner-title-visibility":"","ast-main-header-display":"","ast-hfb-above-header-display":"","ast-hfb-below-header-display":"","ast-hfb-mobile-header-display":"","site-post-title":"","ast-breadcrumbs-content":"","ast-featured-img":"","footer-sml-layout":"","ast-disable-related-posts":"","theme-transparent-header-meta":"default","adv-header-id-meta":"","stick-header-meta":"","header-above-stick-meta":"","header-main-stick-meta":"","header-below-stick-meta":"","astra-migrate-meta-layouts":"set","ast-page-background-enabled":"default","ast-page-background-meta":{"desktop":{"background-color":"","background-image":"","background-repeat":"repeat","background-position":"center center","background-size":"auto","background-attachment":"scroll","background-type":"","background-media":"","overlay-type":"","overlay-color":"","overlay-opacity":"","overlay-gradient":""},"tablet":{"background-color":"","background-image":"","background-repeat":"repeat","background-position":"center center","background-size":"auto","background-attachment":"scroll","background-type":"","background-media":"","overlay-type":"","overlay-color":"","overlay-opacity":"","overlay-gradient":""},"mobile":{"background-color":"","background-image":"","background-repeat":"repeat","background-position":"center center","background-size":"auto","background-attachment":"scroll","background-type":"","background-media":"","overlay-type":"","overlay-color":"","overlay-opacity":"","overlay-gradient":""}},"ast-content-background-meta":{"desktop":{"background-color":"var(--ast-global-color-5)","background-image":"","background-repeat":"repeat","background-position":"center center","background-size":"auto","background-attachment":"scroll","background-type":"","background-media":"","overlay-type":"","overlay-color":"","overlay-opacity":"","overlay-gradient":""},"tablet":{"background-color":"var(--ast-global-color-5)","background-image":"","background-repeat":"repeat","background-position":"center center","background-size":"auto","background-attachment":"scroll","background-type":"","background-media":"","overlay-type":"","overlay-color":"","overlay-opacity":"","overlay-gradient":""},"mobile":{"background-color":"var(--ast-global-color-5)","background-image":"","background-repeat":"repeat","background-position":"center center","background-size":"auto","background-attachment":"scroll","background-type":"","background-media":"","overlay-type":"","overlay-color":"","overlay-opacity":"","overlay-gradient":""}}},"product_brand":[],"product_cat":[184,193],"product_tag":[],"class_list":{"0":"post-25510","1":"product","2":"type-product","3":"status-publish","4":"has-post-thumbnail","6":"product_cat-_","7":"product_cat--_","8":"pa_-helbest","9":"pa_-ciwan-qado","10":"pa_-kurmanci","11":"pa_--hinar","12":"desktop-align-left","13":"tablet-align-left","14":"mobile-align-left","16":"first","17":"instock","18":"shipping-taxable","19":"purchasable","20":"product-type-simple"},"yoast_head":"<!-- This site is optimized with the Yoast SEO plugin v27.4 - https:\/\/yoast.com\/product\/yoast-seo-wordpress\/ -->\n<title>\u00c7av\u00ea Ji Xew\u00ea Derneg May\u00ee - Ciwan Qado - www.shanabooks.de<\/title>\n<meta name=\"description\" content=\"\u00c7av\u00ea Ji Xew\u00ea Dereng May\u00ee - Ciwan Qado Wek kiras\u00ea feq\u00eerek\u00ee ku ji fed\u00eeya p\u00eeneyan Bermeql\u00fbb hatibe li xwe kirin Hatime li xwe kirin. Ber bi hundir ve kup\u00eeya...\" \/>\n<meta name=\"robots\" content=\"index, follow, max-snippet:-1, max-image-preview:large, max-video-preview:-1\" \/>\n<link rel=\"canonical\" href=\"https:\/\/shanabooks.de\/product\/cave-ji-xewe-dereng-mayi-ciwan-qado\/\" \/>\n<meta property=\"og:locale\" content=\"de_DE\" \/>\n<meta property=\"og:type\" content=\"article\" \/>\n<meta property=\"og:title\" content=\"\u00c7av\u00ea Ji Xew\u00ea Derneg May\u00ee - Ciwan Qado - www.shanabooks.de\" \/>\n<meta property=\"og:description\" content=\"\u00c7av\u00ea Ji Xew\u00ea Dereng May\u00ee - Ciwan Qado Wek kiras\u00ea feq\u00eerek\u00ee ku ji fed\u00eeya p\u00eeneyan Bermeql\u00fbb hatibe li xwe kirin Hatime li xwe kirin. Ber bi hundir ve kup\u00eeya...\" \/>\n<meta property=\"og:url\" content=\"https:\/\/shanabooks.de\/product\/cave-ji-xewe-dereng-mayi-ciwan-qado\/\" \/>\n<meta property=\"og:site_name\" content=\"www.shanabooks.de\" \/>\n<meta property=\"article:modified_time\" content=\"2026-02-02T21:41:45+00:00\" \/>\n<meta property=\"og:image\" content=\"https:\/\/shanabooks.de\/wp-content\/uploads\/2024\/05\/cave-ji-xewe-derneg-mayi.jpg\" \/>\n\t<meta property=\"og:image:width\" content=\"293\" \/>\n\t<meta property=\"og:image:height\" content=\"482\" \/>\n\t<meta property=\"og:image:type\" content=\"image\/jpeg\" \/>\n<meta name=\"twitter:card\" content=\"summary_large_image\" \/>\n<meta name=\"twitter:label1\" content=\"Gesch\u00e4tzte Lesezeit\" \/>\n\t<meta name=\"twitter:data1\" content=\"1\u00a0Minute\" \/>\n<script type=\"application\/ld+json\" class=\"yoast-schema-graph\">{\"@context\":\"https:\\\/\\\/schema.org\",\"@graph\":[{\"@type\":\"WebPage\",\"@id\":\"https:\\\/\\\/shanabooks.de\\\/product\\\/cave-ji-xewe-dereng-mayi-ciwan-qado\\\/\",\"url\":\"https:\\\/\\\/shanabooks.de\\\/product\\\/cave-ji-xewe-dereng-mayi-ciwan-qado\\\/\",\"name\":\"\u00c7av\u00ea Ji Xew\u00ea Derneg May\u00ee - Ciwan Qado - www.shanabooks.de\",\"isPartOf\":{\"@id\":\"https:\\\/\\\/shanabooks.de\\\/#website\"},\"primaryImageOfPage\":{\"@id\":\"https:\\\/\\\/shanabooks.de\\\/product\\\/cave-ji-xewe-dereng-mayi-ciwan-qado\\\/#primaryimage\"},\"image\":{\"@id\":\"https:\\\/\\\/shanabooks.de\\\/product\\\/cave-ji-xewe-dereng-mayi-ciwan-qado\\\/#primaryimage\"},\"thumbnailUrl\":\"https:\\\/\\\/shanabooks.de\\\/wp-content\\\/uploads\\\/2024\\\/05\\\/cave-ji-xewe-derneg-mayi.jpg\",\"datePublished\":\"2024-05-25T09:19:23+00:00\",\"dateModified\":\"2026-02-02T21:41:45+00:00\",\"description\":\"\u00c7av\u00ea Ji Xew\u00ea Dereng May\u00ee - Ciwan Qado Wek kiras\u00ea feq\u00eerek\u00ee ku ji fed\u00eeya p\u00eeneyan Bermeql\u00fbb hatibe li xwe kirin Hatime li xwe kirin. Ber bi hundir ve kup\u00eeya...\",\"breadcrumb\":{\"@id\":\"https:\\\/\\\/shanabooks.de\\\/product\\\/cave-ji-xewe-dereng-mayi-ciwan-qado\\\/#breadcrumb\"},\"inLanguage\":\"de\",\"potentialAction\":[{\"@type\":\"ReadAction\",\"target\":[\"https:\\\/\\\/shanabooks.de\\\/product\\\/cave-ji-xewe-dereng-mayi-ciwan-qado\\\/\"]}]},{\"@type\":\"ImageObject\",\"inLanguage\":\"de\",\"@id\":\"https:\\\/\\\/shanabooks.de\\\/product\\\/cave-ji-xewe-dereng-mayi-ciwan-qado\\\/#primaryimage\",\"url\":\"https:\\\/\\\/shanabooks.de\\\/wp-content\\\/uploads\\\/2024\\\/05\\\/cave-ji-xewe-derneg-mayi.jpg\",\"contentUrl\":\"https:\\\/\\\/shanabooks.de\\\/wp-content\\\/uploads\\\/2024\\\/05\\\/cave-ji-xewe-derneg-mayi.jpg\",\"width\":293,\"height\":482,\"caption\":\"\u00c7av\u00ea ji Xew\u00ea Derneg May\u00ee - Ciwan Qado - Pirt\u00fbk\u00ean Kurd\u00ee - Helbest\"},{\"@type\":\"BreadcrumbList\",\"@id\":\"https:\\\/\\\/shanabooks.de\\\/product\\\/cave-ji-xewe-dereng-mayi-ciwan-qado\\\/#breadcrumb\",\"itemListElement\":[{\"@type\":\"ListItem\",\"position\":1,\"name\":\"\u0627\u0644\u0631\u0626\u064a\u0633\u064a\u0629\",\"item\":\"https:\\\/\\\/shanabooks.de\\\/de\\\/\"},{\"@type\":\"ListItem\",\"position\":2,\"name\":\"\u0627\u0644\u0645\u0646\u062a\u062c\u0627\u062a\",\"item\":\"https:\\\/\\\/shanabooks.de\\\/shop\\\/\"},{\"@type\":\"ListItem\",\"position\":3,\"name\":\"\u00c7av\u00ea Ji Xew\u00ea Dereng May\u00ee\"}]},{\"@type\":\"WebSite\",\"@id\":\"https:\\\/\\\/shanabooks.de\\\/#website\",\"url\":\"https:\\\/\\\/shanabooks.de\\\/\",\"name\":\"www.shanbooks.de\",\"description\":\"C\u00eehana Pirt\u00fbk\u00ean Kurd\u00ee \u0645\u0643\u062a\u0628\u0629 \u0634\u0627\u0646\u0627 \u0641\u064a \u0627\u0644\u0645\u0627\u0646\u064a\u0627 \u0648\u0623\u0648\u0631\u0628\u0627\",\"publisher\":{\"@id\":\"https:\\\/\\\/shanabooks.de\\\/#organization\"},\"potentialAction\":[{\"@type\":\"SearchAction\",\"target\":{\"@type\":\"EntryPoint\",\"urlTemplate\":\"https:\\\/\\\/shanabooks.de\\\/?s={search_term_string}\"},\"query-input\":{\"@type\":\"PropertyValueSpecification\",\"valueRequired\":true,\"valueName\":\"search_term_string\"}}],\"inLanguage\":\"de\"},{\"@type\":\"Organization\",\"@id\":\"https:\\\/\\\/shanabooks.de\\\/#organization\",\"name\":\"www.shanbooks.de\",\"url\":\"https:\\\/\\\/shanabooks.de\\\/\",\"logo\":{\"@type\":\"ImageObject\",\"inLanguage\":\"de\",\"@id\":\"https:\\\/\\\/shanabooks.de\\\/#\\\/schema\\\/logo\\\/image\\\/\",\"url\":\"https:\\\/\\\/shanabooks.de\\\/wp-content\\\/uploads\\\/2024\\\/03\\\/SHANABOOKS__2_-removebg-preview.png\",\"contentUrl\":\"https:\\\/\\\/shanabooks.de\\\/wp-content\\\/uploads\\\/2024\\\/03\\\/SHANABOOKS__2_-removebg-preview.png\",\"width\":700,\"height\":150,\"caption\":\"www.shanbooks.de\"},\"image\":{\"@id\":\"https:\\\/\\\/shanabooks.de\\\/#\\\/schema\\\/logo\\\/image\\\/\"}}]}<\/script>\n<!-- \/ Yoast SEO plugin. -->","yoast_head_json":{"title":"\u00c7av\u00ea Ji Xew\u00ea Derneg May\u00ee - Ciwan Qado - www.shanabooks.de","description":"\u00c7av\u00ea Ji Xew\u00ea Dereng May\u00ee - Ciwan Qado Wek kiras\u00ea feq\u00eerek\u00ee ku ji fed\u00eeya p\u00eeneyan Bermeql\u00fbb hatibe li xwe kirin Hatime li xwe kirin. Ber bi hundir ve kup\u00eeya...","robots":{"index":"index","follow":"follow","max-snippet":"max-snippet:-1","max-image-preview":"max-image-preview:large","max-video-preview":"max-video-preview:-1"},"canonical":"https:\/\/shanabooks.de\/product\/cave-ji-xewe-dereng-mayi-ciwan-qado\/","og_locale":"de_DE","og_type":"article","og_title":"\u00c7av\u00ea Ji Xew\u00ea Derneg May\u00ee - Ciwan Qado - www.shanabooks.de","og_description":"\u00c7av\u00ea Ji Xew\u00ea Dereng May\u00ee - Ciwan Qado Wek kiras\u00ea feq\u00eerek\u00ee ku ji fed\u00eeya p\u00eeneyan Bermeql\u00fbb hatibe li xwe kirin Hatime li xwe kirin. Ber bi hundir ve kup\u00eeya...","og_url":"https:\/\/shanabooks.de\/product\/cave-ji-xewe-dereng-mayi-ciwan-qado\/","og_site_name":"www.shanabooks.de","article_modified_time":"2026-02-02T21:41:45+00:00","og_image":[{"width":293,"height":482,"url":"https:\/\/shanabooks.de\/wp-content\/uploads\/2024\/05\/cave-ji-xewe-derneg-mayi.jpg","type":"image\/jpeg"}],"twitter_card":"summary_large_image","twitter_misc":{"Gesch\u00e4tzte Lesezeit":"1\u00a0Minute"},"schema":{"@context":"https:\/\/schema.org","@graph":[{"@type":"WebPage","@id":"https:\/\/shanabooks.de\/product\/cave-ji-xewe-dereng-mayi-ciwan-qado\/","url":"https:\/\/shanabooks.de\/product\/cave-ji-xewe-dereng-mayi-ciwan-qado\/","name":"\u00c7av\u00ea Ji Xew\u00ea Derneg May\u00ee - Ciwan Qado - www.shanabooks.de","isPartOf":{"@id":"https:\/\/shanabooks.de\/#website"},"primaryImageOfPage":{"@id":"https:\/\/shanabooks.de\/product\/cave-ji-xewe-dereng-mayi-ciwan-qado\/#primaryimage"},"image":{"@id":"https:\/\/shanabooks.de\/product\/cave-ji-xewe-dereng-mayi-ciwan-qado\/#primaryimage"},"thumbnailUrl":"https:\/\/shanabooks.de\/wp-content\/uploads\/2024\/05\/cave-ji-xewe-derneg-mayi.jpg","datePublished":"2024-05-25T09:19:23+00:00","dateModified":"2026-02-02T21:41:45+00:00","description":"\u00c7av\u00ea Ji Xew\u00ea Dereng May\u00ee - Ciwan Qado Wek kiras\u00ea feq\u00eerek\u00ee ku ji fed\u00eeya p\u00eeneyan Bermeql\u00fbb hatibe li xwe kirin Hatime li xwe kirin. Ber bi hundir ve kup\u00eeya...","breadcrumb":{"@id":"https:\/\/shanabooks.de\/product\/cave-ji-xewe-dereng-mayi-ciwan-qado\/#breadcrumb"},"inLanguage":"de","potentialAction":[{"@type":"ReadAction","target":["https:\/\/shanabooks.de\/product\/cave-ji-xewe-dereng-mayi-ciwan-qado\/"]}]},{"@type":"ImageObject","inLanguage":"de","@id":"https:\/\/shanabooks.de\/product\/cave-ji-xewe-dereng-mayi-ciwan-qado\/#primaryimage","url":"https:\/\/shanabooks.de\/wp-content\/uploads\/2024\/05\/cave-ji-xewe-derneg-mayi.jpg","contentUrl":"https:\/\/shanabooks.de\/wp-content\/uploads\/2024\/05\/cave-ji-xewe-derneg-mayi.jpg","width":293,"height":482,"caption":"\u00c7av\u00ea ji Xew\u00ea Derneg May\u00ee - Ciwan Qado - Pirt\u00fbk\u00ean Kurd\u00ee - Helbest"},{"@type":"BreadcrumbList","@id":"https:\/\/shanabooks.de\/product\/cave-ji-xewe-dereng-mayi-ciwan-qado\/#breadcrumb","itemListElement":[{"@type":"ListItem","position":1,"name":"\u0627\u0644\u0631\u0626\u064a\u0633\u064a\u0629","item":"https:\/\/shanabooks.de\/de\/"},{"@type":"ListItem","position":2,"name":"\u0627\u0644\u0645\u0646\u062a\u062c\u0627\u062a","item":"https:\/\/shanabooks.de\/shop\/"},{"@type":"ListItem","position":3,"name":"\u00c7av\u00ea Ji Xew\u00ea Dereng May\u00ee"}]},{"@type":"WebSite","@id":"https:\/\/shanabooks.de\/#website","url":"https:\/\/shanabooks.de\/","name":"www.shanbooks.de","description":"C\u00eehana Pirt\u00fbk\u00ean Kurd\u00ee \u0645\u0643\u062a\u0628\u0629 \u0634\u0627\u0646\u0627 \u0641\u064a \u0627\u0644\u0645\u0627\u0646\u064a\u0627 \u0648\u0623\u0648\u0631\u0628\u0627","publisher":{"@id":"https:\/\/shanabooks.de\/#organization"},"potentialAction":[{"@type":"SearchAction","target":{"@type":"EntryPoint","urlTemplate":"https:\/\/shanabooks.de\/?s={search_term_string}"},"query-input":{"@type":"PropertyValueSpecification","valueRequired":true,"valueName":"search_term_string"}}],"inLanguage":"de"},{"@type":"Organization","@id":"https:\/\/shanabooks.de\/#organization","name":"www.shanbooks.de","url":"https:\/\/shanabooks.de\/","logo":{"@type":"ImageObject","inLanguage":"de","@id":"https:\/\/shanabooks.de\/#\/schema\/logo\/image\/","url":"https:\/\/shanabooks.de\/wp-content\/uploads\/2024\/03\/SHANABOOKS__2_-removebg-preview.png","contentUrl":"https:\/\/shanabooks.de\/wp-content\/uploads\/2024\/03\/SHANABOOKS__2_-removebg-preview.png","width":700,"height":150,"caption":"www.shanbooks.de"},"image":{"@id":"https:\/\/shanabooks.de\/#\/schema\/logo\/image\/"}}]}},"jetpack_sharing_enabled":true,"_links":{"self":[{"href":"https:\/\/shanabooks.de\/de\/wp-json\/wp\/v2\/product\/25510","targetHints":{"allow":["GET"]}}],"collection":[{"href":"https:\/\/shanabooks.de\/de\/wp-json\/wp\/v2\/product"}],"about":[{"href":"https:\/\/shanabooks.de\/de\/wp-json\/wp\/v2\/types\/product"}],"version-history":[{"count":4,"href":"https:\/\/shanabooks.de\/de\/wp-json\/wp\/v2\/product\/25510\/revisions"}],"predecessor-version":[{"id":25675,"href":"https:\/\/shanabooks.de\/de\/wp-json\/wp\/v2\/product\/25510\/revisions\/25675"}],"wp:featuredmedia":[{"embeddable":true,"href":"https:\/\/shanabooks.de\/de\/wp-json\/wp\/v2\/media\/25517"}],"wp:attachment":[{"href":"https:\/\/shanabooks.de\/de\/wp-json\/wp\/v2\/media?parent=25510"}],"wp:term":[{"taxonomy":"product_brand","embeddable":true,"href":"https:\/\/shanabooks.de\/de\/wp-json\/wp\/v2\/product_brand?post=25510"},{"taxonomy":"product_cat","embeddable":true,"href":"https:\/\/shanabooks.de\/de\/wp-json\/wp\/v2\/product_cat?post=25510"},{"taxonomy":"product_tag","embeddable":true,"href":"https:\/\/shanabooks.de\/de\/wp-json\/wp\/v2\/product_tag?post=25510"}],"curies":[{"name":"wp","href":"https:\/\/api.w.org\/{rel}","templated":true}]}}