{"id":25511,"date":"2024-05-25T09:36:14","date_gmt":"2024-05-25T09:36:14","guid":{"rendered":"https:\/\/shanabooks.de\/?post_type=product&#038;p=25511"},"modified":"2026-02-24T22:25:51","modified_gmt":"2026-02-24T22:25:51","slug":"beri-si-u-penc-gulistanan-fewaz-qadiri","status":"publish","type":"product","link":"https:\/\/shanabooks.de\/de\/product\/beri-si-u-penc-gulistanan-fewaz-qadiri\/","title":{"rendered":"Ber\u00ee S\u00ee \u00fb P\u00eanc Gulistanan"},"content":{"rendered":"<p style=\"text-align: left;\"><strong>Ber\u00ee S\u00ee \u00fb P\u00eanc Gulistanan &#8211; Fewaz Qadir\u00ee<\/strong><\/p>\n<p style=\"text-align: left;\"><span style=\"font-size: 16px;\">Bi van helbestan tekez dibe ku ben\u00ea navik\u00ea di navbera niv\u00eeskar \u00fb devera ku l\u00ea hatiye dinyay\u00ea de heye. Bi kuder\u00ea ve dihere, dever\u00ea j\u00ee bi d\u00fb xwe de wek siha xwe, wek nifira s\u00eawiyan, wek devl\u00eakirin\u00ean d\u00eayan, wek x\u00eazik\u00ean qerem\u00fb\u015fk\u00ean qem\u00fb\u015fgirt\u00ee, dibe \u00fb t\u00eene.<br \/>\n<\/span>Zarokek\u00ee navser e, bi karvedan\u00ean xwe y\u00ean zelal \u00fb sade ku h\u00een b\u00eena h\u00eankaya Fer\u00eat ji wan dif\u00fbre, \u015f\u00fbna heval\u00ean sax-mir\u00ee, ceng\u00ean ku wek bizr\u00ean kuliyan ketine bin \u00e7erm\u00ean me, bi p\u00eevan\u00ean xwe yln der\u00fbn\u00ee \u00fb jixweber d\u00fbzan dike.<br \/>\n&#8212;&#8212;&#8212;<br \/>\nPirt\u00fbka helbestan ya Fewaz Qadir\u00ee ya bi nav\u00ea &#8222;Ber\u00ee S\u00ee \u00fb P\u00eanc Gulistanan&#8220; ji we\u015fan\u00ean Ram\u00eena derketiye \u00fb ji aliy\u00ea helbestvan Ciwan Qado ve bo kurmanc\u00ee hatiye wergerandin.<\/p>\n","protected":false},"excerpt":{"rendered":"<p style=\"text-align: center;\"><strong>Pirt\u00fbk: Ber\u00ee S\u00ee \u00fb P\u00eanc Gulistanan<br \/>\nNiv\u00eeskar: Fewaz Qadir\u00ee\u00a0<\/strong><br \/>\n<strong>Cure: Helbest<\/strong><\/p>\n","protected":false},"featured_media":25521,"template":"","meta":{"site-sidebar-layout":"default","site-content-layout":"","ast-site-content-layout":"default","site-content-style":"default","site-sidebar-style":"default","ast-global-header-display":"","ast-banner-title-visibility":"","ast-main-header-display":"","ast-hfb-above-header-display":"","ast-hfb-below-header-display":"","ast-hfb-mobile-header-display":"","site-post-title":"","ast-breadcrumbs-content":"","ast-featured-img":"","footer-sml-layout":"","ast-disable-related-posts":"","theme-transparent-header-meta":"default","adv-header-id-meta":"","stick-header-meta":"","header-above-stick-meta":"","header-main-stick-meta":"","header-below-stick-meta":"","astra-migrate-meta-layouts":"set","ast-page-background-enabled":"default","ast-page-background-meta":{"desktop":{"background-color":"","background-image":"","background-repeat":"repeat","background-position":"center center","background-size":"auto","background-attachment":"scroll","background-type":"","background-media":"","overlay-type":"","overlay-color":"","overlay-opacity":"","overlay-gradient":""},"tablet":{"background-color":"","background-image":"","background-repeat":"repeat","background-position":"center center","background-size":"auto","background-attachment":"scroll","background-type":"","background-media":"","overlay-type":"","overlay-color":"","overlay-opacity":"","overlay-gradient":""},"mobile":{"background-color":"","background-image":"","background-repeat":"repeat","background-position":"center center","background-size":"auto","background-attachment":"scroll","background-type":"","background-media":"","overlay-type":"","overlay-color":"","overlay-opacity":"","overlay-gradient":""}},"ast-content-background-meta":{"desktop":{"background-color":"var(--ast-global-color-5)","background-image":"","background-repeat":"repeat","background-position":"center center","background-size":"auto","background-attachment":"scroll","background-type":"","background-media":"","overlay-type":"","overlay-color":"","overlay-opacity":"","overlay-gradient":""},"tablet":{"background-color":"var(--ast-global-color-5)","background-image":"","background-repeat":"repeat","background-position":"center center","background-size":"auto","background-attachment":"scroll","background-type":"","background-media":"","overlay-type":"","overlay-color":"","overlay-opacity":"","overlay-gradient":""},"mobile":{"background-color":"var(--ast-global-color-5)","background-image":"","background-repeat":"repeat","background-position":"center center","background-size":"auto","background-attachment":"scroll","background-type":"","background-media":"","overlay-type":"","overlay-color":"","overlay-opacity":"","overlay-gradient":""}}},"product_brand":[],"product_cat":[184,193],"product_tag":[],"class_list":{"0":"post-25511","1":"product","2":"type-product","3":"status-publish","4":"has-post-thumbnail","6":"product_cat-_","7":"product_cat--_","8":"pa_-helbest","9":"pa_-fewaz-qadiri","10":"pa_-kurmanci","11":"pa_--ramina","12":"pa_--742","13":"desktop-align-left","14":"tablet-align-left","15":"mobile-align-left","17":"first","18":"instock","19":"shipping-taxable","20":"purchasable","21":"product-type-simple"},"yoast_head":"<!-- This site is optimized with the Yoast SEO plugin v27.4 - https:\/\/yoast.com\/product\/yoast-seo-wordpress\/ -->\n<title>Ber\u00ee S\u00ee \u00fb P\u00eanc Gulistanan - Fewaz Qadir\u00ee - www.shanabooks.de<\/title>\n<meta name=\"description\" content=\"Ber\u00ee S\u00ee \u00fb P\u00eanc Gulistanan - Fewaz Qadir\u00ee Bi van helbestan tekez dibe ku ben\u00ea navik\u00ea di navbera niv\u00eeskar \u00fb devera ku l\u00ea hatiye dinyay\u00ea de heye. Bi kuder\u00ea ...\" \/>\n<meta name=\"robots\" content=\"index, follow, max-snippet:-1, max-image-preview:large, max-video-preview:-1\" \/>\n<link rel=\"canonical\" href=\"https:\/\/shanabooks.de\/product\/beri-si-u-penc-gulistanan-fewaz-qadiri\/\" \/>\n<meta property=\"og:locale\" content=\"de_DE\" \/>\n<meta property=\"og:type\" content=\"article\" \/>\n<meta property=\"og:title\" content=\"Ber\u00ee S\u00ee \u00fb P\u00eanc Gulistanan - Fewaz Qadir\u00ee - www.shanabooks.de\" \/>\n<meta property=\"og:description\" content=\"Ber\u00ee S\u00ee \u00fb P\u00eanc Gulistanan - Fewaz Qadir\u00ee Bi van helbestan tekez dibe ku ben\u00ea navik\u00ea di navbera niv\u00eeskar \u00fb devera ku l\u00ea hatiye dinyay\u00ea de heye. Bi kuder\u00ea ...\" \/>\n<meta property=\"og:url\" content=\"https:\/\/shanabooks.de\/product\/beri-si-u-penc-gulistanan-fewaz-qadiri\/\" \/>\n<meta property=\"og:site_name\" content=\"www.shanabooks.de\" \/>\n<meta property=\"article:modified_time\" content=\"2026-02-24T22:25:51+00:00\" \/>\n<meta property=\"og:image\" content=\"https:\/\/shanabooks.de\/wp-content\/uploads\/2024\/05\/Beri-si-u-penc-Gulistanan.jpg\" \/>\n\t<meta property=\"og:image:width\" content=\"310\" \/>\n\t<meta property=\"og:image:height\" content=\"477\" \/>\n\t<meta property=\"og:image:type\" content=\"image\/jpeg\" \/>\n<meta name=\"twitter:card\" content=\"summary_large_image\" \/>\n<meta name=\"twitter:label1\" content=\"Gesch\u00e4tzte Lesezeit\" \/>\n\t<meta name=\"twitter:data1\" content=\"2\u00a0Minuten\" \/>\n<script type=\"application\/ld+json\" class=\"yoast-schema-graph\">{\"@context\":\"https:\\\/\\\/schema.org\",\"@graph\":[{\"@type\":\"WebPage\",\"@id\":\"https:\\\/\\\/shanabooks.de\\\/product\\\/beri-si-u-penc-gulistanan-fewaz-qadiri\\\/\",\"url\":\"https:\\\/\\\/shanabooks.de\\\/product\\\/beri-si-u-penc-gulistanan-fewaz-qadiri\\\/\",\"name\":\"Ber\u00ee S\u00ee \u00fb P\u00eanc Gulistanan - Fewaz Qadir\u00ee - www.shanabooks.de\",\"isPartOf\":{\"@id\":\"https:\\\/\\\/shanabooks.de\\\/#website\"},\"primaryImageOfPage\":{\"@id\":\"https:\\\/\\\/shanabooks.de\\\/product\\\/beri-si-u-penc-gulistanan-fewaz-qadiri\\\/#primaryimage\"},\"image\":{\"@id\":\"https:\\\/\\\/shanabooks.de\\\/product\\\/beri-si-u-penc-gulistanan-fewaz-qadiri\\\/#primaryimage\"},\"thumbnailUrl\":\"https:\\\/\\\/shanabooks.de\\\/wp-content\\\/uploads\\\/2024\\\/05\\\/Beri-si-u-penc-Gulistanan.jpg\",\"datePublished\":\"2024-05-25T09:36:14+00:00\",\"dateModified\":\"2026-02-24T22:25:51+00:00\",\"description\":\"Ber\u00ee S\u00ee \u00fb P\u00eanc Gulistanan - Fewaz Qadir\u00ee Bi van helbestan tekez dibe ku ben\u00ea navik\u00ea di navbera niv\u00eeskar \u00fb devera ku l\u00ea hatiye dinyay\u00ea de heye. Bi kuder\u00ea ...\",\"breadcrumb\":{\"@id\":\"https:\\\/\\\/shanabooks.de\\\/product\\\/beri-si-u-penc-gulistanan-fewaz-qadiri\\\/#breadcrumb\"},\"inLanguage\":\"de\",\"potentialAction\":[{\"@type\":\"ReadAction\",\"target\":[\"https:\\\/\\\/shanabooks.de\\\/product\\\/beri-si-u-penc-gulistanan-fewaz-qadiri\\\/\"]}]},{\"@type\":\"ImageObject\",\"inLanguage\":\"de\",\"@id\":\"https:\\\/\\\/shanabooks.de\\\/product\\\/beri-si-u-penc-gulistanan-fewaz-qadiri\\\/#primaryimage\",\"url\":\"https:\\\/\\\/shanabooks.de\\\/wp-content\\\/uploads\\\/2024\\\/05\\\/Beri-si-u-penc-Gulistanan.jpg\",\"contentUrl\":\"https:\\\/\\\/shanabooks.de\\\/wp-content\\\/uploads\\\/2024\\\/05\\\/Beri-si-u-penc-Gulistanan.jpg\",\"width\":310,\"height\":477,\"caption\":\"Ber\u00ee S\u00ee \u00fb P\u00eanc Gulistanan - Fewaz Qadir\u00ee - Pirt\u00fbk\u00ean Kurd\u00ee - Helbest\"},{\"@type\":\"BreadcrumbList\",\"@id\":\"https:\\\/\\\/shanabooks.de\\\/product\\\/beri-si-u-penc-gulistanan-fewaz-qadiri\\\/#breadcrumb\",\"itemListElement\":[{\"@type\":\"ListItem\",\"position\":1,\"name\":\"\u0627\u0644\u0631\u0626\u064a\u0633\u064a\u0629\",\"item\":\"https:\\\/\\\/shanabooks.de\\\/de\\\/\"},{\"@type\":\"ListItem\",\"position\":2,\"name\":\"\u0627\u0644\u0645\u0646\u062a\u062c\u0627\u062a\",\"item\":\"https:\\\/\\\/shanabooks.de\\\/shop\\\/\"},{\"@type\":\"ListItem\",\"position\":3,\"name\":\"Ber\u00ee S\u00ee \u00fb P\u00eanc Gulistanan\"}]},{\"@type\":\"WebSite\",\"@id\":\"https:\\\/\\\/shanabooks.de\\\/#website\",\"url\":\"https:\\\/\\\/shanabooks.de\\\/\",\"name\":\"www.shanbooks.de\",\"description\":\"C\u00eehana Pirt\u00fbk\u00ean Kurd\u00ee \u0645\u0643\u062a\u0628\u0629 \u0634\u0627\u0646\u0627 \u0641\u064a \u0627\u0644\u0645\u0627\u0646\u064a\u0627 \u0648\u0623\u0648\u0631\u0628\u0627\",\"publisher\":{\"@id\":\"https:\\\/\\\/shanabooks.de\\\/#organization\"},\"potentialAction\":[{\"@type\":\"SearchAction\",\"target\":{\"@type\":\"EntryPoint\",\"urlTemplate\":\"https:\\\/\\\/shanabooks.de\\\/?s={search_term_string}\"},\"query-input\":{\"@type\":\"PropertyValueSpecification\",\"valueRequired\":true,\"valueName\":\"search_term_string\"}}],\"inLanguage\":\"de\"},{\"@type\":\"Organization\",\"@id\":\"https:\\\/\\\/shanabooks.de\\\/#organization\",\"name\":\"www.shanbooks.de\",\"url\":\"https:\\\/\\\/shanabooks.de\\\/\",\"logo\":{\"@type\":\"ImageObject\",\"inLanguage\":\"de\",\"@id\":\"https:\\\/\\\/shanabooks.de\\\/#\\\/schema\\\/logo\\\/image\\\/\",\"url\":\"https:\\\/\\\/shanabooks.de\\\/wp-content\\\/uploads\\\/2024\\\/03\\\/SHANABOOKS__2_-removebg-preview.png\",\"contentUrl\":\"https:\\\/\\\/shanabooks.de\\\/wp-content\\\/uploads\\\/2024\\\/03\\\/SHANABOOKS__2_-removebg-preview.png\",\"width\":700,\"height\":150,\"caption\":\"www.shanbooks.de\"},\"image\":{\"@id\":\"https:\\\/\\\/shanabooks.de\\\/#\\\/schema\\\/logo\\\/image\\\/\"}}]}<\/script>\n<!-- \/ Yoast SEO plugin. -->","yoast_head_json":{"title":"Ber\u00ee S\u00ee \u00fb P\u00eanc Gulistanan - Fewaz Qadir\u00ee - www.shanabooks.de","description":"Ber\u00ee S\u00ee \u00fb P\u00eanc Gulistanan - Fewaz Qadir\u00ee Bi van helbestan tekez dibe ku ben\u00ea navik\u00ea di navbera niv\u00eeskar \u00fb devera ku l\u00ea hatiye dinyay\u00ea de heye. Bi kuder\u00ea ...","robots":{"index":"index","follow":"follow","max-snippet":"max-snippet:-1","max-image-preview":"max-image-preview:large","max-video-preview":"max-video-preview:-1"},"canonical":"https:\/\/shanabooks.de\/product\/beri-si-u-penc-gulistanan-fewaz-qadiri\/","og_locale":"de_DE","og_type":"article","og_title":"Ber\u00ee S\u00ee \u00fb P\u00eanc Gulistanan - Fewaz Qadir\u00ee - www.shanabooks.de","og_description":"Ber\u00ee S\u00ee \u00fb P\u00eanc Gulistanan - Fewaz Qadir\u00ee Bi van helbestan tekez dibe ku ben\u00ea navik\u00ea di navbera niv\u00eeskar \u00fb devera ku l\u00ea hatiye dinyay\u00ea de heye. Bi kuder\u00ea ...","og_url":"https:\/\/shanabooks.de\/product\/beri-si-u-penc-gulistanan-fewaz-qadiri\/","og_site_name":"www.shanabooks.de","article_modified_time":"2026-02-24T22:25:51+00:00","og_image":[{"width":310,"height":477,"url":"https:\/\/shanabooks.de\/wp-content\/uploads\/2024\/05\/Beri-si-u-penc-Gulistanan.jpg","type":"image\/jpeg"}],"twitter_card":"summary_large_image","twitter_misc":{"Gesch\u00e4tzte Lesezeit":"2\u00a0Minuten"},"schema":{"@context":"https:\/\/schema.org","@graph":[{"@type":"WebPage","@id":"https:\/\/shanabooks.de\/product\/beri-si-u-penc-gulistanan-fewaz-qadiri\/","url":"https:\/\/shanabooks.de\/product\/beri-si-u-penc-gulistanan-fewaz-qadiri\/","name":"Ber\u00ee S\u00ee \u00fb P\u00eanc Gulistanan - Fewaz Qadir\u00ee - www.shanabooks.de","isPartOf":{"@id":"https:\/\/shanabooks.de\/#website"},"primaryImageOfPage":{"@id":"https:\/\/shanabooks.de\/product\/beri-si-u-penc-gulistanan-fewaz-qadiri\/#primaryimage"},"image":{"@id":"https:\/\/shanabooks.de\/product\/beri-si-u-penc-gulistanan-fewaz-qadiri\/#primaryimage"},"thumbnailUrl":"https:\/\/shanabooks.de\/wp-content\/uploads\/2024\/05\/Beri-si-u-penc-Gulistanan.jpg","datePublished":"2024-05-25T09:36:14+00:00","dateModified":"2026-02-24T22:25:51+00:00","description":"Ber\u00ee S\u00ee \u00fb P\u00eanc Gulistanan - Fewaz Qadir\u00ee Bi van helbestan tekez dibe ku ben\u00ea navik\u00ea di navbera niv\u00eeskar \u00fb devera ku l\u00ea hatiye dinyay\u00ea de heye. Bi kuder\u00ea ...","breadcrumb":{"@id":"https:\/\/shanabooks.de\/product\/beri-si-u-penc-gulistanan-fewaz-qadiri\/#breadcrumb"},"inLanguage":"de","potentialAction":[{"@type":"ReadAction","target":["https:\/\/shanabooks.de\/product\/beri-si-u-penc-gulistanan-fewaz-qadiri\/"]}]},{"@type":"ImageObject","inLanguage":"de","@id":"https:\/\/shanabooks.de\/product\/beri-si-u-penc-gulistanan-fewaz-qadiri\/#primaryimage","url":"https:\/\/shanabooks.de\/wp-content\/uploads\/2024\/05\/Beri-si-u-penc-Gulistanan.jpg","contentUrl":"https:\/\/shanabooks.de\/wp-content\/uploads\/2024\/05\/Beri-si-u-penc-Gulistanan.jpg","width":310,"height":477,"caption":"Ber\u00ee S\u00ee \u00fb P\u00eanc Gulistanan - Fewaz Qadir\u00ee - Pirt\u00fbk\u00ean Kurd\u00ee - Helbest"},{"@type":"BreadcrumbList","@id":"https:\/\/shanabooks.de\/product\/beri-si-u-penc-gulistanan-fewaz-qadiri\/#breadcrumb","itemListElement":[{"@type":"ListItem","position":1,"name":"\u0627\u0644\u0631\u0626\u064a\u0633\u064a\u0629","item":"https:\/\/shanabooks.de\/de\/"},{"@type":"ListItem","position":2,"name":"\u0627\u0644\u0645\u0646\u062a\u062c\u0627\u062a","item":"https:\/\/shanabooks.de\/shop\/"},{"@type":"ListItem","position":3,"name":"Ber\u00ee S\u00ee \u00fb P\u00eanc Gulistanan"}]},{"@type":"WebSite","@id":"https:\/\/shanabooks.de\/#website","url":"https:\/\/shanabooks.de\/","name":"www.shanbooks.de","description":"C\u00eehana Pirt\u00fbk\u00ean Kurd\u00ee \u0645\u0643\u062a\u0628\u0629 \u0634\u0627\u0646\u0627 \u0641\u064a \u0627\u0644\u0645\u0627\u0646\u064a\u0627 \u0648\u0623\u0648\u0631\u0628\u0627","publisher":{"@id":"https:\/\/shanabooks.de\/#organization"},"potentialAction":[{"@type":"SearchAction","target":{"@type":"EntryPoint","urlTemplate":"https:\/\/shanabooks.de\/?s={search_term_string}"},"query-input":{"@type":"PropertyValueSpecification","valueRequired":true,"valueName":"search_term_string"}}],"inLanguage":"de"},{"@type":"Organization","@id":"https:\/\/shanabooks.de\/#organization","name":"www.shanbooks.de","url":"https:\/\/shanabooks.de\/","logo":{"@type":"ImageObject","inLanguage":"de","@id":"https:\/\/shanabooks.de\/#\/schema\/logo\/image\/","url":"https:\/\/shanabooks.de\/wp-content\/uploads\/2024\/03\/SHANABOOKS__2_-removebg-preview.png","contentUrl":"https:\/\/shanabooks.de\/wp-content\/uploads\/2024\/03\/SHANABOOKS__2_-removebg-preview.png","width":700,"height":150,"caption":"www.shanbooks.de"},"image":{"@id":"https:\/\/shanabooks.de\/#\/schema\/logo\/image\/"}}]}},"jetpack_sharing_enabled":true,"_links":{"self":[{"href":"https:\/\/shanabooks.de\/de\/wp-json\/wp\/v2\/product\/25511","targetHints":{"allow":["GET"]}}],"collection":[{"href":"https:\/\/shanabooks.de\/de\/wp-json\/wp\/v2\/product"}],"about":[{"href":"https:\/\/shanabooks.de\/de\/wp-json\/wp\/v2\/types\/product"}],"version-history":[{"count":2,"href":"https:\/\/shanabooks.de\/de\/wp-json\/wp\/v2\/product\/25511\/revisions"}],"predecessor-version":[{"id":25673,"href":"https:\/\/shanabooks.de\/de\/wp-json\/wp\/v2\/product\/25511\/revisions\/25673"}],"wp:featuredmedia":[{"embeddable":true,"href":"https:\/\/shanabooks.de\/de\/wp-json\/wp\/v2\/media\/25521"}],"wp:attachment":[{"href":"https:\/\/shanabooks.de\/de\/wp-json\/wp\/v2\/media?parent=25511"}],"wp:term":[{"taxonomy":"product_brand","embeddable":true,"href":"https:\/\/shanabooks.de\/de\/wp-json\/wp\/v2\/product_brand?post=25511"},{"taxonomy":"product_cat","embeddable":true,"href":"https:\/\/shanabooks.de\/de\/wp-json\/wp\/v2\/product_cat?post=25511"},{"taxonomy":"product_tag","embeddable":true,"href":"https:\/\/shanabooks.de\/de\/wp-json\/wp\/v2\/product_tag?post=25511"}],"curies":[{"name":"wp","href":"https:\/\/api.w.org\/{rel}","templated":true}]}}