{"id":25559,"date":"2024-08-04T13:43:25","date_gmt":"2024-08-04T13:43:25","guid":{"rendered":"https:\/\/shanabooks.de\/?post_type=product&#038;p=25559"},"modified":"2026-03-15T23:28:05","modified_gmt":"2026-03-15T23:28:05","slug":"101-%d9%82%d8%b5%d8%a9-%d9%85%d8%b4%d9%88%d9%82%d8%a9-%d9%83%d8%aa%d8%a8-%d8%a7%d9%84%d8%a3%d8%b7%d9%81%d8%a7%d9%84","status":"publish","type":"product","link":"https:\/\/shanabooks.de\/de\/product\/101-%d9%82%d8%b5%d8%a9-%d9%85%d8%b4%d9%88%d9%82%d8%a9-%d9%83%d8%aa%d8%a8-%d8%a7%d9%84%d8%a3%d8%b7%d9%81%d8%a7%d9%84\/","title":{"rendered":"101 \u0642\u0635\u0629 \u0645\u0634\u0648\u0642\u0629"},"content":{"rendered":"<p><strong>101 \u0642\u0635\u0629 \u0645\u0634\u0648\u0642\u0629 &#8211; \u0643\u062a\u0628 \u0627\u0644\u0623\u0637\u0641\u0627\u0644<\/strong><\/p>\n<p>\u0642\u0635\u0635 \u0645\u0631\u062d\u0629 \u0645\u0644\u064a\u0626\u0629 \u0628\u0627\u0644\u0645\u063a\u0627\u0645\u0631\u0627\u062a \u0648\u0627\u0644\u0634\u062e\u0635\u064a\u0627\u062a \u0627\u0644\u062a\u064a \u0633\u062a\u0631\u0627\u0641\u0642\u0643 \u062e\u0644\u0627\u0644 \u0631\u062d\u0644\u0629 \u0627\u0633\u062a\u0643\u0634\u0627\u0641 \u0639\u0627\u0644\u0645 \u0627\u0644\u0642\u0635\u0635 \u0627\u0644\u0645\u0645\u062a\u0639\u0629<\/p>\n<p>\u0627\u0644\u063a\u0644\u0627\u0641: \u0648\u0631\u0642 \u0645\u0642\u0648\u0649<\/p>\n","protected":false},"excerpt":{"rendered":"<p style=\"text-align: center\"><strong>\u0627\u0644\u0643\u062a\u0627\u0628: 101 \u0642\u0635\u0629 \u0645\u0634\u0648\u0642\u0629<\/strong><br \/>\n<strong>\u0627\u0644\u0643\u0627\u062a\u0628: \u0645\u062c\u0645\u0648\u0639\u0629 \u0645\u0646 \u0627\u0644\u0643\u062a\u0627\u0628<\/strong><br \/>\n<strong>\u0627\u0644\u0646\u0648\u0639: \u0642\u0635\u0635 \u0623\u0637\u0641\u0627\u0644<\/strong><\/p>\n","protected":false},"featured_media":25560,"template":"","meta":{"site-sidebar-layout":"default","site-content-layout":"","ast-site-content-layout":"default","site-content-style":"default","site-sidebar-style":"default","ast-global-header-display":"","ast-banner-title-visibility":"","ast-main-header-display":"","ast-hfb-above-header-display":"","ast-hfb-below-header-display":"","ast-hfb-mobile-header-display":"","site-post-title":"","ast-breadcrumbs-content":"","ast-featured-img":"","footer-sml-layout":"","ast-disable-related-posts":"","theme-transparent-header-meta":"default","adv-header-id-meta":"","stick-header-meta":"","header-above-stick-meta":"","header-main-stick-meta":"","header-below-stick-meta":"","astra-migrate-meta-layouts":"set","ast-page-background-enabled":"default","ast-page-background-meta":{"desktop":{"background-color":"","background-image":"","background-repeat":"repeat","background-position":"center center","background-size":"auto","background-attachment":"scroll","background-type":"","background-media":"","overlay-type":"","overlay-color":"","overlay-opacity":"","overlay-gradient":""},"tablet":{"background-color":"","background-image":"","background-repeat":"repeat","background-position":"center center","background-size":"auto","background-attachment":"scroll","background-type":"","background-media":"","overlay-type":"","overlay-color":"","overlay-opacity":"","overlay-gradient":""},"mobile":{"background-color":"","background-image":"","background-repeat":"repeat","background-position":"center center","background-size":"auto","background-attachment":"scroll","background-type":"","background-media":"","overlay-type":"","overlay-color":"","overlay-opacity":"","overlay-gradient":""}},"ast-content-background-meta":{"desktop":{"background-color":"var(--ast-global-color-5)","background-image":"","background-repeat":"repeat","background-position":"center center","background-size":"auto","background-attachment":"scroll","background-type":"","background-media":"","overlay-type":"","overlay-color":"","overlay-opacity":"","overlay-gradient":""},"tablet":{"background-color":"var(--ast-global-color-5)","background-image":"","background-repeat":"repeat","background-position":"center center","background-size":"auto","background-attachment":"scroll","background-type":"","background-media":"","overlay-type":"","overlay-color":"","overlay-opacity":"","overlay-gradient":""},"mobile":{"background-color":"var(--ast-global-color-5)","background-image":"","background-repeat":"repeat","background-position":"center center","background-size":"auto","background-attachment":"scroll","background-type":"","background-media":"","overlay-type":"","overlay-color":"","overlay-opacity":"","overlay-gradient":""}}},"product_brand":[],"product_cat":[170,192],"product_tag":[],"class_list":{"0":"post-25559","1":"product","2":"type-product","3":"status-publish","4":"has-post-thumbnail","6":"product_cat-170","7":"product_cat-192","8":"pa_-1516","9":"pa_-1578","10":"pa_-347","11":"pa_--3618","12":"desktop-align-left","13":"tablet-align-left","14":"mobile-align-left","16":"first","17":"instock","18":"shipping-taxable","19":"purchasable","20":"product-type-simple"},"yoast_head":"<!-- This site is optimized with the Yoast SEO plugin v27.4 - https:\/\/yoast.com\/product\/yoast-seo-wordpress\/ -->\n<title>101 \u0642\u0635\u0629 \u0645\u0634\u0648\u0642\u0629 - \u0643\u062a\u0628 \u0627\u0644\u0623\u0637\u0641\u0627\u0644 - www.shanabooks.de<\/title>\n<meta name=\"description\" content=\"101 \u0642\u0635\u0629 \u0645\u0634\u0648\u0642\u0629 - \u0643\u062a\u0628 \u0627\u0644\u0623\u0637\u0641\u0627\u0644 \u0642\u0635\u0635 \u0645\u0631\u062d\u0629 \u0645\u0644\u064a\u0626\u0629 \u0628\u0627\u0644\u0645\u063a\u0627\u0645\u0631\u0627\u062a \u0648\u0627\u0644\u0634\u062e\u0635\u064a\u0627\u062a \u0627\u0644\u062a\u064a \u0633\u062a\u0631\u0627\u0641\u0642\u0643 \u062e\u0644\u0627\u0644 \u0631\u062d\u0644\u0629 \u0627\u0633\u062a\u0643\u0634\u0627\u0641 \u0639\u0627\u0644\u0645 \u0627\u0644\u0642\u0635\u0635 \u0627\u0644\u0645\u0645\u062a\u0639\u0629\u0627\u0644\u063a\u0644\u0627\u0641: \u0648\u0631\u0642 \u0645\u0642\u0648\u0649\" \/>\n<meta name=\"robots\" content=\"index, follow, max-snippet:-1, max-image-preview:large, max-video-preview:-1\" \/>\n<link rel=\"canonical\" href=\"https:\/\/shanabooks.de\/product\/101-\u0642\u0635\u0629-\u0645\u0634\u0648\u0642\u0629-\u0643\u062a\u0628-\u0627\u0644\u0623\u0637\u0641\u0627\u0644\/\" \/>\n<meta property=\"og:locale\" content=\"de_DE\" \/>\n<meta property=\"og:type\" content=\"article\" \/>\n<meta property=\"og:title\" content=\"101 \u0642\u0635\u0629 \u0645\u0634\u0648\u0642\u0629 - \u0643\u062a\u0628 \u0627\u0644\u0623\u0637\u0641\u0627\u0644 - www.shanabooks.de\" \/>\n<meta property=\"og:description\" content=\"101 \u0642\u0635\u0629 \u0645\u0634\u0648\u0642\u0629 - \u0643\u062a\u0628 \u0627\u0644\u0623\u0637\u0641\u0627\u0644 \u0642\u0635\u0635 \u0645\u0631\u062d\u0629 \u0645\u0644\u064a\u0626\u0629 \u0628\u0627\u0644\u0645\u063a\u0627\u0645\u0631\u0627\u062a \u0648\u0627\u0644\u0634\u062e\u0635\u064a\u0627\u062a \u0627\u0644\u062a\u064a \u0633\u062a\u0631\u0627\u0641\u0642\u0643 \u062e\u0644\u0627\u0644 \u0631\u062d\u0644\u0629 \u0627\u0633\u062a\u0643\u0634\u0627\u0641 \u0639\u0627\u0644\u0645 \u0627\u0644\u0642\u0635\u0635 \u0627\u0644\u0645\u0645\u062a\u0639\u0629\u0627\u0644\u063a\u0644\u0627\u0641: \u0648\u0631\u0642 \u0645\u0642\u0648\u0649\" \/>\n<meta property=\"og:url\" content=\"https:\/\/shanabooks.de\/product\/101-\u0642\u0635\u0629-\u0645\u0634\u0648\u0642\u0629-\u0643\u062a\u0628-\u0627\u0644\u0623\u0637\u0641\u0627\u0644\/\" \/>\n<meta property=\"og:site_name\" content=\"www.shanabooks.de\" \/>\n<meta property=\"article:modified_time\" content=\"2026-03-15T23:28:05+00:00\" \/>\n<meta property=\"og:image\" content=\"https:\/\/shanabooks.de\/wp-content\/uploads\/2024\/08\/101-\u0642\u0635\u0629-\u0645\u0634\u0648\u0642\u0629.png\" \/>\n\t<meta property=\"og:image:width\" content=\"360\" \/>\n\t<meta property=\"og:image:height\" content=\"471\" \/>\n\t<meta property=\"og:image:type\" content=\"image\/png\" \/>\n<meta name=\"twitter:card\" content=\"summary_large_image\" \/>\n<meta name=\"twitter:label1\" content=\"Gesch\u00e4tzte Lesezeit\" \/>\n\t<meta name=\"twitter:data1\" content=\"1\u00a0Minute\" \/>\n<script type=\"application\/ld+json\" class=\"yoast-schema-graph\">{\"@context\":\"https:\\\/\\\/schema.org\",\"@graph\":[{\"@type\":\"WebPage\",\"@id\":\"https:\\\/\\\/shanabooks.de\\\/product\\\/101-%d9%82%d8%b5%d8%a9-%d9%85%d8%b4%d9%88%d9%82%d8%a9-%d9%83%d8%aa%d8%a8-%d8%a7%d9%84%d8%a3%d8%b7%d9%81%d8%a7%d9%84\\\/\",\"url\":\"https:\\\/\\\/shanabooks.de\\\/product\\\/101-%d9%82%d8%b5%d8%a9-%d9%85%d8%b4%d9%88%d9%82%d8%a9-%d9%83%d8%aa%d8%a8-%d8%a7%d9%84%d8%a3%d8%b7%d9%81%d8%a7%d9%84\\\/\",\"name\":\"101 \u0642\u0635\u0629 \u0645\u0634\u0648\u0642\u0629 - \u0643\u062a\u0628 \u0627\u0644\u0623\u0637\u0641\u0627\u0644 - www.shanabooks.de\",\"isPartOf\":{\"@id\":\"https:\\\/\\\/shanabooks.de\\\/#website\"},\"primaryImageOfPage\":{\"@id\":\"https:\\\/\\\/shanabooks.de\\\/product\\\/101-%d9%82%d8%b5%d8%a9-%d9%85%d8%b4%d9%88%d9%82%d8%a9-%d9%83%d8%aa%d8%a8-%d8%a7%d9%84%d8%a3%d8%b7%d9%81%d8%a7%d9%84\\\/#primaryimage\"},\"image\":{\"@id\":\"https:\\\/\\\/shanabooks.de\\\/product\\\/101-%d9%82%d8%b5%d8%a9-%d9%85%d8%b4%d9%88%d9%82%d8%a9-%d9%83%d8%aa%d8%a8-%d8%a7%d9%84%d8%a3%d8%b7%d9%81%d8%a7%d9%84\\\/#primaryimage\"},\"thumbnailUrl\":\"https:\\\/\\\/shanabooks.de\\\/wp-content\\\/uploads\\\/2024\\\/08\\\/101-\u0642\u0635\u0629-\u0645\u0634\u0648\u0642\u0629.png\",\"datePublished\":\"2024-08-04T13:43:25+00:00\",\"dateModified\":\"2026-03-15T23:28:05+00:00\",\"description\":\"101 \u0642\u0635\u0629 \u0645\u0634\u0648\u0642\u0629 - \u0643\u062a\u0628 \u0627\u0644\u0623\u0637\u0641\u0627\u0644 \u0642\u0635\u0635 \u0645\u0631\u062d\u0629 \u0645\u0644\u064a\u0626\u0629 \u0628\u0627\u0644\u0645\u063a\u0627\u0645\u0631\u0627\u062a \u0648\u0627\u0644\u0634\u062e\u0635\u064a\u0627\u062a \u0627\u0644\u062a\u064a \u0633\u062a\u0631\u0627\u0641\u0642\u0643 \u062e\u0644\u0627\u0644 \u0631\u062d\u0644\u0629 \u0627\u0633\u062a\u0643\u0634\u0627\u0641 \u0639\u0627\u0644\u0645 \u0627\u0644\u0642\u0635\u0635 \u0627\u0644\u0645\u0645\u062a\u0639\u0629\u0627\u0644\u063a\u0644\u0627\u0641: \u0648\u0631\u0642 \u0645\u0642\u0648\u0649\",\"breadcrumb\":{\"@id\":\"https:\\\/\\\/shanabooks.de\\\/product\\\/101-%d9%82%d8%b5%d8%a9-%d9%85%d8%b4%d9%88%d9%82%d8%a9-%d9%83%d8%aa%d8%a8-%d8%a7%d9%84%d8%a3%d8%b7%d9%81%d8%a7%d9%84\\\/#breadcrumb\"},\"inLanguage\":\"de\",\"potentialAction\":[{\"@type\":\"ReadAction\",\"target\":[\"https:\\\/\\\/shanabooks.de\\\/product\\\/101-%d9%82%d8%b5%d8%a9-%d9%85%d8%b4%d9%88%d9%82%d8%a9-%d9%83%d8%aa%d8%a8-%d8%a7%d9%84%d8%a3%d8%b7%d9%81%d8%a7%d9%84\\\/\"]}]},{\"@type\":\"ImageObject\",\"inLanguage\":\"de\",\"@id\":\"https:\\\/\\\/shanabooks.de\\\/product\\\/101-%d9%82%d8%b5%d8%a9-%d9%85%d8%b4%d9%88%d9%82%d8%a9-%d9%83%d8%aa%d8%a8-%d8%a7%d9%84%d8%a3%d8%b7%d9%81%d8%a7%d9%84\\\/#primaryimage\",\"url\":\"https:\\\/\\\/shanabooks.de\\\/wp-content\\\/uploads\\\/2024\\\/08\\\/101-\u0642\u0635\u0629-\u0645\u0634\u0648\u0642\u0629.png\",\"contentUrl\":\"https:\\\/\\\/shanabooks.de\\\/wp-content\\\/uploads\\\/2024\\\/08\\\/101-\u0642\u0635\u0629-\u0645\u0634\u0648\u0642\u0629.png\",\"width\":360,\"height\":471,\"caption\":\"101 \u0642\u0635\u0629 \u0645\u0634\u0648\u0642\u0629\"},{\"@type\":\"BreadcrumbList\",\"@id\":\"https:\\\/\\\/shanabooks.de\\\/product\\\/101-%d9%82%d8%b5%d8%a9-%d9%85%d8%b4%d9%88%d9%82%d8%a9-%d9%83%d8%aa%d8%a8-%d8%a7%d9%84%d8%a3%d8%b7%d9%81%d8%a7%d9%84\\\/#breadcrumb\",\"itemListElement\":[{\"@type\":\"ListItem\",\"position\":1,\"name\":\"\u0627\u0644\u0631\u0626\u064a\u0633\u064a\u0629\",\"item\":\"https:\\\/\\\/shanabooks.de\\\/de\\\/\"},{\"@type\":\"ListItem\",\"position\":2,\"name\":\"\u0627\u0644\u0645\u0646\u062a\u062c\u0627\u062a\",\"item\":\"https:\\\/\\\/shanabooks.de\\\/shop\\\/\"},{\"@type\":\"ListItem\",\"position\":3,\"name\":\"101 \u0642\u0635\u0629 \u0645\u0634\u0648\u0642\u0629\"}]},{\"@type\":\"WebSite\",\"@id\":\"https:\\\/\\\/shanabooks.de\\\/#website\",\"url\":\"https:\\\/\\\/shanabooks.de\\\/\",\"name\":\"www.shanbooks.de\",\"description\":\"C\u00eehana Pirt\u00fbk\u00ean Kurd\u00ee \u0645\u0643\u062a\u0628\u0629 \u0634\u0627\u0646\u0627 \u0641\u064a \u0627\u0644\u0645\u0627\u0646\u064a\u0627 \u0648\u0623\u0648\u0631\u0628\u0627\",\"publisher\":{\"@id\":\"https:\\\/\\\/shanabooks.de\\\/#organization\"},\"potentialAction\":[{\"@type\":\"SearchAction\",\"target\":{\"@type\":\"EntryPoint\",\"urlTemplate\":\"https:\\\/\\\/shanabooks.de\\\/?s={search_term_string}\"},\"query-input\":{\"@type\":\"PropertyValueSpecification\",\"valueRequired\":true,\"valueName\":\"search_term_string\"}}],\"inLanguage\":\"de\"},{\"@type\":\"Organization\",\"@id\":\"https:\\\/\\\/shanabooks.de\\\/#organization\",\"name\":\"www.shanbooks.de\",\"url\":\"https:\\\/\\\/shanabooks.de\\\/\",\"logo\":{\"@type\":\"ImageObject\",\"inLanguage\":\"de\",\"@id\":\"https:\\\/\\\/shanabooks.de\\\/#\\\/schema\\\/logo\\\/image\\\/\",\"url\":\"https:\\\/\\\/shanabooks.de\\\/wp-content\\\/uploads\\\/2024\\\/03\\\/SHANABOOKS__2_-removebg-preview.png\",\"contentUrl\":\"https:\\\/\\\/shanabooks.de\\\/wp-content\\\/uploads\\\/2024\\\/03\\\/SHANABOOKS__2_-removebg-preview.png\",\"width\":700,\"height\":150,\"caption\":\"www.shanbooks.de\"},\"image\":{\"@id\":\"https:\\\/\\\/shanabooks.de\\\/#\\\/schema\\\/logo\\\/image\\\/\"}}]}<\/script>\n<!-- \/ Yoast SEO plugin. -->","yoast_head_json":{"title":"101 \u0642\u0635\u0629 \u0645\u0634\u0648\u0642\u0629 - \u0643\u062a\u0628 \u0627\u0644\u0623\u0637\u0641\u0627\u0644 - www.shanabooks.de","description":"101 \u0642\u0635\u0629 \u0645\u0634\u0648\u0642\u0629 - \u0643\u062a\u0628 \u0627\u0644\u0623\u0637\u0641\u0627\u0644 \u0642\u0635\u0635 \u0645\u0631\u062d\u0629 \u0645\u0644\u064a\u0626\u0629 \u0628\u0627\u0644\u0645\u063a\u0627\u0645\u0631\u0627\u062a \u0648\u0627\u0644\u0634\u062e\u0635\u064a\u0627\u062a \u0627\u0644\u062a\u064a \u0633\u062a\u0631\u0627\u0641\u0642\u0643 \u062e\u0644\u0627\u0644 \u0631\u062d\u0644\u0629 \u0627\u0633\u062a\u0643\u0634\u0627\u0641 \u0639\u0627\u0644\u0645 \u0627\u0644\u0642\u0635\u0635 \u0627\u0644\u0645\u0645\u062a\u0639\u0629\u0627\u0644\u063a\u0644\u0627\u0641: \u0648\u0631\u0642 \u0645\u0642\u0648\u0649","robots":{"index":"index","follow":"follow","max-snippet":"max-snippet:-1","max-image-preview":"max-image-preview:large","max-video-preview":"max-video-preview:-1"},"canonical":"https:\/\/shanabooks.de\/product\/101-\u0642\u0635\u0629-\u0645\u0634\u0648\u0642\u0629-\u0643\u062a\u0628-\u0627\u0644\u0623\u0637\u0641\u0627\u0644\/","og_locale":"de_DE","og_type":"article","og_title":"101 \u0642\u0635\u0629 \u0645\u0634\u0648\u0642\u0629 - \u0643\u062a\u0628 \u0627\u0644\u0623\u0637\u0641\u0627\u0644 - www.shanabooks.de","og_description":"101 \u0642\u0635\u0629 \u0645\u0634\u0648\u0642\u0629 - \u0643\u062a\u0628 \u0627\u0644\u0623\u0637\u0641\u0627\u0644 \u0642\u0635\u0635 \u0645\u0631\u062d\u0629 \u0645\u0644\u064a\u0626\u0629 \u0628\u0627\u0644\u0645\u063a\u0627\u0645\u0631\u0627\u062a \u0648\u0627\u0644\u0634\u062e\u0635\u064a\u0627\u062a \u0627\u0644\u062a\u064a \u0633\u062a\u0631\u0627\u0641\u0642\u0643 \u062e\u0644\u0627\u0644 \u0631\u062d\u0644\u0629 \u0627\u0633\u062a\u0643\u0634\u0627\u0641 \u0639\u0627\u0644\u0645 \u0627\u0644\u0642\u0635\u0635 \u0627\u0644\u0645\u0645\u062a\u0639\u0629\u0627\u0644\u063a\u0644\u0627\u0641: \u0648\u0631\u0642 \u0645\u0642\u0648\u0649","og_url":"https:\/\/shanabooks.de\/product\/101-\u0642\u0635\u0629-\u0645\u0634\u0648\u0642\u0629-\u0643\u062a\u0628-\u0627\u0644\u0623\u0637\u0641\u0627\u0644\/","og_site_name":"www.shanabooks.de","article_modified_time":"2026-03-15T23:28:05+00:00","og_image":[{"width":360,"height":471,"url":"https:\/\/shanabooks.de\/wp-content\/uploads\/2024\/08\/101-\u0642\u0635\u0629-\u0645\u0634\u0648\u0642\u0629.png","type":"image\/png"}],"twitter_card":"summary_large_image","twitter_misc":{"Gesch\u00e4tzte Lesezeit":"1\u00a0Minute"},"schema":{"@context":"https:\/\/schema.org","@graph":[{"@type":"WebPage","@id":"https:\/\/shanabooks.de\/product\/101-%d9%82%d8%b5%d8%a9-%d9%85%d8%b4%d9%88%d9%82%d8%a9-%d9%83%d8%aa%d8%a8-%d8%a7%d9%84%d8%a3%d8%b7%d9%81%d8%a7%d9%84\/","url":"https:\/\/shanabooks.de\/product\/101-%d9%82%d8%b5%d8%a9-%d9%85%d8%b4%d9%88%d9%82%d8%a9-%d9%83%d8%aa%d8%a8-%d8%a7%d9%84%d8%a3%d8%b7%d9%81%d8%a7%d9%84\/","name":"101 \u0642\u0635\u0629 \u0645\u0634\u0648\u0642\u0629 - \u0643\u062a\u0628 \u0627\u0644\u0623\u0637\u0641\u0627\u0644 - www.shanabooks.de","isPartOf":{"@id":"https:\/\/shanabooks.de\/#website"},"primaryImageOfPage":{"@id":"https:\/\/shanabooks.de\/product\/101-%d9%82%d8%b5%d8%a9-%d9%85%d8%b4%d9%88%d9%82%d8%a9-%d9%83%d8%aa%d8%a8-%d8%a7%d9%84%d8%a3%d8%b7%d9%81%d8%a7%d9%84\/#primaryimage"},"image":{"@id":"https:\/\/shanabooks.de\/product\/101-%d9%82%d8%b5%d8%a9-%d9%85%d8%b4%d9%88%d9%82%d8%a9-%d9%83%d8%aa%d8%a8-%d8%a7%d9%84%d8%a3%d8%b7%d9%81%d8%a7%d9%84\/#primaryimage"},"thumbnailUrl":"https:\/\/shanabooks.de\/wp-content\/uploads\/2024\/08\/101-\u0642\u0635\u0629-\u0645\u0634\u0648\u0642\u0629.png","datePublished":"2024-08-04T13:43:25+00:00","dateModified":"2026-03-15T23:28:05+00:00","description":"101 \u0642\u0635\u0629 \u0645\u0634\u0648\u0642\u0629 - \u0643\u062a\u0628 \u0627\u0644\u0623\u0637\u0641\u0627\u0644 \u0642\u0635\u0635 \u0645\u0631\u062d\u0629 \u0645\u0644\u064a\u0626\u0629 \u0628\u0627\u0644\u0645\u063a\u0627\u0645\u0631\u0627\u062a \u0648\u0627\u0644\u0634\u062e\u0635\u064a\u0627\u062a \u0627\u0644\u062a\u064a \u0633\u062a\u0631\u0627\u0641\u0642\u0643 \u062e\u0644\u0627\u0644 \u0631\u062d\u0644\u0629 \u0627\u0633\u062a\u0643\u0634\u0627\u0641 \u0639\u0627\u0644\u0645 \u0627\u0644\u0642\u0635\u0635 \u0627\u0644\u0645\u0645\u062a\u0639\u0629\u0627\u0644\u063a\u0644\u0627\u0641: \u0648\u0631\u0642 \u0645\u0642\u0648\u0649","breadcrumb":{"@id":"https:\/\/shanabooks.de\/product\/101-%d9%82%d8%b5%d8%a9-%d9%85%d8%b4%d9%88%d9%82%d8%a9-%d9%83%d8%aa%d8%a8-%d8%a7%d9%84%d8%a3%d8%b7%d9%81%d8%a7%d9%84\/#breadcrumb"},"inLanguage":"de","potentialAction":[{"@type":"ReadAction","target":["https:\/\/shanabooks.de\/product\/101-%d9%82%d8%b5%d8%a9-%d9%85%d8%b4%d9%88%d9%82%d8%a9-%d9%83%d8%aa%d8%a8-%d8%a7%d9%84%d8%a3%d8%b7%d9%81%d8%a7%d9%84\/"]}]},{"@type":"ImageObject","inLanguage":"de","@id":"https:\/\/shanabooks.de\/product\/101-%d9%82%d8%b5%d8%a9-%d9%85%d8%b4%d9%88%d9%82%d8%a9-%d9%83%d8%aa%d8%a8-%d8%a7%d9%84%d8%a3%d8%b7%d9%81%d8%a7%d9%84\/#primaryimage","url":"https:\/\/shanabooks.de\/wp-content\/uploads\/2024\/08\/101-\u0642\u0635\u0629-\u0645\u0634\u0648\u0642\u0629.png","contentUrl":"https:\/\/shanabooks.de\/wp-content\/uploads\/2024\/08\/101-\u0642\u0635\u0629-\u0645\u0634\u0648\u0642\u0629.png","width":360,"height":471,"caption":"101 \u0642\u0635\u0629 \u0645\u0634\u0648\u0642\u0629"},{"@type":"BreadcrumbList","@id":"https:\/\/shanabooks.de\/product\/101-%d9%82%d8%b5%d8%a9-%d9%85%d8%b4%d9%88%d9%82%d8%a9-%d9%83%d8%aa%d8%a8-%d8%a7%d9%84%d8%a3%d8%b7%d9%81%d8%a7%d9%84\/#breadcrumb","itemListElement":[{"@type":"ListItem","position":1,"name":"\u0627\u0644\u0631\u0626\u064a\u0633\u064a\u0629","item":"https:\/\/shanabooks.de\/de\/"},{"@type":"ListItem","position":2,"name":"\u0627\u0644\u0645\u0646\u062a\u062c\u0627\u062a","item":"https:\/\/shanabooks.de\/shop\/"},{"@type":"ListItem","position":3,"name":"101 \u0642\u0635\u0629 \u0645\u0634\u0648\u0642\u0629"}]},{"@type":"WebSite","@id":"https:\/\/shanabooks.de\/#website","url":"https:\/\/shanabooks.de\/","name":"www.shanbooks.de","description":"C\u00eehana Pirt\u00fbk\u00ean Kurd\u00ee \u0645\u0643\u062a\u0628\u0629 \u0634\u0627\u0646\u0627 \u0641\u064a \u0627\u0644\u0645\u0627\u0646\u064a\u0627 \u0648\u0623\u0648\u0631\u0628\u0627","publisher":{"@id":"https:\/\/shanabooks.de\/#organization"},"potentialAction":[{"@type":"SearchAction","target":{"@type":"EntryPoint","urlTemplate":"https:\/\/shanabooks.de\/?s={search_term_string}"},"query-input":{"@type":"PropertyValueSpecification","valueRequired":true,"valueName":"search_term_string"}}],"inLanguage":"de"},{"@type":"Organization","@id":"https:\/\/shanabooks.de\/#organization","name":"www.shanbooks.de","url":"https:\/\/shanabooks.de\/","logo":{"@type":"ImageObject","inLanguage":"de","@id":"https:\/\/shanabooks.de\/#\/schema\/logo\/image\/","url":"https:\/\/shanabooks.de\/wp-content\/uploads\/2024\/03\/SHANABOOKS__2_-removebg-preview.png","contentUrl":"https:\/\/shanabooks.de\/wp-content\/uploads\/2024\/03\/SHANABOOKS__2_-removebg-preview.png","width":700,"height":150,"caption":"www.shanbooks.de"},"image":{"@id":"https:\/\/shanabooks.de\/#\/schema\/logo\/image\/"}}]}},"jetpack_sharing_enabled":true,"_links":{"self":[{"href":"https:\/\/shanabooks.de\/de\/wp-json\/wp\/v2\/product\/25559","targetHints":{"allow":["GET"]}}],"collection":[{"href":"https:\/\/shanabooks.de\/de\/wp-json\/wp\/v2\/product"}],"about":[{"href":"https:\/\/shanabooks.de\/de\/wp-json\/wp\/v2\/types\/product"}],"version-history":[{"count":1,"href":"https:\/\/shanabooks.de\/de\/wp-json\/wp\/v2\/product\/25559\/revisions"}],"predecessor-version":[{"id":25564,"href":"https:\/\/shanabooks.de\/de\/wp-json\/wp\/v2\/product\/25559\/revisions\/25564"}],"wp:featuredmedia":[{"embeddable":true,"href":"https:\/\/shanabooks.de\/de\/wp-json\/wp\/v2\/media\/25560"}],"wp:attachment":[{"href":"https:\/\/shanabooks.de\/de\/wp-json\/wp\/v2\/media?parent=25559"}],"wp:term":[{"taxonomy":"product_brand","embeddable":true,"href":"https:\/\/shanabooks.de\/de\/wp-json\/wp\/v2\/product_brand?post=25559"},{"taxonomy":"product_cat","embeddable":true,"href":"https:\/\/shanabooks.de\/de\/wp-json\/wp\/v2\/product_cat?post=25559"},{"taxonomy":"product_tag","embeddable":true,"href":"https:\/\/shanabooks.de\/de\/wp-json\/wp\/v2\/product_tag?post=25559"}],"curies":[{"name":"wp","href":"https:\/\/api.w.org\/{rel}","templated":true}]}}