{"id":4451,"date":"2024-01-28T18:46:08","date_gmt":"2024-01-28T18:46:08","guid":{"rendered":"https:\/\/shanabooks.de\/?post_type=product&#038;p=4451"},"modified":"2025-12-30T22:08:56","modified_gmt":"2025-12-30T22:08:56","slug":"mirina-kaleki-rind","status":"publish","type":"product","link":"https:\/\/shanabooks.de\/de\/product\/mirina-kaleki-rind\/","title":{"rendered":"Mirina Kalek\u00ee Rind"},"content":{"rendered":"<p dir=\"ltr\"><strong>Mirina Kalek\u00ee Rind &#8211; Mehmed Uzun<\/strong><\/p>\n<p dir=\"ltr\">Du meriv. Du ronakb\u00eer\u00ean kurd; ronakb\u00eer\u00ea destp\u00eaka 1900\u2019\u00ee\u00a0<i>Kalo<\/i>\u00a0\u00fb ronakb\u00eer\u00ea n\u00fbjen\u00a0<i>Serdar Azad<\/i>. Jiyan\u00ean wan, h\u00ees \u00fb serp\u00eahatiy\u00ean wan, xewn \u00fb xeyal\u00ean wan, dan\u00fbstandin\u00ean wan y\u00ean bi hev re \u00fb bi doral\u00ee re, dijwar\u00ee berberiy\u00ean wan\u2026 Romana Mirina Kalek\u00ee Rind ya Mehmed Uzun ya duwem\u00een, Mirina Kalek\u00ee rind, li dor van kes, ti\u015ft \u00fb pirsiyaran t\u00ea p\u00ea. Ronakb\u00eer\u00ea n\u00fbjen\u00a0<i>Serdar Azad<\/i>\u00a0p\u00ean\u00fbs di destan de, li ber mas\u00ea r\u00fbdine \u00fb ronakb\u00eer\u00ea kevnare\u00a0<i>Kalo<\/i>\u00a0bi b\u00eer t\u00eene; gundek\u00ee bi\u00e7\u00fbk \u00fb kalem\u00earek\u00ee ec\u00eab. Kalo k\u00ee ye? Ew ji k\u00fb ye? Ew \u00e7i vedi\u015f\u00eare? Serdar Azad, li milek\u00ee, ji xwendevan\u00ean xwe re behsa kal\u00ea ec\u00eab \u00fb sirtij\u00ee dike \u00fb li milek\u00ee din j\u00ee, ew bi kalo re dipeyive \u00fb j\u00ea re behsa xwe, h\u00ees\u00ean xwe, b\u00eeran\u00ean xwe \u00fb zarokatiya xwe dike. Yan\u00ea, roman ne bi ten\u00ea li ser du kesan t\u00ea p\u00ea, herweha ew bi du \u015f\u00eawan j\u00ee t\u00ea h\u00fbnandin \u00fb vegotin. Mirov dikare\u00a0<i>Kalo<\/i>\u00a0wek\u00ee r\u00fbpelek\u00ee jib\u00eerb\u00fby\u00ee ji d\u00eeroka Kurdistan\u00ea bib\u00eene,\u00a0<i>Serdar Azad<\/i>\u00a0\u00fb jiyan, h\u00ees, daxwaz \u00fb b\u00eeran\u00een\u00ean w\u00ee j\u00ee, wek\u00ee mirovek\u00ee kurd y\u00ea n\u00fbjen \u00fb jiyana w\u00ee\u2026 ji ber ku kes, b\u00fbyer \u00fb peywendiy\u00ean roman\u00ea her\u00e7end \u015fexs\u00ee \u00fb taybet\u00ee bin, hew\u00e7end j\u00ee gelemper in.<\/p>\n<p dir=\"ltr\">Niv\u00eeskar\u00ea Roman\u00ea: Mehmed Uzun li sala 1953\u00ea li gund\u00ea Siw\u00eareka ser bi Rihay\u00ea (Urfay\u00ea) hat dinyay\u00ea. Ji ber xebata w\u00ee ya niv\u00ees\u00eena bi ziman\u00ea dayik\u00ea \u00e7end caran ji aliy\u00ea desthelata tirkan ve hat z\u00eendankirin. Her ji ber wan gef\u00ean li ser jiyana xwe, li hav\u00eena sala 1977\u00ea ji Tirkiy\u00ea derket \u00fb heyameke dir\u00eaj li Sw\u00ead\u00ea ma.<\/p>\n<p dir=\"ltr\">Mehmed Uzun di nav niv\u00eeskar\u00ean hemdem y\u00ean Kurd de, b\u00ea\u015fik y\u00ea her\u00ee berbi\u00e7av e. Ji bo ronesansa zimanek\u00ee ku demeke dir\u00eaj e di gef\u00ean tunekiri\u00ea de ye w\u00ee gelek ti\u015ft kirin.<\/p>\n<p>&nbsp;<\/p>\n","protected":false},"excerpt":{"rendered":"<p dir=\"ltr\" style=\"text-align: center;\"><strong>Pirt\u00fbk: Mirina Kalek\u00ee Rind<br \/>\nNiv\u00eeskar: Mehmed Uzun<\/strong><br \/>\n<strong>Cure: Roman<\/strong><\/p>\n","protected":false},"featured_media":11278,"template":"","meta":{"site-sidebar-layout":"default","site-content-layout":"default","ast-site-content-layout":"default","site-content-style":"default","site-sidebar-style":"default","ast-global-header-display":"","ast-banner-title-visibility":"","ast-main-header-display":"","ast-hfb-above-header-display":"","ast-hfb-below-header-display":"","ast-hfb-mobile-header-display":"","site-post-title":"","ast-breadcrumbs-content":"","ast-featured-img":"","footer-sml-layout":"","ast-disable-related-posts":"","theme-transparent-header-meta":"default","adv-header-id-meta":"","stick-header-meta":"","header-above-stick-meta":"","header-main-stick-meta":"","header-below-stick-meta":"","astra-migrate-meta-layouts":"set","ast-page-background-enabled":"default","ast-page-background-meta":{"desktop":{"background-color":"","background-image":"","background-repeat":"repeat","background-position":"center center","background-size":"auto","background-attachment":"scroll","background-type":"","background-media":"","overlay-type":"","overlay-color":"","overlay-opacity":"","overlay-gradient":""},"tablet":{"background-color":"","background-image":"","background-repeat":"repeat","background-position":"center center","background-size":"auto","background-attachment":"scroll","background-type":"","background-media":"","overlay-type":"","overlay-color":"","overlay-opacity":"","overlay-gradient":""},"mobile":{"background-color":"","background-image":"","background-repeat":"repeat","background-position":"center center","background-size":"auto","background-attachment":"scroll","background-type":"","background-media":"","overlay-type":"","overlay-color":"","overlay-opacity":"","overlay-gradient":""}},"ast-content-background-meta":{"desktop":{"background-color":"var(--ast-global-color-5)","background-image":"","background-repeat":"repeat","background-position":"center center","background-size":"auto","background-attachment":"scroll","background-type":"","background-media":"","overlay-type":"","overlay-color":"","overlay-opacity":"","overlay-gradient":""},"tablet":{"background-color":"var(--ast-global-color-5)","background-image":"","background-repeat":"repeat","background-position":"center center","background-size":"auto","background-attachment":"scroll","background-type":"","background-media":"","overlay-type":"","overlay-color":"","overlay-opacity":"","overlay-gradient":""},"mobile":{"background-color":"var(--ast-global-color-5)","background-image":"","background-repeat":"repeat","background-position":"center center","background-size":"auto","background-attachment":"scroll","background-type":"","background-media":"","overlay-type":"","overlay-color":"","overlay-opacity":"","overlay-gradient":""}}},"product_brand":[],"product_cat":[159,182,193],"product_tag":[],"class_list":{"0":"post-4451","1":"product","2":"type-product","3":"status-publish","4":"has-post-thumbnail","6":"product_cat-159","7":"product_cat-_","8":"product_cat--_","9":"pa_-roman","10":"pa_-mehmed-uzun","11":"pa_-kurmanci","12":"pa_--sel","13":"desktop-align-left","14":"tablet-align-left","15":"mobile-align-left","17":"first","18":"outofstock","19":"shipping-taxable","20":"purchasable","21":"product-type-simple"},"yoast_head":"<!-- This site is optimized with the Yoast SEO plugin v27.4 - https:\/\/yoast.com\/product\/yoast-seo-wordpress\/ -->\n<title>Mirina Kalek\u00ee Rind - Mehmed Uzun www.shanabooks.de - Mirina Kalek\u00ee Rind<\/title>\n<meta name=\"description\" content=\"Mirina Kalek\u00ee Rind - Mehmed Uzun. Mehmed Uzun di nav niv\u00eeskar\u00ean hemdem y\u00ean Kurd de, b\u00ea\u015fik y\u00ea her\u00ee berbi\u00e7av e. Ji bo ronesansa zimanek\u00ee ku demeke dir\u00eaj e...\" \/>\n<meta name=\"robots\" content=\"index, follow, max-snippet:-1, max-image-preview:large, max-video-preview:-1\" \/>\n<link rel=\"canonical\" href=\"https:\/\/shanabooks.de\/product\/mirina-kaleki-rind\/\" \/>\n<meta property=\"og:locale\" content=\"de_DE\" \/>\n<meta property=\"og:type\" content=\"article\" \/>\n<meta property=\"og:title\" content=\"Mirina Kalek\u00ee Rind - Mehmed Uzun www.shanabooks.de - Mirina Kalek\u00ee Rind\" \/>\n<meta property=\"og:description\" content=\"Mirina Kalek\u00ee Rind - Mehmed Uzun. Mehmed Uzun di nav niv\u00eeskar\u00ean hemdem y\u00ean Kurd de, b\u00ea\u015fik y\u00ea her\u00ee berbi\u00e7av e. Ji bo ronesansa zimanek\u00ee ku demeke dir\u00eaj e...\" \/>\n<meta property=\"og:url\" content=\"https:\/\/shanabooks.de\/product\/mirina-kaleki-rind\/\" \/>\n<meta property=\"og:site_name\" content=\"www.shanabooks.de\" \/>\n<meta property=\"article:modified_time\" content=\"2025-12-30T22:08:56+00:00\" \/>\n<meta property=\"og:image\" content=\"https:\/\/shanabooks.de\/wp-content\/uploads\/2024\/01\/mirin-kaleki-rind.jpg\" \/>\n\t<meta property=\"og:image:width\" content=\"1200\" \/>\n\t<meta property=\"og:image:height\" content=\"800\" \/>\n\t<meta property=\"og:image:type\" content=\"image\/jpeg\" \/>\n<meta name=\"twitter:card\" content=\"summary_large_image\" \/>\n<meta name=\"twitter:label1\" content=\"Gesch\u00e4tzte Lesezeit\" \/>\n\t<meta name=\"twitter:data1\" content=\"3\u00a0Minuten\" \/>\n<script type=\"application\/ld+json\" class=\"yoast-schema-graph\">{\"@context\":\"https:\\\/\\\/schema.org\",\"@graph\":[{\"@type\":\"WebPage\",\"@id\":\"https:\\\/\\\/shanabooks.de\\\/product\\\/mirina-kaleki-rind\\\/\",\"url\":\"https:\\\/\\\/shanabooks.de\\\/product\\\/mirina-kaleki-rind\\\/\",\"name\":\"Mirina Kalek\u00ee Rind - Mehmed Uzun www.shanabooks.de - Mirina Kalek\u00ee Rind\",\"isPartOf\":{\"@id\":\"https:\\\/\\\/shanabooks.de\\\/#website\"},\"primaryImageOfPage\":{\"@id\":\"https:\\\/\\\/shanabooks.de\\\/product\\\/mirina-kaleki-rind\\\/#primaryimage\"},\"image\":{\"@id\":\"https:\\\/\\\/shanabooks.de\\\/product\\\/mirina-kaleki-rind\\\/#primaryimage\"},\"thumbnailUrl\":\"https:\\\/\\\/shanabooks.de\\\/wp-content\\\/uploads\\\/2024\\\/01\\\/mirin-kaleki-rind.jpg\",\"datePublished\":\"2024-01-28T18:46:08+00:00\",\"dateModified\":\"2025-12-30T22:08:56+00:00\",\"description\":\"Mirina Kalek\u00ee Rind - Mehmed Uzun. Mehmed Uzun di nav niv\u00eeskar\u00ean hemdem y\u00ean Kurd de, b\u00ea\u015fik y\u00ea her\u00ee berbi\u00e7av e. Ji bo ronesansa zimanek\u00ee ku demeke dir\u00eaj e...\",\"breadcrumb\":{\"@id\":\"https:\\\/\\\/shanabooks.de\\\/product\\\/mirina-kaleki-rind\\\/#breadcrumb\"},\"inLanguage\":\"de\",\"potentialAction\":[{\"@type\":\"ReadAction\",\"target\":[\"https:\\\/\\\/shanabooks.de\\\/product\\\/mirina-kaleki-rind\\\/\"]}]},{\"@type\":\"ImageObject\",\"inLanguage\":\"de\",\"@id\":\"https:\\\/\\\/shanabooks.de\\\/product\\\/mirina-kaleki-rind\\\/#primaryimage\",\"url\":\"https:\\\/\\\/shanabooks.de\\\/wp-content\\\/uploads\\\/2024\\\/01\\\/mirin-kaleki-rind.jpg\",\"contentUrl\":\"https:\\\/\\\/shanabooks.de\\\/wp-content\\\/uploads\\\/2024\\\/01\\\/mirin-kaleki-rind.jpg\",\"width\":1200,\"height\":800,\"caption\":\"Mirina Kalek\u00ee Rind - Mehmed Uzun - Pirt\u00fbk\u00ean Kurd\u00ee\"},{\"@type\":\"BreadcrumbList\",\"@id\":\"https:\\\/\\\/shanabooks.de\\\/product\\\/mirina-kaleki-rind\\\/#breadcrumb\",\"itemListElement\":[{\"@type\":\"ListItem\",\"position\":1,\"name\":\"\u0627\u0644\u0631\u0626\u064a\u0633\u064a\u0629\",\"item\":\"https:\\\/\\\/shanabooks.de\\\/de\\\/\"},{\"@type\":\"ListItem\",\"position\":2,\"name\":\"\u0627\u0644\u0645\u0646\u062a\u062c\u0627\u062a\",\"item\":\"https:\\\/\\\/shanabooks.de\\\/shop\\\/\"},{\"@type\":\"ListItem\",\"position\":3,\"name\":\"Mirina Kalek\u00ee Rind\"}]},{\"@type\":\"WebSite\",\"@id\":\"https:\\\/\\\/shanabooks.de\\\/#website\",\"url\":\"https:\\\/\\\/shanabooks.de\\\/\",\"name\":\"www.shanbooks.de\",\"description\":\"C\u00eehana Pirt\u00fbk\u00ean Kurd\u00ee \u0645\u0643\u062a\u0628\u0629 \u0634\u0627\u0646\u0627 \u0641\u064a \u0627\u0644\u0645\u0627\u0646\u064a\u0627 \u0648\u0623\u0648\u0631\u0628\u0627\",\"publisher\":{\"@id\":\"https:\\\/\\\/shanabooks.de\\\/#organization\"},\"potentialAction\":[{\"@type\":\"SearchAction\",\"target\":{\"@type\":\"EntryPoint\",\"urlTemplate\":\"https:\\\/\\\/shanabooks.de\\\/?s={search_term_string}\"},\"query-input\":{\"@type\":\"PropertyValueSpecification\",\"valueRequired\":true,\"valueName\":\"search_term_string\"}}],\"inLanguage\":\"de\"},{\"@type\":\"Organization\",\"@id\":\"https:\\\/\\\/shanabooks.de\\\/#organization\",\"name\":\"www.shanbooks.de\",\"url\":\"https:\\\/\\\/shanabooks.de\\\/\",\"logo\":{\"@type\":\"ImageObject\",\"inLanguage\":\"de\",\"@id\":\"https:\\\/\\\/shanabooks.de\\\/#\\\/schema\\\/logo\\\/image\\\/\",\"url\":\"https:\\\/\\\/shanabooks.de\\\/wp-content\\\/uploads\\\/2024\\\/03\\\/SHANABOOKS__2_-removebg-preview.png\",\"contentUrl\":\"https:\\\/\\\/shanabooks.de\\\/wp-content\\\/uploads\\\/2024\\\/03\\\/SHANABOOKS__2_-removebg-preview.png\",\"width\":700,\"height\":150,\"caption\":\"www.shanbooks.de\"},\"image\":{\"@id\":\"https:\\\/\\\/shanabooks.de\\\/#\\\/schema\\\/logo\\\/image\\\/\"}}]}<\/script>\n<!-- \/ Yoast SEO plugin. -->","yoast_head_json":{"title":"Mirina Kalek\u00ee Rind - Mehmed Uzun www.shanabooks.de - Mirina Kalek\u00ee Rind","description":"Mirina Kalek\u00ee Rind - Mehmed Uzun. Mehmed Uzun di nav niv\u00eeskar\u00ean hemdem y\u00ean Kurd de, b\u00ea\u015fik y\u00ea her\u00ee berbi\u00e7av e. Ji bo ronesansa zimanek\u00ee ku demeke dir\u00eaj e...","robots":{"index":"index","follow":"follow","max-snippet":"max-snippet:-1","max-image-preview":"max-image-preview:large","max-video-preview":"max-video-preview:-1"},"canonical":"https:\/\/shanabooks.de\/product\/mirina-kaleki-rind\/","og_locale":"de_DE","og_type":"article","og_title":"Mirina Kalek\u00ee Rind - Mehmed Uzun www.shanabooks.de - Mirina Kalek\u00ee Rind","og_description":"Mirina Kalek\u00ee Rind - Mehmed Uzun. Mehmed Uzun di nav niv\u00eeskar\u00ean hemdem y\u00ean Kurd de, b\u00ea\u015fik y\u00ea her\u00ee berbi\u00e7av e. Ji bo ronesansa zimanek\u00ee ku demeke dir\u00eaj e...","og_url":"https:\/\/shanabooks.de\/product\/mirina-kaleki-rind\/","og_site_name":"www.shanabooks.de","article_modified_time":"2025-12-30T22:08:56+00:00","og_image":[{"width":1200,"height":800,"url":"https:\/\/shanabooks.de\/wp-content\/uploads\/2024\/01\/mirin-kaleki-rind.jpg","type":"image\/jpeg"}],"twitter_card":"summary_large_image","twitter_misc":{"Gesch\u00e4tzte Lesezeit":"3\u00a0Minuten"},"schema":{"@context":"https:\/\/schema.org","@graph":[{"@type":"WebPage","@id":"https:\/\/shanabooks.de\/product\/mirina-kaleki-rind\/","url":"https:\/\/shanabooks.de\/product\/mirina-kaleki-rind\/","name":"Mirina Kalek\u00ee Rind - Mehmed Uzun www.shanabooks.de - Mirina Kalek\u00ee Rind","isPartOf":{"@id":"https:\/\/shanabooks.de\/#website"},"primaryImageOfPage":{"@id":"https:\/\/shanabooks.de\/product\/mirina-kaleki-rind\/#primaryimage"},"image":{"@id":"https:\/\/shanabooks.de\/product\/mirina-kaleki-rind\/#primaryimage"},"thumbnailUrl":"https:\/\/shanabooks.de\/wp-content\/uploads\/2024\/01\/mirin-kaleki-rind.jpg","datePublished":"2024-01-28T18:46:08+00:00","dateModified":"2025-12-30T22:08:56+00:00","description":"Mirina Kalek\u00ee Rind - Mehmed Uzun. Mehmed Uzun di nav niv\u00eeskar\u00ean hemdem y\u00ean Kurd de, b\u00ea\u015fik y\u00ea her\u00ee berbi\u00e7av e. Ji bo ronesansa zimanek\u00ee ku demeke dir\u00eaj e...","breadcrumb":{"@id":"https:\/\/shanabooks.de\/product\/mirina-kaleki-rind\/#breadcrumb"},"inLanguage":"de","potentialAction":[{"@type":"ReadAction","target":["https:\/\/shanabooks.de\/product\/mirina-kaleki-rind\/"]}]},{"@type":"ImageObject","inLanguage":"de","@id":"https:\/\/shanabooks.de\/product\/mirina-kaleki-rind\/#primaryimage","url":"https:\/\/shanabooks.de\/wp-content\/uploads\/2024\/01\/mirin-kaleki-rind.jpg","contentUrl":"https:\/\/shanabooks.de\/wp-content\/uploads\/2024\/01\/mirin-kaleki-rind.jpg","width":1200,"height":800,"caption":"Mirina Kalek\u00ee Rind - Mehmed Uzun - Pirt\u00fbk\u00ean Kurd\u00ee"},{"@type":"BreadcrumbList","@id":"https:\/\/shanabooks.de\/product\/mirina-kaleki-rind\/#breadcrumb","itemListElement":[{"@type":"ListItem","position":1,"name":"\u0627\u0644\u0631\u0626\u064a\u0633\u064a\u0629","item":"https:\/\/shanabooks.de\/de\/"},{"@type":"ListItem","position":2,"name":"\u0627\u0644\u0645\u0646\u062a\u062c\u0627\u062a","item":"https:\/\/shanabooks.de\/shop\/"},{"@type":"ListItem","position":3,"name":"Mirina Kalek\u00ee Rind"}]},{"@type":"WebSite","@id":"https:\/\/shanabooks.de\/#website","url":"https:\/\/shanabooks.de\/","name":"www.shanbooks.de","description":"C\u00eehana Pirt\u00fbk\u00ean Kurd\u00ee \u0645\u0643\u062a\u0628\u0629 \u0634\u0627\u0646\u0627 \u0641\u064a \u0627\u0644\u0645\u0627\u0646\u064a\u0627 \u0648\u0623\u0648\u0631\u0628\u0627","publisher":{"@id":"https:\/\/shanabooks.de\/#organization"},"potentialAction":[{"@type":"SearchAction","target":{"@type":"EntryPoint","urlTemplate":"https:\/\/shanabooks.de\/?s={search_term_string}"},"query-input":{"@type":"PropertyValueSpecification","valueRequired":true,"valueName":"search_term_string"}}],"inLanguage":"de"},{"@type":"Organization","@id":"https:\/\/shanabooks.de\/#organization","name":"www.shanbooks.de","url":"https:\/\/shanabooks.de\/","logo":{"@type":"ImageObject","inLanguage":"de","@id":"https:\/\/shanabooks.de\/#\/schema\/logo\/image\/","url":"https:\/\/shanabooks.de\/wp-content\/uploads\/2024\/03\/SHANABOOKS__2_-removebg-preview.png","contentUrl":"https:\/\/shanabooks.de\/wp-content\/uploads\/2024\/03\/SHANABOOKS__2_-removebg-preview.png","width":700,"height":150,"caption":"www.shanbooks.de"},"image":{"@id":"https:\/\/shanabooks.de\/#\/schema\/logo\/image\/"}}]}},"jetpack_sharing_enabled":true,"_links":{"self":[{"href":"https:\/\/shanabooks.de\/de\/wp-json\/wp\/v2\/product\/4451","targetHints":{"allow":["GET"]}}],"collection":[{"href":"https:\/\/shanabooks.de\/de\/wp-json\/wp\/v2\/product"}],"about":[{"href":"https:\/\/shanabooks.de\/de\/wp-json\/wp\/v2\/types\/product"}],"version-history":[{"count":4,"href":"https:\/\/shanabooks.de\/de\/wp-json\/wp\/v2\/product\/4451\/revisions"}],"predecessor-version":[{"id":11460,"href":"https:\/\/shanabooks.de\/de\/wp-json\/wp\/v2\/product\/4451\/revisions\/11460"}],"wp:featuredmedia":[{"embeddable":true,"href":"https:\/\/shanabooks.de\/de\/wp-json\/wp\/v2\/media\/11278"}],"wp:attachment":[{"href":"https:\/\/shanabooks.de\/de\/wp-json\/wp\/v2\/media?parent=4451"}],"wp:term":[{"taxonomy":"product_brand","embeddable":true,"href":"https:\/\/shanabooks.de\/de\/wp-json\/wp\/v2\/product_brand?post=4451"},{"taxonomy":"product_cat","embeddable":true,"href":"https:\/\/shanabooks.de\/de\/wp-json\/wp\/v2\/product_cat?post=4451"},{"taxonomy":"product_tag","embeddable":true,"href":"https:\/\/shanabooks.de\/de\/wp-json\/wp\/v2\/product_tag?post=4451"}],"curies":[{"name":"wp","href":"https:\/\/api.w.org\/{rel}","templated":true}]}}