{"id":4452,"date":"2024-01-28T18:46:08","date_gmt":"2024-01-28T18:46:08","guid":{"rendered":"https:\/\/shanabooks.de\/?post_type=product&#038;p=4452"},"modified":"2025-12-30T22:10:53","modified_gmt":"2025-12-30T22:10:53","slug":"rojek-ji-rojen-evdale-zeynike","status":"publish","type":"product","link":"https:\/\/shanabooks.de\/de\/product\/rojek-ji-rojen-evdale-zeynike\/","title":{"rendered":"Rojek ji Roj\u00ean Evdal\u00ea Zeynik\u00ea"},"content":{"rendered":"<p dir=\"ltr\"><strong>Rojek ji Roj\u00ean Evdal\u00ea Zeynik\u00ea &#8211; Mehmed Uzun<\/strong><\/p>\n<p dir=\"ltr\">Romana Rojek Ji Roj\u00ean Evdal\u00ea Zeynik\u00ea ya MEhmed Uzun, romana dengb\u00eaj\u00ea efsanew\u00ee y\u00ea Kurd, Evdal\u00ea Zeynik\u00ea ye. Jiyana Evdal\u00ea Zeynik\u00ea, bi riya dengb\u00eaj\u00ea Kovara Hawar\u00ea, Ehmed\u00ea Ferman\u00ea K\u00eek\u00ee bi sebr \u00fb sebat, bi hosteh\u00ee, bi gotin, bi qise \u00fb peyv\u00ean ku di t\u00fbrik\u00ea xwe de ve\u015fartiye, ji n\u00fb ve t\u00ea vejandin, t\u00ea xemilandin \u00fb vegotin. Bi riya v\u00ea vegotin \u00fb serp\u00eahatiya dengb\u00eaj em t\u00eadigihin, Evdal\u00ea Zeynik\u00ea dengb\u00eajek\u00ee wel\u00ea ye ku, ew bi awaza xwe li hember ba \u00fb bahoz, bir\u00fbsk \u00fb tofan\u00ea radibe, dibe deng\u00ea din\u00ea \u00fb m\u00eena t\u00eer\u00eaj\u00ean roj\u00ea, dire\u015fe ser r\u00fby\u00ea erd\u00ea \u00fb zora tar\u00eetiy\u00ea dibe, her dever\u00ee bi deng\u00ea xwe y\u00ea xurt ron\u00ee dike. Em rast\u00ea destana sedsalan a \u00e7and \u00fb edebiyata kurd\u00ee, ev\u00eena nemir Siyabend \u00fb Xec\u00ea j\u00ee t\u00ean, em dibin guhdar \u00fb xwendevan\u00ea v\u00ea metelok\u00ea, herw eha, ber\u00ea me dikeve ser riya M\u00eerekan\u00ean w\u00ea serdem\u00ea y\u00ean wel\u00eat, xwe\u015f\u00ee \u00fb kir\u00eatiya wan, yar \u00fb neyariya wan. Rojek Ji Roj\u00ean Evdal\u00ea Zeynik\u00ea, seranser\u00ea jiyana dengb\u00eajek\u00ee si\u00fbdne\u00e7\u00ea vedib\u00eaje.<\/p>\n<p dir=\"ltr\">&#8222;Nav\u00ea min Ehmed e. Ehmed\u00ea Ferman. Ehmed\u00ea Ferman\u00ea K\u00eek\u00ee. Yan\u00ee Ehmed nav\u00ea min e. Ferman hem pa\u015fnav hem j\u00ee si\u00fbda min e. K\u00eek\u00ee j\u00ee ji K\u00eekan t\u00ea, nav\u00ea e\u015f\u00eera min e. Hin nav\u00ean min \u00ean din j\u00ee hene; dengb\u00eaj\u00ea kovar\u00ea, stranvan\u00ea Hawar\u00ea \u00fb hwd&#8230; Heta carina ji bo min weha j\u00ee t\u00ea gotin; \u2018dengb\u00eaj\u00ea me y\u00ea delal, kalem\u00ear\u00ea K\u00eekan, roniya \u00e7avan, \u00eextiyar\u00ea civatan, berdevk\u00ea maq\u00fbl \u00fb axan \u00fb berdil\u00ea ciwan \u00fb xortan&#8230;\u2019 Gava meriv zar\u015f\u00ear\u00een be \u00fb bixwaze dil\u00ea yek\u00ee xwe\u015f bike, gotin \u00fb qise pir in. Bel\u00ea, rast e; ez dengb\u00eaj \u00fb stranvan im. Ji stran, kilam, \u00e7\u00eerok, mesele, serp\u00eahat\u00ee \u00fb gotinan p\u00ea ve, ez bi k\u00ear\u00ee tu ti\u015ft\u00ee nay\u00eam. Gotin j\u00eena min e.\u201d<\/p>\n<p dir=\"ltr\">Mehmed Uzun li sala 1953\u00ea li gund\u00ea Siw\u00eareka ser bi Rihay\u00ea (Urfay\u00ea) hat dinyay\u00ea. Ji ber xebata w\u00ee ya niv\u00ees\u00eena bi ziman\u00ea dayik\u00ea \u00e7end caran ji aliy\u00ea desthelata tirkan ve hat z\u00eendankirin. Her ji ber wan gef\u00ean li ser jiyana xwe, li hav\u00eena sala 1977\u00ea ji Tirkiy\u00ea derket \u00fb heyameke dir\u00eaj li Sw\u00ead\u00ea ma.<\/p>\n","protected":false},"excerpt":{"rendered":"<p dir=\"ltr\" style=\"text-align: center;\"><strong>Pirt\u00fbk: Rojek ji Roj\u00ean Evdal\u00ea Zeynik\u00ea<br \/>\nNiv\u00eeskar: Mehmed Uzun<\/strong><br \/>\n<strong>Cure: Roman<\/strong><\/p>\n","protected":false},"featured_media":11303,"template":"","meta":{"site-sidebar-layout":"default","site-content-layout":"default","ast-site-content-layout":"default","site-content-style":"default","site-sidebar-style":"default","ast-global-header-display":"","ast-banner-title-visibility":"","ast-main-header-display":"","ast-hfb-above-header-display":"","ast-hfb-below-header-display":"","ast-hfb-mobile-header-display":"","site-post-title":"","ast-breadcrumbs-content":"","ast-featured-img":"","footer-sml-layout":"","ast-disable-related-posts":"","theme-transparent-header-meta":"default","adv-header-id-meta":"","stick-header-meta":"","header-above-stick-meta":"","header-main-stick-meta":"","header-below-stick-meta":"","astra-migrate-meta-layouts":"set","ast-page-background-enabled":"default","ast-page-background-meta":{"desktop":{"background-color":"","background-image":"","background-repeat":"repeat","background-position":"center center","background-size":"auto","background-attachment":"scroll","background-type":"","background-media":"","overlay-type":"","overlay-color":"","overlay-opacity":"","overlay-gradient":""},"tablet":{"background-color":"","background-image":"","background-repeat":"repeat","background-position":"center center","background-size":"auto","background-attachment":"scroll","background-type":"","background-media":"","overlay-type":"","overlay-color":"","overlay-opacity":"","overlay-gradient":""},"mobile":{"background-color":"","background-image":"","background-repeat":"repeat","background-position":"center center","background-size":"auto","background-attachment":"scroll","background-type":"","background-media":"","overlay-type":"","overlay-color":"","overlay-opacity":"","overlay-gradient":""}},"ast-content-background-meta":{"desktop":{"background-color":"var(--ast-global-color-5)","background-image":"","background-repeat":"repeat","background-position":"center center","background-size":"auto","background-attachment":"scroll","background-type":"","background-media":"","overlay-type":"","overlay-color":"","overlay-opacity":"","overlay-gradient":""},"tablet":{"background-color":"var(--ast-global-color-5)","background-image":"","background-repeat":"repeat","background-position":"center center","background-size":"auto","background-attachment":"scroll","background-type":"","background-media":"","overlay-type":"","overlay-color":"","overlay-opacity":"","overlay-gradient":""},"mobile":{"background-color":"var(--ast-global-color-5)","background-image":"","background-repeat":"repeat","background-position":"center center","background-size":"auto","background-attachment":"scroll","background-type":"","background-media":"","overlay-type":"","overlay-color":"","overlay-opacity":"","overlay-gradient":""}}},"product_brand":[],"product_cat":[159,182,193],"product_tag":[],"class_list":{"0":"post-4452","1":"product","2":"type-product","3":"status-publish","4":"has-post-thumbnail","6":"product_cat-159","7":"product_cat-_","8":"product_cat--_","9":"pa_-roman","10":"pa_-mehmed-uzun","11":"pa_-kurmanci","12":"pa_--sel","13":"desktop-align-left","14":"tablet-align-left","15":"mobile-align-left","17":"first","18":"instock","19":"shipping-taxable","20":"purchasable","21":"product-type-simple"},"yoast_head":"<!-- This site is optimized with the Yoast SEO plugin v27.4 - https:\/\/yoast.com\/product\/yoast-seo-wordpress\/ -->\n<title>Rojek ji Roj\u00ean Evdal\u00ea Zeynik\u00ea - Mehmed Uzun - www.shanabooks.de<\/title>\n<meta name=\"description\" content=\"Rojek ji Roj\u00ean Evdal\u00ea Zeynik\u00ea - Mehmed Uzun. Nav\u00ea min Ehmed e. Ehmed\u00ea Ferman. Ehmed\u00ea Ferman\u00ea K\u00eek\u00ee. Yan\u00ee Ehmed nav\u00ea min e. Ferman hem pa\u015fnav hem j\u00ee si\u00fbda...\" \/>\n<meta name=\"robots\" content=\"index, follow, max-snippet:-1, max-image-preview:large, max-video-preview:-1\" \/>\n<link rel=\"canonical\" href=\"https:\/\/shanabooks.de\/product\/rojek-ji-rojen-evdale-zeynike\/\" \/>\n<meta property=\"og:locale\" content=\"de_DE\" \/>\n<meta property=\"og:type\" content=\"article\" \/>\n<meta property=\"og:title\" content=\"Rojek ji Roj\u00ean Evdal\u00ea Zeynik\u00ea - Mehmed Uzun - www.shanabooks.de\" \/>\n<meta property=\"og:description\" content=\"Rojek ji Roj\u00ean Evdal\u00ea Zeynik\u00ea - Mehmed Uzun. Nav\u00ea min Ehmed e. Ehmed\u00ea Ferman. Ehmed\u00ea Ferman\u00ea K\u00eek\u00ee. Yan\u00ee Ehmed nav\u00ea min e. Ferman hem pa\u015fnav hem j\u00ee si\u00fbda...\" \/>\n<meta property=\"og:url\" content=\"https:\/\/shanabooks.de\/product\/rojek-ji-rojen-evdale-zeynike\/\" \/>\n<meta property=\"og:site_name\" content=\"www.shanabooks.de\" \/>\n<meta property=\"article:modified_time\" content=\"2025-12-30T22:10:53+00:00\" \/>\n<meta property=\"og:image\" content=\"https:\/\/shanabooks.de\/wp-content\/uploads\/2024\/01\/rojek-ji-rojen-evdale-zeynike.jpg\" \/>\n\t<meta property=\"og:image:width\" content=\"344\" \/>\n\t<meta property=\"og:image:height\" content=\"501\" \/>\n\t<meta property=\"og:image:type\" content=\"image\/jpeg\" \/>\n<meta name=\"twitter:card\" content=\"summary_large_image\" \/>\n<meta name=\"twitter:label1\" content=\"Gesch\u00e4tzte Lesezeit\" \/>\n\t<meta name=\"twitter:data1\" content=\"3\u00a0Minuten\" \/>\n<script type=\"application\/ld+json\" class=\"yoast-schema-graph\">{\"@context\":\"https:\\\/\\\/schema.org\",\"@graph\":[{\"@type\":\"WebPage\",\"@id\":\"https:\\\/\\\/shanabooks.de\\\/product\\\/rojek-ji-rojen-evdale-zeynike\\\/\",\"url\":\"https:\\\/\\\/shanabooks.de\\\/product\\\/rojek-ji-rojen-evdale-zeynike\\\/\",\"name\":\"Rojek ji Roj\u00ean Evdal\u00ea Zeynik\u00ea - Mehmed Uzun - www.shanabooks.de\",\"isPartOf\":{\"@id\":\"https:\\\/\\\/shanabooks.de\\\/#website\"},\"primaryImageOfPage\":{\"@id\":\"https:\\\/\\\/shanabooks.de\\\/product\\\/rojek-ji-rojen-evdale-zeynike\\\/#primaryimage\"},\"image\":{\"@id\":\"https:\\\/\\\/shanabooks.de\\\/product\\\/rojek-ji-rojen-evdale-zeynike\\\/#primaryimage\"},\"thumbnailUrl\":\"https:\\\/\\\/shanabooks.de\\\/wp-content\\\/uploads\\\/2024\\\/01\\\/rojek-ji-rojen-evdale-zeynike.jpg\",\"datePublished\":\"2024-01-28T18:46:08+00:00\",\"dateModified\":\"2025-12-30T22:10:53+00:00\",\"description\":\"Rojek ji Roj\u00ean Evdal\u00ea Zeynik\u00ea - Mehmed Uzun. Nav\u00ea min Ehmed e. Ehmed\u00ea Ferman. Ehmed\u00ea Ferman\u00ea K\u00eek\u00ee. Yan\u00ee Ehmed nav\u00ea min e. Ferman hem pa\u015fnav hem j\u00ee si\u00fbda...\",\"breadcrumb\":{\"@id\":\"https:\\\/\\\/shanabooks.de\\\/product\\\/rojek-ji-rojen-evdale-zeynike\\\/#breadcrumb\"},\"inLanguage\":\"de\",\"potentialAction\":[{\"@type\":\"ReadAction\",\"target\":[\"https:\\\/\\\/shanabooks.de\\\/product\\\/rojek-ji-rojen-evdale-zeynike\\\/\"]}]},{\"@type\":\"ImageObject\",\"inLanguage\":\"de\",\"@id\":\"https:\\\/\\\/shanabooks.de\\\/product\\\/rojek-ji-rojen-evdale-zeynike\\\/#primaryimage\",\"url\":\"https:\\\/\\\/shanabooks.de\\\/wp-content\\\/uploads\\\/2024\\\/01\\\/rojek-ji-rojen-evdale-zeynike.jpg\",\"contentUrl\":\"https:\\\/\\\/shanabooks.de\\\/wp-content\\\/uploads\\\/2024\\\/01\\\/rojek-ji-rojen-evdale-zeynike.jpg\",\"width\":344,\"height\":501,\"caption\":\"Rojek ji Roj\u00ean Evdal\u00ea Zeynik\u00ea - Mehmed Uzun - Pirt\u00fbk\u00ean Kurd\u00ee\"},{\"@type\":\"BreadcrumbList\",\"@id\":\"https:\\\/\\\/shanabooks.de\\\/product\\\/rojek-ji-rojen-evdale-zeynike\\\/#breadcrumb\",\"itemListElement\":[{\"@type\":\"ListItem\",\"position\":1,\"name\":\"\u0627\u0644\u0631\u0626\u064a\u0633\u064a\u0629\",\"item\":\"https:\\\/\\\/shanabooks.de\\\/de\\\/\"},{\"@type\":\"ListItem\",\"position\":2,\"name\":\"\u0627\u0644\u0645\u0646\u062a\u062c\u0627\u062a\",\"item\":\"https:\\\/\\\/shanabooks.de\\\/shop\\\/\"},{\"@type\":\"ListItem\",\"position\":3,\"name\":\"Rojek ji Roj\u00ean Evdal\u00ea Zeynik\u00ea\"}]},{\"@type\":\"WebSite\",\"@id\":\"https:\\\/\\\/shanabooks.de\\\/#website\",\"url\":\"https:\\\/\\\/shanabooks.de\\\/\",\"name\":\"www.shanbooks.de\",\"description\":\"C\u00eehana Pirt\u00fbk\u00ean Kurd\u00ee \u0645\u0643\u062a\u0628\u0629 \u0634\u0627\u0646\u0627 \u0641\u064a \u0627\u0644\u0645\u0627\u0646\u064a\u0627 \u0648\u0623\u0648\u0631\u0628\u0627\",\"publisher\":{\"@id\":\"https:\\\/\\\/shanabooks.de\\\/#organization\"},\"potentialAction\":[{\"@type\":\"SearchAction\",\"target\":{\"@type\":\"EntryPoint\",\"urlTemplate\":\"https:\\\/\\\/shanabooks.de\\\/?s={search_term_string}\"},\"query-input\":{\"@type\":\"PropertyValueSpecification\",\"valueRequired\":true,\"valueName\":\"search_term_string\"}}],\"inLanguage\":\"de\"},{\"@type\":\"Organization\",\"@id\":\"https:\\\/\\\/shanabooks.de\\\/#organization\",\"name\":\"www.shanbooks.de\",\"url\":\"https:\\\/\\\/shanabooks.de\\\/\",\"logo\":{\"@type\":\"ImageObject\",\"inLanguage\":\"de\",\"@id\":\"https:\\\/\\\/shanabooks.de\\\/#\\\/schema\\\/logo\\\/image\\\/\",\"url\":\"https:\\\/\\\/shanabooks.de\\\/wp-content\\\/uploads\\\/2024\\\/03\\\/SHANABOOKS__2_-removebg-preview.png\",\"contentUrl\":\"https:\\\/\\\/shanabooks.de\\\/wp-content\\\/uploads\\\/2024\\\/03\\\/SHANABOOKS__2_-removebg-preview.png\",\"width\":700,\"height\":150,\"caption\":\"www.shanbooks.de\"},\"image\":{\"@id\":\"https:\\\/\\\/shanabooks.de\\\/#\\\/schema\\\/logo\\\/image\\\/\"}}]}<\/script>\n<!-- \/ Yoast SEO plugin. -->","yoast_head_json":{"title":"Rojek ji Roj\u00ean Evdal\u00ea Zeynik\u00ea - Mehmed Uzun - www.shanabooks.de","description":"Rojek ji Roj\u00ean Evdal\u00ea Zeynik\u00ea - Mehmed Uzun. Nav\u00ea min Ehmed e. Ehmed\u00ea Ferman. Ehmed\u00ea Ferman\u00ea K\u00eek\u00ee. Yan\u00ee Ehmed nav\u00ea min e. Ferman hem pa\u015fnav hem j\u00ee si\u00fbda...","robots":{"index":"index","follow":"follow","max-snippet":"max-snippet:-1","max-image-preview":"max-image-preview:large","max-video-preview":"max-video-preview:-1"},"canonical":"https:\/\/shanabooks.de\/product\/rojek-ji-rojen-evdale-zeynike\/","og_locale":"de_DE","og_type":"article","og_title":"Rojek ji Roj\u00ean Evdal\u00ea Zeynik\u00ea - Mehmed Uzun - www.shanabooks.de","og_description":"Rojek ji Roj\u00ean Evdal\u00ea Zeynik\u00ea - Mehmed Uzun. Nav\u00ea min Ehmed e. Ehmed\u00ea Ferman. Ehmed\u00ea Ferman\u00ea K\u00eek\u00ee. Yan\u00ee Ehmed nav\u00ea min e. Ferman hem pa\u015fnav hem j\u00ee si\u00fbda...","og_url":"https:\/\/shanabooks.de\/product\/rojek-ji-rojen-evdale-zeynike\/","og_site_name":"www.shanabooks.de","article_modified_time":"2025-12-30T22:10:53+00:00","og_image":[{"width":344,"height":501,"url":"https:\/\/shanabooks.de\/wp-content\/uploads\/2024\/01\/rojek-ji-rojen-evdale-zeynike.jpg","type":"image\/jpeg"}],"twitter_card":"summary_large_image","twitter_misc":{"Gesch\u00e4tzte Lesezeit":"3\u00a0Minuten"},"schema":{"@context":"https:\/\/schema.org","@graph":[{"@type":"WebPage","@id":"https:\/\/shanabooks.de\/product\/rojek-ji-rojen-evdale-zeynike\/","url":"https:\/\/shanabooks.de\/product\/rojek-ji-rojen-evdale-zeynike\/","name":"Rojek ji Roj\u00ean Evdal\u00ea Zeynik\u00ea - Mehmed Uzun - www.shanabooks.de","isPartOf":{"@id":"https:\/\/shanabooks.de\/#website"},"primaryImageOfPage":{"@id":"https:\/\/shanabooks.de\/product\/rojek-ji-rojen-evdale-zeynike\/#primaryimage"},"image":{"@id":"https:\/\/shanabooks.de\/product\/rojek-ji-rojen-evdale-zeynike\/#primaryimage"},"thumbnailUrl":"https:\/\/shanabooks.de\/wp-content\/uploads\/2024\/01\/rojek-ji-rojen-evdale-zeynike.jpg","datePublished":"2024-01-28T18:46:08+00:00","dateModified":"2025-12-30T22:10:53+00:00","description":"Rojek ji Roj\u00ean Evdal\u00ea Zeynik\u00ea - Mehmed Uzun. Nav\u00ea min Ehmed e. Ehmed\u00ea Ferman. Ehmed\u00ea Ferman\u00ea K\u00eek\u00ee. Yan\u00ee Ehmed nav\u00ea min e. Ferman hem pa\u015fnav hem j\u00ee si\u00fbda...","breadcrumb":{"@id":"https:\/\/shanabooks.de\/product\/rojek-ji-rojen-evdale-zeynike\/#breadcrumb"},"inLanguage":"de","potentialAction":[{"@type":"ReadAction","target":["https:\/\/shanabooks.de\/product\/rojek-ji-rojen-evdale-zeynike\/"]}]},{"@type":"ImageObject","inLanguage":"de","@id":"https:\/\/shanabooks.de\/product\/rojek-ji-rojen-evdale-zeynike\/#primaryimage","url":"https:\/\/shanabooks.de\/wp-content\/uploads\/2024\/01\/rojek-ji-rojen-evdale-zeynike.jpg","contentUrl":"https:\/\/shanabooks.de\/wp-content\/uploads\/2024\/01\/rojek-ji-rojen-evdale-zeynike.jpg","width":344,"height":501,"caption":"Rojek ji Roj\u00ean Evdal\u00ea Zeynik\u00ea - Mehmed Uzun - Pirt\u00fbk\u00ean Kurd\u00ee"},{"@type":"BreadcrumbList","@id":"https:\/\/shanabooks.de\/product\/rojek-ji-rojen-evdale-zeynike\/#breadcrumb","itemListElement":[{"@type":"ListItem","position":1,"name":"\u0627\u0644\u0631\u0626\u064a\u0633\u064a\u0629","item":"https:\/\/shanabooks.de\/de\/"},{"@type":"ListItem","position":2,"name":"\u0627\u0644\u0645\u0646\u062a\u062c\u0627\u062a","item":"https:\/\/shanabooks.de\/shop\/"},{"@type":"ListItem","position":3,"name":"Rojek ji Roj\u00ean Evdal\u00ea Zeynik\u00ea"}]},{"@type":"WebSite","@id":"https:\/\/shanabooks.de\/#website","url":"https:\/\/shanabooks.de\/","name":"www.shanbooks.de","description":"C\u00eehana Pirt\u00fbk\u00ean Kurd\u00ee \u0645\u0643\u062a\u0628\u0629 \u0634\u0627\u0646\u0627 \u0641\u064a \u0627\u0644\u0645\u0627\u0646\u064a\u0627 \u0648\u0623\u0648\u0631\u0628\u0627","publisher":{"@id":"https:\/\/shanabooks.de\/#organization"},"potentialAction":[{"@type":"SearchAction","target":{"@type":"EntryPoint","urlTemplate":"https:\/\/shanabooks.de\/?s={search_term_string}"},"query-input":{"@type":"PropertyValueSpecification","valueRequired":true,"valueName":"search_term_string"}}],"inLanguage":"de"},{"@type":"Organization","@id":"https:\/\/shanabooks.de\/#organization","name":"www.shanbooks.de","url":"https:\/\/shanabooks.de\/","logo":{"@type":"ImageObject","inLanguage":"de","@id":"https:\/\/shanabooks.de\/#\/schema\/logo\/image\/","url":"https:\/\/shanabooks.de\/wp-content\/uploads\/2024\/03\/SHANABOOKS__2_-removebg-preview.png","contentUrl":"https:\/\/shanabooks.de\/wp-content\/uploads\/2024\/03\/SHANABOOKS__2_-removebg-preview.png","width":700,"height":150,"caption":"www.shanbooks.de"},"image":{"@id":"https:\/\/shanabooks.de\/#\/schema\/logo\/image\/"}}]}},"jetpack_sharing_enabled":true,"_links":{"self":[{"href":"https:\/\/shanabooks.de\/de\/wp-json\/wp\/v2\/product\/4452","targetHints":{"allow":["GET"]}}],"collection":[{"href":"https:\/\/shanabooks.de\/de\/wp-json\/wp\/v2\/product"}],"about":[{"href":"https:\/\/shanabooks.de\/de\/wp-json\/wp\/v2\/types\/product"}],"version-history":[{"count":4,"href":"https:\/\/shanabooks.de\/de\/wp-json\/wp\/v2\/product\/4452\/revisions"}],"predecessor-version":[{"id":11461,"href":"https:\/\/shanabooks.de\/de\/wp-json\/wp\/v2\/product\/4452\/revisions\/11461"}],"wp:featuredmedia":[{"embeddable":true,"href":"https:\/\/shanabooks.de\/de\/wp-json\/wp\/v2\/media\/11303"}],"wp:attachment":[{"href":"https:\/\/shanabooks.de\/de\/wp-json\/wp\/v2\/media?parent=4452"}],"wp:term":[{"taxonomy":"product_brand","embeddable":true,"href":"https:\/\/shanabooks.de\/de\/wp-json\/wp\/v2\/product_brand?post=4452"},{"taxonomy":"product_cat","embeddable":true,"href":"https:\/\/shanabooks.de\/de\/wp-json\/wp\/v2\/product_cat?post=4452"},{"taxonomy":"product_tag","embeddable":true,"href":"https:\/\/shanabooks.de\/de\/wp-json\/wp\/v2\/product_tag?post=4452"}],"curies":[{"name":"wp","href":"https:\/\/api.w.org\/{rel}","templated":true}]}}