{"id":4453,"date":"2024-01-28T18:46:08","date_gmt":"2024-01-28T18:46:08","guid":{"rendered":"https:\/\/shanabooks.de\/?post_type=product&#038;p=4453"},"modified":"2026-02-22T19:26:38","modified_gmt":"2026-02-22T19:26:38","slug":"tu-mehmed-uzun","status":"publish","type":"product","link":"https:\/\/shanabooks.de\/de\/product\/tu-mehmed-uzun\/","title":{"rendered":"Tu"},"content":{"rendered":"<p dir=\"ltr\"><strong>Tu &#8211; Mehmed Uzun<\/strong><\/p>\n<p dir=\"ltr\">Romana Tu ya Mehmed Uzun romana ten\u00eatiy\u00ea; romana roj\u00ean \u00ea\u015f, azar\u00ee \u00fb keserk\u00fbriy\u00ea ye. Digel v\u00ea yek\u00ea, romana roj\u00ean ku r\u00ea \u00fb r\u00ea\u00e7ek\u00ea li ber niv\u00eeskariy\u00ea vedike. Di roj\u00ean weha de pencereyek, dermanek, \u00e7areyek \u00fb ronahiyek div\u00ea; ji w\u00ee kes\u00ea h\u00eav\u00eedar \u00ea ku di nav tar\u00ee \u00fb qir\u00eajiya girt\u00eexan\u00ea de ye. Leheng\u00ea romana Tu, xwe berdide nav reh\u00ean dewlemendiya tar\u00eex, \u00e7and, kultir, ziman \u00fb folklora kurd\u00ee \u00fb p\u00ea de dihere; dibe n\u00ea\u00e7\u00eervan\u00ea peyv \u00fb gotin\u00ean ziman\u00ea kurd\u00ee, p\u00ea nefes\u00ea digire \u00fb dide. Di nav v\u00ea jiyana girt\u00eexana bedb\u00een \u00fb dijwar de k\u00eazikek dibe heval\u00ea w\u00ee. B\u00fbyer \u00fb serp\u00eahatiy\u00ean dihu y\u00ean zarokat\u00ee \u00fb \u00e7\u00eeroka dap\u00eer\u00ea dibin d\u00eemen\u00ean reng\u00een \u00fb pastoral \u00ean roman\u00ea. Serbor\u00ee \u00fb mot\u00eef\u00ean rojhilat, bi tekn\u00eek\u00ean edeb\u00ee y\u00ean rojava t\u00ean h\u00fbnandin. Ziman, kultir, folklora gel\u00ear\u00ee, m\u00eemar\u00ee, serp\u00eahat\u00ee \u00fb kevne\u015fopiya kurdan a cograf\u00eek, wek\u00ee w\u00eaneyek\u00ee kevnare hatine raxistin li ber \u00e7avan di v\u00ea roman\u00ea de. Dema roman bi daw\u00ee dibe, tehma jan \u00fb keseran a bi h\u00eaviyeke xurt veguheziye serkeftineke nefsbi\u00e7\u00fbk, ji dil\u00ea meriv diniqute. Tu destp\u00eakek e \u00fb mizg\u00eeniya xurtb\u00fbna berhem\u00ean li pey xwe dide me.<\/p>\n<p dir=\"ltr\">Niv\u00eeskar\u00ea Roman\u00ea: Mehmed Uzun li sala 1953\u00ea li gund\u00ea Siw\u00eareka ser bi Rihay\u00ea (Urfay\u00ea) hat dinyay\u00ea. Ji ber xebata w\u00ee ya niv\u00ees\u00eena bi ziman\u00ea dayik\u00ea \u00e7end caran ji aliy\u00ea desthelata tirkan ve hat z\u00eendankirin. Her ji ber wan gef\u00ean li ser jiyana xwe, li hav\u00eena sala 1977\u00ea ji Tirkiy\u00ea derket \u00fb heyameke dir\u00eaj li Sw\u00ead\u00ea ma.<\/p>\n","protected":false},"excerpt":{"rendered":"<p dir=\"ltr\" style=\"text-align: center;\"><strong>Pirt\u00fbk: Tu<br \/>\nNiv\u00eeskar: Mehmed Uzun<\/strong><br \/>\n<strong>Cure: Roman<\/strong><\/p>\n","protected":false},"featured_media":11281,"template":"","meta":{"site-sidebar-layout":"default","site-content-layout":"default","ast-site-content-layout":"default","site-content-style":"default","site-sidebar-style":"default","ast-global-header-display":"","ast-banner-title-visibility":"","ast-main-header-display":"","ast-hfb-above-header-display":"","ast-hfb-below-header-display":"","ast-hfb-mobile-header-display":"","site-post-title":"","ast-breadcrumbs-content":"","ast-featured-img":"","footer-sml-layout":"","ast-disable-related-posts":"","theme-transparent-header-meta":"default","adv-header-id-meta":"","stick-header-meta":"","header-above-stick-meta":"","header-main-stick-meta":"","header-below-stick-meta":"","astra-migrate-meta-layouts":"set","ast-page-background-enabled":"default","ast-page-background-meta":{"desktop":{"background-color":"","background-image":"","background-repeat":"repeat","background-position":"center center","background-size":"auto","background-attachment":"scroll","background-type":"","background-media":"","overlay-type":"","overlay-color":"","overlay-opacity":"","overlay-gradient":""},"tablet":{"background-color":"","background-image":"","background-repeat":"repeat","background-position":"center center","background-size":"auto","background-attachment":"scroll","background-type":"","background-media":"","overlay-type":"","overlay-color":"","overlay-opacity":"","overlay-gradient":""},"mobile":{"background-color":"","background-image":"","background-repeat":"repeat","background-position":"center center","background-size":"auto","background-attachment":"scroll","background-type":"","background-media":"","overlay-type":"","overlay-color":"","overlay-opacity":"","overlay-gradient":""}},"ast-content-background-meta":{"desktop":{"background-color":"var(--ast-global-color-5)","background-image":"","background-repeat":"repeat","background-position":"center center","background-size":"auto","background-attachment":"scroll","background-type":"","background-media":"","overlay-type":"","overlay-color":"","overlay-opacity":"","overlay-gradient":""},"tablet":{"background-color":"var(--ast-global-color-5)","background-image":"","background-repeat":"repeat","background-position":"center center","background-size":"auto","background-attachment":"scroll","background-type":"","background-media":"","overlay-type":"","overlay-color":"","overlay-opacity":"","overlay-gradient":""},"mobile":{"background-color":"var(--ast-global-color-5)","background-image":"","background-repeat":"repeat","background-position":"center center","background-size":"auto","background-attachment":"scroll","background-type":"","background-media":"","overlay-type":"","overlay-color":"","overlay-opacity":"","overlay-gradient":""}}},"product_brand":[],"product_cat":[159,182,193],"product_tag":[],"class_list":{"0":"post-4453","1":"product","2":"type-product","3":"status-publish","4":"has-post-thumbnail","6":"product_cat-159","7":"product_cat-_","8":"product_cat--_","9":"pa_-roman","10":"pa_-mehmed-uzun","11":"pa_-kurmanci","12":"pa_--sel","13":"desktop-align-left","14":"tablet-align-left","15":"mobile-align-left","17":"first","18":"outofstock","19":"shipping-taxable","20":"purchasable","21":"product-type-simple"},"yoast_head":"<!-- This site is optimized with the Yoast SEO plugin v27.4 - https:\/\/yoast.com\/product\/yoast-seo-wordpress\/ -->\n<title>Tu - Mehmed Uzun - www.shanabooks.de - Tu<\/title>\n<meta name=\"description\" content=\"Tu - Mehmed Uzun romana roj\u00ean giran. Wan roj\u00ean e\u015f, keser, ten\u00eab\u00fbn \u00fb hawar hawar\u00ea.Roj\u00ean ku dikarin der\u00ee \u00fb r\u00ea li ber niv\u00eeskariy\u00ea vekin. Di van roj\u00ean wisa de..\" \/>\n<meta name=\"robots\" content=\"index, follow, max-snippet:-1, max-image-preview:large, max-video-preview:-1\" \/>\n<link rel=\"canonical\" href=\"https:\/\/shanabooks.de\/product\/tu-mehmed-uzun\/\" \/>\n<meta property=\"og:locale\" content=\"de_DE\" \/>\n<meta property=\"og:type\" content=\"article\" \/>\n<meta property=\"og:title\" content=\"Tu - Mehmed Uzun - www.shanabooks.de - Tu\" \/>\n<meta property=\"og:description\" content=\"Tu - Mehmed Uzun romana roj\u00ean giran. Wan roj\u00ean e\u015f, keser, ten\u00eab\u00fbn \u00fb hawar hawar\u00ea.Roj\u00ean ku dikarin der\u00ee \u00fb r\u00ea li ber niv\u00eeskariy\u00ea vekin. Di van roj\u00ean wisa de..\" \/>\n<meta property=\"og:url\" content=\"https:\/\/shanabooks.de\/product\/tu-mehmed-uzun\/\" \/>\n<meta property=\"og:site_name\" content=\"www.shanabooks.de\" \/>\n<meta property=\"article:modified_time\" content=\"2026-02-22T19:26:38+00:00\" \/>\n<meta property=\"og:image\" content=\"https:\/\/shanabooks.de\/wp-content\/uploads\/2024\/01\/Tu.webp\" \/>\n\t<meta property=\"og:image:width\" content=\"602\" \/>\n\t<meta property=\"og:image:height\" content=\"857\" \/>\n\t<meta property=\"og:image:type\" content=\"image\/webp\" \/>\n<meta name=\"twitter:card\" content=\"summary_large_image\" \/>\n<meta name=\"twitter:label1\" content=\"Gesch\u00e4tzte Lesezeit\" \/>\n\t<meta name=\"twitter:data1\" content=\"2\u00a0Minuten\" \/>\n<script type=\"application\/ld+json\" class=\"yoast-schema-graph\">{\"@context\":\"https:\\\/\\\/schema.org\",\"@graph\":[{\"@type\":\"WebPage\",\"@id\":\"https:\\\/\\\/shanabooks.de\\\/product\\\/tu-mehmed-uzun\\\/\",\"url\":\"https:\\\/\\\/shanabooks.de\\\/product\\\/tu-mehmed-uzun\\\/\",\"name\":\"Tu - Mehmed Uzun - www.shanabooks.de - Tu\",\"isPartOf\":{\"@id\":\"https:\\\/\\\/shanabooks.de\\\/#website\"},\"primaryImageOfPage\":{\"@id\":\"https:\\\/\\\/shanabooks.de\\\/product\\\/tu-mehmed-uzun\\\/#primaryimage\"},\"image\":{\"@id\":\"https:\\\/\\\/shanabooks.de\\\/product\\\/tu-mehmed-uzun\\\/#primaryimage\"},\"thumbnailUrl\":\"https:\\\/\\\/shanabooks.de\\\/wp-content\\\/uploads\\\/2024\\\/01\\\/Tu.webp\",\"datePublished\":\"2024-01-28T18:46:08+00:00\",\"dateModified\":\"2026-02-22T19:26:38+00:00\",\"description\":\"Tu - Mehmed Uzun romana roj\u00ean giran. Wan roj\u00ean e\u015f, keser, ten\u00eab\u00fbn \u00fb hawar hawar\u00ea.Roj\u00ean ku dikarin der\u00ee \u00fb r\u00ea li ber niv\u00eeskariy\u00ea vekin. Di van roj\u00ean wisa de..\",\"breadcrumb\":{\"@id\":\"https:\\\/\\\/shanabooks.de\\\/product\\\/tu-mehmed-uzun\\\/#breadcrumb\"},\"inLanguage\":\"de\",\"potentialAction\":[{\"@type\":\"ReadAction\",\"target\":[\"https:\\\/\\\/shanabooks.de\\\/product\\\/tu-mehmed-uzun\\\/\"]}]},{\"@type\":\"ImageObject\",\"inLanguage\":\"de\",\"@id\":\"https:\\\/\\\/shanabooks.de\\\/product\\\/tu-mehmed-uzun\\\/#primaryimage\",\"url\":\"https:\\\/\\\/shanabooks.de\\\/wp-content\\\/uploads\\\/2024\\\/01\\\/Tu.webp\",\"contentUrl\":\"https:\\\/\\\/shanabooks.de\\\/wp-content\\\/uploads\\\/2024\\\/01\\\/Tu.webp\",\"width\":602,\"height\":857,\"caption\":\"Tu - Mehmed Uzun - Pirt\u00fbk\u00ean kurd\u00ee\"},{\"@type\":\"BreadcrumbList\",\"@id\":\"https:\\\/\\\/shanabooks.de\\\/product\\\/tu-mehmed-uzun\\\/#breadcrumb\",\"itemListElement\":[{\"@type\":\"ListItem\",\"position\":1,\"name\":\"\u0627\u0644\u0631\u0626\u064a\u0633\u064a\u0629\",\"item\":\"https:\\\/\\\/shanabooks.de\\\/de\\\/\"},{\"@type\":\"ListItem\",\"position\":2,\"name\":\"\u0627\u0644\u0645\u0646\u062a\u062c\u0627\u062a\",\"item\":\"https:\\\/\\\/shanabooks.de\\\/shop\\\/\"},{\"@type\":\"ListItem\",\"position\":3,\"name\":\"Tu\"}]},{\"@type\":\"WebSite\",\"@id\":\"https:\\\/\\\/shanabooks.de\\\/#website\",\"url\":\"https:\\\/\\\/shanabooks.de\\\/\",\"name\":\"www.shanbooks.de\",\"description\":\"C\u00eehana Pirt\u00fbk\u00ean Kurd\u00ee \u0645\u0643\u062a\u0628\u0629 \u0634\u0627\u0646\u0627 \u0641\u064a \u0627\u0644\u0645\u0627\u0646\u064a\u0627 \u0648\u0623\u0648\u0631\u0628\u0627\",\"publisher\":{\"@id\":\"https:\\\/\\\/shanabooks.de\\\/#organization\"},\"potentialAction\":[{\"@type\":\"SearchAction\",\"target\":{\"@type\":\"EntryPoint\",\"urlTemplate\":\"https:\\\/\\\/shanabooks.de\\\/?s={search_term_string}\"},\"query-input\":{\"@type\":\"PropertyValueSpecification\",\"valueRequired\":true,\"valueName\":\"search_term_string\"}}],\"inLanguage\":\"de\"},{\"@type\":\"Organization\",\"@id\":\"https:\\\/\\\/shanabooks.de\\\/#organization\",\"name\":\"www.shanbooks.de\",\"url\":\"https:\\\/\\\/shanabooks.de\\\/\",\"logo\":{\"@type\":\"ImageObject\",\"inLanguage\":\"de\",\"@id\":\"https:\\\/\\\/shanabooks.de\\\/#\\\/schema\\\/logo\\\/image\\\/\",\"url\":\"https:\\\/\\\/shanabooks.de\\\/wp-content\\\/uploads\\\/2024\\\/03\\\/SHANABOOKS__2_-removebg-preview.png\",\"contentUrl\":\"https:\\\/\\\/shanabooks.de\\\/wp-content\\\/uploads\\\/2024\\\/03\\\/SHANABOOKS__2_-removebg-preview.png\",\"width\":700,\"height\":150,\"caption\":\"www.shanbooks.de\"},\"image\":{\"@id\":\"https:\\\/\\\/shanabooks.de\\\/#\\\/schema\\\/logo\\\/image\\\/\"}}]}<\/script>\n<!-- \/ Yoast SEO plugin. -->","yoast_head_json":{"title":"Tu - Mehmed Uzun - www.shanabooks.de - Tu","description":"Tu - Mehmed Uzun romana roj\u00ean giran. Wan roj\u00ean e\u015f, keser, ten\u00eab\u00fbn \u00fb hawar hawar\u00ea.Roj\u00ean ku dikarin der\u00ee \u00fb r\u00ea li ber niv\u00eeskariy\u00ea vekin. Di van roj\u00ean wisa de..","robots":{"index":"index","follow":"follow","max-snippet":"max-snippet:-1","max-image-preview":"max-image-preview:large","max-video-preview":"max-video-preview:-1"},"canonical":"https:\/\/shanabooks.de\/product\/tu-mehmed-uzun\/","og_locale":"de_DE","og_type":"article","og_title":"Tu - Mehmed Uzun - www.shanabooks.de - Tu","og_description":"Tu - Mehmed Uzun romana roj\u00ean giran. Wan roj\u00ean e\u015f, keser, ten\u00eab\u00fbn \u00fb hawar hawar\u00ea.Roj\u00ean ku dikarin der\u00ee \u00fb r\u00ea li ber niv\u00eeskariy\u00ea vekin. Di van roj\u00ean wisa de..","og_url":"https:\/\/shanabooks.de\/product\/tu-mehmed-uzun\/","og_site_name":"www.shanabooks.de","article_modified_time":"2026-02-22T19:26:38+00:00","og_image":[{"width":602,"height":857,"url":"https:\/\/shanabooks.de\/wp-content\/uploads\/2024\/01\/Tu.webp","type":"image\/webp"}],"twitter_card":"summary_large_image","twitter_misc":{"Gesch\u00e4tzte Lesezeit":"2\u00a0Minuten"},"schema":{"@context":"https:\/\/schema.org","@graph":[{"@type":"WebPage","@id":"https:\/\/shanabooks.de\/product\/tu-mehmed-uzun\/","url":"https:\/\/shanabooks.de\/product\/tu-mehmed-uzun\/","name":"Tu - Mehmed Uzun - www.shanabooks.de - Tu","isPartOf":{"@id":"https:\/\/shanabooks.de\/#website"},"primaryImageOfPage":{"@id":"https:\/\/shanabooks.de\/product\/tu-mehmed-uzun\/#primaryimage"},"image":{"@id":"https:\/\/shanabooks.de\/product\/tu-mehmed-uzun\/#primaryimage"},"thumbnailUrl":"https:\/\/shanabooks.de\/wp-content\/uploads\/2024\/01\/Tu.webp","datePublished":"2024-01-28T18:46:08+00:00","dateModified":"2026-02-22T19:26:38+00:00","description":"Tu - Mehmed Uzun romana roj\u00ean giran. Wan roj\u00ean e\u015f, keser, ten\u00eab\u00fbn \u00fb hawar hawar\u00ea.Roj\u00ean ku dikarin der\u00ee \u00fb r\u00ea li ber niv\u00eeskariy\u00ea vekin. Di van roj\u00ean wisa de..","breadcrumb":{"@id":"https:\/\/shanabooks.de\/product\/tu-mehmed-uzun\/#breadcrumb"},"inLanguage":"de","potentialAction":[{"@type":"ReadAction","target":["https:\/\/shanabooks.de\/product\/tu-mehmed-uzun\/"]}]},{"@type":"ImageObject","inLanguage":"de","@id":"https:\/\/shanabooks.de\/product\/tu-mehmed-uzun\/#primaryimage","url":"https:\/\/shanabooks.de\/wp-content\/uploads\/2024\/01\/Tu.webp","contentUrl":"https:\/\/shanabooks.de\/wp-content\/uploads\/2024\/01\/Tu.webp","width":602,"height":857,"caption":"Tu - Mehmed Uzun - Pirt\u00fbk\u00ean kurd\u00ee"},{"@type":"BreadcrumbList","@id":"https:\/\/shanabooks.de\/product\/tu-mehmed-uzun\/#breadcrumb","itemListElement":[{"@type":"ListItem","position":1,"name":"\u0627\u0644\u0631\u0626\u064a\u0633\u064a\u0629","item":"https:\/\/shanabooks.de\/de\/"},{"@type":"ListItem","position":2,"name":"\u0627\u0644\u0645\u0646\u062a\u062c\u0627\u062a","item":"https:\/\/shanabooks.de\/shop\/"},{"@type":"ListItem","position":3,"name":"Tu"}]},{"@type":"WebSite","@id":"https:\/\/shanabooks.de\/#website","url":"https:\/\/shanabooks.de\/","name":"www.shanbooks.de","description":"C\u00eehana Pirt\u00fbk\u00ean Kurd\u00ee \u0645\u0643\u062a\u0628\u0629 \u0634\u0627\u0646\u0627 \u0641\u064a \u0627\u0644\u0645\u0627\u0646\u064a\u0627 \u0648\u0623\u0648\u0631\u0628\u0627","publisher":{"@id":"https:\/\/shanabooks.de\/#organization"},"potentialAction":[{"@type":"SearchAction","target":{"@type":"EntryPoint","urlTemplate":"https:\/\/shanabooks.de\/?s={search_term_string}"},"query-input":{"@type":"PropertyValueSpecification","valueRequired":true,"valueName":"search_term_string"}}],"inLanguage":"de"},{"@type":"Organization","@id":"https:\/\/shanabooks.de\/#organization","name":"www.shanbooks.de","url":"https:\/\/shanabooks.de\/","logo":{"@type":"ImageObject","inLanguage":"de","@id":"https:\/\/shanabooks.de\/#\/schema\/logo\/image\/","url":"https:\/\/shanabooks.de\/wp-content\/uploads\/2024\/03\/SHANABOOKS__2_-removebg-preview.png","contentUrl":"https:\/\/shanabooks.de\/wp-content\/uploads\/2024\/03\/SHANABOOKS__2_-removebg-preview.png","width":700,"height":150,"caption":"www.shanbooks.de"},"image":{"@id":"https:\/\/shanabooks.de\/#\/schema\/logo\/image\/"}}]}},"jetpack_sharing_enabled":true,"_links":{"self":[{"href":"https:\/\/shanabooks.de\/de\/wp-json\/wp\/v2\/product\/4453","targetHints":{"allow":["GET"]}}],"collection":[{"href":"https:\/\/shanabooks.de\/de\/wp-json\/wp\/v2\/product"}],"about":[{"href":"https:\/\/shanabooks.de\/de\/wp-json\/wp\/v2\/types\/product"}],"version-history":[{"count":4,"href":"https:\/\/shanabooks.de\/de\/wp-json\/wp\/v2\/product\/4453\/revisions"}],"predecessor-version":[{"id":11462,"href":"https:\/\/shanabooks.de\/de\/wp-json\/wp\/v2\/product\/4453\/revisions\/11462"}],"wp:featuredmedia":[{"embeddable":true,"href":"https:\/\/shanabooks.de\/de\/wp-json\/wp\/v2\/media\/11281"}],"wp:attachment":[{"href":"https:\/\/shanabooks.de\/de\/wp-json\/wp\/v2\/media?parent=4453"}],"wp:term":[{"taxonomy":"product_brand","embeddable":true,"href":"https:\/\/shanabooks.de\/de\/wp-json\/wp\/v2\/product_brand?post=4453"},{"taxonomy":"product_cat","embeddable":true,"href":"https:\/\/shanabooks.de\/de\/wp-json\/wp\/v2\/product_cat?post=4453"},{"taxonomy":"product_tag","embeddable":true,"href":"https:\/\/shanabooks.de\/de\/wp-json\/wp\/v2\/product_tag?post=4453"}],"curies":[{"name":"wp","href":"https:\/\/api.w.org\/{rel}","templated":true}]}}