{"id":4484,"date":"2024-01-28T18:46:30","date_gmt":"2024-01-28T18:46:30","guid":{"rendered":"https:\/\/shanabooks.de\/?post_type=product&#038;p=4484"},"modified":"2025-12-30T22:16:00","modified_gmt":"2025-12-30T22:16:00","slug":"firina-bi-basken-sikesti-helim-yusiv","status":"publish","type":"product","link":"https:\/\/shanabooks.de\/de\/product\/firina-bi-basken-sikesti-helim-yusiv\/","title":{"rendered":"Fir\u00eena Bi Bask\u00ean \u015eikest\u00ee"},"content":{"rendered":"<p dir=\"ltr\"><strong>Fir\u00eena Bi Bask\u00ean \u015eikest\u00ee &#8211; Hel\u00eem Y\u00fbsiv<\/strong><\/p>\n<p dir=\"ltr\">Berhem\u00ean edeb\u00ee pir\u00ea caran s\u00eenor\u00ean heb\u00fbna mad\u00ee \u00fb ya zihn\u00ee, rastiya dinya derve \u00fb ya der\u00fbniya lehengan serobinoy\u00ee hev dikin, ji xwe edebiyat hinek\u00ee j\u00ee derbaskirina s\u00eenoran e. L\u00ea ev berhema Fir\u00eena Bi Bask\u00ean \u015eikest\u00ee ya Hel\u00eem Y\u00fbsiv di s\u00eenor\u00ea jiyan \u00fb mirin\u00ea de p\u00eal dide. Li bajarek\u00ee ku bi ewr\u00ean re\u015f y\u00ea mirin\u00ea hatiye dorp\u00ea\u00e7kirin, li pey \u015fopa ev\u00eenek\u00ea digere. Ev\u00eeneke wisa ku ne ten\u00ea li ber xwe dide \u00fb dij\u00ee, l\u00ea ew m\u00eena \u015fitleke kesk di nav kavil\u00ean c\u00eehaneke w\u00earanb\u00fby\u00ee de ser\u00ee hildide. Rih\u00ea xwe xistiye kefa dest\u00ea xwe \u00fb ber bi rojeke n\u00fb ve dime\u015f e. Her \u00e7end\u00ee bask\u015fikest\u00ee be, d\u00eesa j\u00ee ber bi per\u00ea as\u00eemanan ve difire.<\/p>\n","protected":false},"excerpt":{"rendered":"<p dir=\"ltr\" style=\"text-align: center;\"><strong>Pirt\u00fbk: Fir\u00eena Bi Bask\u00ean \u015eikest\u00ee<br \/>\nNiv\u00eeskar: Hel\u00eem Y\u00fbsif<\/strong><br \/>\n<strong>Cure: Roman<\/strong><\/p>\n","protected":false},"featured_media":11399,"template":"","meta":{"site-sidebar-layout":"default","site-content-layout":"default","ast-site-content-layout":"default","site-content-style":"default","site-sidebar-style":"default","ast-global-header-display":"","ast-banner-title-visibility":"","ast-main-header-display":"","ast-hfb-above-header-display":"","ast-hfb-below-header-display":"","ast-hfb-mobile-header-display":"","site-post-title":"","ast-breadcrumbs-content":"","ast-featured-img":"","footer-sml-layout":"","ast-disable-related-posts":"","theme-transparent-header-meta":"default","adv-header-id-meta":"","stick-header-meta":"","header-above-stick-meta":"","header-main-stick-meta":"","header-below-stick-meta":"","astra-migrate-meta-layouts":"set","ast-page-background-enabled":"default","ast-page-background-meta":{"desktop":{"background-color":"","background-image":"","background-repeat":"repeat","background-position":"center center","background-size":"auto","background-attachment":"scroll","background-type":"","background-media":"","overlay-type":"","overlay-color":"","overlay-opacity":"","overlay-gradient":""},"tablet":{"background-color":"","background-image":"","background-repeat":"repeat","background-position":"center center","background-size":"auto","background-attachment":"scroll","background-type":"","background-media":"","overlay-type":"","overlay-color":"","overlay-opacity":"","overlay-gradient":""},"mobile":{"background-color":"","background-image":"","background-repeat":"repeat","background-position":"center center","background-size":"auto","background-attachment":"scroll","background-type":"","background-media":"","overlay-type":"","overlay-color":"","overlay-opacity":"","overlay-gradient":""}},"ast-content-background-meta":{"desktop":{"background-color":"var(--ast-global-color-5)","background-image":"","background-repeat":"repeat","background-position":"center center","background-size":"auto","background-attachment":"scroll","background-type":"","background-media":"","overlay-type":"","overlay-color":"","overlay-opacity":"","overlay-gradient":""},"tablet":{"background-color":"var(--ast-global-color-5)","background-image":"","background-repeat":"repeat","background-position":"center center","background-size":"auto","background-attachment":"scroll","background-type":"","background-media":"","overlay-type":"","overlay-color":"","overlay-opacity":"","overlay-gradient":""},"mobile":{"background-color":"var(--ast-global-color-5)","background-image":"","background-repeat":"repeat","background-position":"center center","background-size":"auto","background-attachment":"scroll","background-type":"","background-media":"","overlay-type":"","overlay-color":"","overlay-opacity":"","overlay-gradient":""}}},"product_brand":[],"product_cat":[159,182],"product_tag":[],"class_list":{"0":"post-4484","1":"product","2":"type-product","3":"status-publish","4":"has-post-thumbnail","6":"product_cat-159","7":"product_cat-_","8":"pa_-roman","9":"pa_-helim-yusiv","10":"pa_-kurmanci","11":"pa_--peywend-yayinlari","12":"desktop-align-left","13":"tablet-align-left","14":"mobile-align-left","16":"first","17":"instock","18":"shipping-taxable","19":"purchasable","20":"product-type-simple"},"yoast_head":"<!-- This site is optimized with the Yoast SEO plugin v27.4 - https:\/\/yoast.com\/product\/yoast-seo-wordpress\/ -->\n<title>Fir\u00eena Bi Bask\u00ean \u015eikest\u00ee - Hel\u00eem Y\u00fbsiv www.shanabooks.de -<\/title>\n<meta name=\"description\" content=\"Fir\u00eena Bi Bask\u00ean \u015eikest\u00ee - Hel\u00eem Y\u00fbsiv Berhem\u00ean edeb\u00ee pir\u00ea caran s\u00eenor\u00ean heb\u00fbna mad\u00ee \u00fb ya zihn\u00ee, rastiya dinya derve \u00fb ya der\u00fbniya lehengan serobinoy\u00ee ...\" \/>\n<meta name=\"robots\" content=\"index, follow, max-snippet:-1, max-image-preview:large, max-video-preview:-1\" \/>\n<link rel=\"canonical\" href=\"https:\/\/shanabooks.de\/product\/firina-bi-basken-sikesti-helim-yusiv\/\" \/>\n<meta property=\"og:locale\" content=\"de_DE\" \/>\n<meta property=\"og:type\" content=\"article\" \/>\n<meta property=\"og:title\" content=\"Fir\u00eena Bi Bask\u00ean \u015eikest\u00ee - Hel\u00eem Y\u00fbsiv www.shanabooks.de -\" \/>\n<meta property=\"og:description\" content=\"Fir\u00eena Bi Bask\u00ean \u015eikest\u00ee - Hel\u00eem Y\u00fbsiv Berhem\u00ean edeb\u00ee pir\u00ea caran s\u00eenor\u00ean heb\u00fbna mad\u00ee \u00fb ya zihn\u00ee, rastiya dinya derve \u00fb ya der\u00fbniya lehengan serobinoy\u00ee ...\" \/>\n<meta property=\"og:url\" content=\"https:\/\/shanabooks.de\/product\/firina-bi-basken-sikesti-helim-yusiv\/\" \/>\n<meta property=\"og:site_name\" content=\"www.shanabooks.de\" \/>\n<meta property=\"article:modified_time\" content=\"2025-12-30T22:16:00+00:00\" \/>\n<meta property=\"og:image\" content=\"https:\/\/shanabooks.de\/wp-content\/uploads\/2024\/03\/Firina-Bi-Basken-Sikesti.jpg\" \/>\n\t<meta property=\"og:image:width\" content=\"207\" \/>\n\t<meta property=\"og:image:height\" content=\"319\" \/>\n\t<meta property=\"og:image:type\" content=\"image\/jpeg\" \/>\n<meta name=\"twitter:card\" content=\"summary_large_image\" \/>\n<meta name=\"twitter:label1\" content=\"Gesch\u00e4tzte Lesezeit\" \/>\n\t<meta name=\"twitter:data1\" content=\"2\u00a0Minuten\" \/>\n<script type=\"application\/ld+json\" class=\"yoast-schema-graph\">{\"@context\":\"https:\\\/\\\/schema.org\",\"@graph\":[{\"@type\":\"WebPage\",\"@id\":\"https:\\\/\\\/shanabooks.de\\\/product\\\/firina-bi-basken-sikesti-helim-yusiv\\\/\",\"url\":\"https:\\\/\\\/shanabooks.de\\\/product\\\/firina-bi-basken-sikesti-helim-yusiv\\\/\",\"name\":\"Fir\u00eena Bi Bask\u00ean \u015eikest\u00ee - Hel\u00eem Y\u00fbsiv www.shanabooks.de -\",\"isPartOf\":{\"@id\":\"https:\\\/\\\/shanabooks.de\\\/#website\"},\"primaryImageOfPage\":{\"@id\":\"https:\\\/\\\/shanabooks.de\\\/product\\\/firina-bi-basken-sikesti-helim-yusiv\\\/#primaryimage\"},\"image\":{\"@id\":\"https:\\\/\\\/shanabooks.de\\\/product\\\/firina-bi-basken-sikesti-helim-yusiv\\\/#primaryimage\"},\"thumbnailUrl\":\"https:\\\/\\\/shanabooks.de\\\/wp-content\\\/uploads\\\/2024\\\/03\\\/Firina-Bi-Basken-Sikesti.jpg\",\"datePublished\":\"2024-01-28T18:46:30+00:00\",\"dateModified\":\"2025-12-30T22:16:00+00:00\",\"description\":\"Fir\u00eena Bi Bask\u00ean \u015eikest\u00ee - Hel\u00eem Y\u00fbsiv Berhem\u00ean edeb\u00ee pir\u00ea caran s\u00eenor\u00ean heb\u00fbna mad\u00ee \u00fb ya zihn\u00ee, rastiya dinya derve \u00fb ya der\u00fbniya lehengan serobinoy\u00ee ...\",\"breadcrumb\":{\"@id\":\"https:\\\/\\\/shanabooks.de\\\/product\\\/firina-bi-basken-sikesti-helim-yusiv\\\/#breadcrumb\"},\"inLanguage\":\"de\",\"potentialAction\":[{\"@type\":\"ReadAction\",\"target\":[\"https:\\\/\\\/shanabooks.de\\\/product\\\/firina-bi-basken-sikesti-helim-yusiv\\\/\"]}]},{\"@type\":\"ImageObject\",\"inLanguage\":\"de\",\"@id\":\"https:\\\/\\\/shanabooks.de\\\/product\\\/firina-bi-basken-sikesti-helim-yusiv\\\/#primaryimage\",\"url\":\"https:\\\/\\\/shanabooks.de\\\/wp-content\\\/uploads\\\/2024\\\/03\\\/Firina-Bi-Basken-Sikesti.jpg\",\"contentUrl\":\"https:\\\/\\\/shanabooks.de\\\/wp-content\\\/uploads\\\/2024\\\/03\\\/Firina-Bi-Basken-Sikesti.jpg\",\"width\":207,\"height\":319,\"caption\":\"Fir\u00eena Bi Bask\u00ean \u015eikest\u00ee - Hel\u00eem Y\u00fbsiv - Pirt\u00fbk\u00ean Kurd\u00ee\"},{\"@type\":\"BreadcrumbList\",\"@id\":\"https:\\\/\\\/shanabooks.de\\\/product\\\/firina-bi-basken-sikesti-helim-yusiv\\\/#breadcrumb\",\"itemListElement\":[{\"@type\":\"ListItem\",\"position\":1,\"name\":\"\u0627\u0644\u0631\u0626\u064a\u0633\u064a\u0629\",\"item\":\"https:\\\/\\\/shanabooks.de\\\/de\\\/\"},{\"@type\":\"ListItem\",\"position\":2,\"name\":\"\u0627\u0644\u0645\u0646\u062a\u062c\u0627\u062a\",\"item\":\"https:\\\/\\\/shanabooks.de\\\/shop\\\/\"},{\"@type\":\"ListItem\",\"position\":3,\"name\":\"Fir\u00eena Bi Bask\u00ean \u015eikest\u00ee\"}]},{\"@type\":\"WebSite\",\"@id\":\"https:\\\/\\\/shanabooks.de\\\/#website\",\"url\":\"https:\\\/\\\/shanabooks.de\\\/\",\"name\":\"www.shanbooks.de\",\"description\":\"C\u00eehana Pirt\u00fbk\u00ean Kurd\u00ee \u0645\u0643\u062a\u0628\u0629 \u0634\u0627\u0646\u0627 \u0641\u064a \u0627\u0644\u0645\u0627\u0646\u064a\u0627 \u0648\u0623\u0648\u0631\u0628\u0627\",\"publisher\":{\"@id\":\"https:\\\/\\\/shanabooks.de\\\/#organization\"},\"potentialAction\":[{\"@type\":\"SearchAction\",\"target\":{\"@type\":\"EntryPoint\",\"urlTemplate\":\"https:\\\/\\\/shanabooks.de\\\/?s={search_term_string}\"},\"query-input\":{\"@type\":\"PropertyValueSpecification\",\"valueRequired\":true,\"valueName\":\"search_term_string\"}}],\"inLanguage\":\"de\"},{\"@type\":\"Organization\",\"@id\":\"https:\\\/\\\/shanabooks.de\\\/#organization\",\"name\":\"www.shanbooks.de\",\"url\":\"https:\\\/\\\/shanabooks.de\\\/\",\"logo\":{\"@type\":\"ImageObject\",\"inLanguage\":\"de\",\"@id\":\"https:\\\/\\\/shanabooks.de\\\/#\\\/schema\\\/logo\\\/image\\\/\",\"url\":\"https:\\\/\\\/shanabooks.de\\\/wp-content\\\/uploads\\\/2024\\\/03\\\/SHANABOOKS__2_-removebg-preview.png\",\"contentUrl\":\"https:\\\/\\\/shanabooks.de\\\/wp-content\\\/uploads\\\/2024\\\/03\\\/SHANABOOKS__2_-removebg-preview.png\",\"width\":700,\"height\":150,\"caption\":\"www.shanbooks.de\"},\"image\":{\"@id\":\"https:\\\/\\\/shanabooks.de\\\/#\\\/schema\\\/logo\\\/image\\\/\"}}]}<\/script>\n<!-- \/ Yoast SEO plugin. -->","yoast_head_json":{"title":"Fir\u00eena Bi Bask\u00ean \u015eikest\u00ee - Hel\u00eem Y\u00fbsiv www.shanabooks.de -","description":"Fir\u00eena Bi Bask\u00ean \u015eikest\u00ee - Hel\u00eem Y\u00fbsiv Berhem\u00ean edeb\u00ee pir\u00ea caran s\u00eenor\u00ean heb\u00fbna mad\u00ee \u00fb ya zihn\u00ee, rastiya dinya derve \u00fb ya der\u00fbniya lehengan serobinoy\u00ee ...","robots":{"index":"index","follow":"follow","max-snippet":"max-snippet:-1","max-image-preview":"max-image-preview:large","max-video-preview":"max-video-preview:-1"},"canonical":"https:\/\/shanabooks.de\/product\/firina-bi-basken-sikesti-helim-yusiv\/","og_locale":"de_DE","og_type":"article","og_title":"Fir\u00eena Bi Bask\u00ean \u015eikest\u00ee - Hel\u00eem Y\u00fbsiv www.shanabooks.de -","og_description":"Fir\u00eena Bi Bask\u00ean \u015eikest\u00ee - Hel\u00eem Y\u00fbsiv Berhem\u00ean edeb\u00ee pir\u00ea caran s\u00eenor\u00ean heb\u00fbna mad\u00ee \u00fb ya zihn\u00ee, rastiya dinya derve \u00fb ya der\u00fbniya lehengan serobinoy\u00ee ...","og_url":"https:\/\/shanabooks.de\/product\/firina-bi-basken-sikesti-helim-yusiv\/","og_site_name":"www.shanabooks.de","article_modified_time":"2025-12-30T22:16:00+00:00","og_image":[{"width":207,"height":319,"url":"https:\/\/shanabooks.de\/wp-content\/uploads\/2024\/03\/Firina-Bi-Basken-Sikesti.jpg","type":"image\/jpeg"}],"twitter_card":"summary_large_image","twitter_misc":{"Gesch\u00e4tzte Lesezeit":"2\u00a0Minuten"},"schema":{"@context":"https:\/\/schema.org","@graph":[{"@type":"WebPage","@id":"https:\/\/shanabooks.de\/product\/firina-bi-basken-sikesti-helim-yusiv\/","url":"https:\/\/shanabooks.de\/product\/firina-bi-basken-sikesti-helim-yusiv\/","name":"Fir\u00eena Bi Bask\u00ean \u015eikest\u00ee - Hel\u00eem Y\u00fbsiv www.shanabooks.de -","isPartOf":{"@id":"https:\/\/shanabooks.de\/#website"},"primaryImageOfPage":{"@id":"https:\/\/shanabooks.de\/product\/firina-bi-basken-sikesti-helim-yusiv\/#primaryimage"},"image":{"@id":"https:\/\/shanabooks.de\/product\/firina-bi-basken-sikesti-helim-yusiv\/#primaryimage"},"thumbnailUrl":"https:\/\/shanabooks.de\/wp-content\/uploads\/2024\/03\/Firina-Bi-Basken-Sikesti.jpg","datePublished":"2024-01-28T18:46:30+00:00","dateModified":"2025-12-30T22:16:00+00:00","description":"Fir\u00eena Bi Bask\u00ean \u015eikest\u00ee - Hel\u00eem Y\u00fbsiv Berhem\u00ean edeb\u00ee pir\u00ea caran s\u00eenor\u00ean heb\u00fbna mad\u00ee \u00fb ya zihn\u00ee, rastiya dinya derve \u00fb ya der\u00fbniya lehengan serobinoy\u00ee ...","breadcrumb":{"@id":"https:\/\/shanabooks.de\/product\/firina-bi-basken-sikesti-helim-yusiv\/#breadcrumb"},"inLanguage":"de","potentialAction":[{"@type":"ReadAction","target":["https:\/\/shanabooks.de\/product\/firina-bi-basken-sikesti-helim-yusiv\/"]}]},{"@type":"ImageObject","inLanguage":"de","@id":"https:\/\/shanabooks.de\/product\/firina-bi-basken-sikesti-helim-yusiv\/#primaryimage","url":"https:\/\/shanabooks.de\/wp-content\/uploads\/2024\/03\/Firina-Bi-Basken-Sikesti.jpg","contentUrl":"https:\/\/shanabooks.de\/wp-content\/uploads\/2024\/03\/Firina-Bi-Basken-Sikesti.jpg","width":207,"height":319,"caption":"Fir\u00eena Bi Bask\u00ean \u015eikest\u00ee - Hel\u00eem Y\u00fbsiv - Pirt\u00fbk\u00ean Kurd\u00ee"},{"@type":"BreadcrumbList","@id":"https:\/\/shanabooks.de\/product\/firina-bi-basken-sikesti-helim-yusiv\/#breadcrumb","itemListElement":[{"@type":"ListItem","position":1,"name":"\u0627\u0644\u0631\u0626\u064a\u0633\u064a\u0629","item":"https:\/\/shanabooks.de\/de\/"},{"@type":"ListItem","position":2,"name":"\u0627\u0644\u0645\u0646\u062a\u062c\u0627\u062a","item":"https:\/\/shanabooks.de\/shop\/"},{"@type":"ListItem","position":3,"name":"Fir\u00eena Bi Bask\u00ean \u015eikest\u00ee"}]},{"@type":"WebSite","@id":"https:\/\/shanabooks.de\/#website","url":"https:\/\/shanabooks.de\/","name":"www.shanbooks.de","description":"C\u00eehana Pirt\u00fbk\u00ean Kurd\u00ee \u0645\u0643\u062a\u0628\u0629 \u0634\u0627\u0646\u0627 \u0641\u064a \u0627\u0644\u0645\u0627\u0646\u064a\u0627 \u0648\u0623\u0648\u0631\u0628\u0627","publisher":{"@id":"https:\/\/shanabooks.de\/#organization"},"potentialAction":[{"@type":"SearchAction","target":{"@type":"EntryPoint","urlTemplate":"https:\/\/shanabooks.de\/?s={search_term_string}"},"query-input":{"@type":"PropertyValueSpecification","valueRequired":true,"valueName":"search_term_string"}}],"inLanguage":"de"},{"@type":"Organization","@id":"https:\/\/shanabooks.de\/#organization","name":"www.shanbooks.de","url":"https:\/\/shanabooks.de\/","logo":{"@type":"ImageObject","inLanguage":"de","@id":"https:\/\/shanabooks.de\/#\/schema\/logo\/image\/","url":"https:\/\/shanabooks.de\/wp-content\/uploads\/2024\/03\/SHANABOOKS__2_-removebg-preview.png","contentUrl":"https:\/\/shanabooks.de\/wp-content\/uploads\/2024\/03\/SHANABOOKS__2_-removebg-preview.png","width":700,"height":150,"caption":"www.shanbooks.de"},"image":{"@id":"https:\/\/shanabooks.de\/#\/schema\/logo\/image\/"}}]}},"jetpack_sharing_enabled":true,"_links":{"self":[{"href":"https:\/\/shanabooks.de\/de\/wp-json\/wp\/v2\/product\/4484","targetHints":{"allow":["GET"]}}],"collection":[{"href":"https:\/\/shanabooks.de\/de\/wp-json\/wp\/v2\/product"}],"about":[{"href":"https:\/\/shanabooks.de\/de\/wp-json\/wp\/v2\/types\/product"}],"version-history":[{"count":4,"href":"https:\/\/shanabooks.de\/de\/wp-json\/wp\/v2\/product\/4484\/revisions"}],"predecessor-version":[{"id":11456,"href":"https:\/\/shanabooks.de\/de\/wp-json\/wp\/v2\/product\/4484\/revisions\/11456"}],"wp:featuredmedia":[{"embeddable":true,"href":"https:\/\/shanabooks.de\/de\/wp-json\/wp\/v2\/media\/11399"}],"wp:attachment":[{"href":"https:\/\/shanabooks.de\/de\/wp-json\/wp\/v2\/media?parent=4484"}],"wp:term":[{"taxonomy":"product_brand","embeddable":true,"href":"https:\/\/shanabooks.de\/de\/wp-json\/wp\/v2\/product_brand?post=4484"},{"taxonomy":"product_cat","embeddable":true,"href":"https:\/\/shanabooks.de\/de\/wp-json\/wp\/v2\/product_cat?post=4484"},{"taxonomy":"product_tag","embeddable":true,"href":"https:\/\/shanabooks.de\/de\/wp-json\/wp\/v2\/product_tag?post=4484"}],"curies":[{"name":"wp","href":"https:\/\/api.w.org\/{rel}","templated":true}]}}