{"id":4485,"date":"2024-01-28T18:46:30","date_gmt":"2024-01-28T18:46:30","guid":{"rendered":"https:\/\/shanabooks.de\/?post_type=product&#038;p=4485"},"modified":"2025-12-30T22:19:31","modified_gmt":"2025-12-30T22:19:31","slug":"tirsa-bediran-helim-yusiv","status":"publish","type":"product","link":"https:\/\/shanabooks.de\/de\/product\/tirsa-bediran-helim-yusiv\/","title":{"rendered":"Tirsa B\u00eadiran"},"content":{"rendered":"<p dir=\"ltr\"><strong>Tirsa B\u00eadiran &#8211; Hel\u00eem Y\u00fbsiv<\/strong><\/p>\n<p dir=\"ltr\">&#8222;Eger rojek\u00ea kesek ji we li tirs\u00ea rast hat, j\u00ea bipirsin b\u00ea li ku ji dayik b\u00fbye. W\u00ea ji we re bib\u00eaje li w\u00ea \u00e7argo\u015feya di navbera S\u00fbr\u00ee, Tirk\u00ee, \u00ceran \u00fb Iraq\u00ea de. L\u00eakol\u00eener\u00ea ku bixwaze tirs\u00ea ji n\u00eazikay\u00ee nas bike \u00fb bizanibe tirs \u00e7i ye, bila ber\u00ea xwe bide wan s\u00eenoran, cih\u00ea ku tirs l\u00ea \u00e7\u00eab\u00fbye \u00fb l\u00ea p\u00eer b\u00fbye.&#8220;<\/p>\n<p dir=\"ltr\">Hel\u00eem Y\u00fbsiv, ev berhem bi reng\u00ean cuda y\u00ean tirs\u00ea h\u00fbnandiye. Tirsa ku ji ber\u00ee zaroktiy\u00ea dest p\u00ea dike, di zaroktiy\u00ea de bi r\u00eaya xurafeyan dibe tirseke \u015f\u00een \u00fb xwe berdide hinav\u00ean mirovan. Bi mezinb\u00fbn\u00ea re tirs rengek\u00ee siyas\u00ee digire, muxaberat, zilm \u00fb \u00ee\u015fkenceya dewlet\u00ean dagirker dikin ku tirs li her cih\u00ee \u00fb ji her ti\u015ft\u00ee be \u00fb li diyasporay\u00ea j\u00ee p\u00eas\u00eera mirovan bernede.<br \/>\nTirsa B\u00eadiran ya Hel\u00eem Y\u00fbsiv \u00e7\u00eeroka &#8222;zarok\u00ean tirs\u00ea&#8220; ye; zarok\u00ean ku di nav toz \u00fb d\u00fbmana tirs\u00ea de digevizin \u00fb li quncik\u00ea din \u00ea dinyay\u00ea j\u00ee j\u00ea xilas nabin.<\/p>\n<p dir=\"ltr\">\n","protected":false},"excerpt":{"rendered":"<p dir=\"ltr\" style=\"text-align: center;\"><strong>Pirt\u00fbk: Tirsa B\u00eadiran<br \/>\nNiv\u00eeskar: Hel\u00eem Y\u00fbsiv<\/strong><br \/>\n<strong>Cure: Roman<\/strong><\/p>\n","protected":false},"featured_media":4551,"template":"","meta":{"site-sidebar-layout":"default","site-content-layout":"default","ast-site-content-layout":"default","site-content-style":"default","site-sidebar-style":"default","ast-global-header-display":"","ast-banner-title-visibility":"","ast-main-header-display":"","ast-hfb-above-header-display":"","ast-hfb-below-header-display":"","ast-hfb-mobile-header-display":"","site-post-title":"","ast-breadcrumbs-content":"","ast-featured-img":"","footer-sml-layout":"","ast-disable-related-posts":"","theme-transparent-header-meta":"default","adv-header-id-meta":"","stick-header-meta":"","header-above-stick-meta":"","header-main-stick-meta":"","header-below-stick-meta":"","astra-migrate-meta-layouts":"set","ast-page-background-enabled":"default","ast-page-background-meta":{"desktop":{"background-color":"","background-image":"","background-repeat":"repeat","background-position":"center center","background-size":"auto","background-attachment":"scroll","background-type":"","background-media":"","overlay-type":"","overlay-color":"","overlay-opacity":"","overlay-gradient":""},"tablet":{"background-color":"","background-image":"","background-repeat":"repeat","background-position":"center center","background-size":"auto","background-attachment":"scroll","background-type":"","background-media":"","overlay-type":"","overlay-color":"","overlay-opacity":"","overlay-gradient":""},"mobile":{"background-color":"","background-image":"","background-repeat":"repeat","background-position":"center center","background-size":"auto","background-attachment":"scroll","background-type":"","background-media":"","overlay-type":"","overlay-color":"","overlay-opacity":"","overlay-gradient":""}},"ast-content-background-meta":{"desktop":{"background-color":"var(--ast-global-color-5)","background-image":"","background-repeat":"repeat","background-position":"center center","background-size":"auto","background-attachment":"scroll","background-type":"","background-media":"","overlay-type":"","overlay-color":"","overlay-opacity":"","overlay-gradient":""},"tablet":{"background-color":"var(--ast-global-color-5)","background-image":"","background-repeat":"repeat","background-position":"center center","background-size":"auto","background-attachment":"scroll","background-type":"","background-media":"","overlay-type":"","overlay-color":"","overlay-opacity":"","overlay-gradient":""},"mobile":{"background-color":"var(--ast-global-color-5)","background-image":"","background-repeat":"repeat","background-position":"center center","background-size":"auto","background-attachment":"scroll","background-type":"","background-media":"","overlay-type":"","overlay-color":"","overlay-opacity":"","overlay-gradient":""}}},"product_brand":[],"product_cat":[159,183,193],"product_tag":[],"class_list":{"0":"post-4485","1":"product","2":"type-product","3":"status-publish","4":"has-post-thumbnail","6":"product_cat-159","7":"product_cat-_","8":"product_cat--_","9":"pa_-cirok","10":"pa_-helim-yusiv","11":"pa_-kurmanci","12":"pa_--peywend-yayinlari","13":"desktop-align-left","14":"tablet-align-left","15":"mobile-align-left","17":"first","18":"instock","19":"shipping-taxable","20":"purchasable","21":"product-type-simple"},"yoast_head":"<!-- This site is optimized with the Yoast SEO plugin v27.4 - https:\/\/yoast.com\/product\/yoast-seo-wordpress\/ -->\n<title>Tirsa B\u00eadiran - Hel\u00eem Y\u00fbsiv - www.shanabooks.de<\/title>\n<meta name=\"description\" content=\"Tirsa B\u00eadiran - Hel\u00eem Y\u00fbsiv &quot;Eger rojek\u00ea kesek ji we li tirs\u00ea rast hat, j\u00ea bipirsin b\u00ea li ku ji dayik b\u00fbye. W\u00ea ji we re bib\u00eaje li w\u00ea \u00e7argo\u015feya di navbera...\" \/>\n<meta name=\"robots\" content=\"index, follow, max-snippet:-1, max-image-preview:large, max-video-preview:-1\" \/>\n<link rel=\"canonical\" href=\"https:\/\/shanabooks.de\/product\/tirsa-bediran-helim-yusiv\/\" \/>\n<meta property=\"og:locale\" content=\"de_DE\" \/>\n<meta property=\"og:type\" content=\"article\" \/>\n<meta property=\"og:title\" content=\"Tirsa B\u00eadiran - Hel\u00eem Y\u00fbsiv - www.shanabooks.de\" \/>\n<meta property=\"og:description\" content=\"Tirsa B\u00eadiran - Hel\u00eem Y\u00fbsiv &quot;Eger rojek\u00ea kesek ji we li tirs\u00ea rast hat, j\u00ea bipirsin b\u00ea li ku ji dayik b\u00fbye. W\u00ea ji we re bib\u00eaje li w\u00ea \u00e7argo\u015feya di navbera...\" \/>\n<meta property=\"og:url\" content=\"https:\/\/shanabooks.de\/product\/tirsa-bediran-helim-yusiv\/\" \/>\n<meta property=\"og:site_name\" content=\"www.shanabooks.de\" \/>\n<meta property=\"article:modified_time\" content=\"2025-12-30T22:19:31+00:00\" \/>\n<meta property=\"og:image\" content=\"https:\/\/shanabooks.de\/wp-content\/uploads\/2024\/01\/Tirsa-Be-Diran-e1707070971822.png\" \/>\n\t<meta property=\"og:image:width\" content=\"162\" \/>\n\t<meta property=\"og:image:height\" content=\"250\" \/>\n\t<meta property=\"og:image:type\" content=\"image\/png\" \/>\n<meta name=\"twitter:card\" content=\"summary_large_image\" \/>\n<meta name=\"twitter:label1\" content=\"Gesch\u00e4tzte Lesezeit\" \/>\n\t<meta name=\"twitter:data1\" content=\"2\u00a0Minuten\" \/>\n<script type=\"application\/ld+json\" class=\"yoast-schema-graph\">{\"@context\":\"https:\\\/\\\/schema.org\",\"@graph\":[{\"@type\":\"WebPage\",\"@id\":\"https:\\\/\\\/shanabooks.de\\\/product\\\/tirsa-bediran-helim-yusiv\\\/\",\"url\":\"https:\\\/\\\/shanabooks.de\\\/product\\\/tirsa-bediran-helim-yusiv\\\/\",\"name\":\"Tirsa B\u00eadiran - Hel\u00eem Y\u00fbsiv - www.shanabooks.de\",\"isPartOf\":{\"@id\":\"https:\\\/\\\/shanabooks.de\\\/#website\"},\"primaryImageOfPage\":{\"@id\":\"https:\\\/\\\/shanabooks.de\\\/product\\\/tirsa-bediran-helim-yusiv\\\/#primaryimage\"},\"image\":{\"@id\":\"https:\\\/\\\/shanabooks.de\\\/product\\\/tirsa-bediran-helim-yusiv\\\/#primaryimage\"},\"thumbnailUrl\":\"https:\\\/\\\/shanabooks.de\\\/wp-content\\\/uploads\\\/2024\\\/01\\\/Tirsa-Be-Diran-e1707070971822.png\",\"datePublished\":\"2024-01-28T18:46:30+00:00\",\"dateModified\":\"2025-12-30T22:19:31+00:00\",\"description\":\"Tirsa B\u00eadiran - Hel\u00eem Y\u00fbsiv \\\"Eger rojek\u00ea kesek ji we li tirs\u00ea rast hat, j\u00ea bipirsin b\u00ea li ku ji dayik b\u00fbye. W\u00ea ji we re bib\u00eaje li w\u00ea \u00e7argo\u015feya di navbera...\",\"breadcrumb\":{\"@id\":\"https:\\\/\\\/shanabooks.de\\\/product\\\/tirsa-bediran-helim-yusiv\\\/#breadcrumb\"},\"inLanguage\":\"de\",\"potentialAction\":[{\"@type\":\"ReadAction\",\"target\":[\"https:\\\/\\\/shanabooks.de\\\/product\\\/tirsa-bediran-helim-yusiv\\\/\"]}]},{\"@type\":\"ImageObject\",\"inLanguage\":\"de\",\"@id\":\"https:\\\/\\\/shanabooks.de\\\/product\\\/tirsa-bediran-helim-yusiv\\\/#primaryimage\",\"url\":\"https:\\\/\\\/shanabooks.de\\\/wp-content\\\/uploads\\\/2024\\\/01\\\/Tirsa-Be-Diran-e1707070971822.png\",\"contentUrl\":\"https:\\\/\\\/shanabooks.de\\\/wp-content\\\/uploads\\\/2024\\\/01\\\/Tirsa-Be-Diran-e1707070971822.png\",\"width\":162,\"height\":250,\"caption\":\"Tirsa B\u00eadiran - Hel\u00eem Y\u00fbsiv - Pirt\u00fbk\u00ean Kurd\u00ee\"},{\"@type\":\"BreadcrumbList\",\"@id\":\"https:\\\/\\\/shanabooks.de\\\/product\\\/tirsa-bediran-helim-yusiv\\\/#breadcrumb\",\"itemListElement\":[{\"@type\":\"ListItem\",\"position\":1,\"name\":\"\u0627\u0644\u0631\u0626\u064a\u0633\u064a\u0629\",\"item\":\"https:\\\/\\\/shanabooks.de\\\/de\\\/\"},{\"@type\":\"ListItem\",\"position\":2,\"name\":\"\u0627\u0644\u0645\u0646\u062a\u062c\u0627\u062a\",\"item\":\"https:\\\/\\\/shanabooks.de\\\/shop\\\/\"},{\"@type\":\"ListItem\",\"position\":3,\"name\":\"Tirsa B\u00eadiran\"}]},{\"@type\":\"WebSite\",\"@id\":\"https:\\\/\\\/shanabooks.de\\\/#website\",\"url\":\"https:\\\/\\\/shanabooks.de\\\/\",\"name\":\"www.shanbooks.de\",\"description\":\"C\u00eehana Pirt\u00fbk\u00ean Kurd\u00ee \u0645\u0643\u062a\u0628\u0629 \u0634\u0627\u0646\u0627 \u0641\u064a \u0627\u0644\u0645\u0627\u0646\u064a\u0627 \u0648\u0623\u0648\u0631\u0628\u0627\",\"publisher\":{\"@id\":\"https:\\\/\\\/shanabooks.de\\\/#organization\"},\"potentialAction\":[{\"@type\":\"SearchAction\",\"target\":{\"@type\":\"EntryPoint\",\"urlTemplate\":\"https:\\\/\\\/shanabooks.de\\\/?s={search_term_string}\"},\"query-input\":{\"@type\":\"PropertyValueSpecification\",\"valueRequired\":true,\"valueName\":\"search_term_string\"}}],\"inLanguage\":\"de\"},{\"@type\":\"Organization\",\"@id\":\"https:\\\/\\\/shanabooks.de\\\/#organization\",\"name\":\"www.shanbooks.de\",\"url\":\"https:\\\/\\\/shanabooks.de\\\/\",\"logo\":{\"@type\":\"ImageObject\",\"inLanguage\":\"de\",\"@id\":\"https:\\\/\\\/shanabooks.de\\\/#\\\/schema\\\/logo\\\/image\\\/\",\"url\":\"https:\\\/\\\/shanabooks.de\\\/wp-content\\\/uploads\\\/2024\\\/03\\\/SHANABOOKS__2_-removebg-preview.png\",\"contentUrl\":\"https:\\\/\\\/shanabooks.de\\\/wp-content\\\/uploads\\\/2024\\\/03\\\/SHANABOOKS__2_-removebg-preview.png\",\"width\":700,\"height\":150,\"caption\":\"www.shanbooks.de\"},\"image\":{\"@id\":\"https:\\\/\\\/shanabooks.de\\\/#\\\/schema\\\/logo\\\/image\\\/\"}}]}<\/script>\n<!-- \/ Yoast SEO plugin. -->","yoast_head_json":{"title":"Tirsa B\u00eadiran - Hel\u00eem Y\u00fbsiv - www.shanabooks.de","description":"Tirsa B\u00eadiran - Hel\u00eem Y\u00fbsiv \"Eger rojek\u00ea kesek ji we li tirs\u00ea rast hat, j\u00ea bipirsin b\u00ea li ku ji dayik b\u00fbye. W\u00ea ji we re bib\u00eaje li w\u00ea \u00e7argo\u015feya di navbera...","robots":{"index":"index","follow":"follow","max-snippet":"max-snippet:-1","max-image-preview":"max-image-preview:large","max-video-preview":"max-video-preview:-1"},"canonical":"https:\/\/shanabooks.de\/product\/tirsa-bediran-helim-yusiv\/","og_locale":"de_DE","og_type":"article","og_title":"Tirsa B\u00eadiran - Hel\u00eem Y\u00fbsiv - www.shanabooks.de","og_description":"Tirsa B\u00eadiran - Hel\u00eem Y\u00fbsiv \"Eger rojek\u00ea kesek ji we li tirs\u00ea rast hat, j\u00ea bipirsin b\u00ea li ku ji dayik b\u00fbye. W\u00ea ji we re bib\u00eaje li w\u00ea \u00e7argo\u015feya di navbera...","og_url":"https:\/\/shanabooks.de\/product\/tirsa-bediran-helim-yusiv\/","og_site_name":"www.shanabooks.de","article_modified_time":"2025-12-30T22:19:31+00:00","og_image":[{"width":162,"height":250,"url":"https:\/\/shanabooks.de\/wp-content\/uploads\/2024\/01\/Tirsa-Be-Diran-e1707070971822.png","type":"image\/png"}],"twitter_card":"summary_large_image","twitter_misc":{"Gesch\u00e4tzte Lesezeit":"2\u00a0Minuten"},"schema":{"@context":"https:\/\/schema.org","@graph":[{"@type":"WebPage","@id":"https:\/\/shanabooks.de\/product\/tirsa-bediran-helim-yusiv\/","url":"https:\/\/shanabooks.de\/product\/tirsa-bediran-helim-yusiv\/","name":"Tirsa B\u00eadiran - Hel\u00eem Y\u00fbsiv - www.shanabooks.de","isPartOf":{"@id":"https:\/\/shanabooks.de\/#website"},"primaryImageOfPage":{"@id":"https:\/\/shanabooks.de\/product\/tirsa-bediran-helim-yusiv\/#primaryimage"},"image":{"@id":"https:\/\/shanabooks.de\/product\/tirsa-bediran-helim-yusiv\/#primaryimage"},"thumbnailUrl":"https:\/\/shanabooks.de\/wp-content\/uploads\/2024\/01\/Tirsa-Be-Diran-e1707070971822.png","datePublished":"2024-01-28T18:46:30+00:00","dateModified":"2025-12-30T22:19:31+00:00","description":"Tirsa B\u00eadiran - Hel\u00eem Y\u00fbsiv \"Eger rojek\u00ea kesek ji we li tirs\u00ea rast hat, j\u00ea bipirsin b\u00ea li ku ji dayik b\u00fbye. W\u00ea ji we re bib\u00eaje li w\u00ea \u00e7argo\u015feya di navbera...","breadcrumb":{"@id":"https:\/\/shanabooks.de\/product\/tirsa-bediran-helim-yusiv\/#breadcrumb"},"inLanguage":"de","potentialAction":[{"@type":"ReadAction","target":["https:\/\/shanabooks.de\/product\/tirsa-bediran-helim-yusiv\/"]}]},{"@type":"ImageObject","inLanguage":"de","@id":"https:\/\/shanabooks.de\/product\/tirsa-bediran-helim-yusiv\/#primaryimage","url":"https:\/\/shanabooks.de\/wp-content\/uploads\/2024\/01\/Tirsa-Be-Diran-e1707070971822.png","contentUrl":"https:\/\/shanabooks.de\/wp-content\/uploads\/2024\/01\/Tirsa-Be-Diran-e1707070971822.png","width":162,"height":250,"caption":"Tirsa B\u00eadiran - Hel\u00eem Y\u00fbsiv - Pirt\u00fbk\u00ean Kurd\u00ee"},{"@type":"BreadcrumbList","@id":"https:\/\/shanabooks.de\/product\/tirsa-bediran-helim-yusiv\/#breadcrumb","itemListElement":[{"@type":"ListItem","position":1,"name":"\u0627\u0644\u0631\u0626\u064a\u0633\u064a\u0629","item":"https:\/\/shanabooks.de\/de\/"},{"@type":"ListItem","position":2,"name":"\u0627\u0644\u0645\u0646\u062a\u062c\u0627\u062a","item":"https:\/\/shanabooks.de\/shop\/"},{"@type":"ListItem","position":3,"name":"Tirsa B\u00eadiran"}]},{"@type":"WebSite","@id":"https:\/\/shanabooks.de\/#website","url":"https:\/\/shanabooks.de\/","name":"www.shanbooks.de","description":"C\u00eehana Pirt\u00fbk\u00ean Kurd\u00ee \u0645\u0643\u062a\u0628\u0629 \u0634\u0627\u0646\u0627 \u0641\u064a \u0627\u0644\u0645\u0627\u0646\u064a\u0627 \u0648\u0623\u0648\u0631\u0628\u0627","publisher":{"@id":"https:\/\/shanabooks.de\/#organization"},"potentialAction":[{"@type":"SearchAction","target":{"@type":"EntryPoint","urlTemplate":"https:\/\/shanabooks.de\/?s={search_term_string}"},"query-input":{"@type":"PropertyValueSpecification","valueRequired":true,"valueName":"search_term_string"}}],"inLanguage":"de"},{"@type":"Organization","@id":"https:\/\/shanabooks.de\/#organization","name":"www.shanbooks.de","url":"https:\/\/shanabooks.de\/","logo":{"@type":"ImageObject","inLanguage":"de","@id":"https:\/\/shanabooks.de\/#\/schema\/logo\/image\/","url":"https:\/\/shanabooks.de\/wp-content\/uploads\/2024\/03\/SHANABOOKS__2_-removebg-preview.png","contentUrl":"https:\/\/shanabooks.de\/wp-content\/uploads\/2024\/03\/SHANABOOKS__2_-removebg-preview.png","width":700,"height":150,"caption":"www.shanbooks.de"},"image":{"@id":"https:\/\/shanabooks.de\/#\/schema\/logo\/image\/"}}]}},"jetpack_sharing_enabled":true,"_links":{"self":[{"href":"https:\/\/shanabooks.de\/de\/wp-json\/wp\/v2\/product\/4485","targetHints":{"allow":["GET"]}}],"collection":[{"href":"https:\/\/shanabooks.de\/de\/wp-json\/wp\/v2\/product"}],"about":[{"href":"https:\/\/shanabooks.de\/de\/wp-json\/wp\/v2\/types\/product"}],"version-history":[{"count":4,"href":"https:\/\/shanabooks.de\/de\/wp-json\/wp\/v2\/product\/4485\/revisions"}],"predecessor-version":[{"id":11455,"href":"https:\/\/shanabooks.de\/de\/wp-json\/wp\/v2\/product\/4485\/revisions\/11455"}],"wp:featuredmedia":[{"embeddable":true,"href":"https:\/\/shanabooks.de\/de\/wp-json\/wp\/v2\/media\/4551"}],"wp:attachment":[{"href":"https:\/\/shanabooks.de\/de\/wp-json\/wp\/v2\/media?parent=4485"}],"wp:term":[{"taxonomy":"product_brand","embeddable":true,"href":"https:\/\/shanabooks.de\/de\/wp-json\/wp\/v2\/product_brand?post=4485"},{"taxonomy":"product_cat","embeddable":true,"href":"https:\/\/shanabooks.de\/de\/wp-json\/wp\/v2\/product_cat?post=4485"},{"taxonomy":"product_tag","embeddable":true,"href":"https:\/\/shanabooks.de\/de\/wp-json\/wp\/v2\/product_tag?post=4485"}],"curies":[{"name":"wp","href":"https:\/\/api.w.org\/{rel}","templated":true}]}}