{"id":4486,"date":"2024-01-28T18:46:30","date_gmt":"2024-01-28T18:46:30","guid":{"rendered":"https:\/\/shanabooks.de\/?post_type=product&#038;p=4486"},"modified":"2024-03-02T23:01:18","modified_gmt":"2024-03-02T23:01:18","slug":"auslander-beg-helim-yusiv","status":"publish","type":"product","link":"https:\/\/shanabooks.de\/de\/product\/auslander-beg-helim-yusiv\/","title":{"rendered":"Ausl\u00e4nder Beg"},"content":{"rendered":"<p dir=\"ltr\"><strong>Ausl\u00e4nder Beg &#8211; Hel\u00eem Y\u00fbsiv<\/strong><\/p>\n<p dir=\"ltr\"><em>Ausl\u00e4nder<\/em>, ango\u00a0<em>biyan\u00ee<\/em>, y\u00ea ku tev\u00ee zehmetiy\u00ean neb\u00eenay\u00ee, bi awayek\u00ee ji awayan xwe ji p\u00eas\u00eerteng\u00ee \u00fb karesat\u00ean welat\u00ea xwe rizgar kiriye \u00fb kariye xwe bigih\u00eene welatek\u00ee Ewr\u00fbpay\u00ea y\u00ea mezin \u00fb p\u00ea\u015fket\u00ee. Bi ser de j\u00ee ku ev\u00a0<em>ausl\u00e4nder<\/em>\u00a0yek\u00ee Kurd \u00ea niv\u00eeskar be, li welat\u00ea xwe y\u00ea mi\u015ft bi re\u015febayiyan temen\u00ea xwe y\u00ea tij\u00ee t\u00eak\u00e7\u00fbn, tirs \u00fb xofa zik li ser biryara niv\u00eeskarb\u00fbn\u00ea, niv\u00eeskariya bi ziman\u00ea qedexe kir\u00ee ava kiribe, t\u00fb\u015f\u00ee trajediya ku hem civaka w\u00ee hem j\u00ee h\u00eaz\u00ean dagirker t\u00eenin ser\u00ea mirov b\u00fbbe \u00fb bazdana ji wel\u00eat ji xwe re kiribe deriy\u00ea felat\u00ea, bi peregendet\u00ee xwe gihandibe Elmanyay\u00ea, hatibe nava \u00e7andeke biyan\u00ee, zimanek\u00ee biyan\u00ee \u00fb \u015f\u00eawejiyaneke biyan\u00ee \u00fb ne m\u00eavanperwer \u00fb ne xer\u00eebdost, gelo \u00e7i rew\u015fine, hal \u00fb hewaline traj\u00eekom\u00eek t\u00ean ser\u00ea w\u00ee? Di\u00a0<em>bewerbung<\/em>\u00ea de, daxwaznameya ku ji bo peydakirina kar t\u00ea niv\u00eesandin, \u00e7awa \u00e7\u00eadibe ku \u00e7\u00eanabe wek\u00ee kar \u201cniv\u00eeskar\u201d b\u00ea niv\u00eesandin? Di nava keftelefta akinc\u00eeb\u00fbn\u00ea \u00fb hewildana peydakirina kar de, ji bo ku y\u00ea\u00a0<em>ausl\u00e4nder<\/em>\u00a0bikaribe\u00a0<em>\u00eeqame<\/em>ya xwe bist\u00eene, k\u00eejan r\u00ea \u00fb r\u00eabaz\u00ean seyr dicerib\u00eene?<\/p>\n<p dir=\"ltr\">Niv\u00eeskar\u00ea bil\u00eemet \u00fb j\u00eahat\u00ee, Hel\u00eem Y\u00fbsiv, di pirt\u00fbka xwe ya kurte\u00e7\u00eerokan a bi nav\u00ea\u00a0<em>Ausl\u00e4nder Beg\u00a0<\/em>de, ya ku ji 28 kurte\u00e7\u00eerok\u00ean bi nav\u00ea wek\u00ee<em>\u00a0Ausl\u00e4nder Beg \u00fb D\u00eewar\u00ean As\u00ea;<\/em>\u00a0<em>Ausl\u00e4nder Beg, M\u00ear\u00ea Du Jinan<\/em>;<em>\u00a0Ausl\u00e4nder\u00ea Helbestvan, Ausl\u00e4nder\u00ea Ker<\/em>,\u00a0<em>Ausl\u00e4nder Beg, Niv\u00eeskar e<\/em>,\u00a0<em>Ausl\u00e4nder Beg, Welatpar\u00eaz e<\/em>,\u00a0<em>Ausl\u00e4nder Beg, Sen T\u00fcrk m\u00fcs\u00fcn?<\/em>,\u00a0<em>Ausl\u00e4nder Beg \u00fb \u015eore\u015f<\/em>\u00a0\u00fb\u00a0<em>Ji B\u00eeran\u00een\u00ean Ausl\u00e4nder Beg\u00a0<\/em>p\u00eak t\u00ea, w\u00eaney\u00ea Kurdek\u00ee ji ber \u015fer, ser\u00ea\u015f\u00ee \u00fb dijwariyan ji welat\u00ea xwe reviyay\u00ee, bi \u015f\u00eaweyek\u00ee real\u00eest-traj\u00eekom\u00eek, bi zimanek\u00ee gelek\u00ee fes\u00eeh n\u00eegar dike \u00fb reng e b\u00ea gotin ku bi v\u00ea zinc\u00eereya kurte\u00e7\u00eerok\u00ean li ser destp\u00eaka qonaxa p\u00eakhatina d\u00eeasporaya Kurd, berhemeke ku d\u00ea bi berdewam\u00ee b\u00ea xwendin diyar\u00ee ziman\u00ea Kurd\u00ee \u00fb w\u00eajeya Kurd\u00ee dike.<\/p>\n<p dir=\"ltr\"><em><strong>\u00a0<\/strong><\/em><\/p>\n","protected":false},"excerpt":{"rendered":"<p dir=\"ltr\" style=\"text-align: center;\"><strong>Pirt\u00fbk: Ausl\u00e4nder Beg<br \/>\nNiv\u00eeskar: Hel\u00eem Y\u00fbsif<\/strong><br \/>\n<strong>cure: \u00c7\u00eerok<\/strong><\/p>\n","protected":false},"featured_media":4553,"template":"","meta":{"site-sidebar-layout":"default","site-content-layout":"default","ast-site-content-layout":"default","site-content-style":"default","site-sidebar-style":"default","ast-global-header-display":"","ast-banner-title-visibility":"","ast-main-header-display":"","ast-hfb-above-header-display":"","ast-hfb-below-header-display":"","ast-hfb-mobile-header-display":"","site-post-title":"","ast-breadcrumbs-content":"","ast-featured-img":"","footer-sml-layout":"","ast-disable-related-posts":"","theme-transparent-header-meta":"default","adv-header-id-meta":"","stick-header-meta":"","header-above-stick-meta":"","header-main-stick-meta":"","header-below-stick-meta":"","astra-migrate-meta-layouts":"set","ast-page-background-enabled":"default","ast-page-background-meta":{"desktop":{"background-color":"","background-image":"","background-repeat":"repeat","background-position":"center center","background-size":"auto","background-attachment":"scroll","background-type":"","background-media":"","overlay-type":"","overlay-color":"","overlay-opacity":"","overlay-gradient":""},"tablet":{"background-color":"","background-image":"","background-repeat":"repeat","background-position":"center center","background-size":"auto","background-attachment":"scroll","background-type":"","background-media":"","overlay-type":"","overlay-color":"","overlay-opacity":"","overlay-gradient":""},"mobile":{"background-color":"","background-image":"","background-repeat":"repeat","background-position":"center center","background-size":"auto","background-attachment":"scroll","background-type":"","background-media":"","overlay-type":"","overlay-color":"","overlay-opacity":"","overlay-gradient":""}},"ast-content-background-meta":{"desktop":{"background-color":"var(--ast-global-color-5)","background-image":"","background-repeat":"repeat","background-position":"center center","background-size":"auto","background-attachment":"scroll","background-type":"","background-media":"","overlay-type":"","overlay-color":"","overlay-opacity":"","overlay-gradient":""},"tablet":{"background-color":"var(--ast-global-color-5)","background-image":"","background-repeat":"repeat","background-position":"center center","background-size":"auto","background-attachment":"scroll","background-type":"","background-media":"","overlay-type":"","overlay-color":"","overlay-opacity":"","overlay-gradient":""},"mobile":{"background-color":"var(--ast-global-color-5)","background-image":"","background-repeat":"repeat","background-position":"center center","background-size":"auto","background-attachment":"scroll","background-type":"","background-media":"","overlay-type":"","overlay-color":"","overlay-opacity":"","overlay-gradient":""}}},"product_brand":[],"product_cat":[159,183,193],"product_tag":[],"class_list":{"0":"post-4486","1":"product","2":"type-product","3":"status-publish","4":"has-post-thumbnail","6":"product_cat-159","7":"product_cat-_","8":"product_cat--_","9":"pa_-cirok","10":"pa_-helim-yusiv","11":"pa_-kurmanci","12":"pa_--peywend-yayinlari","13":"desktop-align-left","14":"tablet-align-left","15":"mobile-align-left","17":"first","18":"instock","19":"shipping-taxable","20":"purchasable","21":"product-type-simple"},"yoast_head":"<!-- This site is optimized with the Yoast SEO plugin v27.4 - https:\/\/yoast.com\/product\/yoast-seo-wordpress\/ -->\n<title>Ausl\u00e4nder Beg - Hel\u00eem Y\u00fbsiv - www.shanabooks.de<\/title>\n<meta name=\"description\" content=\"Ausl\u00e4nder Beg - Hel\u00eem Y\u00fbsiv\u00a0Ausl\u00e4nder, ango\u00a0biyan\u00ee, y\u00ea ku tev\u00ee zehmetiy\u00ean neb\u00eenay\u00ee, bi awayek\u00ee ji awayan xwe ji p\u00eas\u00eerteng\u00ee \u00fb karesat\u00ean ...\" \/>\n<meta name=\"robots\" content=\"index, follow, max-snippet:-1, max-image-preview:large, max-video-preview:-1\" \/>\n<link rel=\"canonical\" href=\"https:\/\/shanabooks.de\/product\/auslander-beg-helim-yusiv\/\" \/>\n<meta property=\"og:locale\" content=\"de_DE\" \/>\n<meta property=\"og:type\" content=\"article\" \/>\n<meta property=\"og:title\" content=\"Ausl\u00e4nder Beg - Hel\u00eem Y\u00fbsiv - www.shanabooks.de\" \/>\n<meta property=\"og:description\" content=\"Ausl\u00e4nder Beg - Hel\u00eem Y\u00fbsiv\u00a0Ausl\u00e4nder, ango\u00a0biyan\u00ee, y\u00ea ku tev\u00ee zehmetiy\u00ean neb\u00eenay\u00ee, bi awayek\u00ee ji awayan xwe ji p\u00eas\u00eerteng\u00ee \u00fb karesat\u00ean ...\" \/>\n<meta property=\"og:url\" content=\"https:\/\/shanabooks.de\/product\/auslander-beg-helim-yusiv\/\" \/>\n<meta property=\"og:site_name\" content=\"www.shanabooks.de\" \/>\n<meta property=\"article:modified_time\" content=\"2024-03-02T23:01:18+00:00\" \/>\n<meta property=\"og:image\" content=\"https:\/\/shanabooks.de\/wp-content\/uploads\/2024\/01\/Auslander-Beg.webp\" \/>\n\t<meta property=\"og:image:width\" content=\"682\" \/>\n\t<meta property=\"og:image:height\" content=\"1059\" \/>\n\t<meta property=\"og:image:type\" content=\"image\/webp\" \/>\n<meta name=\"twitter:card\" content=\"summary_large_image\" \/>\n<meta name=\"twitter:label1\" content=\"Gesch\u00e4tzte Lesezeit\" \/>\n\t<meta name=\"twitter:data1\" content=\"3\u00a0Minuten\" \/>\n<script type=\"application\/ld+json\" class=\"yoast-schema-graph\">{\"@context\":\"https:\\\/\\\/schema.org\",\"@graph\":[{\"@type\":\"WebPage\",\"@id\":\"https:\\\/\\\/shanabooks.de\\\/product\\\/auslander-beg-helim-yusiv\\\/\",\"url\":\"https:\\\/\\\/shanabooks.de\\\/product\\\/auslander-beg-helim-yusiv\\\/\",\"name\":\"Ausl\u00e4nder Beg - Hel\u00eem Y\u00fbsiv - www.shanabooks.de\",\"isPartOf\":{\"@id\":\"https:\\\/\\\/shanabooks.de\\\/#website\"},\"primaryImageOfPage\":{\"@id\":\"https:\\\/\\\/shanabooks.de\\\/product\\\/auslander-beg-helim-yusiv\\\/#primaryimage\"},\"image\":{\"@id\":\"https:\\\/\\\/shanabooks.de\\\/product\\\/auslander-beg-helim-yusiv\\\/#primaryimage\"},\"thumbnailUrl\":\"https:\\\/\\\/shanabooks.de\\\/wp-content\\\/uploads\\\/2024\\\/01\\\/Auslander-Beg.webp\",\"datePublished\":\"2024-01-28T18:46:30+00:00\",\"dateModified\":\"2024-03-02T23:01:18+00:00\",\"description\":\"Ausl\u00e4nder Beg - Hel\u00eem Y\u00fbsiv\u00a0Ausl\u00e4nder, ango\u00a0biyan\u00ee, y\u00ea ku tev\u00ee zehmetiy\u00ean neb\u00eenay\u00ee, bi awayek\u00ee ji awayan xwe ji p\u00eas\u00eerteng\u00ee \u00fb karesat\u00ean ...\",\"breadcrumb\":{\"@id\":\"https:\\\/\\\/shanabooks.de\\\/product\\\/auslander-beg-helim-yusiv\\\/#breadcrumb\"},\"inLanguage\":\"de\",\"potentialAction\":[{\"@type\":\"ReadAction\",\"target\":[\"https:\\\/\\\/shanabooks.de\\\/product\\\/auslander-beg-helim-yusiv\\\/\"]}]},{\"@type\":\"ImageObject\",\"inLanguage\":\"de\",\"@id\":\"https:\\\/\\\/shanabooks.de\\\/product\\\/auslander-beg-helim-yusiv\\\/#primaryimage\",\"url\":\"https:\\\/\\\/shanabooks.de\\\/wp-content\\\/uploads\\\/2024\\\/01\\\/Auslander-Beg.webp\",\"contentUrl\":\"https:\\\/\\\/shanabooks.de\\\/wp-content\\\/uploads\\\/2024\\\/01\\\/Auslander-Beg.webp\",\"width\":682,\"height\":1059,\"caption\":\"Ausl\u00e4nder Beg - Hel\u00eem Y\u00fbsiv - Pirt\u00fbk\u00ean Kurd\u00ee\"},{\"@type\":\"BreadcrumbList\",\"@id\":\"https:\\\/\\\/shanabooks.de\\\/product\\\/auslander-beg-helim-yusiv\\\/#breadcrumb\",\"itemListElement\":[{\"@type\":\"ListItem\",\"position\":1,\"name\":\"\u0627\u0644\u0631\u0626\u064a\u0633\u064a\u0629\",\"item\":\"https:\\\/\\\/shanabooks.de\\\/de\\\/\"},{\"@type\":\"ListItem\",\"position\":2,\"name\":\"\u0627\u0644\u0645\u0646\u062a\u062c\u0627\u062a\",\"item\":\"https:\\\/\\\/shanabooks.de\\\/shop\\\/\"},{\"@type\":\"ListItem\",\"position\":3,\"name\":\"Ausl\u00e4nder Beg\"}]},{\"@type\":\"WebSite\",\"@id\":\"https:\\\/\\\/shanabooks.de\\\/#website\",\"url\":\"https:\\\/\\\/shanabooks.de\\\/\",\"name\":\"www.shanbooks.de\",\"description\":\"C\u00eehana Pirt\u00fbk\u00ean Kurd\u00ee \u0645\u0643\u062a\u0628\u0629 \u0634\u0627\u0646\u0627 \u0641\u064a \u0627\u0644\u0645\u0627\u0646\u064a\u0627 \u0648\u0623\u0648\u0631\u0628\u0627\",\"publisher\":{\"@id\":\"https:\\\/\\\/shanabooks.de\\\/#organization\"},\"potentialAction\":[{\"@type\":\"SearchAction\",\"target\":{\"@type\":\"EntryPoint\",\"urlTemplate\":\"https:\\\/\\\/shanabooks.de\\\/?s={search_term_string}\"},\"query-input\":{\"@type\":\"PropertyValueSpecification\",\"valueRequired\":true,\"valueName\":\"search_term_string\"}}],\"inLanguage\":\"de\"},{\"@type\":\"Organization\",\"@id\":\"https:\\\/\\\/shanabooks.de\\\/#organization\",\"name\":\"www.shanbooks.de\",\"url\":\"https:\\\/\\\/shanabooks.de\\\/\",\"logo\":{\"@type\":\"ImageObject\",\"inLanguage\":\"de\",\"@id\":\"https:\\\/\\\/shanabooks.de\\\/#\\\/schema\\\/logo\\\/image\\\/\",\"url\":\"https:\\\/\\\/shanabooks.de\\\/wp-content\\\/uploads\\\/2024\\\/03\\\/SHANABOOKS__2_-removebg-preview.png\",\"contentUrl\":\"https:\\\/\\\/shanabooks.de\\\/wp-content\\\/uploads\\\/2024\\\/03\\\/SHANABOOKS__2_-removebg-preview.png\",\"width\":700,\"height\":150,\"caption\":\"www.shanbooks.de\"},\"image\":{\"@id\":\"https:\\\/\\\/shanabooks.de\\\/#\\\/schema\\\/logo\\\/image\\\/\"}}]}<\/script>\n<!-- \/ Yoast SEO plugin. -->","yoast_head_json":{"title":"Ausl\u00e4nder Beg - Hel\u00eem Y\u00fbsiv - www.shanabooks.de","description":"Ausl\u00e4nder Beg - Hel\u00eem Y\u00fbsiv\u00a0Ausl\u00e4nder, ango\u00a0biyan\u00ee, y\u00ea ku tev\u00ee zehmetiy\u00ean neb\u00eenay\u00ee, bi awayek\u00ee ji awayan xwe ji p\u00eas\u00eerteng\u00ee \u00fb karesat\u00ean ...","robots":{"index":"index","follow":"follow","max-snippet":"max-snippet:-1","max-image-preview":"max-image-preview:large","max-video-preview":"max-video-preview:-1"},"canonical":"https:\/\/shanabooks.de\/product\/auslander-beg-helim-yusiv\/","og_locale":"de_DE","og_type":"article","og_title":"Ausl\u00e4nder Beg - Hel\u00eem Y\u00fbsiv - www.shanabooks.de","og_description":"Ausl\u00e4nder Beg - Hel\u00eem Y\u00fbsiv\u00a0Ausl\u00e4nder, ango\u00a0biyan\u00ee, y\u00ea ku tev\u00ee zehmetiy\u00ean neb\u00eenay\u00ee, bi awayek\u00ee ji awayan xwe ji p\u00eas\u00eerteng\u00ee \u00fb karesat\u00ean ...","og_url":"https:\/\/shanabooks.de\/product\/auslander-beg-helim-yusiv\/","og_site_name":"www.shanabooks.de","article_modified_time":"2024-03-02T23:01:18+00:00","og_image":[{"width":682,"height":1059,"url":"https:\/\/shanabooks.de\/wp-content\/uploads\/2024\/01\/Auslander-Beg.webp","type":"image\/webp"}],"twitter_card":"summary_large_image","twitter_misc":{"Gesch\u00e4tzte Lesezeit":"3\u00a0Minuten"},"schema":{"@context":"https:\/\/schema.org","@graph":[{"@type":"WebPage","@id":"https:\/\/shanabooks.de\/product\/auslander-beg-helim-yusiv\/","url":"https:\/\/shanabooks.de\/product\/auslander-beg-helim-yusiv\/","name":"Ausl\u00e4nder Beg - Hel\u00eem Y\u00fbsiv - www.shanabooks.de","isPartOf":{"@id":"https:\/\/shanabooks.de\/#website"},"primaryImageOfPage":{"@id":"https:\/\/shanabooks.de\/product\/auslander-beg-helim-yusiv\/#primaryimage"},"image":{"@id":"https:\/\/shanabooks.de\/product\/auslander-beg-helim-yusiv\/#primaryimage"},"thumbnailUrl":"https:\/\/shanabooks.de\/wp-content\/uploads\/2024\/01\/Auslander-Beg.webp","datePublished":"2024-01-28T18:46:30+00:00","dateModified":"2024-03-02T23:01:18+00:00","description":"Ausl\u00e4nder Beg - Hel\u00eem Y\u00fbsiv\u00a0Ausl\u00e4nder, ango\u00a0biyan\u00ee, y\u00ea ku tev\u00ee zehmetiy\u00ean neb\u00eenay\u00ee, bi awayek\u00ee ji awayan xwe ji p\u00eas\u00eerteng\u00ee \u00fb karesat\u00ean ...","breadcrumb":{"@id":"https:\/\/shanabooks.de\/product\/auslander-beg-helim-yusiv\/#breadcrumb"},"inLanguage":"de","potentialAction":[{"@type":"ReadAction","target":["https:\/\/shanabooks.de\/product\/auslander-beg-helim-yusiv\/"]}]},{"@type":"ImageObject","inLanguage":"de","@id":"https:\/\/shanabooks.de\/product\/auslander-beg-helim-yusiv\/#primaryimage","url":"https:\/\/shanabooks.de\/wp-content\/uploads\/2024\/01\/Auslander-Beg.webp","contentUrl":"https:\/\/shanabooks.de\/wp-content\/uploads\/2024\/01\/Auslander-Beg.webp","width":682,"height":1059,"caption":"Ausl\u00e4nder Beg - Hel\u00eem Y\u00fbsiv - Pirt\u00fbk\u00ean Kurd\u00ee"},{"@type":"BreadcrumbList","@id":"https:\/\/shanabooks.de\/product\/auslander-beg-helim-yusiv\/#breadcrumb","itemListElement":[{"@type":"ListItem","position":1,"name":"\u0627\u0644\u0631\u0626\u064a\u0633\u064a\u0629","item":"https:\/\/shanabooks.de\/de\/"},{"@type":"ListItem","position":2,"name":"\u0627\u0644\u0645\u0646\u062a\u062c\u0627\u062a","item":"https:\/\/shanabooks.de\/shop\/"},{"@type":"ListItem","position":3,"name":"Ausl\u00e4nder Beg"}]},{"@type":"WebSite","@id":"https:\/\/shanabooks.de\/#website","url":"https:\/\/shanabooks.de\/","name":"www.shanbooks.de","description":"C\u00eehana Pirt\u00fbk\u00ean Kurd\u00ee \u0645\u0643\u062a\u0628\u0629 \u0634\u0627\u0646\u0627 \u0641\u064a \u0627\u0644\u0645\u0627\u0646\u064a\u0627 \u0648\u0623\u0648\u0631\u0628\u0627","publisher":{"@id":"https:\/\/shanabooks.de\/#organization"},"potentialAction":[{"@type":"SearchAction","target":{"@type":"EntryPoint","urlTemplate":"https:\/\/shanabooks.de\/?s={search_term_string}"},"query-input":{"@type":"PropertyValueSpecification","valueRequired":true,"valueName":"search_term_string"}}],"inLanguage":"de"},{"@type":"Organization","@id":"https:\/\/shanabooks.de\/#organization","name":"www.shanbooks.de","url":"https:\/\/shanabooks.de\/","logo":{"@type":"ImageObject","inLanguage":"de","@id":"https:\/\/shanabooks.de\/#\/schema\/logo\/image\/","url":"https:\/\/shanabooks.de\/wp-content\/uploads\/2024\/03\/SHANABOOKS__2_-removebg-preview.png","contentUrl":"https:\/\/shanabooks.de\/wp-content\/uploads\/2024\/03\/SHANABOOKS__2_-removebg-preview.png","width":700,"height":150,"caption":"www.shanbooks.de"},"image":{"@id":"https:\/\/shanabooks.de\/#\/schema\/logo\/image\/"}}]}},"jetpack_sharing_enabled":true,"_links":{"self":[{"href":"https:\/\/shanabooks.de\/de\/wp-json\/wp\/v2\/product\/4486","targetHints":{"allow":["GET"]}}],"collection":[{"href":"https:\/\/shanabooks.de\/de\/wp-json\/wp\/v2\/product"}],"about":[{"href":"https:\/\/shanabooks.de\/de\/wp-json\/wp\/v2\/types\/product"}],"version-history":[{"count":4,"href":"https:\/\/shanabooks.de\/de\/wp-json\/wp\/v2\/product\/4486\/revisions"}],"predecessor-version":[{"id":11454,"href":"https:\/\/shanabooks.de\/de\/wp-json\/wp\/v2\/product\/4486\/revisions\/11454"}],"wp:featuredmedia":[{"embeddable":true,"href":"https:\/\/shanabooks.de\/de\/wp-json\/wp\/v2\/media\/4553"}],"wp:attachment":[{"href":"https:\/\/shanabooks.de\/de\/wp-json\/wp\/v2\/media?parent=4486"}],"wp:term":[{"taxonomy":"product_brand","embeddable":true,"href":"https:\/\/shanabooks.de\/de\/wp-json\/wp\/v2\/product_brand?post=4486"},{"taxonomy":"product_cat","embeddable":true,"href":"https:\/\/shanabooks.de\/de\/wp-json\/wp\/v2\/product_cat?post=4486"},{"taxonomy":"product_tag","embeddable":true,"href":"https:\/\/shanabooks.de\/de\/wp-json\/wp\/v2\/product_tag?post=4486"}],"curies":[{"name":"wp","href":"https:\/\/api.w.org\/{rel}","templated":true}]}}