{"id":4487,"date":"2024-01-28T18:46:30","date_gmt":"2024-01-28T18:46:30","guid":{"rendered":"https:\/\/shanabooks.de\/?post_type=product&#038;p=4487"},"modified":"2025-12-30T22:16:35","modified_gmt":"2025-12-30T22:16:35","slug":"meme-be-zin-helim-yusiv","status":"publish","type":"product","link":"https:\/\/shanabooks.de\/de\/product\/meme-be-zin-helim-yusiv\/","title":{"rendered":"Mem\u00ea B\u00ea Z\u00een"},"content":{"rendered":"<p dir=\"ltr\" style=\"text-align: left;\"><strong>Mem\u00ea B\u00ea Z\u00een &#8211; Hel\u00eem Y\u00fbsiv\u00a0<\/strong><\/p>\n<p dir=\"ltr\" style=\"text-align: left;\">\u00c7iroka Mem\u00ea B\u00ea Z\u00een ya Hel\u00eem Y\u00fbsiv e, niv\u00eeskar\u00ea romana Sobarto ya bi nav\u00fbdeng.<\/p>\n<p style=\"text-align: left;\">Mem\u00ea B\u00ea Z\u00een, ji \u00e7\u00eerok\u00ean di h\u00eala mijar, naverok, \u015f\u00eawe \u00fb away\u00ea honandin\u00ea de ji hev cih\u00ea \u00fb ji hev d\u00fbr p\u00eak t\u00ea. Ji \u00e7\u00eerok\u00ean surreal bigire hetan\u00ee \u00e7\u00eerok\u00ean ji b\u00eeran\u00een\u00ean dema xwendekariya zan\u00eengeh\u00ea, ji wir hetan\u00ee bi \u00e7\u00eerok\u00ean ku li ser bingeha felsefeya hezkirin \u00fb ev\u00een\u00ea hatine honandin. Her wisa cih\u00ean qewimandina b\u00fbyeran j\u00ee cih\u00ea cih\u00ea ye; Kurdistan, S\u00fbriye \u00fb welat\u00ean Ewropay\u00ea.<\/p>\n<p style=\"text-align: left;\">Di p\u00eavajoya niv\u00eeskariya Hel\u00eem Y\u00fbsiv de mirov dikare v\u00ea pirt\u00fbk\u00ea m\u00eena pira di navbera qonax\u00ean cuda de binirx\u00eene. Ev cudah\u00ee \u00fb gera di navbera form \u00fb \u015f\u00eawe \u00fb mijar \u00fb cih\u00ean cuda de \u00e7\u00eajeke din, tehmeke din dide pirt\u00fbka Mem\u00ea B\u00ea Z\u00een ku her xwendevan, k\u00ee dibe b\u00eela bibe, d\u00ea be\u015feke winday\u00ee y\u00ea ruh\u00ea xwe di nav \u00e7\u00eerok\u00ean w\u00ea de bib\u00eene.<\/p>\n","protected":false},"excerpt":{"rendered":"<p dir=\"ltr\" style=\"text-align: center;\"><strong>Pirt\u00fbk: Mem\u00ea B\u00ea Z\u00een<br \/>\nNiv\u00eesakar: Hel\u00eem Y\u00fbsiv<br \/>\nCure: \u00c7\u00eerok<\/strong><\/p>\n","protected":false},"featured_media":4555,"template":"","meta":{"site-sidebar-layout":"default","site-content-layout":"default","ast-site-content-layout":"default","site-content-style":"default","site-sidebar-style":"default","ast-global-header-display":"","ast-banner-title-visibility":"","ast-main-header-display":"","ast-hfb-above-header-display":"","ast-hfb-below-header-display":"","ast-hfb-mobile-header-display":"","site-post-title":"","ast-breadcrumbs-content":"","ast-featured-img":"","footer-sml-layout":"","ast-disable-related-posts":"","theme-transparent-header-meta":"default","adv-header-id-meta":"","stick-header-meta":"","header-above-stick-meta":"","header-main-stick-meta":"","header-below-stick-meta":"","astra-migrate-meta-layouts":"set","ast-page-background-enabled":"default","ast-page-background-meta":{"desktop":{"background-color":"","background-image":"","background-repeat":"repeat","background-position":"center center","background-size":"auto","background-attachment":"scroll","background-type":"","background-media":"","overlay-type":"","overlay-color":"","overlay-opacity":"","overlay-gradient":""},"tablet":{"background-color":"","background-image":"","background-repeat":"repeat","background-position":"center center","background-size":"auto","background-attachment":"scroll","background-type":"","background-media":"","overlay-type":"","overlay-color":"","overlay-opacity":"","overlay-gradient":""},"mobile":{"background-color":"","background-image":"","background-repeat":"repeat","background-position":"center center","background-size":"auto","background-attachment":"scroll","background-type":"","background-media":"","overlay-type":"","overlay-color":"","overlay-opacity":"","overlay-gradient":""}},"ast-content-background-meta":{"desktop":{"background-color":"var(--ast-global-color-5)","background-image":"","background-repeat":"repeat","background-position":"center center","background-size":"auto","background-attachment":"scroll","background-type":"","background-media":"","overlay-type":"","overlay-color":"","overlay-opacity":"","overlay-gradient":""},"tablet":{"background-color":"var(--ast-global-color-5)","background-image":"","background-repeat":"repeat","background-position":"center center","background-size":"auto","background-attachment":"scroll","background-type":"","background-media":"","overlay-type":"","overlay-color":"","overlay-opacity":"","overlay-gradient":""},"mobile":{"background-color":"var(--ast-global-color-5)","background-image":"","background-repeat":"repeat","background-position":"center center","background-size":"auto","background-attachment":"scroll","background-type":"","background-media":"","overlay-type":"","overlay-color":"","overlay-opacity":"","overlay-gradient":""}}},"product_brand":[],"product_cat":[159,183,193],"product_tag":[],"class_list":{"0":"post-4487","1":"product","2":"type-product","3":"status-publish","4":"has-post-thumbnail","6":"product_cat-159","7":"product_cat-_","8":"product_cat--_","9":"pa_-cirok","10":"pa_-helim-yusiv","11":"pa_-kurmanci","12":"pa_--peywend-yayinlari","13":"desktop-align-left","14":"tablet-align-left","15":"mobile-align-left","17":"first","18":"instock","19":"shipping-taxable","20":"purchasable","21":"product-type-simple"},"yoast_head":"<!-- This site is optimized with the Yoast SEO plugin v27.4 - https:\/\/yoast.com\/product\/yoast-seo-wordpress\/ -->\n<title>Mem\u00ea B\u00ea Z\u00een - Hel\u00eem Y\u00fbsiv www.shanabooks.de - Mem\u00ea B\u00ea Z\u00een<\/title>\n<meta name=\"description\" content=\"Mem\u00ea B\u00ea Z\u00een - Hel\u00eem Y\u00fbsiv\u00a0Mem\u00ea B\u00ea Z\u00een, ji \u00e7\u00eerok\u00ean di h\u00eala mijar, naverok, \u015f\u00eawe \u00fb away\u00ea honandin\u00ea de ji hev cih\u00ea \u00fb ji hev d\u00fbr p\u00eak t\u00ea. Ji \u00e7\u00eerok\u00ean surreal ...\" \/>\n<meta name=\"robots\" content=\"index, follow, max-snippet:-1, max-image-preview:large, max-video-preview:-1\" \/>\n<link rel=\"canonical\" href=\"https:\/\/shanabooks.de\/product\/meme-be-zin-helim-yusiv\/\" \/>\n<meta property=\"og:locale\" content=\"de_DE\" \/>\n<meta property=\"og:type\" content=\"article\" \/>\n<meta property=\"og:title\" content=\"Mem\u00ea B\u00ea Z\u00een - Hel\u00eem Y\u00fbsiv www.shanabooks.de - Mem\u00ea B\u00ea Z\u00een\" \/>\n<meta property=\"og:description\" content=\"Mem\u00ea B\u00ea Z\u00een - Hel\u00eem Y\u00fbsiv\u00a0Mem\u00ea B\u00ea Z\u00een, ji \u00e7\u00eerok\u00ean di h\u00eala mijar, naverok, \u015f\u00eawe \u00fb away\u00ea honandin\u00ea de ji hev cih\u00ea \u00fb ji hev d\u00fbr p\u00eak t\u00ea. Ji \u00e7\u00eerok\u00ean surreal ...\" \/>\n<meta property=\"og:url\" content=\"https:\/\/shanabooks.de\/product\/meme-be-zin-helim-yusiv\/\" \/>\n<meta property=\"og:site_name\" content=\"www.shanabooks.de\" \/>\n<meta property=\"article:modified_time\" content=\"2025-12-30T22:16:35+00:00\" \/>\n<meta property=\"og:image\" content=\"https:\/\/shanabooks.de\/wp-content\/uploads\/2024\/01\/meme-be-zin.jpg\" \/>\n\t<meta property=\"og:image:width\" content=\"656\" \/>\n\t<meta property=\"og:image:height\" content=\"1000\" \/>\n\t<meta property=\"og:image:type\" content=\"image\/jpeg\" \/>\n<meta name=\"twitter:card\" content=\"summary_large_image\" \/>\n<meta name=\"twitter:label1\" content=\"Gesch\u00e4tzte Lesezeit\" \/>\n\t<meta name=\"twitter:data1\" content=\"2\u00a0Minuten\" \/>\n<script type=\"application\/ld+json\" class=\"yoast-schema-graph\">{\"@context\":\"https:\\\/\\\/schema.org\",\"@graph\":[{\"@type\":\"WebPage\",\"@id\":\"https:\\\/\\\/shanabooks.de\\\/product\\\/meme-be-zin-helim-yusiv\\\/\",\"url\":\"https:\\\/\\\/shanabooks.de\\\/product\\\/meme-be-zin-helim-yusiv\\\/\",\"name\":\"Mem\u00ea B\u00ea Z\u00een - Hel\u00eem Y\u00fbsiv www.shanabooks.de - Mem\u00ea B\u00ea Z\u00een\",\"isPartOf\":{\"@id\":\"https:\\\/\\\/shanabooks.de\\\/#website\"},\"primaryImageOfPage\":{\"@id\":\"https:\\\/\\\/shanabooks.de\\\/product\\\/meme-be-zin-helim-yusiv\\\/#primaryimage\"},\"image\":{\"@id\":\"https:\\\/\\\/shanabooks.de\\\/product\\\/meme-be-zin-helim-yusiv\\\/#primaryimage\"},\"thumbnailUrl\":\"https:\\\/\\\/shanabooks.de\\\/wp-content\\\/uploads\\\/2024\\\/01\\\/meme-be-zin.jpg\",\"datePublished\":\"2024-01-28T18:46:30+00:00\",\"dateModified\":\"2025-12-30T22:16:35+00:00\",\"description\":\"Mem\u00ea B\u00ea Z\u00een - Hel\u00eem Y\u00fbsiv\u00a0Mem\u00ea B\u00ea Z\u00een, ji \u00e7\u00eerok\u00ean di h\u00eala mijar, naverok, \u015f\u00eawe \u00fb away\u00ea honandin\u00ea de ji hev cih\u00ea \u00fb ji hev d\u00fbr p\u00eak t\u00ea. Ji \u00e7\u00eerok\u00ean surreal ...\",\"breadcrumb\":{\"@id\":\"https:\\\/\\\/shanabooks.de\\\/product\\\/meme-be-zin-helim-yusiv\\\/#breadcrumb\"},\"inLanguage\":\"de\",\"potentialAction\":[{\"@type\":\"ReadAction\",\"target\":[\"https:\\\/\\\/shanabooks.de\\\/product\\\/meme-be-zin-helim-yusiv\\\/\"]}]},{\"@type\":\"ImageObject\",\"inLanguage\":\"de\",\"@id\":\"https:\\\/\\\/shanabooks.de\\\/product\\\/meme-be-zin-helim-yusiv\\\/#primaryimage\",\"url\":\"https:\\\/\\\/shanabooks.de\\\/wp-content\\\/uploads\\\/2024\\\/01\\\/meme-be-zin.jpg\",\"contentUrl\":\"https:\\\/\\\/shanabooks.de\\\/wp-content\\\/uploads\\\/2024\\\/01\\\/meme-be-zin.jpg\",\"width\":656,\"height\":1000,\"caption\":\"m\u00eam\u00ea b\u00ea z\u00een-Hel\u00eem Y\u00fbsiv - Pirt\u00fbk\u00ean Kurd\u00ee\"},{\"@type\":\"BreadcrumbList\",\"@id\":\"https:\\\/\\\/shanabooks.de\\\/product\\\/meme-be-zin-helim-yusiv\\\/#breadcrumb\",\"itemListElement\":[{\"@type\":\"ListItem\",\"position\":1,\"name\":\"\u0627\u0644\u0631\u0626\u064a\u0633\u064a\u0629\",\"item\":\"https:\\\/\\\/shanabooks.de\\\/de\\\/\"},{\"@type\":\"ListItem\",\"position\":2,\"name\":\"\u0627\u0644\u0645\u0646\u062a\u062c\u0627\u062a\",\"item\":\"https:\\\/\\\/shanabooks.de\\\/shop\\\/\"},{\"@type\":\"ListItem\",\"position\":3,\"name\":\"Mem\u00ea B\u00ea Z\u00een\"}]},{\"@type\":\"WebSite\",\"@id\":\"https:\\\/\\\/shanabooks.de\\\/#website\",\"url\":\"https:\\\/\\\/shanabooks.de\\\/\",\"name\":\"www.shanbooks.de\",\"description\":\"C\u00eehana Pirt\u00fbk\u00ean Kurd\u00ee \u0645\u0643\u062a\u0628\u0629 \u0634\u0627\u0646\u0627 \u0641\u064a \u0627\u0644\u0645\u0627\u0646\u064a\u0627 \u0648\u0623\u0648\u0631\u0628\u0627\",\"publisher\":{\"@id\":\"https:\\\/\\\/shanabooks.de\\\/#organization\"},\"potentialAction\":[{\"@type\":\"SearchAction\",\"target\":{\"@type\":\"EntryPoint\",\"urlTemplate\":\"https:\\\/\\\/shanabooks.de\\\/?s={search_term_string}\"},\"query-input\":{\"@type\":\"PropertyValueSpecification\",\"valueRequired\":true,\"valueName\":\"search_term_string\"}}],\"inLanguage\":\"de\"},{\"@type\":\"Organization\",\"@id\":\"https:\\\/\\\/shanabooks.de\\\/#organization\",\"name\":\"www.shanbooks.de\",\"url\":\"https:\\\/\\\/shanabooks.de\\\/\",\"logo\":{\"@type\":\"ImageObject\",\"inLanguage\":\"de\",\"@id\":\"https:\\\/\\\/shanabooks.de\\\/#\\\/schema\\\/logo\\\/image\\\/\",\"url\":\"https:\\\/\\\/shanabooks.de\\\/wp-content\\\/uploads\\\/2024\\\/03\\\/SHANABOOKS__2_-removebg-preview.png\",\"contentUrl\":\"https:\\\/\\\/shanabooks.de\\\/wp-content\\\/uploads\\\/2024\\\/03\\\/SHANABOOKS__2_-removebg-preview.png\",\"width\":700,\"height\":150,\"caption\":\"www.shanbooks.de\"},\"image\":{\"@id\":\"https:\\\/\\\/shanabooks.de\\\/#\\\/schema\\\/logo\\\/image\\\/\"}}]}<\/script>\n<!-- \/ Yoast SEO plugin. -->","yoast_head_json":{"title":"Mem\u00ea B\u00ea Z\u00een - Hel\u00eem Y\u00fbsiv www.shanabooks.de - Mem\u00ea B\u00ea Z\u00een","description":"Mem\u00ea B\u00ea Z\u00een - Hel\u00eem Y\u00fbsiv\u00a0Mem\u00ea B\u00ea Z\u00een, ji \u00e7\u00eerok\u00ean di h\u00eala mijar, naverok, \u015f\u00eawe \u00fb away\u00ea honandin\u00ea de ji hev cih\u00ea \u00fb ji hev d\u00fbr p\u00eak t\u00ea. Ji \u00e7\u00eerok\u00ean surreal ...","robots":{"index":"index","follow":"follow","max-snippet":"max-snippet:-1","max-image-preview":"max-image-preview:large","max-video-preview":"max-video-preview:-1"},"canonical":"https:\/\/shanabooks.de\/product\/meme-be-zin-helim-yusiv\/","og_locale":"de_DE","og_type":"article","og_title":"Mem\u00ea B\u00ea Z\u00een - Hel\u00eem Y\u00fbsiv www.shanabooks.de - Mem\u00ea B\u00ea Z\u00een","og_description":"Mem\u00ea B\u00ea Z\u00een - Hel\u00eem Y\u00fbsiv\u00a0Mem\u00ea B\u00ea Z\u00een, ji \u00e7\u00eerok\u00ean di h\u00eala mijar, naverok, \u015f\u00eawe \u00fb away\u00ea honandin\u00ea de ji hev cih\u00ea \u00fb ji hev d\u00fbr p\u00eak t\u00ea. Ji \u00e7\u00eerok\u00ean surreal ...","og_url":"https:\/\/shanabooks.de\/product\/meme-be-zin-helim-yusiv\/","og_site_name":"www.shanabooks.de","article_modified_time":"2025-12-30T22:16:35+00:00","og_image":[{"width":656,"height":1000,"url":"https:\/\/shanabooks.de\/wp-content\/uploads\/2024\/01\/meme-be-zin.jpg","type":"image\/jpeg"}],"twitter_card":"summary_large_image","twitter_misc":{"Gesch\u00e4tzte Lesezeit":"2\u00a0Minuten"},"schema":{"@context":"https:\/\/schema.org","@graph":[{"@type":"WebPage","@id":"https:\/\/shanabooks.de\/product\/meme-be-zin-helim-yusiv\/","url":"https:\/\/shanabooks.de\/product\/meme-be-zin-helim-yusiv\/","name":"Mem\u00ea B\u00ea Z\u00een - Hel\u00eem Y\u00fbsiv www.shanabooks.de - Mem\u00ea B\u00ea Z\u00een","isPartOf":{"@id":"https:\/\/shanabooks.de\/#website"},"primaryImageOfPage":{"@id":"https:\/\/shanabooks.de\/product\/meme-be-zin-helim-yusiv\/#primaryimage"},"image":{"@id":"https:\/\/shanabooks.de\/product\/meme-be-zin-helim-yusiv\/#primaryimage"},"thumbnailUrl":"https:\/\/shanabooks.de\/wp-content\/uploads\/2024\/01\/meme-be-zin.jpg","datePublished":"2024-01-28T18:46:30+00:00","dateModified":"2025-12-30T22:16:35+00:00","description":"Mem\u00ea B\u00ea Z\u00een - Hel\u00eem Y\u00fbsiv\u00a0Mem\u00ea B\u00ea Z\u00een, ji \u00e7\u00eerok\u00ean di h\u00eala mijar, naverok, \u015f\u00eawe \u00fb away\u00ea honandin\u00ea de ji hev cih\u00ea \u00fb ji hev d\u00fbr p\u00eak t\u00ea. Ji \u00e7\u00eerok\u00ean surreal ...","breadcrumb":{"@id":"https:\/\/shanabooks.de\/product\/meme-be-zin-helim-yusiv\/#breadcrumb"},"inLanguage":"de","potentialAction":[{"@type":"ReadAction","target":["https:\/\/shanabooks.de\/product\/meme-be-zin-helim-yusiv\/"]}]},{"@type":"ImageObject","inLanguage":"de","@id":"https:\/\/shanabooks.de\/product\/meme-be-zin-helim-yusiv\/#primaryimage","url":"https:\/\/shanabooks.de\/wp-content\/uploads\/2024\/01\/meme-be-zin.jpg","contentUrl":"https:\/\/shanabooks.de\/wp-content\/uploads\/2024\/01\/meme-be-zin.jpg","width":656,"height":1000,"caption":"m\u00eam\u00ea b\u00ea z\u00een-Hel\u00eem Y\u00fbsiv - Pirt\u00fbk\u00ean Kurd\u00ee"},{"@type":"BreadcrumbList","@id":"https:\/\/shanabooks.de\/product\/meme-be-zin-helim-yusiv\/#breadcrumb","itemListElement":[{"@type":"ListItem","position":1,"name":"\u0627\u0644\u0631\u0626\u064a\u0633\u064a\u0629","item":"https:\/\/shanabooks.de\/de\/"},{"@type":"ListItem","position":2,"name":"\u0627\u0644\u0645\u0646\u062a\u062c\u0627\u062a","item":"https:\/\/shanabooks.de\/shop\/"},{"@type":"ListItem","position":3,"name":"Mem\u00ea B\u00ea Z\u00een"}]},{"@type":"WebSite","@id":"https:\/\/shanabooks.de\/#website","url":"https:\/\/shanabooks.de\/","name":"www.shanbooks.de","description":"C\u00eehana Pirt\u00fbk\u00ean Kurd\u00ee \u0645\u0643\u062a\u0628\u0629 \u0634\u0627\u0646\u0627 \u0641\u064a \u0627\u0644\u0645\u0627\u0646\u064a\u0627 \u0648\u0623\u0648\u0631\u0628\u0627","publisher":{"@id":"https:\/\/shanabooks.de\/#organization"},"potentialAction":[{"@type":"SearchAction","target":{"@type":"EntryPoint","urlTemplate":"https:\/\/shanabooks.de\/?s={search_term_string}"},"query-input":{"@type":"PropertyValueSpecification","valueRequired":true,"valueName":"search_term_string"}}],"inLanguage":"de"},{"@type":"Organization","@id":"https:\/\/shanabooks.de\/#organization","name":"www.shanbooks.de","url":"https:\/\/shanabooks.de\/","logo":{"@type":"ImageObject","inLanguage":"de","@id":"https:\/\/shanabooks.de\/#\/schema\/logo\/image\/","url":"https:\/\/shanabooks.de\/wp-content\/uploads\/2024\/03\/SHANABOOKS__2_-removebg-preview.png","contentUrl":"https:\/\/shanabooks.de\/wp-content\/uploads\/2024\/03\/SHANABOOKS__2_-removebg-preview.png","width":700,"height":150,"caption":"www.shanbooks.de"},"image":{"@id":"https:\/\/shanabooks.de\/#\/schema\/logo\/image\/"}}]}},"jetpack_sharing_enabled":true,"_links":{"self":[{"href":"https:\/\/shanabooks.de\/de\/wp-json\/wp\/v2\/product\/4487","targetHints":{"allow":["GET"]}}],"collection":[{"href":"https:\/\/shanabooks.de\/de\/wp-json\/wp\/v2\/product"}],"about":[{"href":"https:\/\/shanabooks.de\/de\/wp-json\/wp\/v2\/types\/product"}],"version-history":[{"count":4,"href":"https:\/\/shanabooks.de\/de\/wp-json\/wp\/v2\/product\/4487\/revisions"}],"predecessor-version":[{"id":11453,"href":"https:\/\/shanabooks.de\/de\/wp-json\/wp\/v2\/product\/4487\/revisions\/11453"}],"wp:featuredmedia":[{"embeddable":true,"href":"https:\/\/shanabooks.de\/de\/wp-json\/wp\/v2\/media\/4555"}],"wp:attachment":[{"href":"https:\/\/shanabooks.de\/de\/wp-json\/wp\/v2\/media?parent=4487"}],"wp:term":[{"taxonomy":"product_brand","embeddable":true,"href":"https:\/\/shanabooks.de\/de\/wp-json\/wp\/v2\/product_brand?post=4487"},{"taxonomy":"product_cat","embeddable":true,"href":"https:\/\/shanabooks.de\/de\/wp-json\/wp\/v2\/product_cat?post=4487"},{"taxonomy":"product_tag","embeddable":true,"href":"https:\/\/shanabooks.de\/de\/wp-json\/wp\/v2\/product_tag?post=4487"}],"curies":[{"name":"wp","href":"https:\/\/api.w.org\/{rel}","templated":true}]}}