{"id":4488,"date":"2024-01-28T18:46:30","date_gmt":"2024-01-28T18:46:30","guid":{"rendered":"https:\/\/shanabooks.de\/?post_type=product&#038;p=4488"},"modified":"2024-03-02T23:00:48","modified_gmt":"2024-03-02T23:00:48","slug":"sobarto-helim-yusiv","status":"publish","type":"product","link":"https:\/\/shanabooks.de\/de\/product\/sobarto-helim-yusiv\/","title":{"rendered":"Sobarto"},"content":{"rendered":"<p dir=\"ltr\"><strong>Sobarto &#8211; Hel\u00eem Y\u00fbsiv<\/strong><\/p>\n<p dir=\"ltr\">Sobarto ya Hel\u00eem Y\u00fbsiv, ne ten\u00ea \u00e7\u00eeroka sal\u00ean agir\u00ea s\u00eenemaya Am\u00fbd\u00ea, raz\u00ean sert \u00ean zarokatiyeke lid\u00fbmay\u00ee \u00fb ev\u00eeneke t\u00eak\u00e7\u00fby\u00ee ye; di heman dem\u00ea de di nav \u00eemkan\u00ean \u00e7\u00eeroksaziyeke xurt \u00fb pirh\u00eal de \u00e7\u00eeroka miletek\u00ee bindest \u00fb \u00e7erxa feleka w\u00ee ya \u00e7ep e j\u00ee\u2026<\/p>\n<p dir=\"ltr\">F\u00eenala w\u00ea ya balk\u00ea\u015f \u00fb re\u015fb\u00een, sembol \u00fb mot\u00eef\u00ean bi\u00e7\u00fbk \u00ean ku h\u00ead\u00ee h\u00ead\u00ee dibin par\u00e7ey\u00ean yek\u00fbnek\u00ee, der\u00ee li \u201calegoriyeke netew\u00ee\u201d vedikin. Sobarto, belk\u00ee ji wan roman\u00ean yekem \u00ean kurd\u00ee ye ku di rengek\u00ee \u015fexs\u00ee de, gav bi gav ber\u00ea xwe dide w\u00eaneyek\u00ee gi\u015ft\u00ee y\u00ea nete<span class=\"text_exposed_show\">w\u00ee \u00fb b\u00ea ku ji edebiyat\u00ea taw\u00eez bide, me li ser v\u00ea t\u00eak\u00e7\u00fbn\u00ea sewq\u00ee hi\u015fyariyek\u00ea dike.<\/span><\/p>\n","protected":false},"excerpt":{"rendered":"<p dir=\"ltr\" style=\"text-align: center;\"><strong>Pirt\u00fbk: Sobarto<br \/>\nNiv\u00eeskar: Hel\u00eem Y\u00fbsiv<br \/>\nCure: \u00c7\u00eerok<\/strong><\/p>\n","protected":false},"featured_media":4557,"template":"","meta":{"site-sidebar-layout":"default","site-content-layout":"default","ast-site-content-layout":"default","site-content-style":"default","site-sidebar-style":"default","ast-global-header-display":"","ast-banner-title-visibility":"","ast-main-header-display":"","ast-hfb-above-header-display":"","ast-hfb-below-header-display":"","ast-hfb-mobile-header-display":"","site-post-title":"","ast-breadcrumbs-content":"","ast-featured-img":"","footer-sml-layout":"","ast-disable-related-posts":"","theme-transparent-header-meta":"default","adv-header-id-meta":"","stick-header-meta":"","header-above-stick-meta":"","header-main-stick-meta":"","header-below-stick-meta":"","astra-migrate-meta-layouts":"set","ast-page-background-enabled":"default","ast-page-background-meta":{"desktop":{"background-color":"","background-image":"","background-repeat":"repeat","background-position":"center center","background-size":"auto","background-attachment":"scroll","background-type":"","background-media":"","overlay-type":"","overlay-color":"","overlay-opacity":"","overlay-gradient":""},"tablet":{"background-color":"","background-image":"","background-repeat":"repeat","background-position":"center center","background-size":"auto","background-attachment":"scroll","background-type":"","background-media":"","overlay-type":"","overlay-color":"","overlay-opacity":"","overlay-gradient":""},"mobile":{"background-color":"","background-image":"","background-repeat":"repeat","background-position":"center center","background-size":"auto","background-attachment":"scroll","background-type":"","background-media":"","overlay-type":"","overlay-color":"","overlay-opacity":"","overlay-gradient":""}},"ast-content-background-meta":{"desktop":{"background-color":"var(--ast-global-color-5)","background-image":"","background-repeat":"repeat","background-position":"center center","background-size":"auto","background-attachment":"scroll","background-type":"","background-media":"","overlay-type":"","overlay-color":"","overlay-opacity":"","overlay-gradient":""},"tablet":{"background-color":"var(--ast-global-color-5)","background-image":"","background-repeat":"repeat","background-position":"center center","background-size":"auto","background-attachment":"scroll","background-type":"","background-media":"","overlay-type":"","overlay-color":"","overlay-opacity":"","overlay-gradient":""},"mobile":{"background-color":"var(--ast-global-color-5)","background-image":"","background-repeat":"repeat","background-position":"center center","background-size":"auto","background-attachment":"scroll","background-type":"","background-media":"","overlay-type":"","overlay-color":"","overlay-opacity":"","overlay-gradient":""}}},"product_brand":[],"product_cat":[159],"product_tag":[],"class_list":{"0":"post-4488","1":"product","2":"type-product","3":"status-publish","4":"has-post-thumbnail","6":"product_cat-159","7":"pa_-cirok","8":"pa_-helim-yusiv","9":"pa_-kurmanci","10":"pa_--peywend-yayinlari","11":"desktop-align-left","12":"tablet-align-left","13":"mobile-align-left","15":"first","16":"instock","17":"shipping-taxable","18":"purchasable","19":"product-type-simple"},"yoast_head":"<!-- This site is optimized with the Yoast SEO plugin v27.4 - https:\/\/yoast.com\/product\/yoast-seo-wordpress\/ -->\n<title>Sobarto - Hel\u00eem Y\u00fbsiv - www.shanabooks.de<\/title>\n<meta name=\"description\" content=\"Sobarto - Hel\u00eem Y\u00fbsiv Sobarto ya Hel\u00eem Y\u00fbsiv, ne ten\u00ea \u00e7\u00eeroka sal\u00ean agir\u00ea s\u00eenemaya Am\u00fbd\u00ea, raz\u00ean sert \u00ean zarokatiyeke lid\u00fbmay\u00ee \u00fb ev\u00eeneke t\u00eak\u00e7\u00fby\u00ee ye; di hem...\" \/>\n<meta name=\"robots\" content=\"index, follow, max-snippet:-1, max-image-preview:large, max-video-preview:-1\" \/>\n<link rel=\"canonical\" href=\"https:\/\/shanabooks.de\/product\/sobarto-helim-yusiv\/\" \/>\n<meta property=\"og:locale\" content=\"de_DE\" \/>\n<meta property=\"og:type\" content=\"article\" \/>\n<meta property=\"og:title\" content=\"Sobarto - Hel\u00eem Y\u00fbsiv - www.shanabooks.de\" \/>\n<meta property=\"og:description\" content=\"Sobarto - Hel\u00eem Y\u00fbsiv Sobarto ya Hel\u00eem Y\u00fbsiv, ne ten\u00ea \u00e7\u00eeroka sal\u00ean agir\u00ea s\u00eenemaya Am\u00fbd\u00ea, raz\u00ean sert \u00ean zarokatiyeke lid\u00fbmay\u00ee \u00fb ev\u00eeneke t\u00eak\u00e7\u00fby\u00ee ye; di hem...\" \/>\n<meta property=\"og:url\" content=\"https:\/\/shanabooks.de\/product\/sobarto-helim-yusiv\/\" \/>\n<meta property=\"og:site_name\" content=\"www.shanabooks.de\" \/>\n<meta property=\"article:modified_time\" content=\"2024-03-02T23:00:48+00:00\" \/>\n<meta property=\"og:image\" content=\"https:\/\/shanabooks.de\/wp-content\/uploads\/2024\/01\/Sobarto.jpg\" \/>\n\t<meta property=\"og:image:width\" content=\"650\" \/>\n\t<meta property=\"og:image:height\" content=\"1000\" \/>\n\t<meta property=\"og:image:type\" content=\"image\/jpeg\" \/>\n<meta name=\"twitter:card\" content=\"summary_large_image\" \/>\n<meta name=\"twitter:label1\" content=\"Gesch\u00e4tzte Lesezeit\" \/>\n\t<meta name=\"twitter:data1\" content=\"1\u00a0Minute\" \/>\n<script type=\"application\/ld+json\" class=\"yoast-schema-graph\">{\"@context\":\"https:\\\/\\\/schema.org\",\"@graph\":[{\"@type\":\"WebPage\",\"@id\":\"https:\\\/\\\/shanabooks.de\\\/product\\\/sobarto-helim-yusiv\\\/\",\"url\":\"https:\\\/\\\/shanabooks.de\\\/product\\\/sobarto-helim-yusiv\\\/\",\"name\":\"Sobarto - Hel\u00eem Y\u00fbsiv - www.shanabooks.de\",\"isPartOf\":{\"@id\":\"https:\\\/\\\/shanabooks.de\\\/#website\"},\"primaryImageOfPage\":{\"@id\":\"https:\\\/\\\/shanabooks.de\\\/product\\\/sobarto-helim-yusiv\\\/#primaryimage\"},\"image\":{\"@id\":\"https:\\\/\\\/shanabooks.de\\\/product\\\/sobarto-helim-yusiv\\\/#primaryimage\"},\"thumbnailUrl\":\"https:\\\/\\\/shanabooks.de\\\/wp-content\\\/uploads\\\/2024\\\/01\\\/Sobarto.jpg\",\"datePublished\":\"2024-01-28T18:46:30+00:00\",\"dateModified\":\"2024-03-02T23:00:48+00:00\",\"description\":\"Sobarto - Hel\u00eem Y\u00fbsiv Sobarto ya Hel\u00eem Y\u00fbsiv, ne ten\u00ea \u00e7\u00eeroka sal\u00ean agir\u00ea s\u00eenemaya Am\u00fbd\u00ea, raz\u00ean sert \u00ean zarokatiyeke lid\u00fbmay\u00ee \u00fb ev\u00eeneke t\u00eak\u00e7\u00fby\u00ee ye; di hem...\",\"breadcrumb\":{\"@id\":\"https:\\\/\\\/shanabooks.de\\\/product\\\/sobarto-helim-yusiv\\\/#breadcrumb\"},\"inLanguage\":\"de\",\"potentialAction\":[{\"@type\":\"ReadAction\",\"target\":[\"https:\\\/\\\/shanabooks.de\\\/product\\\/sobarto-helim-yusiv\\\/\"]}]},{\"@type\":\"ImageObject\",\"inLanguage\":\"de\",\"@id\":\"https:\\\/\\\/shanabooks.de\\\/product\\\/sobarto-helim-yusiv\\\/#primaryimage\",\"url\":\"https:\\\/\\\/shanabooks.de\\\/wp-content\\\/uploads\\\/2024\\\/01\\\/Sobarto.jpg\",\"contentUrl\":\"https:\\\/\\\/shanabooks.de\\\/wp-content\\\/uploads\\\/2024\\\/01\\\/Sobarto.jpg\",\"width\":650,\"height\":1000,\"caption\":\"Sobarto - Hel\u00eem Y\u00fbsiv - Pirt\u00fbk\u00ean Kurd\u00ee\"},{\"@type\":\"BreadcrumbList\",\"@id\":\"https:\\\/\\\/shanabooks.de\\\/product\\\/sobarto-helim-yusiv\\\/#breadcrumb\",\"itemListElement\":[{\"@type\":\"ListItem\",\"position\":1,\"name\":\"\u0627\u0644\u0631\u0626\u064a\u0633\u064a\u0629\",\"item\":\"https:\\\/\\\/shanabooks.de\\\/de\\\/\"},{\"@type\":\"ListItem\",\"position\":2,\"name\":\"\u0627\u0644\u0645\u0646\u062a\u062c\u0627\u062a\",\"item\":\"https:\\\/\\\/shanabooks.de\\\/shop\\\/\"},{\"@type\":\"ListItem\",\"position\":3,\"name\":\"Sobarto\"}]},{\"@type\":\"WebSite\",\"@id\":\"https:\\\/\\\/shanabooks.de\\\/#website\",\"url\":\"https:\\\/\\\/shanabooks.de\\\/\",\"name\":\"www.shanbooks.de\",\"description\":\"C\u00eehana Pirt\u00fbk\u00ean Kurd\u00ee \u0645\u0643\u062a\u0628\u0629 \u0634\u0627\u0646\u0627 \u0641\u064a \u0627\u0644\u0645\u0627\u0646\u064a\u0627 \u0648\u0623\u0648\u0631\u0628\u0627\",\"publisher\":{\"@id\":\"https:\\\/\\\/shanabooks.de\\\/#organization\"},\"potentialAction\":[{\"@type\":\"SearchAction\",\"target\":{\"@type\":\"EntryPoint\",\"urlTemplate\":\"https:\\\/\\\/shanabooks.de\\\/?s={search_term_string}\"},\"query-input\":{\"@type\":\"PropertyValueSpecification\",\"valueRequired\":true,\"valueName\":\"search_term_string\"}}],\"inLanguage\":\"de\"},{\"@type\":\"Organization\",\"@id\":\"https:\\\/\\\/shanabooks.de\\\/#organization\",\"name\":\"www.shanbooks.de\",\"url\":\"https:\\\/\\\/shanabooks.de\\\/\",\"logo\":{\"@type\":\"ImageObject\",\"inLanguage\":\"de\",\"@id\":\"https:\\\/\\\/shanabooks.de\\\/#\\\/schema\\\/logo\\\/image\\\/\",\"url\":\"https:\\\/\\\/shanabooks.de\\\/wp-content\\\/uploads\\\/2024\\\/03\\\/SHANABOOKS__2_-removebg-preview.png\",\"contentUrl\":\"https:\\\/\\\/shanabooks.de\\\/wp-content\\\/uploads\\\/2024\\\/03\\\/SHANABOOKS__2_-removebg-preview.png\",\"width\":700,\"height\":150,\"caption\":\"www.shanbooks.de\"},\"image\":{\"@id\":\"https:\\\/\\\/shanabooks.de\\\/#\\\/schema\\\/logo\\\/image\\\/\"}}]}<\/script>\n<!-- \/ Yoast SEO plugin. -->","yoast_head_json":{"title":"Sobarto - Hel\u00eem Y\u00fbsiv - www.shanabooks.de","description":"Sobarto - Hel\u00eem Y\u00fbsiv Sobarto ya Hel\u00eem Y\u00fbsiv, ne ten\u00ea \u00e7\u00eeroka sal\u00ean agir\u00ea s\u00eenemaya Am\u00fbd\u00ea, raz\u00ean sert \u00ean zarokatiyeke lid\u00fbmay\u00ee \u00fb ev\u00eeneke t\u00eak\u00e7\u00fby\u00ee ye; di hem...","robots":{"index":"index","follow":"follow","max-snippet":"max-snippet:-1","max-image-preview":"max-image-preview:large","max-video-preview":"max-video-preview:-1"},"canonical":"https:\/\/shanabooks.de\/product\/sobarto-helim-yusiv\/","og_locale":"de_DE","og_type":"article","og_title":"Sobarto - Hel\u00eem Y\u00fbsiv - www.shanabooks.de","og_description":"Sobarto - Hel\u00eem Y\u00fbsiv Sobarto ya Hel\u00eem Y\u00fbsiv, ne ten\u00ea \u00e7\u00eeroka sal\u00ean agir\u00ea s\u00eenemaya Am\u00fbd\u00ea, raz\u00ean sert \u00ean zarokatiyeke lid\u00fbmay\u00ee \u00fb ev\u00eeneke t\u00eak\u00e7\u00fby\u00ee ye; di hem...","og_url":"https:\/\/shanabooks.de\/product\/sobarto-helim-yusiv\/","og_site_name":"www.shanabooks.de","article_modified_time":"2024-03-02T23:00:48+00:00","og_image":[{"width":650,"height":1000,"url":"https:\/\/shanabooks.de\/wp-content\/uploads\/2024\/01\/Sobarto.jpg","type":"image\/jpeg"}],"twitter_card":"summary_large_image","twitter_misc":{"Gesch\u00e4tzte Lesezeit":"1\u00a0Minute"},"schema":{"@context":"https:\/\/schema.org","@graph":[{"@type":"WebPage","@id":"https:\/\/shanabooks.de\/product\/sobarto-helim-yusiv\/","url":"https:\/\/shanabooks.de\/product\/sobarto-helim-yusiv\/","name":"Sobarto - Hel\u00eem Y\u00fbsiv - www.shanabooks.de","isPartOf":{"@id":"https:\/\/shanabooks.de\/#website"},"primaryImageOfPage":{"@id":"https:\/\/shanabooks.de\/product\/sobarto-helim-yusiv\/#primaryimage"},"image":{"@id":"https:\/\/shanabooks.de\/product\/sobarto-helim-yusiv\/#primaryimage"},"thumbnailUrl":"https:\/\/shanabooks.de\/wp-content\/uploads\/2024\/01\/Sobarto.jpg","datePublished":"2024-01-28T18:46:30+00:00","dateModified":"2024-03-02T23:00:48+00:00","description":"Sobarto - Hel\u00eem Y\u00fbsiv Sobarto ya Hel\u00eem Y\u00fbsiv, ne ten\u00ea \u00e7\u00eeroka sal\u00ean agir\u00ea s\u00eenemaya Am\u00fbd\u00ea, raz\u00ean sert \u00ean zarokatiyeke lid\u00fbmay\u00ee \u00fb ev\u00eeneke t\u00eak\u00e7\u00fby\u00ee ye; di hem...","breadcrumb":{"@id":"https:\/\/shanabooks.de\/product\/sobarto-helim-yusiv\/#breadcrumb"},"inLanguage":"de","potentialAction":[{"@type":"ReadAction","target":["https:\/\/shanabooks.de\/product\/sobarto-helim-yusiv\/"]}]},{"@type":"ImageObject","inLanguage":"de","@id":"https:\/\/shanabooks.de\/product\/sobarto-helim-yusiv\/#primaryimage","url":"https:\/\/shanabooks.de\/wp-content\/uploads\/2024\/01\/Sobarto.jpg","contentUrl":"https:\/\/shanabooks.de\/wp-content\/uploads\/2024\/01\/Sobarto.jpg","width":650,"height":1000,"caption":"Sobarto - Hel\u00eem Y\u00fbsiv - Pirt\u00fbk\u00ean Kurd\u00ee"},{"@type":"BreadcrumbList","@id":"https:\/\/shanabooks.de\/product\/sobarto-helim-yusiv\/#breadcrumb","itemListElement":[{"@type":"ListItem","position":1,"name":"\u0627\u0644\u0631\u0626\u064a\u0633\u064a\u0629","item":"https:\/\/shanabooks.de\/de\/"},{"@type":"ListItem","position":2,"name":"\u0627\u0644\u0645\u0646\u062a\u062c\u0627\u062a","item":"https:\/\/shanabooks.de\/shop\/"},{"@type":"ListItem","position":3,"name":"Sobarto"}]},{"@type":"WebSite","@id":"https:\/\/shanabooks.de\/#website","url":"https:\/\/shanabooks.de\/","name":"www.shanbooks.de","description":"C\u00eehana Pirt\u00fbk\u00ean Kurd\u00ee \u0645\u0643\u062a\u0628\u0629 \u0634\u0627\u0646\u0627 \u0641\u064a \u0627\u0644\u0645\u0627\u0646\u064a\u0627 \u0648\u0623\u0648\u0631\u0628\u0627","publisher":{"@id":"https:\/\/shanabooks.de\/#organization"},"potentialAction":[{"@type":"SearchAction","target":{"@type":"EntryPoint","urlTemplate":"https:\/\/shanabooks.de\/?s={search_term_string}"},"query-input":{"@type":"PropertyValueSpecification","valueRequired":true,"valueName":"search_term_string"}}],"inLanguage":"de"},{"@type":"Organization","@id":"https:\/\/shanabooks.de\/#organization","name":"www.shanbooks.de","url":"https:\/\/shanabooks.de\/","logo":{"@type":"ImageObject","inLanguage":"de","@id":"https:\/\/shanabooks.de\/#\/schema\/logo\/image\/","url":"https:\/\/shanabooks.de\/wp-content\/uploads\/2024\/03\/SHANABOOKS__2_-removebg-preview.png","contentUrl":"https:\/\/shanabooks.de\/wp-content\/uploads\/2024\/03\/SHANABOOKS__2_-removebg-preview.png","width":700,"height":150,"caption":"www.shanbooks.de"},"image":{"@id":"https:\/\/shanabooks.de\/#\/schema\/logo\/image\/"}}]}},"jetpack_sharing_enabled":true,"_links":{"self":[{"href":"https:\/\/shanabooks.de\/de\/wp-json\/wp\/v2\/product\/4488","targetHints":{"allow":["GET"]}}],"collection":[{"href":"https:\/\/shanabooks.de\/de\/wp-json\/wp\/v2\/product"}],"about":[{"href":"https:\/\/shanabooks.de\/de\/wp-json\/wp\/v2\/types\/product"}],"version-history":[{"count":4,"href":"https:\/\/shanabooks.de\/de\/wp-json\/wp\/v2\/product\/4488\/revisions"}],"predecessor-version":[{"id":11452,"href":"https:\/\/shanabooks.de\/de\/wp-json\/wp\/v2\/product\/4488\/revisions\/11452"}],"wp:featuredmedia":[{"embeddable":true,"href":"https:\/\/shanabooks.de\/de\/wp-json\/wp\/v2\/media\/4557"}],"wp:attachment":[{"href":"https:\/\/shanabooks.de\/de\/wp-json\/wp\/v2\/media?parent=4488"}],"wp:term":[{"taxonomy":"product_brand","embeddable":true,"href":"https:\/\/shanabooks.de\/de\/wp-json\/wp\/v2\/product_brand?post=4488"},{"taxonomy":"product_cat","embeddable":true,"href":"https:\/\/shanabooks.de\/de\/wp-json\/wp\/v2\/product_cat?post=4488"},{"taxonomy":"product_tag","embeddable":true,"href":"https:\/\/shanabooks.de\/de\/wp-json\/wp\/v2\/product_tag?post=4488"}],"curies":[{"name":"wp","href":"https:\/\/api.w.org\/{rel}","templated":true}]}}