{"id":4493,"date":"2024-01-28T18:46:30","date_gmt":"2024-01-28T18:46:30","guid":{"rendered":"https:\/\/shanabooks.de\/?post_type=product&#038;p=4493"},"modified":"2025-12-30T22:12:39","modified_gmt":"2025-12-30T22:12:39","slug":"mirina-egideki-mehmed-uzun","status":"publish","type":"product","link":"https:\/\/shanabooks.de\/de\/product\/mirina-egideki-mehmed-uzun\/","title":{"rendered":"Mirina Eg\u00eedek\u00ee"},"content":{"rendered":"<p dir=\"ltr\"><strong>Mirina Eg\u00eedek\u00ee &#8211; Mehmed Uzun<\/strong><\/p>\n<p dir=\"ltr\">&#8222;L\u00eaxin, l\u00eaxin hevalno l\u00eaxin,<br \/>\nBibar\u00eenin bibar\u00eenin, birano<br \/>\nEv me \u00e7i dihesib\u00eenin!&#8220;<br \/>\nHem\u00fb roj, hem\u00fb \u00eavar, hem\u00fb \u015fev<br \/>\nW\u00ee weha gotib\u00fb \u00fb gule barandib\u00fb<br \/>\nRoj qulib\u00eeb\u00fb ser \u00eavar\u00ea, \u00eavar ser \u015fev\u00ea, \u015fev ser roj\u00ea<br \/>\n(Be\u015fek ji helbest\u00ea)<\/p>\n<p dir=\"ltr\">Niv\u00eeskar\u00ea Pirt\u00fbka Mirina Eg\u00eedek\u00ee: Mehmed Uzun li sala 1953\u00ea li gund\u00ea Siw\u00eareka ser bi Rihay\u00ea (Urfay\u00ea) hat dinyay\u00ea. Ji ber xebata w\u00ee ya niv\u00ees\u00eena bi ziman\u00ea dayik\u00ea \u00e7end caran ji aliy\u00ea desthelata tirkan ve hat z\u00eendankirin. Her ji ber wan gef\u00ean li ser jiyana xwe, li hav\u00eena sala 1977\u00ea ji Tirkiy\u00ea derket \u00fb heyameke dir\u00eaj li Sw\u00ead\u00ea ma.<\/p>\n","protected":false},"excerpt":{"rendered":"<p dir=\"ltr\" style=\"text-align: center;\"><strong>Pirt\u00fbk: Mirina Eg\u00eedek\u00ee<br \/>\n<\/strong><strong>Niv\u00eeskar: Mehmed Uzun<\/strong><br \/>\n<strong>Cure: Helbest<\/strong><\/p>\n","protected":false},"featured_media":4576,"template":"","meta":{"site-sidebar-layout":"default","site-content-layout":"default","ast-site-content-layout":"default","site-content-style":"default","site-sidebar-style":"default","ast-global-header-display":"","ast-banner-title-visibility":"","ast-main-header-display":"","ast-hfb-above-header-display":"","ast-hfb-below-header-display":"","ast-hfb-mobile-header-display":"","site-post-title":"","ast-breadcrumbs-content":"","ast-featured-img":"","footer-sml-layout":"","ast-disable-related-posts":"","theme-transparent-header-meta":"default","adv-header-id-meta":"","stick-header-meta":"","header-above-stick-meta":"","header-main-stick-meta":"","header-below-stick-meta":"","astra-migrate-meta-layouts":"set","ast-page-background-enabled":"default","ast-page-background-meta":{"desktop":{"background-color":"","background-image":"","background-repeat":"repeat","background-position":"center center","background-size":"auto","background-attachment":"scroll","background-type":"","background-media":"","overlay-type":"","overlay-color":"","overlay-opacity":"","overlay-gradient":""},"tablet":{"background-color":"","background-image":"","background-repeat":"repeat","background-position":"center center","background-size":"auto","background-attachment":"scroll","background-type":"","background-media":"","overlay-type":"","overlay-color":"","overlay-opacity":"","overlay-gradient":""},"mobile":{"background-color":"","background-image":"","background-repeat":"repeat","background-position":"center center","background-size":"auto","background-attachment":"scroll","background-type":"","background-media":"","overlay-type":"","overlay-color":"","overlay-opacity":"","overlay-gradient":""}},"ast-content-background-meta":{"desktop":{"background-color":"var(--ast-global-color-5)","background-image":"","background-repeat":"repeat","background-position":"center center","background-size":"auto","background-attachment":"scroll","background-type":"","background-media":"","overlay-type":"","overlay-color":"","overlay-opacity":"","overlay-gradient":""},"tablet":{"background-color":"var(--ast-global-color-5)","background-image":"","background-repeat":"repeat","background-position":"center center","background-size":"auto","background-attachment":"scroll","background-type":"","background-media":"","overlay-type":"","overlay-color":"","overlay-opacity":"","overlay-gradient":""},"mobile":{"background-color":"var(--ast-global-color-5)","background-image":"","background-repeat":"repeat","background-position":"center center","background-size":"auto","background-attachment":"scroll","background-type":"","background-media":"","overlay-type":"","overlay-color":"","overlay-opacity":"","overlay-gradient":""}}},"product_brand":[],"product_cat":[159,184,193],"product_tag":[],"class_list":{"0":"post-4493","1":"product","2":"type-product","3":"status-publish","4":"has-post-thumbnail","6":"product_cat-159","7":"product_cat-_","8":"product_cat--_","9":"pa_-helbest","10":"pa_-mehmed-uzun","11":"pa_-kurmanci","12":"pa_--ronahi-yayinlari","13":"desktop-align-left","14":"tablet-align-left","15":"mobile-align-left","17":"first","18":"outofstock","19":"shipping-taxable","20":"purchasable","21":"product-type-simple"},"yoast_head":"<!-- This site is optimized with the Yoast SEO plugin v27.4 - https:\/\/yoast.com\/product\/yoast-seo-wordpress\/ -->\n<title>Mirina Eg\u00eedek\u00ee - Mehmed Uzun - www.shanabooks.de<\/title>\n<meta name=\"description\" content=\"Mirina Eg\u00eedek\u00ee - Mehmed Uzun ew li sala 1953\u00ea li gund\u00ea Siw\u00eareka ser bi Rihay\u00ea (Urfay\u00ea) hat dinyay\u00ea. Ji ber xebata w\u00ee ya niv\u00ees\u00eena bi ziman\u00ea dayik\u00ea ...\" \/>\n<meta name=\"robots\" content=\"index, follow, max-snippet:-1, max-image-preview:large, max-video-preview:-1\" \/>\n<link rel=\"canonical\" href=\"https:\/\/shanabooks.de\/product\/mirina-egideki-mehmed-uzun\/\" \/>\n<meta property=\"og:locale\" content=\"de_DE\" \/>\n<meta property=\"og:type\" content=\"article\" \/>\n<meta property=\"og:title\" content=\"Mirina Eg\u00eedek\u00ee - Mehmed Uzun - www.shanabooks.de\" \/>\n<meta property=\"og:description\" content=\"Mirina Eg\u00eedek\u00ee - Mehmed Uzun ew li sala 1953\u00ea li gund\u00ea Siw\u00eareka ser bi Rihay\u00ea (Urfay\u00ea) hat dinyay\u00ea. Ji ber xebata w\u00ee ya niv\u00ees\u00eena bi ziman\u00ea dayik\u00ea ...\" \/>\n<meta property=\"og:url\" content=\"https:\/\/shanabooks.de\/product\/mirina-egideki-mehmed-uzun\/\" \/>\n<meta property=\"og:site_name\" content=\"www.shanabooks.de\" \/>\n<meta property=\"article:modified_time\" content=\"2025-12-30T22:12:39+00:00\" \/>\n<meta property=\"og:image\" content=\"https:\/\/shanabooks.de\/wp-content\/uploads\/2024\/01\/Mirina-Egideki-e1707070779110.png\" \/>\n\t<meta property=\"og:image:width\" content=\"165\" \/>\n\t<meta property=\"og:image:height\" content=\"250\" \/>\n\t<meta property=\"og:image:type\" content=\"image\/png\" \/>\n<meta name=\"twitter:card\" content=\"summary_large_image\" \/>\n<meta name=\"twitter:label1\" content=\"Gesch\u00e4tzte Lesezeit\" \/>\n\t<meta name=\"twitter:data1\" content=\"1\u00a0Minute\" \/>\n<script type=\"application\/ld+json\" class=\"yoast-schema-graph\">{\"@context\":\"https:\\\/\\\/schema.org\",\"@graph\":[{\"@type\":\"WebPage\",\"@id\":\"https:\\\/\\\/shanabooks.de\\\/product\\\/mirina-egideki-mehmed-uzun\\\/\",\"url\":\"https:\\\/\\\/shanabooks.de\\\/product\\\/mirina-egideki-mehmed-uzun\\\/\",\"name\":\"Mirina Eg\u00eedek\u00ee - Mehmed Uzun - www.shanabooks.de\",\"isPartOf\":{\"@id\":\"https:\\\/\\\/shanabooks.de\\\/#website\"},\"primaryImageOfPage\":{\"@id\":\"https:\\\/\\\/shanabooks.de\\\/product\\\/mirina-egideki-mehmed-uzun\\\/#primaryimage\"},\"image\":{\"@id\":\"https:\\\/\\\/shanabooks.de\\\/product\\\/mirina-egideki-mehmed-uzun\\\/#primaryimage\"},\"thumbnailUrl\":\"https:\\\/\\\/shanabooks.de\\\/wp-content\\\/uploads\\\/2024\\\/01\\\/Mirina-Egideki-e1707070779110.png\",\"datePublished\":\"2024-01-28T18:46:30+00:00\",\"dateModified\":\"2025-12-30T22:12:39+00:00\",\"description\":\"Mirina Eg\u00eedek\u00ee - Mehmed Uzun ew li sala 1953\u00ea li gund\u00ea Siw\u00eareka ser bi Rihay\u00ea (Urfay\u00ea) hat dinyay\u00ea. Ji ber xebata w\u00ee ya niv\u00ees\u00eena bi ziman\u00ea dayik\u00ea ...\",\"breadcrumb\":{\"@id\":\"https:\\\/\\\/shanabooks.de\\\/product\\\/mirina-egideki-mehmed-uzun\\\/#breadcrumb\"},\"inLanguage\":\"de\",\"potentialAction\":[{\"@type\":\"ReadAction\",\"target\":[\"https:\\\/\\\/shanabooks.de\\\/product\\\/mirina-egideki-mehmed-uzun\\\/\"]}]},{\"@type\":\"ImageObject\",\"inLanguage\":\"de\",\"@id\":\"https:\\\/\\\/shanabooks.de\\\/product\\\/mirina-egideki-mehmed-uzun\\\/#primaryimage\",\"url\":\"https:\\\/\\\/shanabooks.de\\\/wp-content\\\/uploads\\\/2024\\\/01\\\/Mirina-Egideki-e1707070779110.png\",\"contentUrl\":\"https:\\\/\\\/shanabooks.de\\\/wp-content\\\/uploads\\\/2024\\\/01\\\/Mirina-Egideki-e1707070779110.png\",\"width\":165,\"height\":250,\"caption\":\"Mirina Eg\u00eedek\u00ee - Mehmed Uzun - Pirt\u00fbk\u00ean Kurd\u00ee\"},{\"@type\":\"BreadcrumbList\",\"@id\":\"https:\\\/\\\/shanabooks.de\\\/product\\\/mirina-egideki-mehmed-uzun\\\/#breadcrumb\",\"itemListElement\":[{\"@type\":\"ListItem\",\"position\":1,\"name\":\"\u0627\u0644\u0631\u0626\u064a\u0633\u064a\u0629\",\"item\":\"https:\\\/\\\/shanabooks.de\\\/de\\\/\"},{\"@type\":\"ListItem\",\"position\":2,\"name\":\"\u0627\u0644\u0645\u0646\u062a\u062c\u0627\u062a\",\"item\":\"https:\\\/\\\/shanabooks.de\\\/shop\\\/\"},{\"@type\":\"ListItem\",\"position\":3,\"name\":\"Mirina Eg\u00eedek\u00ee\"}]},{\"@type\":\"WebSite\",\"@id\":\"https:\\\/\\\/shanabooks.de\\\/#website\",\"url\":\"https:\\\/\\\/shanabooks.de\\\/\",\"name\":\"www.shanbooks.de\",\"description\":\"C\u00eehana Pirt\u00fbk\u00ean Kurd\u00ee \u0645\u0643\u062a\u0628\u0629 \u0634\u0627\u0646\u0627 \u0641\u064a \u0627\u0644\u0645\u0627\u0646\u064a\u0627 \u0648\u0623\u0648\u0631\u0628\u0627\",\"publisher\":{\"@id\":\"https:\\\/\\\/shanabooks.de\\\/#organization\"},\"potentialAction\":[{\"@type\":\"SearchAction\",\"target\":{\"@type\":\"EntryPoint\",\"urlTemplate\":\"https:\\\/\\\/shanabooks.de\\\/?s={search_term_string}\"},\"query-input\":{\"@type\":\"PropertyValueSpecification\",\"valueRequired\":true,\"valueName\":\"search_term_string\"}}],\"inLanguage\":\"de\"},{\"@type\":\"Organization\",\"@id\":\"https:\\\/\\\/shanabooks.de\\\/#organization\",\"name\":\"www.shanbooks.de\",\"url\":\"https:\\\/\\\/shanabooks.de\\\/\",\"logo\":{\"@type\":\"ImageObject\",\"inLanguage\":\"de\",\"@id\":\"https:\\\/\\\/shanabooks.de\\\/#\\\/schema\\\/logo\\\/image\\\/\",\"url\":\"https:\\\/\\\/shanabooks.de\\\/wp-content\\\/uploads\\\/2024\\\/03\\\/SHANABOOKS__2_-removebg-preview.png\",\"contentUrl\":\"https:\\\/\\\/shanabooks.de\\\/wp-content\\\/uploads\\\/2024\\\/03\\\/SHANABOOKS__2_-removebg-preview.png\",\"width\":700,\"height\":150,\"caption\":\"www.shanbooks.de\"},\"image\":{\"@id\":\"https:\\\/\\\/shanabooks.de\\\/#\\\/schema\\\/logo\\\/image\\\/\"}}]}<\/script>\n<!-- \/ Yoast SEO plugin. -->","yoast_head_json":{"title":"Mirina Eg\u00eedek\u00ee - Mehmed Uzun - www.shanabooks.de","description":"Mirina Eg\u00eedek\u00ee - Mehmed Uzun ew li sala 1953\u00ea li gund\u00ea Siw\u00eareka ser bi Rihay\u00ea (Urfay\u00ea) hat dinyay\u00ea. Ji ber xebata w\u00ee ya niv\u00ees\u00eena bi ziman\u00ea dayik\u00ea ...","robots":{"index":"index","follow":"follow","max-snippet":"max-snippet:-1","max-image-preview":"max-image-preview:large","max-video-preview":"max-video-preview:-1"},"canonical":"https:\/\/shanabooks.de\/product\/mirina-egideki-mehmed-uzun\/","og_locale":"de_DE","og_type":"article","og_title":"Mirina Eg\u00eedek\u00ee - Mehmed Uzun - www.shanabooks.de","og_description":"Mirina Eg\u00eedek\u00ee - Mehmed Uzun ew li sala 1953\u00ea li gund\u00ea Siw\u00eareka ser bi Rihay\u00ea (Urfay\u00ea) hat dinyay\u00ea. Ji ber xebata w\u00ee ya niv\u00ees\u00eena bi ziman\u00ea dayik\u00ea ...","og_url":"https:\/\/shanabooks.de\/product\/mirina-egideki-mehmed-uzun\/","og_site_name":"www.shanabooks.de","article_modified_time":"2025-12-30T22:12:39+00:00","og_image":[{"width":165,"height":250,"url":"https:\/\/shanabooks.de\/wp-content\/uploads\/2024\/01\/Mirina-Egideki-e1707070779110.png","type":"image\/png"}],"twitter_card":"summary_large_image","twitter_misc":{"Gesch\u00e4tzte Lesezeit":"1\u00a0Minute"},"schema":{"@context":"https:\/\/schema.org","@graph":[{"@type":"WebPage","@id":"https:\/\/shanabooks.de\/product\/mirina-egideki-mehmed-uzun\/","url":"https:\/\/shanabooks.de\/product\/mirina-egideki-mehmed-uzun\/","name":"Mirina Eg\u00eedek\u00ee - Mehmed Uzun - www.shanabooks.de","isPartOf":{"@id":"https:\/\/shanabooks.de\/#website"},"primaryImageOfPage":{"@id":"https:\/\/shanabooks.de\/product\/mirina-egideki-mehmed-uzun\/#primaryimage"},"image":{"@id":"https:\/\/shanabooks.de\/product\/mirina-egideki-mehmed-uzun\/#primaryimage"},"thumbnailUrl":"https:\/\/shanabooks.de\/wp-content\/uploads\/2024\/01\/Mirina-Egideki-e1707070779110.png","datePublished":"2024-01-28T18:46:30+00:00","dateModified":"2025-12-30T22:12:39+00:00","description":"Mirina Eg\u00eedek\u00ee - Mehmed Uzun ew li sala 1953\u00ea li gund\u00ea Siw\u00eareka ser bi Rihay\u00ea (Urfay\u00ea) hat dinyay\u00ea. Ji ber xebata w\u00ee ya niv\u00ees\u00eena bi ziman\u00ea dayik\u00ea ...","breadcrumb":{"@id":"https:\/\/shanabooks.de\/product\/mirina-egideki-mehmed-uzun\/#breadcrumb"},"inLanguage":"de","potentialAction":[{"@type":"ReadAction","target":["https:\/\/shanabooks.de\/product\/mirina-egideki-mehmed-uzun\/"]}]},{"@type":"ImageObject","inLanguage":"de","@id":"https:\/\/shanabooks.de\/product\/mirina-egideki-mehmed-uzun\/#primaryimage","url":"https:\/\/shanabooks.de\/wp-content\/uploads\/2024\/01\/Mirina-Egideki-e1707070779110.png","contentUrl":"https:\/\/shanabooks.de\/wp-content\/uploads\/2024\/01\/Mirina-Egideki-e1707070779110.png","width":165,"height":250,"caption":"Mirina Eg\u00eedek\u00ee - Mehmed Uzun - Pirt\u00fbk\u00ean Kurd\u00ee"},{"@type":"BreadcrumbList","@id":"https:\/\/shanabooks.de\/product\/mirina-egideki-mehmed-uzun\/#breadcrumb","itemListElement":[{"@type":"ListItem","position":1,"name":"\u0627\u0644\u0631\u0626\u064a\u0633\u064a\u0629","item":"https:\/\/shanabooks.de\/de\/"},{"@type":"ListItem","position":2,"name":"\u0627\u0644\u0645\u0646\u062a\u062c\u0627\u062a","item":"https:\/\/shanabooks.de\/shop\/"},{"@type":"ListItem","position":3,"name":"Mirina Eg\u00eedek\u00ee"}]},{"@type":"WebSite","@id":"https:\/\/shanabooks.de\/#website","url":"https:\/\/shanabooks.de\/","name":"www.shanbooks.de","description":"C\u00eehana Pirt\u00fbk\u00ean Kurd\u00ee \u0645\u0643\u062a\u0628\u0629 \u0634\u0627\u0646\u0627 \u0641\u064a \u0627\u0644\u0645\u0627\u0646\u064a\u0627 \u0648\u0623\u0648\u0631\u0628\u0627","publisher":{"@id":"https:\/\/shanabooks.de\/#organization"},"potentialAction":[{"@type":"SearchAction","target":{"@type":"EntryPoint","urlTemplate":"https:\/\/shanabooks.de\/?s={search_term_string}"},"query-input":{"@type":"PropertyValueSpecification","valueRequired":true,"valueName":"search_term_string"}}],"inLanguage":"de"},{"@type":"Organization","@id":"https:\/\/shanabooks.de\/#organization","name":"www.shanbooks.de","url":"https:\/\/shanabooks.de\/","logo":{"@type":"ImageObject","inLanguage":"de","@id":"https:\/\/shanabooks.de\/#\/schema\/logo\/image\/","url":"https:\/\/shanabooks.de\/wp-content\/uploads\/2024\/03\/SHANABOOKS__2_-removebg-preview.png","contentUrl":"https:\/\/shanabooks.de\/wp-content\/uploads\/2024\/03\/SHANABOOKS__2_-removebg-preview.png","width":700,"height":150,"caption":"www.shanbooks.de"},"image":{"@id":"https:\/\/shanabooks.de\/#\/schema\/logo\/image\/"}}]}},"jetpack_sharing_enabled":true,"_links":{"self":[{"href":"https:\/\/shanabooks.de\/de\/wp-json\/wp\/v2\/product\/4493","targetHints":{"allow":["GET"]}}],"collection":[{"href":"https:\/\/shanabooks.de\/de\/wp-json\/wp\/v2\/product"}],"about":[{"href":"https:\/\/shanabooks.de\/de\/wp-json\/wp\/v2\/types\/product"}],"version-history":[{"count":4,"href":"https:\/\/shanabooks.de\/de\/wp-json\/wp\/v2\/product\/4493\/revisions"}],"predecessor-version":[{"id":11448,"href":"https:\/\/shanabooks.de\/de\/wp-json\/wp\/v2\/product\/4493\/revisions\/11448"}],"wp:featuredmedia":[{"embeddable":true,"href":"https:\/\/shanabooks.de\/de\/wp-json\/wp\/v2\/media\/4576"}],"wp:attachment":[{"href":"https:\/\/shanabooks.de\/de\/wp-json\/wp\/v2\/media?parent=4493"}],"wp:term":[{"taxonomy":"product_brand","embeddable":true,"href":"https:\/\/shanabooks.de\/de\/wp-json\/wp\/v2\/product_brand?post=4493"},{"taxonomy":"product_cat","embeddable":true,"href":"https:\/\/shanabooks.de\/de\/wp-json\/wp\/v2\/product_cat?post=4493"},{"taxonomy":"product_tag","embeddable":true,"href":"https:\/\/shanabooks.de\/de\/wp-json\/wp\/v2\/product_tag?post=4493"}],"curies":[{"name":"wp","href":"https:\/\/api.w.org\/{rel}","templated":true}]}}