{"id":16675,"date":"2024-02-27T20:32:54","date_gmt":"2024-02-27T20:32:54","guid":{"rendered":"https:\/\/shanabooks.de\/erzani\/"},"modified":"2024-04-20T17:54:46","modified_gmt":"2024-04-20T17:54:46","slug":"erzaniyen-kurdi","status":"publish","type":"page","link":"https:\/\/shanabooks.de\/kur\/erzaniyen-kurdi\/","title":{"rendered":"Erzan\u00eey\u00ean Kurd\u00ee"},"content":{"rendered":"\t\t<div data-elementor-type=\"wp-page\" data-elementor-id=\"16675\" class=\"elementor elementor-16675 elementor-11066\" data-elementor-post-type=\"page\">\n\t\t\t\t<div class=\"elementor-element elementor-element-d93ca7f e-con-full e-flex e-con e-parent\" data-id=\"d93ca7f\" data-element_type=\"container\" data-e-type=\"container\">\n\t\t<div class=\"elementor-element elementor-element-d4fc824 e-con-full e-flex e-con e-child\" data-id=\"d4fc824\" data-element_type=\"container\" data-e-type=\"container\" data-settings=\"{&quot;background_background&quot;:&quot;classic&quot;}\">\n\t\t\t\t<div class=\"elementor-element elementor-element-bfac476 elementor-grid-5 elementor-product-loop-item--align-center elementor-widget__width-initial elementor-grid-tablet-3 elementor-grid-mobile-2 elementor-products-grid elementor-wc-products elementor-show-pagination-border-yes elementor-widget elementor-widget-woocommerce-products\" data-id=\"bfac476\" data-element_type=\"widget\" data-e-type=\"widget\" data-widget_type=\"woocommerce-products.default\">\n\t\t\t\t<div class=\"elementor-widget-container\">\n\t\t\t\t\t<div class=\"woocommerce columns-5 \"><div class=\"woocommerce-notices-wrapper\"><\/div><form class=\"woocommerce-ordering\" method=\"get\">\n\t\t<select\n\t\tname=\"orderby\"\n\t\tclass=\"orderby\"\n\t\t\t\t\taria-label=\"Shop order\"\n\t\t\t>\n\t\t\t\t\t<option value=\"popularity\" >R\u00eazkirin: Li gor navdar\u00eey\u00ea<\/option>\n\t\t\t\t\t<option value=\"date\"  selected='selected'>R\u00eazkirin: Li gor d\u00eerok\u00ea<\/option>\n\t\t\t\t\t<option value=\"price\" >R\u00eazkirin: Li gor buhay\u00ea bilind<\/option>\n\t\t\t\t\t<option value=\"price-desc\" >R\u00eazkirin: Li gor buhay\u00ea k\u00eam<\/option>\n\t\t\t<\/select>\n\t<input type=\"hidden\" name=\"paged\" value=\"1\" \/>\n\t<\/form>\n<ul class=\"products elementor-grid columns-5\">\n<li class=\"desktop-align-left tablet-align-left mobile-align-left product type-product post-12795 status-publish first outofstock product_cat--_ has-post-thumbnail sale shipping-taxable purchasable product-type-simple\">\n\t<a href=\"https:\/\/shanabooks.de\/kur\/product\/gotinen-pesiyan-celile-celil-u-ordixane-celil\/\" class=\"woocommerce-LoopProduct-link woocommerce-loop-product__link\">\n\t<span  class=\"onsale\" data-notification=\"default\">Erzan\u00ee<\/span>\n\t<img fetchpriority=\"high\" decoding=\"async\" width=\"300\" height=\"450\" src=\"https:\/\/shanabooks.de\/wp-content\/uploads\/2024\/03\/gotinen-pesiyan-1-300x450.jpg\" class=\"attachment-woocommerce_thumbnail size-woocommerce_thumbnail\" alt=\"Gotin\u00ean P\u00ea\u015fiyan - Cel\u00eel\u00ea Cel\u00eel \u00fb Ord\u00eexan\u00ea Cel\u00eel - pirt\u00fbk\u00ean kurd\u00ee\" \/><h2 class=\"woocommerce-loop-product__title\">Gotin\u00ean P\u00ea\u015f\u00eeyan<\/h2>\n\t<span class=\"price\"><del aria-hidden=\"true\"><span class=\"woocommerce-Price-amount amount\"><bdi>19.99&nbsp;<span class=\"woocommerce-Price-currencySymbol\">&euro;<\/span><\/bdi><\/span><\/del> <span class=\"screen-reader-text\">Original price was: 19.99&nbsp;&euro;.<\/span><ins aria-hidden=\"true\"><span class=\"woocommerce-Price-amount amount\"><bdi>13.99&nbsp;<span class=\"woocommerce-Price-currencySymbol\">&euro;<\/span><\/bdi><\/span><\/ins><span class=\"screen-reader-text\">Current price is: 13.99&nbsp;&euro;.<\/span><\/span>\n<\/a><div class=\"woocommerce-loop-product__buttons\"><a href=\"https:\/\/shanabooks.de\/kur\/product\/gotinen-pesiyan-celile-celil-u-ordixane-celil\/\" aria-describedby=\"woocommerce_loop_add_to_cart_link_describedby_12795\" data-quantity=\"1\" class=\"button product_type_simple\" data-product_id=\"12795\" data-product_sku=\"\" aria-label=\"Read more about &ldquo;Gotin\u00ean P\u00ea\u015f\u00eeyan&rdquo;\" rel=\"nofollow\" data-success_message=\"\">B\u00eahtir bixw\u00eene<\/a><\/div>\t<span id=\"woocommerce_loop_add_to_cart_link_describedby_12795\" class=\"screen-reader-text\">\n\t\t\t<\/span>\n<\/li>\n<li class=\"desktop-align-left tablet-align-left mobile-align-left product type-product post-11673 status-publish outofstock product_cat-_ product_cat--_ has-post-thumbnail sale shipping-taxable purchasable product-type-simple\">\n\t<a href=\"https:\/\/shanabooks.de\/kur\/product\/bo-diroke-mesud-barzani\/\" class=\"woocommerce-LoopProduct-link woocommerce-loop-product__link\">\n\t<span  class=\"onsale\" data-notification=\"default\">Erzan\u00ee<\/span>\n\t<img decoding=\"async\" width=\"300\" height=\"450\" src=\"https:\/\/shanabooks.de\/wp-content\/uploads\/2024\/01\/Bo-Diroke-300x450.jpg\" class=\"attachment-woocommerce_thumbnail size-woocommerce_thumbnail\" alt=\"Bo D\u00eerok\u00ea - Mes\u00fbd Barzan\u00ee - pirt\u00fbk\u00ean kurd\u00ee\" \/><h2 class=\"woocommerce-loop-product__title\">Bo D\u00eerok\u00ea<\/h2>\n\t<span class=\"price\"><del aria-hidden=\"true\"><span class=\"woocommerce-Price-amount amount\"><bdi>14.99&nbsp;<span class=\"woocommerce-Price-currencySymbol\">&euro;<\/span><\/bdi><\/span><\/del> <span class=\"screen-reader-text\">Original price was: 14.99&nbsp;&euro;.<\/span><ins aria-hidden=\"true\"><span class=\"woocommerce-Price-amount amount\"><bdi>12.99&nbsp;<span class=\"woocommerce-Price-currencySymbol\">&euro;<\/span><\/bdi><\/span><\/ins><span class=\"screen-reader-text\">Current price is: 12.99&nbsp;&euro;.<\/span><\/span>\n<\/a><div class=\"woocommerce-loop-product__buttons\"><a href=\"https:\/\/shanabooks.de\/kur\/product\/bo-diroke-mesud-barzani\/\" aria-describedby=\"woocommerce_loop_add_to_cart_link_describedby_11673\" data-quantity=\"1\" class=\"button product_type_simple\" data-product_id=\"11673\" data-product_sku=\"\" aria-label=\"Read more about &ldquo;Bo D\u00eerok\u00ea&rdquo;\" rel=\"nofollow\" data-success_message=\"\">B\u00eahtir bixw\u00eene<\/a><\/div>\t<span id=\"woocommerce_loop_add_to_cart_link_describedby_11673\" class=\"screen-reader-text\">\n\t\t\t<\/span>\n<\/li>\n<li class=\"desktop-align-left tablet-align-left mobile-align-left product type-product post-11597 status-publish instock product_cat--_ has-post-thumbnail sale shipping-taxable purchasable product-type-simple\">\n\t<a href=\"https:\/\/shanabooks.de\/kur\/product\/ferbun-prof-dr-ilhan-kizilhan\/\" class=\"woocommerce-LoopProduct-link woocommerce-loop-product__link\">\n\t<span  class=\"onsale\" data-notification=\"default\">Erzan\u00ee<\/span>\n\t<img decoding=\"async\" width=\"300\" height=\"450\" src=\"https:\/\/shanabooks.de\/wp-content\/uploads\/2024\/03\/Ferbun-300x450.png\" class=\"attachment-woocommerce_thumbnail size-woocommerce_thumbnail\" alt=\"F\u00earb\u00fbn - Prof.Dr.\u0130lhan K\u0131z\u0131lhan - pirt\u00fbk\u00ean kurd\u00ee\" \/><h2 class=\"woocommerce-loop-product__title\">F\u00earb\u00fbn &#8211; Pirt\u00fbkek ji bo zarok \u00fb ciwanan<\/h2>\n\t<span class=\"price\"><del aria-hidden=\"true\"><span class=\"woocommerce-Price-amount amount\"><bdi>11.99&nbsp;<span class=\"woocommerce-Price-currencySymbol\">&euro;<\/span><\/bdi><\/span><\/del> <span class=\"screen-reader-text\">Original price was: 11.99&nbsp;&euro;.<\/span><ins aria-hidden=\"true\"><span class=\"woocommerce-Price-amount amount\"><bdi>9.99&nbsp;<span class=\"woocommerce-Price-currencySymbol\">&euro;<\/span><\/bdi><\/span><\/ins><span class=\"screen-reader-text\">Current price is: 9.99&nbsp;&euro;.<\/span><\/span>\n<\/a><div class=\"woocommerce-loop-product__buttons\"><a href=\"\/kur\/wp-json\/wp\/v2\/pages\/16675?add-to-cart=11597\" aria-describedby=\"woocommerce_loop_add_to_cart_link_describedby_11597\" data-quantity=\"1\" class=\"button product_type_simple add_to_cart_button ajax_add_to_cart\" data-product_id=\"11597\" data-product_sku=\"\" aria-label=\"T\u00eaxe T\u00fbrik\u00ee: \u201cF\u00earb\u00fbn - Pirt\u00fbkek ji bo zarok \u00fb ciwanan\u201d\" rel=\"nofollow\" data-success_message=\"&ldquo;F\u00earb\u00fbn - Pirt\u00fbkek ji bo zarok \u00fb ciwanan&rdquo; has been added to your cart\" role=\"button\">T\u00eaxe T\u00fbrik\u00ee<\/a><\/div>\t<span id=\"woocommerce_loop_add_to_cart_link_describedby_11597\" class=\"screen-reader-text\">\n\t\t\t<\/span>\n<\/li>\n<\/ul>\n<\/div>\t\t\t\t<\/div>\n\t\t\t\t<\/div>\n\t\t\t\t<\/div>\n\t\t<div class=\"elementor-element elementor-element-723fc83 e-con-full e-flex e-con e-child\" data-id=\"723fc83\" data-element_type=\"container\" data-e-type=\"container\" data-settings=\"{&quot;background_background&quot;:&quot;classic&quot;}\">\n\t\t\t\t<div class=\"elementor-element elementor-element-aff92cc elementor-widget__width-inherit elementor-widget elementor-widget-wp-widget-woocommerce_product_categories\" data-id=\"aff92cc\" data-element_type=\"widget\" data-e-type=\"widget\" data-widget_type=\"wp-widget-woocommerce_product_categories.default\">\n\t\t\t\t<div class=\"elementor-widget-container\">\n\t\t\t\t\t<div class=\"woocommerce widget_product_categories\"><h5>Kategor\u00ee<\/h5><ul class=\"product-categories\"><li class=\"cat-item cat-item-492 cat-parent\"><a href=\"https:\/\/shanabooks.de\/kur\/product-category\/kategoriyen-erebi\/\">Kategor\u00eey\u00ean Ereb\u00ee<\/a><\/li>\n<li class=\"cat-item cat-item-543 cat-parent\"><a href=\"https:\/\/shanabooks.de\/kur\/product-category\/kategoriyen-kurdi\/\">Kategor\u00eey\u00ean Kurd\u00ee<\/a><\/li>\n<li class=\"cat-item cat-item-487\"><a href=\"https:\/\/shanabooks.de\/kur\/product-category\/uncategorized-kur\/\">Uncategorized<\/a><\/li>\n<\/ul><\/div>\t\t\t\t<\/div>\n\t\t\t\t<\/div>\n\t\t\t\t<\/div>\n\t\t\t\t<\/div>\n\t\t\t\t<\/div>\n\t\t","protected":false},"excerpt":{"rendered":"","protected":false},"author":1,"featured_media":0,"parent":0,"menu_order":0,"comment_status":"closed","ping_status":"closed","template":"","meta":{"site-sidebar-layout":"no-sidebar","site-content-layout":"page-builder","ast-site-content-layout":"full-width-container","site-content-style":"default","site-sidebar-style":"default","ast-global-header-display":"","ast-banner-title-visibility":"","ast-main-header-display":"","ast-hfb-above-header-display":"","ast-hfb-below-header-display":"","ast-hfb-mobile-header-display":"","site-post-title":"disabled","ast-breadcrumbs-content":"","ast-featured-img":"disabled","footer-sml-layout":"","ast-disable-related-posts":"","theme-transparent-header-meta":"","adv-header-id-meta":"","stick-header-meta":"","header-above-stick-meta":"","header-main-stick-meta":"","header-below-stick-meta":"","astra-migrate-meta-layouts":"default","ast-page-background-enabled":"default","ast-page-background-meta":{"desktop":{"background-color":"","background-image":"","background-repeat":"repeat","background-position":"center center","background-size":"auto","background-attachment":"scroll","background-type":"","background-media":"","overlay-type":"","overlay-color":"","overlay-opacity":"","overlay-gradient":""},"tablet":{"background-color":"","background-image":"","background-repeat":"repeat","background-position":"center center","background-size":"auto","background-attachment":"scroll","background-type":"","background-media":"","overlay-type":"","overlay-color":"","overlay-opacity":"","overlay-gradient":""},"mobile":{"background-color":"","background-image":"","background-repeat":"repeat","background-position":"center center","background-size":"auto","background-attachment":"scroll","background-type":"","background-media":"","overlay-type":"","overlay-color":"","overlay-opacity":"","overlay-gradient":""}},"ast-content-background-meta":{"desktop":{"background-color":"var(--ast-global-color-5)","background-image":"","background-repeat":"repeat","background-position":"center center","background-size":"auto","background-attachment":"scroll","background-type":"","background-media":"","overlay-type":"","overlay-color":"","overlay-opacity":"","overlay-gradient":""},"tablet":{"background-color":"var(--ast-global-color-5)","background-image":"","background-repeat":"repeat","background-position":"center center","background-size":"auto","background-attachment":"scroll","background-type":"","background-media":"","overlay-type":"","overlay-color":"","overlay-opacity":"","overlay-gradient":""},"mobile":{"background-color":"var(--ast-global-color-5)","background-image":"","background-repeat":"repeat","background-position":"center center","background-size":"auto","background-attachment":"scroll","background-type":"","background-media":"","overlay-type":"","overlay-color":"","overlay-opacity":"","overlay-gradient":""}},"footnotes":""},"class_list":["post-16675","page","type-page","status-publish","hentry"],"yoast_head":"<!-- This site is optimized with the Yoast SEO plugin v27.5 - https:\/\/yoast.com\/product\/yoast-seo-wordpress\/ -->\n<title>Erzan\u00eey\u00ean Kurd\u00ee - www.shanabooks.de<\/title>\n<meta name=\"description\" content=\"Erzan\u00ee www.shanabooks.de\" \/>\n<meta name=\"robots\" content=\"index, follow, max-snippet:-1, max-image-preview:large, max-video-preview:-1\" \/>\n<link rel=\"canonical\" href=\"https:\/\/shanabooks.de\/kur\/erzaniyen-kurdi\/\" \/>\n<meta property=\"og:locale\" content=\"en_US\" \/>\n<meta property=\"og:type\" content=\"article\" \/>\n<meta property=\"og:title\" content=\"Erzan\u00eey\u00ean Kurd\u00ee - www.shanabooks.de\" \/>\n<meta property=\"og:description\" content=\"Erzan\u00ee www.shanabooks.de\" \/>\n<meta property=\"og:url\" content=\"https:\/\/shanabooks.de\/kur\/erzaniyen-kurdi\/\" \/>\n<meta property=\"og:site_name\" content=\"www.shanabooks.de\" \/>\n<meta property=\"article:modified_time\" content=\"2024-04-20T17:54:46+00:00\" \/>\n<meta name=\"twitter:card\" content=\"summary_large_image\" \/>\n<meta name=\"twitter:label1\" content=\"Est. reading time\" \/>\n\t<meta name=\"twitter:data1\" content=\"1 minute\" \/>\n<script type=\"application\/ld+json\" class=\"yoast-schema-graph\">{\"@context\":\"https:\\\/\\\/schema.org\",\"@graph\":[{\"@type\":\"WebPage\",\"@id\":\"https:\\\/\\\/shanabooks.de\\\/kur\\\/erzaniyen-kurdi\\\/\",\"url\":\"https:\\\/\\\/shanabooks.de\\\/kur\\\/erzaniyen-kurdi\\\/\",\"name\":\"Erzan\u00eey\u00ean Kurd\u00ee - www.shanabooks.de\",\"isPartOf\":{\"@id\":\"https:\\\/\\\/shanabooks.de\\\/#website\"},\"datePublished\":\"2024-02-27T20:32:54+00:00\",\"dateModified\":\"2024-04-20T17:54:46+00:00\",\"description\":\"Erzan\u00ee www.shanabooks.de\",\"breadcrumb\":{\"@id\":\"https:\\\/\\\/shanabooks.de\\\/kur\\\/erzaniyen-kurdi\\\/#breadcrumb\"},\"inLanguage\":\"kur\",\"potentialAction\":[{\"@type\":\"ReadAction\",\"target\":[\"https:\\\/\\\/shanabooks.de\\\/kur\\\/erzaniyen-kurdi\\\/\"]}]},{\"@type\":\"BreadcrumbList\",\"@id\":\"https:\\\/\\\/shanabooks.de\\\/kur\\\/erzaniyen-kurdi\\\/#breadcrumb\",\"itemListElement\":[{\"@type\":\"ListItem\",\"position\":1,\"name\":\"\u0627\u0644\u0631\u0626\u064a\u0633\u064a\u0629\",\"item\":\"https:\\\/\\\/shanabooks.de\\\/kur\\\/\"},{\"@type\":\"ListItem\",\"position\":2,\"name\":\"Erzan\u00eey\u00ean Kurd\u00ee\"}]},{\"@type\":\"WebSite\",\"@id\":\"https:\\\/\\\/shanabooks.de\\\/#website\",\"url\":\"https:\\\/\\\/shanabooks.de\\\/\",\"name\":\"www.shanbooks.de\",\"description\":\"C\u00eehana Pirt\u00fbk\u00ean Kurd\u00ee \u0645\u0643\u062a\u0628\u0629 \u0634\u0627\u0646\u0627 \u0641\u064a \u0627\u0644\u0645\u0627\u0646\u064a\u0627 \u0648\u0623\u0648\u0631\u0628\u0627\",\"publisher\":{\"@id\":\"https:\\\/\\\/shanabooks.de\\\/#organization\"},\"potentialAction\":[{\"@type\":\"SearchAction\",\"target\":{\"@type\":\"EntryPoint\",\"urlTemplate\":\"https:\\\/\\\/shanabooks.de\\\/?s={search_term_string}\"},\"query-input\":{\"@type\":\"PropertyValueSpecification\",\"valueRequired\":true,\"valueName\":\"search_term_string\"}}],\"inLanguage\":\"kur\"},{\"@type\":\"Organization\",\"@id\":\"https:\\\/\\\/shanabooks.de\\\/#organization\",\"name\":\"www.shanbooks.de\",\"url\":\"https:\\\/\\\/shanabooks.de\\\/\",\"logo\":{\"@type\":\"ImageObject\",\"inLanguage\":\"kur\",\"@id\":\"https:\\\/\\\/shanabooks.de\\\/#\\\/schema\\\/logo\\\/image\\\/\",\"url\":\"https:\\\/\\\/shanabooks.de\\\/wp-content\\\/uploads\\\/2024\\\/03\\\/SHANABOOKS__2_-removebg-preview.png\",\"contentUrl\":\"https:\\\/\\\/shanabooks.de\\\/wp-content\\\/uploads\\\/2024\\\/03\\\/SHANABOOKS__2_-removebg-preview.png\",\"width\":700,\"height\":150,\"caption\":\"www.shanbooks.de\"},\"image\":{\"@id\":\"https:\\\/\\\/shanabooks.de\\\/#\\\/schema\\\/logo\\\/image\\\/\"}}]}<\/script>\n<!-- \/ Yoast SEO plugin. -->","yoast_head_json":{"title":"Erzan\u00eey\u00ean Kurd\u00ee - www.shanabooks.de","description":"Erzan\u00ee www.shanabooks.de","robots":{"index":"index","follow":"follow","max-snippet":"max-snippet:-1","max-image-preview":"max-image-preview:large","max-video-preview":"max-video-preview:-1"},"canonical":"https:\/\/shanabooks.de\/kur\/erzaniyen-kurdi\/","og_locale":"en_US","og_type":"article","og_title":"Erzan\u00eey\u00ean Kurd\u00ee - www.shanabooks.de","og_description":"Erzan\u00ee www.shanabooks.de","og_url":"https:\/\/shanabooks.de\/kur\/erzaniyen-kurdi\/","og_site_name":"www.shanabooks.de","article_modified_time":"2024-04-20T17:54:46+00:00","twitter_card":"summary_large_image","twitter_misc":{"Est. reading time":"1 minute"},"schema":{"@context":"https:\/\/schema.org","@graph":[{"@type":"WebPage","@id":"https:\/\/shanabooks.de\/kur\/erzaniyen-kurdi\/","url":"https:\/\/shanabooks.de\/kur\/erzaniyen-kurdi\/","name":"Erzan\u00eey\u00ean Kurd\u00ee - www.shanabooks.de","isPartOf":{"@id":"https:\/\/shanabooks.de\/#website"},"datePublished":"2024-02-27T20:32:54+00:00","dateModified":"2024-04-20T17:54:46+00:00","description":"Erzan\u00ee www.shanabooks.de","breadcrumb":{"@id":"https:\/\/shanabooks.de\/kur\/erzaniyen-kurdi\/#breadcrumb"},"inLanguage":"kur","potentialAction":[{"@type":"ReadAction","target":["https:\/\/shanabooks.de\/kur\/erzaniyen-kurdi\/"]}]},{"@type":"BreadcrumbList","@id":"https:\/\/shanabooks.de\/kur\/erzaniyen-kurdi\/#breadcrumb","itemListElement":[{"@type":"ListItem","position":1,"name":"\u0627\u0644\u0631\u0626\u064a\u0633\u064a\u0629","item":"https:\/\/shanabooks.de\/kur\/"},{"@type":"ListItem","position":2,"name":"Erzan\u00eey\u00ean Kurd\u00ee"}]},{"@type":"WebSite","@id":"https:\/\/shanabooks.de\/#website","url":"https:\/\/shanabooks.de\/","name":"www.shanbooks.de","description":"C\u00eehana Pirt\u00fbk\u00ean Kurd\u00ee \u0645\u0643\u062a\u0628\u0629 \u0634\u0627\u0646\u0627 \u0641\u064a \u0627\u0644\u0645\u0627\u0646\u064a\u0627 \u0648\u0623\u0648\u0631\u0628\u0627","publisher":{"@id":"https:\/\/shanabooks.de\/#organization"},"potentialAction":[{"@type":"SearchAction","target":{"@type":"EntryPoint","urlTemplate":"https:\/\/shanabooks.de\/?s={search_term_string}"},"query-input":{"@type":"PropertyValueSpecification","valueRequired":true,"valueName":"search_term_string"}}],"inLanguage":"kur"},{"@type":"Organization","@id":"https:\/\/shanabooks.de\/#organization","name":"www.shanbooks.de","url":"https:\/\/shanabooks.de\/","logo":{"@type":"ImageObject","inLanguage":"kur","@id":"https:\/\/shanabooks.de\/#\/schema\/logo\/image\/","url":"https:\/\/shanabooks.de\/wp-content\/uploads\/2024\/03\/SHANABOOKS__2_-removebg-preview.png","contentUrl":"https:\/\/shanabooks.de\/wp-content\/uploads\/2024\/03\/SHANABOOKS__2_-removebg-preview.png","width":700,"height":150,"caption":"www.shanbooks.de"},"image":{"@id":"https:\/\/shanabooks.de\/#\/schema\/logo\/image\/"}}]}},"jetpack_sharing_enabled":true,"_links":{"self":[{"href":"https:\/\/shanabooks.de\/kur\/wp-json\/wp\/v2\/pages\/16675","targetHints":{"allow":["GET"]}}],"collection":[{"href":"https:\/\/shanabooks.de\/kur\/wp-json\/wp\/v2\/pages"}],"about":[{"href":"https:\/\/shanabooks.de\/kur\/wp-json\/wp\/v2\/types\/page"}],"author":[{"embeddable":true,"href":"https:\/\/shanabooks.de\/kur\/wp-json\/wp\/v2\/users\/1"}],"replies":[{"embeddable":true,"href":"https:\/\/shanabooks.de\/kur\/wp-json\/wp\/v2\/comments?post=16675"}],"version-history":[{"count":46,"href":"https:\/\/shanabooks.de\/kur\/wp-json\/wp\/v2\/pages\/16675\/revisions"}],"predecessor-version":[{"id":24512,"href":"https:\/\/shanabooks.de\/kur\/wp-json\/wp\/v2\/pages\/16675\/revisions\/24512"}],"wp:attachment":[{"href":"https:\/\/shanabooks.de\/kur\/wp-json\/wp\/v2\/media?parent=16675"}],"curies":[{"name":"wp","href":"https:\/\/api.w.org\/{rel}","templated":true}]}}