{"id":16726,"date":"2017-12-17T10:06:43","date_gmt":"2017-12-17T10:06:43","guid":{"rendered":"https:\/\/shanabooks.de\/%d9%85%d9%86-%d9%86%d8%ad%d9%86\/"},"modified":"2024-04-01T10:04:16","modified_gmt":"2024-04-01T10:04:16","slug":"em-ki-ne","status":"publish","type":"page","link":"https:\/\/shanabooks.de\/kur\/em-ki-ne\/","title":{"rendered":"Em k\u00ee ne?"},"content":{"rendered":"\t\t<div data-elementor-type=\"wp-post\" data-elementor-id=\"16726\" class=\"elementor elementor-16726 elementor-43\" data-elementor-post-type=\"page\">\n\t\t\t\t<div class=\"elementor-element elementor-element-f1496b2 e-con-full e-flex e-con e-parent\" data-id=\"f1496b2\" data-element_type=\"container\" data-e-type=\"container\" data-settings=\"{&quot;background_background&quot;:&quot;classic&quot;}\">\n\t\t\t\t<div class=\"elementor-element elementor-element-4b104a5 elementor-widget elementor-widget-heading\" data-id=\"4b104a5\" data-element_type=\"widget\" data-e-type=\"widget\" data-widget_type=\"heading.default\">\n\t\t\t\t<div class=\"elementor-widget-container\">\n\t\t\t\t\t<h3 class=\"elementor-heading-title elementor-size-default\">Em k\u00ee ne?<\/h3>\t\t\t\t<\/div>\n\t\t\t\t<\/div>\n\t\t\t\t<\/div>\n\t\t<div class=\"elementor-element elementor-element-a10a4a3 e-flex e-con-boxed e-con e-parent\" data-id=\"a10a4a3\" data-element_type=\"container\" data-e-type=\"container\" data-settings=\"{&quot;background_background&quot;:&quot;classic&quot;}\">\n\t\t\t\t\t<div class=\"e-con-inner\">\n\t\t<div class=\"elementor-element elementor-element-b0b2c7e e-con-full e-flex e-con e-child\" data-id=\"b0b2c7e\" data-element_type=\"container\" data-e-type=\"container\">\n\t\t\t\t<div class=\"elementor-element elementor-element-da3161d elementor-widget__width-initial elementor-widget elementor-widget-text-editor\" data-id=\"da3161d\" data-element_type=\"widget\" data-e-type=\"widget\" data-widget_type=\"text-editor.default\">\n\t\t\t\t<div class=\"elementor-widget-container\">\n\t\t\t\t\t\t\t\t\t<p>Pirt\u00fbkxaneya Shana yekem\u00een pirt\u00fbkxaneya Kurd\u00ee-Ereb\u00ee ye ku li Ewr\u00fbpay\u00ea bi awawek\u00ee ferm\u00ee kar dike.<br><span style=\"font-style: inherit; font-weight: inherit; color: var( --e-global-color-astglobalcolor5 );\">Ji bo meseleya k\u00eamb\u00fbn \u00fb zehmetki\u015fandina peydekirina pirt\u00fbk\u00ean bikurd\u00ee li dervey\u00ea wel\u00eat, me d\u00eet ku avakirina pirt\u00fbkxaneyeke kurd\u00ee p\u00eaw\u00eestiyeke civak\u00ee \u00fb \u00e7and\u00ee ye.<\/span><\/p>\n<p>Em ji bil\u00ee ku bidestxstina pirt\u00fbkan li cem xw\u00eener\u00ean kurd\u00ee h\u00easan dikin, em hewl didin ku bi r\u00eaya p\u00ea\u015fangeh\u00ean pirt\u00fbkan \u00fb hem\u00ee \u00e7alak\u00eey\u00ean w\u00eajey\u00ee jimara xw\u00eeneran, nexasim y\u00ean n\u00fbhat\u00ee mezintir bikin.<\/p>\n<p>Zarok p\u00ea\u015feroj \u00fb parestina ziman\u00ea kurd\u00ee de ne, lewma \u015eana taybetmedyeke giranbuha did\u00ea v\u00ea yek\u00ea. Li cem \u015eanay\u00ea pirt\u00fbk\u00ean curbicur ji bo zarokan peyda dibin \u00fb her wiha \u015eana kurs\u00ean f\u00earb\u00fbna kurd\u00ee j\u00ee p\u00ea\u015fk\u00ea\u015f\u00ee wan dike.<\/p>\n<p>Em bi r\u00eaya pirt\u00fbkxaneya xwe hewil didin ku em niv\u00eeskar \u00fb xw\u00eener\u00ean w\u00ee n\u00eaz\u00ee hev bikin, ji ber v\u00ea yek\u00ea em dib\u00eenin ku em wek pirrek\u00ea di navbera niv\u00eeskar \u00fb xw\u00eeneran de kar dikin.<\/p>\n<p><span style=\"font-style: inherit; font-weight: inherit; color: var( --e-global-color-astglobalcolor5 );\">Em pirt\u00fbkan di\u015f\u00eenin hem\u00ee welat\u00ean c\u00eehan\u00ea.<br>Navenda xizmet\u00ea ya pirt\u00fbkxaneya Shana 24 saatan di 7 roj\u00ean heftiy\u00ea de ji bo we amade ye, h\u00fbn dikarin al\u00eekariy\u00ea bi \u00e7ar zimanan bixwazin Kurd\u00ee, ereb\u00ee, Ingl\u00eez\u00ee \u00fb herwiha Elman\u00ee j\u00ee.<\/span><\/p>\t\t\t\t\t\t\t\t<\/div>\n\t\t\t\t<\/div>\n\t\t\t\t<\/div>\n\t\t\t\t\t<\/div>\n\t\t\t\t<\/div>\n\t\t<div class=\"elementor-element elementor-element-92c86fc e-flex e-con-boxed e-con e-parent\" data-id=\"92c86fc\" data-element_type=\"container\" data-e-type=\"container\">\n\t\t\t\t\t<div class=\"e-con-inner\">\n\t\t\t\t<div class=\"elementor-element elementor-element-59bc319 elementor-widget elementor-widget-spacer\" data-id=\"59bc319\" data-element_type=\"widget\" data-e-type=\"widget\" data-widget_type=\"spacer.default\">\n\t\t\t\t<div class=\"elementor-widget-container\">\n\t\t\t\t\t\t\t<div class=\"elementor-spacer\">\n\t\t\t<div class=\"elementor-spacer-inner\"><\/div>\n\t\t<\/div>\n\t\t\t\t\t\t<\/div>\n\t\t\t\t<\/div>\n\t\t\t\t\t<\/div>\n\t\t\t\t<\/div>\n\t\t\t\t<\/div>\n\t\t","protected":false},"excerpt":{"rendered":"<p>Em k\u00ee ne? Pirt\u00fbkxaneya Shana yekem\u00een pirt\u00fbkxaneya Kurd\u00ee-Ereb\u00ee ye ku li Ewr\u00fbpay\u00ea bi awawek\u00ee ferm\u00ee kar dike.Ji bo meseleya k\u00eamb\u00fbn \u00fb zehmetki\u015fandina peydekirina pirt\u00fbk\u00ean bikurd\u00ee li dervey\u00ea wel\u00eat, me d\u00eet ku avakirina pirt\u00fbkxaneyeke kurd\u00ee p\u00eaw\u00eestiyeke civak\u00ee \u00fb \u00e7and\u00ee ye. Em ji bil\u00ee ku bidestxstina pirt\u00fbkan li cem xw\u00eener\u00ean kurd\u00ee h\u00easan dikin, em hewl didin ku [&hellip;]<\/p>\n","protected":false},"author":1,"featured_media":0,"parent":0,"menu_order":0,"comment_status":"closed","ping_status":"closed","template":"","meta":{"site-sidebar-layout":"no-sidebar","site-content-layout":"page-builder","ast-site-content-layout":"full-width-container","site-content-style":"unboxed","site-sidebar-style":"unboxed","ast-global-header-display":"","ast-banner-title-visibility":"","ast-main-header-display":"","ast-hfb-above-header-display":"","ast-hfb-below-header-display":"","ast-hfb-mobile-header-display":"","site-post-title":"disabled","ast-breadcrumbs-content":"","ast-featured-img":"disabled","footer-sml-layout":"","ast-disable-related-posts":"","theme-transparent-header-meta":"disabled","adv-header-id-meta":"","stick-header-meta":"","header-above-stick-meta":"","header-main-stick-meta":"","header-below-stick-meta":"","astra-migrate-meta-layouts":"default","ast-page-background-enabled":"default","ast-page-background-meta":{"desktop":{"background-color":"","background-image":"","background-repeat":"repeat","background-position":"center center","background-size":"auto","background-attachment":"scroll","background-type":"","background-media":"","overlay-type":"","overlay-color":"","overlay-opacity":"","overlay-gradient":""},"tablet":{"background-color":"","background-image":"","background-repeat":"repeat","background-position":"center center","background-size":"auto","background-attachment":"scroll","background-type":"","background-media":"","overlay-type":"","overlay-color":"","overlay-opacity":"","overlay-gradient":""},"mobile":{"background-color":"","background-image":"","background-repeat":"repeat","background-position":"center center","background-size":"auto","background-attachment":"scroll","background-type":"","background-media":"","overlay-type":"","overlay-color":"","overlay-opacity":"","overlay-gradient":""}},"ast-content-background-meta":{"desktop":{"background-color":"var(--ast-global-color-5)","background-image":"","background-repeat":"repeat","background-position":"center center","background-size":"auto","background-attachment":"scroll","background-type":"","background-media":"","overlay-type":"","overlay-color":"","overlay-opacity":"","overlay-gradient":""},"tablet":{"background-color":"var(--ast-global-color-5)","background-image":"","background-repeat":"repeat","background-position":"center center","background-size":"auto","background-attachment":"scroll","background-type":"","background-media":"","overlay-type":"","overlay-color":"","overlay-opacity":"","overlay-gradient":""},"mobile":{"background-color":"var(--ast-global-color-5)","background-image":"","background-repeat":"repeat","background-position":"center center","background-size":"auto","background-attachment":"scroll","background-type":"","background-media":"","overlay-type":"","overlay-color":"","overlay-opacity":"","overlay-gradient":""}},"footnotes":""},"class_list":["post-16726","page","type-page","status-publish","hentry"],"yoast_head":"<!-- This site is optimized with the Yoast SEO plugin v27.5 - https:\/\/yoast.com\/product\/yoast-seo-wordpress\/ -->\n<title>Em k\u00ee ne? - www.shanabooks.de<\/title>\n<meta name=\"robots\" content=\"index, follow, max-snippet:-1, max-image-preview:large, max-video-preview:-1\" \/>\n<link rel=\"canonical\" href=\"https:\/\/shanabooks.de\/kur\/em-ki-ne\/\" \/>\n<meta property=\"og:locale\" content=\"en_US\" \/>\n<meta property=\"og:type\" content=\"article\" \/>\n<meta property=\"og:title\" content=\"Em k\u00ee ne? - www.shanabooks.de\" \/>\n<meta property=\"og:description\" content=\"Em k\u00ee ne? Pirt\u00fbkxaneya Shana yekem\u00een pirt\u00fbkxaneya Kurd\u00ee-Ereb\u00ee ye ku li Ewr\u00fbpay\u00ea bi awawek\u00ee ferm\u00ee kar dike.Ji bo meseleya k\u00eamb\u00fbn \u00fb zehmetki\u015fandina peydekirina pirt\u00fbk\u00ean bikurd\u00ee li dervey\u00ea wel\u00eat, me d\u00eet ku avakirina pirt\u00fbkxaneyeke kurd\u00ee p\u00eaw\u00eestiyeke civak\u00ee \u00fb \u00e7and\u00ee ye. Em ji bil\u00ee ku bidestxstina pirt\u00fbkan li cem xw\u00eener\u00ean kurd\u00ee h\u00easan dikin, em hewl didin ku [&hellip;]\" \/>\n<meta property=\"og:url\" content=\"https:\/\/shanabooks.de\/kur\/em-ki-ne\/\" \/>\n<meta property=\"og:site_name\" content=\"www.shanabooks.de\" \/>\n<meta property=\"article:modified_time\" content=\"2024-04-01T10:04:16+00:00\" \/>\n<meta name=\"twitter:card\" content=\"summary_large_image\" \/>\n<meta name=\"twitter:label1\" content=\"Est. reading time\" \/>\n\t<meta name=\"twitter:data1\" content=\"1 minute\" \/>\n<script type=\"application\/ld+json\" class=\"yoast-schema-graph\">{\"@context\":\"https:\\\/\\\/schema.org\",\"@graph\":[{\"@type\":\"WebPage\",\"@id\":\"https:\\\/\\\/shanabooks.de\\\/kur\\\/em-ki-ne\\\/\",\"url\":\"https:\\\/\\\/shanabooks.de\\\/kur\\\/em-ki-ne\\\/\",\"name\":\"Em k\u00ee ne? - www.shanabooks.de\",\"isPartOf\":{\"@id\":\"https:\\\/\\\/shanabooks.de\\\/#website\"},\"datePublished\":\"2017-12-17T10:06:43+00:00\",\"dateModified\":\"2024-04-01T10:04:16+00:00\",\"breadcrumb\":{\"@id\":\"https:\\\/\\\/shanabooks.de\\\/kur\\\/em-ki-ne\\\/#breadcrumb\"},\"inLanguage\":\"kur\",\"potentialAction\":[{\"@type\":\"ReadAction\",\"target\":[\"https:\\\/\\\/shanabooks.de\\\/kur\\\/em-ki-ne\\\/\"]}]},{\"@type\":\"BreadcrumbList\",\"@id\":\"https:\\\/\\\/shanabooks.de\\\/kur\\\/em-ki-ne\\\/#breadcrumb\",\"itemListElement\":[{\"@type\":\"ListItem\",\"position\":1,\"name\":\"\u0627\u0644\u0631\u0626\u064a\u0633\u064a\u0629\",\"item\":\"https:\\\/\\\/shanabooks.de\\\/kur\\\/\"},{\"@type\":\"ListItem\",\"position\":2,\"name\":\"Em k\u00ee ne?\"}]},{\"@type\":\"WebSite\",\"@id\":\"https:\\\/\\\/shanabooks.de\\\/#website\",\"url\":\"https:\\\/\\\/shanabooks.de\\\/\",\"name\":\"www.shanbooks.de\",\"description\":\"C\u00eehana Pirt\u00fbk\u00ean Kurd\u00ee \u0645\u0643\u062a\u0628\u0629 \u0634\u0627\u0646\u0627 \u0641\u064a \u0627\u0644\u0645\u0627\u0646\u064a\u0627 \u0648\u0623\u0648\u0631\u0628\u0627\",\"publisher\":{\"@id\":\"https:\\\/\\\/shanabooks.de\\\/#organization\"},\"potentialAction\":[{\"@type\":\"SearchAction\",\"target\":{\"@type\":\"EntryPoint\",\"urlTemplate\":\"https:\\\/\\\/shanabooks.de\\\/?s={search_term_string}\"},\"query-input\":{\"@type\":\"PropertyValueSpecification\",\"valueRequired\":true,\"valueName\":\"search_term_string\"}}],\"inLanguage\":\"kur\"},{\"@type\":\"Organization\",\"@id\":\"https:\\\/\\\/shanabooks.de\\\/#organization\",\"name\":\"www.shanbooks.de\",\"url\":\"https:\\\/\\\/shanabooks.de\\\/\",\"logo\":{\"@type\":\"ImageObject\",\"inLanguage\":\"kur\",\"@id\":\"https:\\\/\\\/shanabooks.de\\\/#\\\/schema\\\/logo\\\/image\\\/\",\"url\":\"https:\\\/\\\/shanabooks.de\\\/wp-content\\\/uploads\\\/2024\\\/03\\\/SHANABOOKS__2_-removebg-preview.png\",\"contentUrl\":\"https:\\\/\\\/shanabooks.de\\\/wp-content\\\/uploads\\\/2024\\\/03\\\/SHANABOOKS__2_-removebg-preview.png\",\"width\":700,\"height\":150,\"caption\":\"www.shanbooks.de\"},\"image\":{\"@id\":\"https:\\\/\\\/shanabooks.de\\\/#\\\/schema\\\/logo\\\/image\\\/\"}}]}<\/script>\n<!-- \/ Yoast SEO plugin. -->","yoast_head_json":{"title":"Em k\u00ee ne? - www.shanabooks.de","robots":{"index":"index","follow":"follow","max-snippet":"max-snippet:-1","max-image-preview":"max-image-preview:large","max-video-preview":"max-video-preview:-1"},"canonical":"https:\/\/shanabooks.de\/kur\/em-ki-ne\/","og_locale":"en_US","og_type":"article","og_title":"Em k\u00ee ne? - www.shanabooks.de","og_description":"Em k\u00ee ne? Pirt\u00fbkxaneya Shana yekem\u00een pirt\u00fbkxaneya Kurd\u00ee-Ereb\u00ee ye ku li Ewr\u00fbpay\u00ea bi awawek\u00ee ferm\u00ee kar dike.Ji bo meseleya k\u00eamb\u00fbn \u00fb zehmetki\u015fandina peydekirina pirt\u00fbk\u00ean bikurd\u00ee li dervey\u00ea wel\u00eat, me d\u00eet ku avakirina pirt\u00fbkxaneyeke kurd\u00ee p\u00eaw\u00eestiyeke civak\u00ee \u00fb \u00e7and\u00ee ye. Em ji bil\u00ee ku bidestxstina pirt\u00fbkan li cem xw\u00eener\u00ean kurd\u00ee h\u00easan dikin, em hewl didin ku [&hellip;]","og_url":"https:\/\/shanabooks.de\/kur\/em-ki-ne\/","og_site_name":"www.shanabooks.de","article_modified_time":"2024-04-01T10:04:16+00:00","twitter_card":"summary_large_image","twitter_misc":{"Est. reading time":"1 minute"},"schema":{"@context":"https:\/\/schema.org","@graph":[{"@type":"WebPage","@id":"https:\/\/shanabooks.de\/kur\/em-ki-ne\/","url":"https:\/\/shanabooks.de\/kur\/em-ki-ne\/","name":"Em k\u00ee ne? - www.shanabooks.de","isPartOf":{"@id":"https:\/\/shanabooks.de\/#website"},"datePublished":"2017-12-17T10:06:43+00:00","dateModified":"2024-04-01T10:04:16+00:00","breadcrumb":{"@id":"https:\/\/shanabooks.de\/kur\/em-ki-ne\/#breadcrumb"},"inLanguage":"kur","potentialAction":[{"@type":"ReadAction","target":["https:\/\/shanabooks.de\/kur\/em-ki-ne\/"]}]},{"@type":"BreadcrumbList","@id":"https:\/\/shanabooks.de\/kur\/em-ki-ne\/#breadcrumb","itemListElement":[{"@type":"ListItem","position":1,"name":"\u0627\u0644\u0631\u0626\u064a\u0633\u064a\u0629","item":"https:\/\/shanabooks.de\/kur\/"},{"@type":"ListItem","position":2,"name":"Em k\u00ee ne?"}]},{"@type":"WebSite","@id":"https:\/\/shanabooks.de\/#website","url":"https:\/\/shanabooks.de\/","name":"www.shanbooks.de","description":"C\u00eehana Pirt\u00fbk\u00ean Kurd\u00ee \u0645\u0643\u062a\u0628\u0629 \u0634\u0627\u0646\u0627 \u0641\u064a \u0627\u0644\u0645\u0627\u0646\u064a\u0627 \u0648\u0623\u0648\u0631\u0628\u0627","publisher":{"@id":"https:\/\/shanabooks.de\/#organization"},"potentialAction":[{"@type":"SearchAction","target":{"@type":"EntryPoint","urlTemplate":"https:\/\/shanabooks.de\/?s={search_term_string}"},"query-input":{"@type":"PropertyValueSpecification","valueRequired":true,"valueName":"search_term_string"}}],"inLanguage":"kur"},{"@type":"Organization","@id":"https:\/\/shanabooks.de\/#organization","name":"www.shanbooks.de","url":"https:\/\/shanabooks.de\/","logo":{"@type":"ImageObject","inLanguage":"kur","@id":"https:\/\/shanabooks.de\/#\/schema\/logo\/image\/","url":"https:\/\/shanabooks.de\/wp-content\/uploads\/2024\/03\/SHANABOOKS__2_-removebg-preview.png","contentUrl":"https:\/\/shanabooks.de\/wp-content\/uploads\/2024\/03\/SHANABOOKS__2_-removebg-preview.png","width":700,"height":150,"caption":"www.shanbooks.de"},"image":{"@id":"https:\/\/shanabooks.de\/#\/schema\/logo\/image\/"}}]}},"jetpack_sharing_enabled":true,"_links":{"self":[{"href":"https:\/\/shanabooks.de\/kur\/wp-json\/wp\/v2\/pages\/16726","targetHints":{"allow":["GET"]}}],"collection":[{"href":"https:\/\/shanabooks.de\/kur\/wp-json\/wp\/v2\/pages"}],"about":[{"href":"https:\/\/shanabooks.de\/kur\/wp-json\/wp\/v2\/types\/page"}],"author":[{"embeddable":true,"href":"https:\/\/shanabooks.de\/kur\/wp-json\/wp\/v2\/users\/1"}],"replies":[{"embeddable":true,"href":"https:\/\/shanabooks.de\/kur\/wp-json\/wp\/v2\/comments?post=16726"}],"version-history":[{"count":17,"href":"https:\/\/shanabooks.de\/kur\/wp-json\/wp\/v2\/pages\/16726\/revisions"}],"predecessor-version":[{"id":22515,"href":"https:\/\/shanabooks.de\/kur\/wp-json\/wp\/v2\/pages\/16726\/revisions\/22515"}],"wp:attachment":[{"href":"https:\/\/shanabooks.de\/kur\/wp-json\/wp\/v2\/media?parent=16726"}],"curies":[{"name":"wp","href":"https:\/\/api.w.org\/{rel}","templated":true}]}}