{"id":11593,"date":"2024-03-03T11:50:47","date_gmt":"2024-03-03T11:50:47","guid":{"rendered":"https:\/\/shanabooks.de\/?post_type=product&#038;p=11593"},"modified":"2026-01-01T16:47:31","modified_gmt":"2026-01-01T16:47:31","slug":"waneyen-rezimana-kurmanci-nezir-ocek","status":"publish","type":"product","link":"https:\/\/shanabooks.de\/kur\/product\/waneyen-rezimana-kurmanci-nezir-ocek\/","title":{"rendered":"Waney\u00ean R\u00eazimana kurmanc\u00ee"},"content":{"rendered":"<p dir=\"ltr\"><strong>Waney\u00ean R\u00eazimana kurmanc\u00ee &#8211; Nez\u00eer Ocek<\/strong><\/p>\n<p dir=\"ltr\">Di van salen daw\u00ee de min d\u00eet ku daxwaza h\u00eenbuna ziman\u00ea kurd\u00ee di nava ke\u00e7 u xort\u00ean kurdan de sal bi sal z\u00eade dibe, v\u00ea daxwaze pediviy\u00ean pirtuk\u00ean waneyen r\u00eazimana kurmanc\u00ea\u00ee derdixist hol\u00ea. Ez bi cerabeya wanedayina ziman\u00ea kurd\u00ee ya bi salan giham w\u00ea encam\u00ea ku pediviya xwendevanan bi pirt\u00fbkek h\u00easan a gramer\u00ea heye. Ji ber v\u00ea yek\u00ea min ji r\u00eabazeke zihunbune bijart. Ev pirt\u00fbka Waney\u00ean R\u00eazimana Kurmanc\u00ee ya Nez\u00eer Ocek hem\u00fb mijar\u00ean r\u00eaizmana kurmanc\u00ee di nava xwe de dihewine.<br \/>\nR\u00eageza pirtuk\u00ea wiha ye; min p\u00ea\u015fiye danas\u00eena mijar\u00ea rave kiriye t\u00eagehen wan \u00ean r\u00eaziman\u00ee \u015f\u00eerove kirine. Pi\u015ftre ji bo ron\u00eeb\u00fbna mijar\u00ea m\u00eenak\u00ean asayi, m\u00eenak\u00ean ji gotin\u00ean pe\u015fiyan \u00fb y\u00ean ji helbest\u00ean helbestvan\u00ean kurd \u00ean veturi (klas\u00eek) dane. Hin mijar\u00ean ku di pirt\u00fbken din de tune ne, di v\u00ea pirt\u00fbk\u00ea de hene, her wiha li pey her mijar\u00ea h\u00eendariy\u00ean wan j\u00ee hene.<\/p>\n","protected":false},"excerpt":{"rendered":"<p dir=\"ltr\" style=\"text-align: center\">&lt;strong&gt;Pirt\u00fbk: Waney\u00ean R\u00eazimana kurmanc\u00ee<br \/>\nNiv\u00eeskar: Nez\u00eer Ocek<br \/>\n<strong>Cure: Perwerde<\/strong><\/p>\n","protected":false},"featured_media":11637,"template":"","meta":{"site-sidebar-layout":"default","site-content-layout":"","ast-site-content-layout":"default","site-content-style":"default","site-sidebar-style":"default","ast-global-header-display":"","ast-banner-title-visibility":"","ast-main-header-display":"","ast-hfb-above-header-display":"","ast-hfb-below-header-display":"","ast-hfb-mobile-header-display":"","site-post-title":"","ast-breadcrumbs-content":"","ast-featured-img":"","footer-sml-layout":"","ast-disable-related-posts":"","theme-transparent-header-meta":"default","adv-header-id-meta":"","stick-header-meta":"","header-above-stick-meta":"","header-main-stick-meta":"","header-below-stick-meta":"","astra-migrate-meta-layouts":"set","ast-page-background-enabled":"default","ast-page-background-meta":{"desktop":{"background-color":"","background-image":"","background-repeat":"repeat","background-position":"center center","background-size":"auto","background-attachment":"scroll","background-type":"","background-media":"","overlay-type":"","overlay-color":"","overlay-opacity":"","overlay-gradient":""},"tablet":{"background-color":"","background-image":"","background-repeat":"repeat","background-position":"center center","background-size":"auto","background-attachment":"scroll","background-type":"","background-media":"","overlay-type":"","overlay-color":"","overlay-opacity":"","overlay-gradient":""},"mobile":{"background-color":"","background-image":"","background-repeat":"repeat","background-position":"center center","background-size":"auto","background-attachment":"scroll","background-type":"","background-media":"","overlay-type":"","overlay-color":"","overlay-opacity":"","overlay-gradient":""}},"ast-content-background-meta":{"desktop":{"background-color":"var(--ast-global-color-5)","background-image":"","background-repeat":"repeat","background-position":"center center","background-size":"auto","background-attachment":"scroll","background-type":"","background-media":"","overlay-type":"","overlay-color":"","overlay-opacity":"","overlay-gradient":""},"tablet":{"background-color":"var(--ast-global-color-5)","background-image":"","background-repeat":"repeat","background-position":"center center","background-size":"auto","background-attachment":"scroll","background-type":"","background-media":"","overlay-type":"","overlay-color":"","overlay-opacity":"","overlay-gradient":""},"mobile":{"background-color":"var(--ast-global-color-5)","background-image":"","background-repeat":"repeat","background-position":"center center","background-size":"auto","background-attachment":"scroll","background-type":"","background-media":"","overlay-type":"","overlay-color":"","overlay-opacity":"","overlay-gradient":""}}},"product_brand":[],"product_cat":[178,193],"product_tag":[],"class_list":{"0":"post-11593","1":"product","2":"type-product","3":"status-publish","4":"has-post-thumbnail","6":"product_cat--_","8":"pa_-ferbuna-kurdi","9":"pa_-nezir-ocek","10":"pa_-kurmanci","11":"pa_--sitav-yayinevi","12":"desktop-align-left","13":"tablet-align-left","14":"mobile-align-left","16":"first","17":"instock","18":"shipping-taxable","19":"purchasable","20":"product-type-simple"},"yoast_head":"<!-- This site is optimized with the Yoast SEO plugin v27.4 - https:\/\/yoast.com\/product\/yoast-seo-wordpress\/ -->\n<title>Waney\u00ean R\u00eazimana kurmanc\u00ee - Nez\u00eer Ocek - www.shanabooks.de<\/title>\n<meta name=\"description\" content=\"Waney\u00ean R\u00eazimana kurmanc\u00ee - Nez\u00eer Ocek Di van salen dawi de min dit ku daxwaza hinbuna zimane kurdi di nava ke\u00e7 u xorten kurdan de sal bi sal zede dibe, ...\" \/>\n<meta name=\"robots\" content=\"index, follow, max-snippet:-1, max-image-preview:large, max-video-preview:-1\" \/>\n<link rel=\"canonical\" href=\"https:\/\/shanabooks.de\/product\/waneyen-rezimana-kurmanci-nezir-ocek\/\" \/>\n<meta property=\"og:locale\" content=\"en_US\" \/>\n<meta property=\"og:type\" content=\"article\" \/>\n<meta property=\"og:title\" content=\"Waney\u00ean R\u00eazimana kurmanc\u00ee - Nez\u00eer Ocek - www.shanabooks.de\" \/>\n<meta property=\"og:description\" content=\"Waney\u00ean R\u00eazimana kurmanc\u00ee - Nez\u00eer Ocek Di van salen dawi de min dit ku daxwaza hinbuna zimane kurdi di nava ke\u00e7 u xorten kurdan de sal bi sal zede dibe, ...\" \/>\n<meta property=\"og:url\" content=\"https:\/\/shanabooks.de\/product\/waneyen-rezimana-kurmanci-nezir-ocek\/\" \/>\n<meta property=\"og:site_name\" content=\"www.shanabooks.de\" \/>\n<meta property=\"article:modified_time\" content=\"2026-01-01T16:47:31+00:00\" \/>\n<meta property=\"og:image\" content=\"https:\/\/shanabooks.de\/wp-content\/uploads\/2024\/03\/Rezimana-Kurmanci.png\" \/>\n\t<meta property=\"og:image:width\" content=\"321\" \/>\n\t<meta property=\"og:image:height\" content=\"474\" \/>\n\t<meta property=\"og:image:type\" content=\"image\/png\" \/>\n<meta name=\"twitter:card\" content=\"summary_large_image\" \/>\n<meta name=\"twitter:label1\" content=\"Est. reading time\" \/>\n\t<meta name=\"twitter:data1\" content=\"2 minutes\" \/>\n<script type=\"application\/ld+json\" class=\"yoast-schema-graph\">{\"@context\":\"https:\\\/\\\/schema.org\",\"@graph\":[{\"@type\":\"WebPage\",\"@id\":\"https:\\\/\\\/shanabooks.de\\\/product\\\/waneyen-rezimana-kurmanci-nezir-ocek\\\/\",\"url\":\"https:\\\/\\\/shanabooks.de\\\/product\\\/waneyen-rezimana-kurmanci-nezir-ocek\\\/\",\"name\":\"Waney\u00ean R\u00eazimana kurmanc\u00ee - Nez\u00eer Ocek - www.shanabooks.de\",\"isPartOf\":{\"@id\":\"https:\\\/\\\/shanabooks.de\\\/#website\"},\"primaryImageOfPage\":{\"@id\":\"https:\\\/\\\/shanabooks.de\\\/product\\\/waneyen-rezimana-kurmanci-nezir-ocek\\\/#primaryimage\"},\"image\":{\"@id\":\"https:\\\/\\\/shanabooks.de\\\/product\\\/waneyen-rezimana-kurmanci-nezir-ocek\\\/#primaryimage\"},\"thumbnailUrl\":\"https:\\\/\\\/shanabooks.de\\\/wp-content\\\/uploads\\\/2024\\\/03\\\/Rezimana-Kurmanci.png\",\"datePublished\":\"2024-03-03T11:50:47+00:00\",\"dateModified\":\"2026-01-01T16:47:31+00:00\",\"description\":\"Waney\u00ean R\u00eazimana kurmanc\u00ee - Nez\u00eer Ocek Di van salen dawi de min dit ku daxwaza hinbuna zimane kurdi di nava ke\u00e7 u xorten kurdan de sal bi sal zede dibe, ...\",\"breadcrumb\":{\"@id\":\"https:\\\/\\\/shanabooks.de\\\/product\\\/waneyen-rezimana-kurmanci-nezir-ocek\\\/#breadcrumb\"},\"inLanguage\":\"kur\",\"potentialAction\":[{\"@type\":\"ReadAction\",\"target\":[\"https:\\\/\\\/shanabooks.de\\\/product\\\/waneyen-rezimana-kurmanci-nezir-ocek\\\/\"]}]},{\"@type\":\"ImageObject\",\"inLanguage\":\"kur\",\"@id\":\"https:\\\/\\\/shanabooks.de\\\/product\\\/waneyen-rezimana-kurmanci-nezir-ocek\\\/#primaryimage\",\"url\":\"https:\\\/\\\/shanabooks.de\\\/wp-content\\\/uploads\\\/2024\\\/03\\\/Rezimana-Kurmanci.png\",\"contentUrl\":\"https:\\\/\\\/shanabooks.de\\\/wp-content\\\/uploads\\\/2024\\\/03\\\/Rezimana-Kurmanci.png\",\"width\":321,\"height\":474,\"caption\":\"Waney\u00ean R\u00eazimana Kurmanc\u00ee-Nez\u00eer Ocek- Pirt\u00fbk\u00ean Kurd\u00ee\"},{\"@type\":\"BreadcrumbList\",\"@id\":\"https:\\\/\\\/shanabooks.de\\\/product\\\/waneyen-rezimana-kurmanci-nezir-ocek\\\/#breadcrumb\",\"itemListElement\":[{\"@type\":\"ListItem\",\"position\":1,\"name\":\"\u0627\u0644\u0631\u0626\u064a\u0633\u064a\u0629\",\"item\":\"https:\\\/\\\/shanabooks.de\\\/kur\\\/\"},{\"@type\":\"ListItem\",\"position\":2,\"name\":\"\u0627\u0644\u0645\u0646\u062a\u062c\u0627\u062a\",\"item\":\"https:\\\/\\\/shanabooks.de\\\/shop\\\/\"},{\"@type\":\"ListItem\",\"position\":3,\"name\":\"Waney\u00ean R\u00eazimana kurmanc\u00ee\"}]},{\"@type\":\"WebSite\",\"@id\":\"https:\\\/\\\/shanabooks.de\\\/#website\",\"url\":\"https:\\\/\\\/shanabooks.de\\\/\",\"name\":\"www.shanbooks.de\",\"description\":\"C\u00eehana Pirt\u00fbk\u00ean Kurd\u00ee \u0645\u0643\u062a\u0628\u0629 \u0634\u0627\u0646\u0627 \u0641\u064a \u0627\u0644\u0645\u0627\u0646\u064a\u0627 \u0648\u0623\u0648\u0631\u0628\u0627\",\"publisher\":{\"@id\":\"https:\\\/\\\/shanabooks.de\\\/#organization\"},\"potentialAction\":[{\"@type\":\"SearchAction\",\"target\":{\"@type\":\"EntryPoint\",\"urlTemplate\":\"https:\\\/\\\/shanabooks.de\\\/?s={search_term_string}\"},\"query-input\":{\"@type\":\"PropertyValueSpecification\",\"valueRequired\":true,\"valueName\":\"search_term_string\"}}],\"inLanguage\":\"kur\"},{\"@type\":\"Organization\",\"@id\":\"https:\\\/\\\/shanabooks.de\\\/#organization\",\"name\":\"www.shanbooks.de\",\"url\":\"https:\\\/\\\/shanabooks.de\\\/\",\"logo\":{\"@type\":\"ImageObject\",\"inLanguage\":\"kur\",\"@id\":\"https:\\\/\\\/shanabooks.de\\\/#\\\/schema\\\/logo\\\/image\\\/\",\"url\":\"https:\\\/\\\/shanabooks.de\\\/wp-content\\\/uploads\\\/2024\\\/03\\\/SHANABOOKS__2_-removebg-preview.png\",\"contentUrl\":\"https:\\\/\\\/shanabooks.de\\\/wp-content\\\/uploads\\\/2024\\\/03\\\/SHANABOOKS__2_-removebg-preview.png\",\"width\":700,\"height\":150,\"caption\":\"www.shanbooks.de\"},\"image\":{\"@id\":\"https:\\\/\\\/shanabooks.de\\\/#\\\/schema\\\/logo\\\/image\\\/\"}}]}<\/script>\n<!-- \/ Yoast SEO plugin. -->","yoast_head_json":{"title":"Waney\u00ean R\u00eazimana kurmanc\u00ee - Nez\u00eer Ocek - www.shanabooks.de","description":"Waney\u00ean R\u00eazimana kurmanc\u00ee - Nez\u00eer Ocek Di van salen dawi de min dit ku daxwaza hinbuna zimane kurdi di nava ke\u00e7 u xorten kurdan de sal bi sal zede dibe, ...","robots":{"index":"index","follow":"follow","max-snippet":"max-snippet:-1","max-image-preview":"max-image-preview:large","max-video-preview":"max-video-preview:-1"},"canonical":"https:\/\/shanabooks.de\/product\/waneyen-rezimana-kurmanci-nezir-ocek\/","og_locale":"en_US","og_type":"article","og_title":"Waney\u00ean R\u00eazimana kurmanc\u00ee - Nez\u00eer Ocek - www.shanabooks.de","og_description":"Waney\u00ean R\u00eazimana kurmanc\u00ee - Nez\u00eer Ocek Di van salen dawi de min dit ku daxwaza hinbuna zimane kurdi di nava ke\u00e7 u xorten kurdan de sal bi sal zede dibe, ...","og_url":"https:\/\/shanabooks.de\/product\/waneyen-rezimana-kurmanci-nezir-ocek\/","og_site_name":"www.shanabooks.de","article_modified_time":"2026-01-01T16:47:31+00:00","og_image":[{"width":321,"height":474,"url":"https:\/\/shanabooks.de\/wp-content\/uploads\/2024\/03\/Rezimana-Kurmanci.png","type":"image\/png"}],"twitter_card":"summary_large_image","twitter_misc":{"Est. reading time":"2 minutes"},"schema":{"@context":"https:\/\/schema.org","@graph":[{"@type":"WebPage","@id":"https:\/\/shanabooks.de\/product\/waneyen-rezimana-kurmanci-nezir-ocek\/","url":"https:\/\/shanabooks.de\/product\/waneyen-rezimana-kurmanci-nezir-ocek\/","name":"Waney\u00ean R\u00eazimana kurmanc\u00ee - Nez\u00eer Ocek - www.shanabooks.de","isPartOf":{"@id":"https:\/\/shanabooks.de\/#website"},"primaryImageOfPage":{"@id":"https:\/\/shanabooks.de\/product\/waneyen-rezimana-kurmanci-nezir-ocek\/#primaryimage"},"image":{"@id":"https:\/\/shanabooks.de\/product\/waneyen-rezimana-kurmanci-nezir-ocek\/#primaryimage"},"thumbnailUrl":"https:\/\/shanabooks.de\/wp-content\/uploads\/2024\/03\/Rezimana-Kurmanci.png","datePublished":"2024-03-03T11:50:47+00:00","dateModified":"2026-01-01T16:47:31+00:00","description":"Waney\u00ean R\u00eazimana kurmanc\u00ee - Nez\u00eer Ocek Di van salen dawi de min dit ku daxwaza hinbuna zimane kurdi di nava ke\u00e7 u xorten kurdan de sal bi sal zede dibe, ...","breadcrumb":{"@id":"https:\/\/shanabooks.de\/product\/waneyen-rezimana-kurmanci-nezir-ocek\/#breadcrumb"},"inLanguage":"kur","potentialAction":[{"@type":"ReadAction","target":["https:\/\/shanabooks.de\/product\/waneyen-rezimana-kurmanci-nezir-ocek\/"]}]},{"@type":"ImageObject","inLanguage":"kur","@id":"https:\/\/shanabooks.de\/product\/waneyen-rezimana-kurmanci-nezir-ocek\/#primaryimage","url":"https:\/\/shanabooks.de\/wp-content\/uploads\/2024\/03\/Rezimana-Kurmanci.png","contentUrl":"https:\/\/shanabooks.de\/wp-content\/uploads\/2024\/03\/Rezimana-Kurmanci.png","width":321,"height":474,"caption":"Waney\u00ean R\u00eazimana Kurmanc\u00ee-Nez\u00eer Ocek- Pirt\u00fbk\u00ean Kurd\u00ee"},{"@type":"BreadcrumbList","@id":"https:\/\/shanabooks.de\/product\/waneyen-rezimana-kurmanci-nezir-ocek\/#breadcrumb","itemListElement":[{"@type":"ListItem","position":1,"name":"\u0627\u0644\u0631\u0626\u064a\u0633\u064a\u0629","item":"https:\/\/shanabooks.de\/kur\/"},{"@type":"ListItem","position":2,"name":"\u0627\u0644\u0645\u0646\u062a\u062c\u0627\u062a","item":"https:\/\/shanabooks.de\/shop\/"},{"@type":"ListItem","position":3,"name":"Waney\u00ean R\u00eazimana kurmanc\u00ee"}]},{"@type":"WebSite","@id":"https:\/\/shanabooks.de\/#website","url":"https:\/\/shanabooks.de\/","name":"www.shanbooks.de","description":"C\u00eehana Pirt\u00fbk\u00ean Kurd\u00ee \u0645\u0643\u062a\u0628\u0629 \u0634\u0627\u0646\u0627 \u0641\u064a \u0627\u0644\u0645\u0627\u0646\u064a\u0627 \u0648\u0623\u0648\u0631\u0628\u0627","publisher":{"@id":"https:\/\/shanabooks.de\/#organization"},"potentialAction":[{"@type":"SearchAction","target":{"@type":"EntryPoint","urlTemplate":"https:\/\/shanabooks.de\/?s={search_term_string}"},"query-input":{"@type":"PropertyValueSpecification","valueRequired":true,"valueName":"search_term_string"}}],"inLanguage":"kur"},{"@type":"Organization","@id":"https:\/\/shanabooks.de\/#organization","name":"www.shanbooks.de","url":"https:\/\/shanabooks.de\/","logo":{"@type":"ImageObject","inLanguage":"kur","@id":"https:\/\/shanabooks.de\/#\/schema\/logo\/image\/","url":"https:\/\/shanabooks.de\/wp-content\/uploads\/2024\/03\/SHANABOOKS__2_-removebg-preview.png","contentUrl":"https:\/\/shanabooks.de\/wp-content\/uploads\/2024\/03\/SHANABOOKS__2_-removebg-preview.png","width":700,"height":150,"caption":"www.shanbooks.de"},"image":{"@id":"https:\/\/shanabooks.de\/#\/schema\/logo\/image\/"}}]}},"jetpack_sharing_enabled":true,"_links":{"self":[{"href":"https:\/\/shanabooks.de\/kur\/wp-json\/wp\/v2\/product\/11593","targetHints":{"allow":["GET"]}}],"collection":[{"href":"https:\/\/shanabooks.de\/kur\/wp-json\/wp\/v2\/product"}],"about":[{"href":"https:\/\/shanabooks.de\/kur\/wp-json\/wp\/v2\/types\/product"}],"version-history":[{"count":3,"href":"https:\/\/shanabooks.de\/kur\/wp-json\/wp\/v2\/product\/11593\/revisions"}],"predecessor-version":[{"id":11745,"href":"https:\/\/shanabooks.de\/kur\/wp-json\/wp\/v2\/product\/11593\/revisions\/11745"}],"wp:featuredmedia":[{"embeddable":true,"href":"https:\/\/shanabooks.de\/kur\/wp-json\/wp\/v2\/media\/11637"}],"wp:attachment":[{"href":"https:\/\/shanabooks.de\/kur\/wp-json\/wp\/v2\/media?parent=11593"}],"wp:term":[{"taxonomy":"product_brand","embeddable":true,"href":"https:\/\/shanabooks.de\/kur\/wp-json\/wp\/v2\/product_brand?post=11593"},{"taxonomy":"product_cat","embeddable":true,"href":"https:\/\/shanabooks.de\/kur\/wp-json\/wp\/v2\/product_cat?post=11593"},{"taxonomy":"product_tag","embeddable":true,"href":"https:\/\/shanabooks.de\/kur\/wp-json\/wp\/v2\/product_tag?post=11593"}],"curies":[{"name":"wp","href":"https:\/\/api.w.org\/{rel}","templated":true}]}}