{"id":11596,"date":"2024-03-03T11:50:48","date_gmt":"2024-03-03T11:50:48","guid":{"rendered":"https:\/\/shanabooks.de\/?post_type=product&#038;p=11596"},"modified":"2026-01-01T19:06:58","modified_gmt":"2026-01-01T19:06:58","slug":"gotaren-zimannasiye-grupek-niviskar","status":"publish","type":"product","link":"https:\/\/shanabooks.de\/kur\/product\/gotaren-zimannasiye-grupek-niviskar\/","title":{"rendered":"Gotar\u00ean Zimannasiy\u00ea"},"content":{"rendered":"<p dir=\"ltr\"><strong>Gotar\u00ean Zimannasiy\u00ea &#8211; Gr\u00fbpek niv\u00eeskar<\/strong><\/p>\n<p dir=\"ltr\">Di v\u00ea xebat\u00ea de di \u00e7ar\u00e7oveya ders\u00ean zimannasiy\u00ea ya bernameya doktoray\u00ea de p\u00ea\u015fke\u015f\u00ee, n\u00eeqa\u015f \u00fb nirxandin\u00ean komeke xwendekar\u00ean doktoraya ziman\u00ea Kurd\u00ee cih digrin.<br \/>\nHer xwendevanek\u00ee li gor xwendin \u00fb \u00e7avkaniy\u00ean li ber dest\u00ea xwe, di v\u00ee war\u00ee de mijar\u00ean c\u00fbrbic\u00fbr hilbijartine \u00fb li ser xebit\u00eene. Dema ku pirt\u00fbk b\u00ea xwendin, d\u00ea ba\u015ftir b\u00ea f\u00eamkirin ka di war\u00ea Kurd\u00ee de \u00e7i hatiye kirin \u00fb li ser \u00e7i hatiye rawestandin.<\/p>\n","protected":false},"excerpt":{"rendered":"<p dir=\"ltr\" style=\"text-align: center\"><strong>Pirt\u00fbk: Gotar\u00ean Zimannasiy\u00ea<br \/>\nNiv\u00eeskar: Gr\u00fbpek niv\u00eeskar<\/strong><br \/>\n<strong>Cure: R\u00eaziman<\/strong><\/p>\n","protected":false},"featured_media":11643,"template":"","meta":{"site-sidebar-layout":"default","site-content-layout":"","ast-site-content-layout":"default","site-content-style":"default","site-sidebar-style":"default","ast-global-header-display":"","ast-banner-title-visibility":"","ast-main-header-display":"","ast-hfb-above-header-display":"","ast-hfb-below-header-display":"","ast-hfb-mobile-header-display":"","site-post-title":"","ast-breadcrumbs-content":"","ast-featured-img":"","footer-sml-layout":"","ast-disable-related-posts":"","theme-transparent-header-meta":"default","adv-header-id-meta":"","stick-header-meta":"","header-above-stick-meta":"","header-main-stick-meta":"","header-below-stick-meta":"","astra-migrate-meta-layouts":"set","ast-page-background-enabled":"default","ast-page-background-meta":{"desktop":{"background-color":"","background-image":"","background-repeat":"repeat","background-position":"center center","background-size":"auto","background-attachment":"scroll","background-type":"","background-media":"","overlay-type":"","overlay-color":"","overlay-opacity":"","overlay-gradient":""},"tablet":{"background-color":"","background-image":"","background-repeat":"repeat","background-position":"center center","background-size":"auto","background-attachment":"scroll","background-type":"","background-media":"","overlay-type":"","overlay-color":"","overlay-opacity":"","overlay-gradient":""},"mobile":{"background-color":"","background-image":"","background-repeat":"repeat","background-position":"center center","background-size":"auto","background-attachment":"scroll","background-type":"","background-media":"","overlay-type":"","overlay-color":"","overlay-opacity":"","overlay-gradient":""}},"ast-content-background-meta":{"desktop":{"background-color":"var(--ast-global-color-5)","background-image":"","background-repeat":"repeat","background-position":"center center","background-size":"auto","background-attachment":"scroll","background-type":"","background-media":"","overlay-type":"","overlay-color":"","overlay-opacity":"","overlay-gradient":""},"tablet":{"background-color":"var(--ast-global-color-5)","background-image":"","background-repeat":"repeat","background-position":"center center","background-size":"auto","background-attachment":"scroll","background-type":"","background-media":"","overlay-type":"","overlay-color":"","overlay-opacity":"","overlay-gradient":""},"mobile":{"background-color":"var(--ast-global-color-5)","background-image":"","background-repeat":"repeat","background-position":"center center","background-size":"auto","background-attachment":"scroll","background-type":"","background-media":"","overlay-type":"","overlay-color":"","overlay-opacity":"","overlay-gradient":""}}},"product_brand":[],"product_cat":[179,177,193],"product_tag":[],"class_list":{"0":"post-11596","1":"product","2":"type-product","3":"status-publish","4":"has-post-thumbnail","6":"product_cat-_","7":"product_cat--_","9":"pa_-reziman","10":"pa_-kenan-subasi","11":"pa_-resul-geyik-2","12":"pa_-kurmanci","13":"pa_--nubihar","14":"desktop-align-left","15":"tablet-align-left","16":"mobile-align-left","18":"first","19":"outofstock","20":"shipping-taxable","21":"purchasable","22":"product-type-simple"},"yoast_head":"<!-- This site is optimized with the Yoast SEO plugin v27.5 - https:\/\/yoast.com\/product\/yoast-seo-wordpress\/ -->\n<title>Gotar\u00ean Zimannasiy\u00ea - Gr\u00fbpek niv\u00eeskar - www.shanabooks.de<\/title>\n<meta name=\"description\" content=\"Gotar\u00ean Zimannasiy\u00ea - Gr\u00fbpek niv\u00eeskarDi v\u00ea xebat\u00ea de di \u00e7ar\u00e7oveya ders\u00ean zimannasiy\u00ea ya bernameya doktoray\u00ea de p\u00ea\u015fke\u015f\u00ee, n\u00eeqa\u015f \u00fb nirxandin\u00ean komeke xwende...\" \/>\n<meta name=\"robots\" content=\"index, follow, max-snippet:-1, max-image-preview:large, max-video-preview:-1\" \/>\n<link rel=\"canonical\" href=\"https:\/\/shanabooks.de\/product\/gotaren-zimannasiye-grupek-niviskar\/\" \/>\n<meta property=\"og:locale\" content=\"en_US\" \/>\n<meta property=\"og:type\" content=\"article\" \/>\n<meta property=\"og:title\" content=\"Gotar\u00ean Zimannasiy\u00ea - Gr\u00fbpek niv\u00eeskar - www.shanabooks.de\" \/>\n<meta property=\"og:description\" content=\"Gotar\u00ean Zimannasiy\u00ea - Gr\u00fbpek niv\u00eeskarDi v\u00ea xebat\u00ea de di \u00e7ar\u00e7oveya ders\u00ean zimannasiy\u00ea ya bernameya doktoray\u00ea de p\u00ea\u015fke\u015f\u00ee, n\u00eeqa\u015f \u00fb nirxandin\u00ean komeke xwende...\" \/>\n<meta property=\"og:url\" content=\"https:\/\/shanabooks.de\/product\/gotaren-zimannasiye-grupek-niviskar\/\" \/>\n<meta property=\"og:site_name\" content=\"www.shanabooks.de\" \/>\n<meta property=\"article:modified_time\" content=\"2026-01-01T19:06:58+00:00\" \/>\n<meta property=\"og:image\" content=\"https:\/\/shanabooks.de\/wp-content\/uploads\/2024\/03\/Gotaren-Zimannasiye-1.png\" \/>\n\t<meta property=\"og:image:width\" content=\"314\" \/>\n\t<meta property=\"og:image:height\" content=\"480\" \/>\n\t<meta property=\"og:image:type\" content=\"image\/png\" \/>\n<meta name=\"twitter:card\" content=\"summary_large_image\" \/>\n<meta name=\"twitter:label1\" content=\"Est. reading time\" \/>\n\t<meta name=\"twitter:data1\" content=\"1 minute\" \/>\n<script type=\"application\/ld+json\" class=\"yoast-schema-graph\">{\"@context\":\"https:\\\/\\\/schema.org\",\"@graph\":[{\"@type\":\"WebPage\",\"@id\":\"https:\\\/\\\/shanabooks.de\\\/product\\\/gotaren-zimannasiye-grupek-niviskar\\\/\",\"url\":\"https:\\\/\\\/shanabooks.de\\\/product\\\/gotaren-zimannasiye-grupek-niviskar\\\/\",\"name\":\"Gotar\u00ean Zimannasiy\u00ea - Gr\u00fbpek niv\u00eeskar - www.shanabooks.de\",\"isPartOf\":{\"@id\":\"https:\\\/\\\/shanabooks.de\\\/#website\"},\"primaryImageOfPage\":{\"@id\":\"https:\\\/\\\/shanabooks.de\\\/product\\\/gotaren-zimannasiye-grupek-niviskar\\\/#primaryimage\"},\"image\":{\"@id\":\"https:\\\/\\\/shanabooks.de\\\/product\\\/gotaren-zimannasiye-grupek-niviskar\\\/#primaryimage\"},\"thumbnailUrl\":\"https:\\\/\\\/shanabooks.de\\\/wp-content\\\/uploads\\\/2024\\\/03\\\/Gotaren-Zimannasiye-1.png\",\"datePublished\":\"2024-03-03T11:50:48+00:00\",\"dateModified\":\"2026-01-01T19:06:58+00:00\",\"description\":\"Gotar\u00ean Zimannasiy\u00ea - Gr\u00fbpek niv\u00eeskarDi v\u00ea xebat\u00ea de di \u00e7ar\u00e7oveya ders\u00ean zimannasiy\u00ea ya bernameya doktoray\u00ea de p\u00ea\u015fke\u015f\u00ee, n\u00eeqa\u015f \u00fb nirxandin\u00ean komeke xwende...\",\"breadcrumb\":{\"@id\":\"https:\\\/\\\/shanabooks.de\\\/product\\\/gotaren-zimannasiye-grupek-niviskar\\\/#breadcrumb\"},\"inLanguage\":\"kur\",\"potentialAction\":[{\"@type\":\"ReadAction\",\"target\":[\"https:\\\/\\\/shanabooks.de\\\/product\\\/gotaren-zimannasiye-grupek-niviskar\\\/\"]}]},{\"@type\":\"ImageObject\",\"inLanguage\":\"kur\",\"@id\":\"https:\\\/\\\/shanabooks.de\\\/product\\\/gotaren-zimannasiye-grupek-niviskar\\\/#primaryimage\",\"url\":\"https:\\\/\\\/shanabooks.de\\\/wp-content\\\/uploads\\\/2024\\\/03\\\/Gotaren-Zimannasiye-1.png\",\"contentUrl\":\"https:\\\/\\\/shanabooks.de\\\/wp-content\\\/uploads\\\/2024\\\/03\\\/Gotaren-Zimannasiye-1.png\",\"width\":314,\"height\":480},{\"@type\":\"BreadcrumbList\",\"@id\":\"https:\\\/\\\/shanabooks.de\\\/product\\\/gotaren-zimannasiye-grupek-niviskar\\\/#breadcrumb\",\"itemListElement\":[{\"@type\":\"ListItem\",\"position\":1,\"name\":\"\u0627\u0644\u0631\u0626\u064a\u0633\u064a\u0629\",\"item\":\"https:\\\/\\\/shanabooks.de\\\/kur\\\/\"},{\"@type\":\"ListItem\",\"position\":2,\"name\":\"\u0627\u0644\u0645\u0646\u062a\u062c\u0627\u062a\",\"item\":\"https:\\\/\\\/shanabooks.de\\\/shop\\\/\"},{\"@type\":\"ListItem\",\"position\":3,\"name\":\"Gotar\u00ean Zimannasiy\u00ea\"}]},{\"@type\":\"WebSite\",\"@id\":\"https:\\\/\\\/shanabooks.de\\\/#website\",\"url\":\"https:\\\/\\\/shanabooks.de\\\/\",\"name\":\"www.shanbooks.de\",\"description\":\"C\u00eehana Pirt\u00fbk\u00ean Kurd\u00ee \u0645\u0643\u062a\u0628\u0629 \u0634\u0627\u0646\u0627 \u0641\u064a \u0627\u0644\u0645\u0627\u0646\u064a\u0627 \u0648\u0623\u0648\u0631\u0628\u0627\",\"publisher\":{\"@id\":\"https:\\\/\\\/shanabooks.de\\\/#organization\"},\"potentialAction\":[{\"@type\":\"SearchAction\",\"target\":{\"@type\":\"EntryPoint\",\"urlTemplate\":\"https:\\\/\\\/shanabooks.de\\\/?s={search_term_string}\"},\"query-input\":{\"@type\":\"PropertyValueSpecification\",\"valueRequired\":true,\"valueName\":\"search_term_string\"}}],\"inLanguage\":\"kur\"},{\"@type\":\"Organization\",\"@id\":\"https:\\\/\\\/shanabooks.de\\\/#organization\",\"name\":\"www.shanbooks.de\",\"url\":\"https:\\\/\\\/shanabooks.de\\\/\",\"logo\":{\"@type\":\"ImageObject\",\"inLanguage\":\"kur\",\"@id\":\"https:\\\/\\\/shanabooks.de\\\/#\\\/schema\\\/logo\\\/image\\\/\",\"url\":\"https:\\\/\\\/shanabooks.de\\\/wp-content\\\/uploads\\\/2024\\\/03\\\/SHANABOOKS__2_-removebg-preview.png\",\"contentUrl\":\"https:\\\/\\\/shanabooks.de\\\/wp-content\\\/uploads\\\/2024\\\/03\\\/SHANABOOKS__2_-removebg-preview.png\",\"width\":700,\"height\":150,\"caption\":\"www.shanbooks.de\"},\"image\":{\"@id\":\"https:\\\/\\\/shanabooks.de\\\/#\\\/schema\\\/logo\\\/image\\\/\"}}]}<\/script>\n<!-- \/ Yoast SEO plugin. -->","yoast_head_json":{"title":"Gotar\u00ean Zimannasiy\u00ea - Gr\u00fbpek niv\u00eeskar - www.shanabooks.de","description":"Gotar\u00ean Zimannasiy\u00ea - Gr\u00fbpek niv\u00eeskarDi v\u00ea xebat\u00ea de di \u00e7ar\u00e7oveya ders\u00ean zimannasiy\u00ea ya bernameya doktoray\u00ea de p\u00ea\u015fke\u015f\u00ee, n\u00eeqa\u015f \u00fb nirxandin\u00ean komeke xwende...","robots":{"index":"index","follow":"follow","max-snippet":"max-snippet:-1","max-image-preview":"max-image-preview:large","max-video-preview":"max-video-preview:-1"},"canonical":"https:\/\/shanabooks.de\/product\/gotaren-zimannasiye-grupek-niviskar\/","og_locale":"en_US","og_type":"article","og_title":"Gotar\u00ean Zimannasiy\u00ea - Gr\u00fbpek niv\u00eeskar - www.shanabooks.de","og_description":"Gotar\u00ean Zimannasiy\u00ea - Gr\u00fbpek niv\u00eeskarDi v\u00ea xebat\u00ea de di \u00e7ar\u00e7oveya ders\u00ean zimannasiy\u00ea ya bernameya doktoray\u00ea de p\u00ea\u015fke\u015f\u00ee, n\u00eeqa\u015f \u00fb nirxandin\u00ean komeke xwende...","og_url":"https:\/\/shanabooks.de\/product\/gotaren-zimannasiye-grupek-niviskar\/","og_site_name":"www.shanabooks.de","article_modified_time":"2026-01-01T19:06:58+00:00","og_image":[{"width":314,"height":480,"url":"https:\/\/shanabooks.de\/wp-content\/uploads\/2024\/03\/Gotaren-Zimannasiye-1.png","type":"image\/png"}],"twitter_card":"summary_large_image","twitter_misc":{"Est. reading time":"1 minute"},"schema":{"@context":"https:\/\/schema.org","@graph":[{"@type":"WebPage","@id":"https:\/\/shanabooks.de\/product\/gotaren-zimannasiye-grupek-niviskar\/","url":"https:\/\/shanabooks.de\/product\/gotaren-zimannasiye-grupek-niviskar\/","name":"Gotar\u00ean Zimannasiy\u00ea - Gr\u00fbpek niv\u00eeskar - www.shanabooks.de","isPartOf":{"@id":"https:\/\/shanabooks.de\/#website"},"primaryImageOfPage":{"@id":"https:\/\/shanabooks.de\/product\/gotaren-zimannasiye-grupek-niviskar\/#primaryimage"},"image":{"@id":"https:\/\/shanabooks.de\/product\/gotaren-zimannasiye-grupek-niviskar\/#primaryimage"},"thumbnailUrl":"https:\/\/shanabooks.de\/wp-content\/uploads\/2024\/03\/Gotaren-Zimannasiye-1.png","datePublished":"2024-03-03T11:50:48+00:00","dateModified":"2026-01-01T19:06:58+00:00","description":"Gotar\u00ean Zimannasiy\u00ea - Gr\u00fbpek niv\u00eeskarDi v\u00ea xebat\u00ea de di \u00e7ar\u00e7oveya ders\u00ean zimannasiy\u00ea ya bernameya doktoray\u00ea de p\u00ea\u015fke\u015f\u00ee, n\u00eeqa\u015f \u00fb nirxandin\u00ean komeke xwende...","breadcrumb":{"@id":"https:\/\/shanabooks.de\/product\/gotaren-zimannasiye-grupek-niviskar\/#breadcrumb"},"inLanguage":"kur","potentialAction":[{"@type":"ReadAction","target":["https:\/\/shanabooks.de\/product\/gotaren-zimannasiye-grupek-niviskar\/"]}]},{"@type":"ImageObject","inLanguage":"kur","@id":"https:\/\/shanabooks.de\/product\/gotaren-zimannasiye-grupek-niviskar\/#primaryimage","url":"https:\/\/shanabooks.de\/wp-content\/uploads\/2024\/03\/Gotaren-Zimannasiye-1.png","contentUrl":"https:\/\/shanabooks.de\/wp-content\/uploads\/2024\/03\/Gotaren-Zimannasiye-1.png","width":314,"height":480},{"@type":"BreadcrumbList","@id":"https:\/\/shanabooks.de\/product\/gotaren-zimannasiye-grupek-niviskar\/#breadcrumb","itemListElement":[{"@type":"ListItem","position":1,"name":"\u0627\u0644\u0631\u0626\u064a\u0633\u064a\u0629","item":"https:\/\/shanabooks.de\/kur\/"},{"@type":"ListItem","position":2,"name":"\u0627\u0644\u0645\u0646\u062a\u062c\u0627\u062a","item":"https:\/\/shanabooks.de\/shop\/"},{"@type":"ListItem","position":3,"name":"Gotar\u00ean Zimannasiy\u00ea"}]},{"@type":"WebSite","@id":"https:\/\/shanabooks.de\/#website","url":"https:\/\/shanabooks.de\/","name":"www.shanbooks.de","description":"C\u00eehana Pirt\u00fbk\u00ean Kurd\u00ee \u0645\u0643\u062a\u0628\u0629 \u0634\u0627\u0646\u0627 \u0641\u064a \u0627\u0644\u0645\u0627\u0646\u064a\u0627 \u0648\u0623\u0648\u0631\u0628\u0627","publisher":{"@id":"https:\/\/shanabooks.de\/#organization"},"potentialAction":[{"@type":"SearchAction","target":{"@type":"EntryPoint","urlTemplate":"https:\/\/shanabooks.de\/?s={search_term_string}"},"query-input":{"@type":"PropertyValueSpecification","valueRequired":true,"valueName":"search_term_string"}}],"inLanguage":"kur"},{"@type":"Organization","@id":"https:\/\/shanabooks.de\/#organization","name":"www.shanbooks.de","url":"https:\/\/shanabooks.de\/","logo":{"@type":"ImageObject","inLanguage":"kur","@id":"https:\/\/shanabooks.de\/#\/schema\/logo\/image\/","url":"https:\/\/shanabooks.de\/wp-content\/uploads\/2024\/03\/SHANABOOKS__2_-removebg-preview.png","contentUrl":"https:\/\/shanabooks.de\/wp-content\/uploads\/2024\/03\/SHANABOOKS__2_-removebg-preview.png","width":700,"height":150,"caption":"www.shanbooks.de"},"image":{"@id":"https:\/\/shanabooks.de\/#\/schema\/logo\/image\/"}}]}},"jetpack_sharing_enabled":true,"_links":{"self":[{"href":"https:\/\/shanabooks.de\/kur\/wp-json\/wp\/v2\/product\/11596","targetHints":{"allow":["GET"]}}],"collection":[{"href":"https:\/\/shanabooks.de\/kur\/wp-json\/wp\/v2\/product"}],"about":[{"href":"https:\/\/shanabooks.de\/kur\/wp-json\/wp\/v2\/types\/product"}],"version-history":[{"count":2,"href":"https:\/\/shanabooks.de\/kur\/wp-json\/wp\/v2\/product\/11596\/revisions"}],"predecessor-version":[{"id":11764,"href":"https:\/\/shanabooks.de\/kur\/wp-json\/wp\/v2\/product\/11596\/revisions\/11764"}],"wp:featuredmedia":[{"embeddable":true,"href":"https:\/\/shanabooks.de\/kur\/wp-json\/wp\/v2\/media\/11643"}],"wp:attachment":[{"href":"https:\/\/shanabooks.de\/kur\/wp-json\/wp\/v2\/media?parent=11596"}],"wp:term":[{"taxonomy":"product_brand","embeddable":true,"href":"https:\/\/shanabooks.de\/kur\/wp-json\/wp\/v2\/product_brand?post=11596"},{"taxonomy":"product_cat","embeddable":true,"href":"https:\/\/shanabooks.de\/kur\/wp-json\/wp\/v2\/product_cat?post=11596"},{"taxonomy":"product_tag","embeddable":true,"href":"https:\/\/shanabooks.de\/kur\/wp-json\/wp\/v2\/product_tag?post=11596"}],"curies":[{"name":"wp","href":"https:\/\/api.w.org\/{rel}","templated":true}]}}