{"id":11601,"date":"2024-03-03T11:50:48","date_gmt":"2024-03-03T11:50:48","guid":{"rendered":"https:\/\/shanabooks.de\/?post_type=product&#038;p=11601"},"modified":"2026-01-01T16:37:54","modified_gmt":"2026-01-01T16:37:54","slug":"destpeka-romana-kurdi-grupek-niviskar","status":"publish","type":"product","link":"https:\/\/shanabooks.de\/kur\/product\/destpeka-romana-kurdi-grupek-niviskar\/","title":{"rendered":"Destp\u00eaka Romana kurd\u00ee"},"content":{"rendered":"<p dir=\"ltr\"><strong>Destp\u00eaka Romana kurd\u00ee &#8211; Kolekt\u00eef<\/strong><\/p>\n<p dir=\"ltr\">Pirt\u00fbka Destp\u00eaka Romana Kurd\u00ee ya &#8220;Kolekt\u00eef&#8221;ek\u00ea\u00a0 ji niv\u00eeskaran ve hatiya amadekirin, l\u00eakol\u00een\u00ea li ser romana Kurd\u00ee \u00fb Romanniv\u00ees\u00ean Kurd\u00ee dike \u00fb ewa bi xw\u00eeneran dide nas\u00een.<br \/>\nDema em behsa edebiyata \u00eawra Kavkaz\u00ea dikin b\u00eaguman em behsa \u00eawra ku di navbeyna sal\u00ean 1920\u00ee \u00fb 1991\u00ea de, di nav tix\u00fbb\u00ean Yek\u00eetiya Komar\u00ean Sosyal\u00eest \u00ean Sovyet\u00ea (YKSS) de, li van s\u00ea welatan; Ermenistan, Gurcistan \u00fb Azerbeycan\u00ea bi\u015fkiviye, dikin.<br \/>\nJi ber ku nav\u00ea erdn\u00eegariya ku dikeve nav s\u00eenor\u00ean van her s\u00ea dewlet\u00ean navbor\u00ee, (Pi\u015ft)Kavkaz e. Ev her du tar\u00eex j\u00ee destp\u00eaka damezirendina YKSSy\u00ea \u00fb daw\u00eel\u00eahatina w\u00ea ne \u00fb teqabul\u00ee 71 salan dike ku ji bo ge\u015fedana edebiyata zimanek\u00ee demeke pir gir\u00eeng \u00fb biq\u00eemet e.<br \/>\nL\u00ea div\u00ea em v\u00ea yek\u00ea j\u00ee wek\u00ee n\u00ee\u015feyek\u00ee l\u00ea z\u00eade bikin ku berhemdariya \u00eawra Kavkaz\u00ea pi\u015ft\u00ee hilwe\u015f\u00eena YKSSy\u00ea j\u00ee berdewam kiriye. Wek\u00ee m\u00eenak: novellaya Ahmed\u00ea Hepo ya bi nav\u00ea Bawer\u00ee di sala 1990\u00ee \u00fb romana w\u00ee ya bi nav\u00ea Bir\u00een di sala 1996an de; ango yek beriya hilwe\u015f\u00eena Sovyet\u00ea \u00fb yek j\u00ee p\u00ee\u015ft\u00ee w\u00ea li Bak\u00fby\u00ea hatine we\u015fandin.<br \/>\nHer weha berhem\u00ean hin niv\u00eeskar\u00ean ku ji erdn\u00eegariya Kavkaz\u00ea ne, li w\u00ea der\u00ea hatine dinyay\u00ea, perwerde b\u00fbne \u00fb hin ji berhem\u00ean xwe li ser w\u00ea ax\u00ea we\u015fandine, pi\u015ft\u00ee hilwe\u015f\u00eena Sovyet\u00ea hinek ji berhem\u00ean wan cara \u2018ewil li dervey\u00ee w\u00ea erdn\u00eegariy\u00ea hatine we\u015fandin. Wek\u00ee m\u00eenak: romana Tosin\u00ea Re\u015f\u00eed Mest\u00fbre, di sala 2005an de li Hewl\u00ear\u00ea \u00e7ap b\u00fbye.<br \/>\n\u00ceja ji bo ku cureya roman\u00ea di edebiyata \u00eawra Kavkaz\u00ea de cihek\u00ee gir\u00eeng digire \u00fb destp\u00eak \u00fb derg\u00fb\u015fa romana kurd\u00ee ev \u00eawr e.<\/p>\n","protected":false},"excerpt":{"rendered":"<p dir=\"ltr\" style=\"text-align: center\"><strong>Pirt\u00fbk: Destp\u00eaka Romana Kurd\u00ee<br \/>\nNiv\u00eeskar: Kolekt\u00eef<\/strong><br \/>\n<strong>Cure: l\u00eakol\u00een<\/strong><\/p>\n","protected":false},"featured_media":11653,"template":"","meta":{"site-sidebar-layout":"default","site-content-layout":"","ast-site-content-layout":"default","site-content-style":"default","site-sidebar-style":"default","ast-global-header-display":"","ast-banner-title-visibility":"","ast-main-header-display":"","ast-hfb-above-header-display":"","ast-hfb-below-header-display":"","ast-hfb-mobile-header-display":"","site-post-title":"","ast-breadcrumbs-content":"","ast-featured-img":"","footer-sml-layout":"","ast-disable-related-posts":"","theme-transparent-header-meta":"default","adv-header-id-meta":"","stick-header-meta":"","header-above-stick-meta":"","header-main-stick-meta":"","header-below-stick-meta":"","astra-migrate-meta-layouts":"set","ast-page-background-enabled":"default","ast-page-background-meta":{"desktop":{"background-color":"","background-image":"","background-repeat":"repeat","background-position":"center center","background-size":"auto","background-attachment":"scroll","background-type":"","background-media":"","overlay-type":"","overlay-color":"","overlay-opacity":"","overlay-gradient":""},"tablet":{"background-color":"","background-image":"","background-repeat":"repeat","background-position":"center center","background-size":"auto","background-attachment":"scroll","background-type":"","background-media":"","overlay-type":"","overlay-color":"","overlay-opacity":"","overlay-gradient":""},"mobile":{"background-color":"","background-image":"","background-repeat":"repeat","background-position":"center center","background-size":"auto","background-attachment":"scroll","background-type":"","background-media":"","overlay-type":"","overlay-color":"","overlay-opacity":"","overlay-gradient":""}},"ast-content-background-meta":{"desktop":{"background-color":"var(--ast-global-color-5)","background-image":"","background-repeat":"repeat","background-position":"center center","background-size":"auto","background-attachment":"scroll","background-type":"","background-media":"","overlay-type":"","overlay-color":"","overlay-opacity":"","overlay-gradient":""},"tablet":{"background-color":"var(--ast-global-color-5)","background-image":"","background-repeat":"repeat","background-position":"center center","background-size":"auto","background-attachment":"scroll","background-type":"","background-media":"","overlay-type":"","overlay-color":"","overlay-opacity":"","overlay-gradient":""},"mobile":{"background-color":"var(--ast-global-color-5)","background-image":"","background-repeat":"repeat","background-position":"center center","background-size":"auto","background-attachment":"scroll","background-type":"","background-media":"","overlay-type":"","overlay-color":"","overlay-opacity":"","overlay-gradient":""}}},"product_brand":[],"product_cat":[179,193],"product_tag":[],"class_list":{"0":"post-11601","1":"product","2":"type-product","3":"status-publish","4":"has-post-thumbnail","6":"product_cat-_","7":"product_cat--_","8":"pa_-lekolin","9":"pa_-grupek-niviskar","10":"pa_-kurmanci","11":"pa_--peywend-yayinlari","12":"desktop-align-left","13":"tablet-align-left","14":"mobile-align-left","16":"first","17":"instock","18":"shipping-taxable","19":"purchasable","20":"product-type-simple"},"yoast_head":"<!-- This site is optimized with the Yoast SEO plugin v27.4 - https:\/\/yoast.com\/product\/yoast-seo-wordpress\/ -->\n<title>Destp\u00eaka Romana kurd\u00ee - Kolekt\u00eef - www.shanabooks.de<\/title>\n<meta name=\"description\" content=\"Destp\u00eaka Romana kurd\u00ee - Kolekt\u00eef Pirt\u00fbka Destp\u00eaka Romana Kurd\u00ee ya ku ji aliy\u00ea Gr\u00fbpek Niv\u00eeskar ve hatiya amadekirin, l\u00eakol\u00een\u00ea li ser romana Kurd\u00ee \u00fb...\" \/>\n<meta name=\"robots\" content=\"index, follow, max-snippet:-1, max-image-preview:large, max-video-preview:-1\" \/>\n<link rel=\"canonical\" href=\"https:\/\/shanabooks.de\/product\/destpeka-romana-kurdi-grupek-niviskar\/\" \/>\n<meta property=\"og:locale\" content=\"en_US\" \/>\n<meta property=\"og:type\" content=\"article\" \/>\n<meta property=\"og:title\" content=\"Destp\u00eaka Romana kurd\u00ee - Kolekt\u00eef - www.shanabooks.de\" \/>\n<meta property=\"og:description\" content=\"Destp\u00eaka Romana kurd\u00ee - Kolekt\u00eef Pirt\u00fbka Destp\u00eaka Romana Kurd\u00ee ya ku ji aliy\u00ea Gr\u00fbpek Niv\u00eeskar ve hatiya amadekirin, l\u00eakol\u00een\u00ea li ser romana Kurd\u00ee \u00fb...\" \/>\n<meta property=\"og:url\" content=\"https:\/\/shanabooks.de\/product\/destpeka-romana-kurdi-grupek-niviskar\/\" \/>\n<meta property=\"og:site_name\" content=\"www.shanabooks.de\" \/>\n<meta property=\"article:modified_time\" content=\"2026-01-01T16:37:54+00:00\" \/>\n<meta property=\"og:image\" content=\"https:\/\/shanabooks.de\/wp-content\/uploads\/2024\/03\/Destpeka-Romana-Kurdi.png\" \/>\n\t<meta property=\"og:image:width\" content=\"311\" \/>\n\t<meta property=\"og:image:height\" content=\"480\" \/>\n\t<meta property=\"og:image:type\" content=\"image\/png\" \/>\n<meta name=\"twitter:card\" content=\"summary_large_image\" \/>\n<meta name=\"twitter:label1\" content=\"Est. reading time\" \/>\n\t<meta name=\"twitter:data1\" content=\"3 minutes\" \/>\n<script type=\"application\/ld+json\" class=\"yoast-schema-graph\">{\"@context\":\"https:\\\/\\\/schema.org\",\"@graph\":[{\"@type\":\"WebPage\",\"@id\":\"https:\\\/\\\/shanabooks.de\\\/product\\\/destpeka-romana-kurdi-grupek-niviskar\\\/\",\"url\":\"https:\\\/\\\/shanabooks.de\\\/product\\\/destpeka-romana-kurdi-grupek-niviskar\\\/\",\"name\":\"Destp\u00eaka Romana kurd\u00ee - Kolekt\u00eef - www.shanabooks.de\",\"isPartOf\":{\"@id\":\"https:\\\/\\\/shanabooks.de\\\/#website\"},\"primaryImageOfPage\":{\"@id\":\"https:\\\/\\\/shanabooks.de\\\/product\\\/destpeka-romana-kurdi-grupek-niviskar\\\/#primaryimage\"},\"image\":{\"@id\":\"https:\\\/\\\/shanabooks.de\\\/product\\\/destpeka-romana-kurdi-grupek-niviskar\\\/#primaryimage\"},\"thumbnailUrl\":\"https:\\\/\\\/shanabooks.de\\\/wp-content\\\/uploads\\\/2024\\\/03\\\/Destpeka-Romana-Kurdi.png\",\"datePublished\":\"2024-03-03T11:50:48+00:00\",\"dateModified\":\"2026-01-01T16:37:54+00:00\",\"description\":\"Destp\u00eaka Romana kurd\u00ee - Kolekt\u00eef Pirt\u00fbka Destp\u00eaka Romana Kurd\u00ee ya ku ji aliy\u00ea Gr\u00fbpek Niv\u00eeskar ve hatiya amadekirin, l\u00eakol\u00een\u00ea li ser romana Kurd\u00ee \u00fb...\",\"breadcrumb\":{\"@id\":\"https:\\\/\\\/shanabooks.de\\\/product\\\/destpeka-romana-kurdi-grupek-niviskar\\\/#breadcrumb\"},\"inLanguage\":\"kur\",\"potentialAction\":[{\"@type\":\"ReadAction\",\"target\":[\"https:\\\/\\\/shanabooks.de\\\/product\\\/destpeka-romana-kurdi-grupek-niviskar\\\/\"]}]},{\"@type\":\"ImageObject\",\"inLanguage\":\"kur\",\"@id\":\"https:\\\/\\\/shanabooks.de\\\/product\\\/destpeka-romana-kurdi-grupek-niviskar\\\/#primaryimage\",\"url\":\"https:\\\/\\\/shanabooks.de\\\/wp-content\\\/uploads\\\/2024\\\/03\\\/Destpeka-Romana-Kurdi.png\",\"contentUrl\":\"https:\\\/\\\/shanabooks.de\\\/wp-content\\\/uploads\\\/2024\\\/03\\\/Destpeka-Romana-Kurdi.png\",\"width\":311,\"height\":480,\"caption\":\"Destp\u00eaka Romana kurd\u00ee - Gr\u00fbpek niv\u00eeskar - Pirt\u00fbk\u00ean Kurd\u00ee\"},{\"@type\":\"BreadcrumbList\",\"@id\":\"https:\\\/\\\/shanabooks.de\\\/product\\\/destpeka-romana-kurdi-grupek-niviskar\\\/#breadcrumb\",\"itemListElement\":[{\"@type\":\"ListItem\",\"position\":1,\"name\":\"\u0627\u0644\u0631\u0626\u064a\u0633\u064a\u0629\",\"item\":\"https:\\\/\\\/shanabooks.de\\\/kur\\\/\"},{\"@type\":\"ListItem\",\"position\":2,\"name\":\"\u0627\u0644\u0645\u0646\u062a\u062c\u0627\u062a\",\"item\":\"https:\\\/\\\/shanabooks.de\\\/shop\\\/\"},{\"@type\":\"ListItem\",\"position\":3,\"name\":\"Destp\u00eaka Romana kurd\u00ee\"}]},{\"@type\":\"WebSite\",\"@id\":\"https:\\\/\\\/shanabooks.de\\\/#website\",\"url\":\"https:\\\/\\\/shanabooks.de\\\/\",\"name\":\"www.shanbooks.de\",\"description\":\"C\u00eehana Pirt\u00fbk\u00ean Kurd\u00ee \u0645\u0643\u062a\u0628\u0629 \u0634\u0627\u0646\u0627 \u0641\u064a \u0627\u0644\u0645\u0627\u0646\u064a\u0627 \u0648\u0623\u0648\u0631\u0628\u0627\",\"publisher\":{\"@id\":\"https:\\\/\\\/shanabooks.de\\\/#organization\"},\"potentialAction\":[{\"@type\":\"SearchAction\",\"target\":{\"@type\":\"EntryPoint\",\"urlTemplate\":\"https:\\\/\\\/shanabooks.de\\\/?s={search_term_string}\"},\"query-input\":{\"@type\":\"PropertyValueSpecification\",\"valueRequired\":true,\"valueName\":\"search_term_string\"}}],\"inLanguage\":\"kur\"},{\"@type\":\"Organization\",\"@id\":\"https:\\\/\\\/shanabooks.de\\\/#organization\",\"name\":\"www.shanbooks.de\",\"url\":\"https:\\\/\\\/shanabooks.de\\\/\",\"logo\":{\"@type\":\"ImageObject\",\"inLanguage\":\"kur\",\"@id\":\"https:\\\/\\\/shanabooks.de\\\/#\\\/schema\\\/logo\\\/image\\\/\",\"url\":\"https:\\\/\\\/shanabooks.de\\\/wp-content\\\/uploads\\\/2024\\\/03\\\/SHANABOOKS__2_-removebg-preview.png\",\"contentUrl\":\"https:\\\/\\\/shanabooks.de\\\/wp-content\\\/uploads\\\/2024\\\/03\\\/SHANABOOKS__2_-removebg-preview.png\",\"width\":700,\"height\":150,\"caption\":\"www.shanbooks.de\"},\"image\":{\"@id\":\"https:\\\/\\\/shanabooks.de\\\/#\\\/schema\\\/logo\\\/image\\\/\"}}]}<\/script>\n<!-- \/ Yoast SEO plugin. -->","yoast_head_json":{"title":"Destp\u00eaka Romana kurd\u00ee - Kolekt\u00eef - www.shanabooks.de","description":"Destp\u00eaka Romana kurd\u00ee - Kolekt\u00eef Pirt\u00fbka Destp\u00eaka Romana Kurd\u00ee ya ku ji aliy\u00ea Gr\u00fbpek Niv\u00eeskar ve hatiya amadekirin, l\u00eakol\u00een\u00ea li ser romana Kurd\u00ee \u00fb...","robots":{"index":"index","follow":"follow","max-snippet":"max-snippet:-1","max-image-preview":"max-image-preview:large","max-video-preview":"max-video-preview:-1"},"canonical":"https:\/\/shanabooks.de\/product\/destpeka-romana-kurdi-grupek-niviskar\/","og_locale":"en_US","og_type":"article","og_title":"Destp\u00eaka Romana kurd\u00ee - Kolekt\u00eef - www.shanabooks.de","og_description":"Destp\u00eaka Romana kurd\u00ee - Kolekt\u00eef Pirt\u00fbka Destp\u00eaka Romana Kurd\u00ee ya ku ji aliy\u00ea Gr\u00fbpek Niv\u00eeskar ve hatiya amadekirin, l\u00eakol\u00een\u00ea li ser romana Kurd\u00ee \u00fb...","og_url":"https:\/\/shanabooks.de\/product\/destpeka-romana-kurdi-grupek-niviskar\/","og_site_name":"www.shanabooks.de","article_modified_time":"2026-01-01T16:37:54+00:00","og_image":[{"width":311,"height":480,"url":"https:\/\/shanabooks.de\/wp-content\/uploads\/2024\/03\/Destpeka-Romana-Kurdi.png","type":"image\/png"}],"twitter_card":"summary_large_image","twitter_misc":{"Est. reading time":"3 minutes"},"schema":{"@context":"https:\/\/schema.org","@graph":[{"@type":"WebPage","@id":"https:\/\/shanabooks.de\/product\/destpeka-romana-kurdi-grupek-niviskar\/","url":"https:\/\/shanabooks.de\/product\/destpeka-romana-kurdi-grupek-niviskar\/","name":"Destp\u00eaka Romana kurd\u00ee - Kolekt\u00eef - www.shanabooks.de","isPartOf":{"@id":"https:\/\/shanabooks.de\/#website"},"primaryImageOfPage":{"@id":"https:\/\/shanabooks.de\/product\/destpeka-romana-kurdi-grupek-niviskar\/#primaryimage"},"image":{"@id":"https:\/\/shanabooks.de\/product\/destpeka-romana-kurdi-grupek-niviskar\/#primaryimage"},"thumbnailUrl":"https:\/\/shanabooks.de\/wp-content\/uploads\/2024\/03\/Destpeka-Romana-Kurdi.png","datePublished":"2024-03-03T11:50:48+00:00","dateModified":"2026-01-01T16:37:54+00:00","description":"Destp\u00eaka Romana kurd\u00ee - Kolekt\u00eef Pirt\u00fbka Destp\u00eaka Romana Kurd\u00ee ya ku ji aliy\u00ea Gr\u00fbpek Niv\u00eeskar ve hatiya amadekirin, l\u00eakol\u00een\u00ea li ser romana Kurd\u00ee \u00fb...","breadcrumb":{"@id":"https:\/\/shanabooks.de\/product\/destpeka-romana-kurdi-grupek-niviskar\/#breadcrumb"},"inLanguage":"kur","potentialAction":[{"@type":"ReadAction","target":["https:\/\/shanabooks.de\/product\/destpeka-romana-kurdi-grupek-niviskar\/"]}]},{"@type":"ImageObject","inLanguage":"kur","@id":"https:\/\/shanabooks.de\/product\/destpeka-romana-kurdi-grupek-niviskar\/#primaryimage","url":"https:\/\/shanabooks.de\/wp-content\/uploads\/2024\/03\/Destpeka-Romana-Kurdi.png","contentUrl":"https:\/\/shanabooks.de\/wp-content\/uploads\/2024\/03\/Destpeka-Romana-Kurdi.png","width":311,"height":480,"caption":"Destp\u00eaka Romana kurd\u00ee - Gr\u00fbpek niv\u00eeskar - Pirt\u00fbk\u00ean Kurd\u00ee"},{"@type":"BreadcrumbList","@id":"https:\/\/shanabooks.de\/product\/destpeka-romana-kurdi-grupek-niviskar\/#breadcrumb","itemListElement":[{"@type":"ListItem","position":1,"name":"\u0627\u0644\u0631\u0626\u064a\u0633\u064a\u0629","item":"https:\/\/shanabooks.de\/kur\/"},{"@type":"ListItem","position":2,"name":"\u0627\u0644\u0645\u0646\u062a\u062c\u0627\u062a","item":"https:\/\/shanabooks.de\/shop\/"},{"@type":"ListItem","position":3,"name":"Destp\u00eaka Romana kurd\u00ee"}]},{"@type":"WebSite","@id":"https:\/\/shanabooks.de\/#website","url":"https:\/\/shanabooks.de\/","name":"www.shanbooks.de","description":"C\u00eehana Pirt\u00fbk\u00ean Kurd\u00ee \u0645\u0643\u062a\u0628\u0629 \u0634\u0627\u0646\u0627 \u0641\u064a \u0627\u0644\u0645\u0627\u0646\u064a\u0627 \u0648\u0623\u0648\u0631\u0628\u0627","publisher":{"@id":"https:\/\/shanabooks.de\/#organization"},"potentialAction":[{"@type":"SearchAction","target":{"@type":"EntryPoint","urlTemplate":"https:\/\/shanabooks.de\/?s={search_term_string}"},"query-input":{"@type":"PropertyValueSpecification","valueRequired":true,"valueName":"search_term_string"}}],"inLanguage":"kur"},{"@type":"Organization","@id":"https:\/\/shanabooks.de\/#organization","name":"www.shanbooks.de","url":"https:\/\/shanabooks.de\/","logo":{"@type":"ImageObject","inLanguage":"kur","@id":"https:\/\/shanabooks.de\/#\/schema\/logo\/image\/","url":"https:\/\/shanabooks.de\/wp-content\/uploads\/2024\/03\/SHANABOOKS__2_-removebg-preview.png","contentUrl":"https:\/\/shanabooks.de\/wp-content\/uploads\/2024\/03\/SHANABOOKS__2_-removebg-preview.png","width":700,"height":150,"caption":"www.shanbooks.de"},"image":{"@id":"https:\/\/shanabooks.de\/#\/schema\/logo\/image\/"}}]}},"jetpack_sharing_enabled":true,"_links":{"self":[{"href":"https:\/\/shanabooks.de\/kur\/wp-json\/wp\/v2\/product\/11601","targetHints":{"allow":["GET"]}}],"collection":[{"href":"https:\/\/shanabooks.de\/kur\/wp-json\/wp\/v2\/product"}],"about":[{"href":"https:\/\/shanabooks.de\/kur\/wp-json\/wp\/v2\/types\/product"}],"version-history":[{"count":3,"href":"https:\/\/shanabooks.de\/kur\/wp-json\/wp\/v2\/product\/11601\/revisions"}],"predecessor-version":[{"id":11756,"href":"https:\/\/shanabooks.de\/kur\/wp-json\/wp\/v2\/product\/11601\/revisions\/11756"}],"wp:featuredmedia":[{"embeddable":true,"href":"https:\/\/shanabooks.de\/kur\/wp-json\/wp\/v2\/media\/11653"}],"wp:attachment":[{"href":"https:\/\/shanabooks.de\/kur\/wp-json\/wp\/v2\/media?parent=11601"}],"wp:term":[{"taxonomy":"product_brand","embeddable":true,"href":"https:\/\/shanabooks.de\/kur\/wp-json\/wp\/v2\/product_brand?post=11601"},{"taxonomy":"product_cat","embeddable":true,"href":"https:\/\/shanabooks.de\/kur\/wp-json\/wp\/v2\/product_cat?post=11601"},{"taxonomy":"product_tag","embeddable":true,"href":"https:\/\/shanabooks.de\/kur\/wp-json\/wp\/v2\/product_tag?post=11601"}],"curies":[{"name":"wp","href":"https:\/\/api.w.org\/{rel}","templated":true}]}}