{"id":11608,"date":"2024-03-03T11:50:48","date_gmt":"2024-03-03T11:50:48","guid":{"rendered":"https:\/\/shanabooks.de\/?post_type=product&#038;p=11608"},"modified":"2024-04-08T16:51:10","modified_gmt":"2024-04-08T16:51:10","slug":"bajare-zarokan-rustem-felat","status":"publish","type":"product","link":"https:\/\/shanabooks.de\/kur\/product\/bajare-zarokan-rustem-felat\/","title":{"rendered":"Bajar\u00ea Zarokan"},"content":{"rendered":"<p dir=\"ltr\"><strong>Bajar\u00ea Zarokan &#8211; Rustem Felat<\/strong><\/p>\n<p dir=\"ltr\">Taybetmendiya \u201cBajar\u00ea Zarokan\u201d ev e ku bi r\u00eaya \u00e7\u00eerok\u00ea w\u00eaney\u00ea Amed\u00ea x\u00eaz dike. \u00c7\u00eerokek efs\u00fbn\u00ee ya ku di nav S\u00fbr\u00ea de derbas dibe, t\u00eene dixe nava jiyana me. C\u00ee \u00fb war\u00ean d\u00eerok\u00ee x\u00eaz dike \u00fb dike \u00e7\u00eerok. H\u00fbn di nava S\u00fbr\u00ea de \u00e7iqas der\u00ean kevnare hebin, bi r\u00eaya \u00e7\u00eerok\u00ea digerin \u00fb dikevin nava raman\u00ean d\u00eerok\u00ee. Bi rast\u00ee ji aliyek\u00ee de bi saya pirt\u00fbk\u00ea h\u00fbn dikevin nava dil\u00ea bajar\u00ea Amed\u00ea. \u00c7\u00eeroka me li ser zarok\u00ean b\u00ea kes \u00fb k\u00fbs in. Ev zarok\u00ean ku li kolanan selpakan difiro\u015fin \u00fb b\u00fbne leheng\u00ea \u00e7\u00eeroka me, tu dib\u00ea qey rasterast ji nava jiyan\u00ea hatine b\u00fbne m\u00eavan\u00ea me. Bi rast\u00ee ev leheng ewqas ji me ne d\u00fbr in. Jixwe di nava jiyana me de li ber \u00e7av\u00ean me ne. Pirt\u00fbka Bajar\u00ea Zarokan ya Rustem Felat di heman dem\u00ea de materyala perwerdey\u00ea ye j\u00ee. Ji bo perwerdey\u00ea asta duyem\u00een e \u00fb ji 400 peyvan p\u00eak t\u00ea. Di k\u00ealeka r\u00fbpel\u00ean pirt\u00fbk\u00ea de ferhengokek bi\u00e7\u00fbk heye. Di dawiya pirt\u00fbk\u00ea de gelek pirs \u00fb \u00e7alak\u00ee he ne. W\u00eaney\u00ean pirt\u00fbk\u00ea re\u015f \u00fb sp\u00ee ne.<\/p>\n","protected":false},"excerpt":{"rendered":"<p dir=\"ltr\" style=\"text-align: center\"><strong>Pirt\u00fbk: Bajar\u00ea Zarokan<br \/>\nNiv\u00eeskar: Rustem Felat<\/strong><br \/>\n<strong>Cure: \u00c7\u00eerok\u00ean Zarokan<\/strong><\/p>\n","protected":false},"featured_media":11684,"template":"","meta":{"site-sidebar-layout":"default","site-content-layout":"","ast-site-content-layout":"default","site-content-style":"default","site-sidebar-style":"default","ast-global-header-display":"","ast-banner-title-visibility":"","ast-main-header-display":"","ast-hfb-above-header-display":"","ast-hfb-below-header-display":"","ast-hfb-mobile-header-display":"","site-post-title":"","ast-breadcrumbs-content":"","ast-featured-img":"","footer-sml-layout":"","ast-disable-related-posts":"","theme-transparent-header-meta":"default","adv-header-id-meta":"","stick-header-meta":"","header-above-stick-meta":"","header-main-stick-meta":"","header-below-stick-meta":"","astra-migrate-meta-layouts":"set","ast-page-background-enabled":"default","ast-page-background-meta":{"desktop":{"background-color":"","background-image":"","background-repeat":"repeat","background-position":"center center","background-size":"auto","background-attachment":"scroll","background-type":"","background-media":"","overlay-type":"","overlay-color":"","overlay-opacity":"","overlay-gradient":""},"tablet":{"background-color":"","background-image":"","background-repeat":"repeat","background-position":"center center","background-size":"auto","background-attachment":"scroll","background-type":"","background-media":"","overlay-type":"","overlay-color":"","overlay-opacity":"","overlay-gradient":""},"mobile":{"background-color":"","background-image":"","background-repeat":"repeat","background-position":"center center","background-size":"auto","background-attachment":"scroll","background-type":"","background-media":"","overlay-type":"","overlay-color":"","overlay-opacity":"","overlay-gradient":""}},"ast-content-background-meta":{"desktop":{"background-color":"var(--ast-global-color-5)","background-image":"","background-repeat":"repeat","background-position":"center center","background-size":"auto","background-attachment":"scroll","background-type":"","background-media":"","overlay-type":"","overlay-color":"","overlay-opacity":"","overlay-gradient":""},"tablet":{"background-color":"var(--ast-global-color-5)","background-image":"","background-repeat":"repeat","background-position":"center center","background-size":"auto","background-attachment":"scroll","background-type":"","background-media":"","overlay-type":"","overlay-color":"","overlay-opacity":"","overlay-gradient":""},"mobile":{"background-color":"var(--ast-global-color-5)","background-image":"","background-repeat":"repeat","background-position":"center center","background-size":"auto","background-attachment":"scroll","background-type":"","background-media":"","overlay-type":"","overlay-color":"","overlay-opacity":"","overlay-gradient":""}}},"product_brand":[],"product_cat":[194,193],"product_tag":[],"class_list":{"0":"post-11608","1":"product","2":"type-product","3":"status-publish","4":"has-post-thumbnail","6":"product_cat--_","8":"pa_-zarok","9":"pa_-rustem-felat","10":"pa_-kurmanci","11":"pa_--hiva-yayinlari","12":"desktop-align-left","13":"tablet-align-left","14":"mobile-align-left","16":"first","17":"instock","18":"shipping-taxable","19":"purchasable","20":"product-type-simple"},"yoast_head":"<!-- This site is optimized with the Yoast SEO plugin v27.4 - https:\/\/yoast.com\/product\/yoast-seo-wordpress\/ -->\n<title>Bajar\u00ea Zarokan - Rustem Felat - www.shanabooks.de<\/title>\n<meta name=\"description\" content=\"Bajar\u00ea Zarokan - Rustem Felat Taybetmendiya \u201cBajar\u00ea Zarokan\u201d ev e ku bi r\u00eaya \u00e7\u00eerok\u00ea w\u00eaney\u00ea Amed\u00ea x\u00eaz dike. \u00c7\u00eerokek efs\u00fbn\u00ee ya ku di nav S\u00fbr\u00ea de derbas ...\" \/>\n<meta name=\"robots\" content=\"index, follow, max-snippet:-1, max-image-preview:large, max-video-preview:-1\" \/>\n<link rel=\"canonical\" href=\"https:\/\/shanabooks.de\/product\/bajare-zarokan-rustem-felat\/\" \/>\n<meta property=\"og:locale\" content=\"en_US\" \/>\n<meta property=\"og:type\" content=\"article\" \/>\n<meta property=\"og:title\" content=\"Bajar\u00ea Zarokan - Rustem Felat - www.shanabooks.de\" \/>\n<meta property=\"og:description\" content=\"Bajar\u00ea Zarokan - Rustem Felat Taybetmendiya \u201cBajar\u00ea Zarokan\u201d ev e ku bi r\u00eaya \u00e7\u00eerok\u00ea w\u00eaney\u00ea Amed\u00ea x\u00eaz dike. \u00c7\u00eerokek efs\u00fbn\u00ee ya ku di nav S\u00fbr\u00ea de derbas ...\" \/>\n<meta property=\"og:url\" content=\"https:\/\/shanabooks.de\/product\/bajare-zarokan-rustem-felat\/\" \/>\n<meta property=\"og:site_name\" content=\"www.shanabooks.de\" \/>\n<meta property=\"article:modified_time\" content=\"2024-04-08T16:51:10+00:00\" \/>\n<meta property=\"og:image\" content=\"https:\/\/shanabooks.de\/wp-content\/uploads\/2024\/03\/bajare-zarokann.jpg\" \/>\n\t<meta property=\"og:image:width\" content=\"189\" \/>\n\t<meta property=\"og:image:height\" content=\"266\" \/>\n\t<meta property=\"og:image:type\" content=\"image\/jpeg\" \/>\n<meta name=\"twitter:card\" content=\"summary_large_image\" \/>\n<meta name=\"twitter:label1\" content=\"Est. reading time\" \/>\n\t<meta name=\"twitter:data1\" content=\"2 minutes\" \/>\n<script type=\"application\/ld+json\" class=\"yoast-schema-graph\">{\"@context\":\"https:\\\/\\\/schema.org\",\"@graph\":[{\"@type\":\"WebPage\",\"@id\":\"https:\\\/\\\/shanabooks.de\\\/product\\\/bajare-zarokan-rustem-felat\\\/\",\"url\":\"https:\\\/\\\/shanabooks.de\\\/product\\\/bajare-zarokan-rustem-felat\\\/\",\"name\":\"Bajar\u00ea Zarokan - Rustem Felat - www.shanabooks.de\",\"isPartOf\":{\"@id\":\"https:\\\/\\\/shanabooks.de\\\/#website\"},\"primaryImageOfPage\":{\"@id\":\"https:\\\/\\\/shanabooks.de\\\/product\\\/bajare-zarokan-rustem-felat\\\/#primaryimage\"},\"image\":{\"@id\":\"https:\\\/\\\/shanabooks.de\\\/product\\\/bajare-zarokan-rustem-felat\\\/#primaryimage\"},\"thumbnailUrl\":\"https:\\\/\\\/shanabooks.de\\\/wp-content\\\/uploads\\\/2024\\\/03\\\/bajare-zarokann.jpg\",\"datePublished\":\"2024-03-03T11:50:48+00:00\",\"dateModified\":\"2024-04-08T16:51:10+00:00\",\"description\":\"Bajar\u00ea Zarokan - Rustem Felat Taybetmendiya \u201cBajar\u00ea Zarokan\u201d ev e ku bi r\u00eaya \u00e7\u00eerok\u00ea w\u00eaney\u00ea Amed\u00ea x\u00eaz dike. \u00c7\u00eerokek efs\u00fbn\u00ee ya ku di nav S\u00fbr\u00ea de derbas ...\",\"breadcrumb\":{\"@id\":\"https:\\\/\\\/shanabooks.de\\\/product\\\/bajare-zarokan-rustem-felat\\\/#breadcrumb\"},\"inLanguage\":\"kur\",\"potentialAction\":[{\"@type\":\"ReadAction\",\"target\":[\"https:\\\/\\\/shanabooks.de\\\/product\\\/bajare-zarokan-rustem-felat\\\/\"]}]},{\"@type\":\"ImageObject\",\"inLanguage\":\"kur\",\"@id\":\"https:\\\/\\\/shanabooks.de\\\/product\\\/bajare-zarokan-rustem-felat\\\/#primaryimage\",\"url\":\"https:\\\/\\\/shanabooks.de\\\/wp-content\\\/uploads\\\/2024\\\/03\\\/bajare-zarokann.jpg\",\"contentUrl\":\"https:\\\/\\\/shanabooks.de\\\/wp-content\\\/uploads\\\/2024\\\/03\\\/bajare-zarokann.jpg\",\"width\":189,\"height\":266,\"caption\":\"Bajar\u00ea Zarokan - Rustem Felat - pirt\u00fbk\u00ean kurd\u00ee - \u00e7\u00eerok\u00ean zarokan\"},{\"@type\":\"BreadcrumbList\",\"@id\":\"https:\\\/\\\/shanabooks.de\\\/product\\\/bajare-zarokan-rustem-felat\\\/#breadcrumb\",\"itemListElement\":[{\"@type\":\"ListItem\",\"position\":1,\"name\":\"\u0627\u0644\u0631\u0626\u064a\u0633\u064a\u0629\",\"item\":\"https:\\\/\\\/shanabooks.de\\\/kur\\\/\"},{\"@type\":\"ListItem\",\"position\":2,\"name\":\"\u0627\u0644\u0645\u0646\u062a\u062c\u0627\u062a\",\"item\":\"https:\\\/\\\/shanabooks.de\\\/shop\\\/\"},{\"@type\":\"ListItem\",\"position\":3,\"name\":\"Bajar\u00ea Zarokan\"}]},{\"@type\":\"WebSite\",\"@id\":\"https:\\\/\\\/shanabooks.de\\\/#website\",\"url\":\"https:\\\/\\\/shanabooks.de\\\/\",\"name\":\"www.shanbooks.de\",\"description\":\"C\u00eehana Pirt\u00fbk\u00ean Kurd\u00ee \u0645\u0643\u062a\u0628\u0629 \u0634\u0627\u0646\u0627 \u0641\u064a \u0627\u0644\u0645\u0627\u0646\u064a\u0627 \u0648\u0623\u0648\u0631\u0628\u0627\",\"publisher\":{\"@id\":\"https:\\\/\\\/shanabooks.de\\\/#organization\"},\"potentialAction\":[{\"@type\":\"SearchAction\",\"target\":{\"@type\":\"EntryPoint\",\"urlTemplate\":\"https:\\\/\\\/shanabooks.de\\\/?s={search_term_string}\"},\"query-input\":{\"@type\":\"PropertyValueSpecification\",\"valueRequired\":true,\"valueName\":\"search_term_string\"}}],\"inLanguage\":\"kur\"},{\"@type\":\"Organization\",\"@id\":\"https:\\\/\\\/shanabooks.de\\\/#organization\",\"name\":\"www.shanbooks.de\",\"url\":\"https:\\\/\\\/shanabooks.de\\\/\",\"logo\":{\"@type\":\"ImageObject\",\"inLanguage\":\"kur\",\"@id\":\"https:\\\/\\\/shanabooks.de\\\/#\\\/schema\\\/logo\\\/image\\\/\",\"url\":\"https:\\\/\\\/shanabooks.de\\\/wp-content\\\/uploads\\\/2024\\\/03\\\/SHANABOOKS__2_-removebg-preview.png\",\"contentUrl\":\"https:\\\/\\\/shanabooks.de\\\/wp-content\\\/uploads\\\/2024\\\/03\\\/SHANABOOKS__2_-removebg-preview.png\",\"width\":700,\"height\":150,\"caption\":\"www.shanbooks.de\"},\"image\":{\"@id\":\"https:\\\/\\\/shanabooks.de\\\/#\\\/schema\\\/logo\\\/image\\\/\"}}]}<\/script>\n<!-- \/ Yoast SEO plugin. -->","yoast_head_json":{"title":"Bajar\u00ea Zarokan - Rustem Felat - www.shanabooks.de","description":"Bajar\u00ea Zarokan - Rustem Felat Taybetmendiya \u201cBajar\u00ea Zarokan\u201d ev e ku bi r\u00eaya \u00e7\u00eerok\u00ea w\u00eaney\u00ea Amed\u00ea x\u00eaz dike. \u00c7\u00eerokek efs\u00fbn\u00ee ya ku di nav S\u00fbr\u00ea de derbas ...","robots":{"index":"index","follow":"follow","max-snippet":"max-snippet:-1","max-image-preview":"max-image-preview:large","max-video-preview":"max-video-preview:-1"},"canonical":"https:\/\/shanabooks.de\/product\/bajare-zarokan-rustem-felat\/","og_locale":"en_US","og_type":"article","og_title":"Bajar\u00ea Zarokan - Rustem Felat - www.shanabooks.de","og_description":"Bajar\u00ea Zarokan - Rustem Felat Taybetmendiya \u201cBajar\u00ea Zarokan\u201d ev e ku bi r\u00eaya \u00e7\u00eerok\u00ea w\u00eaney\u00ea Amed\u00ea x\u00eaz dike. \u00c7\u00eerokek efs\u00fbn\u00ee ya ku di nav S\u00fbr\u00ea de derbas ...","og_url":"https:\/\/shanabooks.de\/product\/bajare-zarokan-rustem-felat\/","og_site_name":"www.shanabooks.de","article_modified_time":"2024-04-08T16:51:10+00:00","og_image":[{"width":189,"height":266,"url":"https:\/\/shanabooks.de\/wp-content\/uploads\/2024\/03\/bajare-zarokann.jpg","type":"image\/jpeg"}],"twitter_card":"summary_large_image","twitter_misc":{"Est. reading time":"2 minutes"},"schema":{"@context":"https:\/\/schema.org","@graph":[{"@type":"WebPage","@id":"https:\/\/shanabooks.de\/product\/bajare-zarokan-rustem-felat\/","url":"https:\/\/shanabooks.de\/product\/bajare-zarokan-rustem-felat\/","name":"Bajar\u00ea Zarokan - Rustem Felat - www.shanabooks.de","isPartOf":{"@id":"https:\/\/shanabooks.de\/#website"},"primaryImageOfPage":{"@id":"https:\/\/shanabooks.de\/product\/bajare-zarokan-rustem-felat\/#primaryimage"},"image":{"@id":"https:\/\/shanabooks.de\/product\/bajare-zarokan-rustem-felat\/#primaryimage"},"thumbnailUrl":"https:\/\/shanabooks.de\/wp-content\/uploads\/2024\/03\/bajare-zarokann.jpg","datePublished":"2024-03-03T11:50:48+00:00","dateModified":"2024-04-08T16:51:10+00:00","description":"Bajar\u00ea Zarokan - Rustem Felat Taybetmendiya \u201cBajar\u00ea Zarokan\u201d ev e ku bi r\u00eaya \u00e7\u00eerok\u00ea w\u00eaney\u00ea Amed\u00ea x\u00eaz dike. \u00c7\u00eerokek efs\u00fbn\u00ee ya ku di nav S\u00fbr\u00ea de derbas ...","breadcrumb":{"@id":"https:\/\/shanabooks.de\/product\/bajare-zarokan-rustem-felat\/#breadcrumb"},"inLanguage":"kur","potentialAction":[{"@type":"ReadAction","target":["https:\/\/shanabooks.de\/product\/bajare-zarokan-rustem-felat\/"]}]},{"@type":"ImageObject","inLanguage":"kur","@id":"https:\/\/shanabooks.de\/product\/bajare-zarokan-rustem-felat\/#primaryimage","url":"https:\/\/shanabooks.de\/wp-content\/uploads\/2024\/03\/bajare-zarokann.jpg","contentUrl":"https:\/\/shanabooks.de\/wp-content\/uploads\/2024\/03\/bajare-zarokann.jpg","width":189,"height":266,"caption":"Bajar\u00ea Zarokan - Rustem Felat - pirt\u00fbk\u00ean kurd\u00ee - \u00e7\u00eerok\u00ean zarokan"},{"@type":"BreadcrumbList","@id":"https:\/\/shanabooks.de\/product\/bajare-zarokan-rustem-felat\/#breadcrumb","itemListElement":[{"@type":"ListItem","position":1,"name":"\u0627\u0644\u0631\u0626\u064a\u0633\u064a\u0629","item":"https:\/\/shanabooks.de\/kur\/"},{"@type":"ListItem","position":2,"name":"\u0627\u0644\u0645\u0646\u062a\u062c\u0627\u062a","item":"https:\/\/shanabooks.de\/shop\/"},{"@type":"ListItem","position":3,"name":"Bajar\u00ea Zarokan"}]},{"@type":"WebSite","@id":"https:\/\/shanabooks.de\/#website","url":"https:\/\/shanabooks.de\/","name":"www.shanbooks.de","description":"C\u00eehana Pirt\u00fbk\u00ean Kurd\u00ee \u0645\u0643\u062a\u0628\u0629 \u0634\u0627\u0646\u0627 \u0641\u064a \u0627\u0644\u0645\u0627\u0646\u064a\u0627 \u0648\u0623\u0648\u0631\u0628\u0627","publisher":{"@id":"https:\/\/shanabooks.de\/#organization"},"potentialAction":[{"@type":"SearchAction","target":{"@type":"EntryPoint","urlTemplate":"https:\/\/shanabooks.de\/?s={search_term_string}"},"query-input":{"@type":"PropertyValueSpecification","valueRequired":true,"valueName":"search_term_string"}}],"inLanguage":"kur"},{"@type":"Organization","@id":"https:\/\/shanabooks.de\/#organization","name":"www.shanbooks.de","url":"https:\/\/shanabooks.de\/","logo":{"@type":"ImageObject","inLanguage":"kur","@id":"https:\/\/shanabooks.de\/#\/schema\/logo\/image\/","url":"https:\/\/shanabooks.de\/wp-content\/uploads\/2024\/03\/SHANABOOKS__2_-removebg-preview.png","contentUrl":"https:\/\/shanabooks.de\/wp-content\/uploads\/2024\/03\/SHANABOOKS__2_-removebg-preview.png","width":700,"height":150,"caption":"www.shanbooks.de"},"image":{"@id":"https:\/\/shanabooks.de\/#\/schema\/logo\/image\/"}}]}},"jetpack_sharing_enabled":true,"_links":{"self":[{"href":"https:\/\/shanabooks.de\/kur\/wp-json\/wp\/v2\/product\/11608","targetHints":{"allow":["GET"]}}],"collection":[{"href":"https:\/\/shanabooks.de\/kur\/wp-json\/wp\/v2\/product"}],"about":[{"href":"https:\/\/shanabooks.de\/kur\/wp-json\/wp\/v2\/types\/product"}],"version-history":[{"count":3,"href":"https:\/\/shanabooks.de\/kur\/wp-json\/wp\/v2\/product\/11608\/revisions"}],"predecessor-version":[{"id":23356,"href":"https:\/\/shanabooks.de\/kur\/wp-json\/wp\/v2\/product\/11608\/revisions\/23356"}],"wp:featuredmedia":[{"embeddable":true,"href":"https:\/\/shanabooks.de\/kur\/wp-json\/wp\/v2\/media\/11684"}],"wp:attachment":[{"href":"https:\/\/shanabooks.de\/kur\/wp-json\/wp\/v2\/media?parent=11608"}],"wp:term":[{"taxonomy":"product_brand","embeddable":true,"href":"https:\/\/shanabooks.de\/kur\/wp-json\/wp\/v2\/product_brand?post=11608"},{"taxonomy":"product_cat","embeddable":true,"href":"https:\/\/shanabooks.de\/kur\/wp-json\/wp\/v2\/product_cat?post=11608"},{"taxonomy":"product_tag","embeddable":true,"href":"https:\/\/shanabooks.de\/kur\/wp-json\/wp\/v2\/product_tag?post=11608"}],"curies":[{"name":"wp","href":"https:\/\/api.w.org\/{rel}","templated":true}]}}