{"id":11613,"date":"2024-03-03T11:50:49","date_gmt":"2024-03-03T11:50:49","guid":{"rendered":"https:\/\/shanabooks.de\/?post_type=product&#038;p=11613"},"modified":"2026-04-27T16:23:21","modified_gmt":"2026-04-27T16:23:21","slug":"hinker-asta-yekemin-sami-tan","status":"publish","type":"product","link":"https:\/\/shanabooks.de\/kur\/product\/hinker-asta-yekemin-sami-tan\/","title":{"rendered":"H\u00eenker asta yekem\u00een 1"},"content":{"rendered":"<p dir=\"ltr\" style=\"text-align: left\"><strong>H\u00eenker asta yekem\u00een &#8211; Sam\u00ee Tan\u00a0<\/strong><\/p>\n<p dir=\"ltr\" style=\"text-align: left\">H\u00eenker asta yekem\u00een bi hevkariya Sam\u00ee Tan \u00fb Ronay\u00ee Onen.<\/p>\n<div class=\"ozet\" style=\"text-align: left\">\n<p>Ev pirt\u00fbka li ber dest\u00ean we, pirt\u00fbka asta yekem\u00een a setek\u00ea ye. Bi v\u00ea pirt\u00fbka asta yekem\u00een, kes\u00ean ku qet bi kurmanci nizanin d\u00ea bikarin li gor\u00ee mijar\u00ea peyv \u00fb t\u00eagih\u00ean p\u00eaw\u00eest \u00fb hin mijar\u00ean r\u00eaziman\u00ee h\u00een bibin \u00fb bi hindariy\u00ean cur bi cur behre- mend\u00eeya xwendin, t\u00eagih\u00ee\u015ftin \u00fb niv\u00eesandina kurmanc\u00ee bi p\u00ea\u015f bixin.<br \/>\nKes\u00ean ku dixwazin kurmanc\u00ee h\u00een bibin, ev pirt\u00fbk de bi r\u00eani\u015fanderiya mamosteyan wan bigih\u00eene asta duyem\u00een.<br \/>\nDi v\u00ea pirt\u00fbk\u00ea de;<br \/>\nDiyalog \u00fb niv\u00ees\u00ean kurt \u00fb sivik \u2022<br \/>\nPirs \u00fb xa\u00e7epirs\u00ean bikaran\u00eena ziman\u00ee Mijar\u00ean r\u00eaziman\u00ee \u00fb h\u00eendariy\u00ean t\u00eakildar\u00ee wan \u2022<br \/>\nLi dawiya her un\u00eetey\u00ea spartek\u00ean bi h\u00eendariy\u00ean cur bi cur Nim\u00fbney\u00ean biker ji stran, helbest \u00fb zargotina kurd\u00ee Listeya l\u00eakeran bi ki\u015fandina li gor\u00ee dema bor\u00ee, dema niha \u00fb raweya ferman\u00ee \u2022<br \/>\nBersivdanka hindar\u00ee \u00fb spartekan H\u00fbn dixwazin kurd\u00ee z\u00fb f\u00ear bibin l\u00ea \u00e7avkaniy\u00ea k\u00earhat\u00ee li ber dest\u00ea we n\u00eene?<br \/>\nBi Seta H\u00eenker\u00ea re ev problem ji bin\u00ee de \u00e7areser dibe. Xebata ku ji aliy\u00ea mamostey\u00ean Enst\u00eetuya Kurd\u00ee ya Stenbol\u00ea ve li gor qaidey\u00ean f\u00earkirina ziman hatiye amadekirin. Bi veg\u00earaneke h\u00easan \u00fb k\u00earhat\u00ee ya mijar\u00ean r\u00eaziman\u00ea, bi pirs, rah\u00eanan, d\u00eemen \u00fb l\u00eestik\u00ean ku mirov li kurd\u00ee germ dikin, ev kit\u00eab d\u00ea bibe mifteyek xwe\u015fik bo h\u00eenb\u00fbna kurd\u00ee. Kurd\u00ee ti car\u00ee ewqas\u00ee bik\u00eafxwe\u015f\u00ee \u00fb z\u00fb nehatib\u00fb f\u00earkirin. Keremkin h\u00fbn bi xwe tecrube bikin!<\/p>\n<\/div>\n","protected":false},"excerpt":{"rendered":"<p dir=\"ltr\" style=\"text-align: center\"><strong><span style=\"color: #333333\">Pirt\u00fbk: H\u00eenker asta yekem\u00een 1<br \/>\nNiv\u00eeskar: Ronay\u00ee Onen \u00fb Sam\u00ee Tan<\/span><\/strong><br \/>\n<strong><span style=\"color: #333333\">Cure: Perwerde\u00a0<\/span><\/strong><\/p>\n","protected":false},"featured_media":5444,"template":"","meta":{"site-sidebar-layout":"default","site-content-layout":"","ast-site-content-layout":"default","site-content-style":"default","site-sidebar-style":"default","ast-global-header-display":"","ast-banner-title-visibility":"","ast-main-header-display":"","ast-hfb-above-header-display":"","ast-hfb-below-header-display":"","ast-hfb-mobile-header-display":"","site-post-title":"","ast-breadcrumbs-content":"","ast-featured-img":"","footer-sml-layout":"","ast-disable-related-posts":"","theme-transparent-header-meta":"default","adv-header-id-meta":"","stick-header-meta":"","header-above-stick-meta":"","header-main-stick-meta":"","header-below-stick-meta":"","astra-migrate-meta-layouts":"set","ast-page-background-enabled":"default","ast-page-background-meta":{"desktop":{"background-color":"","background-image":"","background-repeat":"repeat","background-position":"center center","background-size":"auto","background-attachment":"scroll","background-type":"","background-media":"","overlay-type":"","overlay-color":"","overlay-opacity":"","overlay-gradient":""},"tablet":{"background-color":"","background-image":"","background-repeat":"repeat","background-position":"center center","background-size":"auto","background-attachment":"scroll","background-type":"","background-media":"","overlay-type":"","overlay-color":"","overlay-opacity":"","overlay-gradient":""},"mobile":{"background-color":"","background-image":"","background-repeat":"repeat","background-position":"center center","background-size":"auto","background-attachment":"scroll","background-type":"","background-media":"","overlay-type":"","overlay-color":"","overlay-opacity":"","overlay-gradient":""}},"ast-content-background-meta":{"desktop":{"background-color":"var(--ast-global-color-5)","background-image":"","background-repeat":"repeat","background-position":"center center","background-size":"auto","background-attachment":"scroll","background-type":"","background-media":"","overlay-type":"","overlay-color":"","overlay-opacity":"","overlay-gradient":""},"tablet":{"background-color":"var(--ast-global-color-5)","background-image":"","background-repeat":"repeat","background-position":"center center","background-size":"auto","background-attachment":"scroll","background-type":"","background-media":"","overlay-type":"","overlay-color":"","overlay-opacity":"","overlay-gradient":""},"mobile":{"background-color":"var(--ast-global-color-5)","background-image":"","background-repeat":"repeat","background-position":"center center","background-size":"auto","background-attachment":"scroll","background-type":"","background-media":"","overlay-type":"","overlay-color":"","overlay-opacity":"","overlay-gradient":""}}},"product_brand":[],"product_cat":[178,193],"product_tag":[],"class_list":{"0":"post-11613","1":"product","2":"type-product","3":"status-publish","4":"has-post-thumbnail","6":"product_cat--_","8":"pa_-ferbuna-kurdi","9":"pa_-ronahi-onen","10":"pa_-sami-tan","11":"pa_-kurmanci","12":"pa_--enstituya-kurdi-ya-stenbol","13":"desktop-align-left","14":"tablet-align-left","15":"mobile-align-left","17":"first","18":"instock","19":"shipping-taxable","20":"purchasable","21":"product-type-simple"},"yoast_head":"<!-- This site is optimized with the Yoast SEO plugin v27.5 - https:\/\/yoast.com\/product\/yoast-seo-wordpress\/ -->\n<title>H\u00eenker asta yekem\u00een - Sam\u00ee Tan\u00a0 - www.shanabooks.de<\/title>\n<meta name=\"description\" content=\"H\u00eenker asta yekem\u00een - Sam\u00ee Tan Ev pirt\u00fbka li ber dest\u00ean we, pirt\u00fbka asta yekem\u00een a setek\u00ea ye. Bi v\u00ea pirt\u00fbka asta yekem\u00een, kes\u00ean ku qet bi kurmanci nizani...\" \/>\n<meta name=\"robots\" content=\"index, follow, max-snippet:-1, max-image-preview:large, max-video-preview:-1\" \/>\n<link rel=\"canonical\" href=\"https:\/\/shanabooks.de\/product\/hinker-asta-yekemin-sami-tan\/\" \/>\n<meta property=\"og:locale\" content=\"en_US\" \/>\n<meta property=\"og:type\" content=\"article\" \/>\n<meta property=\"og:title\" content=\"H\u00eenker asta yekem\u00een - Sam\u00ee Tan\u00a0 - www.shanabooks.de\" \/>\n<meta property=\"og:description\" content=\"H\u00eenker asta yekem\u00een - Sam\u00ee Tan Ev pirt\u00fbka li ber dest\u00ean we, pirt\u00fbka asta yekem\u00een a setek\u00ea ye. Bi v\u00ea pirt\u00fbka asta yekem\u00een, kes\u00ean ku qet bi kurmanci nizani...\" \/>\n<meta property=\"og:url\" content=\"https:\/\/shanabooks.de\/product\/hinker-asta-yekemin-sami-tan\/\" \/>\n<meta property=\"og:site_name\" content=\"www.shanabooks.de\" \/>\n<meta property=\"article:modified_time\" content=\"2026-04-27T16:23:21+00:00\" \/>\n<meta property=\"og:image\" content=\"https:\/\/shanabooks.de\/wp-content\/uploads\/2024\/01\/Hinker-1.png\" \/>\n\t<meta property=\"og:image:width\" content=\"366\" \/>\n\t<meta property=\"og:image:height\" content=\"472\" \/>\n\t<meta property=\"og:image:type\" content=\"image\/png\" \/>\n<meta name=\"twitter:card\" content=\"summary_large_image\" \/>\n<meta name=\"twitter:label1\" content=\"Est. reading time\" \/>\n\t<meta name=\"twitter:data1\" content=\"2 minutes\" \/>\n<script type=\"application\/ld+json\" class=\"yoast-schema-graph\">{\"@context\":\"https:\\\/\\\/schema.org\",\"@graph\":[{\"@type\":\"WebPage\",\"@id\":\"https:\\\/\\\/shanabooks.de\\\/product\\\/hinker-asta-yekemin-sami-tan\\\/\",\"url\":\"https:\\\/\\\/shanabooks.de\\\/product\\\/hinker-asta-yekemin-sami-tan\\\/\",\"name\":\"H\u00eenker asta yekem\u00een - Sam\u00ee Tan\u00a0 - www.shanabooks.de\",\"isPartOf\":{\"@id\":\"https:\\\/\\\/shanabooks.de\\\/#website\"},\"primaryImageOfPage\":{\"@id\":\"https:\\\/\\\/shanabooks.de\\\/product\\\/hinker-asta-yekemin-sami-tan\\\/#primaryimage\"},\"image\":{\"@id\":\"https:\\\/\\\/shanabooks.de\\\/product\\\/hinker-asta-yekemin-sami-tan\\\/#primaryimage\"},\"thumbnailUrl\":\"https:\\\/\\\/shanabooks.de\\\/wp-content\\\/uploads\\\/2024\\\/01\\\/Hinker-1.png\",\"datePublished\":\"2024-03-03T11:50:49+00:00\",\"dateModified\":\"2026-04-27T16:23:21+00:00\",\"description\":\"H\u00eenker asta yekem\u00een - Sam\u00ee Tan Ev pirt\u00fbka li ber dest\u00ean we, pirt\u00fbka asta yekem\u00een a setek\u00ea ye. Bi v\u00ea pirt\u00fbka asta yekem\u00een, kes\u00ean ku qet bi kurmanci nizani...\",\"breadcrumb\":{\"@id\":\"https:\\\/\\\/shanabooks.de\\\/product\\\/hinker-asta-yekemin-sami-tan\\\/#breadcrumb\"},\"inLanguage\":\"kur\",\"potentialAction\":[{\"@type\":\"ReadAction\",\"target\":[\"https:\\\/\\\/shanabooks.de\\\/product\\\/hinker-asta-yekemin-sami-tan\\\/\"]}]},{\"@type\":\"ImageObject\",\"inLanguage\":\"kur\",\"@id\":\"https:\\\/\\\/shanabooks.de\\\/product\\\/hinker-asta-yekemin-sami-tan\\\/#primaryimage\",\"url\":\"https:\\\/\\\/shanabooks.de\\\/wp-content\\\/uploads\\\/2024\\\/01\\\/Hinker-1.png\",\"contentUrl\":\"https:\\\/\\\/shanabooks.de\\\/wp-content\\\/uploads\\\/2024\\\/01\\\/Hinker-1.png\",\"width\":366,\"height\":472,\"caption\":\"H\u00eenker asta yekem\u00een - Sam\u00ee Tan - pirt\u00fbk\u00ean kurd\u00ee\"},{\"@type\":\"BreadcrumbList\",\"@id\":\"https:\\\/\\\/shanabooks.de\\\/product\\\/hinker-asta-yekemin-sami-tan\\\/#breadcrumb\",\"itemListElement\":[{\"@type\":\"ListItem\",\"position\":1,\"name\":\"\u0627\u0644\u0631\u0626\u064a\u0633\u064a\u0629\",\"item\":\"https:\\\/\\\/shanabooks.de\\\/kur\\\/\"},{\"@type\":\"ListItem\",\"position\":2,\"name\":\"\u0627\u0644\u0645\u0646\u062a\u062c\u0627\u062a\",\"item\":\"https:\\\/\\\/shanabooks.de\\\/shop\\\/\"},{\"@type\":\"ListItem\",\"position\":3,\"name\":\"H\u00eenker asta yekem\u00een 1\"}]},{\"@type\":\"WebSite\",\"@id\":\"https:\\\/\\\/shanabooks.de\\\/#website\",\"url\":\"https:\\\/\\\/shanabooks.de\\\/\",\"name\":\"www.shanbooks.de\",\"description\":\"C\u00eehana Pirt\u00fbk\u00ean Kurd\u00ee \u0645\u0643\u062a\u0628\u0629 \u0634\u0627\u0646\u0627 \u0641\u064a \u0627\u0644\u0645\u0627\u0646\u064a\u0627 \u0648\u0623\u0648\u0631\u0628\u0627\",\"publisher\":{\"@id\":\"https:\\\/\\\/shanabooks.de\\\/#organization\"},\"potentialAction\":[{\"@type\":\"SearchAction\",\"target\":{\"@type\":\"EntryPoint\",\"urlTemplate\":\"https:\\\/\\\/shanabooks.de\\\/?s={search_term_string}\"},\"query-input\":{\"@type\":\"PropertyValueSpecification\",\"valueRequired\":true,\"valueName\":\"search_term_string\"}}],\"inLanguage\":\"kur\"},{\"@type\":\"Organization\",\"@id\":\"https:\\\/\\\/shanabooks.de\\\/#organization\",\"name\":\"www.shanbooks.de\",\"url\":\"https:\\\/\\\/shanabooks.de\\\/\",\"logo\":{\"@type\":\"ImageObject\",\"inLanguage\":\"kur\",\"@id\":\"https:\\\/\\\/shanabooks.de\\\/#\\\/schema\\\/logo\\\/image\\\/\",\"url\":\"https:\\\/\\\/shanabooks.de\\\/wp-content\\\/uploads\\\/2024\\\/03\\\/SHANABOOKS__2_-removebg-preview.png\",\"contentUrl\":\"https:\\\/\\\/shanabooks.de\\\/wp-content\\\/uploads\\\/2024\\\/03\\\/SHANABOOKS__2_-removebg-preview.png\",\"width\":700,\"height\":150,\"caption\":\"www.shanbooks.de\"},\"image\":{\"@id\":\"https:\\\/\\\/shanabooks.de\\\/#\\\/schema\\\/logo\\\/image\\\/\"}}]}<\/script>\n<!-- \/ Yoast SEO plugin. -->","yoast_head_json":{"title":"H\u00eenker asta yekem\u00een - Sam\u00ee Tan\u00a0 - www.shanabooks.de","description":"H\u00eenker asta yekem\u00een - Sam\u00ee Tan Ev pirt\u00fbka li ber dest\u00ean we, pirt\u00fbka asta yekem\u00een a setek\u00ea ye. Bi v\u00ea pirt\u00fbka asta yekem\u00een, kes\u00ean ku qet bi kurmanci nizani...","robots":{"index":"index","follow":"follow","max-snippet":"max-snippet:-1","max-image-preview":"max-image-preview:large","max-video-preview":"max-video-preview:-1"},"canonical":"https:\/\/shanabooks.de\/product\/hinker-asta-yekemin-sami-tan\/","og_locale":"en_US","og_type":"article","og_title":"H\u00eenker asta yekem\u00een - Sam\u00ee Tan\u00a0 - www.shanabooks.de","og_description":"H\u00eenker asta yekem\u00een - Sam\u00ee Tan Ev pirt\u00fbka li ber dest\u00ean we, pirt\u00fbka asta yekem\u00een a setek\u00ea ye. Bi v\u00ea pirt\u00fbka asta yekem\u00een, kes\u00ean ku qet bi kurmanci nizani...","og_url":"https:\/\/shanabooks.de\/product\/hinker-asta-yekemin-sami-tan\/","og_site_name":"www.shanabooks.de","article_modified_time":"2026-04-27T16:23:21+00:00","og_image":[{"width":366,"height":472,"url":"https:\/\/shanabooks.de\/wp-content\/uploads\/2024\/01\/Hinker-1.png","type":"image\/png"}],"twitter_card":"summary_large_image","twitter_misc":{"Est. reading time":"2 minutes"},"schema":{"@context":"https:\/\/schema.org","@graph":[{"@type":"WebPage","@id":"https:\/\/shanabooks.de\/product\/hinker-asta-yekemin-sami-tan\/","url":"https:\/\/shanabooks.de\/product\/hinker-asta-yekemin-sami-tan\/","name":"H\u00eenker asta yekem\u00een - Sam\u00ee Tan\u00a0 - www.shanabooks.de","isPartOf":{"@id":"https:\/\/shanabooks.de\/#website"},"primaryImageOfPage":{"@id":"https:\/\/shanabooks.de\/product\/hinker-asta-yekemin-sami-tan\/#primaryimage"},"image":{"@id":"https:\/\/shanabooks.de\/product\/hinker-asta-yekemin-sami-tan\/#primaryimage"},"thumbnailUrl":"https:\/\/shanabooks.de\/wp-content\/uploads\/2024\/01\/Hinker-1.png","datePublished":"2024-03-03T11:50:49+00:00","dateModified":"2026-04-27T16:23:21+00:00","description":"H\u00eenker asta yekem\u00een - Sam\u00ee Tan Ev pirt\u00fbka li ber dest\u00ean we, pirt\u00fbka asta yekem\u00een a setek\u00ea ye. Bi v\u00ea pirt\u00fbka asta yekem\u00een, kes\u00ean ku qet bi kurmanci nizani...","breadcrumb":{"@id":"https:\/\/shanabooks.de\/product\/hinker-asta-yekemin-sami-tan\/#breadcrumb"},"inLanguage":"kur","potentialAction":[{"@type":"ReadAction","target":["https:\/\/shanabooks.de\/product\/hinker-asta-yekemin-sami-tan\/"]}]},{"@type":"ImageObject","inLanguage":"kur","@id":"https:\/\/shanabooks.de\/product\/hinker-asta-yekemin-sami-tan\/#primaryimage","url":"https:\/\/shanabooks.de\/wp-content\/uploads\/2024\/01\/Hinker-1.png","contentUrl":"https:\/\/shanabooks.de\/wp-content\/uploads\/2024\/01\/Hinker-1.png","width":366,"height":472,"caption":"H\u00eenker asta yekem\u00een - Sam\u00ee Tan - pirt\u00fbk\u00ean kurd\u00ee"},{"@type":"BreadcrumbList","@id":"https:\/\/shanabooks.de\/product\/hinker-asta-yekemin-sami-tan\/#breadcrumb","itemListElement":[{"@type":"ListItem","position":1,"name":"\u0627\u0644\u0631\u0626\u064a\u0633\u064a\u0629","item":"https:\/\/shanabooks.de\/kur\/"},{"@type":"ListItem","position":2,"name":"\u0627\u0644\u0645\u0646\u062a\u062c\u0627\u062a","item":"https:\/\/shanabooks.de\/shop\/"},{"@type":"ListItem","position":3,"name":"H\u00eenker asta yekem\u00een 1"}]},{"@type":"WebSite","@id":"https:\/\/shanabooks.de\/#website","url":"https:\/\/shanabooks.de\/","name":"www.shanbooks.de","description":"C\u00eehana Pirt\u00fbk\u00ean Kurd\u00ee \u0645\u0643\u062a\u0628\u0629 \u0634\u0627\u0646\u0627 \u0641\u064a \u0627\u0644\u0645\u0627\u0646\u064a\u0627 \u0648\u0623\u0648\u0631\u0628\u0627","publisher":{"@id":"https:\/\/shanabooks.de\/#organization"},"potentialAction":[{"@type":"SearchAction","target":{"@type":"EntryPoint","urlTemplate":"https:\/\/shanabooks.de\/?s={search_term_string}"},"query-input":{"@type":"PropertyValueSpecification","valueRequired":true,"valueName":"search_term_string"}}],"inLanguage":"kur"},{"@type":"Organization","@id":"https:\/\/shanabooks.de\/#organization","name":"www.shanbooks.de","url":"https:\/\/shanabooks.de\/","logo":{"@type":"ImageObject","inLanguage":"kur","@id":"https:\/\/shanabooks.de\/#\/schema\/logo\/image\/","url":"https:\/\/shanabooks.de\/wp-content\/uploads\/2024\/03\/SHANABOOKS__2_-removebg-preview.png","contentUrl":"https:\/\/shanabooks.de\/wp-content\/uploads\/2024\/03\/SHANABOOKS__2_-removebg-preview.png","width":700,"height":150,"caption":"www.shanbooks.de"},"image":{"@id":"https:\/\/shanabooks.de\/#\/schema\/logo\/image\/"}}]}},"jetpack_sharing_enabled":true,"_links":{"self":[{"href":"https:\/\/shanabooks.de\/kur\/wp-json\/wp\/v2\/product\/11613","targetHints":{"allow":["GET"]}}],"collection":[{"href":"https:\/\/shanabooks.de\/kur\/wp-json\/wp\/v2\/product"}],"about":[{"href":"https:\/\/shanabooks.de\/kur\/wp-json\/wp\/v2\/types\/product"}],"version-history":[{"count":3,"href":"https:\/\/shanabooks.de\/kur\/wp-json\/wp\/v2\/product\/11613\/revisions"}],"predecessor-version":[{"id":11769,"href":"https:\/\/shanabooks.de\/kur\/wp-json\/wp\/v2\/product\/11613\/revisions\/11769"}],"wp:featuredmedia":[{"embeddable":true,"href":"https:\/\/shanabooks.de\/kur\/wp-json\/wp\/v2\/media\/5444"}],"wp:attachment":[{"href":"https:\/\/shanabooks.de\/kur\/wp-json\/wp\/v2\/media?parent=11613"}],"wp:term":[{"taxonomy":"product_brand","embeddable":true,"href":"https:\/\/shanabooks.de\/kur\/wp-json\/wp\/v2\/product_brand?post=11613"},{"taxonomy":"product_cat","embeddable":true,"href":"https:\/\/shanabooks.de\/kur\/wp-json\/wp\/v2\/product_cat?post=11613"},{"taxonomy":"product_tag","embeddable":true,"href":"https:\/\/shanabooks.de\/kur\/wp-json\/wp\/v2\/product_tag?post=11613"}],"curies":[{"name":"wp","href":"https:\/\/api.w.org\/{rel}","templated":true}]}}