{"id":11617,"date":"2024-03-03T11:50:49","date_gmt":"2024-03-03T11:50:49","guid":{"rendered":"https:\/\/shanabooks.de\/?post_type=product&#038;p=11617"},"modified":"2026-04-26T17:35:56","modified_gmt":"2026-04-26T17:35:56","slug":"seta-hinker-1-2-3-sami-tan","status":"publish","type":"product","link":"https:\/\/shanabooks.de\/kur\/product\/seta-hinker-1-2-3-sami-tan\/","title":{"rendered":"Seta H\u00eenker 1-2-3"},"content":{"rendered":"<p dir=\"ltr\"><strong>Seta H\u00eenker 1-2-3 Sam\u00ee Tan<br \/>\n<\/strong><\/p>\n<p dir=\"ltr\">H\u00eenker asta, yekem\u00een 1, duyem\u00een 2 \u00fb s\u00eayem\u00een 3<br \/>\nBi hevkariya Sam\u00ee Tan \u00fb Ronay\u00ee Onen.<\/p>\n<p dir=\"ltr\"><em><strong>H\u00eenker: 1<\/strong><\/em><br \/>\n<em><strong>H\u00eenker: 2<\/strong><\/em><br \/>\n<em><strong>H\u00eenker: 3<br \/>\nEv her s\u00ea pirt\u00fbk wek set bi hev re t\u00ean firotin<\/strong><\/em><\/p>\n","protected":false},"excerpt":{"rendered":"<p dir=\"ltr\" style=\"text-align: center\"><strong>Pirt\u00fbk: H\u00eenker 1- H\u00eenker 2- H\u00eenker 3<br \/>\nNiv\u00eeskar: Sam\u00ee Tan &#8211; Ronay\u00ee Onen<\/strong><br \/>\n<strong>Cure: F\u00earkirin, Perwerde<\/strong><\/p>\n","protected":false},"featured_media":11692,"template":"","meta":{"site-sidebar-layout":"default","site-content-layout":"","ast-site-content-layout":"default","site-content-style":"default","site-sidebar-style":"default","ast-global-header-display":"","ast-banner-title-visibility":"","ast-main-header-display":"","ast-hfb-above-header-display":"","ast-hfb-below-header-display":"","ast-hfb-mobile-header-display":"","site-post-title":"","ast-breadcrumbs-content":"","ast-featured-img":"","footer-sml-layout":"","ast-disable-related-posts":"","theme-transparent-header-meta":"default","adv-header-id-meta":"","stick-header-meta":"","header-above-stick-meta":"","header-main-stick-meta":"","header-below-stick-meta":"","astra-migrate-meta-layouts":"set","ast-page-background-enabled":"default","ast-page-background-meta":{"desktop":{"background-color":"","background-image":"","background-repeat":"repeat","background-position":"center center","background-size":"auto","background-attachment":"scroll","background-type":"","background-media":"","overlay-type":"","overlay-color":"","overlay-opacity":"","overlay-gradient":""},"tablet":{"background-color":"","background-image":"","background-repeat":"repeat","background-position":"center center","background-size":"auto","background-attachment":"scroll","background-type":"","background-media":"","overlay-type":"","overlay-color":"","overlay-opacity":"","overlay-gradient":""},"mobile":{"background-color":"","background-image":"","background-repeat":"repeat","background-position":"center center","background-size":"auto","background-attachment":"scroll","background-type":"","background-media":"","overlay-type":"","overlay-color":"","overlay-opacity":"","overlay-gradient":""}},"ast-content-background-meta":{"desktop":{"background-color":"var(--ast-global-color-5)","background-image":"","background-repeat":"repeat","background-position":"center center","background-size":"auto","background-attachment":"scroll","background-type":"","background-media":"","overlay-type":"","overlay-color":"","overlay-opacity":"","overlay-gradient":""},"tablet":{"background-color":"var(--ast-global-color-5)","background-image":"","background-repeat":"repeat","background-position":"center center","background-size":"auto","background-attachment":"scroll","background-type":"","background-media":"","overlay-type":"","overlay-color":"","overlay-opacity":"","overlay-gradient":""},"mobile":{"background-color":"var(--ast-global-color-5)","background-image":"","background-repeat":"repeat","background-position":"center center","background-size":"auto","background-attachment":"scroll","background-type":"","background-media":"","overlay-type":"","overlay-color":"","overlay-opacity":"","overlay-gradient":""}}},"product_brand":[],"product_cat":[178,193],"product_tag":[],"class_list":{"0":"post-11617","1":"product","2":"type-product","3":"status-publish","4":"has-post-thumbnail","6":"product_cat--_","8":"pa_-ferbuna-kurdi","9":"pa_-ronahi-onen","10":"pa_-sami-tan","11":"pa_-kurmanci","12":"pa_--enstituya-kurdi-ya-stenbol","13":"desktop-align-left","14":"tablet-align-left","15":"mobile-align-left","17":"first","18":"instock","19":"shipping-taxable","20":"purchasable","21":"product-type-simple"},"yoast_head":"<!-- This site is optimized with the Yoast SEO plugin v27.5 - https:\/\/yoast.com\/product\/yoast-seo-wordpress\/ -->\n<title>Seta H\u00eenker 1-2-3 Sam\u00ee Tan - www.shanabooks.de<\/title>\n<meta name=\"description\" content=\"Seta H\u00eenker 1-2-3 Sam\u00ee Tan\u00a0H\u00eenker asta, yekem\u00een 1, duyem\u00een 2 \u00fb s\u00eayem\u00een 3Bi hevkariya Sam\u00ee Tan \u00fb Ronay\u00ee Onen. F\u00earb\u00fbna Kurd\u00ee Kurmanc\u00ee ...\" \/>\n<meta name=\"robots\" content=\"index, follow, max-snippet:-1, max-image-preview:large, max-video-preview:-1\" \/>\n<link rel=\"canonical\" href=\"https:\/\/shanabooks.de\/product\/seta-hinker-1-2-3-sami-tan\/\" \/>\n<meta property=\"og:locale\" content=\"en_US\" \/>\n<meta property=\"og:type\" content=\"article\" \/>\n<meta property=\"og:title\" content=\"Seta H\u00eenker 1-2-3 Sam\u00ee Tan - www.shanabooks.de\" \/>\n<meta property=\"og:description\" content=\"Seta H\u00eenker 1-2-3 Sam\u00ee Tan\u00a0H\u00eenker asta, yekem\u00een 1, duyem\u00een 2 \u00fb s\u00eayem\u00een 3Bi hevkariya Sam\u00ee Tan \u00fb Ronay\u00ee Onen. F\u00earb\u00fbna Kurd\u00ee Kurmanc\u00ee ...\" \/>\n<meta property=\"og:url\" content=\"https:\/\/shanabooks.de\/product\/seta-hinker-1-2-3-sami-tan\/\" \/>\n<meta property=\"og:site_name\" content=\"www.shanabooks.de\" \/>\n<meta property=\"article:modified_time\" content=\"2026-04-26T17:35:56+00:00\" \/>\n<meta property=\"og:image\" content=\"https:\/\/shanabooks.de\/wp-content\/uploads\/2024\/03\/Hinker-1.webp\" \/>\n\t<meta property=\"og:image:width\" content=\"400\" \/>\n\t<meta property=\"og:image:height\" content=\"555\" \/>\n\t<meta property=\"og:image:type\" content=\"image\/webp\" \/>\n<meta name=\"twitter:card\" content=\"summary_large_image\" \/>\n<meta name=\"twitter:label1\" content=\"Est. reading time\" \/>\n\t<meta name=\"twitter:data1\" content=\"1 minute\" \/>\n<script type=\"application\/ld+json\" class=\"yoast-schema-graph\">{\"@context\":\"https:\\\/\\\/schema.org\",\"@graph\":[{\"@type\":\"WebPage\",\"@id\":\"https:\\\/\\\/shanabooks.de\\\/product\\\/seta-hinker-1-2-3-sami-tan\\\/\",\"url\":\"https:\\\/\\\/shanabooks.de\\\/product\\\/seta-hinker-1-2-3-sami-tan\\\/\",\"name\":\"Seta H\u00eenker 1-2-3 Sam\u00ee Tan - www.shanabooks.de\",\"isPartOf\":{\"@id\":\"https:\\\/\\\/shanabooks.de\\\/#website\"},\"primaryImageOfPage\":{\"@id\":\"https:\\\/\\\/shanabooks.de\\\/product\\\/seta-hinker-1-2-3-sami-tan\\\/#primaryimage\"},\"image\":{\"@id\":\"https:\\\/\\\/shanabooks.de\\\/product\\\/seta-hinker-1-2-3-sami-tan\\\/#primaryimage\"},\"thumbnailUrl\":\"https:\\\/\\\/shanabooks.de\\\/wp-content\\\/uploads\\\/2024\\\/03\\\/Hinker-1.webp\",\"datePublished\":\"2024-03-03T11:50:49+00:00\",\"dateModified\":\"2026-04-26T17:35:56+00:00\",\"description\":\"Seta H\u00eenker 1-2-3 Sam\u00ee Tan\u00a0H\u00eenker asta, yekem\u00een 1, duyem\u00een 2 \u00fb s\u00eayem\u00een 3Bi hevkariya Sam\u00ee Tan \u00fb Ronay\u00ee Onen. F\u00earb\u00fbna Kurd\u00ee Kurmanc\u00ee ...\",\"breadcrumb\":{\"@id\":\"https:\\\/\\\/shanabooks.de\\\/product\\\/seta-hinker-1-2-3-sami-tan\\\/#breadcrumb\"},\"inLanguage\":\"kur\",\"potentialAction\":[{\"@type\":\"ReadAction\",\"target\":[\"https:\\\/\\\/shanabooks.de\\\/product\\\/seta-hinker-1-2-3-sami-tan\\\/\"]}]},{\"@type\":\"ImageObject\",\"inLanguage\":\"kur\",\"@id\":\"https:\\\/\\\/shanabooks.de\\\/product\\\/seta-hinker-1-2-3-sami-tan\\\/#primaryimage\",\"url\":\"https:\\\/\\\/shanabooks.de\\\/wp-content\\\/uploads\\\/2024\\\/03\\\/Hinker-1.webp\",\"contentUrl\":\"https:\\\/\\\/shanabooks.de\\\/wp-content\\\/uploads\\\/2024\\\/03\\\/Hinker-1.webp\",\"width\":400,\"height\":555,\"caption\":\"H\u00eenker 1 - Sam\u00ee Tan - Pirt\u00fbk\u00ean Kurd\u00ee\"},{\"@type\":\"BreadcrumbList\",\"@id\":\"https:\\\/\\\/shanabooks.de\\\/product\\\/seta-hinker-1-2-3-sami-tan\\\/#breadcrumb\",\"itemListElement\":[{\"@type\":\"ListItem\",\"position\":1,\"name\":\"\u0627\u0644\u0631\u0626\u064a\u0633\u064a\u0629\",\"item\":\"https:\\\/\\\/shanabooks.de\\\/kur\\\/\"},{\"@type\":\"ListItem\",\"position\":2,\"name\":\"\u0627\u0644\u0645\u0646\u062a\u062c\u0627\u062a\",\"item\":\"https:\\\/\\\/shanabooks.de\\\/shop\\\/\"},{\"@type\":\"ListItem\",\"position\":3,\"name\":\"Seta H\u00eenker 1-2-3\"}]},{\"@type\":\"WebSite\",\"@id\":\"https:\\\/\\\/shanabooks.de\\\/#website\",\"url\":\"https:\\\/\\\/shanabooks.de\\\/\",\"name\":\"www.shanbooks.de\",\"description\":\"C\u00eehana Pirt\u00fbk\u00ean Kurd\u00ee \u0645\u0643\u062a\u0628\u0629 \u0634\u0627\u0646\u0627 \u0641\u064a \u0627\u0644\u0645\u0627\u0646\u064a\u0627 \u0648\u0623\u0648\u0631\u0628\u0627\",\"publisher\":{\"@id\":\"https:\\\/\\\/shanabooks.de\\\/#organization\"},\"potentialAction\":[{\"@type\":\"SearchAction\",\"target\":{\"@type\":\"EntryPoint\",\"urlTemplate\":\"https:\\\/\\\/shanabooks.de\\\/?s={search_term_string}\"},\"query-input\":{\"@type\":\"PropertyValueSpecification\",\"valueRequired\":true,\"valueName\":\"search_term_string\"}}],\"inLanguage\":\"kur\"},{\"@type\":\"Organization\",\"@id\":\"https:\\\/\\\/shanabooks.de\\\/#organization\",\"name\":\"www.shanbooks.de\",\"url\":\"https:\\\/\\\/shanabooks.de\\\/\",\"logo\":{\"@type\":\"ImageObject\",\"inLanguage\":\"kur\",\"@id\":\"https:\\\/\\\/shanabooks.de\\\/#\\\/schema\\\/logo\\\/image\\\/\",\"url\":\"https:\\\/\\\/shanabooks.de\\\/wp-content\\\/uploads\\\/2024\\\/03\\\/SHANABOOKS__2_-removebg-preview.png\",\"contentUrl\":\"https:\\\/\\\/shanabooks.de\\\/wp-content\\\/uploads\\\/2024\\\/03\\\/SHANABOOKS__2_-removebg-preview.png\",\"width\":700,\"height\":150,\"caption\":\"www.shanbooks.de\"},\"image\":{\"@id\":\"https:\\\/\\\/shanabooks.de\\\/#\\\/schema\\\/logo\\\/image\\\/\"}}]}<\/script>\n<!-- \/ Yoast SEO plugin. -->","yoast_head_json":{"title":"Seta H\u00eenker 1-2-3 Sam\u00ee Tan - www.shanabooks.de","description":"Seta H\u00eenker 1-2-3 Sam\u00ee Tan\u00a0H\u00eenker asta, yekem\u00een 1, duyem\u00een 2 \u00fb s\u00eayem\u00een 3Bi hevkariya Sam\u00ee Tan \u00fb Ronay\u00ee Onen. F\u00earb\u00fbna Kurd\u00ee Kurmanc\u00ee ...","robots":{"index":"index","follow":"follow","max-snippet":"max-snippet:-1","max-image-preview":"max-image-preview:large","max-video-preview":"max-video-preview:-1"},"canonical":"https:\/\/shanabooks.de\/product\/seta-hinker-1-2-3-sami-tan\/","og_locale":"en_US","og_type":"article","og_title":"Seta H\u00eenker 1-2-3 Sam\u00ee Tan - www.shanabooks.de","og_description":"Seta H\u00eenker 1-2-3 Sam\u00ee Tan\u00a0H\u00eenker asta, yekem\u00een 1, duyem\u00een 2 \u00fb s\u00eayem\u00een 3Bi hevkariya Sam\u00ee Tan \u00fb Ronay\u00ee Onen. F\u00earb\u00fbna Kurd\u00ee Kurmanc\u00ee ...","og_url":"https:\/\/shanabooks.de\/product\/seta-hinker-1-2-3-sami-tan\/","og_site_name":"www.shanabooks.de","article_modified_time":"2026-04-26T17:35:56+00:00","og_image":[{"width":400,"height":555,"url":"https:\/\/shanabooks.de\/wp-content\/uploads\/2024\/03\/Hinker-1.webp","type":"image\/webp"}],"twitter_card":"summary_large_image","twitter_misc":{"Est. reading time":"1 minute"},"schema":{"@context":"https:\/\/schema.org","@graph":[{"@type":"WebPage","@id":"https:\/\/shanabooks.de\/product\/seta-hinker-1-2-3-sami-tan\/","url":"https:\/\/shanabooks.de\/product\/seta-hinker-1-2-3-sami-tan\/","name":"Seta H\u00eenker 1-2-3 Sam\u00ee Tan - www.shanabooks.de","isPartOf":{"@id":"https:\/\/shanabooks.de\/#website"},"primaryImageOfPage":{"@id":"https:\/\/shanabooks.de\/product\/seta-hinker-1-2-3-sami-tan\/#primaryimage"},"image":{"@id":"https:\/\/shanabooks.de\/product\/seta-hinker-1-2-3-sami-tan\/#primaryimage"},"thumbnailUrl":"https:\/\/shanabooks.de\/wp-content\/uploads\/2024\/03\/Hinker-1.webp","datePublished":"2024-03-03T11:50:49+00:00","dateModified":"2026-04-26T17:35:56+00:00","description":"Seta H\u00eenker 1-2-3 Sam\u00ee Tan\u00a0H\u00eenker asta, yekem\u00een 1, duyem\u00een 2 \u00fb s\u00eayem\u00een 3Bi hevkariya Sam\u00ee Tan \u00fb Ronay\u00ee Onen. F\u00earb\u00fbna Kurd\u00ee Kurmanc\u00ee ...","breadcrumb":{"@id":"https:\/\/shanabooks.de\/product\/seta-hinker-1-2-3-sami-tan\/#breadcrumb"},"inLanguage":"kur","potentialAction":[{"@type":"ReadAction","target":["https:\/\/shanabooks.de\/product\/seta-hinker-1-2-3-sami-tan\/"]}]},{"@type":"ImageObject","inLanguage":"kur","@id":"https:\/\/shanabooks.de\/product\/seta-hinker-1-2-3-sami-tan\/#primaryimage","url":"https:\/\/shanabooks.de\/wp-content\/uploads\/2024\/03\/Hinker-1.webp","contentUrl":"https:\/\/shanabooks.de\/wp-content\/uploads\/2024\/03\/Hinker-1.webp","width":400,"height":555,"caption":"H\u00eenker 1 - Sam\u00ee Tan - Pirt\u00fbk\u00ean Kurd\u00ee"},{"@type":"BreadcrumbList","@id":"https:\/\/shanabooks.de\/product\/seta-hinker-1-2-3-sami-tan\/#breadcrumb","itemListElement":[{"@type":"ListItem","position":1,"name":"\u0627\u0644\u0631\u0626\u064a\u0633\u064a\u0629","item":"https:\/\/shanabooks.de\/kur\/"},{"@type":"ListItem","position":2,"name":"\u0627\u0644\u0645\u0646\u062a\u062c\u0627\u062a","item":"https:\/\/shanabooks.de\/shop\/"},{"@type":"ListItem","position":3,"name":"Seta H\u00eenker 1-2-3"}]},{"@type":"WebSite","@id":"https:\/\/shanabooks.de\/#website","url":"https:\/\/shanabooks.de\/","name":"www.shanbooks.de","description":"C\u00eehana Pirt\u00fbk\u00ean Kurd\u00ee \u0645\u0643\u062a\u0628\u0629 \u0634\u0627\u0646\u0627 \u0641\u064a \u0627\u0644\u0645\u0627\u0646\u064a\u0627 \u0648\u0623\u0648\u0631\u0628\u0627","publisher":{"@id":"https:\/\/shanabooks.de\/#organization"},"potentialAction":[{"@type":"SearchAction","target":{"@type":"EntryPoint","urlTemplate":"https:\/\/shanabooks.de\/?s={search_term_string}"},"query-input":{"@type":"PropertyValueSpecification","valueRequired":true,"valueName":"search_term_string"}}],"inLanguage":"kur"},{"@type":"Organization","@id":"https:\/\/shanabooks.de\/#organization","name":"www.shanbooks.de","url":"https:\/\/shanabooks.de\/","logo":{"@type":"ImageObject","inLanguage":"kur","@id":"https:\/\/shanabooks.de\/#\/schema\/logo\/image\/","url":"https:\/\/shanabooks.de\/wp-content\/uploads\/2024\/03\/SHANABOOKS__2_-removebg-preview.png","contentUrl":"https:\/\/shanabooks.de\/wp-content\/uploads\/2024\/03\/SHANABOOKS__2_-removebg-preview.png","width":700,"height":150,"caption":"www.shanbooks.de"},"image":{"@id":"https:\/\/shanabooks.de\/#\/schema\/logo\/image\/"}}]}},"jetpack_sharing_enabled":true,"_links":{"self":[{"href":"https:\/\/shanabooks.de\/kur\/wp-json\/wp\/v2\/product\/11617","targetHints":{"allow":["GET"]}}],"collection":[{"href":"https:\/\/shanabooks.de\/kur\/wp-json\/wp\/v2\/product"}],"about":[{"href":"https:\/\/shanabooks.de\/kur\/wp-json\/wp\/v2\/types\/product"}],"version-history":[{"count":3,"href":"https:\/\/shanabooks.de\/kur\/wp-json\/wp\/v2\/product\/11617\/revisions"}],"predecessor-version":[{"id":11782,"href":"https:\/\/shanabooks.de\/kur\/wp-json\/wp\/v2\/product\/11617\/revisions\/11782"}],"wp:featuredmedia":[{"embeddable":true,"href":"https:\/\/shanabooks.de\/kur\/wp-json\/wp\/v2\/media\/11692"}],"wp:attachment":[{"href":"https:\/\/shanabooks.de\/kur\/wp-json\/wp\/v2\/media?parent=11617"}],"wp:term":[{"taxonomy":"product_brand","embeddable":true,"href":"https:\/\/shanabooks.de\/kur\/wp-json\/wp\/v2\/product_brand?post=11617"},{"taxonomy":"product_cat","embeddable":true,"href":"https:\/\/shanabooks.de\/kur\/wp-json\/wp\/v2\/product_cat?post=11617"},{"taxonomy":"product_tag","embeddable":true,"href":"https:\/\/shanabooks.de\/kur\/wp-json\/wp\/v2\/product_tag?post=11617"}],"curies":[{"name":"wp","href":"https:\/\/api.w.org\/{rel}","templated":true}]}}