{"id":11660,"date":"2024-03-03T11:51:13","date_gmt":"2024-03-03T11:51:13","guid":{"rendered":"https:\/\/shanabooks.de\/?post_type=product&#038;p=11660"},"modified":"2025-12-30T22:52:00","modified_gmt":"2025-12-30T22:52:00","slug":"guman-1-ibrahim-seydo-aydogan","status":"publish","type":"product","link":"https:\/\/shanabooks.de\/kur\/product\/guman-1-ibrahim-seydo-aydogan\/","title":{"rendered":"GUMAN 1- Ziman\u00ea Kurd\u00ee, Hevoksaz\u00ee, watesaz\u00ee \u00fb gotar"},"content":{"rendered":"<p style=\"text-align: left\"><strong>GUMAN 1 &#8211; Ibrah\u00eem Seydo Aydogan<\/strong><\/p>\n<p style=\"text-align: left\">pirt\u00fbka GUMAN 1 ya Ibrah\u00eem Seydo Aydogan encama xebateke berfireh ya salan e ku li ser zimannasiya kurd\u00ee hatiye kirin.\u00a0 L\u00eakol\u00een\u00ean \u00cebrah\u00eem Seydo Aydogan y\u00ean li ser ziman\u00ea kurd\u00ee ku w\u00ee dawiya sal\u00ean 1990\u2019\u00ee dest p\u00ea kiriye, j\u00ea re b\u00fbb\u00fbn al\u00eekar ku xwendina xwe ya bilind j\u00ee li ser bike. Pi\u015ft\u00ee 17 sal\u00ean xebateke bi \u00eestiqrar \u00fb bi \u00eenad, \u00cebrah\u00eem Seydo van l\u00eakol\u00een\u00ean xwe y\u00ean ku pirraniya wan di konferans\u00ean zanist\u00ee de hatine p\u00ea\u015fk\u00ea\u015fkirin \u00fb n\u00eeqa\u015fkirin, axir bi cildek\u00ee bedew ve g\u00eehandine hevdu \u00fb We\u015fanxaneya L\u00ees\u00ea ew weke pirt\u00fbk \u00e7ap kiriye.<\/p>\n<p style=\"text-align: left\">Di van l\u00eakol\u00een\u00ean xwe de, y\u00ean ku gellek ji wan cuda cuda ber\u00ea j\u00ee di pirt\u00fbk \u00fb kovar\u00ean kurd\u00ee \u00fb frans\u00ee de hatine we\u015fandin, \u00cebrah\u00eem Seydo ber\u00ee her ti\u015ft\u00ee hewl daye ku li ser pirsgir\u00eak\u00ean zimannasiya kurd\u00ee bixebite. Lewma j\u00ee, r\u00eaziman\u00ean kurd\u00ee kurmanc\u00ee di war\u00ea term\u00eenolojiy\u00ea de \u00fb di war\u00ea s\u00eestema deman de dane ber hev. Seydo bi v\u00ee away\u00ee gih\u00ee\u015ftiye encama ku hem\u00fb r\u00eaziman\u00ean kurd\u00ee ji ber p\u00eadiviy\u00ean dem\u00ea \u00fb neb\u00fbna xebat\u00ean zanist\u00ee tim agahiy\u00ean bingeh\u00een \u00fb bi hevok\u00ean sade ve hatine bis\u00eenorkirin \u00fb r\u00eaziman\u00ean kurd\u00ee bi k\u00fbrah\u00ee ve bala xwe nedaye avakirina hevok\u00ean kompleks ku ji bo avakirina tekst\u00ean w\u00eajey\u00ee y\u00ean n\u00fbjen p\u00eadiviyeke bingeh\u00een e. V\u00ea \u00e7avd\u00eariy\u00ea ew biriye l\u00eakol\u00eeneke berfireh ya li ser v\u00ea mijar\u00ea \u00fb ew di v\u00ee war\u00ee de kiriye yekem kes ku s\u00eestema hevok\u00ean kompleks ya ziman\u00ea kurd\u00ee kurmanc\u00ee daniye. Em dikarin bib\u00eajin ku demansiya kurmanciy\u00ea cara yekem e ku dibe mijara xebateke zanist\u00ee. \u00cebrah\u00eem Seydo j ibo avakirina s\u00eestema deman, pi\u015fta xwe spartiye felsefeya ziman\u00ee \u00fb teoriya referansa dem\u00ea ku di zimannasiya gi\u015ft\u00ee de \u00eeroj li seranser\u00ea c\u00eehan\u00ea weke modeleke bingeh\u00een t\u00ea pejirandin.<\/p>\n<p style=\"text-align: left\">\n","protected":false},"excerpt":{"rendered":"<p style=\"text-align: center\"><strong>Pirt\u00fbk: GUMAN 1 &#8211; Ziman\u00ea Kurd\u00ee &#8211; Hevoksaz\u00ee &#8211; watesaz\u00ee \u00fb gotar<br \/>\nNiv\u00eeskar: Ibrah\u00eem Seydo Aydogan<br \/>\nCure: l\u00eakol\u00een, R\u00eaziman<\/strong><\/p>\n","protected":false},"featured_media":11717,"template":"","meta":{"site-sidebar-layout":"default","site-content-layout":"","ast-site-content-layout":"default","site-content-style":"default","site-sidebar-style":"default","ast-global-header-display":"","ast-banner-title-visibility":"","ast-main-header-display":"","ast-hfb-above-header-display":"","ast-hfb-below-header-display":"","ast-hfb-mobile-header-display":"","site-post-title":"","ast-breadcrumbs-content":"","ast-featured-img":"","footer-sml-layout":"","ast-disable-related-posts":"","theme-transparent-header-meta":"default","adv-header-id-meta":"","stick-header-meta":"","header-above-stick-meta":"","header-main-stick-meta":"","header-below-stick-meta":"","astra-migrate-meta-layouts":"set","ast-page-background-enabled":"default","ast-page-background-meta":{"desktop":{"background-color":"","background-image":"","background-repeat":"repeat","background-position":"center center","background-size":"auto","background-attachment":"scroll","background-type":"","background-media":"","overlay-type":"","overlay-color":"","overlay-opacity":"","overlay-gradient":""},"tablet":{"background-color":"","background-image":"","background-repeat":"repeat","background-position":"center center","background-size":"auto","background-attachment":"scroll","background-type":"","background-media":"","overlay-type":"","overlay-color":"","overlay-opacity":"","overlay-gradient":""},"mobile":{"background-color":"","background-image":"","background-repeat":"repeat","background-position":"center center","background-size":"auto","background-attachment":"scroll","background-type":"","background-media":"","overlay-type":"","overlay-color":"","overlay-opacity":"","overlay-gradient":""}},"ast-content-background-meta":{"desktop":{"background-color":"var(--ast-global-color-5)","background-image":"","background-repeat":"repeat","background-position":"center center","background-size":"auto","background-attachment":"scroll","background-type":"","background-media":"","overlay-type":"","overlay-color":"","overlay-opacity":"","overlay-gradient":""},"tablet":{"background-color":"var(--ast-global-color-5)","background-image":"","background-repeat":"repeat","background-position":"center center","background-size":"auto","background-attachment":"scroll","background-type":"","background-media":"","overlay-type":"","overlay-color":"","overlay-opacity":"","overlay-gradient":""},"mobile":{"background-color":"var(--ast-global-color-5)","background-image":"","background-repeat":"repeat","background-position":"center center","background-size":"auto","background-attachment":"scroll","background-type":"","background-media":"","overlay-type":"","overlay-color":"","overlay-opacity":"","overlay-gradient":""}}},"product_brand":[],"product_cat":[179,177,193],"product_tag":[],"class_list":{"0":"post-11660","1":"product","2":"type-product","3":"status-publish","4":"has-post-thumbnail","6":"product_cat-_","7":"product_cat--_","9":"pa_-lekolin","10":"pa_-reziman","11":"pa_-ibrahim-seydo-aydogan","12":"pa_-kurmanci","13":"pa_--lis-yayinevi","14":"desktop-align-left","15":"tablet-align-left","16":"mobile-align-left","18":"first","19":"outofstock","20":"shipping-taxable","21":"purchasable","22":"product-type-simple"},"yoast_head":"<!-- This site is optimized with the Yoast SEO plugin v27.6 - https:\/\/yoast.com\/product\/yoast-seo-wordpress\/ -->\n<title>GUMAN 1 - Ibrah\u00eem Seydo Aydogan - www.shanabooks.de<\/title>\n<meta name=\"description\" content=\"GUMAN 1 - Ibrah\u00eem Seydo Aydogan pirt\u00fbka GUMAN 1 encama xebateke berfireh ya salan e ku li ser zimannasiya kurd\u00ee hatiye kirin.\u00a0 L\u00eakol\u00een\u00ean \u00cebrah\u00eem Seydo Ayd...\" \/>\n<meta name=\"robots\" content=\"index, follow, max-snippet:-1, max-image-preview:large, max-video-preview:-1\" \/>\n<link rel=\"canonical\" href=\"https:\/\/shanabooks.de\/product\/guman-1-ibrahim-seydo-aydogan\/\" \/>\n<meta property=\"og:locale\" content=\"en_US\" \/>\n<meta property=\"og:type\" content=\"article\" \/>\n<meta property=\"og:title\" content=\"GUMAN 1 - Ibrah\u00eem Seydo Aydogan - www.shanabooks.de\" \/>\n<meta property=\"og:description\" content=\"GUMAN 1 - Ibrah\u00eem Seydo Aydogan pirt\u00fbka GUMAN 1 encama xebateke berfireh ya salan e ku li ser zimannasiya kurd\u00ee hatiye kirin.\u00a0 L\u00eakol\u00een\u00ean \u00cebrah\u00eem Seydo Ayd...\" \/>\n<meta property=\"og:url\" content=\"https:\/\/shanabooks.de\/product\/guman-1-ibrahim-seydo-aydogan\/\" \/>\n<meta property=\"og:site_name\" content=\"www.shanabooks.de\" \/>\n<meta property=\"article:modified_time\" content=\"2025-12-30T22:52:00+00:00\" \/>\n<meta property=\"og:image\" content=\"https:\/\/shanabooks.de\/wp-content\/uploads\/2024\/03\/Guman-1.png\" \/>\n\t<meta property=\"og:image:width\" content=\"319\" \/>\n\t<meta property=\"og:image:height\" content=\"477\" \/>\n\t<meta property=\"og:image:type\" content=\"image\/png\" \/>\n<meta name=\"twitter:card\" content=\"summary_large_image\" \/>\n<meta name=\"twitter:label1\" content=\"Est. reading time\" \/>\n\t<meta name=\"twitter:data1\" content=\"3 minutes\" \/>\n<script type=\"application\/ld+json\" class=\"yoast-schema-graph\">{\"@context\":\"https:\\\/\\\/schema.org\",\"@graph\":[{\"@type\":\"WebPage\",\"@id\":\"https:\\\/\\\/shanabooks.de\\\/product\\\/guman-1-ibrahim-seydo-aydogan\\\/\",\"url\":\"https:\\\/\\\/shanabooks.de\\\/product\\\/guman-1-ibrahim-seydo-aydogan\\\/\",\"name\":\"GUMAN 1 - Ibrah\u00eem Seydo Aydogan - www.shanabooks.de\",\"isPartOf\":{\"@id\":\"https:\\\/\\\/shanabooks.de\\\/#website\"},\"primaryImageOfPage\":{\"@id\":\"https:\\\/\\\/shanabooks.de\\\/product\\\/guman-1-ibrahim-seydo-aydogan\\\/#primaryimage\"},\"image\":{\"@id\":\"https:\\\/\\\/shanabooks.de\\\/product\\\/guman-1-ibrahim-seydo-aydogan\\\/#primaryimage\"},\"thumbnailUrl\":\"https:\\\/\\\/shanabooks.de\\\/wp-content\\\/uploads\\\/2024\\\/03\\\/Guman-1.png\",\"datePublished\":\"2024-03-03T11:51:13+00:00\",\"dateModified\":\"2025-12-30T22:52:00+00:00\",\"description\":\"GUMAN 1 - Ibrah\u00eem Seydo Aydogan pirt\u00fbka GUMAN 1 encama xebateke berfireh ya salan e ku li ser zimannasiya kurd\u00ee hatiye kirin.\u00a0 L\u00eakol\u00een\u00ean \u00cebrah\u00eem Seydo Ayd...\",\"breadcrumb\":{\"@id\":\"https:\\\/\\\/shanabooks.de\\\/product\\\/guman-1-ibrahim-seydo-aydogan\\\/#breadcrumb\"},\"inLanguage\":\"kur\",\"potentialAction\":[{\"@type\":\"ReadAction\",\"target\":[\"https:\\\/\\\/shanabooks.de\\\/product\\\/guman-1-ibrahim-seydo-aydogan\\\/\"]}]},{\"@type\":\"ImageObject\",\"inLanguage\":\"kur\",\"@id\":\"https:\\\/\\\/shanabooks.de\\\/product\\\/guman-1-ibrahim-seydo-aydogan\\\/#primaryimage\",\"url\":\"https:\\\/\\\/shanabooks.de\\\/wp-content\\\/uploads\\\/2024\\\/03\\\/Guman-1.png\",\"contentUrl\":\"https:\\\/\\\/shanabooks.de\\\/wp-content\\\/uploads\\\/2024\\\/03\\\/Guman-1.png\",\"width\":319,\"height\":477,\"caption\":\"GUMAN 1- Ziman\u00ea Kurd\u00ee, Hevoksaz\u00ee, watesaz\u00ee \u00fb gotar - Ibrah\u00eem Seydo Aydogan - pirt\u00fbk\u00ean kurd\u00ee\"},{\"@type\":\"BreadcrumbList\",\"@id\":\"https:\\\/\\\/shanabooks.de\\\/product\\\/guman-1-ibrahim-seydo-aydogan\\\/#breadcrumb\",\"itemListElement\":[{\"@type\":\"ListItem\",\"position\":1,\"name\":\"\u0627\u0644\u0631\u0626\u064a\u0633\u064a\u0629\",\"item\":\"https:\\\/\\\/shanabooks.de\\\/kur\\\/\"},{\"@type\":\"ListItem\",\"position\":2,\"name\":\"\u0627\u0644\u0645\u0646\u062a\u062c\u0627\u062a\",\"item\":\"https:\\\/\\\/shanabooks.de\\\/shop\\\/\"},{\"@type\":\"ListItem\",\"position\":3,\"name\":\"GUMAN 1- Ziman\u00ea Kurd\u00ee, Hevoksaz\u00ee, watesaz\u00ee \u00fb gotar\"}]},{\"@type\":\"WebSite\",\"@id\":\"https:\\\/\\\/shanabooks.de\\\/#website\",\"url\":\"https:\\\/\\\/shanabooks.de\\\/\",\"name\":\"www.shanbooks.de\",\"description\":\"C\u00eehana Pirt\u00fbk\u00ean Kurd\u00ee \u0645\u0643\u062a\u0628\u0629 \u0634\u0627\u0646\u0627 \u0641\u064a \u0627\u0644\u0645\u0627\u0646\u064a\u0627 \u0648\u0623\u0648\u0631\u0628\u0627\",\"publisher\":{\"@id\":\"https:\\\/\\\/shanabooks.de\\\/#organization\"},\"potentialAction\":[{\"@type\":\"SearchAction\",\"target\":{\"@type\":\"EntryPoint\",\"urlTemplate\":\"https:\\\/\\\/shanabooks.de\\\/?s={search_term_string}\"},\"query-input\":{\"@type\":\"PropertyValueSpecification\",\"valueRequired\":true,\"valueName\":\"search_term_string\"}}],\"inLanguage\":\"kur\"},{\"@type\":\"Organization\",\"@id\":\"https:\\\/\\\/shanabooks.de\\\/#organization\",\"name\":\"www.shanbooks.de\",\"url\":\"https:\\\/\\\/shanabooks.de\\\/\",\"logo\":{\"@type\":\"ImageObject\",\"inLanguage\":\"kur\",\"@id\":\"https:\\\/\\\/shanabooks.de\\\/#\\\/schema\\\/logo\\\/image\\\/\",\"url\":\"https:\\\/\\\/shanabooks.de\\\/wp-content\\\/uploads\\\/2024\\\/03\\\/SHANABOOKS__2_-removebg-preview.png\",\"contentUrl\":\"https:\\\/\\\/shanabooks.de\\\/wp-content\\\/uploads\\\/2024\\\/03\\\/SHANABOOKS__2_-removebg-preview.png\",\"width\":700,\"height\":150,\"caption\":\"www.shanbooks.de\"},\"image\":{\"@id\":\"https:\\\/\\\/shanabooks.de\\\/#\\\/schema\\\/logo\\\/image\\\/\"}}]}<\/script>\n<!-- \/ Yoast SEO plugin. -->","yoast_head_json":{"title":"GUMAN 1 - Ibrah\u00eem Seydo Aydogan - www.shanabooks.de","description":"GUMAN 1 - Ibrah\u00eem Seydo Aydogan pirt\u00fbka GUMAN 1 encama xebateke berfireh ya salan e ku li ser zimannasiya kurd\u00ee hatiye kirin.\u00a0 L\u00eakol\u00een\u00ean \u00cebrah\u00eem Seydo Ayd...","robots":{"index":"index","follow":"follow","max-snippet":"max-snippet:-1","max-image-preview":"max-image-preview:large","max-video-preview":"max-video-preview:-1"},"canonical":"https:\/\/shanabooks.de\/product\/guman-1-ibrahim-seydo-aydogan\/","og_locale":"en_US","og_type":"article","og_title":"GUMAN 1 - Ibrah\u00eem Seydo Aydogan - www.shanabooks.de","og_description":"GUMAN 1 - Ibrah\u00eem Seydo Aydogan pirt\u00fbka GUMAN 1 encama xebateke berfireh ya salan e ku li ser zimannasiya kurd\u00ee hatiye kirin.\u00a0 L\u00eakol\u00een\u00ean \u00cebrah\u00eem Seydo Ayd...","og_url":"https:\/\/shanabooks.de\/product\/guman-1-ibrahim-seydo-aydogan\/","og_site_name":"www.shanabooks.de","article_modified_time":"2025-12-30T22:52:00+00:00","og_image":[{"width":319,"height":477,"url":"https:\/\/shanabooks.de\/wp-content\/uploads\/2024\/03\/Guman-1.png","type":"image\/png"}],"twitter_card":"summary_large_image","twitter_misc":{"Est. reading time":"3 minutes"},"schema":{"@context":"https:\/\/schema.org","@graph":[{"@type":"WebPage","@id":"https:\/\/shanabooks.de\/product\/guman-1-ibrahim-seydo-aydogan\/","url":"https:\/\/shanabooks.de\/product\/guman-1-ibrahim-seydo-aydogan\/","name":"GUMAN 1 - Ibrah\u00eem Seydo Aydogan - www.shanabooks.de","isPartOf":{"@id":"https:\/\/shanabooks.de\/#website"},"primaryImageOfPage":{"@id":"https:\/\/shanabooks.de\/product\/guman-1-ibrahim-seydo-aydogan\/#primaryimage"},"image":{"@id":"https:\/\/shanabooks.de\/product\/guman-1-ibrahim-seydo-aydogan\/#primaryimage"},"thumbnailUrl":"https:\/\/shanabooks.de\/wp-content\/uploads\/2024\/03\/Guman-1.png","datePublished":"2024-03-03T11:51:13+00:00","dateModified":"2025-12-30T22:52:00+00:00","description":"GUMAN 1 - Ibrah\u00eem Seydo Aydogan pirt\u00fbka GUMAN 1 encama xebateke berfireh ya salan e ku li ser zimannasiya kurd\u00ee hatiye kirin.\u00a0 L\u00eakol\u00een\u00ean \u00cebrah\u00eem Seydo Ayd...","breadcrumb":{"@id":"https:\/\/shanabooks.de\/product\/guman-1-ibrahim-seydo-aydogan\/#breadcrumb"},"inLanguage":"kur","potentialAction":[{"@type":"ReadAction","target":["https:\/\/shanabooks.de\/product\/guman-1-ibrahim-seydo-aydogan\/"]}]},{"@type":"ImageObject","inLanguage":"kur","@id":"https:\/\/shanabooks.de\/product\/guman-1-ibrahim-seydo-aydogan\/#primaryimage","url":"https:\/\/shanabooks.de\/wp-content\/uploads\/2024\/03\/Guman-1.png","contentUrl":"https:\/\/shanabooks.de\/wp-content\/uploads\/2024\/03\/Guman-1.png","width":319,"height":477,"caption":"GUMAN 1- Ziman\u00ea Kurd\u00ee, Hevoksaz\u00ee, watesaz\u00ee \u00fb gotar - Ibrah\u00eem Seydo Aydogan - pirt\u00fbk\u00ean kurd\u00ee"},{"@type":"BreadcrumbList","@id":"https:\/\/shanabooks.de\/product\/guman-1-ibrahim-seydo-aydogan\/#breadcrumb","itemListElement":[{"@type":"ListItem","position":1,"name":"\u0627\u0644\u0631\u0626\u064a\u0633\u064a\u0629","item":"https:\/\/shanabooks.de\/kur\/"},{"@type":"ListItem","position":2,"name":"\u0627\u0644\u0645\u0646\u062a\u062c\u0627\u062a","item":"https:\/\/shanabooks.de\/shop\/"},{"@type":"ListItem","position":3,"name":"GUMAN 1- Ziman\u00ea Kurd\u00ee, Hevoksaz\u00ee, watesaz\u00ee \u00fb gotar"}]},{"@type":"WebSite","@id":"https:\/\/shanabooks.de\/#website","url":"https:\/\/shanabooks.de\/","name":"www.shanbooks.de","description":"C\u00eehana Pirt\u00fbk\u00ean Kurd\u00ee \u0645\u0643\u062a\u0628\u0629 \u0634\u0627\u0646\u0627 \u0641\u064a \u0627\u0644\u0645\u0627\u0646\u064a\u0627 \u0648\u0623\u0648\u0631\u0628\u0627","publisher":{"@id":"https:\/\/shanabooks.de\/#organization"},"potentialAction":[{"@type":"SearchAction","target":{"@type":"EntryPoint","urlTemplate":"https:\/\/shanabooks.de\/?s={search_term_string}"},"query-input":{"@type":"PropertyValueSpecification","valueRequired":true,"valueName":"search_term_string"}}],"inLanguage":"kur"},{"@type":"Organization","@id":"https:\/\/shanabooks.de\/#organization","name":"www.shanbooks.de","url":"https:\/\/shanabooks.de\/","logo":{"@type":"ImageObject","inLanguage":"kur","@id":"https:\/\/shanabooks.de\/#\/schema\/logo\/image\/","url":"https:\/\/shanabooks.de\/wp-content\/uploads\/2024\/03\/SHANABOOKS__2_-removebg-preview.png","contentUrl":"https:\/\/shanabooks.de\/wp-content\/uploads\/2024\/03\/SHANABOOKS__2_-removebg-preview.png","width":700,"height":150,"caption":"www.shanbooks.de"},"image":{"@id":"https:\/\/shanabooks.de\/#\/schema\/logo\/image\/"}}]}},"jetpack_sharing_enabled":true,"_links":{"self":[{"href":"https:\/\/shanabooks.de\/kur\/wp-json\/wp\/v2\/product\/11660","targetHints":{"allow":["GET"]}}],"collection":[{"href":"https:\/\/shanabooks.de\/kur\/wp-json\/wp\/v2\/product"}],"about":[{"href":"https:\/\/shanabooks.de\/kur\/wp-json\/wp\/v2\/types\/product"}],"version-history":[{"count":4,"href":"https:\/\/shanabooks.de\/kur\/wp-json\/wp\/v2\/product\/11660\/revisions"}],"predecessor-version":[{"id":13830,"href":"https:\/\/shanabooks.de\/kur\/wp-json\/wp\/v2\/product\/11660\/revisions\/13830"}],"wp:featuredmedia":[{"embeddable":true,"href":"https:\/\/shanabooks.de\/kur\/wp-json\/wp\/v2\/media\/11717"}],"wp:attachment":[{"href":"https:\/\/shanabooks.de\/kur\/wp-json\/wp\/v2\/media?parent=11660"}],"wp:term":[{"taxonomy":"product_brand","embeddable":true,"href":"https:\/\/shanabooks.de\/kur\/wp-json\/wp\/v2\/product_brand?post=11660"},{"taxonomy":"product_cat","embeddable":true,"href":"https:\/\/shanabooks.de\/kur\/wp-json\/wp\/v2\/product_cat?post=11660"},{"taxonomy":"product_tag","embeddable":true,"href":"https:\/\/shanabooks.de\/kur\/wp-json\/wp\/v2\/product_tag?post=11660"}],"curies":[{"name":"wp","href":"https:\/\/api.w.org\/{rel}","templated":true}]}}