{"id":11661,"date":"2024-03-03T11:51:13","date_gmt":"2024-03-03T11:51:13","guid":{"rendered":"https:\/\/shanabooks.de\/?post_type=product&#038;p=11661"},"modified":"2025-12-30T22:51:37","modified_gmt":"2025-12-30T22:51:37","slug":"guman-2-ibrahim-seydo-aydogan","status":"publish","type":"product","link":"https:\/\/shanabooks.de\/kur\/product\/guman-2-ibrahim-seydo-aydogan\/","title":{"rendered":"Guman 2-W\u00eajeya Kurd\u00ee \u00fb Romana Kurd\u00ee"},"content":{"rendered":"<p style=\"text-align: left\"><strong>Guman 2 &#8211; Ibrah\u00eem Seydo Aydogan<\/strong><\/p>\n<p style=\"text-align: left\">Guman 2: Niv\u00eeskar\u00ea pirt\u00fbk\u00ea Dr. \u00cebrahim Seydo Aydogan e. C\u00eeld\u00ea yekem y\u00ea pirt\u00fbk\u00ea par ji aliy\u00ea We\u015fanxaneya L\u00ees\u00ea ve hatib\u00fb \u00e7apkirin. Mamoste Aydogan\u00ea ku li Enst\u00eetuya Ziman \u00fb \u015earistaniy\u00ean Rojhilat\u00ee Inalcoy\u00ea ku navenda w\u00ea li Par\u00ees\u00ea ye ders\u00ean ziman \u00fb edebiyata kurd\u00ee dide, di v\u00ea pirt\u00fbk\u00ea de li ser roman \u00fb w\u00eajeya kurd\u00ee l\u00eakol\u00een \u00fb \u00e7avd\u00eariy\u00ean xwe p\u00ea\u015fk\u00ea\u015f dike. Berhem, di heman dem\u00ea de ji bo w\u00eajeya n\u00fbjen ya kurd\u00ee j\u00ee wek \u00e7avkaniyeke gir\u00eeng xwuyaye.<\/p>\n<p>&nbsp;<\/p>\n","protected":false},"excerpt":{"rendered":"<p style=\"text-align: center\"><strong>Pirt\u00fbk: Guman 2-W\u00eajeya Kurd\u00ee \u00fb Romana Kurd\u00ee<br \/>\nNiv\u00eeskar: Ibrah\u00eem Seydo Aydogan<br \/>\nCure: l\u00eakol\u00een<\/strong><\/p>\n","protected":false},"featured_media":11719,"template":"","meta":{"site-sidebar-layout":"default","site-content-layout":"","ast-site-content-layout":"default","site-content-style":"default","site-sidebar-style":"default","ast-global-header-display":"","ast-banner-title-visibility":"","ast-main-header-display":"","ast-hfb-above-header-display":"","ast-hfb-below-header-display":"","ast-hfb-mobile-header-display":"","site-post-title":"","ast-breadcrumbs-content":"","ast-featured-img":"","footer-sml-layout":"","ast-disable-related-posts":"","theme-transparent-header-meta":"default","adv-header-id-meta":"","stick-header-meta":"","header-above-stick-meta":"","header-main-stick-meta":"","header-below-stick-meta":"","astra-migrate-meta-layouts":"set","ast-page-background-enabled":"default","ast-page-background-meta":{"desktop":{"background-color":"","background-image":"","background-repeat":"repeat","background-position":"center center","background-size":"auto","background-attachment":"scroll","background-type":"","background-media":"","overlay-type":"","overlay-color":"","overlay-opacity":"","overlay-gradient":""},"tablet":{"background-color":"","background-image":"","background-repeat":"repeat","background-position":"center center","background-size":"auto","background-attachment":"scroll","background-type":"","background-media":"","overlay-type":"","overlay-color":"","overlay-opacity":"","overlay-gradient":""},"mobile":{"background-color":"","background-image":"","background-repeat":"repeat","background-position":"center center","background-size":"auto","background-attachment":"scroll","background-type":"","background-media":"","overlay-type":"","overlay-color":"","overlay-opacity":"","overlay-gradient":""}},"ast-content-background-meta":{"desktop":{"background-color":"var(--ast-global-color-5)","background-image":"","background-repeat":"repeat","background-position":"center center","background-size":"auto","background-attachment":"scroll","background-type":"","background-media":"","overlay-type":"","overlay-color":"","overlay-opacity":"","overlay-gradient":""},"tablet":{"background-color":"var(--ast-global-color-5)","background-image":"","background-repeat":"repeat","background-position":"center center","background-size":"auto","background-attachment":"scroll","background-type":"","background-media":"","overlay-type":"","overlay-color":"","overlay-opacity":"","overlay-gradient":""},"mobile":{"background-color":"var(--ast-global-color-5)","background-image":"","background-repeat":"repeat","background-position":"center center","background-size":"auto","background-attachment":"scroll","background-type":"","background-media":"","overlay-type":"","overlay-color":"","overlay-opacity":"","overlay-gradient":""}}},"product_brand":[],"product_cat":[179,193],"product_tag":[],"class_list":{"0":"post-11661","1":"product","2":"type-product","3":"status-publish","4":"has-post-thumbnail","6":"product_cat-_","7":"product_cat--_","8":"pa_-lekolin","9":"pa_-weje","10":"pa_-ibrahim-seydo-aydogan","11":"pa_-kurmanci","12":"pa_--rupel","13":"desktop-align-left","14":"tablet-align-left","15":"mobile-align-left","17":"first","18":"instock","19":"shipping-taxable","20":"purchasable","21":"product-type-simple"},"yoast_head":"<!-- This site is optimized with the Yoast SEO plugin v27.4 - https:\/\/yoast.com\/product\/yoast-seo-wordpress\/ -->\n<title>Guman 2 - Ibrah\u00eem Seydo Aydogan - www.shanabooks.de<\/title>\n<meta name=\"description\" content=\"Guman 2 - Ibrah\u00eem Seydo Aydogan Mamoste Aydogan\u00ea ku li Enst\u00eetuya Ziman \u00fb \u015earistaniy\u00ean Rojhilat\u00ee Inalcoy\u00ea ku navenda w\u00ea li Par\u00ees\u00ea ye ders\u00ean ziman \u00fb edebi...\" \/>\n<meta name=\"robots\" content=\"index, follow, max-snippet:-1, max-image-preview:large, max-video-preview:-1\" \/>\n<link rel=\"canonical\" href=\"https:\/\/shanabooks.de\/product\/guman-2-ibrahim-seydo-aydogan\/\" \/>\n<meta property=\"og:locale\" content=\"en_US\" \/>\n<meta property=\"og:type\" content=\"article\" \/>\n<meta property=\"og:title\" content=\"Guman 2 - Ibrah\u00eem Seydo Aydogan - www.shanabooks.de\" \/>\n<meta property=\"og:description\" content=\"Guman 2 - Ibrah\u00eem Seydo Aydogan Mamoste Aydogan\u00ea ku li Enst\u00eetuya Ziman \u00fb \u015earistaniy\u00ean Rojhilat\u00ee Inalcoy\u00ea ku navenda w\u00ea li Par\u00ees\u00ea ye ders\u00ean ziman \u00fb edebi...\" \/>\n<meta property=\"og:url\" content=\"https:\/\/shanabooks.de\/product\/guman-2-ibrahim-seydo-aydogan\/\" \/>\n<meta property=\"og:site_name\" content=\"www.shanabooks.de\" \/>\n<meta property=\"article:modified_time\" content=\"2025-12-30T22:51:37+00:00\" \/>\n<meta property=\"og:image\" content=\"https:\/\/shanabooks.de\/wp-content\/uploads\/2024\/03\/Guman-2.png\" \/>\n\t<meta property=\"og:image:width\" content=\"324\" \/>\n\t<meta property=\"og:image:height\" content=\"477\" \/>\n\t<meta property=\"og:image:type\" content=\"image\/png\" \/>\n<meta name=\"twitter:card\" content=\"summary_large_image\" \/>\n<meta name=\"twitter:label1\" content=\"Est. reading time\" \/>\n\t<meta name=\"twitter:data1\" content=\"1 minute\" \/>\n<script type=\"application\/ld+json\" class=\"yoast-schema-graph\">{\"@context\":\"https:\\\/\\\/schema.org\",\"@graph\":[{\"@type\":\"WebPage\",\"@id\":\"https:\\\/\\\/shanabooks.de\\\/product\\\/guman-2-ibrahim-seydo-aydogan\\\/\",\"url\":\"https:\\\/\\\/shanabooks.de\\\/product\\\/guman-2-ibrahim-seydo-aydogan\\\/\",\"name\":\"Guman 2 - Ibrah\u00eem Seydo Aydogan - www.shanabooks.de\",\"isPartOf\":{\"@id\":\"https:\\\/\\\/shanabooks.de\\\/#website\"},\"primaryImageOfPage\":{\"@id\":\"https:\\\/\\\/shanabooks.de\\\/product\\\/guman-2-ibrahim-seydo-aydogan\\\/#primaryimage\"},\"image\":{\"@id\":\"https:\\\/\\\/shanabooks.de\\\/product\\\/guman-2-ibrahim-seydo-aydogan\\\/#primaryimage\"},\"thumbnailUrl\":\"https:\\\/\\\/shanabooks.de\\\/wp-content\\\/uploads\\\/2024\\\/03\\\/Guman-2.png\",\"datePublished\":\"2024-03-03T11:51:13+00:00\",\"dateModified\":\"2025-12-30T22:51:37+00:00\",\"description\":\"Guman 2 - Ibrah\u00eem Seydo Aydogan Mamoste Aydogan\u00ea ku li Enst\u00eetuya Ziman \u00fb \u015earistaniy\u00ean Rojhilat\u00ee Inalcoy\u00ea ku navenda w\u00ea li Par\u00ees\u00ea ye ders\u00ean ziman \u00fb edebi...\",\"breadcrumb\":{\"@id\":\"https:\\\/\\\/shanabooks.de\\\/product\\\/guman-2-ibrahim-seydo-aydogan\\\/#breadcrumb\"},\"inLanguage\":\"kur\",\"potentialAction\":[{\"@type\":\"ReadAction\",\"target\":[\"https:\\\/\\\/shanabooks.de\\\/product\\\/guman-2-ibrahim-seydo-aydogan\\\/\"]}]},{\"@type\":\"ImageObject\",\"inLanguage\":\"kur\",\"@id\":\"https:\\\/\\\/shanabooks.de\\\/product\\\/guman-2-ibrahim-seydo-aydogan\\\/#primaryimage\",\"url\":\"https:\\\/\\\/shanabooks.de\\\/wp-content\\\/uploads\\\/2024\\\/03\\\/Guman-2.png\",\"contentUrl\":\"https:\\\/\\\/shanabooks.de\\\/wp-content\\\/uploads\\\/2024\\\/03\\\/Guman-2.png\",\"width\":324,\"height\":477,\"caption\":\"Guman 2 - Ibrah\u00eem Seydo Aydogan - pirt\u00fbk\u00ean kurd\u00ee\"},{\"@type\":\"BreadcrumbList\",\"@id\":\"https:\\\/\\\/shanabooks.de\\\/product\\\/guman-2-ibrahim-seydo-aydogan\\\/#breadcrumb\",\"itemListElement\":[{\"@type\":\"ListItem\",\"position\":1,\"name\":\"\u0627\u0644\u0631\u0626\u064a\u0633\u064a\u0629\",\"item\":\"https:\\\/\\\/shanabooks.de\\\/kur\\\/\"},{\"@type\":\"ListItem\",\"position\":2,\"name\":\"\u0627\u0644\u0645\u0646\u062a\u062c\u0627\u062a\",\"item\":\"https:\\\/\\\/shanabooks.de\\\/shop\\\/\"},{\"@type\":\"ListItem\",\"position\":3,\"name\":\"Guman 2-W\u00eajeya Kurd\u00ee \u00fb Romana Kurd\u00ee\"}]},{\"@type\":\"WebSite\",\"@id\":\"https:\\\/\\\/shanabooks.de\\\/#website\",\"url\":\"https:\\\/\\\/shanabooks.de\\\/\",\"name\":\"www.shanbooks.de\",\"description\":\"C\u00eehana Pirt\u00fbk\u00ean Kurd\u00ee \u0645\u0643\u062a\u0628\u0629 \u0634\u0627\u0646\u0627 \u0641\u064a \u0627\u0644\u0645\u0627\u0646\u064a\u0627 \u0648\u0623\u0648\u0631\u0628\u0627\",\"publisher\":{\"@id\":\"https:\\\/\\\/shanabooks.de\\\/#organization\"},\"potentialAction\":[{\"@type\":\"SearchAction\",\"target\":{\"@type\":\"EntryPoint\",\"urlTemplate\":\"https:\\\/\\\/shanabooks.de\\\/?s={search_term_string}\"},\"query-input\":{\"@type\":\"PropertyValueSpecification\",\"valueRequired\":true,\"valueName\":\"search_term_string\"}}],\"inLanguage\":\"kur\"},{\"@type\":\"Organization\",\"@id\":\"https:\\\/\\\/shanabooks.de\\\/#organization\",\"name\":\"www.shanbooks.de\",\"url\":\"https:\\\/\\\/shanabooks.de\\\/\",\"logo\":{\"@type\":\"ImageObject\",\"inLanguage\":\"kur\",\"@id\":\"https:\\\/\\\/shanabooks.de\\\/#\\\/schema\\\/logo\\\/image\\\/\",\"url\":\"https:\\\/\\\/shanabooks.de\\\/wp-content\\\/uploads\\\/2024\\\/03\\\/SHANABOOKS__2_-removebg-preview.png\",\"contentUrl\":\"https:\\\/\\\/shanabooks.de\\\/wp-content\\\/uploads\\\/2024\\\/03\\\/SHANABOOKS__2_-removebg-preview.png\",\"width\":700,\"height\":150,\"caption\":\"www.shanbooks.de\"},\"image\":{\"@id\":\"https:\\\/\\\/shanabooks.de\\\/#\\\/schema\\\/logo\\\/image\\\/\"}}]}<\/script>\n<!-- \/ Yoast SEO plugin. -->","yoast_head_json":{"title":"Guman 2 - Ibrah\u00eem Seydo Aydogan - www.shanabooks.de","description":"Guman 2 - Ibrah\u00eem Seydo Aydogan Mamoste Aydogan\u00ea ku li Enst\u00eetuya Ziman \u00fb \u015earistaniy\u00ean Rojhilat\u00ee Inalcoy\u00ea ku navenda w\u00ea li Par\u00ees\u00ea ye ders\u00ean ziman \u00fb edebi...","robots":{"index":"index","follow":"follow","max-snippet":"max-snippet:-1","max-image-preview":"max-image-preview:large","max-video-preview":"max-video-preview:-1"},"canonical":"https:\/\/shanabooks.de\/product\/guman-2-ibrahim-seydo-aydogan\/","og_locale":"en_US","og_type":"article","og_title":"Guman 2 - Ibrah\u00eem Seydo Aydogan - www.shanabooks.de","og_description":"Guman 2 - Ibrah\u00eem Seydo Aydogan Mamoste Aydogan\u00ea ku li Enst\u00eetuya Ziman \u00fb \u015earistaniy\u00ean Rojhilat\u00ee Inalcoy\u00ea ku navenda w\u00ea li Par\u00ees\u00ea ye ders\u00ean ziman \u00fb edebi...","og_url":"https:\/\/shanabooks.de\/product\/guman-2-ibrahim-seydo-aydogan\/","og_site_name":"www.shanabooks.de","article_modified_time":"2025-12-30T22:51:37+00:00","og_image":[{"width":324,"height":477,"url":"https:\/\/shanabooks.de\/wp-content\/uploads\/2024\/03\/Guman-2.png","type":"image\/png"}],"twitter_card":"summary_large_image","twitter_misc":{"Est. reading time":"1 minute"},"schema":{"@context":"https:\/\/schema.org","@graph":[{"@type":"WebPage","@id":"https:\/\/shanabooks.de\/product\/guman-2-ibrahim-seydo-aydogan\/","url":"https:\/\/shanabooks.de\/product\/guman-2-ibrahim-seydo-aydogan\/","name":"Guman 2 - Ibrah\u00eem Seydo Aydogan - www.shanabooks.de","isPartOf":{"@id":"https:\/\/shanabooks.de\/#website"},"primaryImageOfPage":{"@id":"https:\/\/shanabooks.de\/product\/guman-2-ibrahim-seydo-aydogan\/#primaryimage"},"image":{"@id":"https:\/\/shanabooks.de\/product\/guman-2-ibrahim-seydo-aydogan\/#primaryimage"},"thumbnailUrl":"https:\/\/shanabooks.de\/wp-content\/uploads\/2024\/03\/Guman-2.png","datePublished":"2024-03-03T11:51:13+00:00","dateModified":"2025-12-30T22:51:37+00:00","description":"Guman 2 - Ibrah\u00eem Seydo Aydogan Mamoste Aydogan\u00ea ku li Enst\u00eetuya Ziman \u00fb \u015earistaniy\u00ean Rojhilat\u00ee Inalcoy\u00ea ku navenda w\u00ea li Par\u00ees\u00ea ye ders\u00ean ziman \u00fb edebi...","breadcrumb":{"@id":"https:\/\/shanabooks.de\/product\/guman-2-ibrahim-seydo-aydogan\/#breadcrumb"},"inLanguage":"kur","potentialAction":[{"@type":"ReadAction","target":["https:\/\/shanabooks.de\/product\/guman-2-ibrahim-seydo-aydogan\/"]}]},{"@type":"ImageObject","inLanguage":"kur","@id":"https:\/\/shanabooks.de\/product\/guman-2-ibrahim-seydo-aydogan\/#primaryimage","url":"https:\/\/shanabooks.de\/wp-content\/uploads\/2024\/03\/Guman-2.png","contentUrl":"https:\/\/shanabooks.de\/wp-content\/uploads\/2024\/03\/Guman-2.png","width":324,"height":477,"caption":"Guman 2 - Ibrah\u00eem Seydo Aydogan - pirt\u00fbk\u00ean kurd\u00ee"},{"@type":"BreadcrumbList","@id":"https:\/\/shanabooks.de\/product\/guman-2-ibrahim-seydo-aydogan\/#breadcrumb","itemListElement":[{"@type":"ListItem","position":1,"name":"\u0627\u0644\u0631\u0626\u064a\u0633\u064a\u0629","item":"https:\/\/shanabooks.de\/kur\/"},{"@type":"ListItem","position":2,"name":"\u0627\u0644\u0645\u0646\u062a\u062c\u0627\u062a","item":"https:\/\/shanabooks.de\/shop\/"},{"@type":"ListItem","position":3,"name":"Guman 2-W\u00eajeya Kurd\u00ee \u00fb Romana Kurd\u00ee"}]},{"@type":"WebSite","@id":"https:\/\/shanabooks.de\/#website","url":"https:\/\/shanabooks.de\/","name":"www.shanbooks.de","description":"C\u00eehana Pirt\u00fbk\u00ean Kurd\u00ee \u0645\u0643\u062a\u0628\u0629 \u0634\u0627\u0646\u0627 \u0641\u064a \u0627\u0644\u0645\u0627\u0646\u064a\u0627 \u0648\u0623\u0648\u0631\u0628\u0627","publisher":{"@id":"https:\/\/shanabooks.de\/#organization"},"potentialAction":[{"@type":"SearchAction","target":{"@type":"EntryPoint","urlTemplate":"https:\/\/shanabooks.de\/?s={search_term_string}"},"query-input":{"@type":"PropertyValueSpecification","valueRequired":true,"valueName":"search_term_string"}}],"inLanguage":"kur"},{"@type":"Organization","@id":"https:\/\/shanabooks.de\/#organization","name":"www.shanbooks.de","url":"https:\/\/shanabooks.de\/","logo":{"@type":"ImageObject","inLanguage":"kur","@id":"https:\/\/shanabooks.de\/#\/schema\/logo\/image\/","url":"https:\/\/shanabooks.de\/wp-content\/uploads\/2024\/03\/SHANABOOKS__2_-removebg-preview.png","contentUrl":"https:\/\/shanabooks.de\/wp-content\/uploads\/2024\/03\/SHANABOOKS__2_-removebg-preview.png","width":700,"height":150,"caption":"www.shanbooks.de"},"image":{"@id":"https:\/\/shanabooks.de\/#\/schema\/logo\/image\/"}}]}},"jetpack_sharing_enabled":true,"_links":{"self":[{"href":"https:\/\/shanabooks.de\/kur\/wp-json\/wp\/v2\/product\/11661","targetHints":{"allow":["GET"]}}],"collection":[{"href":"https:\/\/shanabooks.de\/kur\/wp-json\/wp\/v2\/product"}],"about":[{"href":"https:\/\/shanabooks.de\/kur\/wp-json\/wp\/v2\/types\/product"}],"version-history":[{"count":3,"href":"https:\/\/shanabooks.de\/kur\/wp-json\/wp\/v2\/product\/11661\/revisions"}],"predecessor-version":[{"id":13824,"href":"https:\/\/shanabooks.de\/kur\/wp-json\/wp\/v2\/product\/11661\/revisions\/13824"}],"wp:featuredmedia":[{"embeddable":true,"href":"https:\/\/shanabooks.de\/kur\/wp-json\/wp\/v2\/media\/11719"}],"wp:attachment":[{"href":"https:\/\/shanabooks.de\/kur\/wp-json\/wp\/v2\/media?parent=11661"}],"wp:term":[{"taxonomy":"product_brand","embeddable":true,"href":"https:\/\/shanabooks.de\/kur\/wp-json\/wp\/v2\/product_brand?post=11661"},{"taxonomy":"product_cat","embeddable":true,"href":"https:\/\/shanabooks.de\/kur\/wp-json\/wp\/v2\/product_cat?post=11661"},{"taxonomy":"product_tag","embeddable":true,"href":"https:\/\/shanabooks.de\/kur\/wp-json\/wp\/v2\/product_tag?post=11661"}],"curies":[{"name":"wp","href":"https:\/\/api.w.org\/{rel}","templated":true}]}}