{"id":11665,"date":"2024-03-03T11:51:13","date_gmt":"2024-03-03T11:51:13","guid":{"rendered":"https:\/\/shanabooks.de\/?post_type=product&#038;p=11665"},"modified":"2025-12-31T17:47:25","modified_gmt":"2025-12-31T17:47:25","slug":"sexistiyen-kurmanci-xoresan-pro-dr-celile-celil-gule-sadkam","status":"publish","type":"product","link":"https:\/\/shanabooks.de\/kur\/product\/sexistiyen-kurmanci-xoresan-pro-dr-celile-celil-gule-sadkam\/","title":{"rendered":"S\u00eaxi\u015ft\u00eey\u00ean Kurmanc\u00ee &#8211; Xoresan"},"content":{"rendered":"<p style=\"text-align: left\"><strong>S\u00eaxi\u015ft\u00eey\u00ean Kurmanc\u00ee -Xoresan- Pro.Dr.Cel\u00eel\u00ea Cel\u00eel &#8211; Gul\u00ea \u015eadkam<\/strong><\/p>\n<p style=\"text-align: left\">Bi hevkariya Cel\u00eel\u00ea Cel\u00eel \u00fb Gul\u00ea \u015eadkam S\u00eaxi\u015ft\u00ee, di nava folklora Kurdan da li seranser\u00ea Kurdistan\u00ea \u00fb d\u00eeyasporaya w\u00ea da hunereka pir hezkir\u00ee \u00fb belavb\u00fby\u00ee ye. Her\u00e7iqas ji hev pi\u00e7ek\u00ee cih\u00ea bin j\u00ee, heyranok, dilok, d\u00fbrik, s\u00ear\u00eaz\u00ee ji malbata s\u00eaxi\u015ft\u00eeyan in. Cel\u00eel\u00ea Cel\u00eel \u00fb Gul\u00ee \u015eadkam, di sala 2011\u2019an da li Xorasan\u00ea gund bi gund, kon bi kon ger\u00eeyane \u00fb wan ev s\u00eaxi\u015ft\u00ee kom kirine. Ev xebat, ji 1701 s\u00eaxi\u015ft\u00eey\u00ean her\u00eama Xorasan\u00ea p\u00eak t\u00ea. S\u00eaxi\u015ft\u00ee, ji s\u00ea r\u00eazan p\u00eak t\u00ean \u00fb li ser mijar\u00ean cur bi cur t\u00ean gotin, bi teql \u00fb r\u00eetm\u00eek in. Di s\u00eaxi\u015ft\u00eeyan da her du r\u00eaz\u00ean p\u00ea\u015f\u00een bi awayek\u00ee xurt bi hev ve t\u00eakildar in \u00fb di b\u00eera stranvanan da bi hev ve gir\u00eaday\u00ee dim\u00eenin, ji hev naqetin. R\u00eaza sis\u00eayan, li Kurdistan\u00ea, wek\u00ee adet azad e, ew giran\u00eeya naveroka stran\u00ea, n\u00eeyeta bingeh\u00een digire ser xwe<\/p>\n","protected":false},"excerpt":{"rendered":"<p style=\"text-align: center\"><strong>Pirt\u00fbk: S\u00eaxi\u015ft\u00eey\u00ean Kurmanc\u00ee &#8211; Xoresan<br \/>\nNiv\u00eeskar: Pro. Dr. Cel\u00eel\u00ea Cel\u00eel &#8211; Gul\u00ea \u015eadkam<\/strong><br \/>\n<strong>Cure: folklor<\/strong><\/p>\n","protected":false},"featured_media":11722,"template":"","meta":{"site-sidebar-layout":"default","site-content-layout":"","ast-site-content-layout":"default","site-content-style":"default","site-sidebar-style":"default","ast-global-header-display":"","ast-banner-title-visibility":"","ast-main-header-display":"","ast-hfb-above-header-display":"","ast-hfb-below-header-display":"","ast-hfb-mobile-header-display":"","site-post-title":"","ast-breadcrumbs-content":"","ast-featured-img":"","footer-sml-layout":"","ast-disable-related-posts":"","theme-transparent-header-meta":"default","adv-header-id-meta":"","stick-header-meta":"","header-above-stick-meta":"","header-main-stick-meta":"","header-below-stick-meta":"","astra-migrate-meta-layouts":"set","ast-page-background-enabled":"default","ast-page-background-meta":{"desktop":{"background-color":"","background-image":"","background-repeat":"repeat","background-position":"center center","background-size":"auto","background-attachment":"scroll","background-type":"","background-media":"","overlay-type":"","overlay-color":"","overlay-opacity":"","overlay-gradient":""},"tablet":{"background-color":"","background-image":"","background-repeat":"repeat","background-position":"center center","background-size":"auto","background-attachment":"scroll","background-type":"","background-media":"","overlay-type":"","overlay-color":"","overlay-opacity":"","overlay-gradient":""},"mobile":{"background-color":"","background-image":"","background-repeat":"repeat","background-position":"center center","background-size":"auto","background-attachment":"scroll","background-type":"","background-media":"","overlay-type":"","overlay-color":"","overlay-opacity":"","overlay-gradient":""}},"ast-content-background-meta":{"desktop":{"background-color":"var(--ast-global-color-5)","background-image":"","background-repeat":"repeat","background-position":"center center","background-size":"auto","background-attachment":"scroll","background-type":"","background-media":"","overlay-type":"","overlay-color":"","overlay-opacity":"","overlay-gradient":""},"tablet":{"background-color":"var(--ast-global-color-5)","background-image":"","background-repeat":"repeat","background-position":"center center","background-size":"auto","background-attachment":"scroll","background-type":"","background-media":"","overlay-type":"","overlay-color":"","overlay-opacity":"","overlay-gradient":""},"mobile":{"background-color":"var(--ast-global-color-5)","background-image":"","background-repeat":"repeat","background-position":"center center","background-size":"auto","background-attachment":"scroll","background-type":"","background-media":"","overlay-type":"","overlay-color":"","overlay-opacity":"","overlay-gradient":""}}},"product_brand":[],"product_cat":[180,193],"product_tag":[],"class_list":{"0":"post-11665","1":"product","2":"type-product","3":"status-publish","4":"has-post-thumbnail","6":"product_cat-_","7":"product_cat--_","8":"pa_-folklor","9":"pa_-celile-celil","10":"pa_-kurmanci","11":"pa_--wardoz-yayinlari","12":"desktop-align-left","13":"tablet-align-left","14":"mobile-align-left","16":"first","17":"instock","18":"shipping-taxable","19":"purchasable","20":"product-type-simple"},"yoast_head":"<!-- This site is optimized with the Yoast SEO plugin v27.4 - https:\/\/yoast.com\/product\/yoast-seo-wordpress\/ -->\n<title>S\u00eaxi\u015ft\u00eey\u00ean Kurmanc\u00ee -Xoresan- Pro.Dr.Cel\u00eel\u00ea Cel\u00eel - Gul\u00ea \u015eadkam<\/title>\n<meta name=\"description\" content=\"S\u00eaxi\u015ft\u00eey\u00ean Kurmanc\u00ee -Xoresan- Pro.Dr.Cel\u00eel\u00ea Cel\u00eel - Gul\u00ea \u015eadkam Bi hevkariya Cel\u00eel\u00ea Cel\u00eel \u00fb Gul\u00ea \u015eadkam S\u00eaxi\u015ft\u00ee, di nava folklora Kurdan da li seranser\u00ea...\" \/>\n<meta name=\"robots\" content=\"index, follow, max-snippet:-1, max-image-preview:large, max-video-preview:-1\" \/>\n<link rel=\"canonical\" href=\"https:\/\/shanabooks.de\/product\/sexistiyen-kurmanci-xoresan-pro-dr-celile-celil-gule-sadkam\/\" \/>\n<meta property=\"og:locale\" content=\"en_US\" \/>\n<meta property=\"og:type\" content=\"article\" \/>\n<meta property=\"og:title\" content=\"S\u00eaxi\u015ft\u00eey\u00ean Kurmanc\u00ee -Xoresan- Pro.Dr.Cel\u00eel\u00ea Cel\u00eel - Gul\u00ea \u015eadkam\" \/>\n<meta property=\"og:description\" content=\"S\u00eaxi\u015ft\u00eey\u00ean Kurmanc\u00ee -Xoresan- Pro.Dr.Cel\u00eel\u00ea Cel\u00eel - Gul\u00ea \u015eadkam Bi hevkariya Cel\u00eel\u00ea Cel\u00eel \u00fb Gul\u00ea \u015eadkam S\u00eaxi\u015ft\u00ee, di nava folklora Kurdan da li seranser\u00ea...\" \/>\n<meta property=\"og:url\" content=\"https:\/\/shanabooks.de\/product\/sexistiyen-kurmanci-xoresan-pro-dr-celile-celil-gule-sadkam\/\" \/>\n<meta property=\"og:site_name\" content=\"www.shanabooks.de\" \/>\n<meta property=\"article:modified_time\" content=\"2025-12-31T17:47:25+00:00\" \/>\n<meta property=\"og:image\" content=\"https:\/\/shanabooks.de\/wp-content\/uploads\/2024\/03\/Sexistiyen-Kurmanci-Xorasan-wardoz-1.png\" \/>\n\t<meta property=\"og:image:width\" content=\"301\" \/>\n\t<meta property=\"og:image:height\" content=\"476\" \/>\n\t<meta property=\"og:image:type\" content=\"image\/png\" \/>\n<meta name=\"twitter:card\" content=\"summary_large_image\" \/>\n<meta name=\"twitter:label1\" content=\"Est. reading time\" \/>\n\t<meta name=\"twitter:data1\" content=\"2 minutes\" \/>\n<script type=\"application\/ld+json\" class=\"yoast-schema-graph\">{\"@context\":\"https:\\\/\\\/schema.org\",\"@graph\":[{\"@type\":\"WebPage\",\"@id\":\"https:\\\/\\\/shanabooks.de\\\/product\\\/sexistiyen-kurmanci-xoresan-pro-dr-celile-celil-gule-sadkam\\\/\",\"url\":\"https:\\\/\\\/shanabooks.de\\\/product\\\/sexistiyen-kurmanci-xoresan-pro-dr-celile-celil-gule-sadkam\\\/\",\"name\":\"S\u00eaxi\u015ft\u00eey\u00ean Kurmanc\u00ee -Xoresan- Pro.Dr.Cel\u00eel\u00ea Cel\u00eel - Gul\u00ea \u015eadkam\",\"isPartOf\":{\"@id\":\"https:\\\/\\\/shanabooks.de\\\/#website\"},\"primaryImageOfPage\":{\"@id\":\"https:\\\/\\\/shanabooks.de\\\/product\\\/sexistiyen-kurmanci-xoresan-pro-dr-celile-celil-gule-sadkam\\\/#primaryimage\"},\"image\":{\"@id\":\"https:\\\/\\\/shanabooks.de\\\/product\\\/sexistiyen-kurmanci-xoresan-pro-dr-celile-celil-gule-sadkam\\\/#primaryimage\"},\"thumbnailUrl\":\"https:\\\/\\\/shanabooks.de\\\/wp-content\\\/uploads\\\/2024\\\/03\\\/Sexistiyen-Kurmanci-Xorasan-wardoz-1.png\",\"datePublished\":\"2024-03-03T11:51:13+00:00\",\"dateModified\":\"2025-12-31T17:47:25+00:00\",\"description\":\"S\u00eaxi\u015ft\u00eey\u00ean Kurmanc\u00ee -Xoresan- Pro.Dr.Cel\u00eel\u00ea Cel\u00eel - Gul\u00ea \u015eadkam Bi hevkariya Cel\u00eel\u00ea Cel\u00eel \u00fb Gul\u00ea \u015eadkam S\u00eaxi\u015ft\u00ee, di nava folklora Kurdan da li seranser\u00ea...\",\"breadcrumb\":{\"@id\":\"https:\\\/\\\/shanabooks.de\\\/product\\\/sexistiyen-kurmanci-xoresan-pro-dr-celile-celil-gule-sadkam\\\/#breadcrumb\"},\"inLanguage\":\"kur\",\"potentialAction\":[{\"@type\":\"ReadAction\",\"target\":[\"https:\\\/\\\/shanabooks.de\\\/product\\\/sexistiyen-kurmanci-xoresan-pro-dr-celile-celil-gule-sadkam\\\/\"]}]},{\"@type\":\"ImageObject\",\"inLanguage\":\"kur\",\"@id\":\"https:\\\/\\\/shanabooks.de\\\/product\\\/sexistiyen-kurmanci-xoresan-pro-dr-celile-celil-gule-sadkam\\\/#primaryimage\",\"url\":\"https:\\\/\\\/shanabooks.de\\\/wp-content\\\/uploads\\\/2024\\\/03\\\/Sexistiyen-Kurmanci-Xorasan-wardoz-1.png\",\"contentUrl\":\"https:\\\/\\\/shanabooks.de\\\/wp-content\\\/uploads\\\/2024\\\/03\\\/Sexistiyen-Kurmanci-Xorasan-wardoz-1.png\",\"width\":301,\"height\":476,\"caption\":\"S\u00eaxi\u015ft\u00eey\u00ean Kurmanc\u00ee -Xoresan- Pro.Dr.Cel\u00eel\u00ea Cel\u00eel - Gul\u00ea \u015eadkam - pirt\u00fbk\u00ean kurd\u00ee\"},{\"@type\":\"BreadcrumbList\",\"@id\":\"https:\\\/\\\/shanabooks.de\\\/product\\\/sexistiyen-kurmanci-xoresan-pro-dr-celile-celil-gule-sadkam\\\/#breadcrumb\",\"itemListElement\":[{\"@type\":\"ListItem\",\"position\":1,\"name\":\"\u0627\u0644\u0631\u0626\u064a\u0633\u064a\u0629\",\"item\":\"https:\\\/\\\/shanabooks.de\\\/kur\\\/\"},{\"@type\":\"ListItem\",\"position\":2,\"name\":\"\u0627\u0644\u0645\u0646\u062a\u062c\u0627\u062a\",\"item\":\"https:\\\/\\\/shanabooks.de\\\/shop\\\/\"},{\"@type\":\"ListItem\",\"position\":3,\"name\":\"S\u00eaxi\u015ft\u00eey\u00ean Kurmanc\u00ee &#8211; Xoresan\"}]},{\"@type\":\"WebSite\",\"@id\":\"https:\\\/\\\/shanabooks.de\\\/#website\",\"url\":\"https:\\\/\\\/shanabooks.de\\\/\",\"name\":\"www.shanbooks.de\",\"description\":\"C\u00eehana Pirt\u00fbk\u00ean Kurd\u00ee \u0645\u0643\u062a\u0628\u0629 \u0634\u0627\u0646\u0627 \u0641\u064a \u0627\u0644\u0645\u0627\u0646\u064a\u0627 \u0648\u0623\u0648\u0631\u0628\u0627\",\"publisher\":{\"@id\":\"https:\\\/\\\/shanabooks.de\\\/#organization\"},\"potentialAction\":[{\"@type\":\"SearchAction\",\"target\":{\"@type\":\"EntryPoint\",\"urlTemplate\":\"https:\\\/\\\/shanabooks.de\\\/?s={search_term_string}\"},\"query-input\":{\"@type\":\"PropertyValueSpecification\",\"valueRequired\":true,\"valueName\":\"search_term_string\"}}],\"inLanguage\":\"kur\"},{\"@type\":\"Organization\",\"@id\":\"https:\\\/\\\/shanabooks.de\\\/#organization\",\"name\":\"www.shanbooks.de\",\"url\":\"https:\\\/\\\/shanabooks.de\\\/\",\"logo\":{\"@type\":\"ImageObject\",\"inLanguage\":\"kur\",\"@id\":\"https:\\\/\\\/shanabooks.de\\\/#\\\/schema\\\/logo\\\/image\\\/\",\"url\":\"https:\\\/\\\/shanabooks.de\\\/wp-content\\\/uploads\\\/2024\\\/03\\\/SHANABOOKS__2_-removebg-preview.png\",\"contentUrl\":\"https:\\\/\\\/shanabooks.de\\\/wp-content\\\/uploads\\\/2024\\\/03\\\/SHANABOOKS__2_-removebg-preview.png\",\"width\":700,\"height\":150,\"caption\":\"www.shanbooks.de\"},\"image\":{\"@id\":\"https:\\\/\\\/shanabooks.de\\\/#\\\/schema\\\/logo\\\/image\\\/\"}}]}<\/script>\n<!-- \/ Yoast SEO plugin. -->","yoast_head_json":{"title":"S\u00eaxi\u015ft\u00eey\u00ean Kurmanc\u00ee -Xoresan- Pro.Dr.Cel\u00eel\u00ea Cel\u00eel - Gul\u00ea \u015eadkam","description":"S\u00eaxi\u015ft\u00eey\u00ean Kurmanc\u00ee -Xoresan- Pro.Dr.Cel\u00eel\u00ea Cel\u00eel - Gul\u00ea \u015eadkam Bi hevkariya Cel\u00eel\u00ea Cel\u00eel \u00fb Gul\u00ea \u015eadkam S\u00eaxi\u015ft\u00ee, di nava folklora Kurdan da li seranser\u00ea...","robots":{"index":"index","follow":"follow","max-snippet":"max-snippet:-1","max-image-preview":"max-image-preview:large","max-video-preview":"max-video-preview:-1"},"canonical":"https:\/\/shanabooks.de\/product\/sexistiyen-kurmanci-xoresan-pro-dr-celile-celil-gule-sadkam\/","og_locale":"en_US","og_type":"article","og_title":"S\u00eaxi\u015ft\u00eey\u00ean Kurmanc\u00ee -Xoresan- Pro.Dr.Cel\u00eel\u00ea Cel\u00eel - Gul\u00ea \u015eadkam","og_description":"S\u00eaxi\u015ft\u00eey\u00ean Kurmanc\u00ee -Xoresan- Pro.Dr.Cel\u00eel\u00ea Cel\u00eel - Gul\u00ea \u015eadkam Bi hevkariya Cel\u00eel\u00ea Cel\u00eel \u00fb Gul\u00ea \u015eadkam S\u00eaxi\u015ft\u00ee, di nava folklora Kurdan da li seranser\u00ea...","og_url":"https:\/\/shanabooks.de\/product\/sexistiyen-kurmanci-xoresan-pro-dr-celile-celil-gule-sadkam\/","og_site_name":"www.shanabooks.de","article_modified_time":"2025-12-31T17:47:25+00:00","og_image":[{"width":301,"height":476,"url":"https:\/\/shanabooks.de\/wp-content\/uploads\/2024\/03\/Sexistiyen-Kurmanci-Xorasan-wardoz-1.png","type":"image\/png"}],"twitter_card":"summary_large_image","twitter_misc":{"Est. reading time":"2 minutes"},"schema":{"@context":"https:\/\/schema.org","@graph":[{"@type":"WebPage","@id":"https:\/\/shanabooks.de\/product\/sexistiyen-kurmanci-xoresan-pro-dr-celile-celil-gule-sadkam\/","url":"https:\/\/shanabooks.de\/product\/sexistiyen-kurmanci-xoresan-pro-dr-celile-celil-gule-sadkam\/","name":"S\u00eaxi\u015ft\u00eey\u00ean Kurmanc\u00ee -Xoresan- Pro.Dr.Cel\u00eel\u00ea Cel\u00eel - Gul\u00ea \u015eadkam","isPartOf":{"@id":"https:\/\/shanabooks.de\/#website"},"primaryImageOfPage":{"@id":"https:\/\/shanabooks.de\/product\/sexistiyen-kurmanci-xoresan-pro-dr-celile-celil-gule-sadkam\/#primaryimage"},"image":{"@id":"https:\/\/shanabooks.de\/product\/sexistiyen-kurmanci-xoresan-pro-dr-celile-celil-gule-sadkam\/#primaryimage"},"thumbnailUrl":"https:\/\/shanabooks.de\/wp-content\/uploads\/2024\/03\/Sexistiyen-Kurmanci-Xorasan-wardoz-1.png","datePublished":"2024-03-03T11:51:13+00:00","dateModified":"2025-12-31T17:47:25+00:00","description":"S\u00eaxi\u015ft\u00eey\u00ean Kurmanc\u00ee -Xoresan- Pro.Dr.Cel\u00eel\u00ea Cel\u00eel - Gul\u00ea \u015eadkam Bi hevkariya Cel\u00eel\u00ea Cel\u00eel \u00fb Gul\u00ea \u015eadkam S\u00eaxi\u015ft\u00ee, di nava folklora Kurdan da li seranser\u00ea...","breadcrumb":{"@id":"https:\/\/shanabooks.de\/product\/sexistiyen-kurmanci-xoresan-pro-dr-celile-celil-gule-sadkam\/#breadcrumb"},"inLanguage":"kur","potentialAction":[{"@type":"ReadAction","target":["https:\/\/shanabooks.de\/product\/sexistiyen-kurmanci-xoresan-pro-dr-celile-celil-gule-sadkam\/"]}]},{"@type":"ImageObject","inLanguage":"kur","@id":"https:\/\/shanabooks.de\/product\/sexistiyen-kurmanci-xoresan-pro-dr-celile-celil-gule-sadkam\/#primaryimage","url":"https:\/\/shanabooks.de\/wp-content\/uploads\/2024\/03\/Sexistiyen-Kurmanci-Xorasan-wardoz-1.png","contentUrl":"https:\/\/shanabooks.de\/wp-content\/uploads\/2024\/03\/Sexistiyen-Kurmanci-Xorasan-wardoz-1.png","width":301,"height":476,"caption":"S\u00eaxi\u015ft\u00eey\u00ean Kurmanc\u00ee -Xoresan- Pro.Dr.Cel\u00eel\u00ea Cel\u00eel - Gul\u00ea \u015eadkam - pirt\u00fbk\u00ean kurd\u00ee"},{"@type":"BreadcrumbList","@id":"https:\/\/shanabooks.de\/product\/sexistiyen-kurmanci-xoresan-pro-dr-celile-celil-gule-sadkam\/#breadcrumb","itemListElement":[{"@type":"ListItem","position":1,"name":"\u0627\u0644\u0631\u0626\u064a\u0633\u064a\u0629","item":"https:\/\/shanabooks.de\/kur\/"},{"@type":"ListItem","position":2,"name":"\u0627\u0644\u0645\u0646\u062a\u062c\u0627\u062a","item":"https:\/\/shanabooks.de\/shop\/"},{"@type":"ListItem","position":3,"name":"S\u00eaxi\u015ft\u00eey\u00ean Kurmanc\u00ee &#8211; Xoresan"}]},{"@type":"WebSite","@id":"https:\/\/shanabooks.de\/#website","url":"https:\/\/shanabooks.de\/","name":"www.shanbooks.de","description":"C\u00eehana Pirt\u00fbk\u00ean Kurd\u00ee \u0645\u0643\u062a\u0628\u0629 \u0634\u0627\u0646\u0627 \u0641\u064a \u0627\u0644\u0645\u0627\u0646\u064a\u0627 \u0648\u0623\u0648\u0631\u0628\u0627","publisher":{"@id":"https:\/\/shanabooks.de\/#organization"},"potentialAction":[{"@type":"SearchAction","target":{"@type":"EntryPoint","urlTemplate":"https:\/\/shanabooks.de\/?s={search_term_string}"},"query-input":{"@type":"PropertyValueSpecification","valueRequired":true,"valueName":"search_term_string"}}],"inLanguage":"kur"},{"@type":"Organization","@id":"https:\/\/shanabooks.de\/#organization","name":"www.shanbooks.de","url":"https:\/\/shanabooks.de\/","logo":{"@type":"ImageObject","inLanguage":"kur","@id":"https:\/\/shanabooks.de\/#\/schema\/logo\/image\/","url":"https:\/\/shanabooks.de\/wp-content\/uploads\/2024\/03\/SHANABOOKS__2_-removebg-preview.png","contentUrl":"https:\/\/shanabooks.de\/wp-content\/uploads\/2024\/03\/SHANABOOKS__2_-removebg-preview.png","width":700,"height":150,"caption":"www.shanbooks.de"},"image":{"@id":"https:\/\/shanabooks.de\/#\/schema\/logo\/image\/"}}]}},"jetpack_sharing_enabled":true,"_links":{"self":[{"href":"https:\/\/shanabooks.de\/kur\/wp-json\/wp\/v2\/product\/11665","targetHints":{"allow":["GET"]}}],"collection":[{"href":"https:\/\/shanabooks.de\/kur\/wp-json\/wp\/v2\/product"}],"about":[{"href":"https:\/\/shanabooks.de\/kur\/wp-json\/wp\/v2\/types\/product"}],"version-history":[{"count":3,"href":"https:\/\/shanabooks.de\/kur\/wp-json\/wp\/v2\/product\/11665\/revisions"}],"predecessor-version":[{"id":13826,"href":"https:\/\/shanabooks.de\/kur\/wp-json\/wp\/v2\/product\/11665\/revisions\/13826"}],"wp:featuredmedia":[{"embeddable":true,"href":"https:\/\/shanabooks.de\/kur\/wp-json\/wp\/v2\/media\/11722"}],"wp:attachment":[{"href":"https:\/\/shanabooks.de\/kur\/wp-json\/wp\/v2\/media?parent=11665"}],"wp:term":[{"taxonomy":"product_brand","embeddable":true,"href":"https:\/\/shanabooks.de\/kur\/wp-json\/wp\/v2\/product_brand?post=11665"},{"taxonomy":"product_cat","embeddable":true,"href":"https:\/\/shanabooks.de\/kur\/wp-json\/wp\/v2\/product_cat?post=11665"},{"taxonomy":"product_tag","embeddable":true,"href":"https:\/\/shanabooks.de\/kur\/wp-json\/wp\/v2\/product_tag?post=11665"}],"curies":[{"name":"wp","href":"https:\/\/api.w.org\/{rel}","templated":true}]}}