{"id":11669,"date":"2024-03-03T11:51:13","date_gmt":"2024-03-03T11:51:13","guid":{"rendered":"https:\/\/shanabooks.de\/?post_type=product&#038;p=11669"},"modified":"2026-01-02T20:08:40","modified_gmt":"2026-01-02T20:08:40","slug":"celadet-u-kamiran-bedirxan-seid-veroj","status":"publish","type":"product","link":"https:\/\/shanabooks.de\/kur\/product\/celadet-u-kamiran-bedirxan-seid-veroj\/","title":{"rendered":"Celadet \u00fb Kam\u00eeran Bedirxan"},"content":{"rendered":"<p style=\"text-align: left\"><strong>Celadet \u00fb Kam\u00eeran Bedirxan &#8211; Se\u00eed Veroj<\/strong><\/p>\n<p style=\"text-align: left\">Ev xebata li ber dest\u00ea we, behsa malbata bedirxaniyan dike. Armanca l\u00eakol\u00eena li ber dest\u00ea we, hinek ron\u00eekirina xebata civak\u00ee \u00fb siyas\u00ee ya Em\u00een Al\u00ee Bedirxan \u00fb bi taybet\u00ee j\u00ee herdu law\u00ean w\u00ee; Celadet \u00fb Kamiran Bedirxan e, di deh sal\u00ean daw\u00ee y\u00ean Dewleta Osman\u00ee de. Di v\u00ea xebata li ber dest\u00ea we de, s\u00ee \u00fb heft meqaley\u00ean biray\u00ean Celadet \u00fb Kamiran Bedirxan hene.<\/p>\n","protected":false},"excerpt":{"rendered":"<p style=\"text-align: center\"><strong>Pirt\u00fbk: Celadet \u00fb Kam\u00eeran Bedirxan<br \/>\nNiv\u00eeskar: Se\u00eed Veroj<\/strong><br \/>\n<strong>Cure: L\u00eakol\u00een-Jiyanname<\/strong><\/p>\n","protected":false},"featured_media":11724,"template":"","meta":{"site-sidebar-layout":"default","site-content-layout":"","ast-site-content-layout":"default","site-content-style":"default","site-sidebar-style":"default","ast-global-header-display":"","ast-banner-title-visibility":"","ast-main-header-display":"","ast-hfb-above-header-display":"","ast-hfb-below-header-display":"","ast-hfb-mobile-header-display":"","site-post-title":"","ast-breadcrumbs-content":"","ast-featured-img":"","footer-sml-layout":"","ast-disable-related-posts":"","theme-transparent-header-meta":"default","adv-header-id-meta":"","stick-header-meta":"","header-above-stick-meta":"","header-main-stick-meta":"","header-below-stick-meta":"","astra-migrate-meta-layouts":"set","ast-page-background-enabled":"default","ast-page-background-meta":{"desktop":{"background-color":"","background-image":"","background-repeat":"repeat","background-position":"center center","background-size":"auto","background-attachment":"scroll","background-type":"","background-media":"","overlay-type":"","overlay-color":"","overlay-opacity":"","overlay-gradient":""},"tablet":{"background-color":"","background-image":"","background-repeat":"repeat","background-position":"center center","background-size":"auto","background-attachment":"scroll","background-type":"","background-media":"","overlay-type":"","overlay-color":"","overlay-opacity":"","overlay-gradient":""},"mobile":{"background-color":"","background-image":"","background-repeat":"repeat","background-position":"center center","background-size":"auto","background-attachment":"scroll","background-type":"","background-media":"","overlay-type":"","overlay-color":"","overlay-opacity":"","overlay-gradient":""}},"ast-content-background-meta":{"desktop":{"background-color":"var(--ast-global-color-5)","background-image":"","background-repeat":"repeat","background-position":"center center","background-size":"auto","background-attachment":"scroll","background-type":"","background-media":"","overlay-type":"","overlay-color":"","overlay-opacity":"","overlay-gradient":""},"tablet":{"background-color":"var(--ast-global-color-5)","background-image":"","background-repeat":"repeat","background-position":"center center","background-size":"auto","background-attachment":"scroll","background-type":"","background-media":"","overlay-type":"","overlay-color":"","overlay-opacity":"","overlay-gradient":""},"mobile":{"background-color":"var(--ast-global-color-5)","background-image":"","background-repeat":"repeat","background-position":"center center","background-size":"auto","background-attachment":"scroll","background-type":"","background-media":"","overlay-type":"","overlay-color":"","overlay-opacity":"","overlay-gradient":""}}},"product_brand":[],"product_cat":[187,179,193],"product_tag":[],"class_list":{"0":"post-11669","1":"product","2":"type-product","3":"status-publish","4":"has-post-thumbnail","6":"product_cat-_","8":"product_cat--_","9":"pa_-dirok","10":"pa_-jiyanname","11":"pa_-seid-veroj","12":"pa_-kurmanci","13":"pa_--dara-yayinlari","14":"desktop-align-left","15":"tablet-align-left","16":"mobile-align-left","18":"first","19":"outofstock","20":"shipping-taxable","21":"purchasable","22":"product-type-simple"},"yoast_head":"<!-- This site is optimized with the Yoast SEO plugin v27.4 - https:\/\/yoast.com\/product\/yoast-seo-wordpress\/ -->\n<title>Celadet \u00fb Kam\u00eeran Bedirxan - Se\u00eed Veroj - www.shanabooks.de<\/title>\n<meta name=\"description\" content=\"Celadet \u00fb Kam\u00eeran Bedirxan - Se\u00eed Veroj Ev xebata li ber dest\u00ea we, behsa malbata bedirxaniyan dike. Armanca l\u00eakol\u00eena li ber dest\u00ea we, hinek ron\u00eekirina xe...\" \/>\n<meta name=\"robots\" content=\"index, follow, max-snippet:-1, max-image-preview:large, max-video-preview:-1\" \/>\n<link rel=\"canonical\" href=\"https:\/\/shanabooks.de\/product\/celadet-u-kamiran-bedirxan-seid-veroj\/\" \/>\n<meta property=\"og:locale\" content=\"en_US\" \/>\n<meta property=\"og:type\" content=\"article\" \/>\n<meta property=\"og:title\" content=\"Celadet \u00fb Kam\u00eeran Bedirxan - Se\u00eed Veroj - www.shanabooks.de\" \/>\n<meta property=\"og:description\" content=\"Celadet \u00fb Kam\u00eeran Bedirxan - Se\u00eed Veroj Ev xebata li ber dest\u00ea we, behsa malbata bedirxaniyan dike. Armanca l\u00eakol\u00eena li ber dest\u00ea we, hinek ron\u00eekirina xe...\" \/>\n<meta property=\"og:url\" content=\"https:\/\/shanabooks.de\/product\/celadet-u-kamiran-bedirxan-seid-veroj\/\" \/>\n<meta property=\"og:site_name\" content=\"www.shanabooks.de\" \/>\n<meta property=\"article:modified_time\" content=\"2026-01-02T20:08:40+00:00\" \/>\n<meta property=\"og:image\" content=\"https:\/\/shanabooks.de\/wp-content\/uploads\/2024\/03\/Du-Birayen-Bedirxani.png\" \/>\n\t<meta property=\"og:image:width\" content=\"305\" \/>\n\t<meta property=\"og:image:height\" content=\"473\" \/>\n\t<meta property=\"og:image:type\" content=\"image\/png\" \/>\n<meta name=\"twitter:card\" content=\"summary_large_image\" \/>\n<meta name=\"twitter:label1\" content=\"Est. reading time\" \/>\n\t<meta name=\"twitter:data1\" content=\"1 minute\" \/>\n<script type=\"application\/ld+json\" class=\"yoast-schema-graph\">{\"@context\":\"https:\\\/\\\/schema.org\",\"@graph\":[{\"@type\":\"WebPage\",\"@id\":\"https:\\\/\\\/shanabooks.de\\\/product\\\/celadet-u-kamiran-bedirxan-seid-veroj\\\/\",\"url\":\"https:\\\/\\\/shanabooks.de\\\/product\\\/celadet-u-kamiran-bedirxan-seid-veroj\\\/\",\"name\":\"Celadet \u00fb Kam\u00eeran Bedirxan - Se\u00eed Veroj - www.shanabooks.de\",\"isPartOf\":{\"@id\":\"https:\\\/\\\/shanabooks.de\\\/#website\"},\"primaryImageOfPage\":{\"@id\":\"https:\\\/\\\/shanabooks.de\\\/product\\\/celadet-u-kamiran-bedirxan-seid-veroj\\\/#primaryimage\"},\"image\":{\"@id\":\"https:\\\/\\\/shanabooks.de\\\/product\\\/celadet-u-kamiran-bedirxan-seid-veroj\\\/#primaryimage\"},\"thumbnailUrl\":\"https:\\\/\\\/shanabooks.de\\\/wp-content\\\/uploads\\\/2024\\\/03\\\/Du-Birayen-Bedirxani.png\",\"datePublished\":\"2024-03-03T11:51:13+00:00\",\"dateModified\":\"2026-01-02T20:08:40+00:00\",\"description\":\"Celadet \u00fb Kam\u00eeran Bedirxan - Se\u00eed Veroj Ev xebata li ber dest\u00ea we, behsa malbata bedirxaniyan dike. Armanca l\u00eakol\u00eena li ber dest\u00ea we, hinek ron\u00eekirina xe...\",\"breadcrumb\":{\"@id\":\"https:\\\/\\\/shanabooks.de\\\/product\\\/celadet-u-kamiran-bedirxan-seid-veroj\\\/#breadcrumb\"},\"inLanguage\":\"kur\",\"potentialAction\":[{\"@type\":\"ReadAction\",\"target\":[\"https:\\\/\\\/shanabooks.de\\\/product\\\/celadet-u-kamiran-bedirxan-seid-veroj\\\/\"]}]},{\"@type\":\"ImageObject\",\"inLanguage\":\"kur\",\"@id\":\"https:\\\/\\\/shanabooks.de\\\/product\\\/celadet-u-kamiran-bedirxan-seid-veroj\\\/#primaryimage\",\"url\":\"https:\\\/\\\/shanabooks.de\\\/wp-content\\\/uploads\\\/2024\\\/03\\\/Du-Birayen-Bedirxani.png\",\"contentUrl\":\"https:\\\/\\\/shanabooks.de\\\/wp-content\\\/uploads\\\/2024\\\/03\\\/Du-Birayen-Bedirxani.png\",\"width\":305,\"height\":473,\"caption\":\"Celadet \u00fb Kam\u00eeran Bedirxan - Se\u00eed Veroj - pirt\u00fbk\u00ean kurd\u00ee\"},{\"@type\":\"BreadcrumbList\",\"@id\":\"https:\\\/\\\/shanabooks.de\\\/product\\\/celadet-u-kamiran-bedirxan-seid-veroj\\\/#breadcrumb\",\"itemListElement\":[{\"@type\":\"ListItem\",\"position\":1,\"name\":\"\u0627\u0644\u0631\u0626\u064a\u0633\u064a\u0629\",\"item\":\"https:\\\/\\\/shanabooks.de\\\/kur\\\/\"},{\"@type\":\"ListItem\",\"position\":2,\"name\":\"\u0627\u0644\u0645\u0646\u062a\u062c\u0627\u062a\",\"item\":\"https:\\\/\\\/shanabooks.de\\\/shop\\\/\"},{\"@type\":\"ListItem\",\"position\":3,\"name\":\"Celadet \u00fb Kam\u00eeran Bedirxan\"}]},{\"@type\":\"WebSite\",\"@id\":\"https:\\\/\\\/shanabooks.de\\\/#website\",\"url\":\"https:\\\/\\\/shanabooks.de\\\/\",\"name\":\"www.shanbooks.de\",\"description\":\"C\u00eehana Pirt\u00fbk\u00ean Kurd\u00ee \u0645\u0643\u062a\u0628\u0629 \u0634\u0627\u0646\u0627 \u0641\u064a \u0627\u0644\u0645\u0627\u0646\u064a\u0627 \u0648\u0623\u0648\u0631\u0628\u0627\",\"publisher\":{\"@id\":\"https:\\\/\\\/shanabooks.de\\\/#organization\"},\"potentialAction\":[{\"@type\":\"SearchAction\",\"target\":{\"@type\":\"EntryPoint\",\"urlTemplate\":\"https:\\\/\\\/shanabooks.de\\\/?s={search_term_string}\"},\"query-input\":{\"@type\":\"PropertyValueSpecification\",\"valueRequired\":true,\"valueName\":\"search_term_string\"}}],\"inLanguage\":\"kur\"},{\"@type\":\"Organization\",\"@id\":\"https:\\\/\\\/shanabooks.de\\\/#organization\",\"name\":\"www.shanbooks.de\",\"url\":\"https:\\\/\\\/shanabooks.de\\\/\",\"logo\":{\"@type\":\"ImageObject\",\"inLanguage\":\"kur\",\"@id\":\"https:\\\/\\\/shanabooks.de\\\/#\\\/schema\\\/logo\\\/image\\\/\",\"url\":\"https:\\\/\\\/shanabooks.de\\\/wp-content\\\/uploads\\\/2024\\\/03\\\/SHANABOOKS__2_-removebg-preview.png\",\"contentUrl\":\"https:\\\/\\\/shanabooks.de\\\/wp-content\\\/uploads\\\/2024\\\/03\\\/SHANABOOKS__2_-removebg-preview.png\",\"width\":700,\"height\":150,\"caption\":\"www.shanbooks.de\"},\"image\":{\"@id\":\"https:\\\/\\\/shanabooks.de\\\/#\\\/schema\\\/logo\\\/image\\\/\"}}]}<\/script>\n<!-- \/ Yoast SEO plugin. -->","yoast_head_json":{"title":"Celadet \u00fb Kam\u00eeran Bedirxan - Se\u00eed Veroj - www.shanabooks.de","description":"Celadet \u00fb Kam\u00eeran Bedirxan - Se\u00eed Veroj Ev xebata li ber dest\u00ea we, behsa malbata bedirxaniyan dike. Armanca l\u00eakol\u00eena li ber dest\u00ea we, hinek ron\u00eekirina xe...","robots":{"index":"index","follow":"follow","max-snippet":"max-snippet:-1","max-image-preview":"max-image-preview:large","max-video-preview":"max-video-preview:-1"},"canonical":"https:\/\/shanabooks.de\/product\/celadet-u-kamiran-bedirxan-seid-veroj\/","og_locale":"en_US","og_type":"article","og_title":"Celadet \u00fb Kam\u00eeran Bedirxan - Se\u00eed Veroj - www.shanabooks.de","og_description":"Celadet \u00fb Kam\u00eeran Bedirxan - Se\u00eed Veroj Ev xebata li ber dest\u00ea we, behsa malbata bedirxaniyan dike. Armanca l\u00eakol\u00eena li ber dest\u00ea we, hinek ron\u00eekirina xe...","og_url":"https:\/\/shanabooks.de\/product\/celadet-u-kamiran-bedirxan-seid-veroj\/","og_site_name":"www.shanabooks.de","article_modified_time":"2026-01-02T20:08:40+00:00","og_image":[{"width":305,"height":473,"url":"https:\/\/shanabooks.de\/wp-content\/uploads\/2024\/03\/Du-Birayen-Bedirxani.png","type":"image\/png"}],"twitter_card":"summary_large_image","twitter_misc":{"Est. reading time":"1 minute"},"schema":{"@context":"https:\/\/schema.org","@graph":[{"@type":"WebPage","@id":"https:\/\/shanabooks.de\/product\/celadet-u-kamiran-bedirxan-seid-veroj\/","url":"https:\/\/shanabooks.de\/product\/celadet-u-kamiran-bedirxan-seid-veroj\/","name":"Celadet \u00fb Kam\u00eeran Bedirxan - Se\u00eed Veroj - www.shanabooks.de","isPartOf":{"@id":"https:\/\/shanabooks.de\/#website"},"primaryImageOfPage":{"@id":"https:\/\/shanabooks.de\/product\/celadet-u-kamiran-bedirxan-seid-veroj\/#primaryimage"},"image":{"@id":"https:\/\/shanabooks.de\/product\/celadet-u-kamiran-bedirxan-seid-veroj\/#primaryimage"},"thumbnailUrl":"https:\/\/shanabooks.de\/wp-content\/uploads\/2024\/03\/Du-Birayen-Bedirxani.png","datePublished":"2024-03-03T11:51:13+00:00","dateModified":"2026-01-02T20:08:40+00:00","description":"Celadet \u00fb Kam\u00eeran Bedirxan - Se\u00eed Veroj Ev xebata li ber dest\u00ea we, behsa malbata bedirxaniyan dike. Armanca l\u00eakol\u00eena li ber dest\u00ea we, hinek ron\u00eekirina xe...","breadcrumb":{"@id":"https:\/\/shanabooks.de\/product\/celadet-u-kamiran-bedirxan-seid-veroj\/#breadcrumb"},"inLanguage":"kur","potentialAction":[{"@type":"ReadAction","target":["https:\/\/shanabooks.de\/product\/celadet-u-kamiran-bedirxan-seid-veroj\/"]}]},{"@type":"ImageObject","inLanguage":"kur","@id":"https:\/\/shanabooks.de\/product\/celadet-u-kamiran-bedirxan-seid-veroj\/#primaryimage","url":"https:\/\/shanabooks.de\/wp-content\/uploads\/2024\/03\/Du-Birayen-Bedirxani.png","contentUrl":"https:\/\/shanabooks.de\/wp-content\/uploads\/2024\/03\/Du-Birayen-Bedirxani.png","width":305,"height":473,"caption":"Celadet \u00fb Kam\u00eeran Bedirxan - Se\u00eed Veroj - pirt\u00fbk\u00ean kurd\u00ee"},{"@type":"BreadcrumbList","@id":"https:\/\/shanabooks.de\/product\/celadet-u-kamiran-bedirxan-seid-veroj\/#breadcrumb","itemListElement":[{"@type":"ListItem","position":1,"name":"\u0627\u0644\u0631\u0626\u064a\u0633\u064a\u0629","item":"https:\/\/shanabooks.de\/kur\/"},{"@type":"ListItem","position":2,"name":"\u0627\u0644\u0645\u0646\u062a\u062c\u0627\u062a","item":"https:\/\/shanabooks.de\/shop\/"},{"@type":"ListItem","position":3,"name":"Celadet \u00fb Kam\u00eeran Bedirxan"}]},{"@type":"WebSite","@id":"https:\/\/shanabooks.de\/#website","url":"https:\/\/shanabooks.de\/","name":"www.shanbooks.de","description":"C\u00eehana Pirt\u00fbk\u00ean Kurd\u00ee \u0645\u0643\u062a\u0628\u0629 \u0634\u0627\u0646\u0627 \u0641\u064a \u0627\u0644\u0645\u0627\u0646\u064a\u0627 \u0648\u0623\u0648\u0631\u0628\u0627","publisher":{"@id":"https:\/\/shanabooks.de\/#organization"},"potentialAction":[{"@type":"SearchAction","target":{"@type":"EntryPoint","urlTemplate":"https:\/\/shanabooks.de\/?s={search_term_string}"},"query-input":{"@type":"PropertyValueSpecification","valueRequired":true,"valueName":"search_term_string"}}],"inLanguage":"kur"},{"@type":"Organization","@id":"https:\/\/shanabooks.de\/#organization","name":"www.shanbooks.de","url":"https:\/\/shanabooks.de\/","logo":{"@type":"ImageObject","inLanguage":"kur","@id":"https:\/\/shanabooks.de\/#\/schema\/logo\/image\/","url":"https:\/\/shanabooks.de\/wp-content\/uploads\/2024\/03\/SHANABOOKS__2_-removebg-preview.png","contentUrl":"https:\/\/shanabooks.de\/wp-content\/uploads\/2024\/03\/SHANABOOKS__2_-removebg-preview.png","width":700,"height":150,"caption":"www.shanbooks.de"},"image":{"@id":"https:\/\/shanabooks.de\/#\/schema\/logo\/image\/"}}]}},"jetpack_sharing_enabled":true,"_links":{"self":[{"href":"https:\/\/shanabooks.de\/kur\/wp-json\/wp\/v2\/product\/11669","targetHints":{"allow":["GET"]}}],"collection":[{"href":"https:\/\/shanabooks.de\/kur\/wp-json\/wp\/v2\/product"}],"about":[{"href":"https:\/\/shanabooks.de\/kur\/wp-json\/wp\/v2\/types\/product"}],"version-history":[{"count":3,"href":"https:\/\/shanabooks.de\/kur\/wp-json\/wp\/v2\/product\/11669\/revisions"}],"predecessor-version":[{"id":13808,"href":"https:\/\/shanabooks.de\/kur\/wp-json\/wp\/v2\/product\/11669\/revisions\/13808"}],"wp:featuredmedia":[{"embeddable":true,"href":"https:\/\/shanabooks.de\/kur\/wp-json\/wp\/v2\/media\/11724"}],"wp:attachment":[{"href":"https:\/\/shanabooks.de\/kur\/wp-json\/wp\/v2\/media?parent=11669"}],"wp:term":[{"taxonomy":"product_brand","embeddable":true,"href":"https:\/\/shanabooks.de\/kur\/wp-json\/wp\/v2\/product_brand?post=11669"},{"taxonomy":"product_cat","embeddable":true,"href":"https:\/\/shanabooks.de\/kur\/wp-json\/wp\/v2\/product_cat?post=11669"},{"taxonomy":"product_tag","embeddable":true,"href":"https:\/\/shanabooks.de\/kur\/wp-json\/wp\/v2\/product_tag?post=11669"}],"curies":[{"name":"wp","href":"https:\/\/api.w.org\/{rel}","templated":true}]}}