{"id":11708,"date":"2024-03-03T11:51:36","date_gmt":"2024-03-03T11:51:36","guid":{"rendered":"https:\/\/shanabooks.de\/?post_type=product&#038;p=11708"},"modified":"2024-04-08T16:31:14","modified_gmt":"2024-04-08T16:31:14","slug":"qanda-qecekan-kitabe-destpeki-murat-basaran","status":"publish","type":"product","link":"https:\/\/shanabooks.de\/kur\/product\/qanda-qecekan-kitabe-destpeki-murat-basaran\/","title":{"rendered":"Qanda Qe\u00e7ekan Kitab\u00ea Destp\u00eak\u00ee"},"content":{"rendered":"<p style=\"text-align: left\"><strong>Qanda Qe\u00e7ekan Kitab\u00ea Destp\u00eak\u00ee &#8211; Murat Ba\u015faran<\/strong><\/p>\n<p style=\"text-align: left\"><span style=\"font-family: Verdana\">Ev Pirt\u00fbk ji bo h\u00eenb\u00fbn \u00fb f\u00earb\u00fbna ziman\u00ea Kurd\u00ee ji bo zarokan \u00e7\u00ea b\u00fbye.<br \/>\nEv Pirt\u00fbk bi zaravay\u00ea Kirman\u00e7k\u00ee ye \u00fb ji we\u015fan\u00ean Daray\u00ea derketiye.<\/span><\/p>\n","protected":false},"excerpt":{"rendered":"<p style=\"text-align: center\"><strong>Pirt\u00fbk: Qanda Qe\u00e7ekan Kitab\u00ea Destp\u00eak\u00ee<br \/>\nNiv\u00eeskar: Murat Ba\u015faran<br \/>\nCure: F\u00earb\u00fbna Kurd\u00ee ji bo Zarokan<\/strong><\/p>\n","protected":false},"featured_media":6498,"template":"","meta":{"site-sidebar-layout":"default","site-content-layout":"","ast-site-content-layout":"default","site-content-style":"default","site-sidebar-style":"default","ast-global-header-display":"","ast-banner-title-visibility":"","ast-main-header-display":"","ast-hfb-above-header-display":"","ast-hfb-below-header-display":"","ast-hfb-mobile-header-display":"","site-post-title":"","ast-breadcrumbs-content":"","ast-featured-img":"","footer-sml-layout":"","ast-disable-related-posts":"","theme-transparent-header-meta":"default","adv-header-id-meta":"","stick-header-meta":"","header-above-stick-meta":"","header-main-stick-meta":"","header-below-stick-meta":"","astra-migrate-meta-layouts":"set","ast-page-background-enabled":"default","ast-page-background-meta":{"desktop":{"background-color":"","background-image":"","background-repeat":"repeat","background-position":"center center","background-size":"auto","background-attachment":"scroll","background-type":"","background-media":"","overlay-type":"","overlay-color":"","overlay-opacity":"","overlay-gradient":""},"tablet":{"background-color":"","background-image":"","background-repeat":"repeat","background-position":"center center","background-size":"auto","background-attachment":"scroll","background-type":"","background-media":"","overlay-type":"","overlay-color":"","overlay-opacity":"","overlay-gradient":""},"mobile":{"background-color":"","background-image":"","background-repeat":"repeat","background-position":"center center","background-size":"auto","background-attachment":"scroll","background-type":"","background-media":"","overlay-type":"","overlay-color":"","overlay-opacity":"","overlay-gradient":""}},"ast-content-background-meta":{"desktop":{"background-color":"var(--ast-global-color-5)","background-image":"","background-repeat":"repeat","background-position":"center center","background-size":"auto","background-attachment":"scroll","background-type":"","background-media":"","overlay-type":"","overlay-color":"","overlay-opacity":"","overlay-gradient":""},"tablet":{"background-color":"var(--ast-global-color-5)","background-image":"","background-repeat":"repeat","background-position":"center center","background-size":"auto","background-attachment":"scroll","background-type":"","background-media":"","overlay-type":"","overlay-color":"","overlay-opacity":"","overlay-gradient":""},"mobile":{"background-color":"var(--ast-global-color-5)","background-image":"","background-repeat":"repeat","background-position":"center center","background-size":"auto","background-attachment":"scroll","background-type":"","background-media":"","overlay-type":"","overlay-color":"","overlay-opacity":"","overlay-gradient":""}}},"product_brand":[],"product_cat":[194,193],"product_tag":[],"class_list":{"0":"post-11708","1":"product","2":"type-product","3":"status-publish","4":"has-post-thumbnail","6":"product_cat--_","8":"pa_-ferbuna-kurdi","9":"pa_-zarok","10":"pa_-murat-basaran","11":"pa_-kirmancki","12":"pa_--dara-yayinlari","13":"desktop-align-left","14":"tablet-align-left","15":"mobile-align-left","17":"first","18":"instock","19":"shipping-taxable","20":"purchasable","21":"product-type-simple"},"yoast_head":"<!-- This site is optimized with the Yoast SEO plugin v27.4 - https:\/\/yoast.com\/product\/yoast-seo-wordpress\/ -->\n<title>Qanda Qe\u00e7ekan Kitab\u00ea Destp\u00eak\u00ee - Murat Ba\u015faran - www.shanabooks.de<\/title>\n<meta name=\"description\" content=\"Qanda Qe\u00e7ekan Kitab\u00ea Destp\u00eak\u00ee - Murat Ba\u015faran Ev Pirt\u00fbk ji bo h\u00eenb\u00fbn \u00fb f\u00earb\u00fbna ziman\u00ea Kurd\u00ee ji bo zarokan \u00e7\u00ea b\u00fbye. Pirt\u00fbk bi Zaravay\u00ea Zazak\u00ee ye \u00fb ji we\u015f...\" \/>\n<meta name=\"robots\" content=\"index, follow, max-snippet:-1, max-image-preview:large, max-video-preview:-1\" \/>\n<link rel=\"canonical\" href=\"https:\/\/shanabooks.de\/product\/qanda-qecekan-kitabe-destpeki-murat-basaran\/\" \/>\n<meta property=\"og:locale\" content=\"en_US\" \/>\n<meta property=\"og:type\" content=\"article\" \/>\n<meta property=\"og:title\" content=\"Qanda Qe\u00e7ekan Kitab\u00ea Destp\u00eak\u00ee - Murat Ba\u015faran - www.shanabooks.de\" \/>\n<meta property=\"og:description\" content=\"Qanda Qe\u00e7ekan Kitab\u00ea Destp\u00eak\u00ee - Murat Ba\u015faran Ev Pirt\u00fbk ji bo h\u00eenb\u00fbn \u00fb f\u00earb\u00fbna ziman\u00ea Kurd\u00ee ji bo zarokan \u00e7\u00ea b\u00fbye. Pirt\u00fbk bi Zaravay\u00ea Zazak\u00ee ye \u00fb ji we\u015f...\" \/>\n<meta property=\"og:url\" content=\"https:\/\/shanabooks.de\/product\/qanda-qecekan-kitabe-destpeki-murat-basaran\/\" \/>\n<meta property=\"og:site_name\" content=\"www.shanabooks.de\" \/>\n<meta property=\"article:modified_time\" content=\"2024-04-08T16:31:14+00:00\" \/>\n<meta property=\"og:image\" content=\"https:\/\/shanabooks.de\/wp-content\/uploads\/2024\/01\/Qanda-Qecekan-.png\" \/>\n\t<meta property=\"og:image:width\" content=\"313\" \/>\n\t<meta property=\"og:image:height\" content=\"469\" \/>\n\t<meta property=\"og:image:type\" content=\"image\/png\" \/>\n<meta name=\"twitter:card\" content=\"summary_large_image\" \/>\n<meta name=\"twitter:label1\" content=\"Est. reading time\" \/>\n\t<meta name=\"twitter:data1\" content=\"1 minute\" \/>\n<script type=\"application\/ld+json\" class=\"yoast-schema-graph\">{\"@context\":\"https:\\\/\\\/schema.org\",\"@graph\":[{\"@type\":\"WebPage\",\"@id\":\"https:\\\/\\\/shanabooks.de\\\/product\\\/qanda-qecekan-kitabe-destpeki-murat-basaran\\\/\",\"url\":\"https:\\\/\\\/shanabooks.de\\\/product\\\/qanda-qecekan-kitabe-destpeki-murat-basaran\\\/\",\"name\":\"Qanda Qe\u00e7ekan Kitab\u00ea Destp\u00eak\u00ee - Murat Ba\u015faran - www.shanabooks.de\",\"isPartOf\":{\"@id\":\"https:\\\/\\\/shanabooks.de\\\/#website\"},\"primaryImageOfPage\":{\"@id\":\"https:\\\/\\\/shanabooks.de\\\/product\\\/qanda-qecekan-kitabe-destpeki-murat-basaran\\\/#primaryimage\"},\"image\":{\"@id\":\"https:\\\/\\\/shanabooks.de\\\/product\\\/qanda-qecekan-kitabe-destpeki-murat-basaran\\\/#primaryimage\"},\"thumbnailUrl\":\"https:\\\/\\\/shanabooks.de\\\/wp-content\\\/uploads\\\/2024\\\/01\\\/Qanda-Qecekan-.png\",\"datePublished\":\"2024-03-03T11:51:36+00:00\",\"dateModified\":\"2024-04-08T16:31:14+00:00\",\"description\":\"Qanda Qe\u00e7ekan Kitab\u00ea Destp\u00eak\u00ee - Murat Ba\u015faran Ev Pirt\u00fbk ji bo h\u00eenb\u00fbn \u00fb f\u00earb\u00fbna ziman\u00ea Kurd\u00ee ji bo zarokan \u00e7\u00ea b\u00fbye. Pirt\u00fbk bi Zaravay\u00ea Zazak\u00ee ye \u00fb ji we\u015f...\",\"breadcrumb\":{\"@id\":\"https:\\\/\\\/shanabooks.de\\\/product\\\/qanda-qecekan-kitabe-destpeki-murat-basaran\\\/#breadcrumb\"},\"inLanguage\":\"kur\",\"potentialAction\":[{\"@type\":\"ReadAction\",\"target\":[\"https:\\\/\\\/shanabooks.de\\\/product\\\/qanda-qecekan-kitabe-destpeki-murat-basaran\\\/\"]}]},{\"@type\":\"ImageObject\",\"inLanguage\":\"kur\",\"@id\":\"https:\\\/\\\/shanabooks.de\\\/product\\\/qanda-qecekan-kitabe-destpeki-murat-basaran\\\/#primaryimage\",\"url\":\"https:\\\/\\\/shanabooks.de\\\/wp-content\\\/uploads\\\/2024\\\/01\\\/Qanda-Qecekan-.png\",\"contentUrl\":\"https:\\\/\\\/shanabooks.de\\\/wp-content\\\/uploads\\\/2024\\\/01\\\/Qanda-Qecekan-.png\",\"width\":313,\"height\":469,\"caption\":\"Qanda Qe\u00e7ekan Kitab\u00ea Destp\u00eak\u00ee - Murat Ba\u015faran - pirt\u00fbk\u00ean kurd\u00ee - zarok\"},{\"@type\":\"BreadcrumbList\",\"@id\":\"https:\\\/\\\/shanabooks.de\\\/product\\\/qanda-qecekan-kitabe-destpeki-murat-basaran\\\/#breadcrumb\",\"itemListElement\":[{\"@type\":\"ListItem\",\"position\":1,\"name\":\"\u0627\u0644\u0631\u0626\u064a\u0633\u064a\u0629\",\"item\":\"https:\\\/\\\/shanabooks.de\\\/kur\\\/\"},{\"@type\":\"ListItem\",\"position\":2,\"name\":\"\u0627\u0644\u0645\u0646\u062a\u062c\u0627\u062a\",\"item\":\"https:\\\/\\\/shanabooks.de\\\/shop\\\/\"},{\"@type\":\"ListItem\",\"position\":3,\"name\":\"Qanda Qe\u00e7ekan Kitab\u00ea Destp\u00eak\u00ee\"}]},{\"@type\":\"WebSite\",\"@id\":\"https:\\\/\\\/shanabooks.de\\\/#website\",\"url\":\"https:\\\/\\\/shanabooks.de\\\/\",\"name\":\"www.shanbooks.de\",\"description\":\"C\u00eehana Pirt\u00fbk\u00ean Kurd\u00ee \u0645\u0643\u062a\u0628\u0629 \u0634\u0627\u0646\u0627 \u0641\u064a \u0627\u0644\u0645\u0627\u0646\u064a\u0627 \u0648\u0623\u0648\u0631\u0628\u0627\",\"publisher\":{\"@id\":\"https:\\\/\\\/shanabooks.de\\\/#organization\"},\"potentialAction\":[{\"@type\":\"SearchAction\",\"target\":{\"@type\":\"EntryPoint\",\"urlTemplate\":\"https:\\\/\\\/shanabooks.de\\\/?s={search_term_string}\"},\"query-input\":{\"@type\":\"PropertyValueSpecification\",\"valueRequired\":true,\"valueName\":\"search_term_string\"}}],\"inLanguage\":\"kur\"},{\"@type\":\"Organization\",\"@id\":\"https:\\\/\\\/shanabooks.de\\\/#organization\",\"name\":\"www.shanbooks.de\",\"url\":\"https:\\\/\\\/shanabooks.de\\\/\",\"logo\":{\"@type\":\"ImageObject\",\"inLanguage\":\"kur\",\"@id\":\"https:\\\/\\\/shanabooks.de\\\/#\\\/schema\\\/logo\\\/image\\\/\",\"url\":\"https:\\\/\\\/shanabooks.de\\\/wp-content\\\/uploads\\\/2024\\\/03\\\/SHANABOOKS__2_-removebg-preview.png\",\"contentUrl\":\"https:\\\/\\\/shanabooks.de\\\/wp-content\\\/uploads\\\/2024\\\/03\\\/SHANABOOKS__2_-removebg-preview.png\",\"width\":700,\"height\":150,\"caption\":\"www.shanbooks.de\"},\"image\":{\"@id\":\"https:\\\/\\\/shanabooks.de\\\/#\\\/schema\\\/logo\\\/image\\\/\"}}]}<\/script>\n<!-- \/ Yoast SEO plugin. -->","yoast_head_json":{"title":"Qanda Qe\u00e7ekan Kitab\u00ea Destp\u00eak\u00ee - Murat Ba\u015faran - www.shanabooks.de","description":"Qanda Qe\u00e7ekan Kitab\u00ea Destp\u00eak\u00ee - Murat Ba\u015faran Ev Pirt\u00fbk ji bo h\u00eenb\u00fbn \u00fb f\u00earb\u00fbna ziman\u00ea Kurd\u00ee ji bo zarokan \u00e7\u00ea b\u00fbye. Pirt\u00fbk bi Zaravay\u00ea Zazak\u00ee ye \u00fb ji we\u015f...","robots":{"index":"index","follow":"follow","max-snippet":"max-snippet:-1","max-image-preview":"max-image-preview:large","max-video-preview":"max-video-preview:-1"},"canonical":"https:\/\/shanabooks.de\/product\/qanda-qecekan-kitabe-destpeki-murat-basaran\/","og_locale":"en_US","og_type":"article","og_title":"Qanda Qe\u00e7ekan Kitab\u00ea Destp\u00eak\u00ee - Murat Ba\u015faran - www.shanabooks.de","og_description":"Qanda Qe\u00e7ekan Kitab\u00ea Destp\u00eak\u00ee - Murat Ba\u015faran Ev Pirt\u00fbk ji bo h\u00eenb\u00fbn \u00fb f\u00earb\u00fbna ziman\u00ea Kurd\u00ee ji bo zarokan \u00e7\u00ea b\u00fbye. Pirt\u00fbk bi Zaravay\u00ea Zazak\u00ee ye \u00fb ji we\u015f...","og_url":"https:\/\/shanabooks.de\/product\/qanda-qecekan-kitabe-destpeki-murat-basaran\/","og_site_name":"www.shanabooks.de","article_modified_time":"2024-04-08T16:31:14+00:00","og_image":[{"width":313,"height":469,"url":"https:\/\/shanabooks.de\/wp-content\/uploads\/2024\/01\/Qanda-Qecekan-.png","type":"image\/png"}],"twitter_card":"summary_large_image","twitter_misc":{"Est. reading time":"1 minute"},"schema":{"@context":"https:\/\/schema.org","@graph":[{"@type":"WebPage","@id":"https:\/\/shanabooks.de\/product\/qanda-qecekan-kitabe-destpeki-murat-basaran\/","url":"https:\/\/shanabooks.de\/product\/qanda-qecekan-kitabe-destpeki-murat-basaran\/","name":"Qanda Qe\u00e7ekan Kitab\u00ea Destp\u00eak\u00ee - Murat Ba\u015faran - www.shanabooks.de","isPartOf":{"@id":"https:\/\/shanabooks.de\/#website"},"primaryImageOfPage":{"@id":"https:\/\/shanabooks.de\/product\/qanda-qecekan-kitabe-destpeki-murat-basaran\/#primaryimage"},"image":{"@id":"https:\/\/shanabooks.de\/product\/qanda-qecekan-kitabe-destpeki-murat-basaran\/#primaryimage"},"thumbnailUrl":"https:\/\/shanabooks.de\/wp-content\/uploads\/2024\/01\/Qanda-Qecekan-.png","datePublished":"2024-03-03T11:51:36+00:00","dateModified":"2024-04-08T16:31:14+00:00","description":"Qanda Qe\u00e7ekan Kitab\u00ea Destp\u00eak\u00ee - Murat Ba\u015faran Ev Pirt\u00fbk ji bo h\u00eenb\u00fbn \u00fb f\u00earb\u00fbna ziman\u00ea Kurd\u00ee ji bo zarokan \u00e7\u00ea b\u00fbye. Pirt\u00fbk bi Zaravay\u00ea Zazak\u00ee ye \u00fb ji we\u015f...","breadcrumb":{"@id":"https:\/\/shanabooks.de\/product\/qanda-qecekan-kitabe-destpeki-murat-basaran\/#breadcrumb"},"inLanguage":"kur","potentialAction":[{"@type":"ReadAction","target":["https:\/\/shanabooks.de\/product\/qanda-qecekan-kitabe-destpeki-murat-basaran\/"]}]},{"@type":"ImageObject","inLanguage":"kur","@id":"https:\/\/shanabooks.de\/product\/qanda-qecekan-kitabe-destpeki-murat-basaran\/#primaryimage","url":"https:\/\/shanabooks.de\/wp-content\/uploads\/2024\/01\/Qanda-Qecekan-.png","contentUrl":"https:\/\/shanabooks.de\/wp-content\/uploads\/2024\/01\/Qanda-Qecekan-.png","width":313,"height":469,"caption":"Qanda Qe\u00e7ekan Kitab\u00ea Destp\u00eak\u00ee - Murat Ba\u015faran - pirt\u00fbk\u00ean kurd\u00ee - zarok"},{"@type":"BreadcrumbList","@id":"https:\/\/shanabooks.de\/product\/qanda-qecekan-kitabe-destpeki-murat-basaran\/#breadcrumb","itemListElement":[{"@type":"ListItem","position":1,"name":"\u0627\u0644\u0631\u0626\u064a\u0633\u064a\u0629","item":"https:\/\/shanabooks.de\/kur\/"},{"@type":"ListItem","position":2,"name":"\u0627\u0644\u0645\u0646\u062a\u062c\u0627\u062a","item":"https:\/\/shanabooks.de\/shop\/"},{"@type":"ListItem","position":3,"name":"Qanda Qe\u00e7ekan Kitab\u00ea Destp\u00eak\u00ee"}]},{"@type":"WebSite","@id":"https:\/\/shanabooks.de\/#website","url":"https:\/\/shanabooks.de\/","name":"www.shanbooks.de","description":"C\u00eehana Pirt\u00fbk\u00ean Kurd\u00ee \u0645\u0643\u062a\u0628\u0629 \u0634\u0627\u0646\u0627 \u0641\u064a \u0627\u0644\u0645\u0627\u0646\u064a\u0627 \u0648\u0623\u0648\u0631\u0628\u0627","publisher":{"@id":"https:\/\/shanabooks.de\/#organization"},"potentialAction":[{"@type":"SearchAction","target":{"@type":"EntryPoint","urlTemplate":"https:\/\/shanabooks.de\/?s={search_term_string}"},"query-input":{"@type":"PropertyValueSpecification","valueRequired":true,"valueName":"search_term_string"}}],"inLanguage":"kur"},{"@type":"Organization","@id":"https:\/\/shanabooks.de\/#organization","name":"www.shanbooks.de","url":"https:\/\/shanabooks.de\/","logo":{"@type":"ImageObject","inLanguage":"kur","@id":"https:\/\/shanabooks.de\/#\/schema\/logo\/image\/","url":"https:\/\/shanabooks.de\/wp-content\/uploads\/2024\/03\/SHANABOOKS__2_-removebg-preview.png","contentUrl":"https:\/\/shanabooks.de\/wp-content\/uploads\/2024\/03\/SHANABOOKS__2_-removebg-preview.png","width":700,"height":150,"caption":"www.shanbooks.de"},"image":{"@id":"https:\/\/shanabooks.de\/#\/schema\/logo\/image\/"}}]}},"jetpack_sharing_enabled":true,"_links":{"self":[{"href":"https:\/\/shanabooks.de\/kur\/wp-json\/wp\/v2\/product\/11708","targetHints":{"allow":["GET"]}}],"collection":[{"href":"https:\/\/shanabooks.de\/kur\/wp-json\/wp\/v2\/product"}],"about":[{"href":"https:\/\/shanabooks.de\/kur\/wp-json\/wp\/v2\/types\/product"}],"version-history":[{"count":3,"href":"https:\/\/shanabooks.de\/kur\/wp-json\/wp\/v2\/product\/11708\/revisions"}],"predecessor-version":[{"id":23350,"href":"https:\/\/shanabooks.de\/kur\/wp-json\/wp\/v2\/product\/11708\/revisions\/23350"}],"wp:featuredmedia":[{"embeddable":true,"href":"https:\/\/shanabooks.de\/kur\/wp-json\/wp\/v2\/media\/6498"}],"wp:attachment":[{"href":"https:\/\/shanabooks.de\/kur\/wp-json\/wp\/v2\/media?parent=11708"}],"wp:term":[{"taxonomy":"product_brand","embeddable":true,"href":"https:\/\/shanabooks.de\/kur\/wp-json\/wp\/v2\/product_brand?post=11708"},{"taxonomy":"product_cat","embeddable":true,"href":"https:\/\/shanabooks.de\/kur\/wp-json\/wp\/v2\/product_cat?post=11708"},{"taxonomy":"product_tag","embeddable":true,"href":"https:\/\/shanabooks.de\/kur\/wp-json\/wp\/v2\/product_tag?post=11708"}],"curies":[{"name":"wp","href":"https:\/\/api.w.org\/{rel}","templated":true}]}}