{"id":11811,"date":"2024-03-03T19:38:06","date_gmt":"2024-03-03T19:38:06","guid":{"rendered":"https:\/\/shanabooks.de\/?post_type=product&#038;p=11811"},"modified":"2025-12-30T22:35:08","modified_gmt":"2025-12-30T22:35:08","slug":"pirewerger-jan-dost","status":"publish","type":"product","link":"https:\/\/shanabooks.de\/kur\/product\/pirewerger-jan-dost\/","title":{"rendered":"P\u00eerewerg\u00ear"},"content":{"rendered":"<p dir=\"ltr\"><strong>P\u00eer\u00eawerg\u00ear &#8211; Jan Dost<\/strong><\/p>\n<p dir=\"ltr\">Ez w\u00ea \u015fev\u00ea ji ber tay\u00ea raneketim. Heval\u00ean min ketin xewa \u015f\u00ear\u00een l\u00ea Rahib her li k\u00ealeka min b\u00fb dua dikirin. Min dikarib\u00fb ez ayet\u00ean Quran\u00ea j\u00ee di nav duay\u00ean w\u00ee re nas bikim, herweha hin duay\u00ean ku min ji \u015f\u00eaxek\u00ee Heleb\u00ee j\u00ee bih\u00eestib\u00fbn w\u00ee digotin. Guman\u00ean min z\u00eade b\u00fbn l\u00ea min ji xwe re got: \u201cEz ser\u00ea xwe bi rastiya ola w\u00ee re na\u00ea\u015f\u00eenim. Rojek w\u00ea were ku ew \u00ea ji xweber her ti\u015ft\u00ee bib\u00eaje.\u201d<\/p>\n","protected":false},"excerpt":{"rendered":"<p dir=\"ltr\" style=\"text-align: center\"><strong>Pirt\u00fbk: P\u00eer\u00eawerg\u00ear<br \/>\nNiv\u00eeskar: Jan Dost<\/strong><br \/>\n<strong>Cure: Roman<\/strong><\/p>\n","protected":false},"featured_media":4514,"template":"","meta":{"site-sidebar-layout":"default","site-content-layout":"","ast-site-content-layout":"default","site-content-style":"default","site-sidebar-style":"default","ast-global-header-display":"","ast-banner-title-visibility":"","ast-main-header-display":"","ast-hfb-above-header-display":"","ast-hfb-below-header-display":"","ast-hfb-mobile-header-display":"","site-post-title":"","ast-breadcrumbs-content":"","ast-featured-img":"","footer-sml-layout":"","ast-disable-related-posts":"","theme-transparent-header-meta":"default","adv-header-id-meta":"","stick-header-meta":"","header-above-stick-meta":"","header-main-stick-meta":"","header-below-stick-meta":"","astra-migrate-meta-layouts":"set","ast-page-background-enabled":"default","ast-page-background-meta":{"desktop":{"background-color":"","background-image":"","background-repeat":"repeat","background-position":"center center","background-size":"auto","background-attachment":"scroll","background-type":"","background-media":"","overlay-type":"","overlay-color":"","overlay-opacity":"","overlay-gradient":""},"tablet":{"background-color":"","background-image":"","background-repeat":"repeat","background-position":"center center","background-size":"auto","background-attachment":"scroll","background-type":"","background-media":"","overlay-type":"","overlay-color":"","overlay-opacity":"","overlay-gradient":""},"mobile":{"background-color":"","background-image":"","background-repeat":"repeat","background-position":"center center","background-size":"auto","background-attachment":"scroll","background-type":"","background-media":"","overlay-type":"","overlay-color":"","overlay-opacity":"","overlay-gradient":""}},"ast-content-background-meta":{"desktop":{"background-color":"var(--ast-global-color-5)","background-image":"","background-repeat":"repeat","background-position":"center center","background-size":"auto","background-attachment":"scroll","background-type":"","background-media":"","overlay-type":"","overlay-color":"","overlay-opacity":"","overlay-gradient":""},"tablet":{"background-color":"var(--ast-global-color-5)","background-image":"","background-repeat":"repeat","background-position":"center center","background-size":"auto","background-attachment":"scroll","background-type":"","background-media":"","overlay-type":"","overlay-color":"","overlay-opacity":"","overlay-gradient":""},"mobile":{"background-color":"var(--ast-global-color-5)","background-image":"","background-repeat":"repeat","background-position":"center center","background-size":"auto","background-attachment":"scroll","background-type":"","background-media":"","overlay-type":"","overlay-color":"","overlay-opacity":"","overlay-gradient":""}}},"product_brand":[],"product_cat":[182,193],"product_tag":[],"class_list":{"0":"post-11811","1":"product","2":"type-product","3":"status-publish","4":"has-post-thumbnail","6":"product_cat-_","7":"product_cat--_","8":"pa_-roman","9":"pa_-jan-dost","10":"pa_-kurmanci","11":"pa_--dara-yayinlari","12":"desktop-align-left","13":"tablet-align-left","14":"mobile-align-left","16":"first","17":"outofstock","18":"shipping-taxable","19":"purchasable","20":"product-type-simple"},"yoast_head":"<!-- This site is optimized with the Yoast SEO plugin v27.4 - https:\/\/yoast.com\/product\/yoast-seo-wordpress\/ -->\n<title>P\u00eer\u00eawerg\u00ear - Jan Dost - www.shanabooks.de<\/title>\n<meta name=\"description\" content=\"P\u00eer\u00eawerg\u00ear - Jan Dost Ez w\u00ea \u015fev\u00ea ji ber tay\u00ea raneketim. Heval\u00ean min ketin xewa \u015f\u00ear\u00een l\u00ea Rahib her li k\u00ealeka min b\u00fb dua dikirin. Min dikarib\u00fb ez ayet\u00ean Q...\" \/>\n<meta name=\"robots\" content=\"index, follow, max-snippet:-1, max-image-preview:large, max-video-preview:-1\" \/>\n<link rel=\"canonical\" href=\"https:\/\/shanabooks.de\/product\/pirewerger-jan-dost\/\" \/>\n<meta property=\"og:locale\" content=\"en_US\" \/>\n<meta property=\"og:type\" content=\"article\" \/>\n<meta property=\"og:title\" content=\"P\u00eer\u00eawerg\u00ear - Jan Dost - www.shanabooks.de\" \/>\n<meta property=\"og:description\" content=\"P\u00eer\u00eawerg\u00ear - Jan Dost Ez w\u00ea \u015fev\u00ea ji ber tay\u00ea raneketim. Heval\u00ean min ketin xewa \u015f\u00ear\u00een l\u00ea Rahib her li k\u00ealeka min b\u00fb dua dikirin. Min dikarib\u00fb ez ayet\u00ean Q...\" \/>\n<meta property=\"og:url\" content=\"https:\/\/shanabooks.de\/product\/pirewerger-jan-dost\/\" \/>\n<meta property=\"og:site_name\" content=\"www.shanabooks.de\" \/>\n<meta property=\"article:modified_time\" content=\"2025-12-30T22:35:08+00:00\" \/>\n<meta property=\"og:image\" content=\"https:\/\/shanabooks.de\/wp-content\/uploads\/2024\/01\/Pirewerger.png\" \/>\n\t<meta property=\"og:image:width\" content=\"303\" \/>\n\t<meta property=\"og:image:height\" content=\"477\" \/>\n\t<meta property=\"og:image:type\" content=\"image\/png\" \/>\n<meta name=\"twitter:card\" content=\"summary_large_image\" \/>\n<meta name=\"twitter:label1\" content=\"Est. reading time\" \/>\n\t<meta name=\"twitter:data1\" content=\"1 minute\" \/>\n<script type=\"application\/ld+json\" class=\"yoast-schema-graph\">{\"@context\":\"https:\\\/\\\/schema.org\",\"@graph\":[{\"@type\":\"WebPage\",\"@id\":\"https:\\\/\\\/shanabooks.de\\\/product\\\/pirewerger-jan-dost\\\/\",\"url\":\"https:\\\/\\\/shanabooks.de\\\/product\\\/pirewerger-jan-dost\\\/\",\"name\":\"P\u00eer\u00eawerg\u00ear - Jan Dost - www.shanabooks.de\",\"isPartOf\":{\"@id\":\"https:\\\/\\\/shanabooks.de\\\/#website\"},\"primaryImageOfPage\":{\"@id\":\"https:\\\/\\\/shanabooks.de\\\/product\\\/pirewerger-jan-dost\\\/#primaryimage\"},\"image\":{\"@id\":\"https:\\\/\\\/shanabooks.de\\\/product\\\/pirewerger-jan-dost\\\/#primaryimage\"},\"thumbnailUrl\":\"https:\\\/\\\/shanabooks.de\\\/wp-content\\\/uploads\\\/2024\\\/01\\\/Pirewerger.png\",\"datePublished\":\"2024-03-03T19:38:06+00:00\",\"dateModified\":\"2025-12-30T22:35:08+00:00\",\"description\":\"P\u00eer\u00eawerg\u00ear - Jan Dost Ez w\u00ea \u015fev\u00ea ji ber tay\u00ea raneketim. Heval\u00ean min ketin xewa \u015f\u00ear\u00een l\u00ea Rahib her li k\u00ealeka min b\u00fb dua dikirin. Min dikarib\u00fb ez ayet\u00ean Q...\",\"breadcrumb\":{\"@id\":\"https:\\\/\\\/shanabooks.de\\\/product\\\/pirewerger-jan-dost\\\/#breadcrumb\"},\"inLanguage\":\"kur\",\"potentialAction\":[{\"@type\":\"ReadAction\",\"target\":[\"https:\\\/\\\/shanabooks.de\\\/product\\\/pirewerger-jan-dost\\\/\"]}]},{\"@type\":\"ImageObject\",\"inLanguage\":\"kur\",\"@id\":\"https:\\\/\\\/shanabooks.de\\\/product\\\/pirewerger-jan-dost\\\/#primaryimage\",\"url\":\"https:\\\/\\\/shanabooks.de\\\/wp-content\\\/uploads\\\/2024\\\/01\\\/Pirewerger.png\",\"contentUrl\":\"https:\\\/\\\/shanabooks.de\\\/wp-content\\\/uploads\\\/2024\\\/01\\\/Pirewerger.png\",\"width\":303,\"height\":477,\"caption\":\"P\u00eer\u00eawerg\u00ear - Jan Dost - pirt\u00fbk\u00ean kurd\u00ee\"},{\"@type\":\"BreadcrumbList\",\"@id\":\"https:\\\/\\\/shanabooks.de\\\/product\\\/pirewerger-jan-dost\\\/#breadcrumb\",\"itemListElement\":[{\"@type\":\"ListItem\",\"position\":1,\"name\":\"\u0627\u0644\u0631\u0626\u064a\u0633\u064a\u0629\",\"item\":\"https:\\\/\\\/shanabooks.de\\\/kur\\\/\"},{\"@type\":\"ListItem\",\"position\":2,\"name\":\"\u0627\u0644\u0645\u0646\u062a\u062c\u0627\u062a\",\"item\":\"https:\\\/\\\/shanabooks.de\\\/shop\\\/\"},{\"@type\":\"ListItem\",\"position\":3,\"name\":\"P\u00eerewerg\u00ear\"}]},{\"@type\":\"WebSite\",\"@id\":\"https:\\\/\\\/shanabooks.de\\\/#website\",\"url\":\"https:\\\/\\\/shanabooks.de\\\/\",\"name\":\"www.shanbooks.de\",\"description\":\"C\u00eehana Pirt\u00fbk\u00ean Kurd\u00ee \u0645\u0643\u062a\u0628\u0629 \u0634\u0627\u0646\u0627 \u0641\u064a \u0627\u0644\u0645\u0627\u0646\u064a\u0627 \u0648\u0623\u0648\u0631\u0628\u0627\",\"publisher\":{\"@id\":\"https:\\\/\\\/shanabooks.de\\\/#organization\"},\"potentialAction\":[{\"@type\":\"SearchAction\",\"target\":{\"@type\":\"EntryPoint\",\"urlTemplate\":\"https:\\\/\\\/shanabooks.de\\\/?s={search_term_string}\"},\"query-input\":{\"@type\":\"PropertyValueSpecification\",\"valueRequired\":true,\"valueName\":\"search_term_string\"}}],\"inLanguage\":\"kur\"},{\"@type\":\"Organization\",\"@id\":\"https:\\\/\\\/shanabooks.de\\\/#organization\",\"name\":\"www.shanbooks.de\",\"url\":\"https:\\\/\\\/shanabooks.de\\\/\",\"logo\":{\"@type\":\"ImageObject\",\"inLanguage\":\"kur\",\"@id\":\"https:\\\/\\\/shanabooks.de\\\/#\\\/schema\\\/logo\\\/image\\\/\",\"url\":\"https:\\\/\\\/shanabooks.de\\\/wp-content\\\/uploads\\\/2024\\\/03\\\/SHANABOOKS__2_-removebg-preview.png\",\"contentUrl\":\"https:\\\/\\\/shanabooks.de\\\/wp-content\\\/uploads\\\/2024\\\/03\\\/SHANABOOKS__2_-removebg-preview.png\",\"width\":700,\"height\":150,\"caption\":\"www.shanbooks.de\"},\"image\":{\"@id\":\"https:\\\/\\\/shanabooks.de\\\/#\\\/schema\\\/logo\\\/image\\\/\"}}]}<\/script>\n<!-- \/ Yoast SEO plugin. -->","yoast_head_json":{"title":"P\u00eer\u00eawerg\u00ear - Jan Dost - www.shanabooks.de","description":"P\u00eer\u00eawerg\u00ear - Jan Dost Ez w\u00ea \u015fev\u00ea ji ber tay\u00ea raneketim. Heval\u00ean min ketin xewa \u015f\u00ear\u00een l\u00ea Rahib her li k\u00ealeka min b\u00fb dua dikirin. Min dikarib\u00fb ez ayet\u00ean Q...","robots":{"index":"index","follow":"follow","max-snippet":"max-snippet:-1","max-image-preview":"max-image-preview:large","max-video-preview":"max-video-preview:-1"},"canonical":"https:\/\/shanabooks.de\/product\/pirewerger-jan-dost\/","og_locale":"en_US","og_type":"article","og_title":"P\u00eer\u00eawerg\u00ear - Jan Dost - www.shanabooks.de","og_description":"P\u00eer\u00eawerg\u00ear - Jan Dost Ez w\u00ea \u015fev\u00ea ji ber tay\u00ea raneketim. Heval\u00ean min ketin xewa \u015f\u00ear\u00een l\u00ea Rahib her li k\u00ealeka min b\u00fb dua dikirin. Min dikarib\u00fb ez ayet\u00ean Q...","og_url":"https:\/\/shanabooks.de\/product\/pirewerger-jan-dost\/","og_site_name":"www.shanabooks.de","article_modified_time":"2025-12-30T22:35:08+00:00","og_image":[{"width":303,"height":477,"url":"https:\/\/shanabooks.de\/wp-content\/uploads\/2024\/01\/Pirewerger.png","type":"image\/png"}],"twitter_card":"summary_large_image","twitter_misc":{"Est. reading time":"1 minute"},"schema":{"@context":"https:\/\/schema.org","@graph":[{"@type":"WebPage","@id":"https:\/\/shanabooks.de\/product\/pirewerger-jan-dost\/","url":"https:\/\/shanabooks.de\/product\/pirewerger-jan-dost\/","name":"P\u00eer\u00eawerg\u00ear - Jan Dost - www.shanabooks.de","isPartOf":{"@id":"https:\/\/shanabooks.de\/#website"},"primaryImageOfPage":{"@id":"https:\/\/shanabooks.de\/product\/pirewerger-jan-dost\/#primaryimage"},"image":{"@id":"https:\/\/shanabooks.de\/product\/pirewerger-jan-dost\/#primaryimage"},"thumbnailUrl":"https:\/\/shanabooks.de\/wp-content\/uploads\/2024\/01\/Pirewerger.png","datePublished":"2024-03-03T19:38:06+00:00","dateModified":"2025-12-30T22:35:08+00:00","description":"P\u00eer\u00eawerg\u00ear - Jan Dost Ez w\u00ea \u015fev\u00ea ji ber tay\u00ea raneketim. Heval\u00ean min ketin xewa \u015f\u00ear\u00een l\u00ea Rahib her li k\u00ealeka min b\u00fb dua dikirin. Min dikarib\u00fb ez ayet\u00ean Q...","breadcrumb":{"@id":"https:\/\/shanabooks.de\/product\/pirewerger-jan-dost\/#breadcrumb"},"inLanguage":"kur","potentialAction":[{"@type":"ReadAction","target":["https:\/\/shanabooks.de\/product\/pirewerger-jan-dost\/"]}]},{"@type":"ImageObject","inLanguage":"kur","@id":"https:\/\/shanabooks.de\/product\/pirewerger-jan-dost\/#primaryimage","url":"https:\/\/shanabooks.de\/wp-content\/uploads\/2024\/01\/Pirewerger.png","contentUrl":"https:\/\/shanabooks.de\/wp-content\/uploads\/2024\/01\/Pirewerger.png","width":303,"height":477,"caption":"P\u00eer\u00eawerg\u00ear - Jan Dost - pirt\u00fbk\u00ean kurd\u00ee"},{"@type":"BreadcrumbList","@id":"https:\/\/shanabooks.de\/product\/pirewerger-jan-dost\/#breadcrumb","itemListElement":[{"@type":"ListItem","position":1,"name":"\u0627\u0644\u0631\u0626\u064a\u0633\u064a\u0629","item":"https:\/\/shanabooks.de\/kur\/"},{"@type":"ListItem","position":2,"name":"\u0627\u0644\u0645\u0646\u062a\u062c\u0627\u062a","item":"https:\/\/shanabooks.de\/shop\/"},{"@type":"ListItem","position":3,"name":"P\u00eerewerg\u00ear"}]},{"@type":"WebSite","@id":"https:\/\/shanabooks.de\/#website","url":"https:\/\/shanabooks.de\/","name":"www.shanbooks.de","description":"C\u00eehana Pirt\u00fbk\u00ean Kurd\u00ee \u0645\u0643\u062a\u0628\u0629 \u0634\u0627\u0646\u0627 \u0641\u064a \u0627\u0644\u0645\u0627\u0646\u064a\u0627 \u0648\u0623\u0648\u0631\u0628\u0627","publisher":{"@id":"https:\/\/shanabooks.de\/#organization"},"potentialAction":[{"@type":"SearchAction","target":{"@type":"EntryPoint","urlTemplate":"https:\/\/shanabooks.de\/?s={search_term_string}"},"query-input":{"@type":"PropertyValueSpecification","valueRequired":true,"valueName":"search_term_string"}}],"inLanguage":"kur"},{"@type":"Organization","@id":"https:\/\/shanabooks.de\/#organization","name":"www.shanbooks.de","url":"https:\/\/shanabooks.de\/","logo":{"@type":"ImageObject","inLanguage":"kur","@id":"https:\/\/shanabooks.de\/#\/schema\/logo\/image\/","url":"https:\/\/shanabooks.de\/wp-content\/uploads\/2024\/03\/SHANABOOKS__2_-removebg-preview.png","contentUrl":"https:\/\/shanabooks.de\/wp-content\/uploads\/2024\/03\/SHANABOOKS__2_-removebg-preview.png","width":700,"height":150,"caption":"www.shanbooks.de"},"image":{"@id":"https:\/\/shanabooks.de\/#\/schema\/logo\/image\/"}}]}},"jetpack_sharing_enabled":true,"_links":{"self":[{"href":"https:\/\/shanabooks.de\/kur\/wp-json\/wp\/v2\/product\/11811","targetHints":{"allow":["GET"]}}],"collection":[{"href":"https:\/\/shanabooks.de\/kur\/wp-json\/wp\/v2\/product"}],"about":[{"href":"https:\/\/shanabooks.de\/kur\/wp-json\/wp\/v2\/types\/product"}],"version-history":[{"count":2,"href":"https:\/\/shanabooks.de\/kur\/wp-json\/wp\/v2\/product\/11811\/revisions"}],"predecessor-version":[{"id":19974,"href":"https:\/\/shanabooks.de\/kur\/wp-json\/wp\/v2\/product\/11811\/revisions\/19974"}],"wp:featuredmedia":[{"embeddable":true,"href":"https:\/\/shanabooks.de\/kur\/wp-json\/wp\/v2\/media\/4514"}],"wp:attachment":[{"href":"https:\/\/shanabooks.de\/kur\/wp-json\/wp\/v2\/media?parent=11811"}],"wp:term":[{"taxonomy":"product_brand","embeddable":true,"href":"https:\/\/shanabooks.de\/kur\/wp-json\/wp\/v2\/product_brand?post=11811"},{"taxonomy":"product_cat","embeddable":true,"href":"https:\/\/shanabooks.de\/kur\/wp-json\/wp\/v2\/product_cat?post=11811"},{"taxonomy":"product_tag","embeddable":true,"href":"https:\/\/shanabooks.de\/kur\/wp-json\/wp\/v2\/product_tag?post=11811"}],"curies":[{"name":"wp","href":"https:\/\/api.w.org\/{rel}","templated":true}]}}