{"id":11910,"date":"2024-03-03T19:39:16","date_gmt":"2024-03-03T19:39:16","guid":{"rendered":"https:\/\/shanabooks.de\/?post_type=product&#038;p=11910"},"modified":"2026-01-01T19:39:16","modified_gmt":"2026-01-01T19:39:16","slug":"diwan-irfan-seyid-qedri-hasimi","status":"publish","type":"product","link":"https:\/\/shanabooks.de\/kur\/product\/diwan-irfan-seyid-qedri-hasimi\/","title":{"rendered":"D\u00eewana \u00cerfan"},"content":{"rendered":"<p dir=\"ltr\"><strong>D\u00eewan \u00cerfan &#8211; Seyid Qedr\u00ee Ha\u015fim\u00ee<\/strong><\/p>\n<p dir=\"ltr\">Ciz\u00eera Botan di d\u00eeroka Kurdan de wek hi\u015f \u00fb qelb e. Zanyar\u00ean v\u00ee bajar\u00ee bi \u00e7\u00eakirina hizra Kurd\u00ee \u00fb bi n\u00fbnertiya ziman \u00fb edebiyata Kurd\u00ee, hem ji aliy\u00ea hi\u015f\u00ee \u00fb hem j\u00ee ji aliy\u00ea qelb\u00ee \u00fb manew\u00ee ve b\u00fbne r\u00eaber\u00ean gel\u00ea xwe. Seyid Qedr\u00ee Ha\u015fim\u00ee (1898-1961) j\u00ee endamek\u00ee ji v\u00ea kevne\u015fopiy\u00ea b\u00fb. Berhema Seyid Qedr\u00ee ya bi nav\u00ea D\u00eewana \u2018Irfan, di v\u00ea kevne\u015fopiya ku me behskir\u00ee de cihek\u00ee gir\u00eeng digire. Edisyon-Kr\u00eet\u00eek-Amadekar: M. Nesim Doru Ciz\u00eera Botan di d\u00eeroka Kurdan de wek hi\u015f \u00fb qelb e. Zanyar\u00ean v\u00ee bajar\u00ee bi \u00e7\u00eakirina hizra Kurd\u00ee \u00fb bi n\u00fbnertiya ziman \u00fb edebiyata Kurd\u00ee, hem ji aliy\u00ea hi\u015f\u00ee \u00fb hem j\u00ee ji aliy\u00ea qelb\u00ee \u00fb manew\u00ee ve b\u00fbne r\u00eaber\u00ean gel\u00ea xwe. Seyid Qedr\u00ee Ha\u015fim\u00ee (1898-1961) j\u00ee endamek\u00ee ji v\u00ea kevne\u015fopiy\u00ea b\u00fb. Berhema Seyid Qedr\u00ee Ha\u015fim\u00ee ya bi nav\u00ea D\u00eewan \u00cerfan, di v\u00ea kevne\u015fopiya ku me behskir\u00ee de cihek\u00ee gir\u00eeng digire. Edisyon-Kr\u00eet\u00eek-Amadekar: M. Nesim Doru<\/p>\n<p dir=\"ltr\">klas\u00eek\u00ean kurd\u00ee<\/p>\n","protected":false},"excerpt":{"rendered":"<p dir=\"ltr\" style=\"text-align: center;\"><strong>Pirt\u00fbk: D\u00eewana \u00cerfan<br \/>\nNiv\u00eeskar: Seyid Qedr\u00ee Ha\u015fim\u00ee<\/strong><br \/>\n<strong>Cure: Helbest\u00ean klas\u00eek<\/strong><\/p>\n","protected":false},"featured_media":11947,"template":"","meta":{"site-sidebar-layout":"default","site-content-layout":"","ast-site-content-layout":"default","site-content-style":"default","site-sidebar-style":"default","ast-global-header-display":"","ast-banner-title-visibility":"","ast-main-header-display":"","ast-hfb-above-header-display":"","ast-hfb-below-header-display":"","ast-hfb-mobile-header-display":"","site-post-title":"","ast-breadcrumbs-content":"","ast-featured-img":"","footer-sml-layout":"","ast-disable-related-posts":"","theme-transparent-header-meta":"default","adv-header-id-meta":"","stick-header-meta":"","header-above-stick-meta":"","header-main-stick-meta":"","header-below-stick-meta":"","astra-migrate-meta-layouts":"set","ast-page-background-enabled":"default","ast-page-background-meta":{"desktop":{"background-color":"","background-image":"","background-repeat":"repeat","background-position":"center center","background-size":"auto","background-attachment":"scroll","background-type":"","background-media":"","overlay-type":"","overlay-color":"","overlay-opacity":"","overlay-gradient":""},"tablet":{"background-color":"","background-image":"","background-repeat":"repeat","background-position":"center center","background-size":"auto","background-attachment":"scroll","background-type":"","background-media":"","overlay-type":"","overlay-color":"","overlay-opacity":"","overlay-gradient":""},"mobile":{"background-color":"","background-image":"","background-repeat":"repeat","background-position":"center center","background-size":"auto","background-attachment":"scroll","background-type":"","background-media":"","overlay-type":"","overlay-color":"","overlay-opacity":"","overlay-gradient":""}},"ast-content-background-meta":{"desktop":{"background-color":"var(--ast-global-color-5)","background-image":"","background-repeat":"repeat","background-position":"center center","background-size":"auto","background-attachment":"scroll","background-type":"","background-media":"","overlay-type":"","overlay-color":"","overlay-opacity":"","overlay-gradient":""},"tablet":{"background-color":"var(--ast-global-color-5)","background-image":"","background-repeat":"repeat","background-position":"center center","background-size":"auto","background-attachment":"scroll","background-type":"","background-media":"","overlay-type":"","overlay-color":"","overlay-opacity":"","overlay-gradient":""},"mobile":{"background-color":"var(--ast-global-color-5)","background-image":"","background-repeat":"repeat","background-position":"center center","background-size":"auto","background-attachment":"scroll","background-type":"","background-media":"","overlay-type":"","overlay-color":"","overlay-opacity":"","overlay-gradient":""}}},"product_brand":[],"product_cat":[181,193],"product_tag":[],"class_list":{"0":"post-11910","1":"product","2":"type-product","3":"status-publish","4":"has-post-thumbnail","6":"product_cat--_","8":"pa_-helbest","9":"pa_-klasiken-kurdi","10":"pa_-seyid-qedri-hasimi","11":"pa_-kurmanci","12":"pa_--nubihar","13":"desktop-align-left","14":"tablet-align-left","15":"mobile-align-left","17":"first","18":"instock","19":"shipping-taxable","20":"purchasable","21":"product-type-simple"},"yoast_head":"<!-- This site is optimized with the Yoast SEO plugin v27.4 - https:\/\/yoast.com\/product\/yoast-seo-wordpress\/ -->\n<title>D\u00eewan \u00cerfan - Seyid Qedr\u00ee Ha\u015fim\u00ee - www.shanabooks.de<\/title>\n<meta name=\"description\" content=\"D\u00eewan \u00cerfan - Seyid Qedr\u00ee Ha\u015fim\u00ee Ciz\u00eera Botan di d\u00eeroka Kurdan de wek hi\u015f \u00fb qelb e. Zanyar\u00ean v\u00ee bajar\u00ee bi \u00e7\u00eakirina hizra Kurd\u00ee \u00fb bi n\u00fbnertiya ziman \u00fb ...\" \/>\n<meta name=\"robots\" content=\"index, follow, max-snippet:-1, max-image-preview:large, max-video-preview:-1\" \/>\n<link rel=\"canonical\" href=\"https:\/\/shanabooks.de\/product\/diwan-irfan-seyid-qedri-hasimi\/\" \/>\n<meta property=\"og:locale\" content=\"en_US\" \/>\n<meta property=\"og:type\" content=\"article\" \/>\n<meta property=\"og:title\" content=\"D\u00eewan \u00cerfan - Seyid Qedr\u00ee Ha\u015fim\u00ee - www.shanabooks.de\" \/>\n<meta property=\"og:description\" content=\"D\u00eewan \u00cerfan - Seyid Qedr\u00ee Ha\u015fim\u00ee Ciz\u00eera Botan di d\u00eeroka Kurdan de wek hi\u015f \u00fb qelb e. Zanyar\u00ean v\u00ee bajar\u00ee bi \u00e7\u00eakirina hizra Kurd\u00ee \u00fb bi n\u00fbnertiya ziman \u00fb ...\" \/>\n<meta property=\"og:url\" content=\"https:\/\/shanabooks.de\/product\/diwan-irfan-seyid-qedri-hasimi\/\" \/>\n<meta property=\"og:site_name\" content=\"www.shanabooks.de\" \/>\n<meta property=\"article:modified_time\" content=\"2026-01-01T19:39:16+00:00\" \/>\n<meta property=\"og:image\" content=\"https:\/\/shanabooks.de\/wp-content\/uploads\/2024\/03\/Diwana-Irfan-1.png\" \/>\n\t<meta property=\"og:image:width\" content=\"321\" \/>\n\t<meta property=\"og:image:height\" content=\"477\" \/>\n\t<meta property=\"og:image:type\" content=\"image\/png\" \/>\n<meta name=\"twitter:card\" content=\"summary_large_image\" \/>\n<meta name=\"twitter:label1\" content=\"Est. reading time\" \/>\n\t<meta name=\"twitter:data1\" content=\"2 minutes\" \/>\n<script type=\"application\/ld+json\" class=\"yoast-schema-graph\">{\"@context\":\"https:\\\/\\\/schema.org\",\"@graph\":[{\"@type\":\"WebPage\",\"@id\":\"https:\\\/\\\/shanabooks.de\\\/product\\\/diwan-irfan-seyid-qedri-hasimi\\\/\",\"url\":\"https:\\\/\\\/shanabooks.de\\\/product\\\/diwan-irfan-seyid-qedri-hasimi\\\/\",\"name\":\"D\u00eewan \u00cerfan - Seyid Qedr\u00ee Ha\u015fim\u00ee - www.shanabooks.de\",\"isPartOf\":{\"@id\":\"https:\\\/\\\/shanabooks.de\\\/#website\"},\"primaryImageOfPage\":{\"@id\":\"https:\\\/\\\/shanabooks.de\\\/product\\\/diwan-irfan-seyid-qedri-hasimi\\\/#primaryimage\"},\"image\":{\"@id\":\"https:\\\/\\\/shanabooks.de\\\/product\\\/diwan-irfan-seyid-qedri-hasimi\\\/#primaryimage\"},\"thumbnailUrl\":\"https:\\\/\\\/shanabooks.de\\\/wp-content\\\/uploads\\\/2024\\\/03\\\/Diwana-Irfan-1.png\",\"datePublished\":\"2024-03-03T19:39:16+00:00\",\"dateModified\":\"2026-01-01T19:39:16+00:00\",\"description\":\"D\u00eewan \u00cerfan - Seyid Qedr\u00ee Ha\u015fim\u00ee Ciz\u00eera Botan di d\u00eeroka Kurdan de wek hi\u015f \u00fb qelb e. Zanyar\u00ean v\u00ee bajar\u00ee bi \u00e7\u00eakirina hizra Kurd\u00ee \u00fb bi n\u00fbnertiya ziman \u00fb ...\",\"breadcrumb\":{\"@id\":\"https:\\\/\\\/shanabooks.de\\\/product\\\/diwan-irfan-seyid-qedri-hasimi\\\/#breadcrumb\"},\"inLanguage\":\"kur\",\"potentialAction\":[{\"@type\":\"ReadAction\",\"target\":[\"https:\\\/\\\/shanabooks.de\\\/product\\\/diwan-irfan-seyid-qedri-hasimi\\\/\"]}]},{\"@type\":\"ImageObject\",\"inLanguage\":\"kur\",\"@id\":\"https:\\\/\\\/shanabooks.de\\\/product\\\/diwan-irfan-seyid-qedri-hasimi\\\/#primaryimage\",\"url\":\"https:\\\/\\\/shanabooks.de\\\/wp-content\\\/uploads\\\/2024\\\/03\\\/Diwana-Irfan-1.png\",\"contentUrl\":\"https:\\\/\\\/shanabooks.de\\\/wp-content\\\/uploads\\\/2024\\\/03\\\/Diwana-Irfan-1.png\",\"width\":321,\"height\":477,\"caption\":\"D\u00eewan \u00cerfan - Seyid Qedr\u00ee Ha\u015fim\u00ee - pirt\u00fbk\u00ean kurd\u00ee - Klas\u00eek\"},{\"@type\":\"BreadcrumbList\",\"@id\":\"https:\\\/\\\/shanabooks.de\\\/product\\\/diwan-irfan-seyid-qedri-hasimi\\\/#breadcrumb\",\"itemListElement\":[{\"@type\":\"ListItem\",\"position\":1,\"name\":\"\u0627\u0644\u0631\u0626\u064a\u0633\u064a\u0629\",\"item\":\"https:\\\/\\\/shanabooks.de\\\/kur\\\/\"},{\"@type\":\"ListItem\",\"position\":2,\"name\":\"\u0627\u0644\u0645\u0646\u062a\u062c\u0627\u062a\",\"item\":\"https:\\\/\\\/shanabooks.de\\\/shop\\\/\"},{\"@type\":\"ListItem\",\"position\":3,\"name\":\"D\u00eewana \u00cerfan\"}]},{\"@type\":\"WebSite\",\"@id\":\"https:\\\/\\\/shanabooks.de\\\/#website\",\"url\":\"https:\\\/\\\/shanabooks.de\\\/\",\"name\":\"www.shanbooks.de\",\"description\":\"C\u00eehana Pirt\u00fbk\u00ean Kurd\u00ee \u0645\u0643\u062a\u0628\u0629 \u0634\u0627\u0646\u0627 \u0641\u064a \u0627\u0644\u0645\u0627\u0646\u064a\u0627 \u0648\u0623\u0648\u0631\u0628\u0627\",\"publisher\":{\"@id\":\"https:\\\/\\\/shanabooks.de\\\/#organization\"},\"potentialAction\":[{\"@type\":\"SearchAction\",\"target\":{\"@type\":\"EntryPoint\",\"urlTemplate\":\"https:\\\/\\\/shanabooks.de\\\/?s={search_term_string}\"},\"query-input\":{\"@type\":\"PropertyValueSpecification\",\"valueRequired\":true,\"valueName\":\"search_term_string\"}}],\"inLanguage\":\"kur\"},{\"@type\":\"Organization\",\"@id\":\"https:\\\/\\\/shanabooks.de\\\/#organization\",\"name\":\"www.shanbooks.de\",\"url\":\"https:\\\/\\\/shanabooks.de\\\/\",\"logo\":{\"@type\":\"ImageObject\",\"inLanguage\":\"kur\",\"@id\":\"https:\\\/\\\/shanabooks.de\\\/#\\\/schema\\\/logo\\\/image\\\/\",\"url\":\"https:\\\/\\\/shanabooks.de\\\/wp-content\\\/uploads\\\/2024\\\/03\\\/SHANABOOKS__2_-removebg-preview.png\",\"contentUrl\":\"https:\\\/\\\/shanabooks.de\\\/wp-content\\\/uploads\\\/2024\\\/03\\\/SHANABOOKS__2_-removebg-preview.png\",\"width\":700,\"height\":150,\"caption\":\"www.shanbooks.de\"},\"image\":{\"@id\":\"https:\\\/\\\/shanabooks.de\\\/#\\\/schema\\\/logo\\\/image\\\/\"}}]}<\/script>\n<!-- \/ Yoast SEO plugin. -->","yoast_head_json":{"title":"D\u00eewan \u00cerfan - Seyid Qedr\u00ee Ha\u015fim\u00ee - www.shanabooks.de","description":"D\u00eewan \u00cerfan - Seyid Qedr\u00ee Ha\u015fim\u00ee Ciz\u00eera Botan di d\u00eeroka Kurdan de wek hi\u015f \u00fb qelb e. Zanyar\u00ean v\u00ee bajar\u00ee bi \u00e7\u00eakirina hizra Kurd\u00ee \u00fb bi n\u00fbnertiya ziman \u00fb ...","robots":{"index":"index","follow":"follow","max-snippet":"max-snippet:-1","max-image-preview":"max-image-preview:large","max-video-preview":"max-video-preview:-1"},"canonical":"https:\/\/shanabooks.de\/product\/diwan-irfan-seyid-qedri-hasimi\/","og_locale":"en_US","og_type":"article","og_title":"D\u00eewan \u00cerfan - Seyid Qedr\u00ee Ha\u015fim\u00ee - www.shanabooks.de","og_description":"D\u00eewan \u00cerfan - Seyid Qedr\u00ee Ha\u015fim\u00ee Ciz\u00eera Botan di d\u00eeroka Kurdan de wek hi\u015f \u00fb qelb e. Zanyar\u00ean v\u00ee bajar\u00ee bi \u00e7\u00eakirina hizra Kurd\u00ee \u00fb bi n\u00fbnertiya ziman \u00fb ...","og_url":"https:\/\/shanabooks.de\/product\/diwan-irfan-seyid-qedri-hasimi\/","og_site_name":"www.shanabooks.de","article_modified_time":"2026-01-01T19:39:16+00:00","og_image":[{"width":321,"height":477,"url":"https:\/\/shanabooks.de\/wp-content\/uploads\/2024\/03\/Diwana-Irfan-1.png","type":"image\/png"}],"twitter_card":"summary_large_image","twitter_misc":{"Est. reading time":"2 minutes"},"schema":{"@context":"https:\/\/schema.org","@graph":[{"@type":"WebPage","@id":"https:\/\/shanabooks.de\/product\/diwan-irfan-seyid-qedri-hasimi\/","url":"https:\/\/shanabooks.de\/product\/diwan-irfan-seyid-qedri-hasimi\/","name":"D\u00eewan \u00cerfan - Seyid Qedr\u00ee Ha\u015fim\u00ee - www.shanabooks.de","isPartOf":{"@id":"https:\/\/shanabooks.de\/#website"},"primaryImageOfPage":{"@id":"https:\/\/shanabooks.de\/product\/diwan-irfan-seyid-qedri-hasimi\/#primaryimage"},"image":{"@id":"https:\/\/shanabooks.de\/product\/diwan-irfan-seyid-qedri-hasimi\/#primaryimage"},"thumbnailUrl":"https:\/\/shanabooks.de\/wp-content\/uploads\/2024\/03\/Diwana-Irfan-1.png","datePublished":"2024-03-03T19:39:16+00:00","dateModified":"2026-01-01T19:39:16+00:00","description":"D\u00eewan \u00cerfan - Seyid Qedr\u00ee Ha\u015fim\u00ee Ciz\u00eera Botan di d\u00eeroka Kurdan de wek hi\u015f \u00fb qelb e. Zanyar\u00ean v\u00ee bajar\u00ee bi \u00e7\u00eakirina hizra Kurd\u00ee \u00fb bi n\u00fbnertiya ziman \u00fb ...","breadcrumb":{"@id":"https:\/\/shanabooks.de\/product\/diwan-irfan-seyid-qedri-hasimi\/#breadcrumb"},"inLanguage":"kur","potentialAction":[{"@type":"ReadAction","target":["https:\/\/shanabooks.de\/product\/diwan-irfan-seyid-qedri-hasimi\/"]}]},{"@type":"ImageObject","inLanguage":"kur","@id":"https:\/\/shanabooks.de\/product\/diwan-irfan-seyid-qedri-hasimi\/#primaryimage","url":"https:\/\/shanabooks.de\/wp-content\/uploads\/2024\/03\/Diwana-Irfan-1.png","contentUrl":"https:\/\/shanabooks.de\/wp-content\/uploads\/2024\/03\/Diwana-Irfan-1.png","width":321,"height":477,"caption":"D\u00eewan \u00cerfan - Seyid Qedr\u00ee Ha\u015fim\u00ee - pirt\u00fbk\u00ean kurd\u00ee - Klas\u00eek"},{"@type":"BreadcrumbList","@id":"https:\/\/shanabooks.de\/product\/diwan-irfan-seyid-qedri-hasimi\/#breadcrumb","itemListElement":[{"@type":"ListItem","position":1,"name":"\u0627\u0644\u0631\u0626\u064a\u0633\u064a\u0629","item":"https:\/\/shanabooks.de\/kur\/"},{"@type":"ListItem","position":2,"name":"\u0627\u0644\u0645\u0646\u062a\u062c\u0627\u062a","item":"https:\/\/shanabooks.de\/shop\/"},{"@type":"ListItem","position":3,"name":"D\u00eewana \u00cerfan"}]},{"@type":"WebSite","@id":"https:\/\/shanabooks.de\/#website","url":"https:\/\/shanabooks.de\/","name":"www.shanbooks.de","description":"C\u00eehana Pirt\u00fbk\u00ean Kurd\u00ee \u0645\u0643\u062a\u0628\u0629 \u0634\u0627\u0646\u0627 \u0641\u064a \u0627\u0644\u0645\u0627\u0646\u064a\u0627 \u0648\u0623\u0648\u0631\u0628\u0627","publisher":{"@id":"https:\/\/shanabooks.de\/#organization"},"potentialAction":[{"@type":"SearchAction","target":{"@type":"EntryPoint","urlTemplate":"https:\/\/shanabooks.de\/?s={search_term_string}"},"query-input":{"@type":"PropertyValueSpecification","valueRequired":true,"valueName":"search_term_string"}}],"inLanguage":"kur"},{"@type":"Organization","@id":"https:\/\/shanabooks.de\/#organization","name":"www.shanbooks.de","url":"https:\/\/shanabooks.de\/","logo":{"@type":"ImageObject","inLanguage":"kur","@id":"https:\/\/shanabooks.de\/#\/schema\/logo\/image\/","url":"https:\/\/shanabooks.de\/wp-content\/uploads\/2024\/03\/SHANABOOKS__2_-removebg-preview.png","contentUrl":"https:\/\/shanabooks.de\/wp-content\/uploads\/2024\/03\/SHANABOOKS__2_-removebg-preview.png","width":700,"height":150,"caption":"www.shanbooks.de"},"image":{"@id":"https:\/\/shanabooks.de\/#\/schema\/logo\/image\/"}}]}},"jetpack_sharing_enabled":true,"_links":{"self":[{"href":"https:\/\/shanabooks.de\/kur\/wp-json\/wp\/v2\/product\/11910","targetHints":{"allow":["GET"]}}],"collection":[{"href":"https:\/\/shanabooks.de\/kur\/wp-json\/wp\/v2\/product"}],"about":[{"href":"https:\/\/shanabooks.de\/kur\/wp-json\/wp\/v2\/types\/product"}],"version-history":[{"count":3,"href":"https:\/\/shanabooks.de\/kur\/wp-json\/wp\/v2\/product\/11910\/revisions"}],"predecessor-version":[{"id":23245,"href":"https:\/\/shanabooks.de\/kur\/wp-json\/wp\/v2\/product\/11910\/revisions\/23245"}],"wp:featuredmedia":[{"embeddable":true,"href":"https:\/\/shanabooks.de\/kur\/wp-json\/wp\/v2\/media\/11947"}],"wp:attachment":[{"href":"https:\/\/shanabooks.de\/kur\/wp-json\/wp\/v2\/media?parent=11910"}],"wp:term":[{"taxonomy":"product_brand","embeddable":true,"href":"https:\/\/shanabooks.de\/kur\/wp-json\/wp\/v2\/product_brand?post=11910"},{"taxonomy":"product_cat","embeddable":true,"href":"https:\/\/shanabooks.de\/kur\/wp-json\/wp\/v2\/product_cat?post=11910"},{"taxonomy":"product_tag","embeddable":true,"href":"https:\/\/shanabooks.de\/kur\/wp-json\/wp\/v2\/product_tag?post=11910"}],"curies":[{"name":"wp","href":"https:\/\/api.w.org\/{rel}","templated":true}]}}