{"id":11920,"date":"2024-03-03T19:39:16","date_gmt":"2024-03-03T19:39:16","guid":{"rendered":"https:\/\/shanabooks.de\/?post_type=product&#038;p=11920"},"modified":"2026-01-01T19:37:27","modified_gmt":"2026-01-01T19:37:27","slug":"sexe-senaniyan-feqiye-teyran","status":"publish","type":"product","link":"https:\/\/shanabooks.de\/kur\/product\/sexe-senaniyan-feqiye-teyran\/","title":{"rendered":"Feqiy\u00ea Teyran &#8211; \u015e\u00eax\u00ea Senan\u00eeyan"},"content":{"rendered":"<p dir=\"ltr\"><strong>\u015e\u00eax\u00ea Senan\u00eeyan &#8211; Feqiy\u00ea Teyran<\/strong><\/p>\n<p dir=\"ltr\">Po\u00eama \u015e\u00eax\u00ea Sen\u2018an\u00eeyan cewhereka edeb\u00eeyeta kurdan e. Ew di sedsala XVI-an da bi dest\u00ea helbestvan\u00ea klas\u00eek Feq\u00eey\u00ea Teyran\u00ee hat\u00eeye h\u00fbnandin. Ev niv\u00eesa payeberz li ser ev\u00eena sof\u00eeyek\u00ee berket\u00ee \u00fb bihut\u00ee, \u015e\u00eax\u00ea Sen\u2018an\u00eeyan e. \u015e\u00eax, bi berxwedana mezin, bi zor \u00fb zehmet\u00ea, p\u00eeroz\u00eeya ev\u00eena xwe \u00eespat dike \u00fb dil\u00ea ke\u00e7a xa\u00e7par\u00eaz bi ev\u00eena xwe tij\u00ee dike \u00fb digih\u00eeje miraz\u00ea xwe. Bi bandora v\u00ea niv\u00eesar\u00ea, helbestvanek\u00ee bi nav\u00ea \u201cXemg\u00een\u201d\u00ee po\u00eam bi hunera nez\u00eerey\u00ea xemiland\u00eeye \u00fb ducar berfireh kir\u00eeye, bend\u00ean \u00e7ar\u00eenan gihand\u00eeye 701\u00ea.<\/p>\n","protected":false},"excerpt":{"rendered":"<p dir=\"ltr\" style=\"text-align: center;\"><strong>Pirt\u00fbk: \u015e\u00eax\u00ea Senan\u00eeyan<br \/>\nNiv\u00eesakr: Feqiy\u00ea Teyran<\/strong><br \/>\n<strong>Cure: Helbest, Klas\u00eek\u00ean Kurd\u00ee<\/strong><\/p>\n","protected":false},"featured_media":4631,"template":"","meta":{"site-sidebar-layout":"default","site-content-layout":"","ast-site-content-layout":"default","site-content-style":"default","site-sidebar-style":"default","ast-global-header-display":"","ast-banner-title-visibility":"","ast-main-header-display":"","ast-hfb-above-header-display":"","ast-hfb-below-header-display":"","ast-hfb-mobile-header-display":"","site-post-title":"","ast-breadcrumbs-content":"","ast-featured-img":"","footer-sml-layout":"","ast-disable-related-posts":"","theme-transparent-header-meta":"default","adv-header-id-meta":"","stick-header-meta":"","header-above-stick-meta":"","header-main-stick-meta":"","header-below-stick-meta":"","astra-migrate-meta-layouts":"set","ast-page-background-enabled":"default","ast-page-background-meta":{"desktop":{"background-color":"","background-image":"","background-repeat":"repeat","background-position":"center center","background-size":"auto","background-attachment":"scroll","background-type":"","background-media":"","overlay-type":"","overlay-color":"","overlay-opacity":"","overlay-gradient":""},"tablet":{"background-color":"","background-image":"","background-repeat":"repeat","background-position":"center center","background-size":"auto","background-attachment":"scroll","background-type":"","background-media":"","overlay-type":"","overlay-color":"","overlay-opacity":"","overlay-gradient":""},"mobile":{"background-color":"","background-image":"","background-repeat":"repeat","background-position":"center center","background-size":"auto","background-attachment":"scroll","background-type":"","background-media":"","overlay-type":"","overlay-color":"","overlay-opacity":"","overlay-gradient":""}},"ast-content-background-meta":{"desktop":{"background-color":"var(--ast-global-color-5)","background-image":"","background-repeat":"repeat","background-position":"center center","background-size":"auto","background-attachment":"scroll","background-type":"","background-media":"","overlay-type":"","overlay-color":"","overlay-opacity":"","overlay-gradient":""},"tablet":{"background-color":"var(--ast-global-color-5)","background-image":"","background-repeat":"repeat","background-position":"center center","background-size":"auto","background-attachment":"scroll","background-type":"","background-media":"","overlay-type":"","overlay-color":"","overlay-opacity":"","overlay-gradient":""},"mobile":{"background-color":"var(--ast-global-color-5)","background-image":"","background-repeat":"repeat","background-position":"center center","background-size":"auto","background-attachment":"scroll","background-type":"","background-media":"","overlay-type":"","overlay-color":"","overlay-opacity":"","overlay-gradient":""}}},"product_brand":[],"product_cat":[181,193],"product_tag":[],"class_list":{"0":"post-11920","1":"product","2":"type-product","3":"status-publish","4":"has-post-thumbnail","6":"product_cat--_","8":"pa_-helbest","9":"pa_-klasiken-kurdi","10":"pa_-feqiye-teyran","11":"pa_-kurmanci","12":"pa_--wardoz-yayinlari","13":"desktop-align-left","14":"tablet-align-left","15":"mobile-align-left","17":"first","18":"outofstock","19":"shipping-taxable","20":"purchasable","21":"product-type-simple"},"yoast_head":"<!-- This site is optimized with the Yoast SEO plugin v27.4 - https:\/\/yoast.com\/product\/yoast-seo-wordpress\/ -->\n<title>\u015e\u00eax\u00ea Senan\u00eeyan - Feqiy\u00ea Teyran - www.shanabooks.de<\/title>\n<meta name=\"description\" content=\"\u015e\u00eax\u00ea Senan\u00eeyan - Feqiy\u00ea Teyran Po\u00eama \u015e\u00eax\u00ea Sen\u2018an\u00eeyan cewhereka edeb\u00eeyeta kurdan e. Ew di sedsala XVI-an da bi dest\u00ea helbestvan\u00ea klas\u00eek Feq\u00eey\u00ea Teyran\u00ee hat...\" \/>\n<meta name=\"robots\" content=\"index, follow, max-snippet:-1, max-image-preview:large, max-video-preview:-1\" \/>\n<link rel=\"canonical\" href=\"https:\/\/shanabooks.de\/product\/sexe-senaniyan-feqiye-teyran\/\" \/>\n<meta property=\"og:locale\" content=\"en_US\" \/>\n<meta property=\"og:type\" content=\"article\" \/>\n<meta property=\"og:title\" content=\"\u015e\u00eax\u00ea Senan\u00eeyan - Feqiy\u00ea Teyran - www.shanabooks.de\" \/>\n<meta property=\"og:description\" content=\"\u015e\u00eax\u00ea Senan\u00eeyan - Feqiy\u00ea Teyran Po\u00eama \u015e\u00eax\u00ea Sen\u2018an\u00eeyan cewhereka edeb\u00eeyeta kurdan e. Ew di sedsala XVI-an da bi dest\u00ea helbestvan\u00ea klas\u00eek Feq\u00eey\u00ea Teyran\u00ee hat...\" \/>\n<meta property=\"og:url\" content=\"https:\/\/shanabooks.de\/product\/sexe-senaniyan-feqiye-teyran\/\" \/>\n<meta property=\"og:site_name\" content=\"www.shanabooks.de\" \/>\n<meta property=\"article:modified_time\" content=\"2026-01-01T19:37:27+00:00\" \/>\n<meta property=\"og:image\" content=\"https:\/\/shanabooks.de\/wp-content\/uploads\/2024\/01\/Sexe-Senaniyan.png\" \/>\n\t<meta property=\"og:image:width\" content=\"312\" \/>\n\t<meta property=\"og:image:height\" content=\"477\" \/>\n\t<meta property=\"og:image:type\" content=\"image\/png\" \/>\n<meta name=\"twitter:card\" content=\"summary_large_image\" \/>\n<meta name=\"twitter:label1\" content=\"Est. reading time\" \/>\n\t<meta name=\"twitter:data1\" content=\"1 minute\" \/>\n<script type=\"application\/ld+json\" class=\"yoast-schema-graph\">{\"@context\":\"https:\\\/\\\/schema.org\",\"@graph\":[{\"@type\":\"WebPage\",\"@id\":\"https:\\\/\\\/shanabooks.de\\\/product\\\/sexe-senaniyan-feqiye-teyran\\\/\",\"url\":\"https:\\\/\\\/shanabooks.de\\\/product\\\/sexe-senaniyan-feqiye-teyran\\\/\",\"name\":\"\u015e\u00eax\u00ea Senan\u00eeyan - Feqiy\u00ea Teyran - www.shanabooks.de\",\"isPartOf\":{\"@id\":\"https:\\\/\\\/shanabooks.de\\\/#website\"},\"primaryImageOfPage\":{\"@id\":\"https:\\\/\\\/shanabooks.de\\\/product\\\/sexe-senaniyan-feqiye-teyran\\\/#primaryimage\"},\"image\":{\"@id\":\"https:\\\/\\\/shanabooks.de\\\/product\\\/sexe-senaniyan-feqiye-teyran\\\/#primaryimage\"},\"thumbnailUrl\":\"https:\\\/\\\/shanabooks.de\\\/wp-content\\\/uploads\\\/2024\\\/01\\\/Sexe-Senaniyan.png\",\"datePublished\":\"2024-03-03T19:39:16+00:00\",\"dateModified\":\"2026-01-01T19:37:27+00:00\",\"description\":\"\u015e\u00eax\u00ea Senan\u00eeyan - Feqiy\u00ea Teyran Po\u00eama \u015e\u00eax\u00ea Sen\u2018an\u00eeyan cewhereka edeb\u00eeyeta kurdan e. Ew di sedsala XVI-an da bi dest\u00ea helbestvan\u00ea klas\u00eek Feq\u00eey\u00ea Teyran\u00ee hat...\",\"breadcrumb\":{\"@id\":\"https:\\\/\\\/shanabooks.de\\\/product\\\/sexe-senaniyan-feqiye-teyran\\\/#breadcrumb\"},\"inLanguage\":\"kur\",\"potentialAction\":[{\"@type\":\"ReadAction\",\"target\":[\"https:\\\/\\\/shanabooks.de\\\/product\\\/sexe-senaniyan-feqiye-teyran\\\/\"]}]},{\"@type\":\"ImageObject\",\"inLanguage\":\"kur\",\"@id\":\"https:\\\/\\\/shanabooks.de\\\/product\\\/sexe-senaniyan-feqiye-teyran\\\/#primaryimage\",\"url\":\"https:\\\/\\\/shanabooks.de\\\/wp-content\\\/uploads\\\/2024\\\/01\\\/Sexe-Senaniyan.png\",\"contentUrl\":\"https:\\\/\\\/shanabooks.de\\\/wp-content\\\/uploads\\\/2024\\\/01\\\/Sexe-Senaniyan.png\",\"width\":312,\"height\":477,\"caption\":\"\u015e\u00eax\u00ea Senan\u00eeyan - Feqiy\u00ea Teyran - pirt\u00fbk\u00ean kurd\u00ee - klas\u00eek\"},{\"@type\":\"BreadcrumbList\",\"@id\":\"https:\\\/\\\/shanabooks.de\\\/product\\\/sexe-senaniyan-feqiye-teyran\\\/#breadcrumb\",\"itemListElement\":[{\"@type\":\"ListItem\",\"position\":1,\"name\":\"\u0627\u0644\u0631\u0626\u064a\u0633\u064a\u0629\",\"item\":\"https:\\\/\\\/shanabooks.de\\\/kur\\\/\"},{\"@type\":\"ListItem\",\"position\":2,\"name\":\"\u0627\u0644\u0645\u0646\u062a\u062c\u0627\u062a\",\"item\":\"https:\\\/\\\/shanabooks.de\\\/shop\\\/\"},{\"@type\":\"ListItem\",\"position\":3,\"name\":\"Feqiy\u00ea Teyran &#8211; \u015e\u00eax\u00ea Senan\u00eeyan\"}]},{\"@type\":\"WebSite\",\"@id\":\"https:\\\/\\\/shanabooks.de\\\/#website\",\"url\":\"https:\\\/\\\/shanabooks.de\\\/\",\"name\":\"www.shanbooks.de\",\"description\":\"C\u00eehana Pirt\u00fbk\u00ean Kurd\u00ee \u0645\u0643\u062a\u0628\u0629 \u0634\u0627\u0646\u0627 \u0641\u064a \u0627\u0644\u0645\u0627\u0646\u064a\u0627 \u0648\u0623\u0648\u0631\u0628\u0627\",\"publisher\":{\"@id\":\"https:\\\/\\\/shanabooks.de\\\/#organization\"},\"potentialAction\":[{\"@type\":\"SearchAction\",\"target\":{\"@type\":\"EntryPoint\",\"urlTemplate\":\"https:\\\/\\\/shanabooks.de\\\/?s={search_term_string}\"},\"query-input\":{\"@type\":\"PropertyValueSpecification\",\"valueRequired\":true,\"valueName\":\"search_term_string\"}}],\"inLanguage\":\"kur\"},{\"@type\":\"Organization\",\"@id\":\"https:\\\/\\\/shanabooks.de\\\/#organization\",\"name\":\"www.shanbooks.de\",\"url\":\"https:\\\/\\\/shanabooks.de\\\/\",\"logo\":{\"@type\":\"ImageObject\",\"inLanguage\":\"kur\",\"@id\":\"https:\\\/\\\/shanabooks.de\\\/#\\\/schema\\\/logo\\\/image\\\/\",\"url\":\"https:\\\/\\\/shanabooks.de\\\/wp-content\\\/uploads\\\/2024\\\/03\\\/SHANABOOKS__2_-removebg-preview.png\",\"contentUrl\":\"https:\\\/\\\/shanabooks.de\\\/wp-content\\\/uploads\\\/2024\\\/03\\\/SHANABOOKS__2_-removebg-preview.png\",\"width\":700,\"height\":150,\"caption\":\"www.shanbooks.de\"},\"image\":{\"@id\":\"https:\\\/\\\/shanabooks.de\\\/#\\\/schema\\\/logo\\\/image\\\/\"}}]}<\/script>\n<!-- \/ Yoast SEO plugin. -->","yoast_head_json":{"title":"\u015e\u00eax\u00ea Senan\u00eeyan - Feqiy\u00ea Teyran - www.shanabooks.de","description":"\u015e\u00eax\u00ea Senan\u00eeyan - Feqiy\u00ea Teyran Po\u00eama \u015e\u00eax\u00ea Sen\u2018an\u00eeyan cewhereka edeb\u00eeyeta kurdan e. Ew di sedsala XVI-an da bi dest\u00ea helbestvan\u00ea klas\u00eek Feq\u00eey\u00ea Teyran\u00ee hat...","robots":{"index":"index","follow":"follow","max-snippet":"max-snippet:-1","max-image-preview":"max-image-preview:large","max-video-preview":"max-video-preview:-1"},"canonical":"https:\/\/shanabooks.de\/product\/sexe-senaniyan-feqiye-teyran\/","og_locale":"en_US","og_type":"article","og_title":"\u015e\u00eax\u00ea Senan\u00eeyan - Feqiy\u00ea Teyran - www.shanabooks.de","og_description":"\u015e\u00eax\u00ea Senan\u00eeyan - Feqiy\u00ea Teyran Po\u00eama \u015e\u00eax\u00ea Sen\u2018an\u00eeyan cewhereka edeb\u00eeyeta kurdan e. Ew di sedsala XVI-an da bi dest\u00ea helbestvan\u00ea klas\u00eek Feq\u00eey\u00ea Teyran\u00ee hat...","og_url":"https:\/\/shanabooks.de\/product\/sexe-senaniyan-feqiye-teyran\/","og_site_name":"www.shanabooks.de","article_modified_time":"2026-01-01T19:37:27+00:00","og_image":[{"width":312,"height":477,"url":"https:\/\/shanabooks.de\/wp-content\/uploads\/2024\/01\/Sexe-Senaniyan.png","type":"image\/png"}],"twitter_card":"summary_large_image","twitter_misc":{"Est. reading time":"1 minute"},"schema":{"@context":"https:\/\/schema.org","@graph":[{"@type":"WebPage","@id":"https:\/\/shanabooks.de\/product\/sexe-senaniyan-feqiye-teyran\/","url":"https:\/\/shanabooks.de\/product\/sexe-senaniyan-feqiye-teyran\/","name":"\u015e\u00eax\u00ea Senan\u00eeyan - Feqiy\u00ea Teyran - www.shanabooks.de","isPartOf":{"@id":"https:\/\/shanabooks.de\/#website"},"primaryImageOfPage":{"@id":"https:\/\/shanabooks.de\/product\/sexe-senaniyan-feqiye-teyran\/#primaryimage"},"image":{"@id":"https:\/\/shanabooks.de\/product\/sexe-senaniyan-feqiye-teyran\/#primaryimage"},"thumbnailUrl":"https:\/\/shanabooks.de\/wp-content\/uploads\/2024\/01\/Sexe-Senaniyan.png","datePublished":"2024-03-03T19:39:16+00:00","dateModified":"2026-01-01T19:37:27+00:00","description":"\u015e\u00eax\u00ea Senan\u00eeyan - Feqiy\u00ea Teyran Po\u00eama \u015e\u00eax\u00ea Sen\u2018an\u00eeyan cewhereka edeb\u00eeyeta kurdan e. Ew di sedsala XVI-an da bi dest\u00ea helbestvan\u00ea klas\u00eek Feq\u00eey\u00ea Teyran\u00ee hat...","breadcrumb":{"@id":"https:\/\/shanabooks.de\/product\/sexe-senaniyan-feqiye-teyran\/#breadcrumb"},"inLanguage":"kur","potentialAction":[{"@type":"ReadAction","target":["https:\/\/shanabooks.de\/product\/sexe-senaniyan-feqiye-teyran\/"]}]},{"@type":"ImageObject","inLanguage":"kur","@id":"https:\/\/shanabooks.de\/product\/sexe-senaniyan-feqiye-teyran\/#primaryimage","url":"https:\/\/shanabooks.de\/wp-content\/uploads\/2024\/01\/Sexe-Senaniyan.png","contentUrl":"https:\/\/shanabooks.de\/wp-content\/uploads\/2024\/01\/Sexe-Senaniyan.png","width":312,"height":477,"caption":"\u015e\u00eax\u00ea Senan\u00eeyan - Feqiy\u00ea Teyran - pirt\u00fbk\u00ean kurd\u00ee - klas\u00eek"},{"@type":"BreadcrumbList","@id":"https:\/\/shanabooks.de\/product\/sexe-senaniyan-feqiye-teyran\/#breadcrumb","itemListElement":[{"@type":"ListItem","position":1,"name":"\u0627\u0644\u0631\u0626\u064a\u0633\u064a\u0629","item":"https:\/\/shanabooks.de\/kur\/"},{"@type":"ListItem","position":2,"name":"\u0627\u0644\u0645\u0646\u062a\u062c\u0627\u062a","item":"https:\/\/shanabooks.de\/shop\/"},{"@type":"ListItem","position":3,"name":"Feqiy\u00ea Teyran &#8211; \u015e\u00eax\u00ea Senan\u00eeyan"}]},{"@type":"WebSite","@id":"https:\/\/shanabooks.de\/#website","url":"https:\/\/shanabooks.de\/","name":"www.shanbooks.de","description":"C\u00eehana Pirt\u00fbk\u00ean Kurd\u00ee \u0645\u0643\u062a\u0628\u0629 \u0634\u0627\u0646\u0627 \u0641\u064a \u0627\u0644\u0645\u0627\u0646\u064a\u0627 \u0648\u0623\u0648\u0631\u0628\u0627","publisher":{"@id":"https:\/\/shanabooks.de\/#organization"},"potentialAction":[{"@type":"SearchAction","target":{"@type":"EntryPoint","urlTemplate":"https:\/\/shanabooks.de\/?s={search_term_string}"},"query-input":{"@type":"PropertyValueSpecification","valueRequired":true,"valueName":"search_term_string"}}],"inLanguage":"kur"},{"@type":"Organization","@id":"https:\/\/shanabooks.de\/#organization","name":"www.shanbooks.de","url":"https:\/\/shanabooks.de\/","logo":{"@type":"ImageObject","inLanguage":"kur","@id":"https:\/\/shanabooks.de\/#\/schema\/logo\/image\/","url":"https:\/\/shanabooks.de\/wp-content\/uploads\/2024\/03\/SHANABOOKS__2_-removebg-preview.png","contentUrl":"https:\/\/shanabooks.de\/wp-content\/uploads\/2024\/03\/SHANABOOKS__2_-removebg-preview.png","width":700,"height":150,"caption":"www.shanbooks.de"},"image":{"@id":"https:\/\/shanabooks.de\/#\/schema\/logo\/image\/"}}]}},"jetpack_sharing_enabled":true,"_links":{"self":[{"href":"https:\/\/shanabooks.de\/kur\/wp-json\/wp\/v2\/product\/11920","targetHints":{"allow":["GET"]}}],"collection":[{"href":"https:\/\/shanabooks.de\/kur\/wp-json\/wp\/v2\/product"}],"about":[{"href":"https:\/\/shanabooks.de\/kur\/wp-json\/wp\/v2\/types\/product"}],"version-history":[{"count":4,"href":"https:\/\/shanabooks.de\/kur\/wp-json\/wp\/v2\/product\/11920\/revisions"}],"predecessor-version":[{"id":23216,"href":"https:\/\/shanabooks.de\/kur\/wp-json\/wp\/v2\/product\/11920\/revisions\/23216"}],"wp:featuredmedia":[{"embeddable":true,"href":"https:\/\/shanabooks.de\/kur\/wp-json\/wp\/v2\/media\/4631"}],"wp:attachment":[{"href":"https:\/\/shanabooks.de\/kur\/wp-json\/wp\/v2\/media?parent=11920"}],"wp:term":[{"taxonomy":"product_brand","embeddable":true,"href":"https:\/\/shanabooks.de\/kur\/wp-json\/wp\/v2\/product_brand?post=11920"},{"taxonomy":"product_cat","embeddable":true,"href":"https:\/\/shanabooks.de\/kur\/wp-json\/wp\/v2\/product_cat?post=11920"},{"taxonomy":"product_tag","embeddable":true,"href":"https:\/\/shanabooks.de\/kur\/wp-json\/wp\/v2\/product_tag?post=11920"}],"curies":[{"name":"wp","href":"https:\/\/api.w.org\/{rel}","templated":true}]}}