{"id":11966,"date":"2024-03-03T19:39:39","date_gmt":"2024-03-03T19:39:39","guid":{"rendered":"https:\/\/shanabooks.de\/?post_type=product&#038;p=11966"},"modified":"2026-01-02T19:18:25","modified_gmt":"2026-01-02T19:18:25","slug":"2039-ciwanmerd-kulek","status":"publish","type":"product","link":"https:\/\/shanabooks.de\/kur\/product\/2039-ciwanmerd-kulek\/","title":{"rendered":"20:39"},"content":{"rendered":"<p dir=\"ltr\"><strong>20:39 &#8211; Ciwanmerd Kulek<\/strong><\/p>\n<p dir=\"ltr\">Ke\u00e7ek \u00fb xortek li maseyek\u00ea r\u00fbdinin \u00fb her ti\u015ft ji bo wan, bi awayek\u00ee b\u00eaveger, ji bin\u00ee de diguhere. Dem di qonaxek\u00ea de radiweste \u00fb li meyxaneya ku stranek li ser hev dubare l\u00ea dide r\u00eaw\u00eetiya berepa\u015f dest p\u00ea dike. L\u00ea li dervey\u00ee v\u00ea xeleka ku t\u00ea de as\u00ea mane dinyayeke d\u00ee, demeke ku b\u00eahawe lezg\u00een dajo, p\u00eerb\u00fbn, jib\u00eer\u00e7\u00fbn, bext \u00fb aq\u00fbbeteke nediyar ji bo herduyan heye. V\u00ea romana Ciwanmerd Kulek ya bi nav\u00ea 20:39 ya kurt \u00fb bih\u00eaz a ku serencama t\u00eakiliyek\u00ea digel hem\u00fb dubend\u00ee \u00fb wech\u00ean w\u00ea y\u00ean heyat\u00ee bi \u015f\u00eawazeke nerm \u00fb nar\u00een vedib\u00eaje, meseley\u00ean t\u00eakel \u00ean jiyana me card\u00ee di b\u00eera me t\u00eene. Ji Ciwanmerd Kulek \u00e7\u00eeroka ev\u00eeneke heta bi hetay\u00ea\u2026<\/p>\n","protected":false},"excerpt":{"rendered":"<p dir=\"ltr\" style=\"text-align: center;\"><strong>Pirt\u00fbk: 20:39<br \/>\nNiv\u00eeskar: Ciwanmerd Kulek<\/strong><br \/>\n<strong>Cure: \u00c7\u00eerok<\/strong><\/p>\n","protected":false},"featured_media":12005,"template":"","meta":{"site-sidebar-layout":"default","site-content-layout":"","ast-site-content-layout":"default","site-content-style":"default","site-sidebar-style":"default","ast-global-header-display":"","ast-banner-title-visibility":"","ast-main-header-display":"","ast-hfb-above-header-display":"","ast-hfb-below-header-display":"","ast-hfb-mobile-header-display":"","site-post-title":"","ast-breadcrumbs-content":"","ast-featured-img":"","footer-sml-layout":"","ast-disable-related-posts":"","theme-transparent-header-meta":"default","adv-header-id-meta":"","stick-header-meta":"","header-above-stick-meta":"","header-main-stick-meta":"","header-below-stick-meta":"","astra-migrate-meta-layouts":"set","ast-page-background-enabled":"default","ast-page-background-meta":{"desktop":{"background-color":"","background-image":"","background-repeat":"repeat","background-position":"center center","background-size":"auto","background-attachment":"scroll","background-type":"","background-media":"","overlay-type":"","overlay-color":"","overlay-opacity":"","overlay-gradient":""},"tablet":{"background-color":"","background-image":"","background-repeat":"repeat","background-position":"center center","background-size":"auto","background-attachment":"scroll","background-type":"","background-media":"","overlay-type":"","overlay-color":"","overlay-opacity":"","overlay-gradient":""},"mobile":{"background-color":"","background-image":"","background-repeat":"repeat","background-position":"center center","background-size":"auto","background-attachment":"scroll","background-type":"","background-media":"","overlay-type":"","overlay-color":"","overlay-opacity":"","overlay-gradient":""}},"ast-content-background-meta":{"desktop":{"background-color":"var(--ast-global-color-5)","background-image":"","background-repeat":"repeat","background-position":"center center","background-size":"auto","background-attachment":"scroll","background-type":"","background-media":"","overlay-type":"","overlay-color":"","overlay-opacity":"","overlay-gradient":""},"tablet":{"background-color":"var(--ast-global-color-5)","background-image":"","background-repeat":"repeat","background-position":"center center","background-size":"auto","background-attachment":"scroll","background-type":"","background-media":"","overlay-type":"","overlay-color":"","overlay-opacity":"","overlay-gradient":""},"mobile":{"background-color":"var(--ast-global-color-5)","background-image":"","background-repeat":"repeat","background-position":"center center","background-size":"auto","background-attachment":"scroll","background-type":"","background-media":"","overlay-type":"","overlay-color":"","overlay-opacity":"","overlay-gradient":""}}},"product_brand":[],"product_cat":[183,193],"product_tag":[],"class_list":{"0":"post-11966","1":"product","2":"type-product","3":"status-publish","4":"has-post-thumbnail","6":"product_cat-_","7":"product_cat--_","8":"pa_-cirok","9":"pa_-ciwanmerd-kulek","10":"pa_-kurmanci","11":"pa_--avesta-yayinlari","12":"desktop-align-left","13":"tablet-align-left","14":"mobile-align-left","16":"first","17":"outofstock","18":"shipping-taxable","19":"purchasable","20":"product-type-simple"},"yoast_head":"<!-- This site is optimized with the Yoast SEO plugin v27.4 - https:\/\/yoast.com\/product\/yoast-seo-wordpress\/ -->\n<title>20:39 - Ciwanmerd Kulek - www.shanabooks.de<\/title>\n<meta name=\"description\" content=\"20:39 - Ciwanmerd Kulek Ke\u00e7ek \u00fb xortek li maseyek\u00ea r\u00fbdinin \u00fb her ti\u015ft ji bo wan, bi awayek\u00ee b\u00eaveger, ji bin\u00ee de diguhere. Dem di qonaxek\u00ea de rad...\" \/>\n<meta name=\"robots\" content=\"index, follow, max-snippet:-1, max-image-preview:large, max-video-preview:-1\" \/>\n<link rel=\"canonical\" href=\"https:\/\/shanabooks.de\/product\/2039-ciwanmerd-kulek\/\" \/>\n<meta property=\"og:locale\" content=\"en_US\" \/>\n<meta property=\"og:type\" content=\"article\" \/>\n<meta property=\"og:title\" content=\"20:39 - Ciwanmerd Kulek - www.shanabooks.de\" \/>\n<meta property=\"og:description\" content=\"20:39 - Ciwanmerd Kulek Ke\u00e7ek \u00fb xortek li maseyek\u00ea r\u00fbdinin \u00fb her ti\u015ft ji bo wan, bi awayek\u00ee b\u00eaveger, ji bin\u00ee de diguhere. Dem di qonaxek\u00ea de rad...\" \/>\n<meta property=\"og:url\" content=\"https:\/\/shanabooks.de\/product\/2039-ciwanmerd-kulek\/\" \/>\n<meta property=\"og:site_name\" content=\"www.shanabooks.de\" \/>\n<meta property=\"article:modified_time\" content=\"2026-01-02T19:18:25+00:00\" \/>\n<meta property=\"og:image\" content=\"https:\/\/shanabooks.de\/wp-content\/uploads\/2024\/03\/2039.jpg\" \/>\n\t<meta property=\"og:image:width\" content=\"598\" \/>\n\t<meta property=\"og:image:height\" content=\"900\" \/>\n\t<meta property=\"og:image:type\" content=\"image\/jpeg\" \/>\n<meta name=\"twitter:card\" content=\"summary_large_image\" \/>\n<meta name=\"twitter:label1\" content=\"Est. reading time\" \/>\n\t<meta name=\"twitter:data1\" content=\"2 minutes\" \/>\n<script type=\"application\/ld+json\" class=\"yoast-schema-graph\">{\"@context\":\"https:\\\/\\\/schema.org\",\"@graph\":[{\"@type\":\"WebPage\",\"@id\":\"https:\\\/\\\/shanabooks.de\\\/product\\\/2039-ciwanmerd-kulek\\\/\",\"url\":\"https:\\\/\\\/shanabooks.de\\\/product\\\/2039-ciwanmerd-kulek\\\/\",\"name\":\"20:39 - Ciwanmerd Kulek - www.shanabooks.de\",\"isPartOf\":{\"@id\":\"https:\\\/\\\/shanabooks.de\\\/#website\"},\"primaryImageOfPage\":{\"@id\":\"https:\\\/\\\/shanabooks.de\\\/product\\\/2039-ciwanmerd-kulek\\\/#primaryimage\"},\"image\":{\"@id\":\"https:\\\/\\\/shanabooks.de\\\/product\\\/2039-ciwanmerd-kulek\\\/#primaryimage\"},\"thumbnailUrl\":\"https:\\\/\\\/shanabooks.de\\\/wp-content\\\/uploads\\\/2024\\\/03\\\/2039.jpg\",\"datePublished\":\"2024-03-03T19:39:39+00:00\",\"dateModified\":\"2026-01-02T19:18:25+00:00\",\"description\":\"20:39 - Ciwanmerd Kulek Ke\u00e7ek \u00fb xortek li maseyek\u00ea r\u00fbdinin \u00fb her ti\u015ft ji bo wan, bi awayek\u00ee b\u00eaveger, ji bin\u00ee de diguhere. Dem di qonaxek\u00ea de rad...\",\"breadcrumb\":{\"@id\":\"https:\\\/\\\/shanabooks.de\\\/product\\\/2039-ciwanmerd-kulek\\\/#breadcrumb\"},\"inLanguage\":\"kur\",\"potentialAction\":[{\"@type\":\"ReadAction\",\"target\":[\"https:\\\/\\\/shanabooks.de\\\/product\\\/2039-ciwanmerd-kulek\\\/\"]}]},{\"@type\":\"ImageObject\",\"inLanguage\":\"kur\",\"@id\":\"https:\\\/\\\/shanabooks.de\\\/product\\\/2039-ciwanmerd-kulek\\\/#primaryimage\",\"url\":\"https:\\\/\\\/shanabooks.de\\\/wp-content\\\/uploads\\\/2024\\\/03\\\/2039.jpg\",\"contentUrl\":\"https:\\\/\\\/shanabooks.de\\\/wp-content\\\/uploads\\\/2024\\\/03\\\/2039.jpg\",\"width\":598,\"height\":900,\"caption\":\"20:39 - Ciwanmerd Kulek - pirt\u00fbk\u00ean kurd\u00ee -roman\"},{\"@type\":\"BreadcrumbList\",\"@id\":\"https:\\\/\\\/shanabooks.de\\\/product\\\/2039-ciwanmerd-kulek\\\/#breadcrumb\",\"itemListElement\":[{\"@type\":\"ListItem\",\"position\":1,\"name\":\"\u0627\u0644\u0631\u0626\u064a\u0633\u064a\u0629\",\"item\":\"https:\\\/\\\/shanabooks.de\\\/kur\\\/\"},{\"@type\":\"ListItem\",\"position\":2,\"name\":\"\u0627\u0644\u0645\u0646\u062a\u062c\u0627\u062a\",\"item\":\"https:\\\/\\\/shanabooks.de\\\/shop\\\/\"},{\"@type\":\"ListItem\",\"position\":3,\"name\":\"20:39\"}]},{\"@type\":\"WebSite\",\"@id\":\"https:\\\/\\\/shanabooks.de\\\/#website\",\"url\":\"https:\\\/\\\/shanabooks.de\\\/\",\"name\":\"www.shanbooks.de\",\"description\":\"C\u00eehana Pirt\u00fbk\u00ean Kurd\u00ee \u0645\u0643\u062a\u0628\u0629 \u0634\u0627\u0646\u0627 \u0641\u064a \u0627\u0644\u0645\u0627\u0646\u064a\u0627 \u0648\u0623\u0648\u0631\u0628\u0627\",\"publisher\":{\"@id\":\"https:\\\/\\\/shanabooks.de\\\/#organization\"},\"potentialAction\":[{\"@type\":\"SearchAction\",\"target\":{\"@type\":\"EntryPoint\",\"urlTemplate\":\"https:\\\/\\\/shanabooks.de\\\/?s={search_term_string}\"},\"query-input\":{\"@type\":\"PropertyValueSpecification\",\"valueRequired\":true,\"valueName\":\"search_term_string\"}}],\"inLanguage\":\"kur\"},{\"@type\":\"Organization\",\"@id\":\"https:\\\/\\\/shanabooks.de\\\/#organization\",\"name\":\"www.shanbooks.de\",\"url\":\"https:\\\/\\\/shanabooks.de\\\/\",\"logo\":{\"@type\":\"ImageObject\",\"inLanguage\":\"kur\",\"@id\":\"https:\\\/\\\/shanabooks.de\\\/#\\\/schema\\\/logo\\\/image\\\/\",\"url\":\"https:\\\/\\\/shanabooks.de\\\/wp-content\\\/uploads\\\/2024\\\/03\\\/SHANABOOKS__2_-removebg-preview.png\",\"contentUrl\":\"https:\\\/\\\/shanabooks.de\\\/wp-content\\\/uploads\\\/2024\\\/03\\\/SHANABOOKS__2_-removebg-preview.png\",\"width\":700,\"height\":150,\"caption\":\"www.shanbooks.de\"},\"image\":{\"@id\":\"https:\\\/\\\/shanabooks.de\\\/#\\\/schema\\\/logo\\\/image\\\/\"}}]}<\/script>\n<!-- \/ Yoast SEO plugin. -->","yoast_head_json":{"title":"20:39 - Ciwanmerd Kulek - www.shanabooks.de","description":"20:39 - Ciwanmerd Kulek Ke\u00e7ek \u00fb xortek li maseyek\u00ea r\u00fbdinin \u00fb her ti\u015ft ji bo wan, bi awayek\u00ee b\u00eaveger, ji bin\u00ee de diguhere. Dem di qonaxek\u00ea de rad...","robots":{"index":"index","follow":"follow","max-snippet":"max-snippet:-1","max-image-preview":"max-image-preview:large","max-video-preview":"max-video-preview:-1"},"canonical":"https:\/\/shanabooks.de\/product\/2039-ciwanmerd-kulek\/","og_locale":"en_US","og_type":"article","og_title":"20:39 - Ciwanmerd Kulek - www.shanabooks.de","og_description":"20:39 - Ciwanmerd Kulek Ke\u00e7ek \u00fb xortek li maseyek\u00ea r\u00fbdinin \u00fb her ti\u015ft ji bo wan, bi awayek\u00ee b\u00eaveger, ji bin\u00ee de diguhere. Dem di qonaxek\u00ea de rad...","og_url":"https:\/\/shanabooks.de\/product\/2039-ciwanmerd-kulek\/","og_site_name":"www.shanabooks.de","article_modified_time":"2026-01-02T19:18:25+00:00","og_image":[{"width":598,"height":900,"url":"https:\/\/shanabooks.de\/wp-content\/uploads\/2024\/03\/2039.jpg","type":"image\/jpeg"}],"twitter_card":"summary_large_image","twitter_misc":{"Est. reading time":"2 minutes"},"schema":{"@context":"https:\/\/schema.org","@graph":[{"@type":"WebPage","@id":"https:\/\/shanabooks.de\/product\/2039-ciwanmerd-kulek\/","url":"https:\/\/shanabooks.de\/product\/2039-ciwanmerd-kulek\/","name":"20:39 - Ciwanmerd Kulek - www.shanabooks.de","isPartOf":{"@id":"https:\/\/shanabooks.de\/#website"},"primaryImageOfPage":{"@id":"https:\/\/shanabooks.de\/product\/2039-ciwanmerd-kulek\/#primaryimage"},"image":{"@id":"https:\/\/shanabooks.de\/product\/2039-ciwanmerd-kulek\/#primaryimage"},"thumbnailUrl":"https:\/\/shanabooks.de\/wp-content\/uploads\/2024\/03\/2039.jpg","datePublished":"2024-03-03T19:39:39+00:00","dateModified":"2026-01-02T19:18:25+00:00","description":"20:39 - Ciwanmerd Kulek Ke\u00e7ek \u00fb xortek li maseyek\u00ea r\u00fbdinin \u00fb her ti\u015ft ji bo wan, bi awayek\u00ee b\u00eaveger, ji bin\u00ee de diguhere. Dem di qonaxek\u00ea de rad...","breadcrumb":{"@id":"https:\/\/shanabooks.de\/product\/2039-ciwanmerd-kulek\/#breadcrumb"},"inLanguage":"kur","potentialAction":[{"@type":"ReadAction","target":["https:\/\/shanabooks.de\/product\/2039-ciwanmerd-kulek\/"]}]},{"@type":"ImageObject","inLanguage":"kur","@id":"https:\/\/shanabooks.de\/product\/2039-ciwanmerd-kulek\/#primaryimage","url":"https:\/\/shanabooks.de\/wp-content\/uploads\/2024\/03\/2039.jpg","contentUrl":"https:\/\/shanabooks.de\/wp-content\/uploads\/2024\/03\/2039.jpg","width":598,"height":900,"caption":"20:39 - Ciwanmerd Kulek - pirt\u00fbk\u00ean kurd\u00ee -roman"},{"@type":"BreadcrumbList","@id":"https:\/\/shanabooks.de\/product\/2039-ciwanmerd-kulek\/#breadcrumb","itemListElement":[{"@type":"ListItem","position":1,"name":"\u0627\u0644\u0631\u0626\u064a\u0633\u064a\u0629","item":"https:\/\/shanabooks.de\/kur\/"},{"@type":"ListItem","position":2,"name":"\u0627\u0644\u0645\u0646\u062a\u062c\u0627\u062a","item":"https:\/\/shanabooks.de\/shop\/"},{"@type":"ListItem","position":3,"name":"20:39"}]},{"@type":"WebSite","@id":"https:\/\/shanabooks.de\/#website","url":"https:\/\/shanabooks.de\/","name":"www.shanbooks.de","description":"C\u00eehana Pirt\u00fbk\u00ean Kurd\u00ee \u0645\u0643\u062a\u0628\u0629 \u0634\u0627\u0646\u0627 \u0641\u064a \u0627\u0644\u0645\u0627\u0646\u064a\u0627 \u0648\u0623\u0648\u0631\u0628\u0627","publisher":{"@id":"https:\/\/shanabooks.de\/#organization"},"potentialAction":[{"@type":"SearchAction","target":{"@type":"EntryPoint","urlTemplate":"https:\/\/shanabooks.de\/?s={search_term_string}"},"query-input":{"@type":"PropertyValueSpecification","valueRequired":true,"valueName":"search_term_string"}}],"inLanguage":"kur"},{"@type":"Organization","@id":"https:\/\/shanabooks.de\/#organization","name":"www.shanbooks.de","url":"https:\/\/shanabooks.de\/","logo":{"@type":"ImageObject","inLanguage":"kur","@id":"https:\/\/shanabooks.de\/#\/schema\/logo\/image\/","url":"https:\/\/shanabooks.de\/wp-content\/uploads\/2024\/03\/SHANABOOKS__2_-removebg-preview.png","contentUrl":"https:\/\/shanabooks.de\/wp-content\/uploads\/2024\/03\/SHANABOOKS__2_-removebg-preview.png","width":700,"height":150,"caption":"www.shanbooks.de"},"image":{"@id":"https:\/\/shanabooks.de\/#\/schema\/logo\/image\/"}}]}},"jetpack_sharing_enabled":true,"_links":{"self":[{"href":"https:\/\/shanabooks.de\/kur\/wp-json\/wp\/v2\/product\/11966","targetHints":{"allow":["GET"]}}],"collection":[{"href":"https:\/\/shanabooks.de\/kur\/wp-json\/wp\/v2\/product"}],"about":[{"href":"https:\/\/shanabooks.de\/kur\/wp-json\/wp\/v2\/types\/product"}],"version-history":[{"count":3,"href":"https:\/\/shanabooks.de\/kur\/wp-json\/wp\/v2\/product\/11966\/revisions"}],"predecessor-version":[{"id":23138,"href":"https:\/\/shanabooks.de\/kur\/wp-json\/wp\/v2\/product\/11966\/revisions\/23138"}],"wp:featuredmedia":[{"embeddable":true,"href":"https:\/\/shanabooks.de\/kur\/wp-json\/wp\/v2\/media\/12005"}],"wp:attachment":[{"href":"https:\/\/shanabooks.de\/kur\/wp-json\/wp\/v2\/media?parent=11966"}],"wp:term":[{"taxonomy":"product_brand","embeddable":true,"href":"https:\/\/shanabooks.de\/kur\/wp-json\/wp\/v2\/product_brand?post=11966"},{"taxonomy":"product_cat","embeddable":true,"href":"https:\/\/shanabooks.de\/kur\/wp-json\/wp\/v2\/product_cat?post=11966"},{"taxonomy":"product_tag","embeddable":true,"href":"https:\/\/shanabooks.de\/kur\/wp-json\/wp\/v2\/product_tag?post=11966"}],"curies":[{"name":"wp","href":"https:\/\/api.w.org\/{rel}","templated":true}]}}