{"id":11967,"date":"2024-03-03T19:39:39","date_gmt":"2024-03-03T19:39:39","guid":{"rendered":"https:\/\/shanabooks.de\/?post_type=product&#038;p=11967"},"modified":"2026-01-02T19:18:43","modified_gmt":"2026-01-02T19:18:43","slug":"car-yek-ciwanmerd-kulek","status":"publish","type":"product","link":"https:\/\/shanabooks.de\/kur\/product\/car-yek-ciwanmerd-kulek\/","title":{"rendered":"\u00e7ar yek"},"content":{"rendered":"<p dir=\"ltr\"><strong>\u00c7ar Yek &#8211; Ciwanmerd Kulek<\/strong><\/p>\n<p dir=\"ltr\">Ciwanmerd Kulek pi\u015ft\u00ee \u00e7ar romanan v\u00ea car\u00ea bi kit\u00eabeke \u00e7\u00eerokan bi nav\u00ea \u00c7ar Yek derdikeve hember\u00ee xwendevanan. \u00c7ar \u00e7\u00eerok\u00ean ku wek \u00e7ar \u015fax\u00ean \u00e7emek\u00ee diherikin me hevok bi hevok li nav mesel\u00ean ku temenek\u00ee dewam dikin, tund\u00fbt\u00fbjiy\u00ean ku s\u00eenor\u00ean rasteq\u00eeniy\u00ea derbas dikin, kul \u00fb keder\u00ean jib\u00eerne\u00e7\u00fby\u00ee, ne\u00e7ar\u00ee, sosret \u00fb hesret\u00ean b\u00eadaw\u00ee diger\u00eenin. \u00c7ar \u00e7\u00eerok\u00ean ku weku do \u00fb \u00eero bi hev ve ne \u00fb ji hev cuda ne, di her temamkirin \u00fb p\u00eahesandina hev de w\u00eaneyek\u00ee d\u00ee derp\u00ea\u015f\u00ee me dikin \u00fb mirov nikare xwe ji hestkirina hijmetkariya li hember romaneke mezin ragire. \u00c7\u00eerok\u00ean ku \u00e7i di k\u00eal\u00ee, kite \u00fb kurtedem\u00ean \u00eeroy\u00een de meseley\u00ean sermed\u00ee \u00fb d\u00fbr\u00fbdir\u00eaj salix didin, \u00e7i j\u00ee ji rabor\u00ee \u00fb m\u00eaj\u00fby\u00ean d\u00fbr \u00fb kevn rew\u015f \u00fb resma v\u00ea k\u00eal\u00ee \u00fb dem\u00ea radigih\u00eenin careke d\u00ee di b\u00eera me t\u00eenin ku di bin\u00ea her ti\u015ft\u00ee de \u00e7\u00eerokek heye.<\/p>\n","protected":false},"excerpt":{"rendered":"<p dir=\"ltr\" style=\"text-align: center;\"><strong>Pirt\u00fbk: \u00e7ar yek<br \/>\nNiv\u00eeskar: Ciwanmerd Kulek<\/strong><br \/>\n<strong>Cure: \u00c7\u00eerok<\/strong><\/p>\n","protected":false},"featured_media":12007,"template":"","meta":{"site-sidebar-layout":"default","site-content-layout":"","ast-site-content-layout":"default","site-content-style":"default","site-sidebar-style":"default","ast-global-header-display":"","ast-banner-title-visibility":"","ast-main-header-display":"","ast-hfb-above-header-display":"","ast-hfb-below-header-display":"","ast-hfb-mobile-header-display":"","site-post-title":"","ast-breadcrumbs-content":"","ast-featured-img":"","footer-sml-layout":"","ast-disable-related-posts":"","theme-transparent-header-meta":"default","adv-header-id-meta":"","stick-header-meta":"","header-above-stick-meta":"","header-main-stick-meta":"","header-below-stick-meta":"","astra-migrate-meta-layouts":"set","ast-page-background-enabled":"default","ast-page-background-meta":{"desktop":{"background-color":"","background-image":"","background-repeat":"repeat","background-position":"center center","background-size":"auto","background-attachment":"scroll","background-type":"","background-media":"","overlay-type":"","overlay-color":"","overlay-opacity":"","overlay-gradient":""},"tablet":{"background-color":"","background-image":"","background-repeat":"repeat","background-position":"center center","background-size":"auto","background-attachment":"scroll","background-type":"","background-media":"","overlay-type":"","overlay-color":"","overlay-opacity":"","overlay-gradient":""},"mobile":{"background-color":"","background-image":"","background-repeat":"repeat","background-position":"center center","background-size":"auto","background-attachment":"scroll","background-type":"","background-media":"","overlay-type":"","overlay-color":"","overlay-opacity":"","overlay-gradient":""}},"ast-content-background-meta":{"desktop":{"background-color":"var(--ast-global-color-5)","background-image":"","background-repeat":"repeat","background-position":"center center","background-size":"auto","background-attachment":"scroll","background-type":"","background-media":"","overlay-type":"","overlay-color":"","overlay-opacity":"","overlay-gradient":""},"tablet":{"background-color":"var(--ast-global-color-5)","background-image":"","background-repeat":"repeat","background-position":"center center","background-size":"auto","background-attachment":"scroll","background-type":"","background-media":"","overlay-type":"","overlay-color":"","overlay-opacity":"","overlay-gradient":""},"mobile":{"background-color":"var(--ast-global-color-5)","background-image":"","background-repeat":"repeat","background-position":"center center","background-size":"auto","background-attachment":"scroll","background-type":"","background-media":"","overlay-type":"","overlay-color":"","overlay-opacity":"","overlay-gradient":""}}},"product_brand":[],"product_cat":[183,193],"product_tag":[],"class_list":{"0":"post-11967","1":"product","2":"type-product","3":"status-publish","4":"has-post-thumbnail","6":"product_cat-_","7":"product_cat--_","8":"pa_-cirok","9":"pa_-ciwanmerd-kulek","10":"pa_-kurmanci","11":"pa_--avesta-yayinlari","12":"desktop-align-left","13":"tablet-align-left","14":"mobile-align-left","16":"first","17":"instock","18":"shipping-taxable","19":"purchasable","20":"product-type-simple"},"yoast_head":"<!-- This site is optimized with the Yoast SEO plugin v27.4 - https:\/\/yoast.com\/product\/yoast-seo-wordpress\/ -->\n<title>\u00c7ar Yek - Ciwanmerd Kulek - www.shanabooks.de<\/title>\n<meta name=\"description\" content=\"\u00c7ar Yek - Ciwanmerd Kulek Ciwanmerd Kulek pi\u015ft\u00ee \u00e7ar romanan v\u00ea car\u00ea bi kit\u00eabeke \u00e7\u00eerokan derdikeve hember\u00ee xwendevanan. \u00c7ar \u00e7\u00eerok\u00ean ku wek \u00e7ar \u015fax\u00ean \u00e7em...\" \/>\n<meta name=\"robots\" content=\"index, follow, max-snippet:-1, max-image-preview:large, max-video-preview:-1\" \/>\n<link rel=\"canonical\" href=\"https:\/\/shanabooks.de\/product\/car-yek-ciwanmerd-kulek\/\" \/>\n<meta property=\"og:locale\" content=\"en_US\" \/>\n<meta property=\"og:type\" content=\"article\" \/>\n<meta property=\"og:title\" content=\"\u00c7ar Yek - Ciwanmerd Kulek - www.shanabooks.de\" \/>\n<meta property=\"og:description\" content=\"\u00c7ar Yek - Ciwanmerd Kulek Ciwanmerd Kulek pi\u015ft\u00ee \u00e7ar romanan v\u00ea car\u00ea bi kit\u00eabeke \u00e7\u00eerokan derdikeve hember\u00ee xwendevanan. \u00c7ar \u00e7\u00eerok\u00ean ku wek \u00e7ar \u015fax\u00ean \u00e7em...\" \/>\n<meta property=\"og:url\" content=\"https:\/\/shanabooks.de\/product\/car-yek-ciwanmerd-kulek\/\" \/>\n<meta property=\"og:site_name\" content=\"www.shanabooks.de\" \/>\n<meta property=\"article:modified_time\" content=\"2026-01-02T19:18:43+00:00\" \/>\n<meta property=\"og:image\" content=\"https:\/\/shanabooks.de\/wp-content\/uploads\/2024\/03\/car-yek.jpg\" \/>\n\t<meta property=\"og:image:width\" content=\"584\" \/>\n\t<meta property=\"og:image:height\" content=\"900\" \/>\n\t<meta property=\"og:image:type\" content=\"image\/jpeg\" \/>\n<meta name=\"twitter:card\" content=\"summary_large_image\" \/>\n<meta name=\"twitter:label1\" content=\"Est. reading time\" \/>\n\t<meta name=\"twitter:data1\" content=\"2 minutes\" \/>\n<script type=\"application\/ld+json\" class=\"yoast-schema-graph\">{\"@context\":\"https:\\\/\\\/schema.org\",\"@graph\":[{\"@type\":\"WebPage\",\"@id\":\"https:\\\/\\\/shanabooks.de\\\/product\\\/car-yek-ciwanmerd-kulek\\\/\",\"url\":\"https:\\\/\\\/shanabooks.de\\\/product\\\/car-yek-ciwanmerd-kulek\\\/\",\"name\":\"\u00c7ar Yek - Ciwanmerd Kulek - www.shanabooks.de\",\"isPartOf\":{\"@id\":\"https:\\\/\\\/shanabooks.de\\\/#website\"},\"primaryImageOfPage\":{\"@id\":\"https:\\\/\\\/shanabooks.de\\\/product\\\/car-yek-ciwanmerd-kulek\\\/#primaryimage\"},\"image\":{\"@id\":\"https:\\\/\\\/shanabooks.de\\\/product\\\/car-yek-ciwanmerd-kulek\\\/#primaryimage\"},\"thumbnailUrl\":\"https:\\\/\\\/shanabooks.de\\\/wp-content\\\/uploads\\\/2024\\\/03\\\/car-yek.jpg\",\"datePublished\":\"2024-03-03T19:39:39+00:00\",\"dateModified\":\"2026-01-02T19:18:43+00:00\",\"description\":\"\u00c7ar Yek - Ciwanmerd Kulek Ciwanmerd Kulek pi\u015ft\u00ee \u00e7ar romanan v\u00ea car\u00ea bi kit\u00eabeke \u00e7\u00eerokan derdikeve hember\u00ee xwendevanan. \u00c7ar \u00e7\u00eerok\u00ean ku wek \u00e7ar \u015fax\u00ean \u00e7em...\",\"breadcrumb\":{\"@id\":\"https:\\\/\\\/shanabooks.de\\\/product\\\/car-yek-ciwanmerd-kulek\\\/#breadcrumb\"},\"inLanguage\":\"kur\",\"potentialAction\":[{\"@type\":\"ReadAction\",\"target\":[\"https:\\\/\\\/shanabooks.de\\\/product\\\/car-yek-ciwanmerd-kulek\\\/\"]}]},{\"@type\":\"ImageObject\",\"inLanguage\":\"kur\",\"@id\":\"https:\\\/\\\/shanabooks.de\\\/product\\\/car-yek-ciwanmerd-kulek\\\/#primaryimage\",\"url\":\"https:\\\/\\\/shanabooks.de\\\/wp-content\\\/uploads\\\/2024\\\/03\\\/car-yek.jpg\",\"contentUrl\":\"https:\\\/\\\/shanabooks.de\\\/wp-content\\\/uploads\\\/2024\\\/03\\\/car-yek.jpg\",\"width\":584,\"height\":900,\"caption\":\"\u00c7ar Yek - Ciwanmerd Kulek - pirt\u00fbk\u00ean kurd\u00ee - \u00e7\u00eerok\"},{\"@type\":\"BreadcrumbList\",\"@id\":\"https:\\\/\\\/shanabooks.de\\\/product\\\/car-yek-ciwanmerd-kulek\\\/#breadcrumb\",\"itemListElement\":[{\"@type\":\"ListItem\",\"position\":1,\"name\":\"\u0627\u0644\u0631\u0626\u064a\u0633\u064a\u0629\",\"item\":\"https:\\\/\\\/shanabooks.de\\\/kur\\\/\"},{\"@type\":\"ListItem\",\"position\":2,\"name\":\"\u0627\u0644\u0645\u0646\u062a\u062c\u0627\u062a\",\"item\":\"https:\\\/\\\/shanabooks.de\\\/shop\\\/\"},{\"@type\":\"ListItem\",\"position\":3,\"name\":\"\u00e7ar yek\"}]},{\"@type\":\"WebSite\",\"@id\":\"https:\\\/\\\/shanabooks.de\\\/#website\",\"url\":\"https:\\\/\\\/shanabooks.de\\\/\",\"name\":\"www.shanbooks.de\",\"description\":\"C\u00eehana Pirt\u00fbk\u00ean Kurd\u00ee \u0645\u0643\u062a\u0628\u0629 \u0634\u0627\u0646\u0627 \u0641\u064a \u0627\u0644\u0645\u0627\u0646\u064a\u0627 \u0648\u0623\u0648\u0631\u0628\u0627\",\"publisher\":{\"@id\":\"https:\\\/\\\/shanabooks.de\\\/#organization\"},\"potentialAction\":[{\"@type\":\"SearchAction\",\"target\":{\"@type\":\"EntryPoint\",\"urlTemplate\":\"https:\\\/\\\/shanabooks.de\\\/?s={search_term_string}\"},\"query-input\":{\"@type\":\"PropertyValueSpecification\",\"valueRequired\":true,\"valueName\":\"search_term_string\"}}],\"inLanguage\":\"kur\"},{\"@type\":\"Organization\",\"@id\":\"https:\\\/\\\/shanabooks.de\\\/#organization\",\"name\":\"www.shanbooks.de\",\"url\":\"https:\\\/\\\/shanabooks.de\\\/\",\"logo\":{\"@type\":\"ImageObject\",\"inLanguage\":\"kur\",\"@id\":\"https:\\\/\\\/shanabooks.de\\\/#\\\/schema\\\/logo\\\/image\\\/\",\"url\":\"https:\\\/\\\/shanabooks.de\\\/wp-content\\\/uploads\\\/2024\\\/03\\\/SHANABOOKS__2_-removebg-preview.png\",\"contentUrl\":\"https:\\\/\\\/shanabooks.de\\\/wp-content\\\/uploads\\\/2024\\\/03\\\/SHANABOOKS__2_-removebg-preview.png\",\"width\":700,\"height\":150,\"caption\":\"www.shanbooks.de\"},\"image\":{\"@id\":\"https:\\\/\\\/shanabooks.de\\\/#\\\/schema\\\/logo\\\/image\\\/\"}}]}<\/script>\n<!-- \/ Yoast SEO plugin. -->","yoast_head_json":{"title":"\u00c7ar Yek - Ciwanmerd Kulek - www.shanabooks.de","description":"\u00c7ar Yek - Ciwanmerd Kulek Ciwanmerd Kulek pi\u015ft\u00ee \u00e7ar romanan v\u00ea car\u00ea bi kit\u00eabeke \u00e7\u00eerokan derdikeve hember\u00ee xwendevanan. \u00c7ar \u00e7\u00eerok\u00ean ku wek \u00e7ar \u015fax\u00ean \u00e7em...","robots":{"index":"index","follow":"follow","max-snippet":"max-snippet:-1","max-image-preview":"max-image-preview:large","max-video-preview":"max-video-preview:-1"},"canonical":"https:\/\/shanabooks.de\/product\/car-yek-ciwanmerd-kulek\/","og_locale":"en_US","og_type":"article","og_title":"\u00c7ar Yek - Ciwanmerd Kulek - www.shanabooks.de","og_description":"\u00c7ar Yek - Ciwanmerd Kulek Ciwanmerd Kulek pi\u015ft\u00ee \u00e7ar romanan v\u00ea car\u00ea bi kit\u00eabeke \u00e7\u00eerokan derdikeve hember\u00ee xwendevanan. \u00c7ar \u00e7\u00eerok\u00ean ku wek \u00e7ar \u015fax\u00ean \u00e7em...","og_url":"https:\/\/shanabooks.de\/product\/car-yek-ciwanmerd-kulek\/","og_site_name":"www.shanabooks.de","article_modified_time":"2026-01-02T19:18:43+00:00","og_image":[{"width":584,"height":900,"url":"https:\/\/shanabooks.de\/wp-content\/uploads\/2024\/03\/car-yek.jpg","type":"image\/jpeg"}],"twitter_card":"summary_large_image","twitter_misc":{"Est. reading time":"2 minutes"},"schema":{"@context":"https:\/\/schema.org","@graph":[{"@type":"WebPage","@id":"https:\/\/shanabooks.de\/product\/car-yek-ciwanmerd-kulek\/","url":"https:\/\/shanabooks.de\/product\/car-yek-ciwanmerd-kulek\/","name":"\u00c7ar Yek - Ciwanmerd Kulek - www.shanabooks.de","isPartOf":{"@id":"https:\/\/shanabooks.de\/#website"},"primaryImageOfPage":{"@id":"https:\/\/shanabooks.de\/product\/car-yek-ciwanmerd-kulek\/#primaryimage"},"image":{"@id":"https:\/\/shanabooks.de\/product\/car-yek-ciwanmerd-kulek\/#primaryimage"},"thumbnailUrl":"https:\/\/shanabooks.de\/wp-content\/uploads\/2024\/03\/car-yek.jpg","datePublished":"2024-03-03T19:39:39+00:00","dateModified":"2026-01-02T19:18:43+00:00","description":"\u00c7ar Yek - Ciwanmerd Kulek Ciwanmerd Kulek pi\u015ft\u00ee \u00e7ar romanan v\u00ea car\u00ea bi kit\u00eabeke \u00e7\u00eerokan derdikeve hember\u00ee xwendevanan. \u00c7ar \u00e7\u00eerok\u00ean ku wek \u00e7ar \u015fax\u00ean \u00e7em...","breadcrumb":{"@id":"https:\/\/shanabooks.de\/product\/car-yek-ciwanmerd-kulek\/#breadcrumb"},"inLanguage":"kur","potentialAction":[{"@type":"ReadAction","target":["https:\/\/shanabooks.de\/product\/car-yek-ciwanmerd-kulek\/"]}]},{"@type":"ImageObject","inLanguage":"kur","@id":"https:\/\/shanabooks.de\/product\/car-yek-ciwanmerd-kulek\/#primaryimage","url":"https:\/\/shanabooks.de\/wp-content\/uploads\/2024\/03\/car-yek.jpg","contentUrl":"https:\/\/shanabooks.de\/wp-content\/uploads\/2024\/03\/car-yek.jpg","width":584,"height":900,"caption":"\u00c7ar Yek - Ciwanmerd Kulek - pirt\u00fbk\u00ean kurd\u00ee - \u00e7\u00eerok"},{"@type":"BreadcrumbList","@id":"https:\/\/shanabooks.de\/product\/car-yek-ciwanmerd-kulek\/#breadcrumb","itemListElement":[{"@type":"ListItem","position":1,"name":"\u0627\u0644\u0631\u0626\u064a\u0633\u064a\u0629","item":"https:\/\/shanabooks.de\/kur\/"},{"@type":"ListItem","position":2,"name":"\u0627\u0644\u0645\u0646\u062a\u062c\u0627\u062a","item":"https:\/\/shanabooks.de\/shop\/"},{"@type":"ListItem","position":3,"name":"\u00e7ar yek"}]},{"@type":"WebSite","@id":"https:\/\/shanabooks.de\/#website","url":"https:\/\/shanabooks.de\/","name":"www.shanbooks.de","description":"C\u00eehana Pirt\u00fbk\u00ean Kurd\u00ee \u0645\u0643\u062a\u0628\u0629 \u0634\u0627\u0646\u0627 \u0641\u064a \u0627\u0644\u0645\u0627\u0646\u064a\u0627 \u0648\u0623\u0648\u0631\u0628\u0627","publisher":{"@id":"https:\/\/shanabooks.de\/#organization"},"potentialAction":[{"@type":"SearchAction","target":{"@type":"EntryPoint","urlTemplate":"https:\/\/shanabooks.de\/?s={search_term_string}"},"query-input":{"@type":"PropertyValueSpecification","valueRequired":true,"valueName":"search_term_string"}}],"inLanguage":"kur"},{"@type":"Organization","@id":"https:\/\/shanabooks.de\/#organization","name":"www.shanbooks.de","url":"https:\/\/shanabooks.de\/","logo":{"@type":"ImageObject","inLanguage":"kur","@id":"https:\/\/shanabooks.de\/#\/schema\/logo\/image\/","url":"https:\/\/shanabooks.de\/wp-content\/uploads\/2024\/03\/SHANABOOKS__2_-removebg-preview.png","contentUrl":"https:\/\/shanabooks.de\/wp-content\/uploads\/2024\/03\/SHANABOOKS__2_-removebg-preview.png","width":700,"height":150,"caption":"www.shanbooks.de"},"image":{"@id":"https:\/\/shanabooks.de\/#\/schema\/logo\/image\/"}}]}},"jetpack_sharing_enabled":true,"_links":{"self":[{"href":"https:\/\/shanabooks.de\/kur\/wp-json\/wp\/v2\/product\/11967","targetHints":{"allow":["GET"]}}],"collection":[{"href":"https:\/\/shanabooks.de\/kur\/wp-json\/wp\/v2\/product"}],"about":[{"href":"https:\/\/shanabooks.de\/kur\/wp-json\/wp\/v2\/types\/product"}],"version-history":[{"count":3,"href":"https:\/\/shanabooks.de\/kur\/wp-json\/wp\/v2\/product\/11967\/revisions"}],"predecessor-version":[{"id":23147,"href":"https:\/\/shanabooks.de\/kur\/wp-json\/wp\/v2\/product\/11967\/revisions\/23147"}],"wp:featuredmedia":[{"embeddable":true,"href":"https:\/\/shanabooks.de\/kur\/wp-json\/wp\/v2\/media\/12007"}],"wp:attachment":[{"href":"https:\/\/shanabooks.de\/kur\/wp-json\/wp\/v2\/media?parent=11967"}],"wp:term":[{"taxonomy":"product_brand","embeddable":true,"href":"https:\/\/shanabooks.de\/kur\/wp-json\/wp\/v2\/product_brand?post=11967"},{"taxonomy":"product_cat","embeddable":true,"href":"https:\/\/shanabooks.de\/kur\/wp-json\/wp\/v2\/product_cat?post=11967"},{"taxonomy":"product_tag","embeddable":true,"href":"https:\/\/shanabooks.de\/kur\/wp-json\/wp\/v2\/product_tag?post=11967"}],"curies":[{"name":"wp","href":"https:\/\/api.w.org\/{rel}","templated":true}]}}