{"id":11973,"date":"2024-03-03T19:39:40","date_gmt":"2024-03-03T19:39:40","guid":{"rendered":"https:\/\/shanabooks.de\/?post_type=product&#038;p=11973"},"modified":"2025-12-30T22:26:17","modified_gmt":"2025-12-30T22:26:17","slug":"epilog-u-smirnoff-hesene-mete","status":"publish","type":"product","link":"https:\/\/shanabooks.de\/kur\/product\/epilog-u-smirnoff-hesene-mete\/","title":{"rendered":"Ep\u00eelog \u00fb Sm\u00eernoff"},"content":{"rendered":"<p dir=\"ltr\"><strong>Ep\u00eelog \u00fb Sm\u00eernoff &#8211; Hesen\u00ea Met\u00ea\u00a0<\/strong><\/p>\n<p dir=\"ltr\">Hesen\u00ea Met\u00ea di edebiyata kurd\u00ee de yek ji wan niv\u00eeskar\u00ea mezin \u00ea van sal\u00ean daw\u00een e. Hostey\u00ea vegotin \u00fb \u00e7\u00eerokn\u00fbs\u00een\u00ea ye. Di hem\u00fb kurte\u00e7\u00eerok\u00ean w\u00ee de ji bo ziman kedeke mezin \u00fb dilsoz xwe dide dest. Ger di edebiyata kurd\u00ee de em behsa humour ango \u00eeroniy\u00ea bikin, Ep\u00eelog \u00fb Sm\u00eernoff bi m\u00eenak\u00ean serkeft\u00ee y\u00ean v\u00ee curey\u00ee tije ne.<\/p>\n","protected":false},"excerpt":{"rendered":"<p dir=\"ltr\" style=\"text-align: center;\"><strong>Pirt\u00fbk: Ep\u00eelog \u00fb Sm\u00eernoff<\/strong><br \/>\n<strong>Niv\u00eeskar: Hesen\u00ea Met\u00ea<br \/>\nCure: kurte\u00e7\u00eerok<\/strong><\/p>\n","protected":false},"featured_media":12041,"template":"","meta":{"site-sidebar-layout":"default","site-content-layout":"","ast-site-content-layout":"default","site-content-style":"default","site-sidebar-style":"default","ast-global-header-display":"","ast-banner-title-visibility":"","ast-main-header-display":"","ast-hfb-above-header-display":"","ast-hfb-below-header-display":"","ast-hfb-mobile-header-display":"","site-post-title":"","ast-breadcrumbs-content":"","ast-featured-img":"","footer-sml-layout":"","ast-disable-related-posts":"","theme-transparent-header-meta":"default","adv-header-id-meta":"","stick-header-meta":"","header-above-stick-meta":"","header-main-stick-meta":"","header-below-stick-meta":"","astra-migrate-meta-layouts":"set","ast-page-background-enabled":"default","ast-page-background-meta":{"desktop":{"background-color":"","background-image":"","background-repeat":"repeat","background-position":"center center","background-size":"auto","background-attachment":"scroll","background-type":"","background-media":"","overlay-type":"","overlay-color":"","overlay-opacity":"","overlay-gradient":""},"tablet":{"background-color":"","background-image":"","background-repeat":"repeat","background-position":"center center","background-size":"auto","background-attachment":"scroll","background-type":"","background-media":"","overlay-type":"","overlay-color":"","overlay-opacity":"","overlay-gradient":""},"mobile":{"background-color":"","background-image":"","background-repeat":"repeat","background-position":"center center","background-size":"auto","background-attachment":"scroll","background-type":"","background-media":"","overlay-type":"","overlay-color":"","overlay-opacity":"","overlay-gradient":""}},"ast-content-background-meta":{"desktop":{"background-color":"var(--ast-global-color-5)","background-image":"","background-repeat":"repeat","background-position":"center center","background-size":"auto","background-attachment":"scroll","background-type":"","background-media":"","overlay-type":"","overlay-color":"","overlay-opacity":"","overlay-gradient":""},"tablet":{"background-color":"var(--ast-global-color-5)","background-image":"","background-repeat":"repeat","background-position":"center center","background-size":"auto","background-attachment":"scroll","background-type":"","background-media":"","overlay-type":"","overlay-color":"","overlay-opacity":"","overlay-gradient":""},"mobile":{"background-color":"var(--ast-global-color-5)","background-image":"","background-repeat":"repeat","background-position":"center center","background-size":"auto","background-attachment":"scroll","background-type":"","background-media":"","overlay-type":"","overlay-color":"","overlay-opacity":"","overlay-gradient":""}}},"product_brand":[],"product_cat":[183,193],"product_tag":[],"class_list":{"0":"post-11973","1":"product","2":"type-product","3":"status-publish","4":"has-post-thumbnail","6":"product_cat-_","7":"product_cat--_","8":"pa_-kurtecirok","9":"pa_-hesene-mete","10":"pa_-kurmanci","11":"pa_--peywend-yayinlari","12":"desktop-align-left","13":"tablet-align-left","14":"mobile-align-left","16":"first","17":"outofstock","18":"shipping-taxable","19":"purchasable","20":"product-type-simple"},"yoast_head":"<!-- This site is optimized with the Yoast SEO plugin v27.4 - https:\/\/yoast.com\/product\/yoast-seo-wordpress\/ -->\n<title>Ep\u00eelog \u00fb Sm\u00eernoff - Hesen\u00ea Met\u00ea - www.shanabooks.de<\/title>\n<meta name=\"description\" content=\"Ep\u00eelog \u00fb Sm\u00eernoff - Hesen\u00ea Met\u00ea\u00a0Hesen\u00ea Met\u00ea di edebiyata kurd\u00ee de yek ji wan niv\u00eeskar\u00ea mezin \u00ea van sal\u00ean daw\u00een e. Hostey\u00ea vegotin \u00fb \u00e7\u00eerokn\u00fbs\u00een\u00ea ye. Di he...\" \/>\n<meta name=\"robots\" content=\"index, follow, max-snippet:-1, max-image-preview:large, max-video-preview:-1\" \/>\n<link rel=\"canonical\" href=\"https:\/\/shanabooks.de\/product\/epilog-u-smirnoff-hesene-mete\/\" \/>\n<meta property=\"og:locale\" content=\"en_US\" \/>\n<meta property=\"og:type\" content=\"article\" \/>\n<meta property=\"og:title\" content=\"Ep\u00eelog \u00fb Sm\u00eernoff - Hesen\u00ea Met\u00ea - www.shanabooks.de\" \/>\n<meta property=\"og:description\" content=\"Ep\u00eelog \u00fb Sm\u00eernoff - Hesen\u00ea Met\u00ea\u00a0Hesen\u00ea Met\u00ea di edebiyata kurd\u00ee de yek ji wan niv\u00eeskar\u00ea mezin \u00ea van sal\u00ean daw\u00een e. Hostey\u00ea vegotin \u00fb \u00e7\u00eerokn\u00fbs\u00een\u00ea ye. Di he...\" \/>\n<meta property=\"og:url\" content=\"https:\/\/shanabooks.de\/product\/epilog-u-smirnoff-hesene-mete\/\" \/>\n<meta property=\"og:site_name\" content=\"www.shanabooks.de\" \/>\n<meta property=\"article:modified_time\" content=\"2025-12-30T22:26:17+00:00\" \/>\n<meta property=\"og:image\" content=\"https:\/\/shanabooks.de\/wp-content\/uploads\/2024\/03\/Epilog-Semirnof.png\" \/>\n\t<meta property=\"og:image:width\" content=\"311\" \/>\n\t<meta property=\"og:image:height\" content=\"475\" \/>\n\t<meta property=\"og:image:type\" content=\"image\/png\" \/>\n<meta name=\"twitter:card\" content=\"summary_large_image\" \/>\n<meta name=\"twitter:label1\" content=\"Est. reading time\" \/>\n\t<meta name=\"twitter:data1\" content=\"1 minute\" \/>\n<script type=\"application\/ld+json\" class=\"yoast-schema-graph\">{\"@context\":\"https:\\\/\\\/schema.org\",\"@graph\":[{\"@type\":\"WebPage\",\"@id\":\"https:\\\/\\\/shanabooks.de\\\/product\\\/epilog-u-smirnoff-hesene-mete\\\/\",\"url\":\"https:\\\/\\\/shanabooks.de\\\/product\\\/epilog-u-smirnoff-hesene-mete\\\/\",\"name\":\"Ep\u00eelog \u00fb Sm\u00eernoff - Hesen\u00ea Met\u00ea - www.shanabooks.de\",\"isPartOf\":{\"@id\":\"https:\\\/\\\/shanabooks.de\\\/#website\"},\"primaryImageOfPage\":{\"@id\":\"https:\\\/\\\/shanabooks.de\\\/product\\\/epilog-u-smirnoff-hesene-mete\\\/#primaryimage\"},\"image\":{\"@id\":\"https:\\\/\\\/shanabooks.de\\\/product\\\/epilog-u-smirnoff-hesene-mete\\\/#primaryimage\"},\"thumbnailUrl\":\"https:\\\/\\\/shanabooks.de\\\/wp-content\\\/uploads\\\/2024\\\/03\\\/Epilog-Semirnof.png\",\"datePublished\":\"2024-03-03T19:39:40+00:00\",\"dateModified\":\"2025-12-30T22:26:17+00:00\",\"description\":\"Ep\u00eelog \u00fb Sm\u00eernoff - Hesen\u00ea Met\u00ea\u00a0Hesen\u00ea Met\u00ea di edebiyata kurd\u00ee de yek ji wan niv\u00eeskar\u00ea mezin \u00ea van sal\u00ean daw\u00een e. Hostey\u00ea vegotin \u00fb \u00e7\u00eerokn\u00fbs\u00een\u00ea ye. Di he...\",\"breadcrumb\":{\"@id\":\"https:\\\/\\\/shanabooks.de\\\/product\\\/epilog-u-smirnoff-hesene-mete\\\/#breadcrumb\"},\"inLanguage\":\"kur\",\"potentialAction\":[{\"@type\":\"ReadAction\",\"target\":[\"https:\\\/\\\/shanabooks.de\\\/product\\\/epilog-u-smirnoff-hesene-mete\\\/\"]}]},{\"@type\":\"ImageObject\",\"inLanguage\":\"kur\",\"@id\":\"https:\\\/\\\/shanabooks.de\\\/product\\\/epilog-u-smirnoff-hesene-mete\\\/#primaryimage\",\"url\":\"https:\\\/\\\/shanabooks.de\\\/wp-content\\\/uploads\\\/2024\\\/03\\\/Epilog-Semirnof.png\",\"contentUrl\":\"https:\\\/\\\/shanabooks.de\\\/wp-content\\\/uploads\\\/2024\\\/03\\\/Epilog-Semirnof.png\",\"width\":311,\"height\":475,\"caption\":\"Ep\u00eelog \u00fb Sm\u00eernoff - Hesen\u00ea Met\u00ea\u00a0 - pirt\u00fbk\u00ean kurd\u00ee - \u00e7\u00eerok\"},{\"@type\":\"BreadcrumbList\",\"@id\":\"https:\\\/\\\/shanabooks.de\\\/product\\\/epilog-u-smirnoff-hesene-mete\\\/#breadcrumb\",\"itemListElement\":[{\"@type\":\"ListItem\",\"position\":1,\"name\":\"\u0627\u0644\u0631\u0626\u064a\u0633\u064a\u0629\",\"item\":\"https:\\\/\\\/shanabooks.de\\\/kur\\\/\"},{\"@type\":\"ListItem\",\"position\":2,\"name\":\"\u0627\u0644\u0645\u0646\u062a\u062c\u0627\u062a\",\"item\":\"https:\\\/\\\/shanabooks.de\\\/shop\\\/\"},{\"@type\":\"ListItem\",\"position\":3,\"name\":\"Ep\u00eelog \u00fb Sm\u00eernoff\"}]},{\"@type\":\"WebSite\",\"@id\":\"https:\\\/\\\/shanabooks.de\\\/#website\",\"url\":\"https:\\\/\\\/shanabooks.de\\\/\",\"name\":\"www.shanbooks.de\",\"description\":\"C\u00eehana Pirt\u00fbk\u00ean Kurd\u00ee \u0645\u0643\u062a\u0628\u0629 \u0634\u0627\u0646\u0627 \u0641\u064a \u0627\u0644\u0645\u0627\u0646\u064a\u0627 \u0648\u0623\u0648\u0631\u0628\u0627\",\"publisher\":{\"@id\":\"https:\\\/\\\/shanabooks.de\\\/#organization\"},\"potentialAction\":[{\"@type\":\"SearchAction\",\"target\":{\"@type\":\"EntryPoint\",\"urlTemplate\":\"https:\\\/\\\/shanabooks.de\\\/?s={search_term_string}\"},\"query-input\":{\"@type\":\"PropertyValueSpecification\",\"valueRequired\":true,\"valueName\":\"search_term_string\"}}],\"inLanguage\":\"kur\"},{\"@type\":\"Organization\",\"@id\":\"https:\\\/\\\/shanabooks.de\\\/#organization\",\"name\":\"www.shanbooks.de\",\"url\":\"https:\\\/\\\/shanabooks.de\\\/\",\"logo\":{\"@type\":\"ImageObject\",\"inLanguage\":\"kur\",\"@id\":\"https:\\\/\\\/shanabooks.de\\\/#\\\/schema\\\/logo\\\/image\\\/\",\"url\":\"https:\\\/\\\/shanabooks.de\\\/wp-content\\\/uploads\\\/2024\\\/03\\\/SHANABOOKS__2_-removebg-preview.png\",\"contentUrl\":\"https:\\\/\\\/shanabooks.de\\\/wp-content\\\/uploads\\\/2024\\\/03\\\/SHANABOOKS__2_-removebg-preview.png\",\"width\":700,\"height\":150,\"caption\":\"www.shanbooks.de\"},\"image\":{\"@id\":\"https:\\\/\\\/shanabooks.de\\\/#\\\/schema\\\/logo\\\/image\\\/\"}}]}<\/script>\n<!-- \/ Yoast SEO plugin. -->","yoast_head_json":{"title":"Ep\u00eelog \u00fb Sm\u00eernoff - Hesen\u00ea Met\u00ea - www.shanabooks.de","description":"Ep\u00eelog \u00fb Sm\u00eernoff - Hesen\u00ea Met\u00ea\u00a0Hesen\u00ea Met\u00ea di edebiyata kurd\u00ee de yek ji wan niv\u00eeskar\u00ea mezin \u00ea van sal\u00ean daw\u00een e. Hostey\u00ea vegotin \u00fb \u00e7\u00eerokn\u00fbs\u00een\u00ea ye. Di he...","robots":{"index":"index","follow":"follow","max-snippet":"max-snippet:-1","max-image-preview":"max-image-preview:large","max-video-preview":"max-video-preview:-1"},"canonical":"https:\/\/shanabooks.de\/product\/epilog-u-smirnoff-hesene-mete\/","og_locale":"en_US","og_type":"article","og_title":"Ep\u00eelog \u00fb Sm\u00eernoff - Hesen\u00ea Met\u00ea - www.shanabooks.de","og_description":"Ep\u00eelog \u00fb Sm\u00eernoff - Hesen\u00ea Met\u00ea\u00a0Hesen\u00ea Met\u00ea di edebiyata kurd\u00ee de yek ji wan niv\u00eeskar\u00ea mezin \u00ea van sal\u00ean daw\u00een e. Hostey\u00ea vegotin \u00fb \u00e7\u00eerokn\u00fbs\u00een\u00ea ye. Di he...","og_url":"https:\/\/shanabooks.de\/product\/epilog-u-smirnoff-hesene-mete\/","og_site_name":"www.shanabooks.de","article_modified_time":"2025-12-30T22:26:17+00:00","og_image":[{"width":311,"height":475,"url":"https:\/\/shanabooks.de\/wp-content\/uploads\/2024\/03\/Epilog-Semirnof.png","type":"image\/png"}],"twitter_card":"summary_large_image","twitter_misc":{"Est. reading time":"1 minute"},"schema":{"@context":"https:\/\/schema.org","@graph":[{"@type":"WebPage","@id":"https:\/\/shanabooks.de\/product\/epilog-u-smirnoff-hesene-mete\/","url":"https:\/\/shanabooks.de\/product\/epilog-u-smirnoff-hesene-mete\/","name":"Ep\u00eelog \u00fb Sm\u00eernoff - Hesen\u00ea Met\u00ea - www.shanabooks.de","isPartOf":{"@id":"https:\/\/shanabooks.de\/#website"},"primaryImageOfPage":{"@id":"https:\/\/shanabooks.de\/product\/epilog-u-smirnoff-hesene-mete\/#primaryimage"},"image":{"@id":"https:\/\/shanabooks.de\/product\/epilog-u-smirnoff-hesene-mete\/#primaryimage"},"thumbnailUrl":"https:\/\/shanabooks.de\/wp-content\/uploads\/2024\/03\/Epilog-Semirnof.png","datePublished":"2024-03-03T19:39:40+00:00","dateModified":"2025-12-30T22:26:17+00:00","description":"Ep\u00eelog \u00fb Sm\u00eernoff - Hesen\u00ea Met\u00ea\u00a0Hesen\u00ea Met\u00ea di edebiyata kurd\u00ee de yek ji wan niv\u00eeskar\u00ea mezin \u00ea van sal\u00ean daw\u00een e. Hostey\u00ea vegotin \u00fb \u00e7\u00eerokn\u00fbs\u00een\u00ea ye. Di he...","breadcrumb":{"@id":"https:\/\/shanabooks.de\/product\/epilog-u-smirnoff-hesene-mete\/#breadcrumb"},"inLanguage":"kur","potentialAction":[{"@type":"ReadAction","target":["https:\/\/shanabooks.de\/product\/epilog-u-smirnoff-hesene-mete\/"]}]},{"@type":"ImageObject","inLanguage":"kur","@id":"https:\/\/shanabooks.de\/product\/epilog-u-smirnoff-hesene-mete\/#primaryimage","url":"https:\/\/shanabooks.de\/wp-content\/uploads\/2024\/03\/Epilog-Semirnof.png","contentUrl":"https:\/\/shanabooks.de\/wp-content\/uploads\/2024\/03\/Epilog-Semirnof.png","width":311,"height":475,"caption":"Ep\u00eelog \u00fb Sm\u00eernoff - Hesen\u00ea Met\u00ea\u00a0 - pirt\u00fbk\u00ean kurd\u00ee - \u00e7\u00eerok"},{"@type":"BreadcrumbList","@id":"https:\/\/shanabooks.de\/product\/epilog-u-smirnoff-hesene-mete\/#breadcrumb","itemListElement":[{"@type":"ListItem","position":1,"name":"\u0627\u0644\u0631\u0626\u064a\u0633\u064a\u0629","item":"https:\/\/shanabooks.de\/kur\/"},{"@type":"ListItem","position":2,"name":"\u0627\u0644\u0645\u0646\u062a\u062c\u0627\u062a","item":"https:\/\/shanabooks.de\/shop\/"},{"@type":"ListItem","position":3,"name":"Ep\u00eelog \u00fb Sm\u00eernoff"}]},{"@type":"WebSite","@id":"https:\/\/shanabooks.de\/#website","url":"https:\/\/shanabooks.de\/","name":"www.shanbooks.de","description":"C\u00eehana Pirt\u00fbk\u00ean Kurd\u00ee \u0645\u0643\u062a\u0628\u0629 \u0634\u0627\u0646\u0627 \u0641\u064a \u0627\u0644\u0645\u0627\u0646\u064a\u0627 \u0648\u0623\u0648\u0631\u0628\u0627","publisher":{"@id":"https:\/\/shanabooks.de\/#organization"},"potentialAction":[{"@type":"SearchAction","target":{"@type":"EntryPoint","urlTemplate":"https:\/\/shanabooks.de\/?s={search_term_string}"},"query-input":{"@type":"PropertyValueSpecification","valueRequired":true,"valueName":"search_term_string"}}],"inLanguage":"kur"},{"@type":"Organization","@id":"https:\/\/shanabooks.de\/#organization","name":"www.shanbooks.de","url":"https:\/\/shanabooks.de\/","logo":{"@type":"ImageObject","inLanguage":"kur","@id":"https:\/\/shanabooks.de\/#\/schema\/logo\/image\/","url":"https:\/\/shanabooks.de\/wp-content\/uploads\/2024\/03\/SHANABOOKS__2_-removebg-preview.png","contentUrl":"https:\/\/shanabooks.de\/wp-content\/uploads\/2024\/03\/SHANABOOKS__2_-removebg-preview.png","width":700,"height":150,"caption":"www.shanbooks.de"},"image":{"@id":"https:\/\/shanabooks.de\/#\/schema\/logo\/image\/"}}]}},"jetpack_sharing_enabled":true,"_links":{"self":[{"href":"https:\/\/shanabooks.de\/kur\/wp-json\/wp\/v2\/product\/11973","targetHints":{"allow":["GET"]}}],"collection":[{"href":"https:\/\/shanabooks.de\/kur\/wp-json\/wp\/v2\/product"}],"about":[{"href":"https:\/\/shanabooks.de\/kur\/wp-json\/wp\/v2\/types\/product"}],"version-history":[{"count":2,"href":"https:\/\/shanabooks.de\/kur\/wp-json\/wp\/v2\/product\/11973\/revisions"}],"predecessor-version":[{"id":23100,"href":"https:\/\/shanabooks.de\/kur\/wp-json\/wp\/v2\/product\/11973\/revisions\/23100"}],"wp:featuredmedia":[{"embeddable":true,"href":"https:\/\/shanabooks.de\/kur\/wp-json\/wp\/v2\/media\/12041"}],"wp:attachment":[{"href":"https:\/\/shanabooks.de\/kur\/wp-json\/wp\/v2\/media?parent=11973"}],"wp:term":[{"taxonomy":"product_brand","embeddable":true,"href":"https:\/\/shanabooks.de\/kur\/wp-json\/wp\/v2\/product_brand?post=11973"},{"taxonomy":"product_cat","embeddable":true,"href":"https:\/\/shanabooks.de\/kur\/wp-json\/wp\/v2\/product_cat?post=11973"},{"taxonomy":"product_tag","embeddable":true,"href":"https:\/\/shanabooks.de\/kur\/wp-json\/wp\/v2\/product_tag?post=11973"}],"curies":[{"name":"wp","href":"https:\/\/api.w.org\/{rel}","templated":true}]}}