{"id":12021,"date":"2024-03-03T19:40:03","date_gmt":"2024-03-03T19:40:03","guid":{"rendered":"https:\/\/shanabooks.de\/?post_type=product&#038;p=12021"},"modified":"2026-02-24T22:43:22","modified_gmt":"2026-02-24T22:43:22","slug":"picek-jiyan-qetek-asiman-fawaz-husen","status":"publish","type":"product","link":"https:\/\/shanabooks.de\/kur\/product\/picek-jiyan-qetek-asiman-fawaz-husen\/","title":{"rendered":"Pi\u00e7ek Jiyan Qetek Asiman"},"content":{"rendered":"<p dir=\"ltr\"><strong>Pi\u00e7ek Jiyan Qetek Asiman &#8211; Fawaz Hus\u00ean<\/strong><\/p>\n<p dir=\"ltr\">Di \u201cPi\u00e7ek jiyan, qetek asiman\u201c de, Fawaz Hus\u00ean vedigere b\u00eest \u00fb p\u00eanc sal\u00ean xwe y\u00ean p\u00ea\u015f\u00een li de\u015fta M\u00eard\u00een\u00ea \u00fb bajar\u00ea Am\u00fbd\u00ea. Ew li ser b\u00fbyer\u00ean bingeh\u00een \u00ean gel\u00ea kurd \u00fb y\u00ean malbata xwe di dir\u00eajahiya sedsala b\u00eestan de h\u00fbr dibe. Ew bi p\u00ean\u00fbsa dil\u00ea xwe d\u00eeroka civak\u00ee \u00fb b\u00eeran\u00een\u00ean kesane bi hev re dih\u00fbne, wan ji windab\u00fbn\u00ea dipar\u00eaze, wek\u00ee hibriyek rengareng disp\u00eare bay\u00ea b\u00ear\u00eekirin\u00ea \u00fb diyariy\u00ee r\u00fbh\u00ea xwendevanan dike.<br \/>\nJi m\u00eaj ve, bajar ji kur\u00ea xwe n\u00ee\u015fanek spasguzariy\u00ea dixwest. Bi v\u00ea berhem\u00ea, Fawaz Hus\u00ean e\u015fkere dike ku nan \u00fb xw\u00eaya w\u00ee ne li ser \u00e7ok\u00ean w\u00ee ne. Ew Am\u00fbdnamey\u00ea diniv\u00ees\u00ea \u00fb bajar\u00ea xwe dike navn\u00ee\u015fana beng\u00eeniy\u00ea \u00fb cih \u00fb war\u00ea bir\u00een \u00fb h\u00eaviy\u00ea. Gotinek p\u00ea\u015fiyan dib\u00eaje \u201cTi\u015ft\u00ea \u00e7\u00fb, mede d\u00fb\u201d, l\u00ea Fawaz Hus\u00ean berevajoy\u00ee w\u00ea dike, dib\u00eaje \u201cTi\u015ft\u00ea \u00e7\u00fb, bide d\u00fb\u201d \u00fb pi\u015ft\u00ee ew\u00e7end sal, li Am\u00fbd\u00ea vedigere. Ew li Am\u00fbd\u00ea, toza w\u00ea, s\u00eenemaya \u015fewit\u00ee, \u00e7em\u00ea mi\u00e7iq\u00ee, p\u00eawendiy\u00ean di navbera mes\u00eeh\u00ee, \u00eazd\u00ee \u00fb misilmanan de, hevpeyv\u00een\u00ean kel\u00eeseyan bi mizgeftan re, ew li hem\u00fbyan diz\u00eevire, wan zinde dike \u00fb vedij\u00eene.<br \/>\n\u201cPi\u00e7ek jiyan, qetek asiman\u201c nameyek ev\u00een\u00ea ji bo axa welatek\u00ee windab\u00fby\u00ee ye. Ew li ser dem\u00ean buhur\u00ee \u00fb dewran\u00ean ku tucar\u00ee nema vedigerin nim\u00eajek e.<\/p>\n<p dir=\"ltr\">\n","protected":false},"excerpt":{"rendered":"<p dir=\"ltr\" style=\"text-align: center\"><strong>Pirt\u00fbk: Pi\u00e7ek Jiyan Qetek Asiman<\/strong><br \/>\n<strong>Niv\u00eeskar: Fawaz Hus\u00ean<br \/>\nCure: Roman<\/strong><\/p>\n","protected":false},"featured_media":12062,"template":"","meta":{"site-sidebar-layout":"default","site-content-layout":"","ast-site-content-layout":"default","site-content-style":"default","site-sidebar-style":"default","ast-global-header-display":"","ast-banner-title-visibility":"","ast-main-header-display":"","ast-hfb-above-header-display":"","ast-hfb-below-header-display":"","ast-hfb-mobile-header-display":"","site-post-title":"","ast-breadcrumbs-content":"","ast-featured-img":"","footer-sml-layout":"","ast-disable-related-posts":"","theme-transparent-header-meta":"default","adv-header-id-meta":"","stick-header-meta":"","header-above-stick-meta":"","header-main-stick-meta":"","header-below-stick-meta":"","astra-migrate-meta-layouts":"set","ast-page-background-enabled":"default","ast-page-background-meta":{"desktop":{"background-color":"","background-image":"","background-repeat":"repeat","background-position":"center center","background-size":"auto","background-attachment":"scroll","background-type":"","background-media":"","overlay-type":"","overlay-color":"","overlay-opacity":"","overlay-gradient":""},"tablet":{"background-color":"","background-image":"","background-repeat":"repeat","background-position":"center center","background-size":"auto","background-attachment":"scroll","background-type":"","background-media":"","overlay-type":"","overlay-color":"","overlay-opacity":"","overlay-gradient":""},"mobile":{"background-color":"","background-image":"","background-repeat":"repeat","background-position":"center center","background-size":"auto","background-attachment":"scroll","background-type":"","background-media":"","overlay-type":"","overlay-color":"","overlay-opacity":"","overlay-gradient":""}},"ast-content-background-meta":{"desktop":{"background-color":"var(--ast-global-color-5)","background-image":"","background-repeat":"repeat","background-position":"center center","background-size":"auto","background-attachment":"scroll","background-type":"","background-media":"","overlay-type":"","overlay-color":"","overlay-opacity":"","overlay-gradient":""},"tablet":{"background-color":"var(--ast-global-color-5)","background-image":"","background-repeat":"repeat","background-position":"center center","background-size":"auto","background-attachment":"scroll","background-type":"","background-media":"","overlay-type":"","overlay-color":"","overlay-opacity":"","overlay-gradient":""},"mobile":{"background-color":"var(--ast-global-color-5)","background-image":"","background-repeat":"repeat","background-position":"center center","background-size":"auto","background-attachment":"scroll","background-type":"","background-media":"","overlay-type":"","overlay-color":"","overlay-opacity":"","overlay-gradient":""}}},"product_brand":[],"product_cat":[182,193],"product_tag":[],"class_list":{"0":"post-12021","1":"product","2":"type-product","3":"status-publish","4":"has-post-thumbnail","6":"product_cat-_","7":"product_cat--_","8":"pa_-roman","9":"pa_-fawaz-husen","10":"pa_-kurmanci","11":"pa_--avesta-yayinlari","12":"desktop-align-left","13":"tablet-align-left","14":"mobile-align-left","16":"first","17":"instock","18":"shipping-taxable","19":"purchasable","20":"product-type-simple"},"yoast_head":"<!-- This site is optimized with the Yoast SEO plugin v27.4 - https:\/\/yoast.com\/product\/yoast-seo-wordpress\/ -->\n<title>Pi\u00e7ek Jiyan Qetek Asiman - Fawaz Hus\u00ean - www.shanabooks.de<\/title>\n<meta name=\"description\" content=\"Pi\u00e7ek Jiyan Qetek Asiman - Fawaz Hus\u00ean Di \u201cPi\u00e7ek jiyan, qetek asiman\u201c de, Fawaz Hus\u00ean vedigere b\u00eest \u00fb p\u00eanc sal\u00ean xwe y\u00ean p\u00ea\u015f\u00een li de\u015fta M\u00eard\u00een\u00ea \u00fb bajar\u00ea ...\" \/>\n<meta name=\"robots\" content=\"index, follow, max-snippet:-1, max-image-preview:large, max-video-preview:-1\" \/>\n<link rel=\"canonical\" href=\"https:\/\/shanabooks.de\/product\/picek-jiyan-qetek-asiman-fawaz-husen\/\" \/>\n<meta property=\"og:locale\" content=\"en_US\" \/>\n<meta property=\"og:type\" content=\"article\" \/>\n<meta property=\"og:title\" content=\"Pi\u00e7ek Jiyan Qetek Asiman - Fawaz Hus\u00ean - www.shanabooks.de\" \/>\n<meta property=\"og:description\" content=\"Pi\u00e7ek Jiyan Qetek Asiman - Fawaz Hus\u00ean Di \u201cPi\u00e7ek jiyan, qetek asiman\u201c de, Fawaz Hus\u00ean vedigere b\u00eest \u00fb p\u00eanc sal\u00ean xwe y\u00ean p\u00ea\u015f\u00een li de\u015fta M\u00eard\u00een\u00ea \u00fb bajar\u00ea ...\" \/>\n<meta property=\"og:url\" content=\"https:\/\/shanabooks.de\/product\/picek-jiyan-qetek-asiman-fawaz-husen\/\" \/>\n<meta property=\"og:site_name\" content=\"www.shanabooks.de\" \/>\n<meta property=\"article:modified_time\" content=\"2026-02-24T22:43:22+00:00\" \/>\n<meta property=\"og:image\" content=\"https:\/\/shanabooks.de\/wp-content\/uploads\/2024\/03\/picek-Jiyan-qetek-Asiman.jpg\" \/>\n\t<meta property=\"og:image:width\" content=\"596\" \/>\n\t<meta property=\"og:image:height\" content=\"900\" \/>\n\t<meta property=\"og:image:type\" content=\"image\/jpeg\" \/>\n<meta name=\"twitter:card\" content=\"summary_large_image\" \/>\n<meta name=\"twitter:label1\" content=\"Est. reading time\" \/>\n\t<meta name=\"twitter:data1\" content=\"2 minutes\" \/>\n<script type=\"application\/ld+json\" class=\"yoast-schema-graph\">{\"@context\":\"https:\\\/\\\/schema.org\",\"@graph\":[{\"@type\":\"WebPage\",\"@id\":\"https:\\\/\\\/shanabooks.de\\\/product\\\/picek-jiyan-qetek-asiman-fawaz-husen\\\/\",\"url\":\"https:\\\/\\\/shanabooks.de\\\/product\\\/picek-jiyan-qetek-asiman-fawaz-husen\\\/\",\"name\":\"Pi\u00e7ek Jiyan Qetek Asiman - Fawaz Hus\u00ean - www.shanabooks.de\",\"isPartOf\":{\"@id\":\"https:\\\/\\\/shanabooks.de\\\/#website\"},\"primaryImageOfPage\":{\"@id\":\"https:\\\/\\\/shanabooks.de\\\/product\\\/picek-jiyan-qetek-asiman-fawaz-husen\\\/#primaryimage\"},\"image\":{\"@id\":\"https:\\\/\\\/shanabooks.de\\\/product\\\/picek-jiyan-qetek-asiman-fawaz-husen\\\/#primaryimage\"},\"thumbnailUrl\":\"https:\\\/\\\/shanabooks.de\\\/wp-content\\\/uploads\\\/2024\\\/03\\\/picek-Jiyan-qetek-Asiman.jpg\",\"datePublished\":\"2024-03-03T19:40:03+00:00\",\"dateModified\":\"2026-02-24T22:43:22+00:00\",\"description\":\"Pi\u00e7ek Jiyan Qetek Asiman - Fawaz Hus\u00ean Di \u201cPi\u00e7ek jiyan, qetek asiman\u201c de, Fawaz Hus\u00ean vedigere b\u00eest \u00fb p\u00eanc sal\u00ean xwe y\u00ean p\u00ea\u015f\u00een li de\u015fta M\u00eard\u00een\u00ea \u00fb bajar\u00ea ...\",\"breadcrumb\":{\"@id\":\"https:\\\/\\\/shanabooks.de\\\/product\\\/picek-jiyan-qetek-asiman-fawaz-husen\\\/#breadcrumb\"},\"inLanguage\":\"kur\",\"potentialAction\":[{\"@type\":\"ReadAction\",\"target\":[\"https:\\\/\\\/shanabooks.de\\\/product\\\/picek-jiyan-qetek-asiman-fawaz-husen\\\/\"]}]},{\"@type\":\"ImageObject\",\"inLanguage\":\"kur\",\"@id\":\"https:\\\/\\\/shanabooks.de\\\/product\\\/picek-jiyan-qetek-asiman-fawaz-husen\\\/#primaryimage\",\"url\":\"https:\\\/\\\/shanabooks.de\\\/wp-content\\\/uploads\\\/2024\\\/03\\\/picek-Jiyan-qetek-Asiman.jpg\",\"contentUrl\":\"https:\\\/\\\/shanabooks.de\\\/wp-content\\\/uploads\\\/2024\\\/03\\\/picek-Jiyan-qetek-Asiman.jpg\",\"width\":596,\"height\":900,\"caption\":\"Pi\u00e7ek Jiyan Qetek Asiman - Fawaz Hus\u00ean - pirt\u00fbk\u00ean kurd\u00ee - roman\"},{\"@type\":\"BreadcrumbList\",\"@id\":\"https:\\\/\\\/shanabooks.de\\\/product\\\/picek-jiyan-qetek-asiman-fawaz-husen\\\/#breadcrumb\",\"itemListElement\":[{\"@type\":\"ListItem\",\"position\":1,\"name\":\"\u0627\u0644\u0631\u0626\u064a\u0633\u064a\u0629\",\"item\":\"https:\\\/\\\/shanabooks.de\\\/kur\\\/\"},{\"@type\":\"ListItem\",\"position\":2,\"name\":\"\u0627\u0644\u0645\u0646\u062a\u062c\u0627\u062a\",\"item\":\"https:\\\/\\\/shanabooks.de\\\/shop\\\/\"},{\"@type\":\"ListItem\",\"position\":3,\"name\":\"Pi\u00e7ek Jiyan Qetek Asiman\"}]},{\"@type\":\"WebSite\",\"@id\":\"https:\\\/\\\/shanabooks.de\\\/#website\",\"url\":\"https:\\\/\\\/shanabooks.de\\\/\",\"name\":\"www.shanbooks.de\",\"description\":\"C\u00eehana Pirt\u00fbk\u00ean Kurd\u00ee \u0645\u0643\u062a\u0628\u0629 \u0634\u0627\u0646\u0627 \u0641\u064a \u0627\u0644\u0645\u0627\u0646\u064a\u0627 \u0648\u0623\u0648\u0631\u0628\u0627\",\"publisher\":{\"@id\":\"https:\\\/\\\/shanabooks.de\\\/#organization\"},\"potentialAction\":[{\"@type\":\"SearchAction\",\"target\":{\"@type\":\"EntryPoint\",\"urlTemplate\":\"https:\\\/\\\/shanabooks.de\\\/?s={search_term_string}\"},\"query-input\":{\"@type\":\"PropertyValueSpecification\",\"valueRequired\":true,\"valueName\":\"search_term_string\"}}],\"inLanguage\":\"kur\"},{\"@type\":\"Organization\",\"@id\":\"https:\\\/\\\/shanabooks.de\\\/#organization\",\"name\":\"www.shanbooks.de\",\"url\":\"https:\\\/\\\/shanabooks.de\\\/\",\"logo\":{\"@type\":\"ImageObject\",\"inLanguage\":\"kur\",\"@id\":\"https:\\\/\\\/shanabooks.de\\\/#\\\/schema\\\/logo\\\/image\\\/\",\"url\":\"https:\\\/\\\/shanabooks.de\\\/wp-content\\\/uploads\\\/2024\\\/03\\\/SHANABOOKS__2_-removebg-preview.png\",\"contentUrl\":\"https:\\\/\\\/shanabooks.de\\\/wp-content\\\/uploads\\\/2024\\\/03\\\/SHANABOOKS__2_-removebg-preview.png\",\"width\":700,\"height\":150,\"caption\":\"www.shanbooks.de\"},\"image\":{\"@id\":\"https:\\\/\\\/shanabooks.de\\\/#\\\/schema\\\/logo\\\/image\\\/\"}}]}<\/script>\n<!-- \/ Yoast SEO plugin. -->","yoast_head_json":{"title":"Pi\u00e7ek Jiyan Qetek Asiman - Fawaz Hus\u00ean - www.shanabooks.de","description":"Pi\u00e7ek Jiyan Qetek Asiman - Fawaz Hus\u00ean Di \u201cPi\u00e7ek jiyan, qetek asiman\u201c de, Fawaz Hus\u00ean vedigere b\u00eest \u00fb p\u00eanc sal\u00ean xwe y\u00ean p\u00ea\u015f\u00een li de\u015fta M\u00eard\u00een\u00ea \u00fb bajar\u00ea ...","robots":{"index":"index","follow":"follow","max-snippet":"max-snippet:-1","max-image-preview":"max-image-preview:large","max-video-preview":"max-video-preview:-1"},"canonical":"https:\/\/shanabooks.de\/product\/picek-jiyan-qetek-asiman-fawaz-husen\/","og_locale":"en_US","og_type":"article","og_title":"Pi\u00e7ek Jiyan Qetek Asiman - Fawaz Hus\u00ean - www.shanabooks.de","og_description":"Pi\u00e7ek Jiyan Qetek Asiman - Fawaz Hus\u00ean Di \u201cPi\u00e7ek jiyan, qetek asiman\u201c de, Fawaz Hus\u00ean vedigere b\u00eest \u00fb p\u00eanc sal\u00ean xwe y\u00ean p\u00ea\u015f\u00een li de\u015fta M\u00eard\u00een\u00ea \u00fb bajar\u00ea ...","og_url":"https:\/\/shanabooks.de\/product\/picek-jiyan-qetek-asiman-fawaz-husen\/","og_site_name":"www.shanabooks.de","article_modified_time":"2026-02-24T22:43:22+00:00","og_image":[{"width":596,"height":900,"url":"https:\/\/shanabooks.de\/wp-content\/uploads\/2024\/03\/picek-Jiyan-qetek-Asiman.jpg","type":"image\/jpeg"}],"twitter_card":"summary_large_image","twitter_misc":{"Est. reading time":"2 minutes"},"schema":{"@context":"https:\/\/schema.org","@graph":[{"@type":"WebPage","@id":"https:\/\/shanabooks.de\/product\/picek-jiyan-qetek-asiman-fawaz-husen\/","url":"https:\/\/shanabooks.de\/product\/picek-jiyan-qetek-asiman-fawaz-husen\/","name":"Pi\u00e7ek Jiyan Qetek Asiman - Fawaz Hus\u00ean - www.shanabooks.de","isPartOf":{"@id":"https:\/\/shanabooks.de\/#website"},"primaryImageOfPage":{"@id":"https:\/\/shanabooks.de\/product\/picek-jiyan-qetek-asiman-fawaz-husen\/#primaryimage"},"image":{"@id":"https:\/\/shanabooks.de\/product\/picek-jiyan-qetek-asiman-fawaz-husen\/#primaryimage"},"thumbnailUrl":"https:\/\/shanabooks.de\/wp-content\/uploads\/2024\/03\/picek-Jiyan-qetek-Asiman.jpg","datePublished":"2024-03-03T19:40:03+00:00","dateModified":"2026-02-24T22:43:22+00:00","description":"Pi\u00e7ek Jiyan Qetek Asiman - Fawaz Hus\u00ean Di \u201cPi\u00e7ek jiyan, qetek asiman\u201c de, Fawaz Hus\u00ean vedigere b\u00eest \u00fb p\u00eanc sal\u00ean xwe y\u00ean p\u00ea\u015f\u00een li de\u015fta M\u00eard\u00een\u00ea \u00fb bajar\u00ea ...","breadcrumb":{"@id":"https:\/\/shanabooks.de\/product\/picek-jiyan-qetek-asiman-fawaz-husen\/#breadcrumb"},"inLanguage":"kur","potentialAction":[{"@type":"ReadAction","target":["https:\/\/shanabooks.de\/product\/picek-jiyan-qetek-asiman-fawaz-husen\/"]}]},{"@type":"ImageObject","inLanguage":"kur","@id":"https:\/\/shanabooks.de\/product\/picek-jiyan-qetek-asiman-fawaz-husen\/#primaryimage","url":"https:\/\/shanabooks.de\/wp-content\/uploads\/2024\/03\/picek-Jiyan-qetek-Asiman.jpg","contentUrl":"https:\/\/shanabooks.de\/wp-content\/uploads\/2024\/03\/picek-Jiyan-qetek-Asiman.jpg","width":596,"height":900,"caption":"Pi\u00e7ek Jiyan Qetek Asiman - Fawaz Hus\u00ean - pirt\u00fbk\u00ean kurd\u00ee - roman"},{"@type":"BreadcrumbList","@id":"https:\/\/shanabooks.de\/product\/picek-jiyan-qetek-asiman-fawaz-husen\/#breadcrumb","itemListElement":[{"@type":"ListItem","position":1,"name":"\u0627\u0644\u0631\u0626\u064a\u0633\u064a\u0629","item":"https:\/\/shanabooks.de\/kur\/"},{"@type":"ListItem","position":2,"name":"\u0627\u0644\u0645\u0646\u062a\u062c\u0627\u062a","item":"https:\/\/shanabooks.de\/shop\/"},{"@type":"ListItem","position":3,"name":"Pi\u00e7ek Jiyan Qetek Asiman"}]},{"@type":"WebSite","@id":"https:\/\/shanabooks.de\/#website","url":"https:\/\/shanabooks.de\/","name":"www.shanbooks.de","description":"C\u00eehana Pirt\u00fbk\u00ean Kurd\u00ee \u0645\u0643\u062a\u0628\u0629 \u0634\u0627\u0646\u0627 \u0641\u064a \u0627\u0644\u0645\u0627\u0646\u064a\u0627 \u0648\u0623\u0648\u0631\u0628\u0627","publisher":{"@id":"https:\/\/shanabooks.de\/#organization"},"potentialAction":[{"@type":"SearchAction","target":{"@type":"EntryPoint","urlTemplate":"https:\/\/shanabooks.de\/?s={search_term_string}"},"query-input":{"@type":"PropertyValueSpecification","valueRequired":true,"valueName":"search_term_string"}}],"inLanguage":"kur"},{"@type":"Organization","@id":"https:\/\/shanabooks.de\/#organization","name":"www.shanbooks.de","url":"https:\/\/shanabooks.de\/","logo":{"@type":"ImageObject","inLanguage":"kur","@id":"https:\/\/shanabooks.de\/#\/schema\/logo\/image\/","url":"https:\/\/shanabooks.de\/wp-content\/uploads\/2024\/03\/SHANABOOKS__2_-removebg-preview.png","contentUrl":"https:\/\/shanabooks.de\/wp-content\/uploads\/2024\/03\/SHANABOOKS__2_-removebg-preview.png","width":700,"height":150,"caption":"www.shanbooks.de"},"image":{"@id":"https:\/\/shanabooks.de\/#\/schema\/logo\/image\/"}}]}},"jetpack_sharing_enabled":true,"_links":{"self":[{"href":"https:\/\/shanabooks.de\/kur\/wp-json\/wp\/v2\/product\/12021","targetHints":{"allow":["GET"]}}],"collection":[{"href":"https:\/\/shanabooks.de\/kur\/wp-json\/wp\/v2\/product"}],"about":[{"href":"https:\/\/shanabooks.de\/kur\/wp-json\/wp\/v2\/types\/product"}],"version-history":[{"count":2,"href":"https:\/\/shanabooks.de\/kur\/wp-json\/wp\/v2\/product\/12021\/revisions"}],"predecessor-version":[{"id":22930,"href":"https:\/\/shanabooks.de\/kur\/wp-json\/wp\/v2\/product\/12021\/revisions\/22930"}],"wp:featuredmedia":[{"embeddable":true,"href":"https:\/\/shanabooks.de\/kur\/wp-json\/wp\/v2\/media\/12062"}],"wp:attachment":[{"href":"https:\/\/shanabooks.de\/kur\/wp-json\/wp\/v2\/media?parent=12021"}],"wp:term":[{"taxonomy":"product_brand","embeddable":true,"href":"https:\/\/shanabooks.de\/kur\/wp-json\/wp\/v2\/product_brand?post=12021"},{"taxonomy":"product_cat","embeddable":true,"href":"https:\/\/shanabooks.de\/kur\/wp-json\/wp\/v2\/product_cat?post=12021"},{"taxonomy":"product_tag","embeddable":true,"href":"https:\/\/shanabooks.de\/kur\/wp-json\/wp\/v2\/product_tag?post=12021"}],"curies":[{"name":"wp","href":"https:\/\/api.w.org\/{rel}","templated":true}]}}