{"id":12023,"date":"2024-03-03T19:40:03","date_gmt":"2024-03-03T19:40:03","guid":{"rendered":"https:\/\/shanabooks.de\/?post_type=product&#038;p=12023"},"modified":"2026-04-15T11:01:25","modified_gmt":"2026-04-15T11:01:25","slug":"bare-seve-fawaz-husen","status":"publish","type":"product","link":"https:\/\/shanabooks.de\/kur\/product\/bare-seve-fawaz-husen\/","title":{"rendered":"Bar\u00ea \u015fev\u00ea"},"content":{"rendered":"<p dir=\"ltr\"><strong>Bar\u00ea \u015fev\u00ea &#8211; Fawaz Hus\u00ean<\/strong><\/p>\n<p dir=\"ltr\">Rustem\u00ea Zal, \u015e\u00earko \u00fb Dara ji m\u00eaj ve ji dinyay\u00ea bar kirib\u00fbn. Dijwariya jiyana li Ewropay\u00ea \u00fb bedbextiya wan ew yekser \u015fandib\u00fbn war\u00ea fena \u00fb neb\u00fbn\u00ea. Kurdistan j\u00ee, wek ber\u00ea, welat\u00ea karwan\u00ean mezin \u00fb talan\u00ean mezintir b\u00fb. Wek herdem, kurdan pi\u015fta xwe didan derd \u00fb bir\u00eenan \u00fb ber\u00ean xwe ber bi bajar\u00ean windab\u00fbn\u00ea ve dikirin. R\u00eaberan h\u00eena bi le\u015fker\u00ean dag\u00eerker re kar dikir \u00fb gund\u00ee \u00fb bajar\u00ee bi gem\u00ee \u00fb bi kamyon\u00ean tije diav\u00eatin ser \u00e7av \u00fb wijdana Ewropay\u00ea. Ew ji ber\u00ea b\u00eahtir li ser motor\u00ean dunig an di otomob\u00eelan de digeriyan \u00fb wan tezb\u00eeh\u00ean xewnan li ber dil\u00ea belengazan diki\u015fandin. Wan bajar\u00ean Ewropay\u00ea li ber \u00e7avbir\u00e7iyan dikirin bihu\u015ft \u00fb qesra El\u00ee \u00e7ardeh der\u00ee \u00fb x\u00eara Xwed\u00ea. Li gora gotin\u00ean wan, li Rojavay\u00ea, xewn\u00ean her\u00ee d\u00fbr\u00ee aqilan bi h\u00easan\u00ee dib\u00fbn rastiy\u00ean ber \u00e7avan. Pir kesan ji wan bawer dikir \u00fb weha j\u00ee ew wek c\u00eeq\u00ean sal\u00ean berfa pir bi hezaran diketin daf \u00fb xefikan. Wan te\u015fiya \u00e7\u00eerok\u00ean ko\u00e7ber\u00ee \u00fb d\u00fbr\u00eetiy\u00ea hema badidan \u00fb dastan\u00ean \u00ea\u015f \u00fb xewnan hema dubare dikirin.<\/p>\n<p dir=\"ltr\">Pi\u015ft\u00ee Am\u00eedabad \u00fb Par\u00eesabad\u00ea di romana xwe ya n\u00fb\u00a0Bar\u00ea \u015eev\u00ea\u00a0de\u00a0Fawaz Hus\u00ean\u00a0dide d\u00fb \u00e7ar kurd\u00ean ku welat\u00ea xwe bi pa\u015f xwe ve dih\u00ealin \u00fb ji bo xewnek\u00ea t\u00ean li deriy\u00ean Ewropay\u00ea didin. Di sp\u00eada rojeke pay\u00eez\u00ee de, her \u00e7ar leheng bi hev re digih\u00eejin Par\u00ees\u00ea l\u00ea wek ku peyveke r\u00eehspiyan dib\u00eaje, hesab\u00ea bazar\u00ea \u00fb y\u00ea mal\u00ea tucar\u00ee wek hev dernakevin.<\/p>\n","protected":false},"excerpt":{"rendered":"<p dir=\"ltr\" style=\"text-align: center\"><strong>Pirt\u00fbk: Bar\u00ea \u015fev\u00ea<br \/>\nNiv\u00eeskar: Fawaz Hus\u00ean<\/strong><br \/>\n<strong>Cure: Roman<\/strong><\/p>\n","protected":false},"featured_media":12085,"template":"","meta":{"site-sidebar-layout":"default","site-content-layout":"","ast-site-content-layout":"default","site-content-style":"default","site-sidebar-style":"default","ast-global-header-display":"","ast-banner-title-visibility":"","ast-main-header-display":"","ast-hfb-above-header-display":"","ast-hfb-below-header-display":"","ast-hfb-mobile-header-display":"","site-post-title":"","ast-breadcrumbs-content":"","ast-featured-img":"","footer-sml-layout":"","ast-disable-related-posts":"","theme-transparent-header-meta":"default","adv-header-id-meta":"","stick-header-meta":"","header-above-stick-meta":"","header-main-stick-meta":"","header-below-stick-meta":"","astra-migrate-meta-layouts":"set","ast-page-background-enabled":"default","ast-page-background-meta":{"desktop":{"background-color":"","background-image":"","background-repeat":"repeat","background-position":"center center","background-size":"auto","background-attachment":"scroll","background-type":"","background-media":"","overlay-type":"","overlay-color":"","overlay-opacity":"","overlay-gradient":""},"tablet":{"background-color":"","background-image":"","background-repeat":"repeat","background-position":"center center","background-size":"auto","background-attachment":"scroll","background-type":"","background-media":"","overlay-type":"","overlay-color":"","overlay-opacity":"","overlay-gradient":""},"mobile":{"background-color":"","background-image":"","background-repeat":"repeat","background-position":"center center","background-size":"auto","background-attachment":"scroll","background-type":"","background-media":"","overlay-type":"","overlay-color":"","overlay-opacity":"","overlay-gradient":""}},"ast-content-background-meta":{"desktop":{"background-color":"var(--ast-global-color-5)","background-image":"","background-repeat":"repeat","background-position":"center center","background-size":"auto","background-attachment":"scroll","background-type":"","background-media":"","overlay-type":"","overlay-color":"","overlay-opacity":"","overlay-gradient":""},"tablet":{"background-color":"var(--ast-global-color-5)","background-image":"","background-repeat":"repeat","background-position":"center center","background-size":"auto","background-attachment":"scroll","background-type":"","background-media":"","overlay-type":"","overlay-color":"","overlay-opacity":"","overlay-gradient":""},"mobile":{"background-color":"var(--ast-global-color-5)","background-image":"","background-repeat":"repeat","background-position":"center center","background-size":"auto","background-attachment":"scroll","background-type":"","background-media":"","overlay-type":"","overlay-color":"","overlay-opacity":"","overlay-gradient":""}}},"product_brand":[],"product_cat":[182,193],"product_tag":[],"class_list":{"0":"post-12023","1":"product","2":"type-product","3":"status-publish","4":"has-post-thumbnail","6":"product_cat-_","7":"product_cat--_","8":"pa_-roman","9":"pa_-fawaz-husen","10":"pa_-kurmanci","11":"pa_--avesta-yayinlari","12":"desktop-align-left","13":"tablet-align-left","14":"mobile-align-left","16":"first","17":"instock","18":"shipping-taxable","19":"purchasable","20":"product-type-simple"},"yoast_head":"<!-- This site is optimized with the Yoast SEO plugin v27.4 - https:\/\/yoast.com\/product\/yoast-seo-wordpress\/ -->\n<title>Bar\u00ea \u015fev\u00ea - Fawaz Hus\u00ean - www.shanabooks.de<\/title>\n<meta name=\"description\" content=\"Bar\u00ea \u015fev\u00ea - Fawaz Hus\u00ean Rustem\u00ea Zal, \u015e\u00earko \u00fb Dara ji m\u00eaj ve ji dinyay\u00ea bar kirib\u00fbn. Dijwariya jiyana li Ewropay\u00ea \u00fb bedbextiya wan ew yekser \u015fandib\u00fbn war\u00ea...\" \/>\n<meta name=\"robots\" content=\"index, follow, max-snippet:-1, max-image-preview:large, max-video-preview:-1\" \/>\n<link rel=\"canonical\" href=\"https:\/\/shanabooks.de\/product\/bare-seve-fawaz-husen\/\" \/>\n<meta property=\"og:locale\" content=\"en_US\" \/>\n<meta property=\"og:type\" content=\"article\" \/>\n<meta property=\"og:title\" content=\"Bar\u00ea \u015fev\u00ea - Fawaz Hus\u00ean - www.shanabooks.de\" \/>\n<meta property=\"og:description\" content=\"Bar\u00ea \u015fev\u00ea - Fawaz Hus\u00ean Rustem\u00ea Zal, \u015e\u00earko \u00fb Dara ji m\u00eaj ve ji dinyay\u00ea bar kirib\u00fbn. Dijwariya jiyana li Ewropay\u00ea \u00fb bedbextiya wan ew yekser \u015fandib\u00fbn war\u00ea...\" \/>\n<meta property=\"og:url\" content=\"https:\/\/shanabooks.de\/product\/bare-seve-fawaz-husen\/\" \/>\n<meta property=\"og:site_name\" content=\"www.shanabooks.de\" \/>\n<meta property=\"article:modified_time\" content=\"2026-04-15T11:01:25+00:00\" \/>\n<meta property=\"og:image\" content=\"https:\/\/shanabooks.de\/wp-content\/uploads\/2024\/03\/Bare-seve.jpg\" \/>\n\t<meta property=\"og:image:width\" content=\"596\" \/>\n\t<meta property=\"og:image:height\" content=\"900\" \/>\n\t<meta property=\"og:image:type\" content=\"image\/jpeg\" \/>\n<meta name=\"twitter:card\" content=\"summary_large_image\" \/>\n<meta name=\"twitter:label1\" content=\"Est. reading time\" \/>\n\t<meta name=\"twitter:data1\" content=\"2 minutes\" \/>\n<script type=\"application\/ld+json\" class=\"yoast-schema-graph\">{\"@context\":\"https:\\\/\\\/schema.org\",\"@graph\":[{\"@type\":\"WebPage\",\"@id\":\"https:\\\/\\\/shanabooks.de\\\/product\\\/bare-seve-fawaz-husen\\\/\",\"url\":\"https:\\\/\\\/shanabooks.de\\\/product\\\/bare-seve-fawaz-husen\\\/\",\"name\":\"Bar\u00ea \u015fev\u00ea - Fawaz Hus\u00ean - www.shanabooks.de\",\"isPartOf\":{\"@id\":\"https:\\\/\\\/shanabooks.de\\\/#website\"},\"primaryImageOfPage\":{\"@id\":\"https:\\\/\\\/shanabooks.de\\\/product\\\/bare-seve-fawaz-husen\\\/#primaryimage\"},\"image\":{\"@id\":\"https:\\\/\\\/shanabooks.de\\\/product\\\/bare-seve-fawaz-husen\\\/#primaryimage\"},\"thumbnailUrl\":\"https:\\\/\\\/shanabooks.de\\\/wp-content\\\/uploads\\\/2024\\\/03\\\/Bare-seve.jpg\",\"datePublished\":\"2024-03-03T19:40:03+00:00\",\"dateModified\":\"2026-04-15T11:01:25+00:00\",\"description\":\"Bar\u00ea \u015fev\u00ea - Fawaz Hus\u00ean Rustem\u00ea Zal, \u015e\u00earko \u00fb Dara ji m\u00eaj ve ji dinyay\u00ea bar kirib\u00fbn. Dijwariya jiyana li Ewropay\u00ea \u00fb bedbextiya wan ew yekser \u015fandib\u00fbn war\u00ea...\",\"breadcrumb\":{\"@id\":\"https:\\\/\\\/shanabooks.de\\\/product\\\/bare-seve-fawaz-husen\\\/#breadcrumb\"},\"inLanguage\":\"kur\",\"potentialAction\":[{\"@type\":\"ReadAction\",\"target\":[\"https:\\\/\\\/shanabooks.de\\\/product\\\/bare-seve-fawaz-husen\\\/\"]}]},{\"@type\":\"ImageObject\",\"inLanguage\":\"kur\",\"@id\":\"https:\\\/\\\/shanabooks.de\\\/product\\\/bare-seve-fawaz-husen\\\/#primaryimage\",\"url\":\"https:\\\/\\\/shanabooks.de\\\/wp-content\\\/uploads\\\/2024\\\/03\\\/Bare-seve.jpg\",\"contentUrl\":\"https:\\\/\\\/shanabooks.de\\\/wp-content\\\/uploads\\\/2024\\\/03\\\/Bare-seve.jpg\",\"width\":596,\"height\":900,\"caption\":\"Bar\u00ea \u015fev\u00ea - Fawaz Hus\u00ean - pirt\u00fbk\u00ean kurd\u00ee -roman\"},{\"@type\":\"BreadcrumbList\",\"@id\":\"https:\\\/\\\/shanabooks.de\\\/product\\\/bare-seve-fawaz-husen\\\/#breadcrumb\",\"itemListElement\":[{\"@type\":\"ListItem\",\"position\":1,\"name\":\"\u0627\u0644\u0631\u0626\u064a\u0633\u064a\u0629\",\"item\":\"https:\\\/\\\/shanabooks.de\\\/kur\\\/\"},{\"@type\":\"ListItem\",\"position\":2,\"name\":\"\u0627\u0644\u0645\u0646\u062a\u062c\u0627\u062a\",\"item\":\"https:\\\/\\\/shanabooks.de\\\/shop\\\/\"},{\"@type\":\"ListItem\",\"position\":3,\"name\":\"Bar\u00ea \u015fev\u00ea\"}]},{\"@type\":\"WebSite\",\"@id\":\"https:\\\/\\\/shanabooks.de\\\/#website\",\"url\":\"https:\\\/\\\/shanabooks.de\\\/\",\"name\":\"www.shanbooks.de\",\"description\":\"C\u00eehana Pirt\u00fbk\u00ean Kurd\u00ee \u0645\u0643\u062a\u0628\u0629 \u0634\u0627\u0646\u0627 \u0641\u064a \u0627\u0644\u0645\u0627\u0646\u064a\u0627 \u0648\u0623\u0648\u0631\u0628\u0627\",\"publisher\":{\"@id\":\"https:\\\/\\\/shanabooks.de\\\/#organization\"},\"potentialAction\":[{\"@type\":\"SearchAction\",\"target\":{\"@type\":\"EntryPoint\",\"urlTemplate\":\"https:\\\/\\\/shanabooks.de\\\/?s={search_term_string}\"},\"query-input\":{\"@type\":\"PropertyValueSpecification\",\"valueRequired\":true,\"valueName\":\"search_term_string\"}}],\"inLanguage\":\"kur\"},{\"@type\":\"Organization\",\"@id\":\"https:\\\/\\\/shanabooks.de\\\/#organization\",\"name\":\"www.shanbooks.de\",\"url\":\"https:\\\/\\\/shanabooks.de\\\/\",\"logo\":{\"@type\":\"ImageObject\",\"inLanguage\":\"kur\",\"@id\":\"https:\\\/\\\/shanabooks.de\\\/#\\\/schema\\\/logo\\\/image\\\/\",\"url\":\"https:\\\/\\\/shanabooks.de\\\/wp-content\\\/uploads\\\/2024\\\/03\\\/SHANABOOKS__2_-removebg-preview.png\",\"contentUrl\":\"https:\\\/\\\/shanabooks.de\\\/wp-content\\\/uploads\\\/2024\\\/03\\\/SHANABOOKS__2_-removebg-preview.png\",\"width\":700,\"height\":150,\"caption\":\"www.shanbooks.de\"},\"image\":{\"@id\":\"https:\\\/\\\/shanabooks.de\\\/#\\\/schema\\\/logo\\\/image\\\/\"}}]}<\/script>\n<!-- \/ Yoast SEO plugin. -->","yoast_head_json":{"title":"Bar\u00ea \u015fev\u00ea - Fawaz Hus\u00ean - www.shanabooks.de","description":"Bar\u00ea \u015fev\u00ea - Fawaz Hus\u00ean Rustem\u00ea Zal, \u015e\u00earko \u00fb Dara ji m\u00eaj ve ji dinyay\u00ea bar kirib\u00fbn. Dijwariya jiyana li Ewropay\u00ea \u00fb bedbextiya wan ew yekser \u015fandib\u00fbn war\u00ea...","robots":{"index":"index","follow":"follow","max-snippet":"max-snippet:-1","max-image-preview":"max-image-preview:large","max-video-preview":"max-video-preview:-1"},"canonical":"https:\/\/shanabooks.de\/product\/bare-seve-fawaz-husen\/","og_locale":"en_US","og_type":"article","og_title":"Bar\u00ea \u015fev\u00ea - Fawaz Hus\u00ean - www.shanabooks.de","og_description":"Bar\u00ea \u015fev\u00ea - Fawaz Hus\u00ean Rustem\u00ea Zal, \u015e\u00earko \u00fb Dara ji m\u00eaj ve ji dinyay\u00ea bar kirib\u00fbn. Dijwariya jiyana li Ewropay\u00ea \u00fb bedbextiya wan ew yekser \u015fandib\u00fbn war\u00ea...","og_url":"https:\/\/shanabooks.de\/product\/bare-seve-fawaz-husen\/","og_site_name":"www.shanabooks.de","article_modified_time":"2026-04-15T11:01:25+00:00","og_image":[{"width":596,"height":900,"url":"https:\/\/shanabooks.de\/wp-content\/uploads\/2024\/03\/Bare-seve.jpg","type":"image\/jpeg"}],"twitter_card":"summary_large_image","twitter_misc":{"Est. reading time":"2 minutes"},"schema":{"@context":"https:\/\/schema.org","@graph":[{"@type":"WebPage","@id":"https:\/\/shanabooks.de\/product\/bare-seve-fawaz-husen\/","url":"https:\/\/shanabooks.de\/product\/bare-seve-fawaz-husen\/","name":"Bar\u00ea \u015fev\u00ea - Fawaz Hus\u00ean - www.shanabooks.de","isPartOf":{"@id":"https:\/\/shanabooks.de\/#website"},"primaryImageOfPage":{"@id":"https:\/\/shanabooks.de\/product\/bare-seve-fawaz-husen\/#primaryimage"},"image":{"@id":"https:\/\/shanabooks.de\/product\/bare-seve-fawaz-husen\/#primaryimage"},"thumbnailUrl":"https:\/\/shanabooks.de\/wp-content\/uploads\/2024\/03\/Bare-seve.jpg","datePublished":"2024-03-03T19:40:03+00:00","dateModified":"2026-04-15T11:01:25+00:00","description":"Bar\u00ea \u015fev\u00ea - Fawaz Hus\u00ean Rustem\u00ea Zal, \u015e\u00earko \u00fb Dara ji m\u00eaj ve ji dinyay\u00ea bar kirib\u00fbn. Dijwariya jiyana li Ewropay\u00ea \u00fb bedbextiya wan ew yekser \u015fandib\u00fbn war\u00ea...","breadcrumb":{"@id":"https:\/\/shanabooks.de\/product\/bare-seve-fawaz-husen\/#breadcrumb"},"inLanguage":"kur","potentialAction":[{"@type":"ReadAction","target":["https:\/\/shanabooks.de\/product\/bare-seve-fawaz-husen\/"]}]},{"@type":"ImageObject","inLanguage":"kur","@id":"https:\/\/shanabooks.de\/product\/bare-seve-fawaz-husen\/#primaryimage","url":"https:\/\/shanabooks.de\/wp-content\/uploads\/2024\/03\/Bare-seve.jpg","contentUrl":"https:\/\/shanabooks.de\/wp-content\/uploads\/2024\/03\/Bare-seve.jpg","width":596,"height":900,"caption":"Bar\u00ea \u015fev\u00ea - Fawaz Hus\u00ean - pirt\u00fbk\u00ean kurd\u00ee -roman"},{"@type":"BreadcrumbList","@id":"https:\/\/shanabooks.de\/product\/bare-seve-fawaz-husen\/#breadcrumb","itemListElement":[{"@type":"ListItem","position":1,"name":"\u0627\u0644\u0631\u0626\u064a\u0633\u064a\u0629","item":"https:\/\/shanabooks.de\/kur\/"},{"@type":"ListItem","position":2,"name":"\u0627\u0644\u0645\u0646\u062a\u062c\u0627\u062a","item":"https:\/\/shanabooks.de\/shop\/"},{"@type":"ListItem","position":3,"name":"Bar\u00ea \u015fev\u00ea"}]},{"@type":"WebSite","@id":"https:\/\/shanabooks.de\/#website","url":"https:\/\/shanabooks.de\/","name":"www.shanbooks.de","description":"C\u00eehana Pirt\u00fbk\u00ean Kurd\u00ee \u0645\u0643\u062a\u0628\u0629 \u0634\u0627\u0646\u0627 \u0641\u064a \u0627\u0644\u0645\u0627\u0646\u064a\u0627 \u0648\u0623\u0648\u0631\u0628\u0627","publisher":{"@id":"https:\/\/shanabooks.de\/#organization"},"potentialAction":[{"@type":"SearchAction","target":{"@type":"EntryPoint","urlTemplate":"https:\/\/shanabooks.de\/?s={search_term_string}"},"query-input":{"@type":"PropertyValueSpecification","valueRequired":true,"valueName":"search_term_string"}}],"inLanguage":"kur"},{"@type":"Organization","@id":"https:\/\/shanabooks.de\/#organization","name":"www.shanbooks.de","url":"https:\/\/shanabooks.de\/","logo":{"@type":"ImageObject","inLanguage":"kur","@id":"https:\/\/shanabooks.de\/#\/schema\/logo\/image\/","url":"https:\/\/shanabooks.de\/wp-content\/uploads\/2024\/03\/SHANABOOKS__2_-removebg-preview.png","contentUrl":"https:\/\/shanabooks.de\/wp-content\/uploads\/2024\/03\/SHANABOOKS__2_-removebg-preview.png","width":700,"height":150,"caption":"www.shanbooks.de"},"image":{"@id":"https:\/\/shanabooks.de\/#\/schema\/logo\/image\/"}}]}},"jetpack_sharing_enabled":true,"_links":{"self":[{"href":"https:\/\/shanabooks.de\/kur\/wp-json\/wp\/v2\/product\/12023","targetHints":{"allow":["GET"]}}],"collection":[{"href":"https:\/\/shanabooks.de\/kur\/wp-json\/wp\/v2\/product"}],"about":[{"href":"https:\/\/shanabooks.de\/kur\/wp-json\/wp\/v2\/types\/product"}],"version-history":[{"count":2,"href":"https:\/\/shanabooks.de\/kur\/wp-json\/wp\/v2\/product\/12023\/revisions"}],"predecessor-version":[{"id":22928,"href":"https:\/\/shanabooks.de\/kur\/wp-json\/wp\/v2\/product\/12023\/revisions\/22928"}],"wp:featuredmedia":[{"embeddable":true,"href":"https:\/\/shanabooks.de\/kur\/wp-json\/wp\/v2\/media\/12085"}],"wp:attachment":[{"href":"https:\/\/shanabooks.de\/kur\/wp-json\/wp\/v2\/media?parent=12023"}],"wp:term":[{"taxonomy":"product_brand","embeddable":true,"href":"https:\/\/shanabooks.de\/kur\/wp-json\/wp\/v2\/product_brand?post=12023"},{"taxonomy":"product_cat","embeddable":true,"href":"https:\/\/shanabooks.de\/kur\/wp-json\/wp\/v2\/product_cat?post=12023"},{"taxonomy":"product_tag","embeddable":true,"href":"https:\/\/shanabooks.de\/kur\/wp-json\/wp\/v2\/product_tag?post=12023"}],"curies":[{"name":"wp","href":"https:\/\/api.w.org\/{rel}","templated":true}]}}