{"id":12069,"date":"2024-03-03T19:40:27","date_gmt":"2024-03-03T19:40:27","guid":{"rendered":"https:\/\/shanabooks.de\/?post_type=product&#038;p=12069"},"modified":"2024-04-06T09:12:38","modified_gmt":"2024-04-06T09:12:38","slug":"payiza-dereng-firat-ceweri","status":"publish","type":"product","link":"https:\/\/shanabooks.de\/kur\/product\/payiza-dereng-firat-ceweri\/","title":{"rendered":"Payiza Dereng"},"content":{"rendered":"<p dir=\"ltr\"><strong>Payiza Dereng &#8211; Firat Cewer\u00ee<\/strong><\/p>\n<p dir=\"ltr\">&#8220;Me dev ji bajar\u00ea xwe y\u00ea ew\u00e7end xwe\u015f berdida, me dev ji malbat\u00ean xwe \u00fb heval\u00ean xwe berdidan \u00fb payiza dereng, em di bin baraneke h\u00fbr de ketib\u00fbn ser riya welat\u00ea xer\u00eebiy\u00ea&#8230;&#8221;<br \/>\nRomana Cewer\u00ee rew\u015f \u00fb jiyana niv\u015fek\u00ee bi kirasek\u00ee edeb\u00ee radigih\u00eene niv\u015fek\u00ee din.<br \/>\nBeh\u00e7et \u00c7elik, Kovara Virg\u00fcl<\/p>\n<p dir=\"ltr\">Di c\u00eehana niv\u00eeskariya kurd\u00ee de y\u00ean ku diniv\u00ees\u00eenin ne hindik in, l\u00ea bi ten\u00ea hinek ji wan cih\u00ea xwe di dil \u00fb m\u00eajiy\u00ean xelk\u00ea de \u00e7\u00eadikin, \u015fop \u00fb cih\u00ea destxet\u00ean wan weha bi h\u00easan\u00ee ji ser r\u00fbber\u00ea kultura netew\u00ee \u00fb mirovatiy\u00ea nay\u00ea \u015fu\u015ftin; Firat Cewer\u00ee yek ji wan kesan e&#8230; Gir\u00eengiya Firat Cewer\u00ee ne di w\u00ea yek\u00ea de ye ku bi ten\u00ea diniv\u00ees\u00eene, belk\u00ee di w\u00ea yek\u00ea de ye, kan\u00ee ew \u00e7awan \u00fb \u00e7i diniv\u00ees\u00eene, keng\u00ee \u00fb ji bo k\u00ea diniv\u00ees\u00eene&#8230;<br \/>\nAbdulla Pe\u015f\u00eaw, Kovara Esmer<\/p>\n<p dir=\"ltr\">Romana bi nav\u00ea Payiza Dereng ya niv\u00eeskar Firat Cewer\u00ee ji we\u015fan\u00ean Avestay\u00ea ve hatiye derketin.<\/p>\n","protected":false},"excerpt":{"rendered":"<p dir=\"ltr\" style=\"text-align: center;\"><strong>Pirt\u00fbk: Payiza Dereng<br \/>\nNiv\u00eeskar: Firat Cewer\u00ee<\/strong><br \/>\n<strong>Cure: Roman<\/strong><\/p>\n","protected":false},"featured_media":12127,"template":"","meta":{"site-sidebar-layout":"default","site-content-layout":"","ast-site-content-layout":"default","site-content-style":"default","site-sidebar-style":"default","ast-global-header-display":"","ast-banner-title-visibility":"","ast-main-header-display":"","ast-hfb-above-header-display":"","ast-hfb-below-header-display":"","ast-hfb-mobile-header-display":"","site-post-title":"","ast-breadcrumbs-content":"","ast-featured-img":"","footer-sml-layout":"","ast-disable-related-posts":"","theme-transparent-header-meta":"default","adv-header-id-meta":"","stick-header-meta":"","header-above-stick-meta":"","header-main-stick-meta":"","header-below-stick-meta":"","astra-migrate-meta-layouts":"set","ast-page-background-enabled":"default","ast-page-background-meta":{"desktop":{"background-color":"","background-image":"","background-repeat":"repeat","background-position":"center center","background-size":"auto","background-attachment":"scroll","background-type":"","background-media":"","overlay-type":"","overlay-color":"","overlay-opacity":"","overlay-gradient":""},"tablet":{"background-color":"","background-image":"","background-repeat":"repeat","background-position":"center center","background-size":"auto","background-attachment":"scroll","background-type":"","background-media":"","overlay-type":"","overlay-color":"","overlay-opacity":"","overlay-gradient":""},"mobile":{"background-color":"","background-image":"","background-repeat":"repeat","background-position":"center center","background-size":"auto","background-attachment":"scroll","background-type":"","background-media":"","overlay-type":"","overlay-color":"","overlay-opacity":"","overlay-gradient":""}},"ast-content-background-meta":{"desktop":{"background-color":"var(--ast-global-color-5)","background-image":"","background-repeat":"repeat","background-position":"center center","background-size":"auto","background-attachment":"scroll","background-type":"","background-media":"","overlay-type":"","overlay-color":"","overlay-opacity":"","overlay-gradient":""},"tablet":{"background-color":"var(--ast-global-color-5)","background-image":"","background-repeat":"repeat","background-position":"center center","background-size":"auto","background-attachment":"scroll","background-type":"","background-media":"","overlay-type":"","overlay-color":"","overlay-opacity":"","overlay-gradient":""},"mobile":{"background-color":"var(--ast-global-color-5)","background-image":"","background-repeat":"repeat","background-position":"center center","background-size":"auto","background-attachment":"scroll","background-type":"","background-media":"","overlay-type":"","overlay-color":"","overlay-opacity":"","overlay-gradient":""}}},"product_brand":[],"product_cat":[182,193],"product_tag":[],"class_list":{"0":"post-12069","1":"product","2":"type-product","3":"status-publish","4":"has-post-thumbnail","6":"product_cat-_","7":"product_cat--_","8":"pa_-roman","9":"pa_-firat-ceweri","10":"pa_-kurmanci","11":"pa_--avesta-yayinlari","12":"desktop-align-left","13":"tablet-align-left","14":"mobile-align-left","16":"first","17":"instock","18":"shipping-taxable","19":"purchasable","20":"product-type-simple"},"yoast_head":"<!-- This site is optimized with the Yoast SEO plugin v27.4 - https:\/\/yoast.com\/product\/yoast-seo-wordpress\/ -->\n<title>Payiza Dereng - Firat Cewer\u00ee - www.shanabooks.de<\/title>\n<meta name=\"description\" content=\"Payiza Dereng - Firat Cewer\u00ee &quot;Me dev ji bajar\u00ea xwe y\u00ea ew\u00e7end xwe\u015f berdida, me dev ji malbat\u00ean xwe \u00fb heval\u00ean xwe berdidan \u00fb payiza dereng, em di bin bara...\" \/>\n<meta name=\"robots\" content=\"index, follow, max-snippet:-1, max-image-preview:large, max-video-preview:-1\" \/>\n<link rel=\"canonical\" href=\"https:\/\/shanabooks.de\/product\/payiza-dereng-firat-ceweri\/\" \/>\n<meta property=\"og:locale\" content=\"en_US\" \/>\n<meta property=\"og:type\" content=\"article\" \/>\n<meta property=\"og:title\" content=\"Payiza Dereng - Firat Cewer\u00ee - www.shanabooks.de\" \/>\n<meta property=\"og:description\" content=\"Payiza Dereng - Firat Cewer\u00ee &quot;Me dev ji bajar\u00ea xwe y\u00ea ew\u00e7end xwe\u015f berdida, me dev ji malbat\u00ean xwe \u00fb heval\u00ean xwe berdidan \u00fb payiza dereng, em di bin bara...\" \/>\n<meta property=\"og:url\" content=\"https:\/\/shanabooks.de\/product\/payiza-dereng-firat-ceweri\/\" \/>\n<meta property=\"og:site_name\" content=\"www.shanabooks.de\" \/>\n<meta property=\"article:modified_time\" content=\"2024-04-06T09:12:38+00:00\" \/>\n<meta property=\"og:image\" content=\"https:\/\/shanabooks.de\/wp-content\/uploads\/2024\/03\/Payiza-dereng.jpg\" \/>\n\t<meta property=\"og:image:width\" content=\"602\" \/>\n\t<meta property=\"og:image:height\" content=\"900\" \/>\n\t<meta property=\"og:image:type\" content=\"image\/jpeg\" \/>\n<meta name=\"twitter:card\" content=\"summary_large_image\" \/>\n<meta name=\"twitter:label1\" content=\"Est. reading time\" \/>\n\t<meta name=\"twitter:data1\" content=\"2 minutes\" \/>\n<script type=\"application\/ld+json\" class=\"yoast-schema-graph\">{\"@context\":\"https:\\\/\\\/schema.org\",\"@graph\":[{\"@type\":\"WebPage\",\"@id\":\"https:\\\/\\\/shanabooks.de\\\/product\\\/payiza-dereng-firat-ceweri\\\/\",\"url\":\"https:\\\/\\\/shanabooks.de\\\/product\\\/payiza-dereng-firat-ceweri\\\/\",\"name\":\"Payiza Dereng - Firat Cewer\u00ee - www.shanabooks.de\",\"isPartOf\":{\"@id\":\"https:\\\/\\\/shanabooks.de\\\/#website\"},\"primaryImageOfPage\":{\"@id\":\"https:\\\/\\\/shanabooks.de\\\/product\\\/payiza-dereng-firat-ceweri\\\/#primaryimage\"},\"image\":{\"@id\":\"https:\\\/\\\/shanabooks.de\\\/product\\\/payiza-dereng-firat-ceweri\\\/#primaryimage\"},\"thumbnailUrl\":\"https:\\\/\\\/shanabooks.de\\\/wp-content\\\/uploads\\\/2024\\\/03\\\/Payiza-dereng.jpg\",\"datePublished\":\"2024-03-03T19:40:27+00:00\",\"dateModified\":\"2024-04-06T09:12:38+00:00\",\"description\":\"Payiza Dereng - Firat Cewer\u00ee \\\"Me dev ji bajar\u00ea xwe y\u00ea ew\u00e7end xwe\u015f berdida, me dev ji malbat\u00ean xwe \u00fb heval\u00ean xwe berdidan \u00fb payiza dereng, em di bin bara...\",\"breadcrumb\":{\"@id\":\"https:\\\/\\\/shanabooks.de\\\/product\\\/payiza-dereng-firat-ceweri\\\/#breadcrumb\"},\"inLanguage\":\"kur\",\"potentialAction\":[{\"@type\":\"ReadAction\",\"target\":[\"https:\\\/\\\/shanabooks.de\\\/product\\\/payiza-dereng-firat-ceweri\\\/\"]}]},{\"@type\":\"ImageObject\",\"inLanguage\":\"kur\",\"@id\":\"https:\\\/\\\/shanabooks.de\\\/product\\\/payiza-dereng-firat-ceweri\\\/#primaryimage\",\"url\":\"https:\\\/\\\/shanabooks.de\\\/wp-content\\\/uploads\\\/2024\\\/03\\\/Payiza-dereng.jpg\",\"contentUrl\":\"https:\\\/\\\/shanabooks.de\\\/wp-content\\\/uploads\\\/2024\\\/03\\\/Payiza-dereng.jpg\",\"width\":602,\"height\":900,\"caption\":\"Payiza Dereng - Firat Cewer\u00ee - pirt\u00fbk\u00ean kurd\u00ee - roman\"},{\"@type\":\"BreadcrumbList\",\"@id\":\"https:\\\/\\\/shanabooks.de\\\/product\\\/payiza-dereng-firat-ceweri\\\/#breadcrumb\",\"itemListElement\":[{\"@type\":\"ListItem\",\"position\":1,\"name\":\"\u0627\u0644\u0631\u0626\u064a\u0633\u064a\u0629\",\"item\":\"https:\\\/\\\/shanabooks.de\\\/kur\\\/\"},{\"@type\":\"ListItem\",\"position\":2,\"name\":\"\u0627\u0644\u0645\u0646\u062a\u062c\u0627\u062a\",\"item\":\"https:\\\/\\\/shanabooks.de\\\/shop\\\/\"},{\"@type\":\"ListItem\",\"position\":3,\"name\":\"Payiza Dereng\"}]},{\"@type\":\"WebSite\",\"@id\":\"https:\\\/\\\/shanabooks.de\\\/#website\",\"url\":\"https:\\\/\\\/shanabooks.de\\\/\",\"name\":\"www.shanbooks.de\",\"description\":\"C\u00eehana Pirt\u00fbk\u00ean Kurd\u00ee \u0645\u0643\u062a\u0628\u0629 \u0634\u0627\u0646\u0627 \u0641\u064a \u0627\u0644\u0645\u0627\u0646\u064a\u0627 \u0648\u0623\u0648\u0631\u0628\u0627\",\"publisher\":{\"@id\":\"https:\\\/\\\/shanabooks.de\\\/#organization\"},\"potentialAction\":[{\"@type\":\"SearchAction\",\"target\":{\"@type\":\"EntryPoint\",\"urlTemplate\":\"https:\\\/\\\/shanabooks.de\\\/?s={search_term_string}\"},\"query-input\":{\"@type\":\"PropertyValueSpecification\",\"valueRequired\":true,\"valueName\":\"search_term_string\"}}],\"inLanguage\":\"kur\"},{\"@type\":\"Organization\",\"@id\":\"https:\\\/\\\/shanabooks.de\\\/#organization\",\"name\":\"www.shanbooks.de\",\"url\":\"https:\\\/\\\/shanabooks.de\\\/\",\"logo\":{\"@type\":\"ImageObject\",\"inLanguage\":\"kur\",\"@id\":\"https:\\\/\\\/shanabooks.de\\\/#\\\/schema\\\/logo\\\/image\\\/\",\"url\":\"https:\\\/\\\/shanabooks.de\\\/wp-content\\\/uploads\\\/2024\\\/03\\\/SHANABOOKS__2_-removebg-preview.png\",\"contentUrl\":\"https:\\\/\\\/shanabooks.de\\\/wp-content\\\/uploads\\\/2024\\\/03\\\/SHANABOOKS__2_-removebg-preview.png\",\"width\":700,\"height\":150,\"caption\":\"www.shanbooks.de\"},\"image\":{\"@id\":\"https:\\\/\\\/shanabooks.de\\\/#\\\/schema\\\/logo\\\/image\\\/\"}}]}<\/script>\n<!-- \/ Yoast SEO plugin. -->","yoast_head_json":{"title":"Payiza Dereng - Firat Cewer\u00ee - www.shanabooks.de","description":"Payiza Dereng - Firat Cewer\u00ee \"Me dev ji bajar\u00ea xwe y\u00ea ew\u00e7end xwe\u015f berdida, me dev ji malbat\u00ean xwe \u00fb heval\u00ean xwe berdidan \u00fb payiza dereng, em di bin bara...","robots":{"index":"index","follow":"follow","max-snippet":"max-snippet:-1","max-image-preview":"max-image-preview:large","max-video-preview":"max-video-preview:-1"},"canonical":"https:\/\/shanabooks.de\/product\/payiza-dereng-firat-ceweri\/","og_locale":"en_US","og_type":"article","og_title":"Payiza Dereng - Firat Cewer\u00ee - www.shanabooks.de","og_description":"Payiza Dereng - Firat Cewer\u00ee \"Me dev ji bajar\u00ea xwe y\u00ea ew\u00e7end xwe\u015f berdida, me dev ji malbat\u00ean xwe \u00fb heval\u00ean xwe berdidan \u00fb payiza dereng, em di bin bara...","og_url":"https:\/\/shanabooks.de\/product\/payiza-dereng-firat-ceweri\/","og_site_name":"www.shanabooks.de","article_modified_time":"2024-04-06T09:12:38+00:00","og_image":[{"width":602,"height":900,"url":"https:\/\/shanabooks.de\/wp-content\/uploads\/2024\/03\/Payiza-dereng.jpg","type":"image\/jpeg"}],"twitter_card":"summary_large_image","twitter_misc":{"Est. reading time":"2 minutes"},"schema":{"@context":"https:\/\/schema.org","@graph":[{"@type":"WebPage","@id":"https:\/\/shanabooks.de\/product\/payiza-dereng-firat-ceweri\/","url":"https:\/\/shanabooks.de\/product\/payiza-dereng-firat-ceweri\/","name":"Payiza Dereng - Firat Cewer\u00ee - www.shanabooks.de","isPartOf":{"@id":"https:\/\/shanabooks.de\/#website"},"primaryImageOfPage":{"@id":"https:\/\/shanabooks.de\/product\/payiza-dereng-firat-ceweri\/#primaryimage"},"image":{"@id":"https:\/\/shanabooks.de\/product\/payiza-dereng-firat-ceweri\/#primaryimage"},"thumbnailUrl":"https:\/\/shanabooks.de\/wp-content\/uploads\/2024\/03\/Payiza-dereng.jpg","datePublished":"2024-03-03T19:40:27+00:00","dateModified":"2024-04-06T09:12:38+00:00","description":"Payiza Dereng - Firat Cewer\u00ee \"Me dev ji bajar\u00ea xwe y\u00ea ew\u00e7end xwe\u015f berdida, me dev ji malbat\u00ean xwe \u00fb heval\u00ean xwe berdidan \u00fb payiza dereng, em di bin bara...","breadcrumb":{"@id":"https:\/\/shanabooks.de\/product\/payiza-dereng-firat-ceweri\/#breadcrumb"},"inLanguage":"kur","potentialAction":[{"@type":"ReadAction","target":["https:\/\/shanabooks.de\/product\/payiza-dereng-firat-ceweri\/"]}]},{"@type":"ImageObject","inLanguage":"kur","@id":"https:\/\/shanabooks.de\/product\/payiza-dereng-firat-ceweri\/#primaryimage","url":"https:\/\/shanabooks.de\/wp-content\/uploads\/2024\/03\/Payiza-dereng.jpg","contentUrl":"https:\/\/shanabooks.de\/wp-content\/uploads\/2024\/03\/Payiza-dereng.jpg","width":602,"height":900,"caption":"Payiza Dereng - Firat Cewer\u00ee - pirt\u00fbk\u00ean kurd\u00ee - roman"},{"@type":"BreadcrumbList","@id":"https:\/\/shanabooks.de\/product\/payiza-dereng-firat-ceweri\/#breadcrumb","itemListElement":[{"@type":"ListItem","position":1,"name":"\u0627\u0644\u0631\u0626\u064a\u0633\u064a\u0629","item":"https:\/\/shanabooks.de\/kur\/"},{"@type":"ListItem","position":2,"name":"\u0627\u0644\u0645\u0646\u062a\u062c\u0627\u062a","item":"https:\/\/shanabooks.de\/shop\/"},{"@type":"ListItem","position":3,"name":"Payiza Dereng"}]},{"@type":"WebSite","@id":"https:\/\/shanabooks.de\/#website","url":"https:\/\/shanabooks.de\/","name":"www.shanbooks.de","description":"C\u00eehana Pirt\u00fbk\u00ean Kurd\u00ee \u0645\u0643\u062a\u0628\u0629 \u0634\u0627\u0646\u0627 \u0641\u064a \u0627\u0644\u0645\u0627\u0646\u064a\u0627 \u0648\u0623\u0648\u0631\u0628\u0627","publisher":{"@id":"https:\/\/shanabooks.de\/#organization"},"potentialAction":[{"@type":"SearchAction","target":{"@type":"EntryPoint","urlTemplate":"https:\/\/shanabooks.de\/?s={search_term_string}"},"query-input":{"@type":"PropertyValueSpecification","valueRequired":true,"valueName":"search_term_string"}}],"inLanguage":"kur"},{"@type":"Organization","@id":"https:\/\/shanabooks.de\/#organization","name":"www.shanbooks.de","url":"https:\/\/shanabooks.de\/","logo":{"@type":"ImageObject","inLanguage":"kur","@id":"https:\/\/shanabooks.de\/#\/schema\/logo\/image\/","url":"https:\/\/shanabooks.de\/wp-content\/uploads\/2024\/03\/SHANABOOKS__2_-removebg-preview.png","contentUrl":"https:\/\/shanabooks.de\/wp-content\/uploads\/2024\/03\/SHANABOOKS__2_-removebg-preview.png","width":700,"height":150,"caption":"www.shanbooks.de"},"image":{"@id":"https:\/\/shanabooks.de\/#\/schema\/logo\/image\/"}}]}},"jetpack_sharing_enabled":true,"_links":{"self":[{"href":"https:\/\/shanabooks.de\/kur\/wp-json\/wp\/v2\/product\/12069","targetHints":{"allow":["GET"]}}],"collection":[{"href":"https:\/\/shanabooks.de\/kur\/wp-json\/wp\/v2\/product"}],"about":[{"href":"https:\/\/shanabooks.de\/kur\/wp-json\/wp\/v2\/types\/product"}],"version-history":[{"count":3,"href":"https:\/\/shanabooks.de\/kur\/wp-json\/wp\/v2\/product\/12069\/revisions"}],"predecessor-version":[{"id":22963,"href":"https:\/\/shanabooks.de\/kur\/wp-json\/wp\/v2\/product\/12069\/revisions\/22963"}],"wp:featuredmedia":[{"embeddable":true,"href":"https:\/\/shanabooks.de\/kur\/wp-json\/wp\/v2\/media\/12127"}],"wp:attachment":[{"href":"https:\/\/shanabooks.de\/kur\/wp-json\/wp\/v2\/media?parent=12069"}],"wp:term":[{"taxonomy":"product_brand","embeddable":true,"href":"https:\/\/shanabooks.de\/kur\/wp-json\/wp\/v2\/product_brand?post=12069"},{"taxonomy":"product_cat","embeddable":true,"href":"https:\/\/shanabooks.de\/kur\/wp-json\/wp\/v2\/product_cat?post=12069"},{"taxonomy":"product_tag","embeddable":true,"href":"https:\/\/shanabooks.de\/kur\/wp-json\/wp\/v2\/product_tag?post=12069"}],"curies":[{"name":"wp","href":"https:\/\/api.w.org\/{rel}","templated":true}]}}