{"id":12070,"date":"2024-03-03T19:40:27","date_gmt":"2024-03-03T19:40:27","guid":{"rendered":"https:\/\/shanabooks.de\/?post_type=product&#038;p=12070"},"modified":"2024-04-06T09:16:59","modified_gmt":"2024-04-06T09:16:59","slug":"seven-winda-weneyen-mechul-dilawer-zeraq","status":"publish","type":"product","link":"https:\/\/shanabooks.de\/kur\/product\/seven-winda-weneyen-mechul-dilawer-zeraq\/","title":{"rendered":"\u015eev\u00ean Winda W\u00eaney\u00ean Me\u00e7h\u00fbl"},"content":{"rendered":"<p dir=\"ltr\"><strong>\u015e\u00eav\u00ean Winda W\u00eaney\u00ean Me\u00e7h\u00fbl &#8211; Dilawer Zeraq<\/strong><\/p>\n<p dir=\"ltr\">\u015eev\u00ean Winda W\u00eaney\u00ean Me\u00e7h\u00fbl, hem yekem romana Dilawer Zeraq hem j\u00ee yekem romana S\u00eay\u00eeneya Winda ye ku niv\u00eesk\u00ear s\u00eay\u00eene bi du roman\u00ean d\u00ee (Mirina B\u00eas\u00ee-Nex\u015f\u00ean Li Giyan) tevav kir. Romana \u015eev\u00ean Winda W\u00eaney\u00ean Me\u00e7h\u00fbl, di ser t\u00eakiliya jina Tirk Yasem\u00een \u00fb jina Kurd Seyran re, ku di komb\u00fbneke Dayik\u00ean \u015eemiy\u00ea de hev nas dikin, \u00ea\u015f \u00fb azara dayik\u00ean \u015femiy\u00ea ku ew di pay\u00eena windayan de diki\u015f\u00eenin, qal dike. Her wiha, di roman\u00ea de em p\u00ea dihisin ku, \u00ea\u015f ne ten\u00ea \u00ea\u015feke takekes\u00ee ye \u00fb loma j\u00ee, \u00e7i \u00e7ax\u00ea h\u00eeskirin \u00fb p\u00eajnkirina \u00ea\u015f\u00ea a di asta civak\u00ee de p\u00eak hat w\u00ea \u00e7ax\u00ea em \u00ea karibin b\u00eajin ku me hay ji \u00ea\u015fa me heye.<br \/>\nRomana \u015e\u00eav\u00ean Winda W\u00eaney\u00ean Me\u00e7h\u00fbl ya Dilawer Zeraq, bi ziman\u00ea xwe \u00ee pet\u00ee \u00fb zelane, a\u015ftiya ku p\u00eakhatina w\u00ea a di nava civaka Kurdan \u00fb Tirkan de de t\u00ea h\u00eav\u00eekirin, ji h\u00ealek\u00ea d\u00ee ve dat\u00eene mexder\u00ea; ku em di reng \u00fb away\u00ea t\u00eakiliya Seyran \u00fb Yasem\u00een de v\u00ea yek\u00ea xwe\u015fik\u00ee dib\u00eenin.<\/p>\n","protected":false},"excerpt":{"rendered":"<p dir=\"ltr\" style=\"text-align: center;\"><strong>Pirt\u00fbk: \u015e\u00eav\u00ean Winda W\u00eaney\u00ean Me\u00e7h\u00fbl<br \/>\nNiv\u00eeskar: Dilawer Zeraq<\/strong><br \/>\n<strong>Cure: Roman<\/strong><\/p>\n","protected":false},"featured_media":12129,"template":"","meta":{"site-sidebar-layout":"default","site-content-layout":"","ast-site-content-layout":"default","site-content-style":"default","site-sidebar-style":"default","ast-global-header-display":"","ast-banner-title-visibility":"","ast-main-header-display":"","ast-hfb-above-header-display":"","ast-hfb-below-header-display":"","ast-hfb-mobile-header-display":"","site-post-title":"","ast-breadcrumbs-content":"","ast-featured-img":"","footer-sml-layout":"","ast-disable-related-posts":"","theme-transparent-header-meta":"default","adv-header-id-meta":"","stick-header-meta":"","header-above-stick-meta":"","header-main-stick-meta":"","header-below-stick-meta":"","astra-migrate-meta-layouts":"set","ast-page-background-enabled":"default","ast-page-background-meta":{"desktop":{"background-color":"","background-image":"","background-repeat":"repeat","background-position":"center center","background-size":"auto","background-attachment":"scroll","background-type":"","background-media":"","overlay-type":"","overlay-color":"","overlay-opacity":"","overlay-gradient":""},"tablet":{"background-color":"","background-image":"","background-repeat":"repeat","background-position":"center center","background-size":"auto","background-attachment":"scroll","background-type":"","background-media":"","overlay-type":"","overlay-color":"","overlay-opacity":"","overlay-gradient":""},"mobile":{"background-color":"","background-image":"","background-repeat":"repeat","background-position":"center center","background-size":"auto","background-attachment":"scroll","background-type":"","background-media":"","overlay-type":"","overlay-color":"","overlay-opacity":"","overlay-gradient":""}},"ast-content-background-meta":{"desktop":{"background-color":"var(--ast-global-color-5)","background-image":"","background-repeat":"repeat","background-position":"center center","background-size":"auto","background-attachment":"scroll","background-type":"","background-media":"","overlay-type":"","overlay-color":"","overlay-opacity":"","overlay-gradient":""},"tablet":{"background-color":"var(--ast-global-color-5)","background-image":"","background-repeat":"repeat","background-position":"center center","background-size":"auto","background-attachment":"scroll","background-type":"","background-media":"","overlay-type":"","overlay-color":"","overlay-opacity":"","overlay-gradient":""},"mobile":{"background-color":"var(--ast-global-color-5)","background-image":"","background-repeat":"repeat","background-position":"center center","background-size":"auto","background-attachment":"scroll","background-type":"","background-media":"","overlay-type":"","overlay-color":"","overlay-opacity":"","overlay-gradient":""}}},"product_brand":[],"product_cat":[182,193],"product_tag":[],"class_list":{"0":"post-12070","1":"product","2":"type-product","3":"status-publish","4":"has-post-thumbnail","6":"product_cat-_","7":"product_cat--_","8":"pa_-roman","9":"pa_-dilawer-zeraq","10":"pa_-kurmanci","11":"pa_--lis-yayinevi","12":"desktop-align-left","13":"tablet-align-left","14":"mobile-align-left","16":"first","17":"instock","18":"shipping-taxable","19":"purchasable","20":"product-type-simple"},"yoast_head":"<!-- This site is optimized with the Yoast SEO plugin v27.4 - https:\/\/yoast.com\/product\/yoast-seo-wordpress\/ -->\n<title>\u015e\u00eav\u00ean Winda W\u00eaney\u00ean Me\u00e7h\u00fbl - Dilawer Zeraq - www.shanabooks.de<\/title>\n<meta name=\"description\" content=\"\u015e\u00eav\u00ean Winda W\u00eaney\u00ean Me\u00e7h\u00fbl - Dilawer Zeraq \u015eev\u00ean Winda W\u00eaney\u00ean Me\u00e7h\u00fbl, hem yekem romana Dilawer Zeraq hem j\u00ee yekem romana S\u00eay\u00eeneya Winda ye ku niv\u00eesk\u00ear...\" \/>\n<meta name=\"robots\" content=\"index, follow, max-snippet:-1, max-image-preview:large, max-video-preview:-1\" \/>\n<link rel=\"canonical\" href=\"https:\/\/shanabooks.de\/product\/seven-winda-weneyen-mechul-dilawer-zeraq\/\" \/>\n<meta property=\"og:locale\" content=\"en_US\" \/>\n<meta property=\"og:type\" content=\"article\" \/>\n<meta property=\"og:title\" content=\"\u015e\u00eav\u00ean Winda W\u00eaney\u00ean Me\u00e7h\u00fbl - Dilawer Zeraq - www.shanabooks.de\" \/>\n<meta property=\"og:description\" content=\"\u015e\u00eav\u00ean Winda W\u00eaney\u00ean Me\u00e7h\u00fbl - Dilawer Zeraq \u015eev\u00ean Winda W\u00eaney\u00ean Me\u00e7h\u00fbl, hem yekem romana Dilawer Zeraq hem j\u00ee yekem romana S\u00eay\u00eeneya Winda ye ku niv\u00eesk\u00ear...\" \/>\n<meta property=\"og:url\" content=\"https:\/\/shanabooks.de\/product\/seven-winda-weneyen-mechul-dilawer-zeraq\/\" \/>\n<meta property=\"og:site_name\" content=\"www.shanabooks.de\" \/>\n<meta property=\"article:modified_time\" content=\"2024-04-06T09:16:59+00:00\" \/>\n<meta property=\"og:image\" content=\"https:\/\/shanabooks.de\/wp-content\/uploads\/2024\/03\/seven-winda-weneyen-mechul-lis.png\" \/>\n\t<meta property=\"og:image:width\" content=\"471\" \/>\n\t<meta property=\"og:image:height\" content=\"706\" \/>\n\t<meta property=\"og:image:type\" content=\"image\/png\" \/>\n<meta name=\"twitter:card\" content=\"summary_large_image\" \/>\n<meta name=\"twitter:label1\" content=\"Est. reading time\" \/>\n\t<meta name=\"twitter:data1\" content=\"2 minutes\" \/>\n<script type=\"application\/ld+json\" class=\"yoast-schema-graph\">{\"@context\":\"https:\\\/\\\/schema.org\",\"@graph\":[{\"@type\":\"WebPage\",\"@id\":\"https:\\\/\\\/shanabooks.de\\\/product\\\/seven-winda-weneyen-mechul-dilawer-zeraq\\\/\",\"url\":\"https:\\\/\\\/shanabooks.de\\\/product\\\/seven-winda-weneyen-mechul-dilawer-zeraq\\\/\",\"name\":\"\u015e\u00eav\u00ean Winda W\u00eaney\u00ean Me\u00e7h\u00fbl - Dilawer Zeraq - www.shanabooks.de\",\"isPartOf\":{\"@id\":\"https:\\\/\\\/shanabooks.de\\\/#website\"},\"primaryImageOfPage\":{\"@id\":\"https:\\\/\\\/shanabooks.de\\\/product\\\/seven-winda-weneyen-mechul-dilawer-zeraq\\\/#primaryimage\"},\"image\":{\"@id\":\"https:\\\/\\\/shanabooks.de\\\/product\\\/seven-winda-weneyen-mechul-dilawer-zeraq\\\/#primaryimage\"},\"thumbnailUrl\":\"https:\\\/\\\/shanabooks.de\\\/wp-content\\\/uploads\\\/2024\\\/03\\\/seven-winda-weneyen-mechul-lis.png\",\"datePublished\":\"2024-03-03T19:40:27+00:00\",\"dateModified\":\"2024-04-06T09:16:59+00:00\",\"description\":\"\u015e\u00eav\u00ean Winda W\u00eaney\u00ean Me\u00e7h\u00fbl - Dilawer Zeraq \u015eev\u00ean Winda W\u00eaney\u00ean Me\u00e7h\u00fbl, hem yekem romana Dilawer Zeraq hem j\u00ee yekem romana S\u00eay\u00eeneya Winda ye ku niv\u00eesk\u00ear...\",\"breadcrumb\":{\"@id\":\"https:\\\/\\\/shanabooks.de\\\/product\\\/seven-winda-weneyen-mechul-dilawer-zeraq\\\/#breadcrumb\"},\"inLanguage\":\"kur\",\"potentialAction\":[{\"@type\":\"ReadAction\",\"target\":[\"https:\\\/\\\/shanabooks.de\\\/product\\\/seven-winda-weneyen-mechul-dilawer-zeraq\\\/\"]}]},{\"@type\":\"ImageObject\",\"inLanguage\":\"kur\",\"@id\":\"https:\\\/\\\/shanabooks.de\\\/product\\\/seven-winda-weneyen-mechul-dilawer-zeraq\\\/#primaryimage\",\"url\":\"https:\\\/\\\/shanabooks.de\\\/wp-content\\\/uploads\\\/2024\\\/03\\\/seven-winda-weneyen-mechul-lis.png\",\"contentUrl\":\"https:\\\/\\\/shanabooks.de\\\/wp-content\\\/uploads\\\/2024\\\/03\\\/seven-winda-weneyen-mechul-lis.png\",\"width\":471,\"height\":706,\"caption\":\"\u015e\u00eav\u00ean Winda W\u00eaney\u00ean Me\u00e7h\u00fbl - Dilawer Zeraq - pirt\u00fbk\u00ean kurd\u00ee - roman\"},{\"@type\":\"BreadcrumbList\",\"@id\":\"https:\\\/\\\/shanabooks.de\\\/product\\\/seven-winda-weneyen-mechul-dilawer-zeraq\\\/#breadcrumb\",\"itemListElement\":[{\"@type\":\"ListItem\",\"position\":1,\"name\":\"\u0627\u0644\u0631\u0626\u064a\u0633\u064a\u0629\",\"item\":\"https:\\\/\\\/shanabooks.de\\\/kur\\\/\"},{\"@type\":\"ListItem\",\"position\":2,\"name\":\"\u0627\u0644\u0645\u0646\u062a\u062c\u0627\u062a\",\"item\":\"https:\\\/\\\/shanabooks.de\\\/shop\\\/\"},{\"@type\":\"ListItem\",\"position\":3,\"name\":\"\u015eev\u00ean Winda W\u00eaney\u00ean Me\u00e7h\u00fbl\"}]},{\"@type\":\"WebSite\",\"@id\":\"https:\\\/\\\/shanabooks.de\\\/#website\",\"url\":\"https:\\\/\\\/shanabooks.de\\\/\",\"name\":\"www.shanbooks.de\",\"description\":\"C\u00eehana Pirt\u00fbk\u00ean Kurd\u00ee \u0645\u0643\u062a\u0628\u0629 \u0634\u0627\u0646\u0627 \u0641\u064a \u0627\u0644\u0645\u0627\u0646\u064a\u0627 \u0648\u0623\u0648\u0631\u0628\u0627\",\"publisher\":{\"@id\":\"https:\\\/\\\/shanabooks.de\\\/#organization\"},\"potentialAction\":[{\"@type\":\"SearchAction\",\"target\":{\"@type\":\"EntryPoint\",\"urlTemplate\":\"https:\\\/\\\/shanabooks.de\\\/?s={search_term_string}\"},\"query-input\":{\"@type\":\"PropertyValueSpecification\",\"valueRequired\":true,\"valueName\":\"search_term_string\"}}],\"inLanguage\":\"kur\"},{\"@type\":\"Organization\",\"@id\":\"https:\\\/\\\/shanabooks.de\\\/#organization\",\"name\":\"www.shanbooks.de\",\"url\":\"https:\\\/\\\/shanabooks.de\\\/\",\"logo\":{\"@type\":\"ImageObject\",\"inLanguage\":\"kur\",\"@id\":\"https:\\\/\\\/shanabooks.de\\\/#\\\/schema\\\/logo\\\/image\\\/\",\"url\":\"https:\\\/\\\/shanabooks.de\\\/wp-content\\\/uploads\\\/2024\\\/03\\\/SHANABOOKS__2_-removebg-preview.png\",\"contentUrl\":\"https:\\\/\\\/shanabooks.de\\\/wp-content\\\/uploads\\\/2024\\\/03\\\/SHANABOOKS__2_-removebg-preview.png\",\"width\":700,\"height\":150,\"caption\":\"www.shanbooks.de\"},\"image\":{\"@id\":\"https:\\\/\\\/shanabooks.de\\\/#\\\/schema\\\/logo\\\/image\\\/\"}}]}<\/script>\n<!-- \/ Yoast SEO plugin. -->","yoast_head_json":{"title":"\u015e\u00eav\u00ean Winda W\u00eaney\u00ean Me\u00e7h\u00fbl - Dilawer Zeraq - www.shanabooks.de","description":"\u015e\u00eav\u00ean Winda W\u00eaney\u00ean Me\u00e7h\u00fbl - Dilawer Zeraq \u015eev\u00ean Winda W\u00eaney\u00ean Me\u00e7h\u00fbl, hem yekem romana Dilawer Zeraq hem j\u00ee yekem romana S\u00eay\u00eeneya Winda ye ku niv\u00eesk\u00ear...","robots":{"index":"index","follow":"follow","max-snippet":"max-snippet:-1","max-image-preview":"max-image-preview:large","max-video-preview":"max-video-preview:-1"},"canonical":"https:\/\/shanabooks.de\/product\/seven-winda-weneyen-mechul-dilawer-zeraq\/","og_locale":"en_US","og_type":"article","og_title":"\u015e\u00eav\u00ean Winda W\u00eaney\u00ean Me\u00e7h\u00fbl - Dilawer Zeraq - www.shanabooks.de","og_description":"\u015e\u00eav\u00ean Winda W\u00eaney\u00ean Me\u00e7h\u00fbl - Dilawer Zeraq \u015eev\u00ean Winda W\u00eaney\u00ean Me\u00e7h\u00fbl, hem yekem romana Dilawer Zeraq hem j\u00ee yekem romana S\u00eay\u00eeneya Winda ye ku niv\u00eesk\u00ear...","og_url":"https:\/\/shanabooks.de\/product\/seven-winda-weneyen-mechul-dilawer-zeraq\/","og_site_name":"www.shanabooks.de","article_modified_time":"2024-04-06T09:16:59+00:00","og_image":[{"width":471,"height":706,"url":"https:\/\/shanabooks.de\/wp-content\/uploads\/2024\/03\/seven-winda-weneyen-mechul-lis.png","type":"image\/png"}],"twitter_card":"summary_large_image","twitter_misc":{"Est. reading time":"2 minutes"},"schema":{"@context":"https:\/\/schema.org","@graph":[{"@type":"WebPage","@id":"https:\/\/shanabooks.de\/product\/seven-winda-weneyen-mechul-dilawer-zeraq\/","url":"https:\/\/shanabooks.de\/product\/seven-winda-weneyen-mechul-dilawer-zeraq\/","name":"\u015e\u00eav\u00ean Winda W\u00eaney\u00ean Me\u00e7h\u00fbl - Dilawer Zeraq - www.shanabooks.de","isPartOf":{"@id":"https:\/\/shanabooks.de\/#website"},"primaryImageOfPage":{"@id":"https:\/\/shanabooks.de\/product\/seven-winda-weneyen-mechul-dilawer-zeraq\/#primaryimage"},"image":{"@id":"https:\/\/shanabooks.de\/product\/seven-winda-weneyen-mechul-dilawer-zeraq\/#primaryimage"},"thumbnailUrl":"https:\/\/shanabooks.de\/wp-content\/uploads\/2024\/03\/seven-winda-weneyen-mechul-lis.png","datePublished":"2024-03-03T19:40:27+00:00","dateModified":"2024-04-06T09:16:59+00:00","description":"\u015e\u00eav\u00ean Winda W\u00eaney\u00ean Me\u00e7h\u00fbl - Dilawer Zeraq \u015eev\u00ean Winda W\u00eaney\u00ean Me\u00e7h\u00fbl, hem yekem romana Dilawer Zeraq hem j\u00ee yekem romana S\u00eay\u00eeneya Winda ye ku niv\u00eesk\u00ear...","breadcrumb":{"@id":"https:\/\/shanabooks.de\/product\/seven-winda-weneyen-mechul-dilawer-zeraq\/#breadcrumb"},"inLanguage":"kur","potentialAction":[{"@type":"ReadAction","target":["https:\/\/shanabooks.de\/product\/seven-winda-weneyen-mechul-dilawer-zeraq\/"]}]},{"@type":"ImageObject","inLanguage":"kur","@id":"https:\/\/shanabooks.de\/product\/seven-winda-weneyen-mechul-dilawer-zeraq\/#primaryimage","url":"https:\/\/shanabooks.de\/wp-content\/uploads\/2024\/03\/seven-winda-weneyen-mechul-lis.png","contentUrl":"https:\/\/shanabooks.de\/wp-content\/uploads\/2024\/03\/seven-winda-weneyen-mechul-lis.png","width":471,"height":706,"caption":"\u015e\u00eav\u00ean Winda W\u00eaney\u00ean Me\u00e7h\u00fbl - Dilawer Zeraq - pirt\u00fbk\u00ean kurd\u00ee - roman"},{"@type":"BreadcrumbList","@id":"https:\/\/shanabooks.de\/product\/seven-winda-weneyen-mechul-dilawer-zeraq\/#breadcrumb","itemListElement":[{"@type":"ListItem","position":1,"name":"\u0627\u0644\u0631\u0626\u064a\u0633\u064a\u0629","item":"https:\/\/shanabooks.de\/kur\/"},{"@type":"ListItem","position":2,"name":"\u0627\u0644\u0645\u0646\u062a\u062c\u0627\u062a","item":"https:\/\/shanabooks.de\/shop\/"},{"@type":"ListItem","position":3,"name":"\u015eev\u00ean Winda W\u00eaney\u00ean Me\u00e7h\u00fbl"}]},{"@type":"WebSite","@id":"https:\/\/shanabooks.de\/#website","url":"https:\/\/shanabooks.de\/","name":"www.shanbooks.de","description":"C\u00eehana Pirt\u00fbk\u00ean Kurd\u00ee \u0645\u0643\u062a\u0628\u0629 \u0634\u0627\u0646\u0627 \u0641\u064a \u0627\u0644\u0645\u0627\u0646\u064a\u0627 \u0648\u0623\u0648\u0631\u0628\u0627","publisher":{"@id":"https:\/\/shanabooks.de\/#organization"},"potentialAction":[{"@type":"SearchAction","target":{"@type":"EntryPoint","urlTemplate":"https:\/\/shanabooks.de\/?s={search_term_string}"},"query-input":{"@type":"PropertyValueSpecification","valueRequired":true,"valueName":"search_term_string"}}],"inLanguage":"kur"},{"@type":"Organization","@id":"https:\/\/shanabooks.de\/#organization","name":"www.shanbooks.de","url":"https:\/\/shanabooks.de\/","logo":{"@type":"ImageObject","inLanguage":"kur","@id":"https:\/\/shanabooks.de\/#\/schema\/logo\/image\/","url":"https:\/\/shanabooks.de\/wp-content\/uploads\/2024\/03\/SHANABOOKS__2_-removebg-preview.png","contentUrl":"https:\/\/shanabooks.de\/wp-content\/uploads\/2024\/03\/SHANABOOKS__2_-removebg-preview.png","width":700,"height":150,"caption":"www.shanbooks.de"},"image":{"@id":"https:\/\/shanabooks.de\/#\/schema\/logo\/image\/"}}]}},"jetpack_sharing_enabled":true,"_links":{"self":[{"href":"https:\/\/shanabooks.de\/kur\/wp-json\/wp\/v2\/product\/12070","targetHints":{"allow":["GET"]}}],"collection":[{"href":"https:\/\/shanabooks.de\/kur\/wp-json\/wp\/v2\/product"}],"about":[{"href":"https:\/\/shanabooks.de\/kur\/wp-json\/wp\/v2\/types\/product"}],"version-history":[{"count":3,"href":"https:\/\/shanabooks.de\/kur\/wp-json\/wp\/v2\/product\/12070\/revisions"}],"predecessor-version":[{"id":22966,"href":"https:\/\/shanabooks.de\/kur\/wp-json\/wp\/v2\/product\/12070\/revisions\/22966"}],"wp:featuredmedia":[{"embeddable":true,"href":"https:\/\/shanabooks.de\/kur\/wp-json\/wp\/v2\/media\/12129"}],"wp:attachment":[{"href":"https:\/\/shanabooks.de\/kur\/wp-json\/wp\/v2\/media?parent=12070"}],"wp:term":[{"taxonomy":"product_brand","embeddable":true,"href":"https:\/\/shanabooks.de\/kur\/wp-json\/wp\/v2\/product_brand?post=12070"},{"taxonomy":"product_cat","embeddable":true,"href":"https:\/\/shanabooks.de\/kur\/wp-json\/wp\/v2\/product_cat?post=12070"},{"taxonomy":"product_tag","embeddable":true,"href":"https:\/\/shanabooks.de\/kur\/wp-json\/wp\/v2\/product_tag?post=12070"}],"curies":[{"name":"wp","href":"https:\/\/api.w.org\/{rel}","templated":true}]}}