{"id":12073,"date":"2024-03-03T19:40:27","date_gmt":"2024-03-03T19:40:27","guid":{"rendered":"https:\/\/shanabooks.de\/?post_type=product&#038;p=12073"},"modified":"2024-04-07T09:51:22","modified_gmt":"2024-04-07T09:51:22","slug":"heft-weneyi-ruti-jini-cenabi-wezir-ferhad-pirbal","status":"publish","type":"product","link":"https:\/\/shanabooks.de\/kur\/product\/heft-weneyi-ruti-jini-cenabi-wezir-ferhad-pirbal\/","title":{"rendered":"Heft W\u00eaney\u00ee R\u00fbt\u00ee Jin\u00ee Cenab\u00ee Wez\u00eer"},"content":{"rendered":"<p dir=\"ltr\"><strong>Heft W\u00eaney\u00ee R\u00fbt\u00ee Jin\u00ee Cenab\u00ee Wez\u00eer -Ferhad P\u00eerbal<\/strong><\/p>\n<p dir=\"ltr\">96 r\u00fbpel+14 r. art, bi w\u00eane, reng\u00een<br \/>\nEb\u00fb \u2018Ubeydey\u00ee Xeddam, bi esl\u00ea xwe Si\u00fbd\u00ee, Serok\u00ea R\u00eaxistineke Maf\u00ea Jinan Li Dubey, di heman dem\u00ea li bajar\u00ea \u015ear\u00eeqa xwed\u00ee kovareke jin\u00ean Welat\u00ean Kendav; tev\u00ee \u015fe\u015f heval\u00ean xwe, heft kesan bi hev re heman xewn d\u00eetib\u00fbn\u2026<br \/>\nXeddam \u00fb \u015fe\u015f heval\u00ean w\u00ee, b\u00eay\u00ee ku bi hevd\u00fb zanibin heman xewn d\u00eetine, her yek\u00ee ji \u00ea din re qala v\u00ea xewn\u00ea kirib\u00fb. Qala v\u00eaya j\u00ee kirib\u00fbn ku \u00e7awa hem\u00fbyan heman ke\u00e7ika diranzirav, \u00e7avkesk, pormed\u00fbsay\u00ee; ku tu ke\u00e7ek bi bedewiya xwe qet nikare n\u00eaz\u00ee w\u00ea bibe d\u00eetib\u00fbn.<br \/>\nFerhad, jinbaz, cins\u00eest hetta ras\u00eestek\u00ee kurd e \u00fb sond xwariye ku ji xeyn\u00ee jin\u00ean tirk, fars \u00fb bi taybet\u00ee ereb t\u00eakil\u00ee jin\u00ean qewmek\u00ee din nebe.<br \/>\n\u201cMin xwe bi xwe got: Hem\u00fb bajar\u00ean mezin \u00ean rojava bi bazirganiya qahpik\u00ean rojhilat, hem\u00fb paytext\u00ean rojhilat j\u00ee bi bazirganiya qahpik\u00ean rojava binyata xwe damezirandine.\u201d<br \/>\nL\u00ea daw\u00ee kes ji tariya \u015fev\u00ean Moskow \u00ean sar l\u00ea tije \u015fad\u00ee, b\u00eaxew\u00ee, alkol, huner \u00fb n\u00eeqa\u015f\u00ean felsef\u00ee xilas nabe, l\u00eestika Ferhad a jiyan\u00ea li ber w\u00ee j\u00ee xefkan vedide.<\/p>\n<p dir=\"ltr\">Romana Heft W\u00eaney\u00ee R\u00fbt\u00ee Jin\u00ee Cenab\u00ee Wez\u00eer ya Ferhad P\u00eerbal ji we\u015fan\u00ean Avestay\u00ea ye.<\/p>\n","protected":false},"excerpt":{"rendered":"<p dir=\"ltr\" style=\"text-align: center;\"><strong>Pirt\u00fbk: Heft W\u00eaney R\u00fbt\u00ee Jin\u00ee Cenab\u00ee Wez\u00eer<br \/>\nNiv\u00eeskar: Ferhad P\u00eerbal<\/strong><br \/>\n<strong>Cure: Roman<\/strong><\/p>\n","protected":false},"featured_media":12135,"template":"","meta":{"site-sidebar-layout":"default","site-content-layout":"","ast-site-content-layout":"default","site-content-style":"default","site-sidebar-style":"default","ast-global-header-display":"","ast-banner-title-visibility":"","ast-main-header-display":"","ast-hfb-above-header-display":"","ast-hfb-below-header-display":"","ast-hfb-mobile-header-display":"","site-post-title":"","ast-breadcrumbs-content":"","ast-featured-img":"","footer-sml-layout":"","ast-disable-related-posts":"","theme-transparent-header-meta":"default","adv-header-id-meta":"","stick-header-meta":"","header-above-stick-meta":"","header-main-stick-meta":"","header-below-stick-meta":"","astra-migrate-meta-layouts":"set","ast-page-background-enabled":"default","ast-page-background-meta":{"desktop":{"background-color":"","background-image":"","background-repeat":"repeat","background-position":"center center","background-size":"auto","background-attachment":"scroll","background-type":"","background-media":"","overlay-type":"","overlay-color":"","overlay-opacity":"","overlay-gradient":""},"tablet":{"background-color":"","background-image":"","background-repeat":"repeat","background-position":"center center","background-size":"auto","background-attachment":"scroll","background-type":"","background-media":"","overlay-type":"","overlay-color":"","overlay-opacity":"","overlay-gradient":""},"mobile":{"background-color":"","background-image":"","background-repeat":"repeat","background-position":"center center","background-size":"auto","background-attachment":"scroll","background-type":"","background-media":"","overlay-type":"","overlay-color":"","overlay-opacity":"","overlay-gradient":""}},"ast-content-background-meta":{"desktop":{"background-color":"var(--ast-global-color-5)","background-image":"","background-repeat":"repeat","background-position":"center center","background-size":"auto","background-attachment":"scroll","background-type":"","background-media":"","overlay-type":"","overlay-color":"","overlay-opacity":"","overlay-gradient":""},"tablet":{"background-color":"var(--ast-global-color-5)","background-image":"","background-repeat":"repeat","background-position":"center center","background-size":"auto","background-attachment":"scroll","background-type":"","background-media":"","overlay-type":"","overlay-color":"","overlay-opacity":"","overlay-gradient":""},"mobile":{"background-color":"var(--ast-global-color-5)","background-image":"","background-repeat":"repeat","background-position":"center center","background-size":"auto","background-attachment":"scroll","background-type":"","background-media":"","overlay-type":"","overlay-color":"","overlay-opacity":"","overlay-gradient":""}}},"product_brand":[],"product_cat":[182,193],"product_tag":[],"class_list":{"0":"post-12073","1":"product","2":"type-product","3":"status-publish","4":"has-post-thumbnail","6":"product_cat-_","7":"product_cat--_","8":"pa_-roman","9":"pa_-ferhad-pirbal","10":"pa_-kurmanci","11":"pa_--avesta-yayinlari","12":"desktop-align-left","13":"tablet-align-left","14":"mobile-align-left","16":"first","17":"instock","18":"shipping-taxable","19":"purchasable","20":"product-type-simple"},"yoast_head":"<!-- This site is optimized with the Yoast SEO plugin v27.4 - https:\/\/yoast.com\/product\/yoast-seo-wordpress\/ -->\n<title>Heft W\u00eaney\u00ee R\u00fbt\u00ee Jin\u00ee Cenab\u00ee Wez\u00eer -Ferhad P\u00eerbal - www.shanabooks.de<\/title>\n<meta name=\"description\" content=\"Heft W\u00eaney\u00ee R\u00fbt\u00ee Jin\u00ee Cenab\u00ee Wez\u00eer -Ferhad P\u00eerbal Eb\u00fb \u2018Ubeydey\u00ee Xeddam, bi esl\u00ea xwe Si\u00fbd\u00ee, Serok\u00ea R\u00eaxistineke Maf\u00ea Jinan Li Dubey, di heman dem\u00ea li baj...\" \/>\n<meta name=\"robots\" content=\"index, follow, max-snippet:-1, max-image-preview:large, max-video-preview:-1\" \/>\n<link rel=\"canonical\" href=\"https:\/\/shanabooks.de\/product\/heft-weneyi-ruti-jini-cenabi-wezir-ferhad-pirbal\/\" \/>\n<meta property=\"og:locale\" content=\"en_US\" \/>\n<meta property=\"og:type\" content=\"article\" \/>\n<meta property=\"og:title\" content=\"Heft W\u00eaney\u00ee R\u00fbt\u00ee Jin\u00ee Cenab\u00ee Wez\u00eer -Ferhad P\u00eerbal - www.shanabooks.de\" \/>\n<meta property=\"og:description\" content=\"Heft W\u00eaney\u00ee R\u00fbt\u00ee Jin\u00ee Cenab\u00ee Wez\u00eer -Ferhad P\u00eerbal Eb\u00fb \u2018Ubeydey\u00ee Xeddam, bi esl\u00ea xwe Si\u00fbd\u00ee, Serok\u00ea R\u00eaxistineke Maf\u00ea Jinan Li Dubey, di heman dem\u00ea li baj...\" \/>\n<meta property=\"og:url\" content=\"https:\/\/shanabooks.de\/product\/heft-weneyi-ruti-jini-cenabi-wezir-ferhad-pirbal\/\" \/>\n<meta property=\"og:site_name\" content=\"www.shanabooks.de\" \/>\n<meta property=\"article:modified_time\" content=\"2024-04-07T09:51:22+00:00\" \/>\n<meta property=\"og:image\" content=\"https:\/\/shanabooks.de\/wp-content\/uploads\/2024\/03\/Heft-Weney-ruti-cenabi-wezir.jpg\" \/>\n\t<meta property=\"og:image:width\" content=\"600\" \/>\n\t<meta property=\"og:image:height\" content=\"900\" \/>\n\t<meta property=\"og:image:type\" content=\"image\/jpeg\" \/>\n<meta name=\"twitter:card\" content=\"summary_large_image\" \/>\n<meta name=\"twitter:label1\" content=\"Est. reading time\" \/>\n\t<meta name=\"twitter:data1\" content=\"2 minutes\" \/>\n<script type=\"application\/ld+json\" class=\"yoast-schema-graph\">{\"@context\":\"https:\\\/\\\/schema.org\",\"@graph\":[{\"@type\":\"WebPage\",\"@id\":\"https:\\\/\\\/shanabooks.de\\\/product\\\/heft-weneyi-ruti-jini-cenabi-wezir-ferhad-pirbal\\\/\",\"url\":\"https:\\\/\\\/shanabooks.de\\\/product\\\/heft-weneyi-ruti-jini-cenabi-wezir-ferhad-pirbal\\\/\",\"name\":\"Heft W\u00eaney\u00ee R\u00fbt\u00ee Jin\u00ee Cenab\u00ee Wez\u00eer -Ferhad P\u00eerbal - www.shanabooks.de\",\"isPartOf\":{\"@id\":\"https:\\\/\\\/shanabooks.de\\\/#website\"},\"primaryImageOfPage\":{\"@id\":\"https:\\\/\\\/shanabooks.de\\\/product\\\/heft-weneyi-ruti-jini-cenabi-wezir-ferhad-pirbal\\\/#primaryimage\"},\"image\":{\"@id\":\"https:\\\/\\\/shanabooks.de\\\/product\\\/heft-weneyi-ruti-jini-cenabi-wezir-ferhad-pirbal\\\/#primaryimage\"},\"thumbnailUrl\":\"https:\\\/\\\/shanabooks.de\\\/wp-content\\\/uploads\\\/2024\\\/03\\\/Heft-Weney-ruti-cenabi-wezir.jpg\",\"datePublished\":\"2024-03-03T19:40:27+00:00\",\"dateModified\":\"2024-04-07T09:51:22+00:00\",\"description\":\"Heft W\u00eaney\u00ee R\u00fbt\u00ee Jin\u00ee Cenab\u00ee Wez\u00eer -Ferhad P\u00eerbal Eb\u00fb \u2018Ubeydey\u00ee Xeddam, bi esl\u00ea xwe Si\u00fbd\u00ee, Serok\u00ea R\u00eaxistineke Maf\u00ea Jinan Li Dubey, di heman dem\u00ea li baj...\",\"breadcrumb\":{\"@id\":\"https:\\\/\\\/shanabooks.de\\\/product\\\/heft-weneyi-ruti-jini-cenabi-wezir-ferhad-pirbal\\\/#breadcrumb\"},\"inLanguage\":\"kur\",\"potentialAction\":[{\"@type\":\"ReadAction\",\"target\":[\"https:\\\/\\\/shanabooks.de\\\/product\\\/heft-weneyi-ruti-jini-cenabi-wezir-ferhad-pirbal\\\/\"]}]},{\"@type\":\"ImageObject\",\"inLanguage\":\"kur\",\"@id\":\"https:\\\/\\\/shanabooks.de\\\/product\\\/heft-weneyi-ruti-jini-cenabi-wezir-ferhad-pirbal\\\/#primaryimage\",\"url\":\"https:\\\/\\\/shanabooks.de\\\/wp-content\\\/uploads\\\/2024\\\/03\\\/Heft-Weney-ruti-cenabi-wezir.jpg\",\"contentUrl\":\"https:\\\/\\\/shanabooks.de\\\/wp-content\\\/uploads\\\/2024\\\/03\\\/Heft-Weney-ruti-cenabi-wezir.jpg\",\"width\":600,\"height\":900,\"caption\":\"Heft W\u00eaney\u00ee R\u00fbt\u00ee Jin\u00ee Cenab\u00ee Wez\u00eer -Ferhad P\u00eerbal - pirt\u00fbk\u00ean kurd\u00ee - roman\"},{\"@type\":\"BreadcrumbList\",\"@id\":\"https:\\\/\\\/shanabooks.de\\\/product\\\/heft-weneyi-ruti-jini-cenabi-wezir-ferhad-pirbal\\\/#breadcrumb\",\"itemListElement\":[{\"@type\":\"ListItem\",\"position\":1,\"name\":\"\u0627\u0644\u0631\u0626\u064a\u0633\u064a\u0629\",\"item\":\"https:\\\/\\\/shanabooks.de\\\/kur\\\/\"},{\"@type\":\"ListItem\",\"position\":2,\"name\":\"\u0627\u0644\u0645\u0646\u062a\u062c\u0627\u062a\",\"item\":\"https:\\\/\\\/shanabooks.de\\\/shop\\\/\"},{\"@type\":\"ListItem\",\"position\":3,\"name\":\"Heft W\u00eaney\u00ee R\u00fbt\u00ee Jin\u00ee Cenab\u00ee Wez\u00eer\"}]},{\"@type\":\"WebSite\",\"@id\":\"https:\\\/\\\/shanabooks.de\\\/#website\",\"url\":\"https:\\\/\\\/shanabooks.de\\\/\",\"name\":\"www.shanbooks.de\",\"description\":\"C\u00eehana Pirt\u00fbk\u00ean Kurd\u00ee \u0645\u0643\u062a\u0628\u0629 \u0634\u0627\u0646\u0627 \u0641\u064a \u0627\u0644\u0645\u0627\u0646\u064a\u0627 \u0648\u0623\u0648\u0631\u0628\u0627\",\"publisher\":{\"@id\":\"https:\\\/\\\/shanabooks.de\\\/#organization\"},\"potentialAction\":[{\"@type\":\"SearchAction\",\"target\":{\"@type\":\"EntryPoint\",\"urlTemplate\":\"https:\\\/\\\/shanabooks.de\\\/?s={search_term_string}\"},\"query-input\":{\"@type\":\"PropertyValueSpecification\",\"valueRequired\":true,\"valueName\":\"search_term_string\"}}],\"inLanguage\":\"kur\"},{\"@type\":\"Organization\",\"@id\":\"https:\\\/\\\/shanabooks.de\\\/#organization\",\"name\":\"www.shanbooks.de\",\"url\":\"https:\\\/\\\/shanabooks.de\\\/\",\"logo\":{\"@type\":\"ImageObject\",\"inLanguage\":\"kur\",\"@id\":\"https:\\\/\\\/shanabooks.de\\\/#\\\/schema\\\/logo\\\/image\\\/\",\"url\":\"https:\\\/\\\/shanabooks.de\\\/wp-content\\\/uploads\\\/2024\\\/03\\\/SHANABOOKS__2_-removebg-preview.png\",\"contentUrl\":\"https:\\\/\\\/shanabooks.de\\\/wp-content\\\/uploads\\\/2024\\\/03\\\/SHANABOOKS__2_-removebg-preview.png\",\"width\":700,\"height\":150,\"caption\":\"www.shanbooks.de\"},\"image\":{\"@id\":\"https:\\\/\\\/shanabooks.de\\\/#\\\/schema\\\/logo\\\/image\\\/\"}}]}<\/script>\n<!-- \/ Yoast SEO plugin. -->","yoast_head_json":{"title":"Heft W\u00eaney\u00ee R\u00fbt\u00ee Jin\u00ee Cenab\u00ee Wez\u00eer -Ferhad P\u00eerbal - www.shanabooks.de","description":"Heft W\u00eaney\u00ee R\u00fbt\u00ee Jin\u00ee Cenab\u00ee Wez\u00eer -Ferhad P\u00eerbal Eb\u00fb \u2018Ubeydey\u00ee Xeddam, bi esl\u00ea xwe Si\u00fbd\u00ee, Serok\u00ea R\u00eaxistineke Maf\u00ea Jinan Li Dubey, di heman dem\u00ea li baj...","robots":{"index":"index","follow":"follow","max-snippet":"max-snippet:-1","max-image-preview":"max-image-preview:large","max-video-preview":"max-video-preview:-1"},"canonical":"https:\/\/shanabooks.de\/product\/heft-weneyi-ruti-jini-cenabi-wezir-ferhad-pirbal\/","og_locale":"en_US","og_type":"article","og_title":"Heft W\u00eaney\u00ee R\u00fbt\u00ee Jin\u00ee Cenab\u00ee Wez\u00eer -Ferhad P\u00eerbal - www.shanabooks.de","og_description":"Heft W\u00eaney\u00ee R\u00fbt\u00ee Jin\u00ee Cenab\u00ee Wez\u00eer -Ferhad P\u00eerbal Eb\u00fb \u2018Ubeydey\u00ee Xeddam, bi esl\u00ea xwe Si\u00fbd\u00ee, Serok\u00ea R\u00eaxistineke Maf\u00ea Jinan Li Dubey, di heman dem\u00ea li baj...","og_url":"https:\/\/shanabooks.de\/product\/heft-weneyi-ruti-jini-cenabi-wezir-ferhad-pirbal\/","og_site_name":"www.shanabooks.de","article_modified_time":"2024-04-07T09:51:22+00:00","og_image":[{"width":600,"height":900,"url":"https:\/\/shanabooks.de\/wp-content\/uploads\/2024\/03\/Heft-Weney-ruti-cenabi-wezir.jpg","type":"image\/jpeg"}],"twitter_card":"summary_large_image","twitter_misc":{"Est. reading time":"2 minutes"},"schema":{"@context":"https:\/\/schema.org","@graph":[{"@type":"WebPage","@id":"https:\/\/shanabooks.de\/product\/heft-weneyi-ruti-jini-cenabi-wezir-ferhad-pirbal\/","url":"https:\/\/shanabooks.de\/product\/heft-weneyi-ruti-jini-cenabi-wezir-ferhad-pirbal\/","name":"Heft W\u00eaney\u00ee R\u00fbt\u00ee Jin\u00ee Cenab\u00ee Wez\u00eer -Ferhad P\u00eerbal - www.shanabooks.de","isPartOf":{"@id":"https:\/\/shanabooks.de\/#website"},"primaryImageOfPage":{"@id":"https:\/\/shanabooks.de\/product\/heft-weneyi-ruti-jini-cenabi-wezir-ferhad-pirbal\/#primaryimage"},"image":{"@id":"https:\/\/shanabooks.de\/product\/heft-weneyi-ruti-jini-cenabi-wezir-ferhad-pirbal\/#primaryimage"},"thumbnailUrl":"https:\/\/shanabooks.de\/wp-content\/uploads\/2024\/03\/Heft-Weney-ruti-cenabi-wezir.jpg","datePublished":"2024-03-03T19:40:27+00:00","dateModified":"2024-04-07T09:51:22+00:00","description":"Heft W\u00eaney\u00ee R\u00fbt\u00ee Jin\u00ee Cenab\u00ee Wez\u00eer -Ferhad P\u00eerbal Eb\u00fb \u2018Ubeydey\u00ee Xeddam, bi esl\u00ea xwe Si\u00fbd\u00ee, Serok\u00ea R\u00eaxistineke Maf\u00ea Jinan Li Dubey, di heman dem\u00ea li baj...","breadcrumb":{"@id":"https:\/\/shanabooks.de\/product\/heft-weneyi-ruti-jini-cenabi-wezir-ferhad-pirbal\/#breadcrumb"},"inLanguage":"kur","potentialAction":[{"@type":"ReadAction","target":["https:\/\/shanabooks.de\/product\/heft-weneyi-ruti-jini-cenabi-wezir-ferhad-pirbal\/"]}]},{"@type":"ImageObject","inLanguage":"kur","@id":"https:\/\/shanabooks.de\/product\/heft-weneyi-ruti-jini-cenabi-wezir-ferhad-pirbal\/#primaryimage","url":"https:\/\/shanabooks.de\/wp-content\/uploads\/2024\/03\/Heft-Weney-ruti-cenabi-wezir.jpg","contentUrl":"https:\/\/shanabooks.de\/wp-content\/uploads\/2024\/03\/Heft-Weney-ruti-cenabi-wezir.jpg","width":600,"height":900,"caption":"Heft W\u00eaney\u00ee R\u00fbt\u00ee Jin\u00ee Cenab\u00ee Wez\u00eer -Ferhad P\u00eerbal - pirt\u00fbk\u00ean kurd\u00ee - roman"},{"@type":"BreadcrumbList","@id":"https:\/\/shanabooks.de\/product\/heft-weneyi-ruti-jini-cenabi-wezir-ferhad-pirbal\/#breadcrumb","itemListElement":[{"@type":"ListItem","position":1,"name":"\u0627\u0644\u0631\u0626\u064a\u0633\u064a\u0629","item":"https:\/\/shanabooks.de\/kur\/"},{"@type":"ListItem","position":2,"name":"\u0627\u0644\u0645\u0646\u062a\u062c\u0627\u062a","item":"https:\/\/shanabooks.de\/shop\/"},{"@type":"ListItem","position":3,"name":"Heft W\u00eaney\u00ee R\u00fbt\u00ee Jin\u00ee Cenab\u00ee Wez\u00eer"}]},{"@type":"WebSite","@id":"https:\/\/shanabooks.de\/#website","url":"https:\/\/shanabooks.de\/","name":"www.shanbooks.de","description":"C\u00eehana Pirt\u00fbk\u00ean Kurd\u00ee \u0645\u0643\u062a\u0628\u0629 \u0634\u0627\u0646\u0627 \u0641\u064a \u0627\u0644\u0645\u0627\u0646\u064a\u0627 \u0648\u0623\u0648\u0631\u0628\u0627","publisher":{"@id":"https:\/\/shanabooks.de\/#organization"},"potentialAction":[{"@type":"SearchAction","target":{"@type":"EntryPoint","urlTemplate":"https:\/\/shanabooks.de\/?s={search_term_string}"},"query-input":{"@type":"PropertyValueSpecification","valueRequired":true,"valueName":"search_term_string"}}],"inLanguage":"kur"},{"@type":"Organization","@id":"https:\/\/shanabooks.de\/#organization","name":"www.shanbooks.de","url":"https:\/\/shanabooks.de\/","logo":{"@type":"ImageObject","inLanguage":"kur","@id":"https:\/\/shanabooks.de\/#\/schema\/logo\/image\/","url":"https:\/\/shanabooks.de\/wp-content\/uploads\/2024\/03\/SHANABOOKS__2_-removebg-preview.png","contentUrl":"https:\/\/shanabooks.de\/wp-content\/uploads\/2024\/03\/SHANABOOKS__2_-removebg-preview.png","width":700,"height":150,"caption":"www.shanbooks.de"},"image":{"@id":"https:\/\/shanabooks.de\/#\/schema\/logo\/image\/"}}]}},"jetpack_sharing_enabled":true,"_links":{"self":[{"href":"https:\/\/shanabooks.de\/kur\/wp-json\/wp\/v2\/product\/12073","targetHints":{"allow":["GET"]}}],"collection":[{"href":"https:\/\/shanabooks.de\/kur\/wp-json\/wp\/v2\/product"}],"about":[{"href":"https:\/\/shanabooks.de\/kur\/wp-json\/wp\/v2\/types\/product"}],"version-history":[{"count":3,"href":"https:\/\/shanabooks.de\/kur\/wp-json\/wp\/v2\/product\/12073\/revisions"}],"predecessor-version":[{"id":23070,"href":"https:\/\/shanabooks.de\/kur\/wp-json\/wp\/v2\/product\/12073\/revisions\/23070"}],"wp:featuredmedia":[{"embeddable":true,"href":"https:\/\/shanabooks.de\/kur\/wp-json\/wp\/v2\/media\/12135"}],"wp:attachment":[{"href":"https:\/\/shanabooks.de\/kur\/wp-json\/wp\/v2\/media?parent=12073"}],"wp:term":[{"taxonomy":"product_brand","embeddable":true,"href":"https:\/\/shanabooks.de\/kur\/wp-json\/wp\/v2\/product_brand?post=12073"},{"taxonomy":"product_cat","embeddable":true,"href":"https:\/\/shanabooks.de\/kur\/wp-json\/wp\/v2\/product_cat?post=12073"},{"taxonomy":"product_tag","embeddable":true,"href":"https:\/\/shanabooks.de\/kur\/wp-json\/wp\/v2\/product_tag?post=12073"}],"curies":[{"name":"wp","href":"https:\/\/api.w.org\/{rel}","templated":true}]}}