{"id":12079,"date":"2024-03-03T19:40:28","date_gmt":"2024-03-03T19:40:28","guid":{"rendered":"https:\/\/shanabooks.de\/?post_type=product&#038;p=12079"},"modified":"2026-01-02T19:22:47","modified_gmt":"2026-01-02T19:22:47","slug":"cilken-penuse-dilawer-zeraq","status":"publish","type":"product","link":"https:\/\/shanabooks.de\/kur\/product\/cilken-penuse-dilawer-zeraq\/","title":{"rendered":"\u00c7ilk\u00ean P\u00ean\u00fbs\u00ea"},"content":{"rendered":"<p dir=\"ltr\"><strong>\u00c7ilk\u00ean P\u00ean\u00fbs\u00ea &#8211; Dilawer Zeraq<\/strong><\/p>\n<p dir=\"ltr\">Dilawer Zeraq, tevna kurte\u00e7\u00eerok\u00ean di \u00c7ilk\u00ean P\u00ean\u00fbs\u00ea de, bi tekn\u00eek \u00fb metoda \u2018firehkirina k\u00ealiy\u00ea&#8217; ya ku Jorge Luis Borges ew bid\u00ea\u00fbbav kiriye, saz kiriye. Di v\u00ea pirt\u00fbk\u00ea de, k\u00ealiya ku di dema fireh de t\u00ea firehkirin \u00fb bi tevn \u00fb vegotina her \u00e7\u00eerok\u00ea re bi awayek\u00ee d\u00eetir t\u00ea h\u00eeskirin \u00fb bi firehb\u00fbna xwe re j\u00ee dibe sedem \u00fb al\u00eekar ku rew\u015f\u00ean mirovane, y\u00ean wek\u00ee t\u00eak\u00e7\u00fby\u00een, k\u00eafxwe\u015f\u00ee, xemg\u00een\u00ee, ten\u00eat\u00ee, parve(ne)kirin, n\u00eazikb\u00fbn\u00ean ligel d\u00fbrahiy\u00ea, co\u015fdariya di nav xemg\u00eeniy\u00ea de, ev\u00eena di nav t\u00eak\u00e7\u00fby\u00een\u00ea de, hezkirina di nav ten\u00eatiy\u00ea de, b\u00ean zim\u00ean.<\/p>\n<p dir=\"ltr\">\u00c7ilk\u00ean P\u00ean\u00fbs\u00ea, ji \u00e7\u00eerok\u00ean ku dil\u00een\u00ean di xwe de as\u00ea mane \u00fb ji \u00e7\u00eerok\u00ean dilev\u00eeniy\u00ea p\u00eak t\u00ea. Di \u00e7\u00eerok\u00ean pirt\u00fbk\u00ea de, ji \u00e7\u00eeroka xav a ev\u00een\u00ean ku hatine jiyandin z\u00eadetir, reng \u00fb \u00e7awab\u00fbna \u015fop \u00fb hest \u00fb derb \u00fb p\u00eajn\u00ean ev\u00eeniy\u00ea xwe dide der; \u00fb p\u00ea re j\u00ee \u00ea\u015f \u00fb xwe\u015f\u00ee \u00fb bextewar\u00ee \u00fb kambax\u00ee \u00fb t\u00eak\u00e7\u00fbn\u00ean ev\u00eeniy\u00ea didin d\u00fb hev \u00fb digel hev h\u00eal\u00eenek\u00ea ava dikin; \u00fb hem\u00fb \u00e7\u00eerok\u00ean di pirt\u00fbk\u00ea de ber\u00ea me didin v\u00ea h\u00eal\u00een\u00ea; \u00fb em bi xwendina her \u00e7\u00eerok\u00ea b\u00eatir di v\u00ea h\u00eal\u00een\u00ea de c\u00ee li xwe xwe\u015f dikin.<br \/>\n\u00c7\u00eerok\u00ean di pirt\u00fbka \u00c7ilk\u00ean P\u00ean\u00fbs\u00ea de c\u00ee dane xwe, bi zimanek\u00ee h\u00ea\u00e7aney\u00ee ku n\u00eaz\u00ee vegotineke helbest\u00ee ye, hatine niv\u00ees\u00een. L\u00ea bel\u00ea \u00e7\u00eerok neketine nav \u015f\u00eepa helbest\u00ea \u00fb bi ziman\u00ea vegotin\u00ea ku hatiye bikaran\u00een, mane wek\u00ee rab\u00eajeke \u00e7\u00eerok\u00ee.<\/p>\n<p dir=\"ltr\">\n","protected":false},"excerpt":{"rendered":"<p dir=\"ltr\" style=\"text-align: center\"><strong>Pirt\u00fbk: \u00c7ilk\u00ean P\u00ean\u00fbs\u00ea<br \/>\nNiv\u00eeskar: Dilawer Zeraq<\/strong><br \/>\n<strong>Cure: \u00c7\u00eerok<\/strong><\/p>\n","protected":false},"featured_media":12148,"template":"","meta":{"site-sidebar-layout":"default","site-content-layout":"","ast-site-content-layout":"default","site-content-style":"default","site-sidebar-style":"default","ast-global-header-display":"","ast-banner-title-visibility":"","ast-main-header-display":"","ast-hfb-above-header-display":"","ast-hfb-below-header-display":"","ast-hfb-mobile-header-display":"","site-post-title":"","ast-breadcrumbs-content":"","ast-featured-img":"","footer-sml-layout":"","ast-disable-related-posts":"","theme-transparent-header-meta":"default","adv-header-id-meta":"","stick-header-meta":"","header-above-stick-meta":"","header-main-stick-meta":"","header-below-stick-meta":"","astra-migrate-meta-layouts":"set","ast-page-background-enabled":"default","ast-page-background-meta":{"desktop":{"background-color":"","background-image":"","background-repeat":"repeat","background-position":"center center","background-size":"auto","background-attachment":"scroll","background-type":"","background-media":"","overlay-type":"","overlay-color":"","overlay-opacity":"","overlay-gradient":""},"tablet":{"background-color":"","background-image":"","background-repeat":"repeat","background-position":"center center","background-size":"auto","background-attachment":"scroll","background-type":"","background-media":"","overlay-type":"","overlay-color":"","overlay-opacity":"","overlay-gradient":""},"mobile":{"background-color":"","background-image":"","background-repeat":"repeat","background-position":"center center","background-size":"auto","background-attachment":"scroll","background-type":"","background-media":"","overlay-type":"","overlay-color":"","overlay-opacity":"","overlay-gradient":""}},"ast-content-background-meta":{"desktop":{"background-color":"var(--ast-global-color-5)","background-image":"","background-repeat":"repeat","background-position":"center center","background-size":"auto","background-attachment":"scroll","background-type":"","background-media":"","overlay-type":"","overlay-color":"","overlay-opacity":"","overlay-gradient":""},"tablet":{"background-color":"var(--ast-global-color-5)","background-image":"","background-repeat":"repeat","background-position":"center center","background-size":"auto","background-attachment":"scroll","background-type":"","background-media":"","overlay-type":"","overlay-color":"","overlay-opacity":"","overlay-gradient":""},"mobile":{"background-color":"var(--ast-global-color-5)","background-image":"","background-repeat":"repeat","background-position":"center center","background-size":"auto","background-attachment":"scroll","background-type":"","background-media":"","overlay-type":"","overlay-color":"","overlay-opacity":"","overlay-gradient":""}}},"product_brand":[],"product_cat":[183,193],"product_tag":[],"class_list":{"0":"post-12079","1":"product","2":"type-product","3":"status-publish","4":"has-post-thumbnail","6":"product_cat-_","7":"product_cat--_","8":"pa_-cirok","9":"pa_-dilawer-zeraq","10":"pa_-kurmanci","11":"pa_--lis-yayinevi","12":"desktop-align-left","13":"tablet-align-left","14":"mobile-align-left","16":"first","17":"instock","18":"shipping-taxable","19":"purchasable","20":"product-type-simple"},"yoast_head":"<!-- This site is optimized with the Yoast SEO plugin v27.4 - https:\/\/yoast.com\/product\/yoast-seo-wordpress\/ -->\n<title>\u00c7ilk\u00ean P\u00ean\u00fbs\u00ea - Dilawer Zeraq - www.shanabooks.de<\/title>\n<meta name=\"description\" content=\"\u00c7ilk\u00ean P\u00ean\u00fbs\u00ea - Dilawer Zeraq Dilawer Zeraq, tevna kurte\u00e7\u00eerok\u00ean di \u00c7ilk\u00ean P\u00ean\u00fbs\u00ea de, bi tekn\u00eek \u00fb metoda \u2018firehkirina k\u00ealiy\u00ea&#039; ya ku Jorge Luis Borges ew ...\" \/>\n<meta name=\"robots\" content=\"index, follow, max-snippet:-1, max-image-preview:large, max-video-preview:-1\" \/>\n<link rel=\"canonical\" href=\"https:\/\/shanabooks.de\/product\/cilken-penuse-dilawer-zeraq\/\" \/>\n<meta property=\"og:locale\" content=\"en_US\" \/>\n<meta property=\"og:type\" content=\"article\" \/>\n<meta property=\"og:title\" content=\"\u00c7ilk\u00ean P\u00ean\u00fbs\u00ea - Dilawer Zeraq - www.shanabooks.de\" \/>\n<meta property=\"og:description\" content=\"\u00c7ilk\u00ean P\u00ean\u00fbs\u00ea - Dilawer Zeraq Dilawer Zeraq, tevna kurte\u00e7\u00eerok\u00ean di \u00c7ilk\u00ean P\u00ean\u00fbs\u00ea de, bi tekn\u00eek \u00fb metoda \u2018firehkirina k\u00ealiy\u00ea&#039; ya ku Jorge Luis Borges ew ...\" \/>\n<meta property=\"og:url\" content=\"https:\/\/shanabooks.de\/product\/cilken-penuse-dilawer-zeraq\/\" \/>\n<meta property=\"og:site_name\" content=\"www.shanabooks.de\" \/>\n<meta property=\"article:modified_time\" content=\"2026-01-02T19:22:47+00:00\" \/>\n<meta property=\"og:image\" content=\"https:\/\/shanabooks.de\/wp-content\/uploads\/2024\/03\/cilken-penuse-lis.png\" \/>\n\t<meta property=\"og:image:width\" content=\"466\" \/>\n\t<meta property=\"og:image:height\" content=\"703\" \/>\n\t<meta property=\"og:image:type\" content=\"image\/png\" \/>\n<meta name=\"twitter:card\" content=\"summary_large_image\" \/>\n<meta name=\"twitter:label1\" content=\"Est. reading time\" \/>\n\t<meta name=\"twitter:data1\" content=\"2 minutes\" \/>\n<script type=\"application\/ld+json\" class=\"yoast-schema-graph\">{\"@context\":\"https:\\\/\\\/schema.org\",\"@graph\":[{\"@type\":\"WebPage\",\"@id\":\"https:\\\/\\\/shanabooks.de\\\/product\\\/cilken-penuse-dilawer-zeraq\\\/\",\"url\":\"https:\\\/\\\/shanabooks.de\\\/product\\\/cilken-penuse-dilawer-zeraq\\\/\",\"name\":\"\u00c7ilk\u00ean P\u00ean\u00fbs\u00ea - Dilawer Zeraq - www.shanabooks.de\",\"isPartOf\":{\"@id\":\"https:\\\/\\\/shanabooks.de\\\/#website\"},\"primaryImageOfPage\":{\"@id\":\"https:\\\/\\\/shanabooks.de\\\/product\\\/cilken-penuse-dilawer-zeraq\\\/#primaryimage\"},\"image\":{\"@id\":\"https:\\\/\\\/shanabooks.de\\\/product\\\/cilken-penuse-dilawer-zeraq\\\/#primaryimage\"},\"thumbnailUrl\":\"https:\\\/\\\/shanabooks.de\\\/wp-content\\\/uploads\\\/2024\\\/03\\\/cilken-penuse-lis.png\",\"datePublished\":\"2024-03-03T19:40:28+00:00\",\"dateModified\":\"2026-01-02T19:22:47+00:00\",\"description\":\"\u00c7ilk\u00ean P\u00ean\u00fbs\u00ea - Dilawer Zeraq Dilawer Zeraq, tevna kurte\u00e7\u00eerok\u00ean di \u00c7ilk\u00ean P\u00ean\u00fbs\u00ea de, bi tekn\u00eek \u00fb metoda \u2018firehkirina k\u00ealiy\u00ea' ya ku Jorge Luis Borges ew ...\",\"breadcrumb\":{\"@id\":\"https:\\\/\\\/shanabooks.de\\\/product\\\/cilken-penuse-dilawer-zeraq\\\/#breadcrumb\"},\"inLanguage\":\"kur\",\"potentialAction\":[{\"@type\":\"ReadAction\",\"target\":[\"https:\\\/\\\/shanabooks.de\\\/product\\\/cilken-penuse-dilawer-zeraq\\\/\"]}]},{\"@type\":\"ImageObject\",\"inLanguage\":\"kur\",\"@id\":\"https:\\\/\\\/shanabooks.de\\\/product\\\/cilken-penuse-dilawer-zeraq\\\/#primaryimage\",\"url\":\"https:\\\/\\\/shanabooks.de\\\/wp-content\\\/uploads\\\/2024\\\/03\\\/cilken-penuse-lis.png\",\"contentUrl\":\"https:\\\/\\\/shanabooks.de\\\/wp-content\\\/uploads\\\/2024\\\/03\\\/cilken-penuse-lis.png\",\"width\":466,\"height\":703,\"caption\":\"\u00c7ilk\u00ean P\u00ean\u00fbs\u00ea - Dilawer Zeraq - pirt\u00fbk\u00ean kurd\u00ee - \u00e7\u00eerok\"},{\"@type\":\"BreadcrumbList\",\"@id\":\"https:\\\/\\\/shanabooks.de\\\/product\\\/cilken-penuse-dilawer-zeraq\\\/#breadcrumb\",\"itemListElement\":[{\"@type\":\"ListItem\",\"position\":1,\"name\":\"\u0627\u0644\u0631\u0626\u064a\u0633\u064a\u0629\",\"item\":\"https:\\\/\\\/shanabooks.de\\\/kur\\\/\"},{\"@type\":\"ListItem\",\"position\":2,\"name\":\"\u0627\u0644\u0645\u0646\u062a\u062c\u0627\u062a\",\"item\":\"https:\\\/\\\/shanabooks.de\\\/shop\\\/\"},{\"@type\":\"ListItem\",\"position\":3,\"name\":\"\u00c7ilk\u00ean P\u00ean\u00fbs\u00ea\"}]},{\"@type\":\"WebSite\",\"@id\":\"https:\\\/\\\/shanabooks.de\\\/#website\",\"url\":\"https:\\\/\\\/shanabooks.de\\\/\",\"name\":\"www.shanbooks.de\",\"description\":\"C\u00eehana Pirt\u00fbk\u00ean Kurd\u00ee \u0645\u0643\u062a\u0628\u0629 \u0634\u0627\u0646\u0627 \u0641\u064a \u0627\u0644\u0645\u0627\u0646\u064a\u0627 \u0648\u0623\u0648\u0631\u0628\u0627\",\"publisher\":{\"@id\":\"https:\\\/\\\/shanabooks.de\\\/#organization\"},\"potentialAction\":[{\"@type\":\"SearchAction\",\"target\":{\"@type\":\"EntryPoint\",\"urlTemplate\":\"https:\\\/\\\/shanabooks.de\\\/?s={search_term_string}\"},\"query-input\":{\"@type\":\"PropertyValueSpecification\",\"valueRequired\":true,\"valueName\":\"search_term_string\"}}],\"inLanguage\":\"kur\"},{\"@type\":\"Organization\",\"@id\":\"https:\\\/\\\/shanabooks.de\\\/#organization\",\"name\":\"www.shanbooks.de\",\"url\":\"https:\\\/\\\/shanabooks.de\\\/\",\"logo\":{\"@type\":\"ImageObject\",\"inLanguage\":\"kur\",\"@id\":\"https:\\\/\\\/shanabooks.de\\\/#\\\/schema\\\/logo\\\/image\\\/\",\"url\":\"https:\\\/\\\/shanabooks.de\\\/wp-content\\\/uploads\\\/2024\\\/03\\\/SHANABOOKS__2_-removebg-preview.png\",\"contentUrl\":\"https:\\\/\\\/shanabooks.de\\\/wp-content\\\/uploads\\\/2024\\\/03\\\/SHANABOOKS__2_-removebg-preview.png\",\"width\":700,\"height\":150,\"caption\":\"www.shanbooks.de\"},\"image\":{\"@id\":\"https:\\\/\\\/shanabooks.de\\\/#\\\/schema\\\/logo\\\/image\\\/\"}}]}<\/script>\n<!-- \/ Yoast SEO plugin. -->","yoast_head_json":{"title":"\u00c7ilk\u00ean P\u00ean\u00fbs\u00ea - Dilawer Zeraq - www.shanabooks.de","description":"\u00c7ilk\u00ean P\u00ean\u00fbs\u00ea - Dilawer Zeraq Dilawer Zeraq, tevna kurte\u00e7\u00eerok\u00ean di \u00c7ilk\u00ean P\u00ean\u00fbs\u00ea de, bi tekn\u00eek \u00fb metoda \u2018firehkirina k\u00ealiy\u00ea' ya ku Jorge Luis Borges ew ...","robots":{"index":"index","follow":"follow","max-snippet":"max-snippet:-1","max-image-preview":"max-image-preview:large","max-video-preview":"max-video-preview:-1"},"canonical":"https:\/\/shanabooks.de\/product\/cilken-penuse-dilawer-zeraq\/","og_locale":"en_US","og_type":"article","og_title":"\u00c7ilk\u00ean P\u00ean\u00fbs\u00ea - Dilawer Zeraq - www.shanabooks.de","og_description":"\u00c7ilk\u00ean P\u00ean\u00fbs\u00ea - Dilawer Zeraq Dilawer Zeraq, tevna kurte\u00e7\u00eerok\u00ean di \u00c7ilk\u00ean P\u00ean\u00fbs\u00ea de, bi tekn\u00eek \u00fb metoda \u2018firehkirina k\u00ealiy\u00ea' ya ku Jorge Luis Borges ew ...","og_url":"https:\/\/shanabooks.de\/product\/cilken-penuse-dilawer-zeraq\/","og_site_name":"www.shanabooks.de","article_modified_time":"2026-01-02T19:22:47+00:00","og_image":[{"width":466,"height":703,"url":"https:\/\/shanabooks.de\/wp-content\/uploads\/2024\/03\/cilken-penuse-lis.png","type":"image\/png"}],"twitter_card":"summary_large_image","twitter_misc":{"Est. reading time":"2 minutes"},"schema":{"@context":"https:\/\/schema.org","@graph":[{"@type":"WebPage","@id":"https:\/\/shanabooks.de\/product\/cilken-penuse-dilawer-zeraq\/","url":"https:\/\/shanabooks.de\/product\/cilken-penuse-dilawer-zeraq\/","name":"\u00c7ilk\u00ean P\u00ean\u00fbs\u00ea - Dilawer Zeraq - www.shanabooks.de","isPartOf":{"@id":"https:\/\/shanabooks.de\/#website"},"primaryImageOfPage":{"@id":"https:\/\/shanabooks.de\/product\/cilken-penuse-dilawer-zeraq\/#primaryimage"},"image":{"@id":"https:\/\/shanabooks.de\/product\/cilken-penuse-dilawer-zeraq\/#primaryimage"},"thumbnailUrl":"https:\/\/shanabooks.de\/wp-content\/uploads\/2024\/03\/cilken-penuse-lis.png","datePublished":"2024-03-03T19:40:28+00:00","dateModified":"2026-01-02T19:22:47+00:00","description":"\u00c7ilk\u00ean P\u00ean\u00fbs\u00ea - Dilawer Zeraq Dilawer Zeraq, tevna kurte\u00e7\u00eerok\u00ean di \u00c7ilk\u00ean P\u00ean\u00fbs\u00ea de, bi tekn\u00eek \u00fb metoda \u2018firehkirina k\u00ealiy\u00ea' ya ku Jorge Luis Borges ew ...","breadcrumb":{"@id":"https:\/\/shanabooks.de\/product\/cilken-penuse-dilawer-zeraq\/#breadcrumb"},"inLanguage":"kur","potentialAction":[{"@type":"ReadAction","target":["https:\/\/shanabooks.de\/product\/cilken-penuse-dilawer-zeraq\/"]}]},{"@type":"ImageObject","inLanguage":"kur","@id":"https:\/\/shanabooks.de\/product\/cilken-penuse-dilawer-zeraq\/#primaryimage","url":"https:\/\/shanabooks.de\/wp-content\/uploads\/2024\/03\/cilken-penuse-lis.png","contentUrl":"https:\/\/shanabooks.de\/wp-content\/uploads\/2024\/03\/cilken-penuse-lis.png","width":466,"height":703,"caption":"\u00c7ilk\u00ean P\u00ean\u00fbs\u00ea - Dilawer Zeraq - pirt\u00fbk\u00ean kurd\u00ee - \u00e7\u00eerok"},{"@type":"BreadcrumbList","@id":"https:\/\/shanabooks.de\/product\/cilken-penuse-dilawer-zeraq\/#breadcrumb","itemListElement":[{"@type":"ListItem","position":1,"name":"\u0627\u0644\u0631\u0626\u064a\u0633\u064a\u0629","item":"https:\/\/shanabooks.de\/kur\/"},{"@type":"ListItem","position":2,"name":"\u0627\u0644\u0645\u0646\u062a\u062c\u0627\u062a","item":"https:\/\/shanabooks.de\/shop\/"},{"@type":"ListItem","position":3,"name":"\u00c7ilk\u00ean P\u00ean\u00fbs\u00ea"}]},{"@type":"WebSite","@id":"https:\/\/shanabooks.de\/#website","url":"https:\/\/shanabooks.de\/","name":"www.shanbooks.de","description":"C\u00eehana Pirt\u00fbk\u00ean Kurd\u00ee \u0645\u0643\u062a\u0628\u0629 \u0634\u0627\u0646\u0627 \u0641\u064a \u0627\u0644\u0645\u0627\u0646\u064a\u0627 \u0648\u0623\u0648\u0631\u0628\u0627","publisher":{"@id":"https:\/\/shanabooks.de\/#organization"},"potentialAction":[{"@type":"SearchAction","target":{"@type":"EntryPoint","urlTemplate":"https:\/\/shanabooks.de\/?s={search_term_string}"},"query-input":{"@type":"PropertyValueSpecification","valueRequired":true,"valueName":"search_term_string"}}],"inLanguage":"kur"},{"@type":"Organization","@id":"https:\/\/shanabooks.de\/#organization","name":"www.shanbooks.de","url":"https:\/\/shanabooks.de\/","logo":{"@type":"ImageObject","inLanguage":"kur","@id":"https:\/\/shanabooks.de\/#\/schema\/logo\/image\/","url":"https:\/\/shanabooks.de\/wp-content\/uploads\/2024\/03\/SHANABOOKS__2_-removebg-preview.png","contentUrl":"https:\/\/shanabooks.de\/wp-content\/uploads\/2024\/03\/SHANABOOKS__2_-removebg-preview.png","width":700,"height":150,"caption":"www.shanbooks.de"},"image":{"@id":"https:\/\/shanabooks.de\/#\/schema\/logo\/image\/"}}]}},"jetpack_sharing_enabled":true,"_links":{"self":[{"href":"https:\/\/shanabooks.de\/kur\/wp-json\/wp\/v2\/product\/12079","targetHints":{"allow":["GET"]}}],"collection":[{"href":"https:\/\/shanabooks.de\/kur\/wp-json\/wp\/v2\/product"}],"about":[{"href":"https:\/\/shanabooks.de\/kur\/wp-json\/wp\/v2\/types\/product"}],"version-history":[{"count":2,"href":"https:\/\/shanabooks.de\/kur\/wp-json\/wp\/v2\/product\/12079\/revisions"}],"predecessor-version":[{"id":22856,"href":"https:\/\/shanabooks.de\/kur\/wp-json\/wp\/v2\/product\/12079\/revisions\/22856"}],"wp:featuredmedia":[{"embeddable":true,"href":"https:\/\/shanabooks.de\/kur\/wp-json\/wp\/v2\/media\/12148"}],"wp:attachment":[{"href":"https:\/\/shanabooks.de\/kur\/wp-json\/wp\/v2\/media?parent=12079"}],"wp:term":[{"taxonomy":"product_brand","embeddable":true,"href":"https:\/\/shanabooks.de\/kur\/wp-json\/wp\/v2\/product_brand?post=12079"},{"taxonomy":"product_cat","embeddable":true,"href":"https:\/\/shanabooks.de\/kur\/wp-json\/wp\/v2\/product_cat?post=12079"},{"taxonomy":"product_tag","embeddable":true,"href":"https:\/\/shanabooks.de\/kur\/wp-json\/wp\/v2\/product_tag?post=12079"}],"curies":[{"name":"wp","href":"https:\/\/api.w.org\/{rel}","templated":true}]}}