{"id":12081,"date":"2024-03-03T19:40:28","date_gmt":"2024-03-03T19:40:28","guid":{"rendered":"https:\/\/shanabooks.de\/?post_type=product&#038;p=12081"},"modified":"2024-04-06T08:51:52","modified_gmt":"2024-04-06T08:51:52","slug":"penabereki-fransi-li-kurdistane-ferhad-pirbal","status":"publish","type":"product","link":"https:\/\/shanabooks.de\/kur\/product\/penabereki-fransi-li-kurdistane-ferhad-pirbal\/","title":{"rendered":"Penaberek\u00ee Frans\u00ee li kurdistan\u00ea"},"content":{"rendered":"<p dir=\"ltr\">\u00a0<strong>Penaberek\u00ee Frans\u00ee li kurdistan\u00ea &#8211; Ferhad P\u00eerbal<\/strong><\/p>\n<p dir=\"ltr\" style=\"font-weight: 400;\">Christophe rojnamen\u00fbsek\u00ee frans\u00ee ye, hatiye Kurdistan\u00ea, ten\u00ea dixwaze bizanibe \u00e7ima kurd ber\u00ea xwe didin Ewropa \u00fb daxwaza penaberiy\u00ea li welat\u00ean ewrop\u00ee dikin. Tam di wext\u00ea \u015fer de hatiye, h\u00eaz\u00ean amr\u00eek\u00ee hatine Iraq\u00ea, Kurdistan \u00fb Iraq j\u00ee di nava \u015fer de ne. Le\u015fkereke amr\u00eek\u00ee bi para\u015f\u00fbt\u00ea dadikeve gundek\u00ee Kurdistan\u00ea. Li ser b\u00ean, li ber cih\u00ea axayek\u00ee dikeve. Qaleqoz dib\u00ea, ox xwed\u00ea h\u00ea li v\u00ea dinyay\u00ea te h\u00fbriyek ji min re \u015fand. \u00c7ar jin\u00ean w\u00ee hene, dixwaze bike \u201chefser\u201da xwe ya p\u00eancem\u00een. L\u00ea \u00eeslam\u00ee ke\u00e7ik\u00ea direv\u00eenin. Her ti\u015ft tevlihev dibe, \u015eehrazad dinase, werg\u00ear\u00ee dike bo w\u00ee. Rew\u015f aloz \u00fb berevaj\u00ee dibe, Christophe xwe yekser di nav te\u015fqele \u00fb r\u00fbdan\u00ean wel\u00eat de dib\u00eene, rojnamen\u00fbs\u00ea frans\u00ee ku li pey pirsa \u201ckurd \u00e7ima dixwazin li Ewropa bibin penaber\u201d ketiye v\u00eaga dixwaze li Kurdistan\u00ea bibe penaber \u00fb li pey xewn\u00ean xwe bi\u00e7e.<br \/>\n\u201cXewn weke e\u015fq\u00ea ye. Tu ten\u00ea dikar\u00ee a\u015fiq bib\u00ee l\u00eabel\u00ea pa\u015f\u00ee nizan\u00ee ka ev e\u015fq \u00e7i ji te re t\u00eene, \u00e7i bi ser\u00ea te t\u00eene; ba\u015f e yan xirab e?<br \/>\nBextewer\u00ee yan bextxirab\u00ee?<\/p>\n<p dir=\"ltr\">Pirt\u00fbka bi nav\u00ea \u00a0Penaberek\u00ee Frans\u00ee li kurdistan\u00ea ya Ferhad P\u00eerbal ji we\u015fan\u00ean Avestay\u00ea derketiye.<\/p>\n","protected":false},"excerpt":{"rendered":"<p dir=\"ltr\" style=\"text-align: center;\"><strong>Pirt\u00fbk: Penaberek\u00ee Frans\u00ee li kurdistan\u00ea<br \/>\nNiv\u00eeskar: Ferhad P\u00eerbal<\/strong><br \/>\n<strong>Cure: Senaryo<\/strong><\/p>\n","protected":false},"featured_media":12163,"template":"","meta":{"site-sidebar-layout":"default","site-content-layout":"","ast-site-content-layout":"default","site-content-style":"default","site-sidebar-style":"default","ast-global-header-display":"","ast-banner-title-visibility":"","ast-main-header-display":"","ast-hfb-above-header-display":"","ast-hfb-below-header-display":"","ast-hfb-mobile-header-display":"","site-post-title":"","ast-breadcrumbs-content":"","ast-featured-img":"","footer-sml-layout":"","ast-disable-related-posts":"","theme-transparent-header-meta":"default","adv-header-id-meta":"","stick-header-meta":"","header-above-stick-meta":"","header-main-stick-meta":"","header-below-stick-meta":"","astra-migrate-meta-layouts":"set","ast-page-background-enabled":"default","ast-page-background-meta":{"desktop":{"background-color":"","background-image":"","background-repeat":"repeat","background-position":"center center","background-size":"auto","background-attachment":"scroll","background-type":"","background-media":"","overlay-type":"","overlay-color":"","overlay-opacity":"","overlay-gradient":""},"tablet":{"background-color":"","background-image":"","background-repeat":"repeat","background-position":"center center","background-size":"auto","background-attachment":"scroll","background-type":"","background-media":"","overlay-type":"","overlay-color":"","overlay-opacity":"","overlay-gradient":""},"mobile":{"background-color":"","background-image":"","background-repeat":"repeat","background-position":"center center","background-size":"auto","background-attachment":"scroll","background-type":"","background-media":"","overlay-type":"","overlay-color":"","overlay-opacity":"","overlay-gradient":""}},"ast-content-background-meta":{"desktop":{"background-color":"var(--ast-global-color-5)","background-image":"","background-repeat":"repeat","background-position":"center center","background-size":"auto","background-attachment":"scroll","background-type":"","background-media":"","overlay-type":"","overlay-color":"","overlay-opacity":"","overlay-gradient":""},"tablet":{"background-color":"var(--ast-global-color-5)","background-image":"","background-repeat":"repeat","background-position":"center center","background-size":"auto","background-attachment":"scroll","background-type":"","background-media":"","overlay-type":"","overlay-color":"","overlay-opacity":"","overlay-gradient":""},"mobile":{"background-color":"var(--ast-global-color-5)","background-image":"","background-repeat":"repeat","background-position":"center center","background-size":"auto","background-attachment":"scroll","background-type":"","background-media":"","overlay-type":"","overlay-color":"","overlay-opacity":"","overlay-gradient":""}}},"product_brand":[],"product_cat":[334,182,193],"product_tag":[],"class_list":{"0":"post-12081","1":"product","2":"type-product","3":"status-publish","4":"has-post-thumbnail","6":"product_cat--_","7":"product_cat-_","9":"pa_-roman","10":"pa_-senaryo","11":"pa_-ferhad-pirbal","12":"pa_-kurmanci","13":"pa_--avesta-yayinlari","14":"desktop-align-left","15":"tablet-align-left","16":"mobile-align-left","18":"first","19":"instock","20":"shipping-taxable","21":"purchasable","22":"product-type-simple"},"yoast_head":"<!-- This site is optimized with the Yoast SEO plugin v27.4 - https:\/\/yoast.com\/product\/yoast-seo-wordpress\/ -->\n<title>\u00a0Penaberek\u00ee Frans\u00ee li kurdistan\u00ea - Ferhad P\u00eerbal - www.shanabooks.de<\/title>\n<meta name=\"description\" content=\"\u00a0Penaberek\u00ee Frans\u00ee li kurdistan\u00ea - Ferhad P\u00eerbal Christophe rojnamen\u00fbsek\u00ee frans\u00ee ye, hatiye Kurdistan\u00ea, ten\u00ea dixwaze bizanibe \u00e7ima kurd ber\u00ea xwe didin ...\" \/>\n<meta name=\"robots\" content=\"index, follow, max-snippet:-1, max-image-preview:large, max-video-preview:-1\" \/>\n<link rel=\"canonical\" href=\"https:\/\/shanabooks.de\/product\/penabereki-fransi-li-kurdistane-ferhad-pirbal\/\" \/>\n<meta property=\"og:locale\" content=\"en_US\" \/>\n<meta property=\"og:type\" content=\"article\" \/>\n<meta property=\"og:title\" content=\"\u00a0Penaberek\u00ee Frans\u00ee li kurdistan\u00ea - Ferhad P\u00eerbal - www.shanabooks.de\" \/>\n<meta property=\"og:description\" content=\"\u00a0Penaberek\u00ee Frans\u00ee li kurdistan\u00ea - Ferhad P\u00eerbal Christophe rojnamen\u00fbsek\u00ee frans\u00ee ye, hatiye Kurdistan\u00ea, ten\u00ea dixwaze bizanibe \u00e7ima kurd ber\u00ea xwe didin ...\" \/>\n<meta property=\"og:url\" content=\"https:\/\/shanabooks.de\/product\/penabereki-fransi-li-kurdistane-ferhad-pirbal\/\" \/>\n<meta property=\"og:site_name\" content=\"www.shanabooks.de\" \/>\n<meta property=\"article:modified_time\" content=\"2024-04-06T08:51:52+00:00\" \/>\n<meta property=\"og:image\" content=\"https:\/\/shanabooks.de\/wp-content\/uploads\/2024\/03\/Penabereki-Fransi-li-Kurdistane.jpg\" \/>\n\t<meta property=\"og:image:width\" content=\"600\" \/>\n\t<meta property=\"og:image:height\" content=\"900\" \/>\n\t<meta property=\"og:image:type\" content=\"image\/jpeg\" \/>\n<meta name=\"twitter:card\" content=\"summary_large_image\" \/>\n<meta name=\"twitter:label1\" content=\"Est. reading time\" \/>\n\t<meta name=\"twitter:data1\" content=\"2 minutes\" \/>\n<script type=\"application\/ld+json\" class=\"yoast-schema-graph\">{\"@context\":\"https:\\\/\\\/schema.org\",\"@graph\":[{\"@type\":\"WebPage\",\"@id\":\"https:\\\/\\\/shanabooks.de\\\/product\\\/penabereki-fransi-li-kurdistane-ferhad-pirbal\\\/\",\"url\":\"https:\\\/\\\/shanabooks.de\\\/product\\\/penabereki-fransi-li-kurdistane-ferhad-pirbal\\\/\",\"name\":\"\u00a0Penaberek\u00ee Frans\u00ee li kurdistan\u00ea - Ferhad P\u00eerbal - www.shanabooks.de\",\"isPartOf\":{\"@id\":\"https:\\\/\\\/shanabooks.de\\\/#website\"},\"primaryImageOfPage\":{\"@id\":\"https:\\\/\\\/shanabooks.de\\\/product\\\/penabereki-fransi-li-kurdistane-ferhad-pirbal\\\/#primaryimage\"},\"image\":{\"@id\":\"https:\\\/\\\/shanabooks.de\\\/product\\\/penabereki-fransi-li-kurdistane-ferhad-pirbal\\\/#primaryimage\"},\"thumbnailUrl\":\"https:\\\/\\\/shanabooks.de\\\/wp-content\\\/uploads\\\/2024\\\/03\\\/Penabereki-Fransi-li-Kurdistane.jpg\",\"datePublished\":\"2024-03-03T19:40:28+00:00\",\"dateModified\":\"2024-04-06T08:51:52+00:00\",\"description\":\"\u00a0Penaberek\u00ee Frans\u00ee li kurdistan\u00ea - Ferhad P\u00eerbal Christophe rojnamen\u00fbsek\u00ee frans\u00ee ye, hatiye Kurdistan\u00ea, ten\u00ea dixwaze bizanibe \u00e7ima kurd ber\u00ea xwe didin ...\",\"breadcrumb\":{\"@id\":\"https:\\\/\\\/shanabooks.de\\\/product\\\/penabereki-fransi-li-kurdistane-ferhad-pirbal\\\/#breadcrumb\"},\"inLanguage\":\"kur\",\"potentialAction\":[{\"@type\":\"ReadAction\",\"target\":[\"https:\\\/\\\/shanabooks.de\\\/product\\\/penabereki-fransi-li-kurdistane-ferhad-pirbal\\\/\"]}]},{\"@type\":\"ImageObject\",\"inLanguage\":\"kur\",\"@id\":\"https:\\\/\\\/shanabooks.de\\\/product\\\/penabereki-fransi-li-kurdistane-ferhad-pirbal\\\/#primaryimage\",\"url\":\"https:\\\/\\\/shanabooks.de\\\/wp-content\\\/uploads\\\/2024\\\/03\\\/Penabereki-Fransi-li-Kurdistane.jpg\",\"contentUrl\":\"https:\\\/\\\/shanabooks.de\\\/wp-content\\\/uploads\\\/2024\\\/03\\\/Penabereki-Fransi-li-Kurdistane.jpg\",\"width\":600,\"height\":900,\"caption\":\"\u00a0Penaberek\u00ee Frans\u00ee li kurdistan\u00ea - Ferhad P\u00eerbal - pirt\u00fbk\u00ean kurd\u00ee - senaryo\"},{\"@type\":\"BreadcrumbList\",\"@id\":\"https:\\\/\\\/shanabooks.de\\\/product\\\/penabereki-fransi-li-kurdistane-ferhad-pirbal\\\/#breadcrumb\",\"itemListElement\":[{\"@type\":\"ListItem\",\"position\":1,\"name\":\"\u0627\u0644\u0631\u0626\u064a\u0633\u064a\u0629\",\"item\":\"https:\\\/\\\/shanabooks.de\\\/kur\\\/\"},{\"@type\":\"ListItem\",\"position\":2,\"name\":\"\u0627\u0644\u0645\u0646\u062a\u062c\u0627\u062a\",\"item\":\"https:\\\/\\\/shanabooks.de\\\/shop\\\/\"},{\"@type\":\"ListItem\",\"position\":3,\"name\":\"Penaberek\u00ee Frans\u00ee li kurdistan\u00ea\"}]},{\"@type\":\"WebSite\",\"@id\":\"https:\\\/\\\/shanabooks.de\\\/#website\",\"url\":\"https:\\\/\\\/shanabooks.de\\\/\",\"name\":\"www.shanbooks.de\",\"description\":\"C\u00eehana Pirt\u00fbk\u00ean Kurd\u00ee \u0645\u0643\u062a\u0628\u0629 \u0634\u0627\u0646\u0627 \u0641\u064a \u0627\u0644\u0645\u0627\u0646\u064a\u0627 \u0648\u0623\u0648\u0631\u0628\u0627\",\"publisher\":{\"@id\":\"https:\\\/\\\/shanabooks.de\\\/#organization\"},\"potentialAction\":[{\"@type\":\"SearchAction\",\"target\":{\"@type\":\"EntryPoint\",\"urlTemplate\":\"https:\\\/\\\/shanabooks.de\\\/?s={search_term_string}\"},\"query-input\":{\"@type\":\"PropertyValueSpecification\",\"valueRequired\":true,\"valueName\":\"search_term_string\"}}],\"inLanguage\":\"kur\"},{\"@type\":\"Organization\",\"@id\":\"https:\\\/\\\/shanabooks.de\\\/#organization\",\"name\":\"www.shanbooks.de\",\"url\":\"https:\\\/\\\/shanabooks.de\\\/\",\"logo\":{\"@type\":\"ImageObject\",\"inLanguage\":\"kur\",\"@id\":\"https:\\\/\\\/shanabooks.de\\\/#\\\/schema\\\/logo\\\/image\\\/\",\"url\":\"https:\\\/\\\/shanabooks.de\\\/wp-content\\\/uploads\\\/2024\\\/03\\\/SHANABOOKS__2_-removebg-preview.png\",\"contentUrl\":\"https:\\\/\\\/shanabooks.de\\\/wp-content\\\/uploads\\\/2024\\\/03\\\/SHANABOOKS__2_-removebg-preview.png\",\"width\":700,\"height\":150,\"caption\":\"www.shanbooks.de\"},\"image\":{\"@id\":\"https:\\\/\\\/shanabooks.de\\\/#\\\/schema\\\/logo\\\/image\\\/\"}}]}<\/script>\n<!-- \/ Yoast SEO plugin. -->","yoast_head_json":{"title":"\u00a0Penaberek\u00ee Frans\u00ee li kurdistan\u00ea - Ferhad P\u00eerbal - www.shanabooks.de","description":"\u00a0Penaberek\u00ee Frans\u00ee li kurdistan\u00ea - Ferhad P\u00eerbal Christophe rojnamen\u00fbsek\u00ee frans\u00ee ye, hatiye Kurdistan\u00ea, ten\u00ea dixwaze bizanibe \u00e7ima kurd ber\u00ea xwe didin ...","robots":{"index":"index","follow":"follow","max-snippet":"max-snippet:-1","max-image-preview":"max-image-preview:large","max-video-preview":"max-video-preview:-1"},"canonical":"https:\/\/shanabooks.de\/product\/penabereki-fransi-li-kurdistane-ferhad-pirbal\/","og_locale":"en_US","og_type":"article","og_title":"\u00a0Penaberek\u00ee Frans\u00ee li kurdistan\u00ea - Ferhad P\u00eerbal - www.shanabooks.de","og_description":"\u00a0Penaberek\u00ee Frans\u00ee li kurdistan\u00ea - Ferhad P\u00eerbal Christophe rojnamen\u00fbsek\u00ee frans\u00ee ye, hatiye Kurdistan\u00ea, ten\u00ea dixwaze bizanibe \u00e7ima kurd ber\u00ea xwe didin ...","og_url":"https:\/\/shanabooks.de\/product\/penabereki-fransi-li-kurdistane-ferhad-pirbal\/","og_site_name":"www.shanabooks.de","article_modified_time":"2024-04-06T08:51:52+00:00","og_image":[{"width":600,"height":900,"url":"https:\/\/shanabooks.de\/wp-content\/uploads\/2024\/03\/Penabereki-Fransi-li-Kurdistane.jpg","type":"image\/jpeg"}],"twitter_card":"summary_large_image","twitter_misc":{"Est. reading time":"2 minutes"},"schema":{"@context":"https:\/\/schema.org","@graph":[{"@type":"WebPage","@id":"https:\/\/shanabooks.de\/product\/penabereki-fransi-li-kurdistane-ferhad-pirbal\/","url":"https:\/\/shanabooks.de\/product\/penabereki-fransi-li-kurdistane-ferhad-pirbal\/","name":"\u00a0Penaberek\u00ee Frans\u00ee li kurdistan\u00ea - Ferhad P\u00eerbal - www.shanabooks.de","isPartOf":{"@id":"https:\/\/shanabooks.de\/#website"},"primaryImageOfPage":{"@id":"https:\/\/shanabooks.de\/product\/penabereki-fransi-li-kurdistane-ferhad-pirbal\/#primaryimage"},"image":{"@id":"https:\/\/shanabooks.de\/product\/penabereki-fransi-li-kurdistane-ferhad-pirbal\/#primaryimage"},"thumbnailUrl":"https:\/\/shanabooks.de\/wp-content\/uploads\/2024\/03\/Penabereki-Fransi-li-Kurdistane.jpg","datePublished":"2024-03-03T19:40:28+00:00","dateModified":"2024-04-06T08:51:52+00:00","description":"\u00a0Penaberek\u00ee Frans\u00ee li kurdistan\u00ea - Ferhad P\u00eerbal Christophe rojnamen\u00fbsek\u00ee frans\u00ee ye, hatiye Kurdistan\u00ea, ten\u00ea dixwaze bizanibe \u00e7ima kurd ber\u00ea xwe didin ...","breadcrumb":{"@id":"https:\/\/shanabooks.de\/product\/penabereki-fransi-li-kurdistane-ferhad-pirbal\/#breadcrumb"},"inLanguage":"kur","potentialAction":[{"@type":"ReadAction","target":["https:\/\/shanabooks.de\/product\/penabereki-fransi-li-kurdistane-ferhad-pirbal\/"]}]},{"@type":"ImageObject","inLanguage":"kur","@id":"https:\/\/shanabooks.de\/product\/penabereki-fransi-li-kurdistane-ferhad-pirbal\/#primaryimage","url":"https:\/\/shanabooks.de\/wp-content\/uploads\/2024\/03\/Penabereki-Fransi-li-Kurdistane.jpg","contentUrl":"https:\/\/shanabooks.de\/wp-content\/uploads\/2024\/03\/Penabereki-Fransi-li-Kurdistane.jpg","width":600,"height":900,"caption":"\u00a0Penaberek\u00ee Frans\u00ee li kurdistan\u00ea - Ferhad P\u00eerbal - pirt\u00fbk\u00ean kurd\u00ee - senaryo"},{"@type":"BreadcrumbList","@id":"https:\/\/shanabooks.de\/product\/penabereki-fransi-li-kurdistane-ferhad-pirbal\/#breadcrumb","itemListElement":[{"@type":"ListItem","position":1,"name":"\u0627\u0644\u0631\u0626\u064a\u0633\u064a\u0629","item":"https:\/\/shanabooks.de\/kur\/"},{"@type":"ListItem","position":2,"name":"\u0627\u0644\u0645\u0646\u062a\u062c\u0627\u062a","item":"https:\/\/shanabooks.de\/shop\/"},{"@type":"ListItem","position":3,"name":"Penaberek\u00ee Frans\u00ee li kurdistan\u00ea"}]},{"@type":"WebSite","@id":"https:\/\/shanabooks.de\/#website","url":"https:\/\/shanabooks.de\/","name":"www.shanbooks.de","description":"C\u00eehana Pirt\u00fbk\u00ean Kurd\u00ee \u0645\u0643\u062a\u0628\u0629 \u0634\u0627\u0646\u0627 \u0641\u064a \u0627\u0644\u0645\u0627\u0646\u064a\u0627 \u0648\u0623\u0648\u0631\u0628\u0627","publisher":{"@id":"https:\/\/shanabooks.de\/#organization"},"potentialAction":[{"@type":"SearchAction","target":{"@type":"EntryPoint","urlTemplate":"https:\/\/shanabooks.de\/?s={search_term_string}"},"query-input":{"@type":"PropertyValueSpecification","valueRequired":true,"valueName":"search_term_string"}}],"inLanguage":"kur"},{"@type":"Organization","@id":"https:\/\/shanabooks.de\/#organization","name":"www.shanbooks.de","url":"https:\/\/shanabooks.de\/","logo":{"@type":"ImageObject","inLanguage":"kur","@id":"https:\/\/shanabooks.de\/#\/schema\/logo\/image\/","url":"https:\/\/shanabooks.de\/wp-content\/uploads\/2024\/03\/SHANABOOKS__2_-removebg-preview.png","contentUrl":"https:\/\/shanabooks.de\/wp-content\/uploads\/2024\/03\/SHANABOOKS__2_-removebg-preview.png","width":700,"height":150,"caption":"www.shanbooks.de"},"image":{"@id":"https:\/\/shanabooks.de\/#\/schema\/logo\/image\/"}}]}},"jetpack_sharing_enabled":true,"_links":{"self":[{"href":"https:\/\/shanabooks.de\/kur\/wp-json\/wp\/v2\/product\/12081","targetHints":{"allow":["GET"]}}],"collection":[{"href":"https:\/\/shanabooks.de\/kur\/wp-json\/wp\/v2\/product"}],"about":[{"href":"https:\/\/shanabooks.de\/kur\/wp-json\/wp\/v2\/types\/product"}],"version-history":[{"count":3,"href":"https:\/\/shanabooks.de\/kur\/wp-json\/wp\/v2\/product\/12081\/revisions"}],"predecessor-version":[{"id":22953,"href":"https:\/\/shanabooks.de\/kur\/wp-json\/wp\/v2\/product\/12081\/revisions\/22953"}],"wp:featuredmedia":[{"embeddable":true,"href":"https:\/\/shanabooks.de\/kur\/wp-json\/wp\/v2\/media\/12163"}],"wp:attachment":[{"href":"https:\/\/shanabooks.de\/kur\/wp-json\/wp\/v2\/media?parent=12081"}],"wp:term":[{"taxonomy":"product_brand","embeddable":true,"href":"https:\/\/shanabooks.de\/kur\/wp-json\/wp\/v2\/product_brand?post=12081"},{"taxonomy":"product_cat","embeddable":true,"href":"https:\/\/shanabooks.de\/kur\/wp-json\/wp\/v2\/product_cat?post=12081"},{"taxonomy":"product_tag","embeddable":true,"href":"https:\/\/shanabooks.de\/kur\/wp-json\/wp\/v2\/product_tag?post=12081"}],"curies":[{"name":"wp","href":"https:\/\/api.w.org\/{rel}","templated":true}]}}