{"id":12083,"date":"2024-03-03T19:40:28","date_gmt":"2024-03-03T19:40:28","guid":{"rendered":"https:\/\/shanabooks.de\/?post_type=product&#038;p=12083"},"modified":"2025-12-30T23:06:06","modified_gmt":"2025-12-30T23:06:06","slug":"pelen-deryaya-res-firat-ceweri","status":"publish","type":"product","link":"https:\/\/shanabooks.de\/kur\/product\/pelen-deryaya-res-firat-ceweri\/","title":{"rendered":"P\u00eal\u00ean Deryaya Re\u015f"},"content":{"rendered":"<p dir=\"ltr\"><strong>P\u00eal\u00ean Deryaya Re\u015f &#8211; Firat Cewer\u00ee<\/strong><\/p>\n<p dir=\"ltr\">Firat Cewer\u00ee Di sala 1994an de ji aliy\u00ea Yek\u00eetiya Niv\u00eeskar\u00ean Sw\u00ead\u00ea \u00fb bi hevkariya yek\u00eetiy\u00ean niv\u00eeskar\u00ean gelek welatan, ji bo \u00e7arsed niv\u00eeskar\u00ean ji sih welat\u00ean cih\u00ea, bi ke\u015ftiyek\u00ea r\u00eaw\u00eetiyeke Deryaya Re\u015f li dar ketib\u00fb. Firat Cewer\u00ee j\u00ee, bi herdu niv\u00eeskar\u00ean kurd; Mehmed Uzun \u00fb Ord\u00eexan\u00ea Cel\u00eel, be\u015fdar\u00ee v\u00ea r\u00eaw\u00eetiy\u00ea b\u00fbb\u00fb. Herweha digel gelek niv\u00eeskar\u00ean dinyay\u00ea \u00ean navdar, tibabek niv\u00eeskar\u00ean tirk \u00ean m\u00eena Orhan Pamuk, Can Y\u00fccel, Mario Levi, Vedat T\u00fcrkali, Arif Damar, Bekir Y\u0131ld\u0131z \u00fb hwd. j\u00ee di r\u00eaw\u00eetiy\u00ea de cih girtib\u00fbn. Cewer\u00ee, ev r\u00eaw\u00eetiya ku di d\u00eeroka edebiyata dinyay\u00ea de cihek\u00ee taybet\u00ee digire, roj bi roj li qelem\u00ea daye, digel seredan \u00fb d\u00eeroka welat\u00ean Deryaya Re\u015f, fikir \u00fb raman\u00ean niv\u00eeskaran, sohbet \u00fb got\u00fbb\u00eaj\u00ean r\u00eaw\u00eetiy\u00ea \u00fb rew\u015fa siyas\u00ee ya w\u00ea dem\u00ea bi gernameyeke di tama roman\u00ea de gihandiye me&#8230;<\/p>\n<p dir=\"ltr\">Firat Cewer\u00ee pirt\u00fbka xwe ya bi nav\u00ea p\u00eal\u00ean Deryaya Re\u015f weke b\u00eeran\u00een \u00fb gernamey\u00ea niv\u00ees\u00eeye \u00fb pirt\u00fbk ji we\u015fan\u00ean Avestay\u00ea derketiye.<\/p>\n<p dir=\"ltr\">\n","protected":false},"excerpt":{"rendered":"<p dir=\"ltr\" style=\"text-align: center\"><strong>Pirt\u00fbk: P\u00eal\u00ean Deryaya Re\u015f<br \/>\nNiv\u00eeskar: Firat Cewer\u00ee<\/strong><br \/>\n<strong>Cure: Gername, B\u00eeran\u00een<\/strong><\/p>\n","protected":false},"featured_media":12167,"template":"","meta":{"site-sidebar-layout":"default","site-content-layout":"","ast-site-content-layout":"default","site-content-style":"default","site-sidebar-style":"default","ast-global-header-display":"","ast-banner-title-visibility":"","ast-main-header-display":"","ast-hfb-above-header-display":"","ast-hfb-below-header-display":"","ast-hfb-mobile-header-display":"","site-post-title":"","ast-breadcrumbs-content":"","ast-featured-img":"","footer-sml-layout":"","ast-disable-related-posts":"","theme-transparent-header-meta":"default","adv-header-id-meta":"","stick-header-meta":"","header-above-stick-meta":"","header-main-stick-meta":"","header-below-stick-meta":"","astra-migrate-meta-layouts":"set","ast-page-background-enabled":"default","ast-page-background-meta":{"desktop":{"background-color":"","background-image":"","background-repeat":"repeat","background-position":"center center","background-size":"auto","background-attachment":"scroll","background-type":"","background-media":"","overlay-type":"","overlay-color":"","overlay-opacity":"","overlay-gradient":""},"tablet":{"background-color":"","background-image":"","background-repeat":"repeat","background-position":"center center","background-size":"auto","background-attachment":"scroll","background-type":"","background-media":"","overlay-type":"","overlay-color":"","overlay-opacity":"","overlay-gradient":""},"mobile":{"background-color":"","background-image":"","background-repeat":"repeat","background-position":"center center","background-size":"auto","background-attachment":"scroll","background-type":"","background-media":"","overlay-type":"","overlay-color":"","overlay-opacity":"","overlay-gradient":""}},"ast-content-background-meta":{"desktop":{"background-color":"var(--ast-global-color-5)","background-image":"","background-repeat":"repeat","background-position":"center center","background-size":"auto","background-attachment":"scroll","background-type":"","background-media":"","overlay-type":"","overlay-color":"","overlay-opacity":"","overlay-gradient":""},"tablet":{"background-color":"var(--ast-global-color-5)","background-image":"","background-repeat":"repeat","background-position":"center center","background-size":"auto","background-attachment":"scroll","background-type":"","background-media":"","overlay-type":"","overlay-color":"","overlay-opacity":"","overlay-gradient":""},"mobile":{"background-color":"var(--ast-global-color-5)","background-image":"","background-repeat":"repeat","background-position":"center center","background-size":"auto","background-attachment":"scroll","background-type":"","background-media":"","overlay-type":"","overlay-color":"","overlay-opacity":"","overlay-gradient":""}}},"product_brand":[],"product_cat":[334,193],"product_tag":[],"class_list":{"0":"post-12083","1":"product","2":"type-product","3":"status-publish","4":"has-post-thumbnail","6":"product_cat--_","8":"pa_-biranin","9":"pa_-firat-ceweri","10":"pa_-kurmanci","11":"pa_--avesta-yayinlari","12":"desktop-align-left","13":"tablet-align-left","14":"mobile-align-left","16":"first","17":"instock","18":"shipping-taxable","19":"purchasable","20":"product-type-simple"},"yoast_head":"<!-- This site is optimized with the Yoast SEO plugin v27.4 - https:\/\/yoast.com\/product\/yoast-seo-wordpress\/ -->\n<title>P\u00eal\u00ean Deryaya Re\u015f - Firat Cewer\u00ee - www.shanabooks.de<\/title>\n<meta name=\"description\" content=\"P\u00eal\u00ean Deryaya Re\u015f - Firat Cewer\u00ee Firat Cewer\u00ee Di sala 1994an de ji aliy\u00ea Yek\u00eetiya Niv\u00eeskar\u00ean Sw\u00ead\u00ea \u00fb bi hevkariya yek\u00eetiy\u00ean niv\u00eeskar\u00ean gelek welatan, ji ...\" \/>\n<meta name=\"robots\" content=\"index, follow, max-snippet:-1, max-image-preview:large, max-video-preview:-1\" \/>\n<link rel=\"canonical\" href=\"https:\/\/shanabooks.de\/product\/pelen-deryaya-res-firat-ceweri\/\" \/>\n<meta property=\"og:locale\" content=\"en_US\" \/>\n<meta property=\"og:type\" content=\"article\" \/>\n<meta property=\"og:title\" content=\"P\u00eal\u00ean Deryaya Re\u015f - Firat Cewer\u00ee - www.shanabooks.de\" \/>\n<meta property=\"og:description\" content=\"P\u00eal\u00ean Deryaya Re\u015f - Firat Cewer\u00ee Firat Cewer\u00ee Di sala 1994an de ji aliy\u00ea Yek\u00eetiya Niv\u00eeskar\u00ean Sw\u00ead\u00ea \u00fb bi hevkariya yek\u00eetiy\u00ean niv\u00eeskar\u00ean gelek welatan, ji ...\" \/>\n<meta property=\"og:url\" content=\"https:\/\/shanabooks.de\/product\/pelen-deryaya-res-firat-ceweri\/\" \/>\n<meta property=\"og:site_name\" content=\"www.shanabooks.de\" \/>\n<meta property=\"article:modified_time\" content=\"2025-12-30T23:06:06+00:00\" \/>\n<meta property=\"og:image\" content=\"https:\/\/shanabooks.de\/wp-content\/uploads\/2024\/03\/pelen-Deryaya-res.jpg\" \/>\n\t<meta property=\"og:image:width\" content=\"607\" \/>\n\t<meta property=\"og:image:height\" content=\"900\" \/>\n\t<meta property=\"og:image:type\" content=\"image\/jpeg\" \/>\n<meta name=\"twitter:card\" content=\"summary_large_image\" \/>\n<meta name=\"twitter:label1\" content=\"Est. reading time\" \/>\n\t<meta name=\"twitter:data1\" content=\"2 minutes\" \/>\n<script type=\"application\/ld+json\" class=\"yoast-schema-graph\">{\"@context\":\"https:\\\/\\\/schema.org\",\"@graph\":[{\"@type\":\"WebPage\",\"@id\":\"https:\\\/\\\/shanabooks.de\\\/product\\\/pelen-deryaya-res-firat-ceweri\\\/\",\"url\":\"https:\\\/\\\/shanabooks.de\\\/product\\\/pelen-deryaya-res-firat-ceweri\\\/\",\"name\":\"P\u00eal\u00ean Deryaya Re\u015f - Firat Cewer\u00ee - www.shanabooks.de\",\"isPartOf\":{\"@id\":\"https:\\\/\\\/shanabooks.de\\\/#website\"},\"primaryImageOfPage\":{\"@id\":\"https:\\\/\\\/shanabooks.de\\\/product\\\/pelen-deryaya-res-firat-ceweri\\\/#primaryimage\"},\"image\":{\"@id\":\"https:\\\/\\\/shanabooks.de\\\/product\\\/pelen-deryaya-res-firat-ceweri\\\/#primaryimage\"},\"thumbnailUrl\":\"https:\\\/\\\/shanabooks.de\\\/wp-content\\\/uploads\\\/2024\\\/03\\\/pelen-Deryaya-res.jpg\",\"datePublished\":\"2024-03-03T19:40:28+00:00\",\"dateModified\":\"2025-12-30T23:06:06+00:00\",\"description\":\"P\u00eal\u00ean Deryaya Re\u015f - Firat Cewer\u00ee Firat Cewer\u00ee Di sala 1994an de ji aliy\u00ea Yek\u00eetiya Niv\u00eeskar\u00ean Sw\u00ead\u00ea \u00fb bi hevkariya yek\u00eetiy\u00ean niv\u00eeskar\u00ean gelek welatan, ji ...\",\"breadcrumb\":{\"@id\":\"https:\\\/\\\/shanabooks.de\\\/product\\\/pelen-deryaya-res-firat-ceweri\\\/#breadcrumb\"},\"inLanguage\":\"kur\",\"potentialAction\":[{\"@type\":\"ReadAction\",\"target\":[\"https:\\\/\\\/shanabooks.de\\\/product\\\/pelen-deryaya-res-firat-ceweri\\\/\"]}]},{\"@type\":\"ImageObject\",\"inLanguage\":\"kur\",\"@id\":\"https:\\\/\\\/shanabooks.de\\\/product\\\/pelen-deryaya-res-firat-ceweri\\\/#primaryimage\",\"url\":\"https:\\\/\\\/shanabooks.de\\\/wp-content\\\/uploads\\\/2024\\\/03\\\/pelen-Deryaya-res.jpg\",\"contentUrl\":\"https:\\\/\\\/shanabooks.de\\\/wp-content\\\/uploads\\\/2024\\\/03\\\/pelen-Deryaya-res.jpg\",\"width\":607,\"height\":900,\"caption\":\"P\u00eal\u00ean Deryaya Re\u015f - Firat Cewer\u00ee - pirt\u00fbk\u00ean kurd\u00ee - b\u00eeran\u00een\"},{\"@type\":\"BreadcrumbList\",\"@id\":\"https:\\\/\\\/shanabooks.de\\\/product\\\/pelen-deryaya-res-firat-ceweri\\\/#breadcrumb\",\"itemListElement\":[{\"@type\":\"ListItem\",\"position\":1,\"name\":\"\u0627\u0644\u0631\u0626\u064a\u0633\u064a\u0629\",\"item\":\"https:\\\/\\\/shanabooks.de\\\/kur\\\/\"},{\"@type\":\"ListItem\",\"position\":2,\"name\":\"\u0627\u0644\u0645\u0646\u062a\u062c\u0627\u062a\",\"item\":\"https:\\\/\\\/shanabooks.de\\\/shop\\\/\"},{\"@type\":\"ListItem\",\"position\":3,\"name\":\"P\u00eal\u00ean Deryaya Re\u015f\"}]},{\"@type\":\"WebSite\",\"@id\":\"https:\\\/\\\/shanabooks.de\\\/#website\",\"url\":\"https:\\\/\\\/shanabooks.de\\\/\",\"name\":\"www.shanbooks.de\",\"description\":\"C\u00eehana Pirt\u00fbk\u00ean Kurd\u00ee \u0645\u0643\u062a\u0628\u0629 \u0634\u0627\u0646\u0627 \u0641\u064a \u0627\u0644\u0645\u0627\u0646\u064a\u0627 \u0648\u0623\u0648\u0631\u0628\u0627\",\"publisher\":{\"@id\":\"https:\\\/\\\/shanabooks.de\\\/#organization\"},\"potentialAction\":[{\"@type\":\"SearchAction\",\"target\":{\"@type\":\"EntryPoint\",\"urlTemplate\":\"https:\\\/\\\/shanabooks.de\\\/?s={search_term_string}\"},\"query-input\":{\"@type\":\"PropertyValueSpecification\",\"valueRequired\":true,\"valueName\":\"search_term_string\"}}],\"inLanguage\":\"kur\"},{\"@type\":\"Organization\",\"@id\":\"https:\\\/\\\/shanabooks.de\\\/#organization\",\"name\":\"www.shanbooks.de\",\"url\":\"https:\\\/\\\/shanabooks.de\\\/\",\"logo\":{\"@type\":\"ImageObject\",\"inLanguage\":\"kur\",\"@id\":\"https:\\\/\\\/shanabooks.de\\\/#\\\/schema\\\/logo\\\/image\\\/\",\"url\":\"https:\\\/\\\/shanabooks.de\\\/wp-content\\\/uploads\\\/2024\\\/03\\\/SHANABOOKS__2_-removebg-preview.png\",\"contentUrl\":\"https:\\\/\\\/shanabooks.de\\\/wp-content\\\/uploads\\\/2024\\\/03\\\/SHANABOOKS__2_-removebg-preview.png\",\"width\":700,\"height\":150,\"caption\":\"www.shanbooks.de\"},\"image\":{\"@id\":\"https:\\\/\\\/shanabooks.de\\\/#\\\/schema\\\/logo\\\/image\\\/\"}}]}<\/script>\n<!-- \/ Yoast SEO plugin. -->","yoast_head_json":{"title":"P\u00eal\u00ean Deryaya Re\u015f - Firat Cewer\u00ee - www.shanabooks.de","description":"P\u00eal\u00ean Deryaya Re\u015f - Firat Cewer\u00ee Firat Cewer\u00ee Di sala 1994an de ji aliy\u00ea Yek\u00eetiya Niv\u00eeskar\u00ean Sw\u00ead\u00ea \u00fb bi hevkariya yek\u00eetiy\u00ean niv\u00eeskar\u00ean gelek welatan, ji ...","robots":{"index":"index","follow":"follow","max-snippet":"max-snippet:-1","max-image-preview":"max-image-preview:large","max-video-preview":"max-video-preview:-1"},"canonical":"https:\/\/shanabooks.de\/product\/pelen-deryaya-res-firat-ceweri\/","og_locale":"en_US","og_type":"article","og_title":"P\u00eal\u00ean Deryaya Re\u015f - Firat Cewer\u00ee - www.shanabooks.de","og_description":"P\u00eal\u00ean Deryaya Re\u015f - Firat Cewer\u00ee Firat Cewer\u00ee Di sala 1994an de ji aliy\u00ea Yek\u00eetiya Niv\u00eeskar\u00ean Sw\u00ead\u00ea \u00fb bi hevkariya yek\u00eetiy\u00ean niv\u00eeskar\u00ean gelek welatan, ji ...","og_url":"https:\/\/shanabooks.de\/product\/pelen-deryaya-res-firat-ceweri\/","og_site_name":"www.shanabooks.de","article_modified_time":"2025-12-30T23:06:06+00:00","og_image":[{"width":607,"height":900,"url":"https:\/\/shanabooks.de\/wp-content\/uploads\/2024\/03\/pelen-Deryaya-res.jpg","type":"image\/jpeg"}],"twitter_card":"summary_large_image","twitter_misc":{"Est. reading time":"2 minutes"},"schema":{"@context":"https:\/\/schema.org","@graph":[{"@type":"WebPage","@id":"https:\/\/shanabooks.de\/product\/pelen-deryaya-res-firat-ceweri\/","url":"https:\/\/shanabooks.de\/product\/pelen-deryaya-res-firat-ceweri\/","name":"P\u00eal\u00ean Deryaya Re\u015f - Firat Cewer\u00ee - www.shanabooks.de","isPartOf":{"@id":"https:\/\/shanabooks.de\/#website"},"primaryImageOfPage":{"@id":"https:\/\/shanabooks.de\/product\/pelen-deryaya-res-firat-ceweri\/#primaryimage"},"image":{"@id":"https:\/\/shanabooks.de\/product\/pelen-deryaya-res-firat-ceweri\/#primaryimage"},"thumbnailUrl":"https:\/\/shanabooks.de\/wp-content\/uploads\/2024\/03\/pelen-Deryaya-res.jpg","datePublished":"2024-03-03T19:40:28+00:00","dateModified":"2025-12-30T23:06:06+00:00","description":"P\u00eal\u00ean Deryaya Re\u015f - Firat Cewer\u00ee Firat Cewer\u00ee Di sala 1994an de ji aliy\u00ea Yek\u00eetiya Niv\u00eeskar\u00ean Sw\u00ead\u00ea \u00fb bi hevkariya yek\u00eetiy\u00ean niv\u00eeskar\u00ean gelek welatan, ji ...","breadcrumb":{"@id":"https:\/\/shanabooks.de\/product\/pelen-deryaya-res-firat-ceweri\/#breadcrumb"},"inLanguage":"kur","potentialAction":[{"@type":"ReadAction","target":["https:\/\/shanabooks.de\/product\/pelen-deryaya-res-firat-ceweri\/"]}]},{"@type":"ImageObject","inLanguage":"kur","@id":"https:\/\/shanabooks.de\/product\/pelen-deryaya-res-firat-ceweri\/#primaryimage","url":"https:\/\/shanabooks.de\/wp-content\/uploads\/2024\/03\/pelen-Deryaya-res.jpg","contentUrl":"https:\/\/shanabooks.de\/wp-content\/uploads\/2024\/03\/pelen-Deryaya-res.jpg","width":607,"height":900,"caption":"P\u00eal\u00ean Deryaya Re\u015f - Firat Cewer\u00ee - pirt\u00fbk\u00ean kurd\u00ee - b\u00eeran\u00een"},{"@type":"BreadcrumbList","@id":"https:\/\/shanabooks.de\/product\/pelen-deryaya-res-firat-ceweri\/#breadcrumb","itemListElement":[{"@type":"ListItem","position":1,"name":"\u0627\u0644\u0631\u0626\u064a\u0633\u064a\u0629","item":"https:\/\/shanabooks.de\/kur\/"},{"@type":"ListItem","position":2,"name":"\u0627\u0644\u0645\u0646\u062a\u062c\u0627\u062a","item":"https:\/\/shanabooks.de\/shop\/"},{"@type":"ListItem","position":3,"name":"P\u00eal\u00ean Deryaya Re\u015f"}]},{"@type":"WebSite","@id":"https:\/\/shanabooks.de\/#website","url":"https:\/\/shanabooks.de\/","name":"www.shanbooks.de","description":"C\u00eehana Pirt\u00fbk\u00ean Kurd\u00ee \u0645\u0643\u062a\u0628\u0629 \u0634\u0627\u0646\u0627 \u0641\u064a \u0627\u0644\u0645\u0627\u0646\u064a\u0627 \u0648\u0623\u0648\u0631\u0628\u0627","publisher":{"@id":"https:\/\/shanabooks.de\/#organization"},"potentialAction":[{"@type":"SearchAction","target":{"@type":"EntryPoint","urlTemplate":"https:\/\/shanabooks.de\/?s={search_term_string}"},"query-input":{"@type":"PropertyValueSpecification","valueRequired":true,"valueName":"search_term_string"}}],"inLanguage":"kur"},{"@type":"Organization","@id":"https:\/\/shanabooks.de\/#organization","name":"www.shanbooks.de","url":"https:\/\/shanabooks.de\/","logo":{"@type":"ImageObject","inLanguage":"kur","@id":"https:\/\/shanabooks.de\/#\/schema\/logo\/image\/","url":"https:\/\/shanabooks.de\/wp-content\/uploads\/2024\/03\/SHANABOOKS__2_-removebg-preview.png","contentUrl":"https:\/\/shanabooks.de\/wp-content\/uploads\/2024\/03\/SHANABOOKS__2_-removebg-preview.png","width":700,"height":150,"caption":"www.shanbooks.de"},"image":{"@id":"https:\/\/shanabooks.de\/#\/schema\/logo\/image\/"}}]}},"jetpack_sharing_enabled":true,"_links":{"self":[{"href":"https:\/\/shanabooks.de\/kur\/wp-json\/wp\/v2\/product\/12083","targetHints":{"allow":["GET"]}}],"collection":[{"href":"https:\/\/shanabooks.de\/kur\/wp-json\/wp\/v2\/product"}],"about":[{"href":"https:\/\/shanabooks.de\/kur\/wp-json\/wp\/v2\/types\/product"}],"version-history":[{"count":3,"href":"https:\/\/shanabooks.de\/kur\/wp-json\/wp\/v2\/product\/12083\/revisions"}],"predecessor-version":[{"id":22850,"href":"https:\/\/shanabooks.de\/kur\/wp-json\/wp\/v2\/product\/12083\/revisions\/22850"}],"wp:featuredmedia":[{"embeddable":true,"href":"https:\/\/shanabooks.de\/kur\/wp-json\/wp\/v2\/media\/12167"}],"wp:attachment":[{"href":"https:\/\/shanabooks.de\/kur\/wp-json\/wp\/v2\/media?parent=12083"}],"wp:term":[{"taxonomy":"product_brand","embeddable":true,"href":"https:\/\/shanabooks.de\/kur\/wp-json\/wp\/v2\/product_brand?post=12083"},{"taxonomy":"product_cat","embeddable":true,"href":"https:\/\/shanabooks.de\/kur\/wp-json\/wp\/v2\/product_cat?post=12083"},{"taxonomy":"product_tag","embeddable":true,"href":"https:\/\/shanabooks.de\/kur\/wp-json\/wp\/v2\/product_tag?post=12083"}],"curies":[{"name":"wp","href":"https:\/\/api.w.org\/{rel}","templated":true}]}}