{"id":12084,"date":"2024-03-03T19:40:28","date_gmt":"2024-03-03T19:40:28","guid":{"rendered":"https:\/\/shanabooks.de\/?post_type=product&#038;p=12084"},"modified":"2024-04-03T21:58:44","modified_gmt":"2024-04-03T21:58:44","slug":"sikeften-haydrahodahose-selim-berekat","status":"publish","type":"product","link":"https:\/\/shanabooks.de\/kur\/product\/sikeften-haydrahodahose-selim-berekat\/","title":{"rendered":"\u015eikeft\u00ean Haydrahodahos\u00ea"},"content":{"rendered":"<p dir=\"ltr\"><strong>\u015eikeft\u00ean Haydrahodahos\u00ea &#8211; Sel\u00eem Berekat<\/strong><\/p>\n<p dir=\"ltr\">\u015eikeft\u00ean Haydrahodahos\u00ea yek ji roman\u00ean Sel\u00eem Berekat e (1951, Am\u00fbd\u00ea, Rojavay\u00ea Kurdistan\u00ea) romann\u00fbs \u00fb helbestkar\u00ea Kurd \u00ea ku \u2018kil\u00eeda ziman\u00ea Ereb\u00ee xistiye ber\u00eeka xwe\u2019 \u00fb ji ber ku s\u00eenor\u00ean hey\u00ee y\u00ean zim\u00ean dibez\u00eene, c\u00eehana ziman\u00ea Ereb\u00ee ya berfireh j\u00ea \u2018diheside\u2019, w\u00ee her \u00e7end\u00ee ziman\u00ea romana xwe gelek\u00ee dernexistibe ji bin\u00ea siya per \u00fb bask\u00ean helbestb\u00eajiy\u00ea ve, l\u00ea n\u00eega\u015fdanka bo\u015f a tevna roman\u00ea \u00fb p\u00eavajoya \u00e7\u00eerokane \u00fb genge\u015fey\u00ean rewanb\u00eaj \u00fb herikbar asta helbestb\u00eajiy\u00ea nizim dikin hebek\u00ee \u00fb tevna roman\u00ea bel\u00ee dikin. Wek\u00ee ku Berekat bi xwe amaje p\u00ea dike, di \u015eikeft\u00ean Haydrahodahos\u00ea de, \u201cTu kart\u00eak\u00ean efsaneyan di naveroka v\u00ea roman\u00ea de n\u00eenin. Tu vedari\u015ftinek ji bo avakirineke efsanew\u00ee n\u00eene. Ev roman lihevkirinek e ji vegotina \u00e7\u00eerokane \u00fb hevaxaftina di \u015fanogeha kovandariya kevin de, ku b\u00fbnewerine efsanew\u00ee ji tuxm\u00ea hespemirovan w\u00ea bi r\u00ea ve dibin, bi hewildana sererastkirina rastiy\u00ea bi riya vegerandina w\u00ea ber bi n\u00eega\u015fa w\u00ea ve,\u201d d\u00ea xwendevan t\u00ea de li gel vegotina ge\u015f \u00fb gurr \u00fb ziman\u00ea helbestane y\u00ea Sel\u00eem Berekat r\u00fb bi r\u00fb bim\u00eenin \u00fb ev \u00ea bibe \u00e7avp\u00eaketineke dijwar!<\/p>\n<p dir=\"ltr\">Sel\u00eem Berekat\u00ea ku gava ku diniv\u00eese, ziman nema p\u00ea re digih\u00eeje, mirov p\u00ea dihise ku ew ziman e \u00fb ziman niv\u00eeskjar e, nola \u00e7em\u00ea ku h\u00ee\u00e7 mi\u00e7iq\u00een\u00ea nas nake \u00fb napejir\u00eene, niv\u00eeskar\u00ea roman\u00ean wek\u00ee\u00a0Feqiy\u00ean Tariy\u00ea,\u00a0Le\u015fkergeh\u00ean Hemdemiy\u00ea\u00a0\u00fb\u00a0Esman Vala ye Li Ser Or\u015fel\u00eem\u00ea, bi romana xwe ya b\u00eahevta,\u00a0\u015eikeft\u00ean Haydrahodahos\u00ea\u00a0ve, bi wergera Ebdellah \u015e\u00eaxoy\u00ea werg\u00ear\u00ea xort ve vedigere Kurd\u00ee, \u2018xaniy\u00ea b\u00fbnewera xwe\u2019.<\/p>\n","protected":false},"excerpt":{"rendered":"<p dir=\"ltr\" style=\"text-align: center\"><strong>Pirt\u00fbk: \u015eikeft\u00ean Haydrahodahos\u00ea<br \/>\nNiv\u00eeskar: Sel\u00eem Berekat<\/strong><br \/>\n<strong>Cure: Roman<\/strong><\/p>\n","protected":false},"featured_media":12169,"template":"","meta":{"site-sidebar-layout":"default","site-content-layout":"","ast-site-content-layout":"default","site-content-style":"default","site-sidebar-style":"default","ast-global-header-display":"","ast-banner-title-visibility":"","ast-main-header-display":"","ast-hfb-above-header-display":"","ast-hfb-below-header-display":"","ast-hfb-mobile-header-display":"","site-post-title":"","ast-breadcrumbs-content":"","ast-featured-img":"","footer-sml-layout":"","ast-disable-related-posts":"","theme-transparent-header-meta":"default","adv-header-id-meta":"","stick-header-meta":"","header-above-stick-meta":"","header-main-stick-meta":"","header-below-stick-meta":"","astra-migrate-meta-layouts":"set","ast-page-background-enabled":"default","ast-page-background-meta":{"desktop":{"background-color":"","background-image":"","background-repeat":"repeat","background-position":"center center","background-size":"auto","background-attachment":"scroll","background-type":"","background-media":"","overlay-type":"","overlay-color":"","overlay-opacity":"","overlay-gradient":""},"tablet":{"background-color":"","background-image":"","background-repeat":"repeat","background-position":"center center","background-size":"auto","background-attachment":"scroll","background-type":"","background-media":"","overlay-type":"","overlay-color":"","overlay-opacity":"","overlay-gradient":""},"mobile":{"background-color":"","background-image":"","background-repeat":"repeat","background-position":"center center","background-size":"auto","background-attachment":"scroll","background-type":"","background-media":"","overlay-type":"","overlay-color":"","overlay-opacity":"","overlay-gradient":""}},"ast-content-background-meta":{"desktop":{"background-color":"var(--ast-global-color-5)","background-image":"","background-repeat":"repeat","background-position":"center center","background-size":"auto","background-attachment":"scroll","background-type":"","background-media":"","overlay-type":"","overlay-color":"","overlay-opacity":"","overlay-gradient":""},"tablet":{"background-color":"var(--ast-global-color-5)","background-image":"","background-repeat":"repeat","background-position":"center center","background-size":"auto","background-attachment":"scroll","background-type":"","background-media":"","overlay-type":"","overlay-color":"","overlay-opacity":"","overlay-gradient":""},"mobile":{"background-color":"var(--ast-global-color-5)","background-image":"","background-repeat":"repeat","background-position":"center center","background-size":"auto","background-attachment":"scroll","background-type":"","background-media":"","overlay-type":"","overlay-color":"","overlay-opacity":"","overlay-gradient":""}}},"product_brand":[],"product_cat":[185,182,193],"product_tag":[],"class_list":{"0":"post-12084","1":"product","2":"type-product","3":"status-publish","4":"has-post-thumbnail","6":"product_cat--_","7":"product_cat-_","9":"pa_-roman","10":"pa_-selim-berekat","11":"pa_-kurmanci","12":"pa_--lis-yayinevi","13":"desktop-align-left","14":"tablet-align-left","15":"mobile-align-left","17":"first","18":"instock","19":"shipping-taxable","20":"purchasable","21":"product-type-simple"},"yoast_head":"<!-- This site is optimized with the Yoast SEO plugin v27.4 - https:\/\/yoast.com\/product\/yoast-seo-wordpress\/ -->\n<title>\u015eikeft\u00ean Haydrahodahos\u00ea - Sel\u00eem Berekat - www.shanabooks.de<\/title>\n<meta name=\"description\" content=\"\u015eikeft\u00ean Haydrahodahos\u00ea - Sel\u00eem Berekat \u015eikeft\u00ean Haydrahodahos\u00ea, romana Sel\u00eem Berekat\u00ea (1951, Am\u00fbd\u00ea, Rojavay\u00ea Kurdistan\u00ea) romann\u00fbs \u00fb helbestkar\u00ea Kurd \u00ea ...\" \/>\n<meta name=\"robots\" content=\"index, follow, max-snippet:-1, max-image-preview:large, max-video-preview:-1\" \/>\n<link rel=\"canonical\" href=\"https:\/\/shanabooks.de\/product\/sikeften-haydrahodahose-selim-berekat\/\" \/>\n<meta property=\"og:locale\" content=\"en_US\" \/>\n<meta property=\"og:type\" content=\"article\" \/>\n<meta property=\"og:title\" content=\"\u015eikeft\u00ean Haydrahodahos\u00ea - Sel\u00eem Berekat - www.shanabooks.de\" \/>\n<meta property=\"og:description\" content=\"\u015eikeft\u00ean Haydrahodahos\u00ea - Sel\u00eem Berekat \u015eikeft\u00ean Haydrahodahos\u00ea, romana Sel\u00eem Berekat\u00ea (1951, Am\u00fbd\u00ea, Rojavay\u00ea Kurdistan\u00ea) romann\u00fbs \u00fb helbestkar\u00ea Kurd \u00ea ...\" \/>\n<meta property=\"og:url\" content=\"https:\/\/shanabooks.de\/product\/sikeften-haydrahodahose-selim-berekat\/\" \/>\n<meta property=\"og:site_name\" content=\"www.shanabooks.de\" \/>\n<meta property=\"article:modified_time\" content=\"2024-04-03T21:58:44+00:00\" \/>\n<meta property=\"og:image\" content=\"https:\/\/shanabooks.de\/wp-content\/uploads\/2024\/03\/sikeften-Haydrahodahose.png\" \/>\n\t<meta property=\"og:image:width\" content=\"334\" \/>\n\t<meta property=\"og:image:height\" content=\"475\" \/>\n\t<meta property=\"og:image:type\" content=\"image\/png\" \/>\n<meta name=\"twitter:card\" content=\"summary_large_image\" \/>\n<meta name=\"twitter:label1\" content=\"Est. reading time\" \/>\n\t<meta name=\"twitter:data1\" content=\"2 minutes\" \/>\n<script type=\"application\/ld+json\" class=\"yoast-schema-graph\">{\"@context\":\"https:\\\/\\\/schema.org\",\"@graph\":[{\"@type\":\"WebPage\",\"@id\":\"https:\\\/\\\/shanabooks.de\\\/product\\\/sikeften-haydrahodahose-selim-berekat\\\/\",\"url\":\"https:\\\/\\\/shanabooks.de\\\/product\\\/sikeften-haydrahodahose-selim-berekat\\\/\",\"name\":\"\u015eikeft\u00ean Haydrahodahos\u00ea - Sel\u00eem Berekat - www.shanabooks.de\",\"isPartOf\":{\"@id\":\"https:\\\/\\\/shanabooks.de\\\/#website\"},\"primaryImageOfPage\":{\"@id\":\"https:\\\/\\\/shanabooks.de\\\/product\\\/sikeften-haydrahodahose-selim-berekat\\\/#primaryimage\"},\"image\":{\"@id\":\"https:\\\/\\\/shanabooks.de\\\/product\\\/sikeften-haydrahodahose-selim-berekat\\\/#primaryimage\"},\"thumbnailUrl\":\"https:\\\/\\\/shanabooks.de\\\/wp-content\\\/uploads\\\/2024\\\/03\\\/sikeften-Haydrahodahose.png\",\"datePublished\":\"2024-03-03T19:40:28+00:00\",\"dateModified\":\"2024-04-03T21:58:44+00:00\",\"description\":\"\u015eikeft\u00ean Haydrahodahos\u00ea - Sel\u00eem Berekat \u015eikeft\u00ean Haydrahodahos\u00ea, romana Sel\u00eem Berekat\u00ea (1951, Am\u00fbd\u00ea, Rojavay\u00ea Kurdistan\u00ea) romann\u00fbs \u00fb helbestkar\u00ea Kurd \u00ea ...\",\"breadcrumb\":{\"@id\":\"https:\\\/\\\/shanabooks.de\\\/product\\\/sikeften-haydrahodahose-selim-berekat\\\/#breadcrumb\"},\"inLanguage\":\"kur\",\"potentialAction\":[{\"@type\":\"ReadAction\",\"target\":[\"https:\\\/\\\/shanabooks.de\\\/product\\\/sikeften-haydrahodahose-selim-berekat\\\/\"]}]},{\"@type\":\"ImageObject\",\"inLanguage\":\"kur\",\"@id\":\"https:\\\/\\\/shanabooks.de\\\/product\\\/sikeften-haydrahodahose-selim-berekat\\\/#primaryimage\",\"url\":\"https:\\\/\\\/shanabooks.de\\\/wp-content\\\/uploads\\\/2024\\\/03\\\/sikeften-Haydrahodahose.png\",\"contentUrl\":\"https:\\\/\\\/shanabooks.de\\\/wp-content\\\/uploads\\\/2024\\\/03\\\/sikeften-Haydrahodahose.png\",\"width\":334,\"height\":475,\"caption\":\"\u015eikeft\u00ean Haydrahodahos\u00ea - Sel\u00eem Berekat - pirt\u00fbk\u00ean kurd\u00ee - roman\"},{\"@type\":\"BreadcrumbList\",\"@id\":\"https:\\\/\\\/shanabooks.de\\\/product\\\/sikeften-haydrahodahose-selim-berekat\\\/#breadcrumb\",\"itemListElement\":[{\"@type\":\"ListItem\",\"position\":1,\"name\":\"\u0627\u0644\u0631\u0626\u064a\u0633\u064a\u0629\",\"item\":\"https:\\\/\\\/shanabooks.de\\\/kur\\\/\"},{\"@type\":\"ListItem\",\"position\":2,\"name\":\"\u0627\u0644\u0645\u0646\u062a\u062c\u0627\u062a\",\"item\":\"https:\\\/\\\/shanabooks.de\\\/shop\\\/\"},{\"@type\":\"ListItem\",\"position\":3,\"name\":\"\u015eikeft\u00ean Haydrahodahos\u00ea\"}]},{\"@type\":\"WebSite\",\"@id\":\"https:\\\/\\\/shanabooks.de\\\/#website\",\"url\":\"https:\\\/\\\/shanabooks.de\\\/\",\"name\":\"www.shanbooks.de\",\"description\":\"C\u00eehana Pirt\u00fbk\u00ean Kurd\u00ee \u0645\u0643\u062a\u0628\u0629 \u0634\u0627\u0646\u0627 \u0641\u064a \u0627\u0644\u0645\u0627\u0646\u064a\u0627 \u0648\u0623\u0648\u0631\u0628\u0627\",\"publisher\":{\"@id\":\"https:\\\/\\\/shanabooks.de\\\/#organization\"},\"potentialAction\":[{\"@type\":\"SearchAction\",\"target\":{\"@type\":\"EntryPoint\",\"urlTemplate\":\"https:\\\/\\\/shanabooks.de\\\/?s={search_term_string}\"},\"query-input\":{\"@type\":\"PropertyValueSpecification\",\"valueRequired\":true,\"valueName\":\"search_term_string\"}}],\"inLanguage\":\"kur\"},{\"@type\":\"Organization\",\"@id\":\"https:\\\/\\\/shanabooks.de\\\/#organization\",\"name\":\"www.shanbooks.de\",\"url\":\"https:\\\/\\\/shanabooks.de\\\/\",\"logo\":{\"@type\":\"ImageObject\",\"inLanguage\":\"kur\",\"@id\":\"https:\\\/\\\/shanabooks.de\\\/#\\\/schema\\\/logo\\\/image\\\/\",\"url\":\"https:\\\/\\\/shanabooks.de\\\/wp-content\\\/uploads\\\/2024\\\/03\\\/SHANABOOKS__2_-removebg-preview.png\",\"contentUrl\":\"https:\\\/\\\/shanabooks.de\\\/wp-content\\\/uploads\\\/2024\\\/03\\\/SHANABOOKS__2_-removebg-preview.png\",\"width\":700,\"height\":150,\"caption\":\"www.shanbooks.de\"},\"image\":{\"@id\":\"https:\\\/\\\/shanabooks.de\\\/#\\\/schema\\\/logo\\\/image\\\/\"}}]}<\/script>\n<!-- \/ Yoast SEO plugin. -->","yoast_head_json":{"title":"\u015eikeft\u00ean Haydrahodahos\u00ea - Sel\u00eem Berekat - www.shanabooks.de","description":"\u015eikeft\u00ean Haydrahodahos\u00ea - Sel\u00eem Berekat \u015eikeft\u00ean Haydrahodahos\u00ea, romana Sel\u00eem Berekat\u00ea (1951, Am\u00fbd\u00ea, Rojavay\u00ea Kurdistan\u00ea) romann\u00fbs \u00fb helbestkar\u00ea Kurd \u00ea ...","robots":{"index":"index","follow":"follow","max-snippet":"max-snippet:-1","max-image-preview":"max-image-preview:large","max-video-preview":"max-video-preview:-1"},"canonical":"https:\/\/shanabooks.de\/product\/sikeften-haydrahodahose-selim-berekat\/","og_locale":"en_US","og_type":"article","og_title":"\u015eikeft\u00ean Haydrahodahos\u00ea - Sel\u00eem Berekat - www.shanabooks.de","og_description":"\u015eikeft\u00ean Haydrahodahos\u00ea - Sel\u00eem Berekat \u015eikeft\u00ean Haydrahodahos\u00ea, romana Sel\u00eem Berekat\u00ea (1951, Am\u00fbd\u00ea, Rojavay\u00ea Kurdistan\u00ea) romann\u00fbs \u00fb helbestkar\u00ea Kurd \u00ea ...","og_url":"https:\/\/shanabooks.de\/product\/sikeften-haydrahodahose-selim-berekat\/","og_site_name":"www.shanabooks.de","article_modified_time":"2024-04-03T21:58:44+00:00","og_image":[{"width":334,"height":475,"url":"https:\/\/shanabooks.de\/wp-content\/uploads\/2024\/03\/sikeften-Haydrahodahose.png","type":"image\/png"}],"twitter_card":"summary_large_image","twitter_misc":{"Est. reading time":"2 minutes"},"schema":{"@context":"https:\/\/schema.org","@graph":[{"@type":"WebPage","@id":"https:\/\/shanabooks.de\/product\/sikeften-haydrahodahose-selim-berekat\/","url":"https:\/\/shanabooks.de\/product\/sikeften-haydrahodahose-selim-berekat\/","name":"\u015eikeft\u00ean Haydrahodahos\u00ea - Sel\u00eem Berekat - www.shanabooks.de","isPartOf":{"@id":"https:\/\/shanabooks.de\/#website"},"primaryImageOfPage":{"@id":"https:\/\/shanabooks.de\/product\/sikeften-haydrahodahose-selim-berekat\/#primaryimage"},"image":{"@id":"https:\/\/shanabooks.de\/product\/sikeften-haydrahodahose-selim-berekat\/#primaryimage"},"thumbnailUrl":"https:\/\/shanabooks.de\/wp-content\/uploads\/2024\/03\/sikeften-Haydrahodahose.png","datePublished":"2024-03-03T19:40:28+00:00","dateModified":"2024-04-03T21:58:44+00:00","description":"\u015eikeft\u00ean Haydrahodahos\u00ea - Sel\u00eem Berekat \u015eikeft\u00ean Haydrahodahos\u00ea, romana Sel\u00eem Berekat\u00ea (1951, Am\u00fbd\u00ea, Rojavay\u00ea Kurdistan\u00ea) romann\u00fbs \u00fb helbestkar\u00ea Kurd \u00ea ...","breadcrumb":{"@id":"https:\/\/shanabooks.de\/product\/sikeften-haydrahodahose-selim-berekat\/#breadcrumb"},"inLanguage":"kur","potentialAction":[{"@type":"ReadAction","target":["https:\/\/shanabooks.de\/product\/sikeften-haydrahodahose-selim-berekat\/"]}]},{"@type":"ImageObject","inLanguage":"kur","@id":"https:\/\/shanabooks.de\/product\/sikeften-haydrahodahose-selim-berekat\/#primaryimage","url":"https:\/\/shanabooks.de\/wp-content\/uploads\/2024\/03\/sikeften-Haydrahodahose.png","contentUrl":"https:\/\/shanabooks.de\/wp-content\/uploads\/2024\/03\/sikeften-Haydrahodahose.png","width":334,"height":475,"caption":"\u015eikeft\u00ean Haydrahodahos\u00ea - Sel\u00eem Berekat - pirt\u00fbk\u00ean kurd\u00ee - roman"},{"@type":"BreadcrumbList","@id":"https:\/\/shanabooks.de\/product\/sikeften-haydrahodahose-selim-berekat\/#breadcrumb","itemListElement":[{"@type":"ListItem","position":1,"name":"\u0627\u0644\u0631\u0626\u064a\u0633\u064a\u0629","item":"https:\/\/shanabooks.de\/kur\/"},{"@type":"ListItem","position":2,"name":"\u0627\u0644\u0645\u0646\u062a\u062c\u0627\u062a","item":"https:\/\/shanabooks.de\/shop\/"},{"@type":"ListItem","position":3,"name":"\u015eikeft\u00ean Haydrahodahos\u00ea"}]},{"@type":"WebSite","@id":"https:\/\/shanabooks.de\/#website","url":"https:\/\/shanabooks.de\/","name":"www.shanbooks.de","description":"C\u00eehana Pirt\u00fbk\u00ean Kurd\u00ee \u0645\u0643\u062a\u0628\u0629 \u0634\u0627\u0646\u0627 \u0641\u064a \u0627\u0644\u0645\u0627\u0646\u064a\u0627 \u0648\u0623\u0648\u0631\u0628\u0627","publisher":{"@id":"https:\/\/shanabooks.de\/#organization"},"potentialAction":[{"@type":"SearchAction","target":{"@type":"EntryPoint","urlTemplate":"https:\/\/shanabooks.de\/?s={search_term_string}"},"query-input":{"@type":"PropertyValueSpecification","valueRequired":true,"valueName":"search_term_string"}}],"inLanguage":"kur"},{"@type":"Organization","@id":"https:\/\/shanabooks.de\/#organization","name":"www.shanbooks.de","url":"https:\/\/shanabooks.de\/","logo":{"@type":"ImageObject","inLanguage":"kur","@id":"https:\/\/shanabooks.de\/#\/schema\/logo\/image\/","url":"https:\/\/shanabooks.de\/wp-content\/uploads\/2024\/03\/SHANABOOKS__2_-removebg-preview.png","contentUrl":"https:\/\/shanabooks.de\/wp-content\/uploads\/2024\/03\/SHANABOOKS__2_-removebg-preview.png","width":700,"height":150,"caption":"www.shanbooks.de"},"image":{"@id":"https:\/\/shanabooks.de\/#\/schema\/logo\/image\/"}}]}},"jetpack_sharing_enabled":true,"_links":{"self":[{"href":"https:\/\/shanabooks.de\/kur\/wp-json\/wp\/v2\/product\/12084","targetHints":{"allow":["GET"]}}],"collection":[{"href":"https:\/\/shanabooks.de\/kur\/wp-json\/wp\/v2\/product"}],"about":[{"href":"https:\/\/shanabooks.de\/kur\/wp-json\/wp\/v2\/types\/product"}],"version-history":[{"count":3,"href":"https:\/\/shanabooks.de\/kur\/wp-json\/wp\/v2\/product\/12084\/revisions"}],"predecessor-version":[{"id":22840,"href":"https:\/\/shanabooks.de\/kur\/wp-json\/wp\/v2\/product\/12084\/revisions\/22840"}],"wp:featuredmedia":[{"embeddable":true,"href":"https:\/\/shanabooks.de\/kur\/wp-json\/wp\/v2\/media\/12169"}],"wp:attachment":[{"href":"https:\/\/shanabooks.de\/kur\/wp-json\/wp\/v2\/media?parent=12084"}],"wp:term":[{"taxonomy":"product_brand","embeddable":true,"href":"https:\/\/shanabooks.de\/kur\/wp-json\/wp\/v2\/product_brand?post=12084"},{"taxonomy":"product_cat","embeddable":true,"href":"https:\/\/shanabooks.de\/kur\/wp-json\/wp\/v2\/product_cat?post=12084"},{"taxonomy":"product_tag","embeddable":true,"href":"https:\/\/shanabooks.de\/kur\/wp-json\/wp\/v2\/product_tag?post=12084"}],"curies":[{"name":"wp","href":"https:\/\/api.w.org\/{rel}","templated":true}]}}